{"id":128,"date":"2018-10-25T06:51:15","date_gmt":"2018-10-24T22:51:15","guid":{"rendered":"http:\/\/www.meatprocessingmachine.org\/?p=128"},"modified":"2026-02-12T16:41:13","modified_gmt":"2026-02-12T08:41:13","slug":"sausage-binding-tying-machine","status":"publish","type":"product","link":"https:\/\/www.meatprocessingmachine.org\/nn\/sausage-binding-tying-machine.html","title":{"rendered":"P\u00f8lsebindetr\u00e5dmaskin"},"content":{"rendered":"<div class=\"kk-star-ratings kksr-auto kksr-align-right kksr-valign-top\"     data-payload='{&quot;align&quot;:&quot;right&quot;,&quot;id&quot;:&quot;128&quot;,&quot;slug&quot;:&quot;default&quot;,&quot;valign&quot;:&quot;top&quot;,&quot;ignore&quot;:&quot;&quot;,&quot;reference&quot;:&quot;auto&quot;,&quot;class&quot;:&quot;&quot;,&quot;count&quot;:&quot;0&quot;,&quot;legendonly&quot;:&quot;&quot;,&quot;readonly&quot;:&quot;&quot;,&quot;score&quot;:&quot;0&quot;,&quot;starsonly&quot;:&quot;&quot;,&quot;best&quot;:&quot;5&quot;,&quot;gap&quot;:&quot;5&quot;,&quot;greet&quot;:&quot;Rate this product&quot;,&quot;legend&quot;:&quot;0\\\/5 - (0 votes)&quot;,&quot;size&quot;:&quot;24&quot;,&quot;title&quot;:&quot;Sausage Binding Wire Machine&quot;,&quot;width&quot;:&quot;0&quot;,&quot;_legend&quot;:&quot;{score}\\\/{best} - ({count} {votes})&quot;,&quot;font_factor&quot;:&quot;1.25&quot;}'>              <div class=\"kksr-stars\">      <div class=\"kksr-stars-inactive\">             <div class=\"kksr-star\" data-star=\"1\" style=\"padding-right: 5px\">               <div class=\"kksr-icon\" style=\"width: 24px; height: 24px;\"><\/div>         <\/div>             <div class=\"kksr-star\" data-star=\"2\" style=\"padding-right: 5px\">               <div class=\"kksr-icon\" style=\"width: 24px; height: 24px;\"><\/div>         <\/div>             <div class=\"kksr-star\" data-star=\"3\" style=\"padding-right: 5px\">               <div class=\"kksr-icon\" style=\"width: 24px; height: 24px;\"><\/div>         <\/div>             <div class=\"kksr-star\" data-star=\"4\" style=\"padding-right: 5px\">               <div class=\"kksr-icon\" style=\"width: 24px; height: 24px;\"><\/div>         <\/div>             <div class=\"kksr-star\" data-star=\"5\" style=\"padding-right: 5px\">               <div class=\"kksr-icon\" style=\"width: 24px; height: 24px;\"><\/div>         <\/div>     <\/div>      <div class=\"kksr-stars-active\" style=\"width: 0px;\">             <div class=\"kksr-star\" style=\"padding-right: 5px\">               <div class=\"kksr-icon\" style=\"width: 24px; height: 24px;\"><\/div>         <\/div>             <div class=\"kksr-star\" style=\"padding-right: 5px\">               <div class=\"kksr-icon\" style=\"width: 24px; height: 24px;\"><\/div>         <\/div>             <div class=\"kksr-star\" style=\"padding-right: 5px\">               <div class=\"kksr-icon\" style=\"width: 24px; height: 24px;\"><\/div>         <\/div>             <div class=\"kksr-star\" style=\"padding-right: 5px\">               <div class=\"kksr-icon\" style=\"width: 24px; height: 24px;\"><\/div>         <\/div>             <div class=\"kksr-star\" style=\"padding-right: 5px\">               <div class=\"kksr-icon\" style=\"width: 24px; height: 24px;\"><\/div>         <\/div>     <\/div> <\/div>                   <div class=\"kksr-legend\" style=\"font-size: 19.2px;\">             <span class=\"kksr-muted\">Vurder dette produktet<\/span>     <\/div>     <\/div>  <p class=\"translation-block\"><span class=\"transSent\" data-group=\"0-0\">Taizy p\u00f8lsebindingstr\u00e5dmaskin brukes til kvantifisering og segmentering av tarmprodukter.<\/span> <span class=\"transSent\" data-group=\"0-0\">Det finnes automatiske og halvautomatiske i v\u00e5rt selskap. Brukere kan velge passende utstyr basert p\u00e5 produksjonsuniformitet og skall.<\/span> Dette er en n\u00f8dvendig maskin i <a href=\"https:\/\/www.meatprocessingmachine.org\/nn\/sausage-production-line-for-sausage-making.html\/\">p\u00f8lseproduksjonslinjen<\/a>.<\/p>    <h2 class=\"wp-block-heading\" id=\"h-introduction-of-the-sausage-binding-wire-machine\">Introduksjon av p\u00f8lsebindingsmaskin<\/h2>    <ol class=\"wp-block-list\"> <li>P\u00f8lsebindingsmaskinens konstruksjon er laget av rustfritt st\u00e5l. Dens struktur er kompakt, og den er enkel \u00e5 bruke, praktisk og vakker. Det er ideell utstyr for <a href=\"https:\/\/en.wikipedia.org\/wiki\/Sausage\" target=\"_blank\" rel=\"noopener\">p\u00f8lse r\u00f8yking<\/a>og tarm.<\/li>    <li>P\u00f8lsebindingsmaskin bruker en avansert importert servomotor og det nye firma-eide menneske-maskin grensesnittkontrollsystem, som har fordeler som h\u00f8y effektivitet, enkel kontroll og sparer produksjonsmaterialer.<\/li>    <li>Lengden og diameteren p\u00e5 produktet kan settes i henhold til kundens krav.<\/li> <\/ol>    <figure class=\"wp-block-image size-full is-resized\"><img loading=\"lazy\" decoding=\"async\" width=\"800\" height=\"800\" src=\"https:\/\/www.meatprocessingmachine.org\/wp-content\/uploads\/2020\/06\/sausage-binding-wire-machine-1.jpg\" alt=\"P\u00f8lsebindingsmaskin\" class=\"wp-image-534\" style=\"object-fit:cover;width:720px;height:540px\" title=\"\" srcset=\"https:\/\/www.meatprocessingmachine.org\/wp-content\/uploads\/2020\/06\/sausage-binding-wire-machine-1.jpg 800w, https:\/\/www.meatprocessingmachine.org\/wp-content\/uploads\/2020\/06\/sausage-binding-wire-machine-1-300x300.jpg 300w, https:\/\/www.meatprocessingmachine.org\/wp-content\/uploads\/2020\/06\/sausage-binding-wire-machine-1-150x150.jpg 150w, https:\/\/www.meatprocessingmachine.org\/wp-content\/uploads\/2020\/06\/sausage-binding-wire-machine-1-768x768.jpg 768w\" sizes=\"auto, (max-width: 800px) 100vw, 800px\" \/><figcaption class=\"wp-element-caption\">P\u00f8lsebindetr\u00e5dmaskin<\/figcaption><\/figure>    <h2 class=\"wp-block-heading\" id=\"h-advantages-of-the-sausage-binding-wire-machine\">Fordelene med p\u00f8lsebindingsmaskinen<\/h2>    <ol class=\"wp-block-list\"> <li>Arbeidsmengden til arbeiderne reduseres. operat\u00f8ren trenger bare \u00e5 sette fylletarm i f\u00f4ringsporten til maskinen, og maskinen vil automatisk fullf\u00f8re f\u00f4ring og binding av p\u00f8lsa.<\/li>    <li>Forbedret produksjonseffektivitet for p\u00f8lse, som kan settes vilk\u00e5rlig i henhold til kundekrav.<\/li>    <li>Det er rent og milj\u00f8vennlig fordi utstyret hovedsakelig er laget av rustfritt st\u00e5l som er egnet for mat. P\u00f8lsen kommer ikke i kontakt med andre metaller under produksjonsprosessen.<\/li>    <li>Maskinen er enkel \u00e5 betjene. Etter \u00e5 ha angitt lengde og hastighet, kan maskinen fullf\u00f8re alt arbeidet automatisk og effektivt<\/li>    <li>Derfor er p\u00f8lseprosessen mer i tr\u00e5d med stadig strengere hygienekrav fra folk.<\/li> <\/ol>    <figure class=\"wp-block-image size-full is-resized\"><img loading=\"lazy\" decoding=\"async\" width=\"750\" height=\"750\" src=\"https:\/\/www.meatprocessingmachine.org\/wp-content\/uploads\/2018\/10\/sausage1.jpg\" alt=\"p\u00f8lsebindingsmaskin\" class=\"wp-image-147\" style=\"object-fit:cover;width:720px;height:540px\" title=\"\" srcset=\"https:\/\/www.meatprocessingmachine.org\/wp-content\/uploads\/2018\/10\/sausage1.jpg 750w, https:\/\/www.meatprocessingmachine.org\/wp-content\/uploads\/2018\/10\/sausage1-150x150.jpg 150w, https:\/\/www.meatprocessingmachine.org\/wp-content\/uploads\/2018\/10\/sausage1-300x300.jpg 300w\" sizes=\"auto, (max-width: 750px) 100vw, 750px\" \/><figcaption class=\"wp-element-caption\">P\u00f8lsebindingsmaskin<\/figcaption><\/figure>    <h2 class=\"wp-block-heading\" id=\"h-technical-parameter-of-sausage-binding-wire-machine\">Teknisk parameter for p\u00f8lsebindingsmaskin<\/h2>    <figure class=\"wp-block-table\"><table><tbody><tr><td><strong>Modell<\/strong><\/td><td><strong>TZ-100<\/strong><\/td><td><strong>TZ-200<\/strong><\/td><\/tr><tr><td><strong>Operasjon<\/strong><\/td><td><strong>Halvautomatisk<\/strong><\/td><td><strong>Fullautomatisk<\/strong><\/td><\/tr><tr><td><strong>Passende p\u00f8lse diameter<\/strong><\/td><td><strong>9~35mm<\/strong><\/td><td><strong>9~30mm<\/strong><\/td><\/tr><tr><td><strong>P\u00f8slens kroppslengde<\/strong><\/td><td><strong>30~300mm<\/strong><\/td><td><strong>Justerbar<\/strong><\/td><\/tr><tr><td><strong>Kapastitet<\/strong><\/td><td><strong>10~100stk\/min<\/strong><\/td><td><strong>3600 stk\/t<\/strong><\/td><\/tr><tr><td><strong>Dimensjon<\/strong><\/td><td><strong>1100*500*900mm<\/strong><\/td><td><strong>1080*620*1125mm<\/strong><\/td><\/tr><tr><td><strong>Vekt<\/strong><\/td><td><strong>100kg<\/strong><\/td><td><strong>100kg<\/strong><\/td><\/tr><\/tbody><\/table><figcaption class=\"wp-element-caption\">p\u00f8lsebindingsmaskin<\/figcaption><\/figure>    <p>Proteinkapsler er egnet for fullautomatisk knuting. Dyrekapsler er mer egnet for semi-automatisk knuting. Hvis du vil vite mer om maskinen, vennligst ta kontakt.<\/p>","protected":false},"excerpt":{"rendered":"<p>Taizy kj\u00f8ttbearbeidingsmaskineri <\/p>","protected":false},"author":1,"featured_media":148,"parent":0,"template":"","product-type":[598],"class_list":["post-128","product","type-product","status-publish","has-post-thumbnail","hentry","product-type-supporting-auxiliary-equipment"],"_links":{"self":[{"href":"https:\/\/www.meatprocessingmachine.org\/nn\/wp-json\/wp\/v2\/product\/128","targetHints":{"allow":["GET"]}}],"collection":[{"href":"https:\/\/www.meatprocessingmachine.org\/nn\/wp-json\/wp\/v2\/product"}],"about":[{"href":"https:\/\/www.meatprocessingmachine.org\/nn\/wp-json\/wp\/v2\/types\/product"}],"author":[{"embeddable":true,"href":"https:\/\/www.meatprocessingmachine.org\/nn\/wp-json\/wp\/v2\/users\/1"}],"wp:featuredmedia":[{"embeddable":true,"href":"https:\/\/www.meatprocessingmachine.org\/nn\/wp-json\/wp\/v2\/media\/148"}],"wp:attachment":[{"href":"https:\/\/www.meatprocessingmachine.org\/nn\/wp-json\/wp\/v2\/media?parent=128"}],"wp:term":[{"taxonomy":"product-type","embeddable":true,"href":"https:\/\/www.meatprocessingmachine.org\/nn\/wp-json\/wp\/v2\/product-type?post=128"}],"curies":[{"name":"wp","href":"https:\/\/api.w.org\/{rel}","templated":true}]}}