{"id":1291,"date":"2021-05-28T18:15:06","date_gmt":"2021-05-28T10:15:06","guid":{"rendered":"https:\/\/www.meatprocessingmachine.org\/?p=1291"},"modified":"2026-02-12T16:05:54","modified_gmt":"2026-02-12T08:05:54","slug":"chicken-breast-slicer-machine","status":"publish","type":"product","link":"https:\/\/www.meatprocessingmachine.org\/nn\/chicken-breast-slicer-machine.html","title":{"rendered":"Kyllingbrystskivermaskin for kj\u00f8ttskiver\/strimler"},"content":{"rendered":"<div class=\"kk-star-ratings kksr-auto kksr-align-right kksr-valign-top\"     data-payload='{&quot;align&quot;:&quot;right&quot;,&quot;id&quot;:&quot;1291&quot;,&quot;slug&quot;:&quot;default&quot;,&quot;valign&quot;:&quot;top&quot;,&quot;ignore&quot;:&quot;&quot;,&quot;reference&quot;:&quot;auto&quot;,&quot;class&quot;:&quot;&quot;,&quot;count&quot;:&quot;0&quot;,&quot;legendonly&quot;:&quot;&quot;,&quot;readonly&quot;:&quot;&quot;,&quot;score&quot;:&quot;0&quot;,&quot;starsonly&quot;:&quot;&quot;,&quot;best&quot;:&quot;5&quot;,&quot;gap&quot;:&quot;5&quot;,&quot;greet&quot;:&quot;Rate this product&quot;,&quot;legend&quot;:&quot;0\\\/5 - (0 votes)&quot;,&quot;size&quot;:&quot;24&quot;,&quot;title&quot;:&quot;Chicken breast slicer machine for meat slices\\\/strips&quot;,&quot;width&quot;:&quot;0&quot;,&quot;_legend&quot;:&quot;{score}\\\/{best} - ({count} {votes})&quot;,&quot;font_factor&quot;:&quot;1.25&quot;}'>              <div class=\"kksr-stars\">      <div class=\"kksr-stars-inactive\">             <div class=\"kksr-star\" data-star=\"1\" style=\"padding-right: 5px\">               <div class=\"kksr-icon\" style=\"width: 24px; height: 24px;\"><\/div>         <\/div>             <div class=\"kksr-star\" data-star=\"2\" style=\"padding-right: 5px\">               <div class=\"kksr-icon\" style=\"width: 24px; height: 24px;\"><\/div>         <\/div>             <div class=\"kksr-star\" data-star=\"3\" style=\"padding-right: 5px\">               <div class=\"kksr-icon\" style=\"width: 24px; height: 24px;\"><\/div>         <\/div>             <div class=\"kksr-star\" data-star=\"4\" style=\"padding-right: 5px\">               <div class=\"kksr-icon\" style=\"width: 24px; height: 24px;\"><\/div>         <\/div>             <div class=\"kksr-star\" data-star=\"5\" style=\"padding-right: 5px\">               <div class=\"kksr-icon\" style=\"width: 24px; height: 24px;\"><\/div>         <\/div>     <\/div>      <div class=\"kksr-stars-active\" style=\"width: 0px;\">             <div class=\"kksr-star\" style=\"padding-right: 5px\">               <div class=\"kksr-icon\" style=\"width: 24px; height: 24px;\"><\/div>         <\/div>             <div class=\"kksr-star\" style=\"padding-right: 5px\">               <div class=\"kksr-icon\" style=\"width: 24px; height: 24px;\"><\/div>         <\/div>             <div class=\"kksr-star\" style=\"padding-right: 5px\">               <div class=\"kksr-icon\" style=\"width: 24px; height: 24px;\"><\/div>         <\/div>             <div class=\"kksr-star\" style=\"padding-right: 5px\">               <div class=\"kksr-icon\" style=\"width: 24px; height: 24px;\"><\/div>         <\/div>             <div class=\"kksr-star\" style=\"padding-right: 5px\">               <div class=\"kksr-icon\" style=\"width: 24px; height: 24px;\"><\/div>         <\/div>     <\/div> <\/div>                   <div class=\"kksr-legend\" style=\"font-size: 19.2px;\">             <span class=\"kksr-muted\">Vurder dette produktet<\/span>     <\/div>     <\/div>  <p>Kyllingbrystskj\u00e6rermaskinen\u00a0kan behandle kj\u00f8tt til skiver, og kj\u00f8ttskj\u00e6ringsmaskiner for kj\u00f8ttstriper behandler kj\u00f8tt til striper. R\u00e5varene kan v\u00e6re kyllingbryst, storfekj\u00f8tt, svin, osv. Kj\u00f8ttskj\u00e6ringsmaskiner kan behandle et bredt spekter av kj\u00f8tt, noe som er egnet for de fleste benfrie kj\u00f8tt. <\/p>    <p>Kj\u00f8ttskj\u00e6rermaskinen bruker en flat skj\u00e6reprosess under behandling for \u00e5 n\u00f8yaktig kontrollere st\u00f8rrelse og tykkelse. Tykkelsen p\u00e5 kj\u00f8ttskivene kan tilpasses. Den er egnet for matvarefabrikker, restaurantkj\u00f8kken og store kantiner.<\/p>    <figure class=\"wp-block-image size-large\"><img loading=\"lazy\" decoding=\"async\" width=\"720\" height=\"540\" src=\"https:\/\/www.meatprocessingmachine.org\/wp-content\/uploads\/2021\/05\/2-1.jpg\" alt=\"Frossen kj\u00f8ttskj\u00e6rer | Frossen kj\u00f8ttskj\u00e6rer\" class=\"wp-image-1296\" title=\"\" srcset=\"https:\/\/www.meatprocessingmachine.org\/wp-content\/uploads\/2021\/05\/2-1.jpg 720w, https:\/\/www.meatprocessingmachine.org\/wp-content\/uploads\/2021\/05\/2-1-300x225.jpg 300w\" sizes=\"auto, (max-width: 720px) 100vw, 720px\" \/><figcaption class=\"wp-element-caption\">Skivet Kyllingbryst<\/figcaption><\/figure>    <h2 class=\"wp-block-heading\" id=\"h-type-of-meat-cutting-machinery-for-meat-slices-strips\">Video av kj\u00f8ttskj\u00e6ringsmaskiner for kj\u00f8ttskiver\/striper<\/h2>    <figure class=\"wp-block-embed is-type-video is-provider-youtube wp-block-embed-youtube\"><div class=\"wp-block-embed__wrapper\"> <iframe loading=\"lazy\" title=\"kyllingbrystskj\u00e6rermaskin\/Kj\u00f8ttskj\u00e6ringsmaskin for kj\u00f8ttskiver\/striper\" width=\"500\" height=\"281\" src=\"https:\/\/www.youtube.com\/embed\/2jjreRlvCKM?start=19&#038;feature=oembed\" frameborder=\"0\" allow=\"accelerometer; autoplay; clipboard-write; encrypted-media; gyroscope; picture-in-picture; web-share\" referrerpolicy=\"strict-origin-when-cross-origin\" allowfullscreen><\/iframe> <\/div><\/figure>    <h2 class=\"wp-block-heading\" id=\"h-introduction-of-chicken-breast-slicer-machine\">Introduksjon av kyllingbrystskj\u00e6rermaskin<\/h2>    <p class=\"translation-block\"><strong>Kyllingbrystskj\u00e6rermaskinen\u00a0<\/strong>skj\u00e6rer kj\u00f8ttet direkte i skiver, som kyllingbrystskiver, biffskiver og svinekj\u00f8ttskiver. Kyllingbrystskj\u00e6rermaskinen\u00a0er en selvstendig maskin som kan fullf\u00f8re skj\u00e6rearbeidet alene. For \u00e5 bruke den, plasser kj\u00f8ttet p\u00e5 transportb\u00e5ndet og vent noen sekunder. Kyllingbrystskj\u00e6rermaskinen\u00a0kan skj\u00e6re ut kj\u00f8ttskiver med tykkelse 2-8mm, og kj\u00f8ttskj\u00e6rermaskinen kan n\u00f8yaktig kontrollere st\u00f8rrelsen og tykkelsen. <\/p>    <p class=\"translation-block\">I tillegg er tykkelsen p\u00e5 hver kj\u00f8ttskive den samme, <strong>kyllingbrystskj\u00e6rermaskinen<\/strong>\u00a0er langt mer effektiv enn manuelt, s\u00e5 maskinens fordel ved skj\u00e6ring er veldig tydelig. I tillegg er en annen fordel med skiveren at hastigheten kan justeres. Dette kan matche behandlingsflyten.<\/p>    <figure class=\"wp-block-image size-full is-resized\"><img loading=\"lazy\" decoding=\"async\" width=\"680\" height=\"480\" src=\"https:\/\/www.meatprocessingmachine.org\/wp-content\/uploads\/2021\/09\/breast-slicer-machine.jpg\" alt=\"brystskj\u00e6rermaskin\" class=\"wp-image-1993\" style=\"width:720px;height:540px\" title=\"\" srcset=\"https:\/\/www.meatprocessingmachine.org\/wp-content\/uploads\/2021\/09\/breast-slicer-machine.jpg 680w, https:\/\/www.meatprocessingmachine.org\/wp-content\/uploads\/2021\/09\/breast-slicer-machine-300x212.jpg 300w\" sizes=\"auto, (max-width: 680px) 100vw, 680px\" \/><figcaption class=\"wp-element-caption\"> <strong>brystskj\u00e6rermaskin<\/strong> <\/figcaption><\/figure>    <h2 class=\"wp-block-heading\">Parameter for kyllingfiletskjerermaskin<\/h2>    <figure class=\"wp-block-table\"><table><tbody><tr><td>Modell<\/td><td>KSQPJ-100<\/td><\/tr><tr><td>Effekt(kW)<\/td><td>1.65KW<\/td><\/tr><tr><td>Bredde<\/td><td>260mm<\/td><\/tr><tr><td>Transportb\u00e5ndhastighetsomr\u00e5de<\/td><td>3-15m\/min (Frekvens)<\/td><\/tr><tr><td>Spenning( v<strong>)<\/strong><\/td><td>380v<\/td><\/tr><tr><td>Maksimal produktbredde<\/td><td>80-120mm (justerbar)<\/td><\/tr><tr><td>Inngangs- og utgangsh\u00f8yde<\/td><td>30mm<\/td><\/tr><tr><td>Skj\u00e6retykkelse<\/td><td>4-40mm<\/td><\/tr><tr><td>Storleik<\/td><td>1800x820x1580mm<\/td><\/tr><\/tbody><\/table><figcaption class=\"wp-element-caption\">Kyllingbrystskj\u00e6rermaskin<\/figcaption><\/figure>    <p>Modell KSQPJ-100 har en effekt p\u00e5 1.65kw og en spenning p\u00e5 380v. Skj\u00e6retykkelsen kan justeres fra 4-40mm. Samtidig er hastigheten p\u00e5 transportb\u00e5ndet ogs\u00e5 justerbar (3-15m\/min). Hvis du vil vite mer om denne kyllingfiletskjereren, vennligst kontakt oss.<\/p>    <h2 class=\"wp-block-heading\" id=\"h-chicken-breast-slicer-machine-principle\">Kyllingbrystskj\u00e6rermaskinens arbeidsprinsipp<\/h2>    <p>The chicken breast slicer machine&nbsp;conveys the meat to the cutting place by the machine&#8217;s high-friction conveyor belt. The chicken breast slicer machine&nbsp;is composed of multiple horizontal sharp blades. The cut meat is sent out through the conveyor belt. <\/p>    <p>S\u00e5, kutting av kj\u00f8ttskiver. Tykkelsen bestemmes av avstanden mellom bladene. Denne avstanden kan tilpasses av fabrikken etter behov. Kan m\u00f8te de fleste behov. <\/p>    <p>Og transportb\u00e5ndets hastighet kan justeres, noe som er veldig intelligent. Dette er fordi n\u00e5r vi jobber i en annen seksjon, kan det v\u00e6re manuelt emballasje eller ferdige produkter. Deretter kan vi justere transportb\u00e5ndet i henhold til arbeidsfarten for \u00e5 oppn\u00e5 bedre. Dette er ogs\u00e5 et faktum at designeren tok hensyn til den faktiske arbeidsituasjonen under utformingen, og var oppmerksom.<\/p>    <figure class=\"wp-block-image size-large is-resized\"><img loading=\"lazy\" decoding=\"async\" width=\"720\" height=\"353\" src=\"https:\/\/www.meatprocessingmachine.org\/wp-content\/uploads\/2021\/05\/3.jpg\" alt=\"kyllingbrystskj\u00e6rermaskin\" class=\"wp-image-1298\" style=\"width:720px;height:540px\" title=\"\" srcset=\"https:\/\/www.meatprocessingmachine.org\/wp-content\/uploads\/2021\/05\/3.jpg 720w, https:\/\/www.meatprocessingmachine.org\/wp-content\/uploads\/2021\/05\/3-300x147.jpg 300w\" sizes=\"auto, (max-width: 720px) 100vw, 720px\" \/><figcaption><\/figcaption><\/figure>    <h2 class=\"wp-block-heading\" id=\"h-finished-product-effect-of-chicken-breast-slicer-machine\">Ferdig produkt av kyllingbrystskj\u00e6rermaskinen<\/h2>    <figure class=\"wp-block-image size-full is-resized\"><img loading=\"lazy\" decoding=\"async\" width=\"520\" height=\"390\" src=\"https:\/\/www.meatprocessingmachine.org\/wp-content\/uploads\/2021\/09\/chicken-breast-slicer-machine.png\" alt=\"kyllingbrystskj\u00e6rermaskin\" class=\"wp-image-1994\" style=\"width:720px;height:540px\" title=\"\" srcset=\"https:\/\/www.meatprocessingmachine.org\/wp-content\/uploads\/2021\/09\/chicken-breast-slicer-machine.png 520w, https:\/\/www.meatprocessingmachine.org\/wp-content\/uploads\/2021\/09\/chicken-breast-slicer-machine-300x225.png 300w\" sizes=\"auto, (max-width: 520px) 100vw, 520px\" \/><figcaption class=\"wp-element-caption\"> <strong>kyllingbrystskj\u00e6rermaskin<\/strong> <\/figcaption><\/figure>    <p>Kyllingbrystskj\u00e6rermaskinen\u00a0kan skj\u00e6re kj\u00f8tt i skiver p\u00e5 2-8mm. Denne tykkelsen kan forklares ved kj\u00f8p, slik at en bestemt bladst\u00f8rrelse kan tilpasses. Tykkelsen p\u00e5 de sk\u00e5rne kj\u00f8ttskivene er jevn, og overflaten er veldig glatt. Bladet er veldig skarpt, og vil ikke for\u00e5rsake skade p\u00e5 kj\u00f8ttet etter skj\u00e6ring, heller ikke tap, noe som virkelig oppn\u00e5r h\u00f8y effektivitet og h\u00f8yt utbytte.<\/p>    <h2 class=\"wp-block-heading\" id=\"h-meat-cutting-machinery-for-meat-strips-introduction\">Introduksjon av kj\u00f8ttskj\u00e6ringsmaskiner for kj\u00f8ttstriper<\/h2>    <p class=\"translation-block\">Den <strong>Kj\u00f8ttskj\u00e6ringsmaskin for kj\u00f8ttstriper<\/strong>\u00a0har to deler. F\u00f8rst skj\u00e6res det i skiver med en skiver, og deretter g\u00e5r det gjennom en skiver. Produktet er ulike kj\u00f8ttstriper. Skiveren skj\u00e6rer kj\u00f8ttet i skiver horisontalt og kutter vertikalt med den p\u00e5f\u00f8lgende maskinen i striper. Kyllingbrystskj\u00e6rermaskinen transporteres direkte via transportb\u00e5ndet, uten behov for arbeidskraft i prosessen fra ark til stripe. <\/p>    <figure class=\"wp-block-table\"><table><tbody><tr><td>Modell<\/td><td>KSQTJ-260<\/td><\/tr><tr><td>Effekt kW<\/td><td>0,75kw<\/td><\/tr><tr><td>bredde<\/td><td>260mm<\/td><\/tr><tr><td>Transportb\u00e5ndhastighetsomr\u00e5de<\/td><td>3-15m\/min (Frekvens)<\/td><\/tr><tr><td>Str\u00f8mforsyningsspenning v<\/td><td>380v\/50Hz<\/td><\/tr><tr><td>Storleik<\/td><td>2200x650x1450mm<\/td><\/tr><\/tbody><\/table><figcaption class=\"wp-element-caption\"> <strong>Kj\u00f8ttskj\u00e6ringsmaskiner for kj\u00f8ttstriper&nbsp;<\/strong> <\/figcaption><\/figure>    <p>Hele prosessen sparer tid og krefter og er effektiv og rask. Transportb\u00e5ndet har et spesielt stripe-design, som \u00f8ker friksjonen slik at kj\u00f8ttskj\u00e6ringsmaskinen for kj\u00f8ttstriper kan transporteres selv om det er relativt stort. Kj\u00f8ttet kan ogs\u00e5 transporteres jevnt. Tykkelsen p\u00e5 de sk\u00e5rne kj\u00f8ttstripene kan ogs\u00e5 justeres.<\/p>    <figure class=\"wp-block-image size-full is-resized\"><img loading=\"lazy\" decoding=\"async\" width=\"680\" height=\"480\" src=\"https:\/\/www.meatprocessingmachine.org\/wp-content\/uploads\/2021\/09\/Meat-Cutting-Machinery-for-Meat-Strips-.jpg\" alt=\"Kj\u00f8ttskj\u00e6ringsmaskiner for kj\u00f8ttstriper\u00a0\" class=\"wp-image-1995\" style=\"width:720px;height:540px\" title=\"\" srcset=\"https:\/\/www.meatprocessingmachine.org\/wp-content\/uploads\/2021\/09\/Meat-Cutting-Machinery-for-Meat-Strips-.jpg 680w, https:\/\/www.meatprocessingmachine.org\/wp-content\/uploads\/2021\/09\/Meat-Cutting-Machinery-for-Meat-Strips--300x212.jpg 300w\" sizes=\"auto, (max-width: 680px) 100vw, 680px\" \/><figcaption class=\"wp-element-caption\"> <strong>Kj\u00f8ttskj\u00e6ringsmaskiner for kj\u00f8ttstriper&nbsp;<\/strong> <\/figcaption><\/figure>    <h3 class=\"wp-block-heading\" id=\"h-cutting-principle-of-meat-cutting-machinery-for-meat-strips\">Skj\u00e6reprinsipp for kj\u00f8ttskj\u00e6ringsmaskiner for kj\u00f8ttstriper<\/h3>    <p>The slicer is composed of two parts. The first is a slicer. The meat to be cut is first cut into slices by the slicer. The slicer&#8217;s blade cuts the meat slices horizontally and then continues to be conveyed by the conveyor belt to the next machine. , The cutting process is carried out by the chicken breast cutting machine, and the next step is the vertical cutting of the sliced \u200b\u200bmeat by the cutting machine, which becomes a meat strip<\/p>    <h3 class=\"wp-block-heading\" id=\"h-features-of-the-machine\">Egenskaper ved kyllingbrystskj\u00e6rermaskinen<\/h3>    <ol class=\"wp-block-list\"> <li>Maskinen kan skj\u00e6re kyllingbryst horisontalt, tykkelsen p\u00e5 det kuttede snittet er n\u00f8yaktig, og overflaten er glatt.<\/li>    <li>Operasjonen er enkel og lett \u00e5 l\u00e6re, og produktspecifikasjonene kan justeres.<\/li>    <li>Kyllingbrystskj\u00e6rermaskinen er laget av st\u00e5l, som er trygt og p\u00e5litelig og ruster ikke ved rengj\u00f8ring.<\/li>    <li>Transportb\u00e5ndet bruker stripe-design for \u00e5 \u00f8ke friksjonen og transportere jevnt.<\/li>    <li>Kuttet produkt er jevnt og lett \u00e5 selge.<\/li> <\/ol>    <h2 class=\"wp-block-heading\" id=\"h-slicing-and-cutting-machine-is-easy-to-operate\">Hvordan bruke skj\u00e6rings- og kuttemaskinen?<\/h2>    <p>Maskinen har et kontrollpanel, som styrer bryteren til maskinen og hastigheten p\u00e5 transportb\u00e5ndet. N\u00e5r du skj\u00e6rer og kutter, m\u00e5 du manuelt legge r\u00e5varene p\u00e5 maskinen. Transportb\u00e5ndet sender kyllingbrystene ut. <\/p>    <p>Maskinen kj\u00f8rer veldig raskt og kan behandle produktene effektivt. Skivene p\u00e5 maskinen er laget av st\u00e5l, som oppfyller kravene til standard matmaskiner og produserer ferdige produkter trygt.<\/p>    <figure class=\"wp-block-image size-large\"><img loading=\"lazy\" decoding=\"async\" width=\"720\" height=\"540\" src=\"https:\/\/www.meatprocessingmachine.org\/wp-content\/uploads\/2021\/05\/\u672a\u6807\u9898-1.jpg\" alt=\"Kj\u00f8ttskj\u00e6ringsmaskiner for kj\u00f8ttstriper\" class=\"wp-image-1301\" title=\"\" srcset=\"https:\/\/www.meatprocessingmachine.org\/wp-content\/uploads\/2021\/05\/\u672a\u6807\u9898-1.jpg 720w, https:\/\/www.meatprocessingmachine.org\/wp-content\/uploads\/2021\/05\/\u672a\u6807\u9898-1-300x225.jpg 300w\" sizes=\"auto, (max-width: 720px) 100vw, 720px\" \/><figcaption><\/figcaption><\/figure>    <h2 class=\"wp-block-heading\" id=\"h-some-precautions-for-chicken-breast-slicer-machine\">Noen forholdsregler for kyllingbrystskj\u00e6rermaskinen<\/h2>    <ul class=\"wp-block-list\"> <li>N\u00e5r maskinen er i drift, er det strengt forbudt \u00e5 g\u00e5 dypt inn i maskinen<\/li>    <li>N\u00e5r maskinen er i drift, er det strengt forbudt \u00e5 g\u00e5 dypt inn i maskinen<\/li>    <li>V\u00e6r oppmerksom p\u00e5 vedlikehold og pleie av maskinen, som \u00e5 sm\u00f8re den med olje og rengj\u00f8re den etter bruk.<\/li>    <li>Frossen Kj\u00f8tt Dicing Maskin<\/li> <\/ul>    <figure class=\"wp-block-image size-large is-resized\"><img loading=\"lazy\" decoding=\"async\" width=\"1024\" height=\"1024\" src=\"https:\/\/www.meatprocessingmachine.org\/wp-content\/uploads\/2021\/09\/Meat-Cutting-Machinery-for-Meat-Strips-2-1024x1024.jpg\" alt=\"\" class=\"wp-image-1996\" style=\"width:720px;height:540px\" title=\"\" srcset=\"https:\/\/www.meatprocessingmachine.org\/wp-content\/uploads\/2021\/09\/Meat-Cutting-Machinery-for-Meat-Strips-2-1024x1024.jpg 1024w, https:\/\/www.meatprocessingmachine.org\/wp-content\/uploads\/2021\/09\/Meat-Cutting-Machinery-for-Meat-Strips-2-300x300.jpg 300w, https:\/\/www.meatprocessingmachine.org\/wp-content\/uploads\/2021\/09\/Meat-Cutting-Machinery-for-Meat-Strips-2-150x150.jpg 150w, https:\/\/www.meatprocessingmachine.org\/wp-content\/uploads\/2021\/09\/Meat-Cutting-Machinery-for-Meat-Strips-2-768x768.jpg 768w, https:\/\/www.meatprocessingmachine.org\/wp-content\/uploads\/2021\/09\/Meat-Cutting-Machinery-for-Meat-Strips-2.jpg 1080w\" sizes=\"auto, (max-width: 1024px) 100vw, 1024px\" \/><figcaption class=\"wp-element-caption\"> <strong>Kj\u00f8ttskj\u00e6ringsmaskiner for kj\u00f8ttstriper&nbsp;<\/strong> <\/figcaption><\/figure>    <h2 class=\"wp-block-heading\" id=\"h-related-machine-provision\">Relatert maskinforsyning<\/h2>    <p class=\"translation-block\">I den faktiske kj\u00f8ttbehandlings- og prosesseringsprosessen kan det bare v\u00e6re n\u00f8dvendig \u00e5 kutte den sauserte kj\u00f8ttet, og v\u00e5re maskiner er veldig allsidige. Vi kan ogs\u00e5 tilby<a href=\"https:\/\/www.meatprocessingmachine.org\/nn\/commercial-frozen-fresh-meat-dicing-machine.html\/\"> kommersielle frosne ferske kj\u00f8ttdicing-maskiner<\/a>, <a href=\"https:\/\/www.meatprocessingmachine.org\/nn\/bone-grinder-machine-meat-and-bone-grinder.html\/\">beinm\u00f8ller\/kj\u00f8ttkverner \/beinpasta-kverner<\/a>.<\/p>    <div class=\"wp-block-columns is-layout-flex wp-container-core-columns-is-layout-9d6595d7 wp-block-columns-is-layout-flex\"> <div class=\"wp-block-column is-layout-flow wp-block-column-is-layout-flow\"> <figure class=\"wp-block-image size-full\"><a href=\"https:\/\/www.meatprocessingmachine.org\/nn\/commercial-frozen-fresh-meat-dicing-machine.html\/\"><img loading=\"lazy\" decoding=\"async\" width=\"720\" height=\"540\" src=\"https:\/\/www.meatprocessingmachine.org\/wp-content\/uploads\/2022\/01\/beef-dicing-machine.png\" alt=\"frossen kj\u00f8ttkuttemaskin\" class=\"wp-image-32559\" title=\"\" srcset=\"https:\/\/www.meatprocessingmachine.org\/wp-content\/uploads\/2022\/01\/beef-dicing-machine.png 720w, https:\/\/www.meatprocessingmachine.org\/wp-content\/uploads\/2022\/01\/beef-dicing-machine-300x225.png 300w\" sizes=\"auto, (max-width: 720px) 100vw, 720px\" \/><\/a><figcaption class=\"wp-element-caption\">Frossen kj\u00f8ttterningmaskin<\/figcaption><\/figure> <\/div>    <div class=\"wp-block-column is-layout-flow wp-block-column-is-layout-flow\"> <figure class=\"wp-block-image size-full\"><a href=\"https:\/\/www.meatprocessingmachine.org\/nn\/bone-grinder-machine-meat-and-bone-grinder.html\/\"><img loading=\"lazy\" decoding=\"async\" width=\"720\" height=\"540\" src=\"https:\/\/www.meatprocessingmachine.org\/wp-content\/uploads\/2020\/11\/bone-grinder-machine.jpg\" alt=\"knokke-kvernemaskin\" class=\"wp-image-911\" title=\"\" srcset=\"https:\/\/www.meatprocessingmachine.org\/wp-content\/uploads\/2020\/11\/bone-grinder-machine.jpg 720w, https:\/\/www.meatprocessingmachine.org\/wp-content\/uploads\/2020\/11\/bone-grinder-machine-300x225.jpg 300w\" sizes=\"auto, (max-width: 720px) 100vw, 720px\" \/><\/a><figcaption class=\"wp-element-caption\">Beinm\u00f8lle<\/figcaption><\/figure> <\/div> <\/div>","protected":false},"excerpt":{"rendered":"<p>The chicken breast slicer machine can process meat into slices , Meat Cutting Machinery for Meat Strips process meat into strips .The raw materials can be chicken breast, beef, pork, etc. Meat slicer machine can process a wide range of meats, which is suitable for most boneless meats. The meat slicer machine uses a flat cutting process during processing to accurately grasp the size and thickness. <\/p>","protected":false},"author":1,"featured_media":1991,"parent":0,"template":"","product-type":[583],"class_list":["post-1291","product","type-product","status-publish","has-post-thumbnail","hentry","product-type-chicken-turkey"],"_links":{"self":[{"href":"https:\/\/www.meatprocessingmachine.org\/nn\/wp-json\/wp\/v2\/product\/1291","targetHints":{"allow":["GET"]}}],"collection":[{"href":"https:\/\/www.meatprocessingmachine.org\/nn\/wp-json\/wp\/v2\/product"}],"about":[{"href":"https:\/\/www.meatprocessingmachine.org\/nn\/wp-json\/wp\/v2\/types\/product"}],"author":[{"embeddable":true,"href":"https:\/\/www.meatprocessingmachine.org\/nn\/wp-json\/wp\/v2\/users\/1"}],"wp:featuredmedia":[{"embeddable":true,"href":"https:\/\/www.meatprocessingmachine.org\/nn\/wp-json\/wp\/v2\/media\/1991"}],"wp:attachment":[{"href":"https:\/\/www.meatprocessingmachine.org\/nn\/wp-json\/wp\/v2\/media?parent=1291"}],"wp:term":[{"taxonomy":"product-type","embeddable":true,"href":"https:\/\/www.meatprocessingmachine.org\/nn\/wp-json\/wp\/v2\/product-type?post=1291"}],"curies":[{"name":"wp","href":"https:\/\/api.w.org\/{rel}","templated":true}]}}