{"id":1323,"date":"2021-06-04T16:36:50","date_gmt":"2021-06-04T08:36:50","guid":{"rendered":"https:\/\/www.meatprocessingmachine.org\/?p=1323"},"modified":"2026-02-12T16:05:15","modified_gmt":"2026-02-12T08:05:15","slug":"meat-roll-cutting-machine","status":"publish","type":"product","link":"https:\/\/www.meatprocessingmachine.org\/nn\/meat-roll-cutting-machine.html","title":{"rendered":"Lammeskivemaskin | Fryst kj\u00f8ttskiver"},"content":{"rendered":"<div class=\"kk-star-ratings kksr-auto kksr-align-right kksr-valign-top\"     data-payload='{&quot;align&quot;:&quot;right&quot;,&quot;id&quot;:&quot;1323&quot;,&quot;slug&quot;:&quot;default&quot;,&quot;valign&quot;:&quot;top&quot;,&quot;ignore&quot;:&quot;&quot;,&quot;reference&quot;:&quot;auto&quot;,&quot;class&quot;:&quot;&quot;,&quot;count&quot;:&quot;0&quot;,&quot;legendonly&quot;:&quot;&quot;,&quot;readonly&quot;:&quot;&quot;,&quot;score&quot;:&quot;0&quot;,&quot;starsonly&quot;:&quot;&quot;,&quot;best&quot;:&quot;5&quot;,&quot;gap&quot;:&quot;5&quot;,&quot;greet&quot;:&quot;Rate this product&quot;,&quot;legend&quot;:&quot;0\\\/5 - (0 votes)&quot;,&quot;size&quot;:&quot;24&quot;,&quot;title&quot;:&quot;Mutton slicing machine | Frozen meat slicer&quot;,&quot;width&quot;:&quot;0&quot;,&quot;_legend&quot;:&quot;{score}\\\/{best} - ({count} {votes})&quot;,&quot;font_factor&quot;:&quot;1.25&quot;}'>              <div class=\"kksr-stars\">      <div class=\"kksr-stars-inactive\">             <div class=\"kksr-star\" data-star=\"1\" style=\"padding-right: 5px\">               <div class=\"kksr-icon\" style=\"width: 24px; height: 24px;\"><\/div>         <\/div>             <div class=\"kksr-star\" data-star=\"2\" style=\"padding-right: 5px\">               <div class=\"kksr-icon\" style=\"width: 24px; height: 24px;\"><\/div>         <\/div>             <div class=\"kksr-star\" data-star=\"3\" style=\"padding-right: 5px\">               <div class=\"kksr-icon\" style=\"width: 24px; height: 24px;\"><\/div>         <\/div>             <div class=\"kksr-star\" data-star=\"4\" style=\"padding-right: 5px\">               <div class=\"kksr-icon\" style=\"width: 24px; height: 24px;\"><\/div>         <\/div>             <div class=\"kksr-star\" data-star=\"5\" style=\"padding-right: 5px\">               <div class=\"kksr-icon\" style=\"width: 24px; height: 24px;\"><\/div>         <\/div>     <\/div>      <div class=\"kksr-stars-active\" style=\"width: 0px;\">             <div class=\"kksr-star\" style=\"padding-right: 5px\">               <div class=\"kksr-icon\" style=\"width: 24px; height: 24px;\"><\/div>         <\/div>             <div class=\"kksr-star\" style=\"padding-right: 5px\">               <div class=\"kksr-icon\" style=\"width: 24px; height: 24px;\"><\/div>         <\/div>             <div class=\"kksr-star\" style=\"padding-right: 5px\">               <div class=\"kksr-icon\" style=\"width: 24px; height: 24px;\"><\/div>         <\/div>             <div class=\"kksr-star\" style=\"padding-right: 5px\">               <div class=\"kksr-icon\" style=\"width: 24px; height: 24px;\"><\/div>         <\/div>             <div class=\"kksr-star\" style=\"padding-right: 5px\">               <div class=\"kksr-icon\" style=\"width: 24px; height: 24px;\"><\/div>         <\/div>     <\/div> <\/div>                   <div class=\"kksr-legend\" style=\"font-size: 19.2px;\">             <span class=\"kksr-muted\">Vurder dette produktet<\/span>     <\/div>     <\/div>  <p>Lammekj\u00f8ttskj\u00e6ringsmaskinen kan kutte frossent kj\u00f8tt i ruller og lage lammruller, biff ruller, svinekj\u00f8tt ruller, etc. Kj\u00f8tt med temperatur 1-8 grader under null kan direkte behandles til ruller uten tining. Og de sk\u00e5rne kj\u00f8tt-rullene er garantert komplette. <\/p>    <figure class=\"wp-block-embed is-type-video is-provider-youtube wp-block-embed-youtube\"><div class=\"wp-block-embed__wrapper\"> <iframe loading=\"lazy\" title=\"Automatisk kj\u00f8ttskj\u00e6ringsmaskin|Lammekj\u00f8tt- og rullemaskin| |kj\u00f8ttskj\u00e6rer\" width=\"500\" height=\"281\" src=\"https:\/\/www.youtube.com\/embed\/P0T2Up3MetY?feature=oembed\" frameborder=\"0\" allow=\"accelerometer; autoplay; clipboard-write; encrypted-media; gyroscope; picture-in-picture; web-share\" referrerpolicy=\"strict-origin-when-cross-origin\" allowfullscreen><\/iframe> <\/div><figcaption class=\"wp-element-caption\">Video av kommersiell frossen kj\u00f8ttskj\u00e6rer<\/figcaption><\/figure>    <p>Lammekj\u00f8ttskj\u00e6ringsmaskinen har flere funksjoner, men kan ikke bare kutte kj\u00f8tt i ruller, men ogs\u00e5 i skiver. Samtidig kan maskinen h\u00e5ndtere alle typer benl\u00f8st kj\u00f8tt. Lammekj\u00f8ttskj\u00e6ringsmaskinen kan brukes bredt i restauranter, supermarkeder og matforedlingsanlegg.<\/p>    <h2 class=\"wp-block-heading\" id=\"h-mutton-cutting-machine-advantage\">Fordeler med lammekj\u00f8ttskj\u00e6ringsmaskinen<\/h2>    <ol class=\"wp-block-list\"> <li>Kj\u00f8ttskj\u00e6reren er ren, hygienisk og enkel \u00e5 rengj\u00f8re.<\/li>    <li>Skallet og bladet er laget av rustfritt st\u00e5l, som er sterkt og holdbart, og ikke lett \u00e5 ruste.<\/li>    <li>Produktets tykkelse er jevn, og maskinens arbeidskapasitet er h\u00f8y.<\/li>    <li>Stor skjermkontrollpanel, mer kontrollert.<\/li> <\/ol>    <figure class=\"wp-block-image size-full\"><img loading=\"lazy\" decoding=\"async\" width=\"750\" height=\"750\" src=\"https:\/\/www.meatprocessingmachine.org\/wp-content\/uploads\/2021\/09\/cutting-and-Rolling-Machine.jpg\" alt=\"mutton slicing machine\" class=\"wp-image-2006\" title=\"\" srcset=\"https:\/\/www.meatprocessingmachine.org\/wp-content\/uploads\/2021\/09\/cutting-and-Rolling-Machine.jpg 750w, https:\/\/www.meatprocessingmachine.org\/wp-content\/uploads\/2021\/09\/cutting-and-Rolling-Machine-300x300.jpg 300w, https:\/\/www.meatprocessingmachine.org\/wp-content\/uploads\/2021\/09\/cutting-and-Rolling-Machine-150x150.jpg 150w\" sizes=\"auto, (max-width: 750px) 100vw, 750px\" \/><figcaption class=\"wp-element-caption\">Kutt- og rullemaskin<\/figcaption><\/figure>    <h2 class=\"wp-block-heading\" id=\"h-the-principle-of-mutton-slicing-machine\">Prinsippet for lammekj\u00f8ttskj\u00e6ringsmaskinen<\/h2>    <p>Lammekj\u00f8tt- og rullemaskinen kan raskt kutte klumpete frossent kj\u00f8tt i tynne skiver og tynne kj\u00f8tt-ruller. Tykkelsen kan justeres. N\u00e5r tykkelsen p\u00e5 kj\u00f8ttet er under 3 mm, er det rullformet. Hvis det er mer enn 3 mm, vil det bli sk\u00e5ret i skiver. P\u00e5 den annen side er temperaturen p\u00e5 kj\u00f8ttet ogs\u00e5 veldig viktig. <\/p>    <p>Hvis temperaturen p\u00e5 kj\u00f8ttet ikke er lav nok, m\u00e5 den v\u00e6re innenfor omr\u00e5det 0 \u2014 -7\u2103, ellers kan det ikke rulles. S\u00e5 temperatur og tykkelse er avgj\u00f8rende faktorer. Deretter, basert p\u00e5 eksperimenter og forskning, anbefales den optimale tykkelsen p\u00e5 kj\u00f8ttskiver \u00e5 v\u00e6re 1,7 mm, og samtidig b\u00f8r temperaturen p\u00e5 frossent kj\u00f8tt ikke v\u00e6re for lav, ellers vil de sk\u00e5rne kj\u00f8tt-rullene v\u00e6re spesielt lette \u00e5 g\u00e5 i stykker.<\/p>   <div class=\"wp-block-image\"> <figure class=\"aligncenter size-large is-resized\"><img loading=\"lazy\" decoding=\"async\" width=\"720\" height=\"540\" src=\"https:\/\/www.meatprocessingmachine.org\/wp-content\/uploads\/2021\/06\/02.jpg\" alt=\"Lamb Cutting \" class=\"wp-image-1326\" style=\"width:540px;height:405px\" title=\"\" srcset=\"https:\/\/www.meatprocessingmachine.org\/wp-content\/uploads\/2021\/06\/02.jpg 720w, https:\/\/www.meatprocessingmachine.org\/wp-content\/uploads\/2021\/06\/02-300x225.jpg 300w\" sizes=\"auto, (max-width: 720px) 100vw, 720px\" \/><\/figure> <\/div>   <h2 class=\"wp-block-heading\" id=\"h-mutton-cutting-machine-structure\">Struktur av lammekj\u00f8ttskj\u00e6ringsmaskin<\/h2>    <p>Lammekj\u00f8ttskj\u00e6ringsmaskinen best\u00e5r hovedsakelig av en kj\u00f8ttlaster, en topp kj\u00f8ttstang, et rustfritt st\u00e5l knivsett og en kontrollskjerm. Kutt- og rullemaskinen har en fornuftig struktur og et skarpt blad. N\u00e5r kj\u00f8ttet skal kuttes, m\u00e5 lammet festes i den faste sporet. <\/p>    <p>Deretter vil stangen bak skyve kj\u00f8ttet fremover, bladet kutter med en konstant hastighet, og kj\u00f8ttet kuttes i tynne og jevne kj\u00f8tt-ruller. Den raske rulleskj\u00e6ringen kan sikre at kj\u00f8tt-rullene er godt formet og ikke lett g\u00e5r i stykker. I tillegg har kj\u00f8ttskj\u00e6reren et vakkert utseende, enkel betjening, h\u00f8y effektivitet, lavt str\u00f8mforbruk og enkel rengj\u00f8ring og vedlikehold.<\/p>    <figure class=\"wp-block-image size-full\"><img loading=\"lazy\" decoding=\"async\" width=\"720\" height=\"540\" src=\"https:\/\/www.meatprocessingmachine.org\/wp-content\/uploads\/2021\/09\/lamb-rolling-machine-2.jpg\" alt=\"mutton slicing machine\" class=\"wp-image-2003\" title=\"\" srcset=\"https:\/\/www.meatprocessingmachine.org\/wp-content\/uploads\/2021\/09\/lamb-rolling-machine-2.jpg 720w, https:\/\/www.meatprocessingmachine.org\/wp-content\/uploads\/2021\/09\/lamb-rolling-machine-2-300x225.jpg 300w\" sizes=\"auto, (max-width: 720px) 100vw, 720px\" \/><figcaption class=\"wp-element-caption\"> Lammekj\u00f8tt-rullemaskin<\/figcaption><\/figure>    <h2 class=\"wp-block-heading\" id=\"h-frozen-meat-slicer-parameters-take-six-volumes-as-an-example\">Frossent kj\u00f8ttskj\u00e6ringsparametere (ta seks volumer som eksempel)<\/h2>    <figure class=\"wp-block-table\"><table><tbody><tr><td>Spesifikasjon<\/td><td>Spenning<\/td><td>Skivelengde (mm)<\/td><td>Skivebredde (mm)<\/td><td>Effekt (kw)<\/td><td>Totalvekt (kg)<\/td><td>Kapacitet (kg\/t)<\/td><td>Bearbeidings tykkelse (mm)<\/td><td>Kutt h\u00f8yde (mm)<\/td><td>Utstyrs st\u00f8rrelse (mm)<\/td><\/tr><tr><td>CNC \u00e9n rull<\/td><td>220V\/50HZ<\/td><td>450<\/td><td>160<\/td><td>750<\/td><td>160<\/td><td>50<\/td><td>0-ubegrenset<\/td><td>180<\/td><td>1150*410*960<\/td><\/tr><tr><td>CNC to volumer<\/td><td>220V\/50HZ<\/td><td>600<\/td><td>270<\/td><td>2200<\/td><td>200<\/td><td>50-300<\/td><td>0-ubegrenset<\/td><td>180<\/td><td>1200*560*1200<\/td><\/tr><tr><td>CNC fire volumer<\/td><td>380\/50HZ<\/td><td>600<\/td><td>510<\/td><td>3000<\/td><td>320<\/td><td>50-600<\/td><td>0-ubegrenset<\/td><td>180<\/td><td>1200*800*1200<\/td><\/tr><tr><td>CNC seks volumer<\/td><td>380\/50HZ<\/td><td>600<\/td><td>730<\/td><td>3000<\/td><td>400<\/td><td>50-900<\/td><td>0-ubegrenset<\/td><td>180<\/td><td>1200*1010*1200<\/td><\/tr><tr><td>CNC \u00e5tte volumer<\/td><td>380\/50H<\/td><td>600<\/td><td>920<\/td><td>4000<\/td><td>500<\/td><td>50-1200<\/td><td>0-ubegrenset<\/td><td>180<\/td><td>1200*1320*1200<\/td><\/tr><\/tbody><\/table><figcaption class=\"wp-element-caption\">kommersiell frossen kj\u00f8ttskj\u00e6ringsparameter<\/figcaption><\/figure>    <p>Vi kan ogs\u00e5 tilby to-volums, fire-volums, seks-volums og \u00e5tte-volums lammekj\u00f8ttskj\u00e6ringsmaskiner. Den \u00e5tte-rullers lammeskj\u00e6ringsmaskinen har h\u00f8yest arbeidskapasitet og kan produsere h\u00f8yest utbytte, noe som passer for st\u00f8rre matforedlingsanlegg. Du kan kj\u00f8pe maskiner etter dine produksjonsbehov.<\/p>    <figure class=\"wp-block-image size-large is-resized\"><img loading=\"lazy\" decoding=\"async\" width=\"1024\" height=\"769\" src=\"https:\/\/www.meatprocessingmachine.org\/wp-content\/uploads\/2021\/09\/Different-types-of-lamb-rolling-machine-1024x769.jpg\" alt=\"benfritt kj\u00f8tt\" class=\"wp-image-2001\" style=\"width:720px;height:540px\" title=\"\" srcset=\"https:\/\/www.meatprocessingmachine.org\/wp-content\/uploads\/2021\/09\/Different-types-of-lamb-rolling-machine-1024x769.jpg 1024w, https:\/\/www.meatprocessingmachine.org\/wp-content\/uploads\/2021\/09\/Different-types-of-lamb-rolling-machine-300x225.jpg 300w, https:\/\/www.meatprocessingmachine.org\/wp-content\/uploads\/2021\/09\/Different-types-of-lamb-rolling-machine-768x577.jpg 768w, https:\/\/www.meatprocessingmachine.org\/wp-content\/uploads\/2021\/09\/Different-types-of-lamb-rolling-machine-1536x1153.jpg 1536w, https:\/\/www.meatprocessingmachine.org\/wp-content\/uploads\/2021\/09\/Different-types-of-lamb-rolling-machine-2048x1538.jpg 2048w\" sizes=\"auto, (max-width: 1024px) 100vw, 1024px\" \/><figcaption class=\"wp-element-caption\">Ulike typer lammerullmaskiner<\/figcaption><\/figure>    <h2 class=\"wp-block-heading\">Forberedelse av r\u00e5varer<\/h2>    <p>Det er mye kj\u00f8ttdeig under kj\u00f8ttbehandling, s\u00e5 hvordan h\u00e5ndtere kj\u00f8ttdeigen? Kj\u00f8ttet kan moses f\u00f8rst, og kj\u00f8ttet kan males med en fersk kj\u00f8ttkvern og deretter pakkes. Etter frysing, ta det ut for \u00e5 lage skiver eller ruller, slik at kj\u00f8ttrestene kan brukes til \u00e5 lage et ferdig produkt.<\/p>    <h2 class=\"wp-block-heading\" id=\"h-mutton-slicing-machine-precautions\">Forsiktighetsregler for lammekj\u00f8ttskj\u00e6ringsmaskinen<\/h2>    <figure class=\"wp-block-image size-large is-resized\"><img loading=\"lazy\" decoding=\"async\" width=\"768\" height=\"1024\" src=\"https:\/\/www.meatprocessingmachine.org\/wp-content\/uploads\/2021\/09\/lamb-rolling-machine-1-768x1024.jpg\" alt=\"mutton slicing machine\" class=\"wp-image-2004\" style=\"width:720px;height:540px\" title=\"\" srcset=\"https:\/\/www.meatprocessingmachine.org\/wp-content\/uploads\/2021\/09\/lamb-rolling-machine-1-768x1024.jpg 768w, https:\/\/www.meatprocessingmachine.org\/wp-content\/uploads\/2021\/09\/lamb-rolling-machine-1-225x300.jpg 225w, https:\/\/www.meatprocessingmachine.org\/wp-content\/uploads\/2021\/09\/lamb-rolling-machine-1-1152x1536.jpg 1152w, https:\/\/www.meatprocessingmachine.org\/wp-content\/uploads\/2021\/09\/lamb-rolling-machine-1-1536x2048.jpg 1536w, https:\/\/www.meatprocessingmachine.org\/wp-content\/uploads\/2021\/09\/lamb-rolling-machine-1-scaled.jpg 1920w\" sizes=\"auto, (max-width: 768px) 100vw, 768px\" \/><figcaption class=\"wp-element-caption\">Kutt- og rullemaskin<\/figcaption><\/figure>    <ol class=\"wp-block-list\"> <li>N\u00e5r du kutter kj\u00f8tt, b\u00f8r temperaturen p\u00e5 kj\u00f8ttet v\u00e6re moderat. For hardt kj\u00f8tt vil skade bladet.<\/li>    <li>N\u00e5r du skj\u00e6rer kj\u00f8ttskiver og kj\u00f8tt-ruller, m\u00e5 bein fjernes.<\/li>    <li>V\u00e6r oppmerksom p\u00e5 rengj\u00f8ring og daglig vedlikehold etter bruk.<\/li> <\/ol>    <h2 class=\"wp-block-heading\">Daglig bruk og vedlikehold av lammekj\u00f8ttskj\u00e6ringsmaskinen<\/h2>    <ul class=\"wp-block-list\"> <li>N\u00e5r lammekj\u00f8ttskj\u00e6ringsmaskinen er i drift, sjekk om det er sm\u00f8remiddel i de to oljeboksene. Hvis ikke, tilsett sm\u00f8remiddel.<\/li>    <li>Sl\u00e5 p\u00e5 str\u00f8mmen og sjekk om motorens rotasjonsretning er i samsvar med den n\u00f8dvendige retningen for maskinen.<\/li>    <li>Hver gang kutteren n\u00e5r h\u00f8yeste posisjon, beveger mateplaten seg litt fremover, og motoren roterer i riktig retning. Tvert imot, n\u00e5r kutteren faller til laveste posisjon, beveger mateplaten seg fremover, og motorens rotasjon reverseres. Bare juster motorens rotasjon hvis kutteren og mateplaten ikke er koordinert. Hvis det er n\u00f8dvendig, \u00e5pne beskyttelsesplaten i motsatt retning av kontrollpanelet, og juster l\u00f8ftejusteringsplaten litt.<\/li>    <li>For remskivene i maskiner og utstyr, bruk spiselig olje eller sm\u00f8remiddel etter rengj\u00f8ring for \u00e5 redusere slitasje og \u00f8ke utstyrets levetid.<\/li> <\/ul>    <figure class=\"wp-block-gallery has-nested-images columns-2 is-cropped wp-block-gallery-2 is-layout-flex wp-block-gallery-is-layout-flex\"> <figure class=\"wp-block-image size-large\"><img loading=\"lazy\" decoding=\"async\" width=\"719\" height=\"540\" data-id=\"2009\" src=\"https:\/\/www.meatprocessingmachine.org\/wp-content\/uploads\/2021\/09\/1.0.png\" alt=\"\" class=\"wp-image-2009\" title=\"\" srcset=\"https:\/\/www.meatprocessingmachine.org\/wp-content\/uploads\/2021\/09\/1.0.png 719w, https:\/\/www.meatprocessingmachine.org\/wp-content\/uploads\/2021\/09\/1.0-300x225.png 300w\" sizes=\"auto, (max-width: 719px) 100vw, 719px\" \/><figcaption><\/figcaption><\/figure>    <figure class=\"wp-block-image size-large\"><img loading=\"lazy\" decoding=\"async\" width=\"540\" height=\"540\" data-id=\"2013\" src=\"https:\/\/www.meatprocessingmachine.org\/wp-content\/uploads\/2021\/09\/3.0-1.png\" alt=\"\" class=\"wp-image-2013\" title=\"\" srcset=\"https:\/\/www.meatprocessingmachine.org\/wp-content\/uploads\/2021\/09\/3.0-1.png 540w, https:\/\/www.meatprocessingmachine.org\/wp-content\/uploads\/2021\/09\/3.0-1-300x300.png 300w, https:\/\/www.meatprocessingmachine.org\/wp-content\/uploads\/2021\/09\/3.0-1-150x150.png 150w\" sizes=\"auto, (max-width: 540px) 100vw, 540px\" \/><figcaption><\/figcaption><\/figure>    <figure class=\"wp-block-image size-large\"><img loading=\"lazy\" decoding=\"async\" width=\"720\" height=\"540\" data-id=\"2012\" src=\"https:\/\/www.meatprocessingmachine.org\/wp-content\/uploads\/2021\/09\/4.0.png\" alt=\"\" class=\"wp-image-2012\" title=\"\" srcset=\"https:\/\/www.meatprocessingmachine.org\/wp-content\/uploads\/2021\/09\/4.0.png 720w, https:\/\/www.meatprocessingmachine.org\/wp-content\/uploads\/2021\/09\/4.0-300x225.png 300w\" sizes=\"auto, (max-width: 720px) 100vw, 720px\" \/><figcaption><\/figcaption><\/figure>    <figure class=\"wp-block-image size-large\"><img loading=\"lazy\" decoding=\"async\" width=\"719\" height=\"540\" data-id=\"2010\" src=\"https:\/\/www.meatprocessingmachine.org\/wp-content\/uploads\/2021\/09\/2.0.png\" alt=\"\" class=\"wp-image-2010\" title=\"\" srcset=\"https:\/\/www.meatprocessingmachine.org\/wp-content\/uploads\/2021\/09\/2.0.png 719w, https:\/\/www.meatprocessingmachine.org\/wp-content\/uploads\/2021\/09\/2.0-300x225.png 300w\" sizes=\"auto, (max-width: 719px) 100vw, 719px\" \/><figcaption><\/figcaption><\/figure> <figcaption class=\"blocks-gallery-caption wp-element-caption\">Frossen kj\u00f8ttskivar <\/figcaption><\/figure>    <ul class=\"wp-block-list\"> <li>Sjekk regelmessig om det er tomt for sm\u00f8remiddel i turbinreduktoren. Hvis oljemengden er lavere enn den gjennomsiktige oljem\u00e5leren, m\u00e5 den etterfylles.<\/li>    <li>N\u00e5r knivene ikke er i bruk, b\u00f8r de poleres med en skarpner, deretter skjerpes med en whetstone, og deretter plasseres flatt med varmt vann, varmt vann og oppvaskmiddel, og m\u00e5 brukes neste gang.<\/li>    <li>N\u00e5r du jobber, ikke putt hendene dine n\u00e6rme for \u00e5 unng\u00e5 kutt; ikke plasser brennbare materialer rundt for \u00e5 unng\u00e5 farlige ulykker.<\/li>    <li>Under hver vakt, sjekk om det mangler Di i skyvel\u00e5sen og om kutterskruen er l\u00f8s.<\/li> <\/ul>","protected":false},"excerpt":{"rendered":"<p>The lamb cutting and rolling machine can cut frozen meat into rolls, and can make mutton rolls, beef rolls, pork rolls, etc. Meat with a temperature of 1-8 degrees below zero can be directly processed into rolls without thawing\uff0cand the cut meat rolls are guaranteed to be complete.<\/p>","protected":false},"author":1,"featured_media":1987,"parent":0,"template":"","product-type":[582],"class_list":["post-1323","product","type-product","status-publish","has-post-thumbnail","hentry","product-type-cattle-sheep"],"_links":{"self":[{"href":"https:\/\/www.meatprocessingmachine.org\/nn\/wp-json\/wp\/v2\/product\/1323","targetHints":{"allow":["GET"]}}],"collection":[{"href":"https:\/\/www.meatprocessingmachine.org\/nn\/wp-json\/wp\/v2\/product"}],"about":[{"href":"https:\/\/www.meatprocessingmachine.org\/nn\/wp-json\/wp\/v2\/types\/product"}],"author":[{"embeddable":true,"href":"https:\/\/www.meatprocessingmachine.org\/nn\/wp-json\/wp\/v2\/users\/1"}],"wp:featuredmedia":[{"embeddable":true,"href":"https:\/\/www.meatprocessingmachine.org\/nn\/wp-json\/wp\/v2\/media\/1987"}],"wp:attachment":[{"href":"https:\/\/www.meatprocessingmachine.org\/nn\/wp-json\/wp\/v2\/media?parent=1323"}],"wp:term":[{"taxonomy":"product-type","embeddable":true,"href":"https:\/\/www.meatprocessingmachine.org\/nn\/wp-json\/wp\/v2\/product-type?post=1323"}],"curies":[{"name":"wp","href":"https:\/\/api.w.org\/{rel}","templated":true}]}}