{"id":1346,"date":"2021-06-10T17:20:03","date_gmt":"2021-06-10T09:20:03","guid":{"rendered":"https:\/\/www.meatprocessingmachine.org\/?p=1346"},"modified":"2026-02-12T16:03:33","modified_gmt":"2026-02-12T08:03:33","slug":"chicken-cutter-machinechicken-cubing-machine","status":"publish","type":"product","link":"https:\/\/www.meatprocessingmachine.org\/nn\/chicken-cutter-machinechicken-cubing-machine.html","title":{"rendered":"Kyllingkuttar for sal | kj\u00f8ttkuttermaskin"},"content":{"rendered":"<div class=\"kk-star-ratings kksr-auto kksr-align-right kksr-valign-top\"     data-payload='{&quot;align&quot;:&quot;right&quot;,&quot;id&quot;:&quot;1346&quot;,&quot;slug&quot;:&quot;default&quot;,&quot;valign&quot;:&quot;top&quot;,&quot;ignore&quot;:&quot;&quot;,&quot;reference&quot;:&quot;auto&quot;,&quot;class&quot;:&quot;&quot;,&quot;count&quot;:&quot;0&quot;,&quot;legendonly&quot;:&quot;&quot;,&quot;readonly&quot;:&quot;&quot;,&quot;score&quot;:&quot;0&quot;,&quot;starsonly&quot;:&quot;&quot;,&quot;best&quot;:&quot;5&quot;,&quot;gap&quot;:&quot;5&quot;,&quot;greet&quot;:&quot;Rate this product&quot;,&quot;legend&quot;:&quot;0\\\/5 - (0 votes)&quot;,&quot;size&quot;:&quot;24&quot;,&quot;title&quot;:&quot;Chicken cutting machine for sale | meat cutter machine&quot;,&quot;width&quot;:&quot;0&quot;,&quot;_legend&quot;:&quot;{score}\\\/{best} - ({count} {votes})&quot;,&quot;font_factor&quot;:&quot;1.25&quot;}'>              <div class=\"kksr-stars\">      <div class=\"kksr-stars-inactive\">             <div class=\"kksr-star\" data-star=\"1\" style=\"padding-right: 5px\">               <div class=\"kksr-icon\" style=\"width: 24px; height: 24px;\"><\/div>         <\/div>             <div class=\"kksr-star\" data-star=\"2\" style=\"padding-right: 5px\">               <div class=\"kksr-icon\" style=\"width: 24px; height: 24px;\"><\/div>         <\/div>             <div class=\"kksr-star\" data-star=\"3\" style=\"padding-right: 5px\">               <div class=\"kksr-icon\" style=\"width: 24px; height: 24px;\"><\/div>         <\/div>             <div class=\"kksr-star\" data-star=\"4\" style=\"padding-right: 5px\">               <div class=\"kksr-icon\" style=\"width: 24px; height: 24px;\"><\/div>         <\/div>             <div class=\"kksr-star\" data-star=\"5\" style=\"padding-right: 5px\">               <div class=\"kksr-icon\" style=\"width: 24px; height: 24px;\"><\/div>         <\/div>     <\/div>      <div class=\"kksr-stars-active\" style=\"width: 0px;\">             <div class=\"kksr-star\" style=\"padding-right: 5px\">               <div class=\"kksr-icon\" style=\"width: 24px; height: 24px;\"><\/div>         <\/div>             <div class=\"kksr-star\" style=\"padding-right: 5px\">               <div class=\"kksr-icon\" style=\"width: 24px; height: 24px;\"><\/div>         <\/div>             <div class=\"kksr-star\" style=\"padding-right: 5px\">               <div class=\"kksr-icon\" style=\"width: 24px; height: 24px;\"><\/div>         <\/div>             <div class=\"kksr-star\" style=\"padding-right: 5px\">               <div class=\"kksr-icon\" style=\"width: 24px; height: 24px;\"><\/div>         <\/div>             <div class=\"kksr-star\" style=\"padding-right: 5px\">               <div class=\"kksr-icon\" style=\"width: 24px; height: 24px;\"><\/div>         <\/div>     <\/div> <\/div>                   <div class=\"kksr-legend\" style=\"font-size: 19.2px;\">             <span class=\"kksr-muted\">Vurder dette produktet<\/span>     <\/div>     <\/div>  <p>Kyllingkuttermaskinen kan kutte kylling, and, og fisk i biter. Og den kutter ikkje berre ferskt kj\u00f8tt, men ogs\u00e5 frosset kj\u00f8tt. Den simulerer manuelt kj\u00f8ttkutt, og produserer ikkje kj\u00f8tthakk. Den er rein, hygienisk og enkel \u00e5 betjene.<\/p>    <p class=\"translation-block\">Dermed er den eigna for bruk i matvarefabrikkar, store kantiner, slakteriar, individuell prosessering, <a href=\"https:\/\/en.wikipedia.org\/wiki\/Supermarket\" target=\"_blank\" rel=\"noopener\">supermarkeder<\/a>, restaurantar, og andre stader.<\/p>    <h2 class=\"wp-block-heading\">Arbeidsvisning av kyllingkuttar<\/h2>    <figure class=\"wp-block-embed is-type-video is-provider-youtube wp-block-embed-youtube wp-embed-aspect-16-9 wp-has-aspect-ratio\"><div class=\"wp-block-embed__wrapper\"> <iframe loading=\"lazy\" title=\"kyllingkutter|kyllingkuttar|kyllingkuberingsmaskin|kyllingskiver\" width=\"500\" height=\"281\" src=\"https:\/\/www.youtube.com\/embed\/H23aHETKtas?feature=oembed\" frameborder=\"0\" allow=\"accelerometer; autoplay; clipboard-write; encrypted-media; gyroscope; picture-in-picture; web-share\" referrerpolicy=\"strict-origin-when-cross-origin\" allowfullscreen><\/iframe> <\/div><figcaption class=\"wp-element-caption\">Kyllingkutter<\/figcaption><\/figure>    <h2 class=\"wp-block-heading\" id=\"h-advantages-of-the-chicken-cutter-machine\">Fordelar med kyllingkutteren<\/h2>    <ol class=\"wp-block-list\"> <li>Kyllingkuttermaskinen kan sette ein heil kylling, heil and, eller heil g\u00e5s direkte p\u00e5. Dette gir v\u00e5r prosesseringsfabrikk stor bekvemmeligheit, sparer prosesseringskostnader, og sparer tid og innsats. Kan gi stor hjelp i produksjons- og prosesseringsprosessen.<\/li>    <li>Kyllingkj\u00f8ttkutteren er laga av 304 rustfritt st\u00e5l, som er robust og slitesterkt.<\/li>    <li>Denne maskinen kan ikkje berre kylling, men ogs\u00e5 lam, svin, storfekj\u00f8tt, og mange andre kj\u00f8tttypar.<\/li>    <li>Kyllingkj\u00f8ttkutteren nyttar avansert kutte-teknologi, som kan kutte kyllingkj\u00f8tt raskt og n\u00f8yaktig i jamne stykke.<\/li>    <li>Kyllingkj\u00f8ttkuberingsmaskinen er enkel \u00e5 betjene og lett \u00e5 bruke. Ein operat\u00f8r treng berre \u00e5 manuelt sette kyllingen p\u00e5 transportb\u00e5ndet, og maskinen vil automatisk utf\u00f8re kutting og transportarbeid.<\/li>    <li>Kutterdelen av maskinen er utforma med vern, som effektivt kan unng\u00e5 ulykker under bruk.<\/li> <\/ol>    <h2 class=\"wp-block-heading\">Kyllingkuttarparameterar<\/h2>    <ul class=\"wp-block-list\"> <li>Kapacitet: 600-800kg\/h &nbsp;<\/li>    <li>Effekt: 2,2kw &nbsp;&nbsp;<\/li>    <li>Spenning: 220v &nbsp;<\/li>    <li>Dimensjon: 1300*600*1050mm &nbsp;&nbsp;<\/li>    <li>Vekt: 240 kg<\/li> <\/ul>    <h2 class=\"wp-block-heading\" id=\"h-advantages-of-the-chicken-cutter-machine\">Eigenskapar ved kyllingkuberingsmaskinen<\/h2>    <figure class=\"wp-block-image size-large is-resized\"><img loading=\"lazy\" decoding=\"async\" width=\"729\" height=\"774\" src=\"https:\/\/www.meatprocessingmachine.org\/wp-content\/uploads\/2021\/06\/d59431659ce79e1ceacf222d82589ce.png\" alt=\"\" class=\"wp-image-1364\" style=\"object-fit:cover;width:720px;height:540px\" title=\"\" srcset=\"https:\/\/www.meatprocessingmachine.org\/wp-content\/uploads\/2021\/06\/d59431659ce79e1ceacf222d82589ce.png 729w, https:\/\/www.meatprocessingmachine.org\/wp-content\/uploads\/2021\/06\/d59431659ce79e1ceacf222d82589ce-283x300.png 283w\" sizes=\"auto, (max-width: 729px) 100vw, 729px\" \/><figcaption><\/figcaption><\/figure>    <p>N\u00e5r maskinen kutter r\u00e5varene, er det ingen tap av kj\u00f8tt, ingen kj\u00f8tthakk, og den kuttede overflaten er veldig glatt og ryddig. Det er praktisk for direkte salg etter prosessering. I tillegg simulerer kyllingkuttermaskinen manuelt kutting i seksjoner, kvaliteten er bedre enn manuelt, og kutte-lengden kan justeres, noe som er veldig praktisk. Arbeidshastigheten til kyllingkuttermaskinen er 60 ganger per minutt, noe som har h\u00f8g arbeidskapasitet.<\/p>    <h2 class=\"wp-block-heading\" id=\"h-the-structure-of-the-chicken-cubing-machine\">Strukturen til kyllingkuberingsmaskinen<\/h2>    <figure class=\"wp-block-image size-full is-resized\"><img loading=\"lazy\" decoding=\"async\" width=\"714\" height=\"621\" src=\"https:\/\/www.meatprocessingmachine.org\/wp-content\/uploads\/2021\/09\/Chicken-Cutting-Machine.png\" alt=\"Chicken Cutting Machine details\" class=\"wp-image-1941\" style=\"object-fit:cover;width:720px;height:540px\" title=\"\" srcset=\"https:\/\/www.meatprocessingmachine.org\/wp-content\/uploads\/2021\/09\/Chicken-Cutting-Machine.png 714w, https:\/\/www.meatprocessingmachine.org\/wp-content\/uploads\/2021\/09\/Chicken-Cutting-Machine-300x261.png 300w\" sizes=\"auto, (max-width: 714px) 100vw, 714px\" \/><figcaption class=\"wp-element-caption\">Detaljar om kyllingkuttermaskinen<\/figcaption><\/figure>    <p>Produktet best\u00e5r hovudsakleg av ein hovudramme, motor, transportb\u00e5nd, knivar, osv. Materialet til kyllingkutterknivene er 75cr1. Dette materialet er trygt og slitesterkt. Det kan brukast lenge utan \u00e5 ruste. Det finst to ulike beltetypar for kyllinghakkemaskiner.<\/p>    <h2 class=\"wp-block-heading\" id=\"h-chain-conveyor-belt\">Kyllingkuttermaskin kjede transportb\u00e5nd <\/h2>    <p>Matkontaktb\u00e5ndet er eit PE-plate, som er trygt n\u00e5r det er i kontakt med mat. I tillegg er krabben seksjonert, og kj\u00f8ttet kan separeres ved utladingsporten for \u00e5 forhindre klebing.<\/p>    <figure class=\"wp-block-image size-full is-resized\"><img loading=\"lazy\" decoding=\"async\" width=\"720\" height=\"540\" src=\"https:\/\/www.meatprocessingmachine.org\/wp-content\/uploads\/2021\/09\/Chicken-Cutting-Machine-4.jpg\" alt=\"Kyllingkutter\" class=\"wp-image-1940\" style=\"object-fit:cover;width:720px;height:540px\" title=\"\" srcset=\"https:\/\/www.meatprocessingmachine.org\/wp-content\/uploads\/2021\/09\/Chicken-Cutting-Machine-4.jpg 720w, https:\/\/www.meatprocessingmachine.org\/wp-content\/uploads\/2021\/09\/Chicken-Cutting-Machine-4-300x225.jpg 300w\" sizes=\"auto, (max-width: 720px) 100vw, 720px\" \/><figcaption class=\"wp-element-caption\">Kyllingkutter<\/figcaption><\/figure>    <h2 class=\"wp-block-heading\" id=\"h-what-can-the-chicken-cutter-machine-cut\">Kva kan kyllingkuttermaskinen kutte?<\/h2>    <p>Kyllingkuttermaskinen er hovudsakleg eigna for \u00e5 kutte bruskekj\u00f8tt, som heil kylling, and, og fisk. I tillegg ulike frosne eller ferske kj\u00f8tetypar. Derfor er bruksomr\u00e5det for kyllingkutteren sv\u00e6rt breitt. Den kan dannast direkte i blokker. Samstundes sparer den arbeidskraft, er rein og hygienisk, og har h\u00f8g arbeidskapasitet.<\/p>    <figure class=\"wp-block-image size-large is-resized\"><img loading=\"lazy\" decoding=\"async\" width=\"1024\" height=\"768\" src=\"https:\/\/www.meatprocessingmachine.org\/wp-content\/uploads\/2021\/09\/Cut-chicken-stock-1024x768.jpg\" alt=\"kyllingkuttermaskin\" class=\"wp-image-1942\" style=\"object-fit:cover;width:720px;height:540px\" title=\"\" srcset=\"https:\/\/www.meatprocessingmachine.org\/wp-content\/uploads\/2021\/09\/Cut-chicken-stock-1024x768.jpg 1024w, https:\/\/www.meatprocessingmachine.org\/wp-content\/uploads\/2021\/09\/Cut-chicken-stock-300x225.jpg 300w, https:\/\/www.meatprocessingmachine.org\/wp-content\/uploads\/2021\/09\/Cut-chicken-stock-768x576.jpg 768w, https:\/\/www.meatprocessingmachine.org\/wp-content\/uploads\/2021\/09\/Cut-chicken-stock-1536x1152.jpg 1536w, https:\/\/www.meatprocessingmachine.org\/wp-content\/uploads\/2021\/09\/Cut-chicken-stock-2048x1536.jpg 2048w\" sizes=\"auto, (max-width: 1024px) 100vw, 1024px\" \/><figcaption class=\"wp-element-caption\">  Kyllingkuttermaskin <\/figcaption><\/figure>    <h2 class=\"wp-block-heading\" id=\"h-advantages-of-the-chicken-cutter-machine\">Pakking av kyllingkuttermaskinen<\/h2>    <p class=\"translation-block\">Kyllingkuttermaskiner vert pakka i trekassar under transport, for \u00e5 beskytte mot skade. V\u00e5rt selskap har mykje erfaring med eksport, og eigne tilsette f\u00f8lgjer opp transportprosessen. I tillegg har v\u00e5rt selskap mange andre maskiner, som strippekuttere, <a href=\"https:\/\/www.meatprocessingmachine.org\/nn\/meat-roll-cutting-machine.html\/\" data-type=\"URL\" data-id=\"https:\/\/www.meatprocessingmachine.org\/meat-roll-cutting-machine.html\">kj\u00f8ttrull- og kuttemaskiner<\/a>, og <a href=\"https:\/\/www.meatprocessingmachine.org\/nn\/sausage-binding-tying-machine.html\/\" data-type=\"URL\" data-id=\"https:\/\/www.meatprocessingmachine.org\/sausage-binding-tying-machine.html\">p\u00f8lsemaskiner<\/a>. Ta gjerne kontakt.<\/p>","protected":false},"excerpt":{"rendered":"<p>The chicken cutter machine can cut chicken, duck, goose, fish, various frozen meat, and fresh meat into blocks, simulating the state of manual meat cutting, and will not produce minced meat. It is clean and hygienic, simple to operate, and suitable for food processing Used in factories, large canteens, slaughterhouses, individual processing, supermarkets, restaurants and other places.<\/p>","protected":false},"author":1,"featured_media":1938,"parent":0,"template":"","product-type":[583],"class_list":["post-1346","product","type-product","status-publish","has-post-thumbnail","hentry","product-type-chicken-turkey"],"_links":{"self":[{"href":"https:\/\/www.meatprocessingmachine.org\/nn\/wp-json\/wp\/v2\/product\/1346","targetHints":{"allow":["GET"]}}],"collection":[{"href":"https:\/\/www.meatprocessingmachine.org\/nn\/wp-json\/wp\/v2\/product"}],"about":[{"href":"https:\/\/www.meatprocessingmachine.org\/nn\/wp-json\/wp\/v2\/types\/product"}],"author":[{"embeddable":true,"href":"https:\/\/www.meatprocessingmachine.org\/nn\/wp-json\/wp\/v2\/users\/1"}],"wp:featuredmedia":[{"embeddable":true,"href":"https:\/\/www.meatprocessingmachine.org\/nn\/wp-json\/wp\/v2\/media\/1938"}],"wp:attachment":[{"href":"https:\/\/www.meatprocessingmachine.org\/nn\/wp-json\/wp\/v2\/media?parent=1346"}],"wp:term":[{"taxonomy":"product-type","embeddable":true,"href":"https:\/\/www.meatprocessingmachine.org\/nn\/wp-json\/wp\/v2\/product-type?post=1346"}],"curies":[{"name":"wp","href":"https:\/\/api.w.org\/{rel}","templated":true}]}}