{"id":1448,"date":"2021-06-25T09:52:29","date_gmt":"2021-06-25T01:52:29","guid":{"rendered":"https:\/\/www.meatprocessingmachine.org\/?p=1448"},"modified":"2026-02-12T16:44:14","modified_gmt":"2026-02-12T08:44:14","slug":"meatball-making-machinemeatball-forming-machine","status":"publish","type":"product","link":"https:\/\/www.meatprocessingmachine.org\/nn\/meatball-making-machinemeatball-forming-machine.html","title":{"rendered":"Kj\u00f8ttboller Maskin | Kj\u00f8ttboller Formingsmaskin"},"content":{"rendered":"<div class=\"kk-star-ratings kksr-auto kksr-align-right kksr-valign-top\"     data-payload='{&quot;align&quot;:&quot;right&quot;,&quot;id&quot;:&quot;1448&quot;,&quot;slug&quot;:&quot;default&quot;,&quot;valign&quot;:&quot;top&quot;,&quot;ignore&quot;:&quot;&quot;,&quot;reference&quot;:&quot;auto&quot;,&quot;class&quot;:&quot;&quot;,&quot;count&quot;:&quot;0&quot;,&quot;legendonly&quot;:&quot;&quot;,&quot;readonly&quot;:&quot;&quot;,&quot;score&quot;:&quot;0&quot;,&quot;starsonly&quot;:&quot;&quot;,&quot;best&quot;:&quot;5&quot;,&quot;gap&quot;:&quot;5&quot;,&quot;greet&quot;:&quot;Rate this product&quot;,&quot;legend&quot;:&quot;0\\\/5 - (0 votes)&quot;,&quot;size&quot;:&quot;24&quot;,&quot;title&quot;:&quot;Meatball Making Machine | Meatball Forming Machine&quot;,&quot;width&quot;:&quot;0&quot;,&quot;_legend&quot;:&quot;{score}\\\/{best} - ({count} {votes})&quot;,&quot;font_factor&quot;:&quot;1.25&quot;}'>              <div class=\"kksr-stars\">      <div class=\"kksr-stars-inactive\">             <div class=\"kksr-star\" data-star=\"1\" style=\"padding-right: 5px\">               <div class=\"kksr-icon\" style=\"width: 24px; height: 24px;\"><\/div>         <\/div>             <div class=\"kksr-star\" data-star=\"2\" style=\"padding-right: 5px\">               <div class=\"kksr-icon\" style=\"width: 24px; height: 24px;\"><\/div>         <\/div>             <div class=\"kksr-star\" data-star=\"3\" style=\"padding-right: 5px\">               <div class=\"kksr-icon\" style=\"width: 24px; height: 24px;\"><\/div>         <\/div>             <div class=\"kksr-star\" data-star=\"4\" style=\"padding-right: 5px\">               <div class=\"kksr-icon\" style=\"width: 24px; height: 24px;\"><\/div>         <\/div>             <div class=\"kksr-star\" data-star=\"5\" style=\"padding-right: 5px\">               <div class=\"kksr-icon\" style=\"width: 24px; height: 24px;\"><\/div>         <\/div>     <\/div>      <div class=\"kksr-stars-active\" style=\"width: 0px;\">             <div class=\"kksr-star\" style=\"padding-right: 5px\">               <div class=\"kksr-icon\" style=\"width: 24px; height: 24px;\"><\/div>         <\/div>             <div class=\"kksr-star\" style=\"padding-right: 5px\">               <div class=\"kksr-icon\" style=\"width: 24px; height: 24px;\"><\/div>         <\/div>             <div class=\"kksr-star\" style=\"padding-right: 5px\">               <div class=\"kksr-icon\" style=\"width: 24px; height: 24px;\"><\/div>         <\/div>             <div class=\"kksr-star\" style=\"padding-right: 5px\">               <div class=\"kksr-icon\" style=\"width: 24px; height: 24px;\"><\/div>         <\/div>             <div class=\"kksr-star\" style=\"padding-right: 5px\">               <div class=\"kksr-icon\" style=\"width: 24px; height: 24px;\"><\/div>         <\/div>     <\/div> <\/div>                   <div class=\"kksr-legend\" style=\"font-size: 19.2px;\">             <span class=\"kksr-muted\">Vurder dette produktet<\/span>     <\/div>     <\/div>  <p>Kj\u00f8ttballetilvirkningsmaskinen er ein maskin som kan forme kj\u00f8ttbollar i ballform. Den kommersielle kj\u00f8ttballetilvirkningsmaskinen kan bruke mange ulike r\u00e5materiale. Du kan bruke ulike typar kj\u00f8tt, som svin, storfe, lam, fisk, sj\u00f8mat. Og du kan ogs\u00e5 tilsetje poteter og andre gr\u00f8nsaker. <\/p>    <p>I tillegg simulerer kj\u00f8ttballetilvirkningsmaskinen prinsippet for kunstige kj\u00f8ttbollar. Etter \u00e5 ha laga dei, kan dei steikast eller dampast for \u00e5 lage mat. V\u00e5r kommersielle kj\u00f8ttballetilvirkningsmaskin kan hjelpe deg med \u00e5 lage ulike smakar av kj\u00f8ttbollar. Vi vil beskrive denne maskinen i detalj i denne artikkelen.<\/p>    <figure class=\"wp-block-image size-large\"><img loading=\"lazy\" decoding=\"async\" width=\"750\" height=\"750\" src=\"https:\/\/www.meatprocessingmachine.org\/wp-content\/uploads\/2021\/06\/6-1.jpg\" alt=\"Kj\u00f8ttbollemaskin\" class=\"wp-image-1460\" title=\"\" srcset=\"https:\/\/www.meatprocessingmachine.org\/wp-content\/uploads\/2021\/06\/6-1.jpg 750w, https:\/\/www.meatprocessingmachine.org\/wp-content\/uploads\/2021\/06\/6-1-300x300.jpg 300w, https:\/\/www.meatprocessingmachine.org\/wp-content\/uploads\/2021\/06\/6-1-150x150.jpg 150w\" sizes=\"auto, (max-width: 750px) 100vw, 750px\" \/><figcaption><\/figcaption><\/figure>    <h2 class=\"wp-block-heading\">Video som viser kj\u00f8ttballetilvirkningsmaskin<\/h2>    <figure class=\"wp-block-embed is-type-video is-provider-youtube wp-block-embed-youtube wp-embed-aspect-4-3 wp-has-aspect-ratio\"><div class=\"wp-block-embed__wrapper\"> <iframe loading=\"lazy\" title=\"kj\u00f8ttbollar maskin\" width=\"500\" height=\"375\" src=\"https:\/\/www.youtube.com\/embed\/kp1zxVYV68g?feature=oembed\" frameborder=\"0\" allow=\"accelerometer; autoplay; clipboard-write; encrypted-media; gyroscope; picture-in-picture; web-share\" referrerpolicy=\"strict-origin-when-cross-origin\" allowfullscreen><\/iframe> <\/div><figcaption class=\"wp-element-caption\">Meatball Making <\/figcaption><\/figure>    <h2 class=\"wp-block-heading\" id=\"h-advantages-of-meatball-machine\">Fordelar med kj\u00f8ttballetilvirkningsmaskin<\/h2>    <ol class=\"wp-block-list\"> <li>Ballane har god elastisitet og fell ikkje i oppl\u00f8ysing etter lang tid i kok.<\/li>    <li>Diameteren p\u00e5 ballane kan justerast<\/li>    <li>Hastigheita p\u00e5 ballane som kjem ut er justerbar<\/li>    <li>Maskinen er laga av rustfritt st\u00e5l, som er tryggare og meir slitesterk<\/li>    <li>Maskinen tek liten plass og kan plasserast fleksibelt<\/li> <\/ol>    <figure class=\"wp-block-image size-large\"><img loading=\"lazy\" decoding=\"async\" width=\"750\" height=\"419\" src=\"https:\/\/www.meatprocessingmachine.org\/wp-content\/uploads\/2021\/06\/meatball-machine-9.jpg\" alt=\"\" class=\"wp-image-1469\" title=\"\" srcset=\"https:\/\/www.meatprocessingmachine.org\/wp-content\/uploads\/2021\/06\/meatball-machine-9.jpg 750w, https:\/\/www.meatprocessingmachine.org\/wp-content\/uploads\/2021\/06\/meatball-machine-9-300x168.jpg 300w\" sizes=\"auto, (max-width: 750px) 100vw, 750px\" \/><figcaption><\/figcaption><\/figure>    <h2 class=\"wp-block-heading\" id=\"h-what-are-the-raw-materials-for-making-meatballs\">Kva er r\u00e5varene for \u00e5 lage kj\u00f8ttbollar?<\/h2>    <p class=\"translation-block\">R\u00e5varene for \u00e5 lage kj\u00f8ttbollar er sv\u00e6rt rike. Dei kan vere svin, storfe, lam, fisk, etc. som hovudingredienser. Du kan ogs\u00e5 tilsetje nokre ingrediensar, som br\u00f8dsmular, l\u00f8k, <a href=\"https:\/\/en.wikipedia.org\/wiki\/Cheese\" target=\"_blank\" rel=\"noopener\">ost<\/a>, eller sm\u00f8r. Sidan r\u00e5varene som kan tilsetjast er relativt frie, kan kj\u00f8ttbollar lagast etter lokale kjenneteikn.<\/p>    <h2 class=\"wp-block-heading\" id=\"h-meatball-machine-use-steps\">Stega for kj\u00f8ttballetilvirkningsmaskinen<\/h2>    <p>Detaljar om kj\u00f8ttballetilvirkningsmaskin<\/p>   <div class=\"wp-block-image\"> <figure class=\"aligncenter size-full\"><img loading=\"lazy\" decoding=\"async\" width=\"980\" height=\"375\" src=\"https:\/\/www.meatprocessingmachine.org\/wp-content\/uploads\/2021\/06\/meatball-forming-machine-details.webp\" alt=\"Den sandwich-kj\u00f8ttballetilvirkningsmaskinen kan lage fyllingar og setje dei i ballane. Skinnet p\u00e5 ballane kan vere forskjellig fr\u00e5 fyllingane i midten. Denne typen kj\u00f8ttbollar har ein rikare smak. Maskinen fungerer med to hol, slik at den kan lage fylling.\" class=\"wp-image-34396\" title=\"\" srcset=\"https:\/\/www.meatprocessingmachine.org\/wp-content\/uploads\/2021\/06\/meatball-forming-machine-details.webp 980w, https:\/\/www.meatprocessingmachine.org\/wp-content\/uploads\/2021\/06\/meatball-forming-machine-details-300x115.webp 300w, https:\/\/www.meatprocessingmachine.org\/wp-content\/uploads\/2021\/06\/meatball-forming-machine-details-768x294.webp 768w, https:\/\/www.meatprocessingmachine.org\/wp-content\/uploads\/2021\/06\/meatball-forming-machine-details-18x7.webp 18w\" sizes=\"auto, (max-width: 980px) 100vw, 980px\" \/><figcaption class=\"wp-element-caption\">Meatball Forming Machine Details<\/figcaption><\/figure> <\/div>   <h2 class=\"wp-block-heading\" id=\"h-two-types-of-meatball-machines\">To typar kj\u00f8ttballetilvirkningsmaskiner<\/h2>    <h3 class=\"wp-block-heading\" id=\"h-1-sandwich-meatballs\">Sandwich-kj\u00f8ttbollar<\/h3>    <p>Den faste kj\u00f8ttballetilvirkningsmaskinen har berre \u00e9in b\u00f8tte. Sj\u00f8lvsagt er heile kj\u00f8ttballetane som vert laga ein type r\u00e5materiale, s\u00e5 n\u00e5r du kj\u00f8per maskinen, kan du velje etter produkta dine.<\/p>    <figure class=\"wp-block-image size-large\"><img loading=\"lazy\" decoding=\"async\" width=\"750\" height=\"617\" src=\"https:\/\/www.meatprocessingmachine.org\/wp-content\/uploads\/2021\/06\/meatball-machine-2.jpg\" alt=\"Automatisk eggvaske-maskin | kraftskrubbe eggvaskemaskin\" class=\"wp-image-1458\" title=\"\" srcset=\"https:\/\/www.meatprocessingmachine.org\/wp-content\/uploads\/2021\/06\/meatball-machine-2.jpg 750w, https:\/\/www.meatprocessingmachine.org\/wp-content\/uploads\/2021\/06\/meatball-machine-2-300x247.jpg 300w\" sizes=\"auto, (max-width: 750px) 100vw, 750px\" \/><figcaption><\/figcaption><\/figure>    <h3 class=\"wp-block-heading\" id=\"h-2-solid-meatball-machine\">Fast kj\u00f8ttballemaskin<\/h3>    <p>Vekt: 125kg<\/p>    <h2 class=\"wp-block-heading\" id=\"h-meatball-machine-parameters\">Parameterar for kj\u00f8ttballetilvirkningsmaskin<\/h2>    <ul class=\"wp-block-list\"> <li>Spenning: 220v\/380v 50hz<\/li>    <li>Effekt: 3kw<\/li>    <li>Diameter: mindre enn 40mm<\/li>    <li>Kan lage storfe kj\u00f8ttbollar Kapasitet: 500-600 stk\/min<\/li>    <li>Forma storleik: 18 20 22 24 26 mm (maskinen har 3 stk formar)<\/li>    <li>Kj\u00f8ttballetilvirkningsmaskinen b\u00f8r plasserast p\u00e5 eit stabilt sted, og straumforsyning og jordingskabel b\u00f8r installeras for \u00e5 sikre tryggleik.<\/li>    <li>Rengjer maskinen f\u00f8r bruk, start den tom, og observer at den fungerer normalt f\u00f8r den tek i bruk.<\/li> <\/ul>    <h2 class=\"wp-block-heading\" id=\"h-precautions-for-making-meatballs\">Forsiktighetsreglar ved produksjon av kj\u00f8ttbollar<\/h2>    <ul class=\"wp-block-list\"> <li>Plasser ein stor bolle ved munningen av kj\u00f8ttballet, og fyll den med varmt vatn, 60~70 grader Celsius er passande<\/li>    <li>Vekten av produktet er 8-25 gram per stykk, og mengda av fylling, samt produksjonshastigheita kan automatisk justerast. Maksimal utgang kan n\u00e5 200-300kg\/t, som tilsvarar effektiviteten til 12 til 18 arbeidarar samtidig.<\/li>    <li>Den automatiske strukturen er fornuftig og kan driftes av \u00e9in eller to personar.<\/li>    <li>Kyllingbrystskj\u00e6rar<\/li>    <li>Fiskefyllingsmaskin<\/li> <\/ul>    <h2 class=\"wp-block-heading\" id=\"h-related-meat-machines\">Relaterte kj\u00f8ttmaskiner<\/h2>    <div class=\"wp-block-columns is-layout-flex wp-container-core-columns-is-layout-9d6595d7 wp-block-columns-is-layout-flex\"> <div class=\"wp-block-column is-layout-flow wp-block-column-is-layout-flow\"> <figure class=\"wp-block-image size-full\"><a href=\"https:\/\/www.meatprocessingmachine.org\/nn\/chicken-breast-slicer-machine-meat-cutting-machinery-for-meat-slices-strips.html\/\"><img loading=\"lazy\" decoding=\"async\" width=\"720\" height=\"540\" src=\"https:\/\/www.meatprocessingmachine.org\/wp-content\/uploads\/2021\/12\/Chicken-breast-cutter-machine.png\" alt=\"Kyllingbrystskj\u00e6ringsmaskin\" class=\"wp-image-32518\" title=\"\" srcset=\"https:\/\/www.meatprocessingmachine.org\/wp-content\/uploads\/2021\/12\/Chicken-breast-cutter-machine.png 720w, https:\/\/www.meatprocessingmachine.org\/wp-content\/uploads\/2021\/12\/Chicken-breast-cutter-machine-300x225.png 300w\" sizes=\"auto, (max-width: 720px) 100vw, 720px\" \/><\/a><figcaption class=\"wp-element-caption\">kj\u00f8ttballetilvirkningsmaskinKj\u00f8ttballetilformingMaskinkj\u00f8ttballemaskin<\/figcaption><\/figure> <\/div>    <div class=\"wp-block-column is-layout-flow wp-block-column-is-layout-flow\"> <figure class=\"wp-block-image size-full\"><a href=\"https:\/\/www.meatprocessingmachine.org\/nn\/how-about-fish-fillet-machine-for-salmon.html\/\"><img loading=\"lazy\" decoding=\"async\" width=\"720\" height=\"540\" src=\"https:\/\/www.meatprocessingmachine.org\/wp-content\/uploads\/2022\/01\/fish-filleting-machine-.png\" alt=\"fiskefileteringsmaskin\" class=\"wp-image-32567\" title=\"\" srcset=\"https:\/\/www.meatprocessingmachine.org\/wp-content\/uploads\/2022\/01\/fish-filleting-machine-.png 720w, https:\/\/www.meatprocessingmachine.org\/wp-content\/uploads\/2022\/01\/fish-filleting-machine--300x225.png 300w\" sizes=\"auto, (max-width: 720px) 100vw, 720px\" \/><\/a><figcaption class=\"wp-element-caption\">kj\u00f8ttballetilvirkningsmaskin<\/figcaption><\/figure> <\/div> <\/div>","protected":false},"excerpt":{"rendered":"<p>Kj\u00f8ttkuleprodusent er ein maskin som kan lage kj\u00f8ttkuler i ei kuleforma. Du kan bruke ulike kj\u00f8t og gr\u00f8nsaker som r\u00e5varer.<\/p>","protected":false},"author":1,"featured_media":1660,"parent":0,"template":"","product-type":[582,583,584,598],"class_list":["post-1448","product","type-product","status-publish","has-post-thumbnail","hentry","product-type-cattle-sheep","product-type-chicken-turkey","product-type-fish","product-type-supporting-auxiliary-equipment"],"_links":{"self":[{"href":"https:\/\/www.meatprocessingmachine.org\/nn\/wp-json\/wp\/v2\/product\/1448","targetHints":{"allow":["GET"]}}],"collection":[{"href":"https:\/\/www.meatprocessingmachine.org\/nn\/wp-json\/wp\/v2\/product"}],"about":[{"href":"https:\/\/www.meatprocessingmachine.org\/nn\/wp-json\/wp\/v2\/types\/product"}],"author":[{"embeddable":true,"href":"https:\/\/www.meatprocessingmachine.org\/nn\/wp-json\/wp\/v2\/users\/1"}],"wp:featuredmedia":[{"embeddable":true,"href":"https:\/\/www.meatprocessingmachine.org\/nn\/wp-json\/wp\/v2\/media\/1660"}],"wp:attachment":[{"href":"https:\/\/www.meatprocessingmachine.org\/nn\/wp-json\/wp\/v2\/media?parent=1448"}],"wp:term":[{"taxonomy":"product-type","embeddable":true,"href":"https:\/\/www.meatprocessingmachine.org\/nn\/wp-json\/wp\/v2\/product-type?post=1448"}],"curies":[{"name":"wp","href":"https:\/\/api.w.org\/{rel}","templated":true}]}}