{"id":152,"date":"2018-10-25T06:53:40","date_gmt":"2018-10-24T22:53:40","guid":{"rendered":"http:\/\/www.meatprocessingmachine.org\/?p=152"},"modified":"2026-02-12T16:11:00","modified_gmt":"2026-02-12T08:11:00","slug":"meat-smoking-oven","status":"publish","type":"product","link":"https:\/\/www.meatprocessingmachine.org\/nn\/meat-smoking-oven.html","title":{"rendered":"Automatisk kj\u00f8ttr\u00f8ykeapparat for r\u00f8yking av fisk, p\u00f8lse"},"content":{"rendered":"<div class=\"kk-star-ratings kksr-auto kksr-align-right kksr-valign-top\"     data-payload='{&quot;align&quot;:&quot;right&quot;,&quot;id&quot;:&quot;152&quot;,&quot;slug&quot;:&quot;default&quot;,&quot;valign&quot;:&quot;top&quot;,&quot;ignore&quot;:&quot;&quot;,&quot;reference&quot;:&quot;auto&quot;,&quot;class&quot;:&quot;&quot;,&quot;count&quot;:&quot;0&quot;,&quot;legendonly&quot;:&quot;&quot;,&quot;readonly&quot;:&quot;&quot;,&quot;score&quot;:&quot;0&quot;,&quot;starsonly&quot;:&quot;&quot;,&quot;best&quot;:&quot;5&quot;,&quot;gap&quot;:&quot;5&quot;,&quot;greet&quot;:&quot;Rate this product&quot;,&quot;legend&quot;:&quot;0\\\/5 - (0 votes)&quot;,&quot;size&quot;:&quot;24&quot;,&quot;title&quot;:&quot;Automatic meat smoking machine for smoking fish, sausage&quot;,&quot;width&quot;:&quot;0&quot;,&quot;_legend&quot;:&quot;{score}\\\/{best} - ({count} {votes})&quot;,&quot;font_factor&quot;:&quot;1.25&quot;}'>              <div class=\"kksr-stars\">      <div class=\"kksr-stars-inactive\">             <div class=\"kksr-star\" data-star=\"1\" style=\"padding-right: 5px\">               <div class=\"kksr-icon\" style=\"width: 24px; height: 24px;\"><\/div>         <\/div>             <div class=\"kksr-star\" data-star=\"2\" style=\"padding-right: 5px\">               <div class=\"kksr-icon\" style=\"width: 24px; height: 24px;\"><\/div>         <\/div>             <div class=\"kksr-star\" data-star=\"3\" style=\"padding-right: 5px\">               <div class=\"kksr-icon\" style=\"width: 24px; height: 24px;\"><\/div>         <\/div>             <div class=\"kksr-star\" data-star=\"4\" style=\"padding-right: 5px\">               <div class=\"kksr-icon\" style=\"width: 24px; height: 24px;\"><\/div>         <\/div>             <div class=\"kksr-star\" data-star=\"5\" style=\"padding-right: 5px\">               <div class=\"kksr-icon\" style=\"width: 24px; height: 24px;\"><\/div>         <\/div>     <\/div>      <div class=\"kksr-stars-active\" style=\"width: 0px;\">             <div class=\"kksr-star\" style=\"padding-right: 5px\">               <div class=\"kksr-icon\" style=\"width: 24px; height: 24px;\"><\/div>         <\/div>             <div class=\"kksr-star\" style=\"padding-right: 5px\">               <div class=\"kksr-icon\" style=\"width: 24px; height: 24px;\"><\/div>         <\/div>             <div class=\"kksr-star\" style=\"padding-right: 5px\">               <div class=\"kksr-icon\" style=\"width: 24px; height: 24px;\"><\/div>         <\/div>             <div class=\"kksr-star\" style=\"padding-right: 5px\">               <div class=\"kksr-icon\" style=\"width: 24px; height: 24px;\"><\/div>         <\/div>             <div class=\"kksr-star\" style=\"padding-right: 5px\">               <div class=\"kksr-icon\" style=\"width: 24px; height: 24px;\"><\/div>         <\/div>     <\/div> <\/div>                   <div class=\"kksr-legend\" style=\"font-size: 19.2px;\">             <span class=\"kksr-muted\">Vurder dette produktet<\/span>     <\/div>     <\/div>  <p class=\"translation-block\">Den  automatisk  kj\u00f8t r\u00f8ykemaskinen  har funksjonar for koking, t\u00f8rking, r\u00f8yking, rengjering og sikkerheitsbeskyttelse. Den unike luftsirkulasjonssystemet i  r\u00f8ykovnen  sikrar effektivt jamn temperatur og fuktighetsniv\u00e5 under baking, koking, t\u00f8rking, r\u00f8yking og andre prosessar av produktet, og dermed sikrar fargen og utseendet til produktet. Denne kj\u00f8t r\u00f8ykemaskinen er tilpassa for r\u00f8ykjing av fisk, kylling, p\u00f8lser og andre kj\u00f8t.<\/p>    <h2 class=\"wp-block-heading\" id=\"h-industrial-meat-smoking-machine-overview\">Oversikt over industriell kj\u00f8t r\u00f8ykemaskin<\/h2>    <p class=\"translation-block\"><strong>S\u00f8knad<\/strong>: R\u00f8ykemaskinen for kj\u00f8t vert hovudsakleg brukt til \u00e5 r\u00f8ykje, farge og smake p\u00e5 ulike typar kj\u00f8t. <a href=\"https:\/\/www.meatprocessingmachine.org\/nn\/info\/what-food-items-can-you-smoke\/\" data-type=\"URL\" data-id=\"https:\/\/www.meatprocessingmachine.org\/info\/what-food-items-can-you-smoke\/\">Den kan brukast p\u00e5 ulike p\u00f8lser, fisk, kylling, ost og andre produkt.<\/a><\/p>    <p class=\"translation-block\"><strong>Oppvarmingsmetode<\/strong>: elektrisk oppvarming, dampp\u00e5virking<\/p>    <p class=\"translation-block\"><strong>R\u00f8ykmetode<\/strong>: innvendig r\u00f8yk, utvendig r\u00f8yk<\/p>    <p class=\"translation-block\"><strong>R\u00f8ykmetode<\/strong>: kaldr\u00f8yk, varm r\u00f8yking, varm r\u00f8yking<\/p>    <p class=\"translation-block\"><strong>Samsvarsstruktur<\/strong>: Maskinen inkluderer hovudsakleg ein ovnsramme, varmesystem, sirkulerande luftsystem og elektrisk kontrollsystem.<\/p>    <p class=\"translation-block\"><strong>Funksjon<\/strong>: Maskinen har funksjonar for oppvarming, t\u00f8rking, r\u00f8yking, utlufting, osv.<\/p>    <figure class=\"wp-block-image size-full\"><img loading=\"lazy\" decoding=\"async\" width=\"750\" height=\"750\" src=\"https:\/\/www.meatprocessingmachine.org\/wp-content\/uploads\/2021\/08\/smoking-machine-2.jpg\" alt=\"R\u00f8ykemaskin frakt\" class=\"wp-image-1791\" title=\"\" srcset=\"https:\/\/www.meatprocessingmachine.org\/wp-content\/uploads\/2021\/08\/smoking-machine-2.jpg 750w, https:\/\/www.meatprocessingmachine.org\/wp-content\/uploads\/2021\/08\/smoking-machine-2-300x300.jpg 300w, https:\/\/www.meatprocessingmachine.org\/wp-content\/uploads\/2021\/08\/smoking-machine-2-150x150.jpg 150w\" sizes=\"auto, (max-width: 750px) 100vw, 750px\" \/><figcaption class=\"wp-element-caption\">R\u00f8ykemaskin<\/figcaption><\/figure>    <h2 class=\"wp-block-heading\" id=\"h-automatic-meat-smoking-oven-working-principle\">Automatisk kj\u00f8t r\u00f8ykovn arbeidsprinsipp<\/h2>    <p>Kj\u00f8t r\u00f8ykovnen er styrt av ein datamaskin. Den har fleire parameter som vises p\u00e5 grensesnittskjermen samtidig for \u00e5 overvake driftsstatusen. Den kan realisere fjernkontroll. Og det finst utskriftsoppskrifter, temperatur- og fuktighetskurver, og lagrar 100 oppskriftsprosessar i maskinen.<\/p>    <h2 class=\"wp-block-heading\" id=\"h-commercial-fish-smoking-machine-technical\">Kommersiell kj\u00f8t r\u00f8ykemaskin teknisk<\/h2>    <figure class=\"wp-block-table\"><table><tbody><tr><td>Modell<\/td><td>Storleik<\/td><td>Kapastitet<\/td><td>Kraft<\/td><td>Vekt<\/td><\/tr><tr><td>TZ30<\/td><td>800 * 800 * 1600<\/td><td>30kg<\/td><td>4,75kw<\/td><td>330kg<\/td><\/tr><tr><td>TZ50<\/td><td>1000 * 1000 * 1850<\/td><td>50kg<\/td><td>6,5kw<\/td><td>400kg<\/td><\/tr><tr><td>TZ100<\/td><td>1380 * 1340 * 1950<\/td><td>100kg<\/td><td>12,5kw<\/td><td>750kg<\/td><\/tr><tr><td>TZ250<\/td><td>1350 * 1510 * 3000<\/td><td>250kg<\/td><td>5.5kw<\/td><td>1900kg<\/td><\/tr><tr><td>TZ500<\/td><td>2400 * 1510 * 3000<\/td><td>500kg<\/td><td>10kw<\/td><td>2800kg<\/td><\/tr><\/tbody><\/table><figcaption class=\"wp-element-caption\">kj\u00f8t r\u00f8ykemaskin<\/figcaption><\/figure>    <hr class=\"wp-block-separator has-css-opacity\"\/>    <figure class=\"wp-block-image size-full is-resized\"><img loading=\"lazy\" decoding=\"async\" src=\"https:\/\/www.meatprocessingmachine.org\/wp-content\/uploads\/2021\/08\/smoking-food.jpg\" alt=\"smoking food\" class=\"wp-image-1792\" style=\"width:720px;height:540px\" width=\"720\" height=\"540\" title=\"\"><figcaption class=\"wp-element-caption\">R\u00f8ykingsmat<\/figcaption><\/figure>    <h2 class=\"wp-block-heading\" id=\"h-industrial-meat-smoking-machine-advantages\">Fordelar med industriell kj\u00f8t r\u00f8ykemaskin<\/h2>    <ul class=\"wp-block-list\"> <li>Den inneheld ikkje 3, 4-<a href=\"https:\/\/en.wikipedia.org\/wiki\/Benzopyrene\" target=\"_blank\" rel=\"noopener\">benzopyren <\/a>karsinogener, s\u00e5 det gjer den r\u00f8kte maten trygg og p\u00e5liteleg;<\/li>    <li>Reduser investeringa i tradisjonelle metodar i anlegget, utstyr og andre aspekt.<\/li>    <li>Kj\u00f8t r\u00f8ykovnen kan realisere mekanisering, elektrifisering, kontinuerlege produksjonsoperasjonar, og betra produksjonseffektiviteten mykje;<\/li>    <li>Den <a href=\"https:\/\/www.meatprocessingmachine.org\/nn\/info\/price-of-meat-smoker-machine\/\">Prisen p\u00e5 kj\u00f8t r\u00f8ykemaskinen<\/a> er kostnadseffektivt.<\/li>    <li>Dens produksjonsteknologi er enkel, lett \u00e5 betjene, har kort r\u00f8ykingstid, og lav arbeidsintensitet, og forurensar ikkje milj\u00f8et. Og r\u00f8kt kj\u00f8t har kjenneteikn p\u00e5 motkorrosjon, friskheit og kvalitetssikring.<\/li> <\/ul>    <h2 class=\"wp-block-heading\" id=\"h-structure-description\">Strukturbeskrivelse<\/h2>    <figure class=\"wp-block-image size-large is-resized\"><img loading=\"lazy\" decoding=\"async\" src=\"https:\/\/www.meatprocessingmachine.org\/wp-content\/uploads\/2021\/08\/smoking-machine-details-1-702x1024.jpg\" alt=\"smoking machine details\" class=\"wp-image-1795\" style=\"width:735px;height:1072px\" width=\"735\" height=\"1072\" title=\"\" srcset=\"https:\/\/www.meatprocessingmachine.org\/wp-content\/uploads\/2021\/08\/smoking-machine-details-1-702x1024.jpg 702w, https:\/\/www.meatprocessingmachine.org\/wp-content\/uploads\/2021\/08\/smoking-machine-details-1-206x300.jpg 206w, https:\/\/www.meatprocessingmachine.org\/wp-content\/uploads\/2021\/08\/smoking-machine-details-1.jpg 750w\" sizes=\"auto, (max-width: 735px) 100vw, 735px\" \/><figcaption class=\"wp-element-caption\">R\u00f8ykemaskindetaljar<\/figcaption><\/figure>    <p>Maskinen best\u00e5r av ein ovnsramme, elektrisk oppvarmingssystem, sirkulerande luftsystem, r\u00f8ykesystem og elektrisk kontrollsystem.<\/p>    <p><br>1. Ovnsramme: alle komponentar i ovnsramma og den ytre veggen er av rustfritt st\u00e5l, korrosjonsbestandig.<\/p>    <p>2. Elektrisk oppvarmingssystem: best\u00e5r av koking og t\u00f8rking. T\u00f8rkingsdelen: aktiverer elektrisk oppvarming, den varme gassen utvekslar varme gjennom varmevekslaren i ovnen, og produkta i ovnen vert baka. Kokingdelen: vert tilf\u00f8rt av det eksterne dampsystemet og varmar direkte opp produkta i ovnen.<\/p>    <p>3. Sirkulerande luftsystem: toppen av ovnen er utstyrt med ein elektrisk vifte. H\u00f8g kraft og stort luftvolum sikrar temperaturstigning i ovnen, gjer at temperaturen er jamn overalt, og sikrar at produktkvaliteten er stabil og p\u00e5liteleg.<\/p>    <p>4. R\u00f8ykesystem: legg dei r\u00f8ykfylte trepelletane i varmeplata i r\u00f8ykboksen, og r\u00f8yken som dannar seg vert sendt til ovnen for \u00e5 r\u00f8ykje produkta gjennom r\u00f8ykr\u00f8ret.<\/p>    <p>5. Elektrisk kontrollsystem: bruk avansert menneske-maskingrensesnitt og programmerbar styringsenhet, fullt automatisk kontroll og overvaking av kvar prosess, p\u00e5liteleg drift og enkel betjening, god vanntettheit.<\/p>    <h2 class=\"wp-block-heading\" id=\"h-how-to-smoke-sausage-with-a-sausage-smoker\">Korleis r\u00f8ykje p\u00f8lse med p\u00f8lsar\u00f8ykar?<\/h2>    <figure class=\"wp-block-embed is-type-video is-provider-youtube wp-block-embed-youtube\"><div class=\"wp-block-embed__wrapper\"> <iframe loading=\"lazy\" title=\"Likar du \u00e5 r\u00f8ykje mat | Automatisk mat r\u00f8ykemaskin for p\u00f8lser, kylling og fisk\" width=\"500\" height=\"281\" src=\"https:\/\/www.youtube.com\/embed\/Cv3rWUK_TEc?start=2&#038;feature=oembed\" frameborder=\"0\" allow=\"accelerometer; autoplay; clipboard-write; encrypted-media; gyroscope; picture-in-picture; web-share\" referrerpolicy=\"strict-origin-when-cross-origin\" allowfullscreen><\/iframe> <\/div><\/figure>    <p>Bruk av kj\u00f8t r\u00f8ykemaskin for \u00e5 r\u00f8ykje p\u00f8lser omfattar hovudsakleg f\u00f8rebuingsarbeid og formell produksjon. Forarbeidet f\u00f8r oppstarten spelar ei avgjerande rolle for r\u00f8ykinga av heile p\u00f8lsa.<\/p>    <h3 class=\"wp-block-heading\" id=\"h-preparation\">Forberedelse<\/h3>    <ol class=\"wp-block-list\" type=\"1\"> <li>F\u00f8r oppstart av maskinen, sjekk om alle delar av maskinen er l\u00f8se og unormale. Etter \u00e5 ha stadfesta at delane ikkje er l\u00f8se eller unormale, kan forberedingsarbeidet starte.<\/li>    <li>Legg treet i r\u00f8ykkammeret til r\u00f8ykemaskinen for \u00e5 antenne, og s\u00f8rg for at r\u00f8yken passerer gjennom r\u00f8ykaren.<\/li>    <li>Legg til reinvann i rengjingssystemet til r\u00f8ykaren, start eit rengjingsprogram, og rengjingspumpa vil starte.<\/li>    <li>Etter \u00e5 ha rengjort innsida av r\u00f8ykboksen, kan p\u00f8lsa leggast i r\u00f8ykboksen for r\u00f8ykjing.<\/li> <\/ol>    <figure class=\"wp-block-image size-full is-resized\"><img loading=\"lazy\" decoding=\"async\" src=\"https:\/\/www.meatprocessingmachine.org\/wp-content\/uploads\/2021\/08\/smoking-machine-shipping.jpg\" alt=\"smoking machine shipping\" class=\"wp-image-1794\" style=\"width:590px;height:673px\" width=\"590\" height=\"673\" title=\"\" srcset=\"https:\/\/www.meatprocessingmachine.org\/wp-content\/uploads\/2021\/08\/smoking-machine-shipping.jpg 750w, https:\/\/www.meatprocessingmachine.org\/wp-content\/uploads\/2021\/08\/smoking-machine-shipping-263x300.jpg 263w\" sizes=\"auto, (max-width: 590px) 100vw, 590px\" \/><figcaption class=\"wp-element-caption\">R\u00f8ykemaskin frakt<\/figcaption><\/figure>    <h3 class=\"wp-block-heading\" id=\"h-production-and-processing\">Produksjon og prosessering<\/h3>    <p>R\u00f8ykaren bruker eit intelligent kontrollpanel for \u00e5 betjene dei ulike stega av maskinen. Derfor kan kundane sette tid og fase for r\u00f8ykjing i samsvar med r\u00e5varene sine. Tast inn tid, temperatur og andre indikatorar p\u00e5 kontrollpanelet, og maskinen vil g\u00e5 automatisk. Etter \u00e5 ha fullf\u00f8rt alle sette r\u00f8ykprogram, vil maskinen sl\u00e5 seg av automatisk.<\/p>","protected":false},"excerpt":{"rendered":"<p>Den industrielle r\u00f8ykemaskinen for kj\u00f8tt er mykje brukt i r\u00f8yk, farge og smak av p\u00f8lser, fisk og anna kj\u00f8tt. Den bruker eit intelligent PLC-kontrollpanel for \u00e5 styre heile r\u00f8ykingsarbeidet.<\/p>","protected":false},"author":1,"featured_media":1798,"parent":0,"template":"","product-type":[584],"class_list":["post-152","product","type-product","status-publish","has-post-thumbnail","hentry","product-type-fish"],"_links":{"self":[{"href":"https:\/\/www.meatprocessingmachine.org\/nn\/wp-json\/wp\/v2\/product\/152","targetHints":{"allow":["GET"]}}],"collection":[{"href":"https:\/\/www.meatprocessingmachine.org\/nn\/wp-json\/wp\/v2\/product"}],"about":[{"href":"https:\/\/www.meatprocessingmachine.org\/nn\/wp-json\/wp\/v2\/types\/product"}],"author":[{"embeddable":true,"href":"https:\/\/www.meatprocessingmachine.org\/nn\/wp-json\/wp\/v2\/users\/1"}],"wp:featuredmedia":[{"embeddable":true,"href":"https:\/\/www.meatprocessingmachine.org\/nn\/wp-json\/wp\/v2\/media\/1798"}],"wp:attachment":[{"href":"https:\/\/www.meatprocessingmachine.org\/nn\/wp-json\/wp\/v2\/media?parent=152"}],"wp:term":[{"taxonomy":"product-type","embeddable":true,"href":"https:\/\/www.meatprocessingmachine.org\/nn\/wp-json\/wp\/v2\/product-type?post=152"}],"curies":[{"name":"wp","href":"https:\/\/api.w.org\/{rel}","templated":true}]}}