{"id":1635,"date":"2021-08-10T17:09:29","date_gmt":"2021-08-10T09:09:29","guid":{"rendered":"https:\/\/www.meatprocessingmachine.org\/?p=1635"},"modified":"2026-02-12T16:09:05","modified_gmt":"2026-02-12T08:09:05","slug":"dz-260-desktop-vacuum-packing-machine-for-sealing","status":"publish","type":"product","link":"https:\/\/www.meatprocessingmachine.org\/nn\/dz-260-desktop-vacuum-packing-machine-for-sealing.html","title":{"rendered":"DZ-260 skrivebords vakuumpakkemaskin for forsegling"},"content":{"rendered":"<div class=\"kk-star-ratings kksr-auto kksr-align-right kksr-valign-top\"     data-payload='{&quot;align&quot;:&quot;right&quot;,&quot;id&quot;:&quot;1635&quot;,&quot;slug&quot;:&quot;default&quot;,&quot;valign&quot;:&quot;top&quot;,&quot;ignore&quot;:&quot;&quot;,&quot;reference&quot;:&quot;auto&quot;,&quot;class&quot;:&quot;&quot;,&quot;count&quot;:&quot;0&quot;,&quot;legendonly&quot;:&quot;&quot;,&quot;readonly&quot;:&quot;&quot;,&quot;score&quot;:&quot;0&quot;,&quot;starsonly&quot;:&quot;&quot;,&quot;best&quot;:&quot;5&quot;,&quot;gap&quot;:&quot;5&quot;,&quot;greet&quot;:&quot;Rate this product&quot;,&quot;legend&quot;:&quot;0\\\/5 - (0 votes)&quot;,&quot;size&quot;:&quot;24&quot;,&quot;title&quot;:&quot;DZ-260 Desktop vacuum packing machine for sealing&quot;,&quot;width&quot;:&quot;0&quot;,&quot;_legend&quot;:&quot;{score}\\\/{best} - ({count} {votes})&quot;,&quot;font_factor&quot;:&quot;1.25&quot;}'>              <div class=\"kksr-stars\">      <div class=\"kksr-stars-inactive\">             <div class=\"kksr-star\" data-star=\"1\" style=\"padding-right: 5px\">               <div class=\"kksr-icon\" style=\"width: 24px; height: 24px;\"><\/div>         <\/div>             <div class=\"kksr-star\" data-star=\"2\" style=\"padding-right: 5px\">               <div class=\"kksr-icon\" style=\"width: 24px; height: 24px;\"><\/div>         <\/div>             <div class=\"kksr-star\" data-star=\"3\" style=\"padding-right: 5px\">               <div class=\"kksr-icon\" style=\"width: 24px; height: 24px;\"><\/div>         <\/div>             <div class=\"kksr-star\" data-star=\"4\" style=\"padding-right: 5px\">               <div class=\"kksr-icon\" style=\"width: 24px; height: 24px;\"><\/div>         <\/div>             <div class=\"kksr-star\" data-star=\"5\" style=\"padding-right: 5px\">               <div class=\"kksr-icon\" style=\"width: 24px; height: 24px;\"><\/div>         <\/div>     <\/div>      <div class=\"kksr-stars-active\" style=\"width: 0px;\">             <div class=\"kksr-star\" style=\"padding-right: 5px\">               <div class=\"kksr-icon\" style=\"width: 24px; height: 24px;\"><\/div>         <\/div>             <div class=\"kksr-star\" style=\"padding-right: 5px\">               <div class=\"kksr-icon\" style=\"width: 24px; height: 24px;\"><\/div>         <\/div>             <div class=\"kksr-star\" style=\"padding-right: 5px\">               <div class=\"kksr-icon\" style=\"width: 24px; height: 24px;\"><\/div>         <\/div>             <div class=\"kksr-star\" style=\"padding-right: 5px\">               <div class=\"kksr-icon\" style=\"width: 24px; height: 24px;\"><\/div>         <\/div>             <div class=\"kksr-star\" style=\"padding-right: 5px\">               <div class=\"kksr-icon\" style=\"width: 24px; height: 24px;\"><\/div>         <\/div>     <\/div> <\/div>                   <div class=\"kksr-legend\" style=\"font-size: 19.2px;\">             <span class=\"kksr-muted\">Vurder dette produktet<\/span>     <\/div>     <\/div>  <p class=\"translation-block\"> Desktop vakuumpakkemaskin er en maskin som kan vakuumere materialer. Den desktop vakuumpakkemaskinen kan brukes p\u00e5 b\u00e5de t\u00f8rre og v\u00e5te produkter, for faste, flytende, pulver og pasta matvarer, korn, frukt, konserverte frukter og kjemikalier. Elektroniske komponenter, presisjonsinstrumenter, sjeldne metaller, osv. for vakuumpakking. Vakuumpakking er veldig vanlig i livet, denne metoden er ogs\u00e5 enkel og praktisk, og er elsket av mange produsenter. I tillegg har vi ogs\u00e5 mange typer <a href=\"https:\/\/www.meatprocessingmachine.org\/nn\/vacuum-packing-machine.html\/\">vakuumpakkemaskiner<\/a> \u00e5 velge mellom.<\/p>    <h2 class=\"wp-block-heading\" id=\"h-how-to-use-desktop-vacuum-packing-machine\">Hvordan bruke desktop vakuumpakkemaskin<\/h2>    <figure class=\"wp-block-embed is-type-video is-provider-youtube wp-block-embed-youtube\"><div class=\"wp-block-embed__wrapper\"> <iframe loading=\"lazy\" title=\"vakuumpakkemaskin | matkammer vakuumforsegler\" width=\"500\" height=\"281\" src=\"https:\/\/www.youtube.com\/embed\/2CWP6Zl_GKg?start=8&#038;feature=oembed\" frameborder=\"0\" allow=\"accelerometer; autoplay; clipboard-write; encrypted-media; gyroscope; picture-in-picture; web-share\" referrerpolicy=\"strict-origin-when-cross-origin\" allowfullscreen><\/iframe> <\/div><\/figure>    <p>The use of vacuum packaging is very simple. First of all, you need to put the things to be packaged into the packaging bag, place the opening on the machine&#8217;s seal, and then turn on the switch, the machine will start working, and the machine will complete after extracting the air from the packaging bag. The predetermined vacuum degree, and finally the machine completes the sealing process.<\/p>    <h2 class=\"wp-block-heading\">Vakuumpakkings rolle<\/h2>    <figure class=\"wp-block-image size-full\"><img loading=\"lazy\" decoding=\"async\" width=\"750\" height=\"934\" src=\"https:\/\/www.meatprocessingmachine.org\/wp-content\/uploads\/2021\/08\/product-of-vacuum-packing.jpg\" alt=\"product of vacuum packing\" class=\"wp-image-1639\" title=\"\" srcset=\"https:\/\/www.meatprocessingmachine.org\/wp-content\/uploads\/2021\/08\/product-of-vacuum-packing.jpg 750w, https:\/\/www.meatprocessingmachine.org\/wp-content\/uploads\/2021\/08\/product-of-vacuum-packing-241x300.jpg 241w\" sizes=\"auto, (max-width: 750px) 100vw, 750px\" \/><figcaption>Produkt av vakuumpakking<\/figcaption><\/figure>    <p>Hovedfunksjonen til vakuumpakking er \u00e5 forlenge holdbarheten p\u00e5 mat og forhindre mugg og forringelse. Hovedfunksjonen til vakuumpakking er \u00e5 fjerne oksygenet i pakkeposen slik at maten utsettes for oksygen s\u00e5 lite som mulig, og oksidasjonsraten p\u00e5 maten reduseres. En annen side er \u00e5 forhindre bakterievekst. Det er mange bakterier i luften. Hvis et egnet vekstmilj\u00f8 skapes, vil bakteriene formere seg p\u00e5 kort tid. Akselerer matforringelse. P\u00e5 grunn av den gode lufttettheten til vakuumpakking, kan det forhindre at maten mister fuktighet til en viss grad og opprettholder den opprinnelige smaken av maten n\u00e5r den f\u00f8rst ble produsert. Derfor har vakuumpakking blitt en viktig del av livet.<\/p>    <figure class=\"wp-block-image size-full\"><img loading=\"lazy\" decoding=\"async\" width=\"750\" height=\"750\" src=\"https:\/\/www.meatprocessingmachine.org\/wp-content\/uploads\/2021\/08\/vacuum-packing-machine-2.jpg\" alt=\"vakuumforsegningsmaskin\" class=\"wp-image-1641\" title=\"\" srcset=\"https:\/\/www.meatprocessingmachine.org\/wp-content\/uploads\/2021\/08\/vacuum-packing-machine-2.jpg 750w, https:\/\/www.meatprocessingmachine.org\/wp-content\/uploads\/2021\/08\/vacuum-packing-machine-2-300x300.jpg 300w, https:\/\/www.meatprocessingmachine.org\/wp-content\/uploads\/2021\/08\/vacuum-packing-machine-2-150x150.jpg 150w\" sizes=\"auto, (max-width: 750px) 100vw, 750px\" \/><figcaption>Vakuumpakkemaskin<\/figcaption><\/figure>    <h2 class=\"wp-block-heading\">Parametere for desktop emballasjemaskin<\/h2>    <figure class=\"wp-block-table\"><table><tbody><tr><td>modell<\/td><td>DZ260<\/td><\/tr><tr><td>str\u00f8mforsyning<\/td><td>220V \/110V 50\/60HZ<\/td><\/tr><tr><td>Vakuumpumpeeffekt<\/td><td>370W<\/td><\/tr><tr><td>Forseglingseffekt<\/td><td>200 mm<\/td><\/tr><tr><td>Laveste absolutte trykk<\/td><td>1Kpa<\/td><\/tr><tr><td>Forseglingsposisjon<\/td><td>1Stykke (forseglingstape)<\/td><\/tr><tr><td>Vakumpamme-st\u00f8rrelse<\/td><td>340*300*50mm<\/td><\/tr><tr><td>Forsegling st\u00f8rrelse<\/td><td>260*8mm<\/td><\/tr><tr><td>vekt<\/td><td>35KG<\/td><\/tr><tr><td>Maskinst\u00f8rrelse<\/td><td>480*330*360mm<\/td><\/tr><\/tbody><\/table><figcaption>Desktop vakuumpakkemaskin<\/figcaption><\/figure>    <h2 class=\"wp-block-heading\">Fordeler med desktop vakuumpakkemaskin<\/h2>    <figure class=\"wp-block-image size-full\"><img loading=\"lazy\" decoding=\"async\" width=\"750\" height=\"831\" src=\"https:\/\/www.meatprocessingmachine.org\/wp-content\/uploads\/2021\/08\/Vacuum-packaging-machine-details.jpg\" alt=\"Vakuumpakkemaskindetaljer\" class=\"wp-image-1642\" title=\"\" srcset=\"https:\/\/www.meatprocessingmachine.org\/wp-content\/uploads\/2021\/08\/Vacuum-packaging-machine-details.jpg 750w, https:\/\/www.meatprocessingmachine.org\/wp-content\/uploads\/2021\/08\/Vacuum-packaging-machine-details-271x300.jpg 271w\" sizes=\"auto, (max-width: 750px) 100vw, 750px\" \/><figcaption>Detaljer om vakuumpakkemaskinen<\/figcaption><\/figure>    <p>1. Denne serien av vakuumpakkemaskiner kan vakuumere, forsegle, skrive ut og kj\u00f8le samtidig. Denne produktet er egnet for vakuumpakking av mat, medisin, sj\u00f8mat, kjemiske r\u00e5varer, elektroniske komponenter og andre produkter for \u00e5 forhindre oksidasjon og mugg. Antikorrosjon, fuktsikring, kvalitet og friskhet, forlenger lagringstiden til produktene.<\/p>    <p>2. Desktop vakuumpakkemaskinen har egenskaper som liten st\u00f8rrelse, lavt str\u00f8mforbruk, kort pumpetid, osv., som er egnet for pakking av sm\u00e5 gjenstander.<\/p>    <p>3. Systemet har fordelene med n\u00f8yaktig kontroll, sterk anti-interferens evne og god stabilitet. Alle innstillinger er direkte satt p\u00e5 panelet uten \u00e5 justere andre komponenter.<\/p>    <p>4. Desktop vakuumpakkemaskinen har egenskaper som liten st\u00f8rrelse, lavt str\u00f8mforbruk, kort pumpetid, osv., som er egnet for pakking av sm\u00e5 gjenstander.<\/p>","protected":false},"excerpt":{"rendered":"<p>The desktop vacuum packaging machine is a machine that can vacuum materials. The desktop vacuum packaging machine can be applied to both dry and wet products, for solid, liquid, powder, and paste foods, grains, fruits, preserved fruits, and chemicals. Electronic components, precision instruments, rare metals, etc. for vacuum packaging. Vacuum packaging is very common in life, this method is also simple and practical, and is loved by many manufacturers. In addition, we also have many types of vacuum packaging machines to choose.<\/p>","protected":false},"author":1,"featured_media":1638,"parent":0,"template":"","product-type":[596],"class_list":["post-1635","product","type-product","status-publish","has-post-thumbnail","hentry","product-type-meat-packaging-equipment"],"_links":{"self":[{"href":"https:\/\/www.meatprocessingmachine.org\/nn\/wp-json\/wp\/v2\/product\/1635","targetHints":{"allow":["GET"]}}],"collection":[{"href":"https:\/\/www.meatprocessingmachine.org\/nn\/wp-json\/wp\/v2\/product"}],"about":[{"href":"https:\/\/www.meatprocessingmachine.org\/nn\/wp-json\/wp\/v2\/types\/product"}],"author":[{"embeddable":true,"href":"https:\/\/www.meatprocessingmachine.org\/nn\/wp-json\/wp\/v2\/users\/1"}],"wp:featuredmedia":[{"embeddable":true,"href":"https:\/\/www.meatprocessingmachine.org\/nn\/wp-json\/wp\/v2\/media\/1638"}],"wp:attachment":[{"href":"https:\/\/www.meatprocessingmachine.org\/nn\/wp-json\/wp\/v2\/media?parent=1635"}],"wp:term":[{"taxonomy":"product-type","embeddable":true,"href":"https:\/\/www.meatprocessingmachine.org\/nn\/wp-json\/wp\/v2\/product-type?post=1635"}],"curies":[{"name":"wp","href":"https:\/\/api.w.org\/{rel}","templated":true}]}}