{"id":1646,"date":"2021-08-12T17:23:30","date_gmt":"2021-08-12T09:23:30","guid":{"rendered":"https:\/\/www.meatprocessingmachine.org\/?p=1646"},"modified":"2026-02-12T16:00:37","modified_gmt":"2026-02-12T08:00:37","slug":"single-chamber-vacuum-packaging-machine","status":"publish","type":"product","link":"https:\/\/www.meatprocessingmachine.org\/nn\/single-chamber-vacuum-packaging-machine.html","title":{"rendered":"Enkeltkammer vakuumemballeringsmaskin | Vakuumforseglingmaskin"},"content":{"rendered":"<div class=\"kk-star-ratings kksr-auto kksr-align-right kksr-valign-top\"     data-payload='{&quot;align&quot;:&quot;right&quot;,&quot;id&quot;:&quot;1646&quot;,&quot;slug&quot;:&quot;default&quot;,&quot;valign&quot;:&quot;top&quot;,&quot;ignore&quot;:&quot;&quot;,&quot;reference&quot;:&quot;auto&quot;,&quot;class&quot;:&quot;&quot;,&quot;count&quot;:&quot;0&quot;,&quot;legendonly&quot;:&quot;&quot;,&quot;readonly&quot;:&quot;&quot;,&quot;score&quot;:&quot;0&quot;,&quot;starsonly&quot;:&quot;&quot;,&quot;best&quot;:&quot;5&quot;,&quot;gap&quot;:&quot;5&quot;,&quot;greet&quot;:&quot;Rate this product&quot;,&quot;legend&quot;:&quot;0\\\/5 - (0 votes)&quot;,&quot;size&quot;:&quot;24&quot;,&quot;title&quot;:&quot;Single chamber vacuum packaging machine | Vacuum sealing machine&quot;,&quot;width&quot;:&quot;0&quot;,&quot;_legend&quot;:&quot;{score}\\\/{best} - ({count} {votes})&quot;,&quot;font_factor&quot;:&quot;1.25&quot;}'>              <div class=\"kksr-stars\">      <div class=\"kksr-stars-inactive\">             <div class=\"kksr-star\" data-star=\"1\" style=\"padding-right: 5px\">               <div class=\"kksr-icon\" style=\"width: 24px; height: 24px;\"><\/div>         <\/div>             <div class=\"kksr-star\" data-star=\"2\" style=\"padding-right: 5px\">               <div class=\"kksr-icon\" style=\"width: 24px; height: 24px;\"><\/div>         <\/div>             <div class=\"kksr-star\" data-star=\"3\" style=\"padding-right: 5px\">               <div class=\"kksr-icon\" style=\"width: 24px; height: 24px;\"><\/div>         <\/div>             <div class=\"kksr-star\" data-star=\"4\" style=\"padding-right: 5px\">               <div class=\"kksr-icon\" style=\"width: 24px; height: 24px;\"><\/div>         <\/div>             <div class=\"kksr-star\" data-star=\"5\" style=\"padding-right: 5px\">               <div class=\"kksr-icon\" style=\"width: 24px; height: 24px;\"><\/div>         <\/div>     <\/div>      <div class=\"kksr-stars-active\" style=\"width: 0px;\">             <div class=\"kksr-star\" style=\"padding-right: 5px\">               <div class=\"kksr-icon\" style=\"width: 24px; height: 24px;\"><\/div>         <\/div>             <div class=\"kksr-star\" style=\"padding-right: 5px\">               <div class=\"kksr-icon\" style=\"width: 24px; height: 24px;\"><\/div>         <\/div>             <div class=\"kksr-star\" style=\"padding-right: 5px\">               <div class=\"kksr-icon\" style=\"width: 24px; height: 24px;\"><\/div>         <\/div>             <div class=\"kksr-star\" style=\"padding-right: 5px\">               <div class=\"kksr-icon\" style=\"width: 24px; height: 24px;\"><\/div>         <\/div>             <div class=\"kksr-star\" style=\"padding-right: 5px\">               <div class=\"kksr-icon\" style=\"width: 24px; height: 24px;\"><\/div>         <\/div>     <\/div> <\/div>                   <div class=\"kksr-legend\" style=\"font-size: 19.2px;\">             <span class=\"kksr-muted\">Vurder dette produktet<\/span>     <\/div>     <\/div>  <p class=\"translation-block\">Enkeltkammer vakuumpakkemaskin kan trekke ut oksygen fra emballasjeposen for \u00e5 danne en vakuumtilstand. Dermed forlenges holdbarheten til maten. En automatisk vakuumpakkemaskin er egnet for pakking av kj\u00f8ttprodukter, <a href=\"https:\/\/en.wikipedia.org\/wiki\/Grain\" target=\"_blank\" rel=\"noopener\">korn<\/a>, medisiner, osv. Industrikammer forsegler kan hindre at maten blir mugg, samtidig som original smak beholdes, og fukten i maten vil ikke g\u00e5 tapt.<\/p>    <h2 class=\"wp-block-heading\">Arbeidsvisning av enkeltkammer vakuumpakkemaskin<\/h2>    <figure class=\"wp-block-embed is-type-video is-provider-youtube wp-block-embed-youtube\"><div class=\"wp-block-embed__wrapper\"> <iframe loading=\"lazy\" title=\"Kommersielle vakuumforseglere | Enkeltkammer vakuumpakkemaskin | pakkemaskin\" width=\"500\" height=\"281\" src=\"https:\/\/www.youtube.com\/embed\/0tZFANYuKhw?feature=oembed\" frameborder=\"0\" allow=\"accelerometer; autoplay; clipboard-write; encrypted-media; gyroscope; picture-in-picture; web-share\" referrerpolicy=\"strict-origin-when-cross-origin\" allowfullscreen><\/iframe> <\/div><figcaption class=\"wp-element-caption\">vakuumpakkemaskin arbeidvisning<\/figcaption><\/figure>    <h2 class=\"wp-block-heading\">Funksjon ved industriell kammer vakuumforsegler<\/h2>    <ol class=\"wp-block-list\"> <li>Enkeltkammer vakuumpakkemaskin bruker helt gjennomsiktig plexiglass, og emballasjesituasjonen kan observeres under drift.<\/li>    <li>Enkeltkammer vakuumpakkemaskin kan fullf\u00f8re flere trinn som vakuum, forsegling og printing p\u00e5 en gang.<\/li>    <li>Kroppen er liten og lett \u00e5 flytte.<\/li>    <li>Oppvarmingstemperaturen er kontrollerbar under forsegling og kan justeres n\u00e5r som helst avhengig av situasjonen.<\/li> <\/ol>    <h2 class=\"wp-block-heading\">Enkeltkammer vakuumpakker parametere<\/h2>    <figure class=\"wp-block-table\"><table><tbody><tr><td>Modell<\/td><td>DZ400\/2E<\/td><td>DZ500\/2E<\/td><td>DZ600\/2E<\/td><\/tr><tr><td>Str\u00f8mforsyning<\/td><td>220V\/110V<\/td><td>220V\/110V<\/td><td>220V\/110V<\/td><\/tr><tr><td>Vakuumpumpeeffekt<\/td><td>900W<\/td><td>900W<\/td><td>1800W<\/td><\/tr><tr><td>Forseglingseffekt<\/td><td>600W<\/td><td>750W<\/td><td>1200W<\/td><\/tr><tr><td>Laveste absolutte trykk<\/td><td>1Kpa<\/td><td>1Kpa<\/td><td>1Kpa<\/td><\/tr><tr><td>Forseglingsposisjon<\/td><td>2 (forseglingstripe)<\/td><td>2 (forseglingstripe)<\/td><td>2 (forseglingstripe)<\/td><\/tr><tr><td>Vakumpamme-st\u00f8rrelse<\/td><td>430x420x75mm<\/td><td>530x520x75mm<\/td><td>650x620x100mm<\/td><\/tr><tr><td>Forsegling st\u00f8rrelse<\/td><td>400*10mm<\/td><td>500*10mm<\/td><td>600*10mm<\/td><\/tr><tr><td>Netto vekt<\/td><td>80KG<\/td><td>100KG<\/td><td>150KG<\/td><\/tr><tr><td>Maskinst\u00f8rrelse<\/td><td>540*500*950mm<\/td><td>580*630*1000mm<\/td><td>750*710*1000mm<\/td><\/tr><\/tbody><\/table><figcaption class=\"wp-element-caption\"> Vakuumpakkemaskin-parametere <\/figcaption><\/figure>    <h2 class=\"wp-block-heading\" id=\"h-operation-steps-of-single-chamber-vacuum-packaging-machine\">Driftssteg av enkeltkammer vakuumpakkemaskin<\/h2>    <figure class=\"wp-block-image size-full is-resized\"><img loading=\"lazy\" decoding=\"async\" width=\"750\" height=\"750\" src=\"https:\/\/www.meatprocessingmachine.org\/wp-content\/uploads\/2021\/08\/Automatic-Vacuum-Sealing-Machine.jpg\" alt=\"Automatic Vacuum Sealing Machine\" class=\"wp-image-1649\" title=\"\" srcset=\"https:\/\/www.meatprocessingmachine.org\/wp-content\/uploads\/2021\/08\/Automatic-Vacuum-Sealing-Machine.jpg 750w, https:\/\/www.meatprocessingmachine.org\/wp-content\/uploads\/2021\/08\/Automatic-Vacuum-Sealing-Machine-300x300.jpg 300w, https:\/\/www.meatprocessingmachine.org\/wp-content\/uploads\/2021\/08\/Automatic-Vacuum-Sealing-Machine-150x150.jpg 150w\" sizes=\"auto, (max-width: 750px) 100vw, 750px\" \/><figcaption class=\"wp-element-caption\"><br>automatisk vakuumpakkemaskin<\/figcaption><\/figure>    <ol class=\"wp-block-list\"> <li>Hovedsakelig best\u00e5r enkeltkammer vakuumpakkemaskin av et vakuumsystem, et gasplusings- og forseglingssystem, et varmepressende forseglingssystem og et elektrisk kontrollsystem. Imidlertid er betjeningsprosessen for enkeltkammer vakuumsmaskin veldig enkel.<\/li>    <li>Sl\u00e5 p\u00e5 str\u00f8mmen: vri p\u00e5 str\u00f8malternativbryteren etter behov, det vil si at str\u00f8minikatorlyset er p\u00e5. Str\u00f8malternativbryteren peker mot vakuum for vakuumforsegling, og vakuumlading er for vakuumfylling og forsegling.<\/li>    <li>Put the packaging bag with the contents in the vacuum chamber, the bag&#8217;s mouth is neat.<\/li>    <li>Trykk ned lokket, og eksos (vakuum) indikatorlyset p\u00e5 panelet er p\u00e5. Vakuumpumpen begynner \u00e5 pumpe luft, og lokket blir automatisk trukket inn. Vakuumpinnen kan justere vakuumniv\u00e5et i henhold til emballasjekravene. Ved justering vises skalaen fra lavt til h\u00f8yt med liten amplitude.<\/li>    <li>N\u00e5r pumpingen n\u00e5r den satte tiden, er \u00f8nsket vakuum, pumpeprosessen avsluttes.<\/li>    <li>N\u00e5r pumping er ferdig, vil indikatorlyset g\u00e5 ut, varmeforseglingsindikatorlyset vil v\u00e6re tent, og inflasjonsaksjonen vil begynne.<\/li>    <li>N\u00e5r parameterne justeres, skal rotasjonsomr\u00e5det v\u00e6re lite for \u00e5 forhindre at varmeforseglingen plutselig \u00f8ker og brenner varmeforseglingen.<\/li>    <li>N\u00e5r varmeforseglingeniden er n\u00e5dd, g\u00e5r varmeforseglingindikatorlyset ut for \u00e5 indikere slutten av varmeforseglingen, og vakuumkammeret kobles automatisk til atmosf\u00e6ren via solenoideventilen inntil lokket automatisk l\u00f8ftes, og vakuumpakkingsprosessen er helt, klar til neste pakkesyklus.<\/li> <\/ol>    <figure class=\"wp-block-image size-full is-resized\"><img loading=\"lazy\" decoding=\"async\" width=\"750\" height=\"934\" src=\"https:\/\/www.meatprocessingmachine.org\/wp-content\/uploads\/2021\/08\/product-of-vacuum-packing-1.jpg\" alt=\"product of Industrial Chamber vacuum sealer \" class=\"wp-image-1653\" title=\"\" srcset=\"https:\/\/www.meatprocessingmachine.org\/wp-content\/uploads\/2021\/08\/product-of-vacuum-packing-1.jpg 750w, https:\/\/www.meatprocessingmachine.org\/wp-content\/uploads\/2021\/08\/product-of-vacuum-packing-1-241x300.jpg 241w\" sizes=\"auto, (max-width: 750px) 100vw, 750px\" \/><figcaption class=\"wp-element-caption\"><br><br>produkt av industriell kammer vakuumforsegler<\/figcaption><\/figure>    <h2 class=\"wp-block-heading\">Om emballasjeposen<\/h2>    <p>Mange kunder rapporterer alltid at vakuumposen blir brukt opp n\u00e5r de pakker med enkeltkammer vakuumpakkemaskin. Sp\u00f8r v\u00e5re teknikere hvorfor dette skjer. Kort sagt, tykkelsen p\u00e5 vakuumposen vi bruker kan ikke n\u00e5s, fordi vakuumet er ganske stort, s\u00e5 hvis posen ikke n\u00e5r tykkelsen n\u00e5r vi vakuumer, vil den bli skadet, s\u00e5 for emballasjonsmaterialer, v\u00e5re krav m\u00e5 fortsatt oppfylles, for \u00e5 sikre normalt vakuumpering.<\/p>   <div class=\"wp-block-image\"> <figure class=\"aligncenter size-full is-resized\"><img loading=\"lazy\" decoding=\"async\" width=\"720\" height=\"540\" src=\"https:\/\/www.meatprocessingmachine.org\/wp-content\/uploads\/2022\/03\/sausage-vacuum-packaging-machine-1-1.png\" alt=\"enkeltkammer vakuumpakkemaskin\" class=\"wp-image-32950\" style=\"object-fit:cover;width:720px;height:540px\" title=\"\" srcset=\"https:\/\/www.meatprocessingmachine.org\/wp-content\/uploads\/2022\/03\/sausage-vacuum-packaging-machine-1-1.png 720w, https:\/\/www.meatprocessingmachine.org\/wp-content\/uploads\/2022\/03\/sausage-vacuum-packaging-machine-1-1-300x225.png 300w\" sizes=\"auto, (max-width: 720px) 100vw, 720px\" \/><figcaption class=\"wp-element-caption\">Enkelt kammer vakuumpakker<\/figcaption><\/figure> <\/div>   <h2 class=\"wp-block-heading\">Typer av vakuumpakkemaskiner<\/h2>    <p class=\"translation-block\">Det er to typer vakuumpakkemaskiner: enkeltkammer og <a href=\"https:\/\/www.meatprocessingmachine.org\/nn\/dz-260-desktop-vacuum-packing-machine-for-sealing.html\/\">dobbeltkammer vakuumpakker<\/a>er. Funksjonen og effekten til disse to maskinene er den samme. Hovedforskjellen er emballasjefarten. Hvis du vil vite mer om denne maskinen, vennligst kontakt oss.<\/p>    <div class=\"wp-block-columns is-layout-flex wp-container-core-columns-is-layout-9d6595d7 wp-block-columns-is-layout-flex\"> <div class=\"wp-block-column is-layout-flow wp-block-column-is-layout-flow\"> <figure class=\"wp-block-image size-full\"><a href=\"https:\/\/www.meatprocessingmachine.org\/nn\/single-chamber-vacuum-packaging-machine-vacuum-sealing-machine.html\/\"><img loading=\"lazy\" decoding=\"async\" width=\"720\" height=\"540\" src=\"https:\/\/www.meatprocessingmachine.org\/wp-content\/uploads\/2018\/10\/single-chamber-meat-vacuum-packing-machine.webp\" alt=\"Vakuumpakka matvarer\" class=\"wp-image-34424\" title=\"\" srcset=\"https:\/\/www.meatprocessingmachine.org\/wp-content\/uploads\/2018\/10\/single-chamber-meat-vacuum-packing-machine.webp 720w, https:\/\/www.meatprocessingmachine.org\/wp-content\/uploads\/2018\/10\/single-chamber-meat-vacuum-packing-machine-300x225.webp 300w, https:\/\/www.meatprocessingmachine.org\/wp-content\/uploads\/2018\/10\/single-chamber-meat-vacuum-packing-machine-16x12.webp 16w\" sizes=\"auto, (max-width: 720px) 100vw, 720px\" \/><\/a><figcaption class=\"wp-element-caption\">Hold milj\u00f8et reint og ryddig, og unng\u00e5 overfl\u00f8dig fukt.<\/figcaption><\/figure> <\/div>    <div class=\"wp-block-column is-layout-flow wp-block-column-is-layout-flow\"> <figure class=\"wp-block-image size-full\"><a href=\"https:\/\/www.meatprocessingmachine.org\/nn\/dz-260-desktop-vacuum-packing-machine-for-sealing.html\/\"><img loading=\"lazy\" decoding=\"async\" width=\"720\" height=\"540\" src=\"https:\/\/www.meatprocessingmachine.org\/wp-content\/uploads\/2018\/10\/meat-vacuum-packaging-machine.webp\" alt=\"Kj\u00f8ttpakkemaskin\" class=\"wp-image-34423\" title=\"\" srcset=\"https:\/\/www.meatprocessingmachine.org\/wp-content\/uploads\/2018\/10\/meat-vacuum-packaging-machine.webp 720w, https:\/\/www.meatprocessingmachine.org\/wp-content\/uploads\/2018\/10\/meat-vacuum-packaging-machine-300x225.webp 300w, https:\/\/www.meatprocessingmachine.org\/wp-content\/uploads\/2018\/10\/meat-vacuum-packaging-machine-16x12.webp 16w\" sizes=\"auto, (max-width: 720px) 100vw, 720px\" \/><\/a><figcaption class=\"wp-element-caption\">Ikke bruk dette produktet i brannfarlige, eksplosive eller andre t\u00f8ffe milj\u00f8.<\/figcaption><\/figure> <\/div> <\/div>","protected":false},"excerpt":{"rendered":"<p>The single-chamber vacuum packaging machine can extract oxygen from the packaging bag to form a vacuum state. Thereby extending the shelf life of food. An automatic Vacuum Sealing Machine is suitable for packaging meat products, grains, medicines, etc. Industrial Chamber vacuum sealer can prevent the food from becoming moldy, while maintaining the original flavor of the food, ensuring that the moisture of the food will not be lost.<\/p>","protected":false},"author":1,"featured_media":1656,"parent":0,"template":"","product-type":[596],"class_list":["post-1646","product","type-product","status-publish","has-post-thumbnail","hentry","product-type-meat-packaging-equipment"],"_links":{"self":[{"href":"https:\/\/www.meatprocessingmachine.org\/nn\/wp-json\/wp\/v2\/product\/1646","targetHints":{"allow":["GET"]}}],"collection":[{"href":"https:\/\/www.meatprocessingmachine.org\/nn\/wp-json\/wp\/v2\/product"}],"about":[{"href":"https:\/\/www.meatprocessingmachine.org\/nn\/wp-json\/wp\/v2\/types\/product"}],"author":[{"embeddable":true,"href":"https:\/\/www.meatprocessingmachine.org\/nn\/wp-json\/wp\/v2\/users\/1"}],"wp:featuredmedia":[{"embeddable":true,"href":"https:\/\/www.meatprocessingmachine.org\/nn\/wp-json\/wp\/v2\/media\/1656"}],"wp:attachment":[{"href":"https:\/\/www.meatprocessingmachine.org\/nn\/wp-json\/wp\/v2\/media?parent=1646"}],"wp:term":[{"taxonomy":"product-type","embeddable":true,"href":"https:\/\/www.meatprocessingmachine.org\/nn\/wp-json\/wp\/v2\/product-type?post=1646"}],"curies":[{"name":"wp","href":"https:\/\/api.w.org\/{rel}","templated":true}]}}