{"id":1855,"date":"2021-08-31T17:22:25","date_gmt":"2021-08-31T09:22:25","guid":{"rendered":"https:\/\/www.meatprocessingmachine.org\/?p=1855"},"modified":"2023-02-17T15:16:02","modified_gmt":"2023-02-17T07:16:02","slug":"chicken-bone-grinder-best-meat-grinder-for-grinding-bones","status":"publish","type":"product","link":"https:\/\/www.meatprocessingmachine.org\/nn\/chicken-bone-grinder-best-meat-grinder-for-grinding-bones.html","title":{"rendered":"Beste kj\u00f8ttkvern for \u00e5 male bein | Kyllingbein-kvern"},"content":{"rendered":"<div class=\"kk-star-ratings kksr-auto kksr-align-right kksr-valign-top\"     data-payload='{&quot;align&quot;:&quot;right&quot;,&quot;id&quot;:&quot;1855&quot;,&quot;slug&quot;:&quot;default&quot;,&quot;valign&quot;:&quot;top&quot;,&quot;ignore&quot;:&quot;&quot;,&quot;reference&quot;:&quot;auto&quot;,&quot;class&quot;:&quot;&quot;,&quot;count&quot;:&quot;0&quot;,&quot;legendonly&quot;:&quot;&quot;,&quot;readonly&quot;:&quot;&quot;,&quot;score&quot;:&quot;0&quot;,&quot;starsonly&quot;:&quot;&quot;,&quot;best&quot;:&quot;5&quot;,&quot;gap&quot;:&quot;5&quot;,&quot;greet&quot;:&quot;Rate this product&quot;,&quot;legend&quot;:&quot;0\\\/5 - (0 votes)&quot;,&quot;size&quot;:&quot;24&quot;,&quot;title&quot;:&quot;Best Meat Grinder for Grinding Bones | Chicken Bone Grinder&quot;,&quot;width&quot;:&quot;0&quot;,&quot;_legend&quot;:&quot;{score}\\\/{best} - ({count} {votes})&quot;,&quot;font_factor&quot;:&quot;1.25&quot;}'>              <div class=\"kksr-stars\">      <div class=\"kksr-stars-inactive\">             <div class=\"kksr-star\" data-star=\"1\" style=\"padding-right: 5px\">               <div class=\"kksr-icon\" style=\"width: 24px; height: 24px;\"><\/div>         <\/div>             <div class=\"kksr-star\" data-star=\"2\" style=\"padding-right: 5px\">               <div class=\"kksr-icon\" style=\"width: 24px; height: 24px;\"><\/div>         <\/div>             <div class=\"kksr-star\" data-star=\"3\" style=\"padding-right: 5px\">               <div class=\"kksr-icon\" style=\"width: 24px; height: 24px;\"><\/div>         <\/div>             <div class=\"kksr-star\" data-star=\"4\" style=\"padding-right: 5px\">               <div class=\"kksr-icon\" style=\"width: 24px; height: 24px;\"><\/div>         <\/div>             <div class=\"kksr-star\" data-star=\"5\" style=\"padding-right: 5px\">               <div class=\"kksr-icon\" style=\"width: 24px; height: 24px;\"><\/div>         <\/div>     <\/div>      <div class=\"kksr-stars-active\" style=\"width: 0px;\">             <div class=\"kksr-star\" style=\"padding-right: 5px\">               <div class=\"kksr-icon\" style=\"width: 24px; height: 24px;\"><\/div>         <\/div>             <div class=\"kksr-star\" style=\"padding-right: 5px\">               <div class=\"kksr-icon\" style=\"width: 24px; height: 24px;\"><\/div>         <\/div>             <div class=\"kksr-star\" style=\"padding-right: 5px\">               <div class=\"kksr-icon\" style=\"width: 24px; height: 24px;\"><\/div>         <\/div>             <div class=\"kksr-star\" style=\"padding-right: 5px\">               <div class=\"kksr-icon\" style=\"width: 24px; height: 24px;\"><\/div>         <\/div>             <div class=\"kksr-star\" style=\"padding-right: 5px\">               <div class=\"kksr-icon\" style=\"width: 24px; height: 24px;\"><\/div>         <\/div>     <\/div> <\/div>                   <div class=\"kksr-legend\" style=\"font-size: 19.2px;\">             <span class=\"kksr-muted\">Vurder dette produktet<\/span>     <\/div>     <\/div>  <p>En fj\u00e6rbein-kutter er en maskin som kan male kj\u00f8tt med bein. Vi kan direkte sette noen kylling, fisk, fj\u00e6rfe osv. i fj\u00e6rbein-kutteren for behandling, slik at hunder eller andre tilskudd. For n\u00e6ringsrik matproduksjon er denne kj\u00f8ttkvernen veldig kraftig, ikke egnet for familier med bare en hund, men mer egnet for kj\u00f8ttbearbeidingsbedrifter, kj\u00e6ledyrmat produksjonsbedrifter, kj\u00e6ledyroppdrettsinstitusjoner, osv.<\/p>    <h2 class=\"wp-block-heading\">Hvorfor velge en fj\u00e6rbein-kutter<\/h2>    <p>There are many meat grinders on the market, but most of them can only process softer pure meat, so you can&#8217;t do anything about meat with bones, but some pets need to absorb some fat and protein in the bones, for convenience For consumption and preservation, bone grinders are used. The blade of this machine is hard enough, otherwise, it will not only be unable to grind the bones but will damage the tool.<\/p>    <h2 class=\"wp-block-heading\" id=\"h-bone-grinder-parameters\">Bein-kvernparametere<\/h2>    <p>Modell: TZ-130<\/p>    <p>St\u00f8rrelse:580*580*890mm<\/p>    <p>Spenning:220v 50hz<\/p>    <p>Effekt:5,5 kW<\/p>    <p>Kapastitet:300-500kg\/h<\/p>    <p>Vekt:130kg<\/p>    <p>Knusingsgrad:5-15 mm<\/p>    <h2 class=\"wp-block-heading\">Video visning<\/h2>    <figure class=\"wp-block-embed is-type-video is-provider-youtube wp-block-embed-youtube\"><div class=\"wp-block-embed__wrapper\"> <iframe loading=\"lazy\" title=\"Mer\" width=\"500\" height=\"281\" src=\"https:\/\/www.youtube.com\/embed\/tNCGhNMxsIE?feature=oembed\" frameborder=\"0\" allow=\"accelerometer; autoplay; clipboard-write; encrypted-media; gyroscope; picture-in-picture; web-share\" referrerpolicy=\"strict-origin-when-cross-origin\" allowfullscreen><\/iframe> <\/div><figcaption class=\"wp-element-caption\">Hvordan fungerer bein-kvernen<\/figcaption><\/figure>    <h2 class=\"wp-block-heading\">Kj\u00f8ttkvern-prinsipp<\/h2>    <p>Arbeidet til fj\u00e6rbeinshredderen avhenger hovedsakelig av den roterende skruen for \u00e5 skyve r\u00e5varene i hopperboksen til forhakket ellerificeplate, og skj\u00e6reverket som dannes av den roterende skj\u00e6rebladene og perforasjonskant av orifice-plate brukes til \u00e5 hakke r\u00e5varene, og under trykkutsettning blir r\u00e5varene kontinuerlig utst\u00f8tt av maskinen. Denne maskinen kan utstyres med tilsvarende kuttere og orifice-plater avhengig av forskjellige materialegenskaper og behandlingskrav for \u00e5 prosessere partikler av forskjellige st\u00f8rrelser for \u00e5 m\u00f8te neste prosesskrav.<\/p>    <figure class=\"wp-block-gallery has-nested-images columns-default is-cropped wp-block-gallery-2 is-layout-flex wp-block-gallery-is-layout-flex\"> <figure class=\"wp-block-image size-large\"><img loading=\"lazy\" decoding=\"async\" width=\"289\" height=\"174\" data-id=\"1879\" src=\"https:\/\/www.meatprocessingmachine.org\/wp-content\/uploads\/2021\/08\/Meat-Grider-2-3.jpg\" alt=\"\" class=\"wp-image-1879\" title=\"\"><figcaption class=\"wp-element-caption\">Kj\u00f8ttgrider<\/figcaption><\/figure>    <figure class=\"wp-block-image size-large\"><img loading=\"lazy\" decoding=\"async\" width=\"595\" height=\"599\" data-id=\"1880\" src=\"https:\/\/www.meatprocessingmachine.org\/wp-content\/uploads\/2021\/08\/Meat-Grider-1.jpg\" alt=\"\" class=\"wp-image-1880\" title=\"\" srcset=\"https:\/\/www.meatprocessingmachine.org\/wp-content\/uploads\/2021\/08\/Meat-Grider-1.jpg 595w, https:\/\/www.meatprocessingmachine.org\/wp-content\/uploads\/2021\/08\/Meat-Grider-1-298x300.jpg 298w, https:\/\/www.meatprocessingmachine.org\/wp-content\/uploads\/2021\/08\/Meat-Grider-1-150x150.jpg 150w\" sizes=\"auto, (max-width: 595px) 100vw, 595px\" \/><figcaption class=\"wp-element-caption\">Kj\u00f8ttgrider<\/figcaption><\/figure> <figcaption class=\"blocks-gallery-caption wp-element-caption\">Kj\u00f8ttkutter detalj<\/figcaption><\/figure>    <h2 class=\"wp-block-heading\">Maskiner involvert i videre behandling<\/h2>    <figure class=\"wp-block-gallery has-nested-images columns-default is-cropped wp-block-gallery-3 is-layout-flex wp-block-gallery-is-layout-flex\"> <figure class=\"wp-block-image size-large\"><img loading=\"lazy\" decoding=\"async\" width=\"300\" height=\"168\" data-id=\"1886\" src=\"https:\/\/www.meatprocessingmachine.org\/wp-content\/uploads\/2021\/08\/Application-of-meat-grinder-2.jpg\" alt=\"\" class=\"wp-image-1886\" title=\"\"><figcaption><\/figcaption><\/figure>    <figure class=\"wp-block-image size-large\"><img loading=\"lazy\" decoding=\"async\" width=\"275\" height=\"183\" data-id=\"1887\" src=\"https:\/\/www.meatprocessingmachine.org\/wp-content\/uploads\/2021\/08\/Application-of-meat-grinder.jpg\" alt=\"\" class=\"wp-image-1887\" title=\"\"><figcaption><\/figcaption><\/figure> <figcaption class=\"blocks-gallery-caption wp-element-caption\">Application Of Meat Grinder<\/figcaption><\/figure>    <h3 class=\"wp-block-heading\">Bearbeidede kj\u00f8ttboller<\/h3>    <p>H\u00f8y arbeidseffektivitet, opptil 500 kg per time<\/p>    <h3 class=\"wp-block-heading\">Fiskebehandling<\/h3>    <p class=\"translation-block\">Etter at fisk blir fjernet <a href=\"https:\/\/www.meatprocessingmachine.org\/nn\/electric-fish-belly-splitting-cutting-machine.html\/\" data-type=\"URL\" data-id=\"https:\/\/www.meatprocessingmachine.org\/electric-fish-belly-splitting-cutting-machine.html\">skalerer<\/a>, kan den direkte puttes i denne kj\u00f8ttkvernen for maling. Denne kj\u00f8ttkvernen kan fullt ut knuse fiskekj\u00f8tt og fiskeben for \u00e5 f\u00e5 fiskemudder, som brukes til \u00e5 lage fiskekj\u00f8ttprodukter.<\/p>    <h2 class=\"wp-block-heading\">Maskinen har et vakkert utseende og en liten fotavtrykk<\/h2>    <p>Enkelt \u00e5 betjene, kan l\u00e6res ved \u00e5 se p\u00e5 videoen<\/p>    <p>Sterk bevegelighet, maskinen leveres med bordhjul<\/p>    <p>Bein-kverner<\/p>    <p>1. Rengj\u00f8r f\u00f8r bruk<\/p>    <h2 class=\"wp-block-heading\">Etter-salg vedlikehold og rengj\u00f8ring av bein-kverner for beinmaling<\/h2>    <figure class=\"wp-block-image size-full is-resized\"><img loading=\"lazy\" decoding=\"async\" src=\"https:\/\/www.meatprocessingmachine.org\/wp-content\/uploads\/2021\/08\/bone-grinder.png\" alt=\"\" class=\"wp-image-1885\" width=\"757\" height=\"568\" title=\"\"><figcaption class=\"wp-element-caption\"> Beinm\u00f8lle<\/figcaption><\/figure>    <p>3. Hvis kj\u00f8ttet ikke er jevnt eller sm\u00f8raktig, kan f\u00f8lgende \u00e5rsaker foreligge<\/p>    <p>(1) Forsettet l\u00e5sen\u00f8kkelen er for l\u00f8s og b\u00f8r justeres<\/p>    <p>(2) Kj\u00f8ttfatet er blokkert og b\u00f8r ryddes opp<\/p>    <p>(3) Bein-kvernene er for kjedelige og b\u00f8r skjerpes eller skiftes ut<\/p>    <p> 4. Det er strengt forbudt \u00e5 mate kj\u00f8ttkvernen direkte med hendene for \u00e5 sikre sikkerheten<\/p>    <p>Spre kj\u00e6rligheten<\/p>    <p>Shuliy<\/p>    <h2 class=\"wp-block-heading\">Tilknyttet maskin-innf\u00f8ring av Kj\u00f8ttkvern for Beinmalning<\/h2>    <p class=\"translation-block\">V\u00e5r bedrift har ogs\u00e5 <a href=\"https:\/\/www.meatprocessingmachine.org\/nn\/frozen-meat-grinder.html\/\">frosne kj\u00f8ttkutter <\/a>og terningkj\u00f8ttkuttere, som kan velges ut fra sluttprodukter og r\u00e5varer vi \u00f8nsker \u00e5 oppn\u00e5. Vi ser frem til \u00e5 tilby kundene den beste kvaliteten p\u00e5 tjenesten<\/p>","protected":false},"excerpt":{"rendered":"<p>Poultry bone grinder is a machine that can grind meat with bones. We can directly put some chicken, fish, some poultry, etc. into the poultry bone grinder for processing, so as to give dogs or other supplements. For nutritious food production, this meat grinder is very powerful, not suitable for families with only one pet dog, but more suitable for meat processing plants, pet food processing plants, pet breeding institutions, etc.<\/p>","protected":false},"author":1,"featured_media":1914,"parent":0,"template":"","product-type":[590],"class_list":["post-1855","product","type-product","status-publish","has-post-thumbnail","hentry","product-type-meat-grinding-machine"],"_links":{"self":[{"href":"https:\/\/www.meatprocessingmachine.org\/nn\/wp-json\/wp\/v2\/product\/1855","targetHints":{"allow":["GET"]}}],"collection":[{"href":"https:\/\/www.meatprocessingmachine.org\/nn\/wp-json\/wp\/v2\/product"}],"about":[{"href":"https:\/\/www.meatprocessingmachine.org\/nn\/wp-json\/wp\/v2\/types\/product"}],"author":[{"embeddable":true,"href":"https:\/\/www.meatprocessingmachine.org\/nn\/wp-json\/wp\/v2\/users\/1"}],"wp:featuredmedia":[{"embeddable":true,"href":"https:\/\/www.meatprocessingmachine.org\/nn\/wp-json\/wp\/v2\/media\/1914"}],"wp:attachment":[{"href":"https:\/\/www.meatprocessingmachine.org\/nn\/wp-json\/wp\/v2\/media?parent=1855"}],"wp:term":[{"taxonomy":"product-type","embeddable":true,"href":"https:\/\/www.meatprocessingmachine.org\/nn\/wp-json\/wp\/v2\/product-type?post=1855"}],"curies":[{"name":"wp","href":"https:\/\/api.w.org\/{rel}","templated":true}]}}