{"id":1911,"date":"2021-09-02T18:02:08","date_gmt":"2021-09-02T10:02:08","guid":{"rendered":"https:\/\/www.meatprocessingmachine.org\/?p=1911"},"modified":"2022-07-26T09:37:20","modified_gmt":"2022-07-26T01:37:20","slug":"chicken-feather-removal-machine","status":"publish","type":"product","link":"https:\/\/www.meatprocessingmachine.org\/nn\/chicken-feather-removal-machine.html","title":{"rendered":"Kyllingfj\u00e6rfjeringsmaskin | Fj\u00e6rplukkingmaskin for fj\u00f8rfe"},"content":{"rendered":"<div class=\"kk-star-ratings kksr-auto kksr-align-right kksr-valign-top\"     data-payload='{&quot;align&quot;:&quot;right&quot;,&quot;id&quot;:&quot;1911&quot;,&quot;slug&quot;:&quot;default&quot;,&quot;valign&quot;:&quot;top&quot;,&quot;ignore&quot;:&quot;&quot;,&quot;reference&quot;:&quot;auto&quot;,&quot;class&quot;:&quot;&quot;,&quot;count&quot;:&quot;0&quot;,&quot;legendonly&quot;:&quot;&quot;,&quot;readonly&quot;:&quot;&quot;,&quot;score&quot;:&quot;0&quot;,&quot;starsonly&quot;:&quot;&quot;,&quot;best&quot;:&quot;5&quot;,&quot;gap&quot;:&quot;5&quot;,&quot;greet&quot;:&quot;Rate this product&quot;,&quot;legend&quot;:&quot;0\\\/5 - (0 votes)&quot;,&quot;size&quot;:&quot;24&quot;,&quot;title&quot;:&quot;Chicken Feather Removal Machine | Poultry feather plucking machine&quot;,&quot;width&quot;:&quot;0&quot;,&quot;_legend&quot;:&quot;{score}\\\/{best} - ({count} {votes})&quot;,&quot;font_factor&quot;:&quot;1.25&quot;}'>              <div class=\"kksr-stars\">      <div class=\"kksr-stars-inactive\">             <div class=\"kksr-star\" data-star=\"1\" style=\"padding-right: 5px\">               <div class=\"kksr-icon\" style=\"width: 24px; height: 24px;\"><\/div>         <\/div>             <div class=\"kksr-star\" data-star=\"2\" style=\"padding-right: 5px\">               <div class=\"kksr-icon\" style=\"width: 24px; height: 24px;\"><\/div>         <\/div>             <div class=\"kksr-star\" data-star=\"3\" style=\"padding-right: 5px\">               <div class=\"kksr-icon\" style=\"width: 24px; height: 24px;\"><\/div>         <\/div>             <div class=\"kksr-star\" data-star=\"4\" style=\"padding-right: 5px\">               <div class=\"kksr-icon\" style=\"width: 24px; height: 24px;\"><\/div>         <\/div>             <div class=\"kksr-star\" data-star=\"5\" style=\"padding-right: 5px\">               <div class=\"kksr-icon\" style=\"width: 24px; height: 24px;\"><\/div>         <\/div>     <\/div>      <div class=\"kksr-stars-active\" style=\"width: 0px;\">             <div class=\"kksr-star\" style=\"padding-right: 5px\">               <div class=\"kksr-icon\" style=\"width: 24px; height: 24px;\"><\/div>         <\/div>             <div class=\"kksr-star\" style=\"padding-right: 5px\">               <div class=\"kksr-icon\" style=\"width: 24px; height: 24px;\"><\/div>         <\/div>             <div class=\"kksr-star\" style=\"padding-right: 5px\">               <div class=\"kksr-icon\" style=\"width: 24px; height: 24px;\"><\/div>         <\/div>             <div class=\"kksr-star\" style=\"padding-right: 5px\">               <div class=\"kksr-icon\" style=\"width: 24px; height: 24px;\"><\/div>         <\/div>             <div class=\"kksr-star\" style=\"padding-right: 5px\">               <div class=\"kksr-icon\" style=\"width: 24px; height: 24px;\"><\/div>         <\/div>     <\/div> <\/div>                   <div class=\"kksr-legend\" style=\"font-size: 19.2px;\">             <span class=\"kksr-muted\">Vurder dette produktet<\/span>     <\/div>     <\/div>  <p class=\"translation-block\">Fj\u00e6rfjeringsmaskin for kylling kan automatisk fjerne h\u00e5r fra fj\u00e6rkledde dyr, inkludert kyllinger, ender, gjess, kaniner og andre fj\u00e6rkledde dyr, noen slakterier og kyllingleverand\u00f8rer h\u00e5ndterer kyllinger? Det er veldig urealistisk \u00e5 bruke manuelle operasjoner. <a href=\"https:\/\/www.meatprocessingmachine.org\/nn\/the-fastest-way-to-remove-chicken-feathers.html\/\">Fj\u00e6rplukker<\/a> kan raskt fjerne fj\u00e6rene. S\u00e5 hvordan fungerer det?<\/p>    <h2 class=\"wp-block-heading\">Anvendelsesomr\u00e5det for kyllingfj\u00e6r<\/h2>    <p>Kyllingh\u00e5rfjeringsmaskinen brukes hovedsakelig til \u00e5 fjerne fj\u00e6r fra fugler, som kyllinger, ender, gjess og duer. B\u00e5de st\u00f8rre kyllinger og sm\u00e5 duer kan fj\u00e6rfjernes. Maskinen har h\u00f8y effektivitet og rask arbeidsfart. Passer for noen familiebruk og kj\u00f8ttforedlingsanlegg.<\/p>    <h2 class=\"wp-block-heading\">Egenskaper ved kyllingfj\u00e6rfjeringsmaskinen<\/h2>    <p>Egenskapene til denne fj\u00e6rfjernende kyllingen er veldig tydelige. Maskinen er relativt liten som helhet, og den er mer egnet for behovet for \u00e5 fjerne hundrevis av kyllinger hver dag, og maskinen m\u00e5 manuelt assisteres for \u00e5 trekke ut fj\u00e6rene. Maskinen er relativt uts\u00f8kt, kompakt, og kan flyttes fleksibelt, og den kan ogs\u00e5 rengj\u00f8res. Mer praktisk.<\/p>    <figure class=\"wp-block-gallery has-nested-images columns-default is-cropped wp-block-gallery-2 is-layout-flex wp-block-gallery-is-layout-flex\"> <figure class=\"wp-block-image size-large\"><img loading=\"lazy\" decoding=\"async\" width=\"640\" height=\"480\" data-id=\"1921\" src=\"https:\/\/www.meatprocessingmachine.org\/wp-content\/uploads\/2021\/09\/Chicken-Feather-Removal-Machine-details-4.jpg\" alt=\"\" class=\"wp-image-1921\" title=\"\" srcset=\"https:\/\/www.meatprocessingmachine.org\/wp-content\/uploads\/2021\/09\/Chicken-Feather-Removal-Machine-details-4.jpg 640w, https:\/\/www.meatprocessingmachine.org\/wp-content\/uploads\/2021\/09\/Chicken-Feather-Removal-Machine-details-4-300x225.jpg 300w\" sizes=\"auto, (max-width: 640px) 100vw, 640px\" \/><figcaption><\/figcaption><\/figure>    <figure class=\"wp-block-image size-large\"><img loading=\"lazy\" decoding=\"async\" width=\"1024\" height=\"768\" data-id=\"1922\" src=\"https:\/\/www.meatprocessingmachine.org\/wp-content\/uploads\/2021\/09\/Chicken-Feather-Removal-Machine-details-3-1024x768.jpg\" alt=\"\" class=\"wp-image-1922\" title=\"\" srcset=\"https:\/\/www.meatprocessingmachine.org\/wp-content\/uploads\/2021\/09\/Chicken-Feather-Removal-Machine-details-3-1024x768.jpg 1024w, https:\/\/www.meatprocessingmachine.org\/wp-content\/uploads\/2021\/09\/Chicken-Feather-Removal-Machine-details-3-300x225.jpg 300w, https:\/\/www.meatprocessingmachine.org\/wp-content\/uploads\/2021\/09\/Chicken-Feather-Removal-Machine-details-3-768x576.jpg 768w, https:\/\/www.meatprocessingmachine.org\/wp-content\/uploads\/2021\/09\/Chicken-Feather-Removal-Machine-details-3-1536x1152.jpg 1536w, https:\/\/www.meatprocessingmachine.org\/wp-content\/uploads\/2021\/09\/Chicken-Feather-Removal-Machine-details-3.jpg 1600w\" sizes=\"auto, (max-width: 1024px) 100vw, 1024px\" \/><figcaption><\/figcaption><\/figure> <figcaption class=\"blocks-gallery-caption\">Factory Inventory Of Feather Plucking Machine<\/figcaption><\/figure>    <p>Hvis du vil gj\u00f8re kontinuerlig arbeid, trenger du en annen maskin, som er kraftigere og kan h\u00e5ndtere tusenvis av kyllinger om dagen. Selvf\u00f8lgelig, hvis det er en generell produksjon og prosessering, kan denne lille fj\u00e6rplukkeren fullt ut h\u00e5ndtere det.<\/p>    <h2 class=\"wp-block-heading\" id=\"h-blanching-machine\">Blancheringsmaskin<\/h2>    <p>The chicken needs to be blanched before putting it into the feather plucking machine. This is more conducive to the machine&#8217;s hair removal. You can use 70\u2103 water for blanching during blanching. The blanching temperature should not be too high. The skin of the chicken is damaged in the process of plucking. If the blanching water temperature is too low, the chicken will not be so clean during plucking.<\/p>    <h2 class=\"wp-block-heading\">Arbeidsprinsippet for kyllingh\u00e5rfjeringsmaskinen<\/h2>    <figure class=\"wp-block-gallery has-nested-images columns-default is-cropped wp-block-gallery-3 is-layout-flex wp-block-gallery-is-layout-flex\"> <figure class=\"wp-block-image size-large\"><img loading=\"lazy\" decoding=\"async\" width=\"800\" height=\"473\" data-id=\"1927\" src=\"https:\/\/www.meatprocessingmachine.org\/wp-content\/uploads\/2021\/09\/Chicken-Feather-Removal-Machine-details-5.jpg\" alt=\"\" class=\"wp-image-1927\" title=\"\" srcset=\"https:\/\/www.meatprocessingmachine.org\/wp-content\/uploads\/2021\/09\/Chicken-Feather-Removal-Machine-details-5.jpg 800w, https:\/\/www.meatprocessingmachine.org\/wp-content\/uploads\/2021\/09\/Chicken-Feather-Removal-Machine-details-5-300x177.jpg 300w, https:\/\/www.meatprocessingmachine.org\/wp-content\/uploads\/2021\/09\/Chicken-Feather-Removal-Machine-details-5-768x454.jpg 768w\" sizes=\"auto, (max-width: 800px) 100vw, 800px\" \/><figcaption><\/figcaption><\/figure>    <figure class=\"wp-block-image size-large\"><img loading=\"lazy\" decoding=\"async\" width=\"1024\" height=\"768\" data-id=\"1928\" src=\"https:\/\/www.meatprocessingmachine.org\/wp-content\/uploads\/2021\/09\/Chicken-Feather-Removal-Machine-details-2-2-1024x768.jpg\" alt=\"\" class=\"wp-image-1928\" title=\"\" srcset=\"https:\/\/www.meatprocessingmachine.org\/wp-content\/uploads\/2021\/09\/Chicken-Feather-Removal-Machine-details-2-2-1024x768.jpg 1024w, https:\/\/www.meatprocessingmachine.org\/wp-content\/uploads\/2021\/09\/Chicken-Feather-Removal-Machine-details-2-2-300x225.jpg 300w, https:\/\/www.meatprocessingmachine.org\/wp-content\/uploads\/2021\/09\/Chicken-Feather-Removal-Machine-details-2-2-768x576.jpg 768w, https:\/\/www.meatprocessingmachine.org\/wp-content\/uploads\/2021\/09\/Chicken-Feather-Removal-Machine-details-2-2-1536x1152.jpg 1536w, https:\/\/www.meatprocessingmachine.org\/wp-content\/uploads\/2021\/09\/Chicken-Feather-Removal-Machine-details-2-2-2048x1536.jpg 2048w\" sizes=\"auto, (max-width: 1024px) 100vw, 1024px\" \/><figcaption><\/figcaption><\/figure> <figcaption class=\"blocks-gallery-caption\"> Chicken Hair Removal Machine Details<\/figcaption><\/figure>    <p>Det er mange gummistenger i beholderen p\u00e5 kyllingfj\u00e6rfjeringsmaskinen. Maskinen driver beholderen og gummistengene til \u00e5 rotere kontinuerlig, og dermed gni mot kyllingen. Etter blansjering blir fj\u00e6rene lett trukket av. Etter h\u00f8yhastighets rotasjon og friksjon med gummistengene kan kyllingfj\u00e6rene rengj\u00f8res.<\/p>    <h2 class=\"wp-block-heading\">Spesifikke parametere for fj\u00e6rkledningsmaskinen<\/h2>    <figure class=\"wp-block-image size-full is-resized\"><img loading=\"lazy\" decoding=\"async\" src=\"https:\/\/www.meatprocessingmachine.org\/wp-content\/uploads\/2021\/09\/Poultry-feather-removing-machine-4.png\" alt=\"Kyllingfj\u00e6rfjeringsmaskin\" class=\"wp-image-1935\" width=\"720\" height=\"540\" title=\"\"><figcaption> Fj\u00e6rfjeringsmaskin for fj\u00e6rkledde dyr <\/figcaption><\/figure>    <figure class=\"wp-block-table\"><table><tbody><tr><td>modell<\/td><td>JQT500<\/td><td>JQT600<\/td><td>JQT800<\/td><\/tr><tr><td>st\u00f8rrelse<\/td><td>700*620*850<\/td><td>800*720*900<\/td><td>&nbsp;\/<\/td><\/tr><tr><td>vekt<\/td><td>80<\/td><td>95<\/td><td>&nbsp;\/<\/td><\/tr><tr><td>kraft<\/td><td>0.75<\/td><td>0.75<\/td><td>7<\/td><\/tr><tr><td>Avkastning<\/td><td>1-2 stk\/tid<\/td><td>2-3 stk\/tid<\/td><td>101-2 stk\/tid<\/td><\/tr><\/tbody><\/table><figcaption> Spesifikke parametere for fj\u00e6rkledningsmaskinen for fj\u00e6rkledde dyr <\/figcaption><\/figure>    <h2 class=\"wp-block-heading\">Bruk av fj\u00e6rfjeringsmaskinen for fj\u00e6rkledde dyr:<\/h2>    <figure class=\"wp-block-gallery has-nested-images columns-default is-cropped wp-block-gallery-4 is-layout-flex wp-block-gallery-is-layout-flex\"> <figure class=\"wp-block-image size-large\"><img loading=\"lazy\" decoding=\"async\" width=\"893\" height=\"525\" data-id=\"1929\" src=\"https:\/\/www.meatprocessingmachine.org\/wp-content\/uploads\/2021\/09\/Poultry-feather-removing-machine.png\" alt=\"\" class=\"wp-image-1929\" title=\"\" srcset=\"https:\/\/www.meatprocessingmachine.org\/wp-content\/uploads\/2021\/09\/Poultry-feather-removing-machine.png 893w, https:\/\/www.meatprocessingmachine.org\/wp-content\/uploads\/2021\/09\/Poultry-feather-removing-machine-300x176.png 300w, https:\/\/www.meatprocessingmachine.org\/wp-content\/uploads\/2021\/09\/Poultry-feather-removing-machine-768x452.png 768w\" sizes=\"auto, (max-width: 893px) 100vw, 893px\" \/><figcaption><\/figcaption><\/figure>    <figure class=\"wp-block-image size-large\"><img loading=\"lazy\" decoding=\"async\" width=\"922\" height=\"868\" data-id=\"1931\" src=\"https:\/\/www.meatprocessingmachine.org\/wp-content\/uploads\/2021\/09\/Poultry-feather-removing-machine-2.png\" alt=\"\" class=\"wp-image-1931\" title=\"\" srcset=\"https:\/\/www.meatprocessingmachine.org\/wp-content\/uploads\/2021\/09\/Poultry-feather-removing-machine-2.png 922w, https:\/\/www.meatprocessingmachine.org\/wp-content\/uploads\/2021\/09\/Poultry-feather-removing-machine-2-300x282.png 300w, https:\/\/www.meatprocessingmachine.org\/wp-content\/uploads\/2021\/09\/Poultry-feather-removing-machine-2-768x723.png 768w\" sizes=\"auto, (max-width: 922px) 100vw, 922px\" \/><figcaption><\/figcaption><\/figure>    <figure class=\"wp-block-image size-large\"><img loading=\"lazy\" decoding=\"async\" width=\"790\" height=\"510\" data-id=\"1932\" src=\"https:\/\/www.meatprocessingmachine.org\/wp-content\/uploads\/2021\/09\/Poultry-feather-removing-machine-3-1.png\" alt=\"\" class=\"wp-image-1932\" title=\"\" srcset=\"https:\/\/www.meatprocessingmachine.org\/wp-content\/uploads\/2021\/09\/Poultry-feather-removing-machine-3-1.png 790w, https:\/\/www.meatprocessingmachine.org\/wp-content\/uploads\/2021\/09\/Poultry-feather-removing-machine-3-1-300x194.png 300w, https:\/\/www.meatprocessingmachine.org\/wp-content\/uploads\/2021\/09\/Poultry-feather-removing-machine-3-1-768x496.png 768w\" sizes=\"auto, (max-width: 790px) 100vw, 790px\" \/><figcaption><\/figcaption><\/figure> <figcaption class=\"blocks-gallery-caption\"> Fj\u00e6rfjeringsmaskin for fj\u00e6rkledde dyr <\/figcaption><\/figure>    <p>4. Skold den bl\u00f8tlagte kyllingen og endene i varmt vann ved ca. 75 grader, og r\u00f8r den med en trepinne for \u00e5 gj\u00f8re hele kroppen jevnt varm.<\/p>    <p>5. Legg de skoldede kyllingene og endene i maskinen, du kan legge 1-5 om gangen<\/p>    <p>6. Sl\u00e5 p\u00e5 bryteren, start maskinen, og mens den g\u00e5r, tilsett vann til fj\u00e6rkledde dyr, helst varmt vann. Fj\u00e6rene og skitten vil bli utst\u00f8tt sammen med vannet. Vannet kan resirkuleres, og fj\u00e6rene vil bli fjernet p\u00e5 ett minutt. Fjerner all hudskitt fra hele kroppen.<\/p>    <p>Fj\u00e6rfjeringsmaskin for kylling | Hva er den enkleste m\u00e5ten \u00e5 fjerne kyllingfj\u00e6r p\u00e5?<\/p>    <p>Detaljer om kyllingfj\u00e6rfjeringsmaskinen 4<\/p>    <p>Detaljer om kyllingfj\u00e6rfjeringsmaskinen 3<\/p>    <h2 class=\"wp-block-heading\">Video av kyllingfj\u00e6rfjeringsmaskinen <\/h2>    <figure class=\"wp-block-embed is-type-video is-provider-youtube wp-block-embed-youtube\"><div class=\"wp-block-embed__wrapper\"> <iframe loading=\"lazy\" title=\"Fj\u00e6rfjerning maskin 3 1\" width=\"500\" height=\"281\" src=\"https:\/\/www.youtube.com\/embed\/KusHLiJCVtc?feature=oembed\" frameborder=\"0\" allow=\"accelerometer; autoplay; clipboard-write; encrypted-media; gyroscope; picture-in-picture; web-share\" referrerpolicy=\"strict-origin-when-cross-origin\" allowfullscreen><\/iframe> <\/div><\/figure>","protected":false},"excerpt":{"rendered":"<p>hine can automatically remove hair from poultry, including chickens, ducks, geese, rabbits and other poultry, some slaughterhouses and chicken suppliers handle chicken? It is very unrealistic to use manual operations. The feather plucking machine can quickly remove the feathers. So how does it work?<\/p>","protected":false},"author":1,"featured_media":1985,"parent":0,"template":"","product-type":[583],"class_list":["post-1911","product","type-product","status-publish","has-post-thumbnail","hentry","product-type-chicken-turkey"],"_links":{"self":[{"href":"https:\/\/www.meatprocessingmachine.org\/nn\/wp-json\/wp\/v2\/product\/1911","targetHints":{"allow":["GET"]}}],"collection":[{"href":"https:\/\/www.meatprocessingmachine.org\/nn\/wp-json\/wp\/v2\/product"}],"about":[{"href":"https:\/\/www.meatprocessingmachine.org\/nn\/wp-json\/wp\/v2\/types\/product"}],"author":[{"embeddable":true,"href":"https:\/\/www.meatprocessingmachine.org\/nn\/wp-json\/wp\/v2\/users\/1"}],"wp:featuredmedia":[{"embeddable":true,"href":"https:\/\/www.meatprocessingmachine.org\/nn\/wp-json\/wp\/v2\/media\/1985"}],"wp:attachment":[{"href":"https:\/\/www.meatprocessingmachine.org\/nn\/wp-json\/wp\/v2\/media?parent=1911"}],"wp:term":[{"taxonomy":"product-type","embeddable":true,"href":"https:\/\/www.meatprocessingmachine.org\/nn\/wp-json\/wp\/v2\/product-type?post=1911"}],"curies":[{"name":"wp","href":"https:\/\/api.w.org\/{rel}","templated":true}]}}