{"id":2138,"date":"2021-09-27T15:46:17","date_gmt":"2021-09-27T07:46:17","guid":{"rendered":"https:\/\/www.meatprocessingmachine.org\/?p=2138"},"modified":"2026-03-13T14:27:29","modified_gmt":"2026-03-13T06:27:29","slug":"automatic-bbq-meat-skewer-machine-kebab-making-machine","status":"publish","type":"product","link":"https:\/\/www.meatprocessingmachine.org\/nn\/automatic-bbq-meat-skewer-machine-kebab-making-machine.html","title":{"rendered":"Automatisk BBQ kj\u00f8ttspydmaskin | Stor kebabfremstillingsmaskin"},"content":{"rendered":"<div class=\"kk-star-ratings kksr-auto kksr-align-right kksr-valign-top\"     data-payload='{&quot;align&quot;:&quot;right&quot;,&quot;id&quot;:&quot;2138&quot;,&quot;slug&quot;:&quot;default&quot;,&quot;valign&quot;:&quot;top&quot;,&quot;ignore&quot;:&quot;&quot;,&quot;reference&quot;:&quot;auto&quot;,&quot;class&quot;:&quot;&quot;,&quot;count&quot;:&quot;1&quot;,&quot;legendonly&quot;:&quot;&quot;,&quot;readonly&quot;:&quot;&quot;,&quot;score&quot;:&quot;5&quot;,&quot;starsonly&quot;:&quot;&quot;,&quot;best&quot;:&quot;5&quot;,&quot;gap&quot;:&quot;5&quot;,&quot;greet&quot;:&quot;Rate this product&quot;,&quot;legend&quot;:&quot;5\\\/5 - (1 vote)&quot;,&quot;size&quot;:&quot;24&quot;,&quot;title&quot;:&quot;Automatic BBQ Meat Skewer Machine | Large Kebab Making Machine&quot;,&quot;width&quot;:&quot;142.5&quot;,&quot;_legend&quot;:&quot;{score}\\\/{best} - ({count} {votes})&quot;,&quot;font_factor&quot;:&quot;1.25&quot;}'>              <div class=\"kksr-stars\">      <div class=\"kksr-stars-inactive\">             <div class=\"kksr-star\" data-star=\"1\" style=\"padding-right: 5px\">               <div class=\"kksr-icon\" style=\"width: 24px; height: 24px;\"><\/div>         <\/div>             <div class=\"kksr-star\" data-star=\"2\" style=\"padding-right: 5px\">               <div class=\"kksr-icon\" style=\"width: 24px; height: 24px;\"><\/div>         <\/div>             <div class=\"kksr-star\" data-star=\"3\" style=\"padding-right: 5px\">               <div class=\"kksr-icon\" style=\"width: 24px; height: 24px;\"><\/div>         <\/div>             <div class=\"kksr-star\" data-star=\"4\" style=\"padding-right: 5px\">               <div class=\"kksr-icon\" style=\"width: 24px; height: 24px;\"><\/div>         <\/div>             <div class=\"kksr-star\" data-star=\"5\" style=\"padding-right: 5px\">               <div class=\"kksr-icon\" style=\"width: 24px; height: 24px;\"><\/div>         <\/div>     <\/div>      <div class=\"kksr-stars-active\" style=\"width: 142.5px;\">             <div class=\"kksr-star\" style=\"padding-right: 5px\">               <div class=\"kksr-icon\" style=\"width: 24px; height: 24px;\"><\/div>         <\/div>             <div class=\"kksr-star\" style=\"padding-right: 5px\">               <div class=\"kksr-icon\" style=\"width: 24px; height: 24px;\"><\/div>         <\/div>             <div class=\"kksr-star\" style=\"padding-right: 5px\">               <div class=\"kksr-icon\" style=\"width: 24px; height: 24px;\"><\/div>         <\/div>             <div class=\"kksr-star\" style=\"padding-right: 5px\">               <div class=\"kksr-icon\" style=\"width: 24px; height: 24px;\"><\/div>         <\/div>             <div class=\"kksr-star\" style=\"padding-right: 5px\">               <div class=\"kksr-icon\" style=\"width: 24px; height: 24px;\"><\/div>         <\/div>     <\/div> <\/div>                   <div class=\"kksr-legend\" style=\"font-size: 19.2px;\">             5\/5 - (1 stemme)    <\/div>     <\/div>  <p class=\"translation-block\">Den <strong><mark class=\"has-inline-color has-luminous-vivid-amber-color\">BBQ kj\u00f8ttspydmaskinen<\/mark><\/strong> er en maskin som kan automatisk spidde kj\u00f8tt. Den kan spidde biff, lam, kylling, kyllingspyd, kyllinghjerte, blekksprut, fisk <a href=\"https:\/\/en.wikipedia.org\/wiki\/Tofu\" target=\"_blank\" rel=\"noopener\">tofu<\/a>, og tang, og er ikke begrenset av ingredienser. <\/p>   <div class=\"wp-block-image\"> <figure class=\"aligncenter size-full\"><img loading=\"lazy\" decoding=\"async\" width=\"720\" height=\"540\" src=\"https:\/\/www.meatprocessingmachine.org\/wp-content\/uploads\/2021\/09\/Automatic-BBQ-Meat-Skewer-Machine.webp\" alt=\"Automatisk BBQ kj\u00f8ttspydmaskin\" class=\"wp-image-34739\" title=\"\" srcset=\"https:\/\/www.meatprocessingmachine.org\/wp-content\/uploads\/2021\/09\/Automatic-BBQ-Meat-Skewer-Machine.webp 720w, https:\/\/www.meatprocessingmachine.org\/wp-content\/uploads\/2021\/09\/Automatic-BBQ-Meat-Skewer-Machine-300x225.webp 300w, https:\/\/www.meatprocessingmachine.org\/wp-content\/uploads\/2021\/09\/Automatic-BBQ-Meat-Skewer-Machine-16x12.webp 16w\" sizes=\"auto, (max-width: 720px) 100vw, 720px\" \/><figcaption class=\"wp-element-caption\">Automatisk BBQ kj\u00f8ttspydmaskin<\/figcaption><\/figure> <\/div>   <p class=\"translation-block\">BBQ spydmaskin er en automatisk kj\u00f8ttspydutstyr designet for effektiv kebabproduksjon. Med en kapasitet p\u00e5 <strong><mark class=\"has-inline-color has-luminous-vivid-amber-color\">1 800\u20133 500 spyd per time<\/mark><\/strong>, forbedrer den betydelig prosesseringseffektiviteten og reduserer arbeidskostnader. Drevet av en 25W motor, opererer maskinen stabilt og er egnet for kontinuerlig kommersiell bruk. Den st\u00f8tter spydlengder fra <strong><mark class=\"has-inline-color has-luminous-vivid-amber-color\">6\u201345 cm<\/mark><\/strong>, noe som gj\u00f8r den fleksibel for ulike produktst\u00f8rrelser.<\/p>    <figure class=\"wp-block-gallery has-nested-images columns-default is-cropped wp-block-gallery-2 is-layout-flex wp-block-gallery-is-layout-flex\"> <figure class=\"wp-block-image size-large\"><img loading=\"lazy\" decoding=\"async\" width=\"720\" height=\"540\" data-id=\"34746\" src=\"https:\/\/www.meatprocessingmachine.org\/wp-content\/uploads\/2021\/09\/Grilled-Meat.webp\" alt=\"Grillet kj\u00f8tt\" class=\"wp-image-34746\" title=\"\" srcset=\"https:\/\/www.meatprocessingmachine.org\/wp-content\/uploads\/2021\/09\/Grilled-Meat.webp 720w, https:\/\/www.meatprocessingmachine.org\/wp-content\/uploads\/2021\/09\/Grilled-Meat-300x225.webp 300w, https:\/\/www.meatprocessingmachine.org\/wp-content\/uploads\/2021\/09\/Grilled-Meat-16x12.webp 16w\" sizes=\"auto, (max-width: 720px) 100vw, 720px\" \/><figcaption class=\"wp-element-caption\">Grillet kj\u00f8tt<\/figcaption><\/figure>    <figure class=\"wp-block-image size-large\"><img loading=\"lazy\" decoding=\"async\" width=\"720\" height=\"540\" data-id=\"34747\" src=\"https:\/\/www.meatprocessingmachine.org\/wp-content\/uploads\/2021\/09\/Grilled-Vegetables.webp\" alt=\"Grillet gr\u00f8nnsaker\" class=\"wp-image-34747\" title=\"\" srcset=\"https:\/\/www.meatprocessingmachine.org\/wp-content\/uploads\/2021\/09\/Grilled-Vegetables.webp 720w, https:\/\/www.meatprocessingmachine.org\/wp-content\/uploads\/2021\/09\/Grilled-Vegetables-300x225.webp 300w, https:\/\/www.meatprocessingmachine.org\/wp-content\/uploads\/2021\/09\/Grilled-Vegetables-16x12.webp 16w\" sizes=\"auto, (max-width: 720px) 100vw, 720px\" \/><figcaption class=\"wp-element-caption\">Grillet gr\u00f8nnsaker<\/figcaption><\/figure> <\/figure>    <p>Kompakt struktur og vekt p\u00e5 160 kg, denne maskinen er enkel \u00e5 betjene, plassbesparende, og ideell for matfabrikker, sentralkj\u00f8kken og barbecue-spydbehandlingsbedrifter. Den sikrer jevn spissing, ensartet produktutseende og h\u00f8yere produktivitet.<\/p>    <figure class=\"wp-block-embed is-type-video is-provider-youtube wp-block-embed-youtube wp-embed-aspect-16-9 wp-has-aspect-ratio\"><div class=\"wp-block-embed__wrapper\"> <iframe loading=\"lazy\" title=\"Automatisk BBQ kj\u00f8ttspydmaskin | 3 500 spyd per time H\u00f8y effektivitet Kebabmaskin \ud83d\udd25\" width=\"500\" height=\"281\" src=\"https:\/\/www.youtube.com\/embed\/VY0mMTyTBhg?feature=oembed\" frameborder=\"0\" allow=\"accelerometer; autoplay; clipboard-write; encrypted-media; gyroscope; picture-in-picture; web-share\" referrerpolicy=\"strict-origin-when-cross-origin\" allowfullscreen><\/iframe> <\/div><\/figure>    <h2 class=\"wp-block-heading\">Hvorfor bruke BBQ kj\u00f8ttspydmaskin?<\/h2>    <p>Hvorfor bruke en kj\u00f8ttspydmaskin? Du kan ogs\u00e5 spidde for h\u00e5nd. Men lang erfaring forteller oss at spissing er en hodepine i matforedlingen. Det f\u00f8rste er hastigheten. Noen kj\u00f8ttfibre er relativt tette, og det er vanskelig \u00e5 trenge gjennom med bambuspinner, noe som resulterer i lavere hastighet. <\/p>    <p>I tillegg er det ogs\u00e5 et hygienisk problem. Fordi h\u00e5ndspiddede spyd er i n\u00e6r kontakt med kj\u00f8ttet, vil det v\u00e6re sv\u00e6rt uhygienisk.<\/p>    <p>Det viktigste er sikkerhet. Vi vet alle at kj\u00f8tt har holdbarhet. Hvis det blir liggende utend\u00f8rs i romtemperatur lenge, vil kj\u00f8ttet forringes, spesielt i den varme sommeren. Spydmaskinen er sv\u00e6rt effektiv, ren og hygienisk, og hjelper til med \u00e5 l\u00f8se en rekke problemer i produksjonsprosessen.<\/p>   <div class=\"wp-block-image\"> <figure class=\"aligncenter size-full\"><img loading=\"lazy\" decoding=\"async\" width=\"720\" height=\"540\" src=\"https:\/\/www.meatprocessingmachine.org\/wp-content\/uploads\/2021\/09\/Large-Kebab-Making-Machine.webp\" alt=\"Stor kebabmaskin\" class=\"wp-image-34741\" title=\"\" srcset=\"https:\/\/www.meatprocessingmachine.org\/wp-content\/uploads\/2021\/09\/Large-Kebab-Making-Machine.webp 720w, https:\/\/www.meatprocessingmachine.org\/wp-content\/uploads\/2021\/09\/Large-Kebab-Making-Machine-300x225.webp 300w, https:\/\/www.meatprocessingmachine.org\/wp-content\/uploads\/2021\/09\/Large-Kebab-Making-Machine-16x12.webp 16w\" sizes=\"auto, (max-width: 720px) 100vw, 720px\" \/><figcaption class=\"wp-element-caption\">Stor kebabmaskin<\/figcaption><\/figure> <\/div>   <h2 class=\"wp-block-heading\">BBQ kj\u00f8ttspydmaskin egnet ingredienser<\/h2>    <ul class=\"wp-block-list\"> <li><strong>Kj\u00f8tttyper:<\/strong> storfekj\u00f8tt, lam, svin, kylling, and, og mer<\/li>    <li><strong>Sj\u00f8mat:<\/strong> fiskebiter, reker, blekksprut, kamskjell, osv.<\/li>    <li><strong>Gr\u00f8nnsaker:<\/strong> paprika, l\u00f8k, sopp, aubergine, maisbiter, osv.<\/li>    <li><strong>Andre varer:<\/strong> tofu, p\u00f8lser, riskaker, og mer<\/li> <\/ul>    <p>Denne maskinen kan jevnt spidde ulike ingredienser, og sikrer ensartede og attraktive kebaber, egnet for grilling, catering og matforedling.<\/p>    <figure class=\"wp-block-gallery has-nested-images columns-default is-cropped wp-block-gallery-3 is-layout-flex wp-block-gallery-is-layout-flex\"> <figure class=\"wp-block-image size-large\"><img loading=\"lazy\" decoding=\"async\" width=\"720\" height=\"540\" data-id=\"34651\" src=\"https:\/\/www.meatprocessingmachine.org\/wp-content\/uploads\/2026\/02\/Fresh-Meat.webp\" alt=\"Ferskt kj\u00f8tt\" class=\"wp-image-34651\" title=\"\" srcset=\"https:\/\/www.meatprocessingmachine.org\/wp-content\/uploads\/2026\/02\/Fresh-Meat.webp 720w, https:\/\/www.meatprocessingmachine.org\/wp-content\/uploads\/2026\/02\/Fresh-Meat-300x225.webp 300w, https:\/\/www.meatprocessingmachine.org\/wp-content\/uploads\/2026\/02\/Fresh-Meat-16x12.webp 16w\" sizes=\"auto, (max-width: 720px) 100vw, 720px\" \/><figcaption class=\"wp-element-caption\">Ferskt kj\u00f8tt<\/figcaption><\/figure>    <figure class=\"wp-block-image size-large\"><img loading=\"lazy\" decoding=\"async\" width=\"720\" height=\"540\" data-id=\"34532\" src=\"https:\/\/www.meatprocessingmachine.org\/wp-content\/uploads\/2025\/12\/Back-cut-fish.webp\" alt=\"Bakskj\u00e6ring av fisk\" class=\"wp-image-34532\" title=\"\" srcset=\"https:\/\/www.meatprocessingmachine.org\/wp-content\/uploads\/2025\/12\/Back-cut-fish.webp 720w, https:\/\/www.meatprocessingmachine.org\/wp-content\/uploads\/2025\/12\/Back-cut-fish-300x225.webp 300w, https:\/\/www.meatprocessingmachine.org\/wp-content\/uploads\/2025\/12\/Back-cut-fish-16x12.webp 16w\" sizes=\"auto, (max-width: 720px) 100vw, 720px\" \/><figcaption class=\"wp-element-caption\">Tilbakesk\u00e5ret fisk<\/figcaption><\/figure>    <figure class=\"wp-block-image size-large\"><img loading=\"lazy\" decoding=\"async\" width=\"720\" height=\"540\" data-id=\"34725\" src=\"https:\/\/www.meatprocessingmachine.org\/wp-content\/uploads\/2026\/02\/Potato-Slices.webp\" alt=\"Potetskiver\" class=\"wp-image-34725\" title=\"\" srcset=\"https:\/\/www.meatprocessingmachine.org\/wp-content\/uploads\/2026\/02\/Potato-Slices.webp 720w, https:\/\/www.meatprocessingmachine.org\/wp-content\/uploads\/2026\/02\/Potato-Slices-300x225.webp 300w, https:\/\/www.meatprocessingmachine.org\/wp-content\/uploads\/2026\/02\/Potato-Slices-16x12.webp 16w\" sizes=\"auto, (max-width: 720px) 100vw, 720px\" \/><figcaption class=\"wp-element-caption\">Potetskiver<\/figcaption><\/figure> <\/figure>    <h2 class=\"wp-block-heading\">Fordeler med BBQ kj\u00f8ttstrikkemaskin<\/h2>    <div class=\"wp-block-columns is-layout-flex wp-container-core-columns-is-layout-9d6595d7 wp-block-columns-is-layout-flex\"> <div class=\"wp-block-column is-layout-flow wp-block-column-is-layout-flow\"> <p class=\"has-text-align-center translation-block\"><strong><mark class=\"has-inline-color has-luminous-vivid-amber-color\">H\u00f8y produktivitet og kontinuerlig drift<\/mark><\/strong><\/p>    <p>Produserer 1 800\u20133 500 spyd per time, ideell for store restauranter og matforedlingsfabrikker.<\/p> <\/div>    <div class=\"wp-block-column is-layout-flow wp-block-column-is-layout-flow\"> <p class=\"has-text-align-center translation-block\"><strong><mark class=\"has-inline-color has-luminous-vivid-amber-color\">Sikkert og hygienisk<\/mark><\/strong><\/p>    <p>Matkontakt-deler er laget av PE-materiale, oppfyller mattrygghetsstandarder, og er enkle \u00e5 rengj\u00f8re.<\/p> <\/div> <\/div>    <div class=\"wp-block-columns is-layout-flex wp-container-core-columns-is-layout-9d6595d7 wp-block-columns-is-layout-flex\"> <div class=\"wp-block-column is-layout-flow wp-block-column-is-layout-flow\"> <p class=\"has-text-align-center translation-block\"><strong><mark class=\"has-inline-color has-luminous-vivid-amber-color\">Allsidige ingredienser<\/mark><\/strong><\/p>    <p>Egnet for storfekj\u00f8tt, kylling, lam, fisk, reker, gr\u00f8nnsaker, og mer; spydlengde justerbar fra 6\u201345 cm.<\/p> <\/div>    <div class=\"wp-block-column is-layout-flow wp-block-column-is-layout-flow\"> <p class=\"has-text-align-center translation-block\"><strong><mark class=\"has-inline-color has-luminous-vivid-amber-color\">Arbeidskostnadsbesparelse<\/mark><\/strong><\/p>    <p>Automatisert drift reduserer manuelt arbeid, \u00f8ker effektiviteten, og reduserer driftskostnader.<\/p> <\/div> <\/div>    <div class=\"wp-block-columns is-layout-flex wp-container-core-columns-is-layout-9d6595d7 wp-block-columns-is-layout-flex\"> <div class=\"wp-block-column is-layout-flow wp-block-column-is-layout-flow\"> <p class=\"has-text-align-center translation-block\"><strong><mark class=\"has-inline-color has-luminous-vivid-amber-color\">Kompakt design<\/mark><\/strong><\/p>    <p>Dimensjoner p\u00e5 200x200x110cm og en vekt p\u00e5 160 kg, sparer plass og gj\u00f8r det enkelt \u00e5 betjene.<\/p> <\/div>    <div class=\"wp-block-column is-layout-flow wp-block-column-is-layout-flow\"> <p class=\"has-text-align-center translation-block\"><strong><mark class=\"has-inline-color has-luminous-vivid-amber-color\">\u00d8ker l\u00f8nnsomheten<\/mark><\/strong><\/p>    <p>H\u00f8y effektivitet, lav kostnad, og stabil ytelse maksimerer fortjenesten for matforedlere og restauranter.<\/p> <\/div> <\/div>   <div class=\"wp-block-image\"> <figure class=\"aligncenter size-full\"><img loading=\"lazy\" decoding=\"async\" width=\"720\" height=\"540\" src=\"https:\/\/www.meatprocessingmachine.org\/wp-content\/uploads\/2021\/09\/Automatic-BBQ-Meat-Skewer-Machine-for-sale.webp\" alt=\"Automatisk BBQ kj\u00f8ttspydmaskin til salgs\" class=\"wp-image-34738\" title=\"\" srcset=\"https:\/\/www.meatprocessingmachine.org\/wp-content\/uploads\/2021\/09\/Automatic-BBQ-Meat-Skewer-Machine-for-sale.webp 720w, https:\/\/www.meatprocessingmachine.org\/wp-content\/uploads\/2021\/09\/Automatic-BBQ-Meat-Skewer-Machine-for-sale-300x225.webp 300w, https:\/\/www.meatprocessingmachine.org\/wp-content\/uploads\/2021\/09\/Automatic-BBQ-Meat-Skewer-Machine-for-sale-16x12.webp 16w\" sizes=\"auto, (max-width: 720px) 100vw, 720px\" \/><figcaption class=\"wp-element-caption\">Automatisk BBQ kj\u00f8ttspydmaskin til salgs<\/figcaption><\/figure> <\/div>   <h2 class=\"wp-block-heading\">Tekniske parametere for BBQ kj\u00f8ttspydmaskin<\/h2>    <figure class=\"wp-block-table\"><table><tbody><tr><td>Modell<\/td><td>TZ-3500<\/td><\/tr><tr><td>Spenning<\/td><td>AC110V~220V\/50~60 HZ<\/td><\/tr><tr><td>Kraft<\/td><td>25W<\/td><\/tr><tr><td>Kapastitet<\/td><td>1800-3500 spyd\/t<\/td><\/tr><tr><td>Luftkompressortrykk<\/td><td>0,6mpa<\/td><\/tr><tr><td>Merkelengde<\/td><td>6~45cm<\/td><\/tr><tr><td>Merkediameter<\/td><td>2~5mm<\/td><\/tr><tr><td>Skilt<\/td><td>trepinner, bambuspinner, st\u00e5ldriller<\/td><\/tr><tr><td>Netto vekt<\/td><td>160KG<\/td><\/tr><tr><td>Storleik<\/td><td>200x200x110cm<\/td><\/tr><\/tbody><\/table><figcaption class=\"wp-element-caption\">salg av varm sal automatisk spydmaskin<\/figcaption><\/figure>   <div class=\"wp-block-image\"> <figure class=\"aligncenter size-full\"><img loading=\"lazy\" decoding=\"async\" width=\"720\" height=\"540\" src=\"https:\/\/www.meatprocessingmachine.org\/wp-content\/uploads\/2021\/09\/Meat-Skewering-Machine.webp\" alt=\"Kj\u00f8ttspydmaskin\" class=\"wp-image-34743\" title=\"\" srcset=\"https:\/\/www.meatprocessingmachine.org\/wp-content\/uploads\/2021\/09\/Meat-Skewering-Machine.webp 720w, https:\/\/www.meatprocessingmachine.org\/wp-content\/uploads\/2021\/09\/Meat-Skewering-Machine-300x225.webp 300w, https:\/\/www.meatprocessingmachine.org\/wp-content\/uploads\/2021\/09\/Meat-Skewering-Machine-16x12.webp 16w\" sizes=\"auto, (max-width: 720px) 100vw, 720px\" \/><figcaption class=\"wp-element-caption\">Kj\u00f8ttspydmaskin<\/figcaption><\/figure> <\/div>   <p>Tabellen over viser tekniske data for en av v\u00e5re bestselgende automatiske spydmaskiner. Denne maskinen kan spidde 1800-3500 spyd i l\u00f8pet av en time. S\u00e5 den m\u00f8ter produksjonsbehovene til de fleste kunder.<\/p>    <p>Igjen, vi har andre produksjonskapasitetsmaskiner til salgs. Du kan spidde kj\u00f8tt med trepinner, bambuspinner, og rustfrie st\u00e5lspyd. Hvis du er interessert i denne maskinen, kontakt oss gjerne via popup-vinduet nederst til h\u00f8yre.<\/p>   <div class=\"wp-block-image\"> <figure class=\"aligncenter size-full\"><img loading=\"lazy\" decoding=\"async\" width=\"720\" height=\"540\" src=\"https:\/\/www.meatprocessingmachine.org\/wp-content\/uploads\/2021\/09\/Best-Automatic-Meat-Skewer-Machine.webp\" alt=\"Beste automatiske kj\u00f8ttspydmaskin\" class=\"wp-image-34740\" title=\"\" srcset=\"https:\/\/www.meatprocessingmachine.org\/wp-content\/uploads\/2021\/09\/Best-Automatic-Meat-Skewer-Machine.webp 720w, https:\/\/www.meatprocessingmachine.org\/wp-content\/uploads\/2021\/09\/Best-Automatic-Meat-Skewer-Machine-300x225.webp 300w, https:\/\/www.meatprocessingmachine.org\/wp-content\/uploads\/2021\/09\/Best-Automatic-Meat-Skewer-Machine-16x12.webp 16w\" sizes=\"auto, (max-width: 720px) 100vw, 720px\" \/><figcaption class=\"wp-element-caption\">Beste automatiske kj\u00f8ttspydmaskin<\/figcaption><\/figure> <\/div>   <h2 class=\"wp-block-heading\">R\u00e5materialforberedelse<\/h2>    <p class=\"translation-block\">F\u00f8r bruk av BBQ-kj\u00f8ttspydmaskinen, vil utvalget bli gjort p\u00e5 forh\u00e5nd, som \u00e5 kutte kj\u00f8ttet i passende biter. Hvis utgangen er relativt stor, kan det behandles med en <strong><a href=\"https:\/\/www.meatprocessingmachine.org\/nn\/fresh-meat-strip-cutting-machine.html\/\">friskt kj\u00f8ttstrimmel-kutter<\/a> <\/strong> for \u00e5 danne en komplett produksjonskjede.<\/p>   <div class=\"wp-block-image\"> <figure class=\"aligncenter size-full\"><img loading=\"lazy\" decoding=\"async\" width=\"720\" height=\"540\" src=\"https:\/\/www.meatprocessingmachine.org\/wp-content\/uploads\/2026\/02\/Fresh-Strip-Meat-Cutting-Machine.webp\" alt=\"Fersk strippekutter\" class=\"wp-image-34719\" title=\"\" srcset=\"https:\/\/www.meatprocessingmachine.org\/wp-content\/uploads\/2026\/02\/Fresh-Strip-Meat-Cutting-Machine.webp 720w, https:\/\/www.meatprocessingmachine.org\/wp-content\/uploads\/2026\/02\/Fresh-Strip-Meat-Cutting-Machine-300x225.webp 300w, https:\/\/www.meatprocessingmachine.org\/wp-content\/uploads\/2026\/02\/Fresh-Strip-Meat-Cutting-Machine-16x12.webp 16w\" sizes=\"auto, (max-width: 720px) 100vw, 720px\" \/><figcaption class=\"wp-element-caption\">Fersk strippekutter<\/figcaption><\/figure> <\/div>   <h2 class=\"wp-block-heading\">Kvifor velje Taizy?<\/h2>    <p class=\"translation-block\"><strong>Autoritative sertifiseringer, p\u00e5litelig kvalitet<\/strong><\/p>    <ul class=\"wp-block-list\"> <li>Godkjent av <strong>ISO9001, CE, SGS, og T\u00dcV<\/strong>, sikrer trygg drift, stabil ytelse, og p\u00e5litelig kvalitet.<\/li> <\/ul>    <p class=\"translation-block\"><strong>Fullautomatisk og h\u00f8y effektivitet<\/strong><\/p>    <ul class=\"wp-block-list\"> <li>H\u00f8y grad av automatisering med stor produksjonskapasitet. Spar arbeidskostnader og ideell for kommersiell masseproduksjon.<\/li> <\/ul>    <p class=\"translation-block\"><strong>Matkvalitetsmateriale, hygienisk og trygt<\/strong><\/p>    <ul class=\"wp-block-list\"> <li>Lag av matgodkjent rustfritt st\u00e5l. Korrosjonsbestandig, lett \u00e5 rengj\u00f8re, og i samsvar med matforedlingsstandarder.<\/li> <\/ul>    <p class=\"translation-block\"><strong>Flerbruksapplikasjon<\/strong><\/p>    <ul class=\"wp-block-list\"> <li>Egnet for behandling <strong>lam, kylling, storfekj\u00f8tt, kj\u00f8ttboller, gr\u00f8nnsaker<\/strong>, og mer.<\/li> <\/ul>    <p class=\"translation-block\"><strong>Full garanti og etter-salgsservice<\/strong><\/p>    <ul class=\"wp-block-list\"> <li>Ett \u00e5rs garanti for hele maskinen. Installasjonsmanual og fjern teknisk support tilbys. Ingeni\u00f8rer tilgjengelig for installasjon og igangkj\u00f8ring p\u00e5 stedet hvis n\u00f8dvendig.<\/li> <\/ul>    <p class=\"translation-block\"><strong>Enkel betjening og stabil ytelse<\/strong><\/p>    <ul class=\"wp-block-list\"> <li>Brukervennlig design, lav feilrate, stabil langvarig drift, og h\u00f8y kostnadseffektivitet.<\/li> <\/ul>   <div class=\"wp-block-image\"> <figure class=\"aligncenter size-full\"><img loading=\"lazy\" decoding=\"async\" width=\"720\" height=\"540\" src=\"https:\/\/www.meatprocessingmachine.org\/wp-content\/uploads\/2021\/09\/Meat-Skewer-Machine-Ready-for-Shipment.webp\" alt=\"Kj\u00f8ttspydmaskin klar for sending\" class=\"wp-image-34742\" title=\"\" srcset=\"https:\/\/www.meatprocessingmachine.org\/wp-content\/uploads\/2021\/09\/Meat-Skewer-Machine-Ready-for-Shipment.webp 720w, https:\/\/www.meatprocessingmachine.org\/wp-content\/uploads\/2021\/09\/Meat-Skewer-Machine-Ready-for-Shipment-300x225.webp 300w, https:\/\/www.meatprocessingmachine.org\/wp-content\/uploads\/2021\/09\/Meat-Skewer-Machine-Ready-for-Shipment-16x12.webp 16w\" sizes=\"auto, (max-width: 720px) 100vw, 720px\" \/><figcaption class=\"wp-element-caption\">Kj\u00f8ttspydmaskin klar for sending<\/figcaption><\/figure> <\/div>   <h2 class=\"wp-block-heading\" id=\"h-faq\">FAQ<\/h2>   <div id=\"rank-math-faq\" class=\"rank-math-block\"> <div class=\"rank-math-list\"> <div id=\"faq-question-1704435305934\" class=\"rank-math-list-item\"> <h3 class=\"rank-math-question\">Hva er temperaturintervallet for r\u00e5varen?<\/h3> <div class=\"rank-math-answer\">  <p>Ferskt kj\u00f8tt eller lett frosset kj\u00f8tt kan v\u00e6re innen -10\u2103<\/p>  <\/div> <\/div> <div id=\"faq-question-1704435311249\" class=\"rank-math-list-item\"> <h3 class=\"rank-math-question\">Trenger BBQ kj\u00f8ttspydmaskin en luftkompressor?<\/h3> <div class=\"rank-math-answer\">  <p>trenger<\/p>  <\/div> <\/div> <div id=\"faq-question-1704435321038\" class=\"rank-math-list-item\"> <h3 class=\"rank-math-question\">Er det greit \u00e5 ha kj\u00f8ttboller og p\u00f8lser?<\/h3> <div class=\"rank-math-answer\">  <p>Ja, du kan ogs\u00e5 ha noen gr\u00f8nnsaker<\/p>  <\/div> <\/div> <\/div> <\/div>","protected":false},"excerpt":{"rendered":"<p>BBQ Meat Skewer Machine can automatically skewers. Automatic skewer machine model TZ-2000 can skewer up to 2000 skewers in 1 hour.<\/p>","protected":false},"author":1,"featured_media":34750,"parent":0,"template":"","product-type":[582,583,584,598],"class_list":["post-2138","product","type-product","status-publish","has-post-thumbnail","hentry","product-type-cattle-sheep","product-type-chicken-turkey","product-type-fish","product-type-supporting-auxiliary-equipment"],"_links":{"self":[{"href":"https:\/\/www.meatprocessingmachine.org\/nn\/wp-json\/wp\/v2\/product\/2138","targetHints":{"allow":["GET"]}}],"collection":[{"href":"https:\/\/www.meatprocessingmachine.org\/nn\/wp-json\/wp\/v2\/product"}],"about":[{"href":"https:\/\/www.meatprocessingmachine.org\/nn\/wp-json\/wp\/v2\/types\/product"}],"author":[{"embeddable":true,"href":"https:\/\/www.meatprocessingmachine.org\/nn\/wp-json\/wp\/v2\/users\/1"}],"wp:featuredmedia":[{"embeddable":true,"href":"https:\/\/www.meatprocessingmachine.org\/nn\/wp-json\/wp\/v2\/media\/34750"}],"wp:attachment":[{"href":"https:\/\/www.meatprocessingmachine.org\/nn\/wp-json\/wp\/v2\/media?parent=2138"}],"wp:term":[{"taxonomy":"product-type","embeddable":true,"href":"https:\/\/www.meatprocessingmachine.org\/nn\/wp-json\/wp\/v2\/product-type?post=2138"}],"curies":[{"name":"wp","href":"https:\/\/api.w.org\/{rel}","templated":true}]}}