{"id":2220,"date":"2021-10-20T17:09:40","date_gmt":"2021-10-20T09:09:40","guid":{"rendered":"https:\/\/www.meatprocessingmachine.org\/?p=2220"},"modified":"2026-02-12T15:59:36","modified_gmt":"2026-02-12T07:59:36","slug":"frozen-meat-block-crushing-and-grinder-line","status":"publish","type":"product","link":"https:\/\/www.meatprocessingmachine.org\/nn\/frozen-meat-block-crushing-and-grinder-line.html","title":{"rendered":"Kommerciell frossen kj\u00f8ttblokkknusing og kvernlinje til salgs"},"content":{"rendered":"<div class=\"kk-star-ratings kksr-auto kksr-align-right kksr-valign-top\"     data-payload='{&quot;align&quot;:&quot;right&quot;,&quot;id&quot;:&quot;2220&quot;,&quot;slug&quot;:&quot;default&quot;,&quot;valign&quot;:&quot;top&quot;,&quot;ignore&quot;:&quot;&quot;,&quot;reference&quot;:&quot;auto&quot;,&quot;class&quot;:&quot;&quot;,&quot;count&quot;:&quot;0&quot;,&quot;legendonly&quot;:&quot;&quot;,&quot;readonly&quot;:&quot;&quot;,&quot;score&quot;:&quot;0&quot;,&quot;starsonly&quot;:&quot;&quot;,&quot;best&quot;:&quot;5&quot;,&quot;gap&quot;:&quot;5&quot;,&quot;greet&quot;:&quot;Rate this product&quot;,&quot;legend&quot;:&quot;0\\\/5 - (0 votes)&quot;,&quot;size&quot;:&quot;24&quot;,&quot;title&quot;:&quot;Commercial frozen meat block crushing and grinder line for sale&quot;,&quot;width&quot;:&quot;0&quot;,&quot;_legend&quot;:&quot;{score}\\\/{best} - ({count} {votes})&quot;,&quot;font_factor&quot;:&quot;1.25&quot;}'>              <div class=\"kksr-stars\">      <div class=\"kksr-stars-inactive\">             <div class=\"kksr-star\" data-star=\"1\" style=\"padding-right: 5px\">               <div class=\"kksr-icon\" style=\"width: 24px; height: 24px;\"><\/div>         <\/div>             <div class=\"kksr-star\" data-star=\"2\" style=\"padding-right: 5px\">               <div class=\"kksr-icon\" style=\"width: 24px; height: 24px;\"><\/div>         <\/div>             <div class=\"kksr-star\" data-star=\"3\" style=\"padding-right: 5px\">               <div class=\"kksr-icon\" style=\"width: 24px; height: 24px;\"><\/div>         <\/div>             <div class=\"kksr-star\" data-star=\"4\" style=\"padding-right: 5px\">               <div class=\"kksr-icon\" style=\"width: 24px; height: 24px;\"><\/div>         <\/div>             <div class=\"kksr-star\" data-star=\"5\" style=\"padding-right: 5px\">               <div class=\"kksr-icon\" style=\"width: 24px; height: 24px;\"><\/div>         <\/div>     <\/div>      <div class=\"kksr-stars-active\" style=\"width: 0px;\">             <div class=\"kksr-star\" style=\"padding-right: 5px\">               <div class=\"kksr-icon\" style=\"width: 24px; height: 24px;\"><\/div>         <\/div>             <div class=\"kksr-star\" style=\"padding-right: 5px\">               <div class=\"kksr-icon\" style=\"width: 24px; height: 24px;\"><\/div>         <\/div>             <div class=\"kksr-star\" style=\"padding-right: 5px\">               <div class=\"kksr-icon\" style=\"width: 24px; height: 24px;\"><\/div>         <\/div>             <div class=\"kksr-star\" style=\"padding-right: 5px\">               <div class=\"kksr-icon\" style=\"width: 24px; height: 24px;\"><\/div>         <\/div>             <div class=\"kksr-star\" style=\"padding-right: 5px\">               <div class=\"kksr-icon\" style=\"width: 24px; height: 24px;\"><\/div>         <\/div>     <\/div> <\/div>                   <div class=\"kksr-legend\" style=\"font-size: 19.2px;\">             <span class=\"kksr-muted\">Vurder dette produktet<\/span>     <\/div>     <\/div>  <p class=\"translation-block\"><strong>Linje for knusing og sliping av frossen kj\u00f8ttblokk<\/strong>\u00a0er en prosess som kan knuse store biter av frossent kj\u00f8tt f\u00f8rst, og deretter male det til mos. En <a href=\"https:\/\/www.meatprocessingmachine.org\/nn\/products\/meat-grinding-machine\/\" data-type=\"URL\" data-id=\"https:\/\/www.meatprocessingmachine.org\/products\/meat-grinding-machine\/\">kj\u00f8ttkvern<\/a> er en n\u00f8dvendig maskin for produksjon av kj\u00f8ttmatbehandling, og maskinen kan behandles etter behandling. Produksjon av kj\u00f8ttboller, p\u00f8lsepattyer og andre produkter.<\/p>    <h2 class=\"wp-block-heading\" id=\"h-the-composition-of-the-frozen-meat-block-crushing-and-grinder-line\">Sammensetningen av linjen for knusing og sliping av frossen kj\u00f8ttblokk<\/h2>    <figure class=\"wp-block-image size-full\"><img loading=\"lazy\" decoding=\"async\" width=\"720\" height=\"540\" src=\"https:\/\/www.meatprocessingmachine.org\/wp-content\/uploads\/2021\/10\/frozen-meat-block-crushing-and-grinder-line.webp\" alt=\"frozen meat block crushing and grinder line\" class=\"wp-image-34125\" title=\"\" srcset=\"https:\/\/www.meatprocessingmachine.org\/wp-content\/uploads\/2021\/10\/frozen-meat-block-crushing-and-grinder-line.webp 720w, https:\/\/www.meatprocessingmachine.org\/wp-content\/uploads\/2021\/10\/frozen-meat-block-crushing-and-grinder-line-300x225.webp 300w\" sizes=\"auto, (max-width: 720px) 100vw, 720px\" \/><figcaption class=\"wp-element-caption\">Linje for knusing av frossen kj\u00f8ttblokk<\/figcaption><\/figure>    <p class=\"translation-block\">Produksjonslinjen for kj\u00f8ttpur\u00e9 er delt inn i tre deler. Den f\u00f8rste er den <a href=\"https:\/\/www.meatprocessingmachine.org\/nn\/frozen-meat-cutting-machine.html\/\" data-type=\"URL\" data-id=\"https:\/\/www.meatprocessingmachine.org\/frozen-meat-cutting-machine.html\">frosne kj\u00f8ttkvernen<\/a>. De store bitene av frossent kj\u00f8tt knuses f\u00f8rst, deretter kobles de sammen med en heis, og til slutt behandles de i en kj\u00f8ttkvern.<\/p>    <h2 class=\"wp-block-heading\">Frossen kj\u00f8ttblokkeringskutter<\/h2>   <div class=\"wp-block-image\"> <figure class=\"aligncenter\"><img loading=\"lazy\" decoding=\"async\" width=\"720\" height=\"540\" src=\"https:\/\/www.meatprocessingmachine.org\/wp-content\/uploads\/2021\/10\/Frozen-meat-blocker-cutter.jpg\" alt=\"twitter\" class=\"wp-image-2231\" title=\"\" srcset=\"https:\/\/www.meatprocessingmachine.org\/wp-content\/uploads\/2021\/10\/Frozen-meat-blocker-cutter.jpg 720w, https:\/\/www.meatprocessingmachine.org\/wp-content\/uploads\/2021\/10\/Frozen-meat-blocker-cutter-300x225.jpg 300w\" sizes=\"auto, (max-width: 720px) 100vw, 720px\" \/><figcaption class=\"wp-element-caption\">Frossen kj\u00f8ttblokkeringskutter<\/figcaption><\/figure> <\/div>   <p class=\"translation-block\">En frossen kj\u00f8ttkvern er en maskin som kan kutte benfritt frossent kj\u00f8tt i biter eller skiver. Temperaturintervallet for kj\u00f8ttet som behandles av maskinen er -18\u2103\u2014-24\u2103. Maskinen har veldig skarpe blader, og hardheten til bladene er veldig h\u00f8y. , For \u00e5 beskytte maskinen mot skade n\u00e5r den behandler store biter av frossent kj\u00f8tt. N\u00e5r vi kj\u00f8per en maskin, m\u00e5 vi bekrefte st\u00f8rrelsen p\u00e5 den frosne kj\u00f8ttblokken med kunden. Generelt er st\u00f8rrelsen p\u00e5 kj\u00f8ttblokken som maskinen kan h\u00e5ndtere 780mm<em>510mm<\/em>180mm, men den kan ogs\u00e5 tilpasses i henhold til st\u00f8rrelsen p\u00e5 det frosne kj\u00f8ttet som kunden ber om. <\/p>   <div class=\"wp-block-image\"> <figure class=\"aligncenter size-full\"><img loading=\"lazy\" decoding=\"async\" width=\"720\" height=\"540\" src=\"https:\/\/www.meatprocessingmachine.org\/wp-content\/uploads\/2021\/10\/Meat-Shredder-Test.png\" alt=\"Test av kj\u00f8ttkutter\" class=\"wp-image-32725\" title=\"\" srcset=\"https:\/\/www.meatprocessingmachine.org\/wp-content\/uploads\/2021\/10\/Meat-Shredder-Test.png 720w, https:\/\/www.meatprocessingmachine.org\/wp-content\/uploads\/2021\/10\/Meat-Shredder-Test-300x225.png 300w\" sizes=\"auto, (max-width: 720px) 100vw, 720px\" \/><figcaption class=\"wp-element-caption\">Test av kj\u00f8ttkutter<\/figcaption><\/figure> <\/div>   <p>Arbeidsprinsippet til maskinen er at maskinen presser det frosne kj\u00f8ttet fremover gjennom sylinderen bak, og deretter passerer det gjennom det h\u00f8yhastighets roterende bladet, og hele biten av frossent kj\u00f8tt kan dekomponeres. Arbeidseffektiviteten til den frosne kj\u00f8ttkvernen er veldig h\u00f8y og kan n\u00e5 3-5 tonn per time. Den frosne kj\u00f8ttkvernen er laget av rustfritt st\u00e5l 304, som kan brukes i lang tid og er veldig sterk.<br><\/p>    <h3 class=\"wp-block-heading\">Parametere for frossen kj\u00f8ttkvern<\/h3>    <p>Spenning: 380V<br>Effekt: 5.5kw<br>Produktivitet: 3-5 tonn\/timen<br>Vekt: 600kg<br>Kroppsst\u00f8rrelse: 1750\u00d7945\u00d71220 mm<\/p>    <h2 class=\"wp-block-heading\">Heis for frosne blokker<\/h2>   <div class=\"wp-block-image\"> <figure class=\"aligncenter\"><img loading=\"lazy\" decoding=\"async\" width=\"720\" height=\"540\" src=\"https:\/\/www.meatprocessingmachine.org\/wp-content\/uploads\/2021\/10\/hoist.jpg\" alt=\"\" class=\"wp-image-2232\" title=\"\" srcset=\"https:\/\/www.meatprocessingmachine.org\/wp-content\/uploads\/2021\/10\/hoist.jpg 720w, https:\/\/www.meatprocessingmachine.org\/wp-content\/uploads\/2021\/10\/hoist-300x225.jpg 300w\" sizes=\"auto, (max-width: 720px) 100vw, 720px\" \/><figcaption class=\"wp-element-caption\">heis<\/figcaption><\/figure> <\/div>   <p>Heisen er for \u00e5 koble den frosne kj\u00f8ttkvernen og kj\u00f8ttkvernen, som bedre kan realisere automatisering, spare arbeidskraft og realisere automatisk mating av kj\u00f8ttkvernen. H\u00f8yden og hellingen p\u00e5 heisen kan tilpasses i henhold til egenskapene til produksjonsstedet, med m\u00e5l om \u00e5 lette mating.<\/p>    <h2 class=\"wp-block-heading\">Kommersiell frossen kj\u00f8ttblokkknusing og kvernlinje til salgs<\/h2>   <div class=\"wp-block-image\"> <figure class=\"aligncenter size-full\"><img loading=\"lazy\" decoding=\"async\" width=\"720\" height=\"540\" src=\"https:\/\/www.meatprocessingmachine.org\/wp-content\/uploads\/2021\/10\/meat-grinder.png\" alt=\"kj\u00f8ttkvern\" class=\"wp-image-32723\" title=\"\" srcset=\"https:\/\/www.meatprocessingmachine.org\/wp-content\/uploads\/2021\/10\/meat-grinder.png 720w, https:\/\/www.meatprocessingmachine.org\/wp-content\/uploads\/2021\/10\/meat-grinder-300x225.png 300w\" sizes=\"auto, (max-width: 720px) 100vw, 720px\" \/><figcaption class=\"wp-element-caption\">kj\u00f8ttkvern<\/figcaption><\/figure> <\/div>   <p>En frossen kj\u00f8ttkvern er en maskin etter den frosne kj\u00f8ttkvernen. Etter \u00e5 ha passert gjennom kj\u00f8ttkvernen kan kj\u00f8ttskiver eller sm\u00e5 biter av kj\u00f8tt formes til kj\u00f8ttpur\u00e9, som er egnet for \u00e5 lage kj\u00f8ttprodukter som p\u00f8lser og kj\u00f8ttboller. Utgangen av den frosne kj\u00f8ttkvernen best\u00e5r av en forh\u00e5ndskuttkniv, en perforert plate og en reamer.<\/p>    <h3 class=\"wp-block-heading\">Parametere for frossen kj\u00f8ttkvern<\/h3>    <figure class=\"wp-block-table\"><table><tbody><tr><td><strong>modell<\/strong><strong><\/strong><\/td><td><strong>St\u00f8rrelse(mm)<\/strong><strong><\/strong><\/td><td><strong>kraft<\/strong><strong><\/strong><\/td><td><strong>kapasitet<\/strong><strong><\/strong><\/td><\/tr><tr><td>&nbsp;SL-300<\/td><td>&nbsp;900*600*960<\/td><td>&nbsp;5.5kw<\/td><td>300-500kg<\/td><\/tr><tr><td>&nbsp;&nbsp;SL-120<\/td><td>&nbsp;1050*600*1100&nbsp;&nbsp;<\/td><td>&nbsp;7.5kw<\/td><td>500-800kg<\/td><\/tr><tr><td>&nbsp;SL-130&nbsp;&nbsp;<\/td><td>&nbsp;1280*700*1130<\/td><td>&nbsp;8KW<\/td><td>&nbsp;800-1300kg\/t<\/td><\/tr><\/tbody><\/table><\/figure>    <h2 class=\"wp-block-heading\">Forholdsregler for linje for knusing og sliping av frossen kj\u00f8ttblokk<\/h2>    <p>(1) F\u00f8r du bruker den nye maskinen for f\u00f8rste gang, er det n\u00f8dvendig \u00e5 rengj\u00f8re den interne propellaksen, kuttekniven og utl\u00f8pskniven for \u00e5 forhindre at industrifett blir liggende igjen.<\/p>    <p>(2) F\u00f8r du sl\u00e5r p\u00e5 str\u00f8mmen, sjekk om str\u00f8mforsyningsspenningen samsvarer med navnet p\u00e5 enheten. Skallet p\u00e5 enheten m\u00e5 v\u00e6re godt jordet. Det anbefales \u00e5 bruke en lekkasjebeskyttelse for str\u00f8mbryteren.<\/p>    <p>(3) F\u00f8r du maler kj\u00f8tt, vennligst kutt kj\u00f8ttet i sm\u00e5 biter for \u00e5 unng\u00e5 skade p\u00e5 maskinen.<\/p>    <p>(4) Sl\u00e5 p\u00e5 str\u00f8mmen og tilsett kj\u00f8tt etter normal drift. Det er strengt forbudt \u00e5 sette h\u00e5nden inn i trakten n\u00e5r du tilsetter kj\u00f8tt, ellers kan det f\u00f8re til skade.<\/p>    <p>(5) Kj\u00f8ttbitene m\u00e5 tilsettes jevnt og ikke for mye for \u00e5 unng\u00e5 skade p\u00e5 motoren. Hvis du oppdager at motoren ikke fungerer normalt, b\u00f8r du umiddelbart kutte str\u00f8mmen og sjekke \u00e5rsaken etter stopp. <\/p>    <p>(6) Sl\u00e5 av str\u00f8mmen etter bruk, demonter hodet, og rengj\u00f8r det med rent vann, t\u00f8rk eller t\u00f8rk det. Det er best \u00e5 vente til vannet t\u00f8rker og deretter sette det sammen igjen for \u00e5 oppn\u00e5 best vedlikeholdseffekt. Vennligst bruk de fire bladene etter bruk av kniven og t\u00f8rk litt spiselig olje for vedlikehold.<\/p>    <h2 class=\"wp-block-heading\">Fordeler med linjen for knusing og sliping av frossen kj\u00f8ttblokk<\/h2>    <p>Due to meat transportation and storage requirements, general meat will be frozen into a large piece of meat, which is very hard, and ordinary meat grinders cannot directly divide and mince. Therefore, the meat crusher needs to be advanced and crushed before it can be put into the meat grinder. Avoid multiple thawing, which will cause the loss of nutrients in the meat&#8217;s taste. The machine knife is very hard and can handle frozen meat at -18\u00b0C.<\/p>   <div class=\"wp-block-image\"> <figure class=\"aligncenter\"><img loading=\"lazy\" decoding=\"async\" width=\"720\" height=\"540\" src=\"https:\/\/www.meatprocessingmachine.org\/wp-content\/uploads\/2021\/10\/frozen-meat-block-crushing-and-grinder-line-application.jpg\" alt=\"Bruk av linje for knusing av frossen kj\u00f8ttblokk \" class=\"wp-image-2235\" title=\"\" srcset=\"https:\/\/www.meatprocessingmachine.org\/wp-content\/uploads\/2021\/10\/frozen-meat-block-crushing-and-grinder-line-application.jpg 720w, https:\/\/www.meatprocessingmachine.org\/wp-content\/uploads\/2021\/10\/frozen-meat-block-crushing-and-grinder-line-application-300x225.jpg 300w\" sizes=\"auto, (max-width: 720px) 100vw, 720px\" \/><figcaption class=\"wp-element-caption\">Bruk av linje for knusing av frossen kj\u00f8ttblokk<\/figcaption><\/figure> <\/div>   <p class=\"translation-block\"><strong>Linje for knusing og sliping av frossen kj\u00f8ttblokk<\/strong>\u00a0er en prosess som f\u00f8rst kan knuse store biter av frossent kj\u00f8tt, og deretter male det til mos. En kj\u00f8ttkvern er en n\u00f8dvendig maskin for produksjon av kj\u00f8ttmatbehandling, og maskinen kan behandles etter behandling. Produksjon av kj\u00f8ttboller, p\u00f8lsepattyer og andre produkter.<\/p>    <h2 class=\"wp-block-heading\">Video av linje for knusing og sliping av frossen kj\u00f8ttblokk<\/h2>    <figure class=\"wp-block-embed is-type-video is-provider-youtube wp-block-embed-youtube wp-embed-aspect-16-9 wp-has-aspect-ratio\"><div class=\"wp-block-embed__wrapper\"> <iframe loading=\"lazy\" title=\"Kommerciell frysekj\u00f8ttblokkknusing og kvernelinje til salgs |frossent kj\u00f8ttblokk flaker\" width=\"500\" height=\"281\" src=\"https:\/\/www.youtube.com\/embed\/ZRYqmhxR3_g?start=16&#038;feature=oembed\" frameborder=\"0\" allow=\"accelerometer; autoplay; clipboard-write; encrypted-media; gyroscope; picture-in-picture; web-share\" referrerpolicy=\"strict-origin-when-cross-origin\" allowfullscreen><\/iframe> <\/div><figcaption class=\"wp-element-caption\">Video av linje for knusing og sliping av frossen kj\u00f8ttblokk<\/figcaption><\/figure>    <p><\/p>","protected":false},"excerpt":{"rendered":"<p>Frozen meat block crushing and grinder line&nbsp;is a process that can crush large pieces of frozen meat first, and then grind it into the mash. A meat grinder is a necessary machine for the production of meat food processing, and the machine can be processed after processing. Production of meatballs, sausage patties, and other products. [&hellip;]<\/p>\n","protected":false},"author":1,"featured_media":2230,"parent":0,"template":"","product-type":[597],"class_list":["post-2220","product","type-product","status-publish","has-post-thumbnail","hentry","product-type-production-line"],"_links":{"self":[{"href":"https:\/\/www.meatprocessingmachine.org\/nn\/wp-json\/wp\/v2\/product\/2220","targetHints":{"allow":["GET"]}}],"collection":[{"href":"https:\/\/www.meatprocessingmachine.org\/nn\/wp-json\/wp\/v2\/product"}],"about":[{"href":"https:\/\/www.meatprocessingmachine.org\/nn\/wp-json\/wp\/v2\/types\/product"}],"author":[{"embeddable":true,"href":"https:\/\/www.meatprocessingmachine.org\/nn\/wp-json\/wp\/v2\/users\/1"}],"wp:featuredmedia":[{"embeddable":true,"href":"https:\/\/www.meatprocessingmachine.org\/nn\/wp-json\/wp\/v2\/media\/2230"}],"wp:attachment":[{"href":"https:\/\/www.meatprocessingmachine.org\/nn\/wp-json\/wp\/v2\/media?parent=2220"}],"wp:term":[{"taxonomy":"product-type","embeddable":true,"href":"https:\/\/www.meatprocessingmachine.org\/nn\/wp-json\/wp\/v2\/product-type?post=2220"}],"curies":[{"name":"wp","href":"https:\/\/api.w.org\/{rel}","templated":true}]}}