{"id":32290,"date":"2021-11-04T11:48:54","date_gmt":"2021-11-04T03:48:54","guid":{"rendered":"https:\/\/www.meatprocessingmachine.org\/?p=32290"},"modified":"2024-06-14T15:33:32","modified_gmt":"2024-06-14T07:33:32","slug":"frozen-block-breaker-for-meat","status":"publish","type":"product","link":"https:\/\/www.meatprocessingmachine.org\/nn\/frozen-block-breaker-for-meat.html","title":{"rendered":"Frossent kj\u00f8ttblokk brytar for kj\u00f8ttflak og knuser"},"content":{"rendered":"<div class=\"kk-star-ratings kksr-auto kksr-align-right kksr-valign-top\"     data-payload='{&quot;align&quot;:&quot;right&quot;,&quot;id&quot;:&quot;32290&quot;,&quot;slug&quot;:&quot;default&quot;,&quot;valign&quot;:&quot;top&quot;,&quot;ignore&quot;:&quot;&quot;,&quot;reference&quot;:&quot;auto&quot;,&quot;class&quot;:&quot;&quot;,&quot;count&quot;:&quot;0&quot;,&quot;legendonly&quot;:&quot;&quot;,&quot;readonly&quot;:&quot;&quot;,&quot;score&quot;:&quot;0&quot;,&quot;starsonly&quot;:&quot;&quot;,&quot;best&quot;:&quot;5&quot;,&quot;gap&quot;:&quot;5&quot;,&quot;greet&quot;:&quot;Rate this product&quot;,&quot;legend&quot;:&quot;0\\\/5 - (0 votes)&quot;,&quot;size&quot;:&quot;24&quot;,&quot;title&quot;:&quot;Frozen meat block breaker for meat flaker and crusher&quot;,&quot;width&quot;:&quot;0&quot;,&quot;_legend&quot;:&quot;{score}\\\/{best} - ({count} {votes})&quot;,&quot;font_factor&quot;:&quot;1.25&quot;}'>              <div class=\"kksr-stars\">      <div class=\"kksr-stars-inactive\">             <div class=\"kksr-star\" data-star=\"1\" style=\"padding-right: 5px\">               <div class=\"kksr-icon\" style=\"width: 24px; height: 24px;\"><\/div>         <\/div>             <div class=\"kksr-star\" data-star=\"2\" style=\"padding-right: 5px\">               <div class=\"kksr-icon\" style=\"width: 24px; height: 24px;\"><\/div>         <\/div>             <div class=\"kksr-star\" data-star=\"3\" style=\"padding-right: 5px\">               <div class=\"kksr-icon\" style=\"width: 24px; height: 24px;\"><\/div>         <\/div>             <div class=\"kksr-star\" data-star=\"4\" style=\"padding-right: 5px\">               <div class=\"kksr-icon\" style=\"width: 24px; height: 24px;\"><\/div>         <\/div>             <div class=\"kksr-star\" data-star=\"5\" style=\"padding-right: 5px\">               <div class=\"kksr-icon\" style=\"width: 24px; height: 24px;\"><\/div>         <\/div>     <\/div>      <div class=\"kksr-stars-active\" style=\"width: 0px;\">             <div class=\"kksr-star\" style=\"padding-right: 5px\">               <div class=\"kksr-icon\" style=\"width: 24px; height: 24px;\"><\/div>         <\/div>             <div class=\"kksr-star\" style=\"padding-right: 5px\">               <div class=\"kksr-icon\" style=\"width: 24px; height: 24px;\"><\/div>         <\/div>             <div class=\"kksr-star\" style=\"padding-right: 5px\">               <div class=\"kksr-icon\" style=\"width: 24px; height: 24px;\"><\/div>         <\/div>             <div class=\"kksr-star\" style=\"padding-right: 5px\">               <div class=\"kksr-icon\" style=\"width: 24px; height: 24px;\"><\/div>         <\/div>             <div class=\"kksr-star\" style=\"padding-right: 5px\">               <div class=\"kksr-icon\" style=\"width: 24px; height: 24px;\"><\/div>         <\/div>     <\/div> <\/div>                   <div class=\"kksr-legend\" style=\"font-size: 19.2px;\">             <span class=\"kksr-muted\">Vurder dette produktet<\/span>     <\/div>     <\/div>  <p>Frysekj\u00f8ttblokkbryteren er en maskin som brukes til \u00e5 dele hele frosset kj\u00f8tt og kutte det i biter. Maskinen behandler frosset benfritt kj\u00f8tt. Det er et uunnv\u00e6rlig verkt\u00f8y i prosessen med kj\u00f8ttforedling. Det kan brukes til forbehandling av kj\u00f8ttkvern. I prosessen med p\u00f8lse- og kj\u00f8ttballedanning brukes frysekj\u00f8ttkuttere til \u00e5 behandle r\u00e5materialer.<\/p>    <h2 class=\"wp-block-heading\" id=\"h-why-use-frozen-meat-block-breaker\">Hvorfor bruke en frysekj\u00f8ttblokkbryter?<\/h2>    <p>Frysekj\u00f8ttkutteren kan sikre kj\u00f8ttets friskhet, unng\u00e5 n\u00e6ringsstofftap i den gjentatte tiningprosessen, eliminere tintingstrinnet, og forkorte behandlingstiden for kj\u00f8ttprodukter. I tillegg \u00f8ker gjentatt frysing belastningen p\u00e5 fryseren under kj\u00f8ttbehandling. Den kan realisere en tett kobling mellom prosessene, og oppn\u00e5 en fullstendig industriell kjede.<\/p>    <h2 class=\"wp-block-heading\">Effektbeskrivelse av frysekj\u00f8ttkutter<\/h2>    <p class=\"translation-block\">Den frysekj\u00f8ttblokkbryteren kan kutte frosset kj\u00f8tt i skiver p\u00e5 ti sekunder. Utgangen til maskinen er veldig stor, noe som passer for noen matforedlingsfabrikker. I tillegg er det ogs\u00e5 utstyr som er n\u00f8dvendig i oljeutvinningsproduksjonen. De bearbeidede r\u00e5materialene til frysekj\u00f8ttkutteren b\u00f8r v\u00e6re frossent kj\u00f8tt ved -4 \u2103-18 \u2103, som direkte brytes ned til kj\u00f8ttdeig, og er forbehandling av hakken og <a href=\"https:\/\/www.meatprocessingmachine.org\/nn\/frozen-meat-grinder.html\/\">kj\u00f8ttkvernen<\/a>.<\/p>   <div class=\"wp-block-image\"> <figure class=\"aligncenter size-full\"><img loading=\"lazy\" decoding=\"async\" width=\"720\" height=\"540\" src=\"https:\/\/www.meatprocessingmachine.org\/wp-content\/uploads\/2021\/11\/meat-flaker-machine.jpg\" alt=\" frysekj\u00f8ttblokkbryter\" class=\"wp-image-32297\" title=\"\" srcset=\"https:\/\/www.meatprocessingmachine.org\/wp-content\/uploads\/2021\/11\/meat-flaker-machine.jpg 720w, https:\/\/www.meatprocessingmachine.org\/wp-content\/uploads\/2021\/11\/meat-flaker-machine-300x225.jpg 300w\" sizes=\"auto, (max-width: 720px) 100vw, 720px\" \/><figcaption class=\"wp-element-caption\"> frysekj\u00f8ttblokkbryter<\/figcaption><\/figure> <\/div>   <h2 class=\"wp-block-heading\">Sammenligning av frysekj\u00f8tt og ferskt kj\u00f8tt<\/h2>    <p>Mange mener at ferskt kj\u00f8tt er mer n\u00e6ringsrikt enn frossent kj\u00f8tt. Faktisk, etter observasjon og forskning, er ikke ferskt kj\u00f8tt mer n\u00e6ringsrikt og velsmakende enn frossent kj\u00f8tt. Tvert imot, hvis det ferske kj\u00f8ttet ikke er kokt eller frosset i tide, vil et stort antall bakterier formere seg. Og kaldt ferskt kj\u00f8tt lagres i tid ved -18\u00b0C. Etter tining vil det ikke p\u00e5virke smaken, men er sunnere.<\/p>    <h2 class=\"wp-block-heading\">Struktur og prinsipp for frysekj\u00f8ttbryteren<\/h2>   <div class=\"wp-block-image\"> <figure class=\"aligncenter size-full\"><img loading=\"lazy\" decoding=\"async\" width=\"720\" height=\"540\" src=\"https:\/\/www.meatprocessingmachine.org\/wp-content\/uploads\/2021\/11\/frozen-meat-breaker.webp\" alt=\"frysekj\u00f8ttbryter\" class=\"wp-image-34149\" title=\"\" srcset=\"https:\/\/www.meatprocessingmachine.org\/wp-content\/uploads\/2021\/11\/frozen-meat-breaker.webp 720w, https:\/\/www.meatprocessingmachine.org\/wp-content\/uploads\/2021\/11\/frozen-meat-breaker-300x225.webp 300w\" sizes=\"auto, (max-width: 720px) 100vw, 720px\" \/><figcaption class=\"wp-element-caption\">frysekj\u00f8ttbryter<\/figcaption><\/figure> <\/div>   <p>Den frysekj\u00f8ttblokkbryteren bruker damptrykk som kraft. Frysekj\u00f8ttblokken skyves fremover av sylinderen, og kniven passerer gjennom kutteren med jevn hastighet. Kniven roterer med h\u00f8y hastighet for \u00e5 bryte kj\u00f8ttet. Hele frysekj\u00f8ttkutteren bruker sveising. H\u00e5ndverket oppn\u00e5r vibrasjonsmotvirkende effekt, maskinens ytelse er stabil, og feilraten er lav.<\/p>    <h2 class=\"wp-block-heading\">Parametere for frysekj\u00f8ttbryteren<\/h2>    <p>Vanlig kj\u00f8ttst\u00f8rrelse: 78*510*180mm<\/p>    <p>Produktivitet: 3-5 tonn\/timen<\/p>    <p>Materiale: 304 rustfritt st\u00e5l<\/p>   <div class=\"wp-block-image\"> <figure class=\"aligncenter size-full\"><img loading=\"lazy\" decoding=\"async\" width=\"720\" height=\"540\" src=\"https:\/\/www.meatprocessingmachine.org\/wp-content\/uploads\/2021\/11\/details-of-frozen-block-breaker.jpg\" alt=\"details of frozen meat block breaker \" class=\"wp-image-32298\" title=\"\" srcset=\"https:\/\/www.meatprocessingmachine.org\/wp-content\/uploads\/2021\/11\/details-of-frozen-block-breaker.jpg 720w, https:\/\/www.meatprocessingmachine.org\/wp-content\/uploads\/2021\/11\/details-of-frozen-block-breaker-300x225.jpg 300w\" sizes=\"auto, (max-width: 720px) 100vw, 720px\" \/><figcaption class=\"wp-element-caption\">detaljer om frysekj\u00f8ttkutter<\/figcaption><\/figure> <\/div>   <p>Den totale arbeidsytelsen til frysekj\u00f8ttkutteren er veldig h\u00f8y. Gjennomsnittlig utgang per time er 4 tonn. Den er spesielt egnet for noen store mat- og kj\u00f8ttforedlingsfabrikker. Maskinen er laget av rustfritt st\u00e5l, noe som gj\u00f8r den enkel \u00e5 vaske og garanterer lang levetid.<\/p>    <h2 class=\"wp-block-heading\">Egenskaper ved frysekj\u00f8ttskiver<\/h2>    <p>Maskinen blir raskt behandla av maskinen, temperaturen p\u00e5 kj\u00f8ttet er liten, og friskheten til kj\u00f8ttet er garantert<\/p>    <p>Sterk knusningskraft, fullstendig frysekj\u00f8ttknusing p\u00e5 noen sekunder, 3-5 tonn per time<\/p>    <p>Frysekj\u00f8ttkutteren har lavt st\u00f8yniv\u00e5 og stabil drift<\/p>   <div class=\"wp-block-image\"> <figure class=\"aligncenter size-full\"><img loading=\"lazy\" decoding=\"async\" width=\"720\" height=\"540\" src=\"https:\/\/www.meatprocessingmachine.org\/wp-content\/uploads\/2021\/11\/frozen-meat-slicer.jpg\" alt=\" frossen kj\u00f8ttskj\u00e6rer  \" class=\"wp-image-32299\" title=\"\" srcset=\"https:\/\/www.meatprocessingmachine.org\/wp-content\/uploads\/2021\/11\/frozen-meat-slicer.jpg 720w, https:\/\/www.meatprocessingmachine.org\/wp-content\/uploads\/2021\/11\/frozen-meat-slicer-300x225.jpg 300w\" sizes=\"auto, (max-width: 720px) 100vw, 720px\" \/><figcaption class=\"wp-element-caption\"> frossen kj\u00f8ttskj\u00e6rer  <\/figcaption><\/figure> <\/div>   <h2 class=\"wp-block-heading\">Forholdsregler for installasjon og igangkj\u00f8ring av frysekj\u00f8ttkutter<\/h2>    <p>Frysekj\u00f8ttbryteren b\u00f8r plasseres p\u00e5 flat og stabilt underlag.<\/p>    <p>Kj\u00f8ttstrimler m\u00e5 utstyres med en mottakskasse for kj\u00f8tt<\/p>    <p>Sl\u00e5 p\u00e5 kraften til knivholderen som beveger seg opp og ned, skyv sakte ut frysekj\u00f8ttet av matings\u00e5pningen, og observer tykkelsen p\u00e5 kj\u00f8ttskivene.<\/p>    <h2 class=\"wp-block-heading\">Video av frysekj\u00f8ttblokkbryter  <\/h2>    <figure class=\"wp-block-embed is-type-video is-provider-youtube wp-block-embed-youtube wp-embed-aspect-16-9 wp-has-aspect-ratio\"><div class=\"wp-block-embed__wrapper\"> <iframe loading=\"lazy\" title=\"Kommerciell frysekj\u00f8ttblokkknusing og kvernelinje til salgs |frossent kj\u00f8ttblokk flaker\" width=\"500\" height=\"281\" src=\"https:\/\/www.youtube.com\/embed\/ZRYqmhxR3_g?start=8&#038;feature=oembed\" frameborder=\"0\" allow=\"accelerometer; autoplay; clipboard-write; encrypted-media; gyroscope; picture-in-picture; web-share\" referrerpolicy=\"strict-origin-when-cross-origin\" allowfullscreen><\/iframe> <\/div><\/figure>","protected":false},"excerpt":{"rendered":"<p>Frysekj\u00f8ttblokkbryteren er en maskin som brukes til \u00e5 dele hele frosset kj\u00f8tt og kutte det i biter. Maskinen behandler frosset benfritt kj\u00f8tt. Det er et uunnv\u00e6rlig verkt\u00f8y i prosessen med kj\u00f8ttforedling. Det kan brukes til forbehandling av kj\u00f8ttkvern. I prosessen med p\u00f8lse- og kj\u00f8ttballedanning brukes frysekj\u00f8ttkuttere til \u00e5 behandle r\u00e5materialer.<\/p>","protected":false},"author":1,"featured_media":32296,"parent":0,"template":"","product-type":[589],"class_list":["post-32290","product","type-product","status-publish","has-post-thumbnail","hentry","product-type-meat-cutting-machine"],"_links":{"self":[{"href":"https:\/\/www.meatprocessingmachine.org\/nn\/wp-json\/wp\/v2\/product\/32290","targetHints":{"allow":["GET"]}}],"collection":[{"href":"https:\/\/www.meatprocessingmachine.org\/nn\/wp-json\/wp\/v2\/product"}],"about":[{"href":"https:\/\/www.meatprocessingmachine.org\/nn\/wp-json\/wp\/v2\/types\/product"}],"author":[{"embeddable":true,"href":"https:\/\/www.meatprocessingmachine.org\/nn\/wp-json\/wp\/v2\/users\/1"}],"wp:featuredmedia":[{"embeddable":true,"href":"https:\/\/www.meatprocessingmachine.org\/nn\/wp-json\/wp\/v2\/media\/32296"}],"wp:attachment":[{"href":"https:\/\/www.meatprocessingmachine.org\/nn\/wp-json\/wp\/v2\/media?parent=32290"}],"wp:term":[{"taxonomy":"product-type","embeddable":true,"href":"https:\/\/www.meatprocessingmachine.org\/nn\/wp-json\/wp\/v2\/product-type?post=32290"}],"curies":[{"name":"wp","href":"https:\/\/api.w.org\/{rel}","templated":true}]}}