{"id":32791,"date":"2022-02-08T17:11:53","date_gmt":"2022-02-08T09:11:53","guid":{"rendered":"https:\/\/www.meatprocessingmachine.org\/?p=32791"},"modified":"2024-06-17T10:15:44","modified_gmt":"2024-06-17T02:15:44","slug":"power-scrub-egg-washing-machine","status":"publish","type":"product","link":"https:\/\/www.meatprocessingmachine.org\/nn\/power-scrub-egg-washing-machine.html","title":{"rendered":"Automatisk eggvaskemaskin | kraftskrubbe eggvaskemaskin"},"content":{"rendered":"<div class=\"kk-star-ratings kksr-auto kksr-align-right kksr-valign-top\"     data-payload='{&quot;align&quot;:&quot;right&quot;,&quot;id&quot;:&quot;32791&quot;,&quot;slug&quot;:&quot;default&quot;,&quot;valign&quot;:&quot;top&quot;,&quot;ignore&quot;:&quot;&quot;,&quot;reference&quot;:&quot;auto&quot;,&quot;class&quot;:&quot;&quot;,&quot;count&quot;:&quot;0&quot;,&quot;legendonly&quot;:&quot;&quot;,&quot;readonly&quot;:&quot;&quot;,&quot;score&quot;:&quot;0&quot;,&quot;starsonly&quot;:&quot;&quot;,&quot;best&quot;:&quot;5&quot;,&quot;gap&quot;:&quot;5&quot;,&quot;greet&quot;:&quot;Rate this product&quot;,&quot;legend&quot;:&quot;0\\\/5 - (0 votes)&quot;,&quot;size&quot;:&quot;24&quot;,&quot;title&quot;:&quot;Automatic egg washing machine | power scrub egg cleaning machine&quot;,&quot;width&quot;:&quot;0&quot;,&quot;_legend&quot;:&quot;{score}\\\/{best} - ({count} {votes})&quot;,&quot;font_factor&quot;:&quot;1.25&quot;}'>              <div class=\"kksr-stars\">      <div class=\"kksr-stars-inactive\">             <div class=\"kksr-star\" data-star=\"1\" style=\"padding-right: 5px\">               <div class=\"kksr-icon\" style=\"width: 24px; height: 24px;\"><\/div>         <\/div>             <div class=\"kksr-star\" data-star=\"2\" style=\"padding-right: 5px\">               <div class=\"kksr-icon\" style=\"width: 24px; height: 24px;\"><\/div>         <\/div>             <div class=\"kksr-star\" data-star=\"3\" style=\"padding-right: 5px\">               <div class=\"kksr-icon\" style=\"width: 24px; height: 24px;\"><\/div>         <\/div>             <div class=\"kksr-star\" data-star=\"4\" style=\"padding-right: 5px\">               <div class=\"kksr-icon\" style=\"width: 24px; height: 24px;\"><\/div>         <\/div>             <div class=\"kksr-star\" data-star=\"5\" style=\"padding-right: 5px\">               <div class=\"kksr-icon\" style=\"width: 24px; height: 24px;\"><\/div>         <\/div>     <\/div>      <div class=\"kksr-stars-active\" style=\"width: 0px;\">             <div class=\"kksr-star\" style=\"padding-right: 5px\">               <div class=\"kksr-icon\" style=\"width: 24px; height: 24px;\"><\/div>         <\/div>             <div class=\"kksr-star\" style=\"padding-right: 5px\">               <div class=\"kksr-icon\" style=\"width: 24px; height: 24px;\"><\/div>         <\/div>             <div class=\"kksr-star\" style=\"padding-right: 5px\">               <div class=\"kksr-icon\" style=\"width: 24px; height: 24px;\"><\/div>         <\/div>             <div class=\"kksr-star\" style=\"padding-right: 5px\">               <div class=\"kksr-icon\" style=\"width: 24px; height: 24px;\"><\/div>         <\/div>             <div class=\"kksr-star\" style=\"padding-right: 5px\">               <div class=\"kksr-icon\" style=\"width: 24px; height: 24px;\"><\/div>         <\/div>     <\/div> <\/div>                   <div class=\"kksr-legend\" style=\"font-size: 19.2px;\">             <span class=\"kksr-muted\">Vurder dette produktet<\/span>     <\/div>     <\/div>  <p>Transport\u00f8r av eggvaskemaskinen <\/p>    <p class=\"translation-block\">Eggvaskemaskinen er hovedsakelig delt inn i to deler, eggvask og eggt\u00f8rking, og lett inspeksjon. Vi kan ogs\u00e5 tilby <a href=\"https:\/\/www.meatprocessingmachine.org\/nn\/egg-processing-line-for-washing-and-grading.html\/\">eggklassifiseringsvekter<\/a> og kodemaskiner. Eggvaskingsutstyr passer for g\u00e5rder, egggrossistmarkeder og supermarkeder.<\/p>    <figure class=\"wp-block-image size-full\"><img loading=\"lazy\" decoding=\"async\" width=\"720\" height=\"540\" src=\"https:\/\/www.meatprocessingmachine.org\/wp-content\/uploads\/2022\/02\/egg-cleaning.png\" alt=\"eggvaskemaskin\" class=\"wp-image-32797\" title=\"\" srcset=\"https:\/\/www.meatprocessingmachine.org\/wp-content\/uploads\/2022\/02\/egg-cleaning.png 720w, https:\/\/www.meatprocessingmachine.org\/wp-content\/uploads\/2022\/02\/egg-cleaning-300x225.png 300w\" sizes=\"auto, (max-width: 720px) 100vw, 720px\" \/><figcaption class=\"wp-element-caption\">Eggvaskemaskin video<\/figcaption><\/figure>    <h2 class=\"wp-block-heading\">Fordeler med eggvaskingsutstyr<\/h2>    <figure class=\"wp-block-embed is-type-video is-provider-youtube wp-block-embed-youtube wp-embed-aspect-16-9 wp-has-aspect-ratio\"><div class=\"wp-block-embed__wrapper\"> <iframe loading=\"lazy\" title=\"Power scrub eggvaskemaskin | Eggrengj\u00f8ringslinje | Hvordan vasker vi 5500 egg i timen?\" width=\"500\" height=\"281\" src=\"https:\/\/www.youtube.com\/embed\/v77eyAo-Vbk?feature=oembed\" frameborder=\"0\" allow=\"accelerometer; autoplay; clipboard-write; encrypted-media; gyroscope; picture-in-picture; web-share\" referrerpolicy=\"strict-origin-when-cross-origin\" allowfullscreen><\/iframe> <\/div><figcaption class=\"wp-element-caption\">Med automatisk rengj\u00f8ring, \u00e9n person legger egg, og h\u00f8y produksjonseffektivitet.<\/figcaption><\/figure>    <h2 class=\"wp-block-heading\">Ulike modeller av eggvaskemaskin<\/h2>    <ul class=\"wp-block-list\"> <li>Solid struktur, stabil ytelse, ingen eggklem, ingen egghopp, lang levetid.<\/li>    <li>Ved bruk av rustfritt st\u00e5l wireb\u00f8rste kan eggvaskemaskinen automatisk drive og rengj\u00f8re.<\/li>    <li>Spr\u00f8yting og rengj\u00f8ring i boksen, rein og uten skade.<\/li>    <li>Enkelt-rads eggvaskemaskin er en maskin med liten kapasitet, med et gjennomsnitt p\u00e5 6 000 stykker i timen. Eggvaskemaskinen kan fullf\u00f8re den automatiske eggleggingfunksjonen, og sparer arbeidskraft. Egglegging gummihjul er laget av POM-materiale. Produktet av dette materialet er hygienisk, trygt og av h\u00f8y kvalitet, og det er veldig slitesterkt.<\/li> <\/ul>    <h2 class=\"wp-block-heading\">Modell 1: einsrads eggvasker<\/h2>    <h3 class=\"wp-block-heading\">Einsrads eggvaskingsutstyr parametere<\/h3>    <p>Enkelt-rads eggvasker fabrikkbes\u00f8k<\/p>    <figure class=\"wp-block-image size-full\"><img loading=\"lazy\" decoding=\"async\" width=\"720\" height=\"540\" src=\"https:\/\/www.meatprocessingmachine.org\/wp-content\/uploads\/2022\/02\/Single-row-egg-washing-machine-visit-factory.png\" alt=\"dobbelttrads eggrengj\u00f8ringsmaskin\" class=\"wp-image-32913\" title=\"\" srcset=\"https:\/\/www.meatprocessingmachine.org\/wp-content\/uploads\/2022\/02\/Single-row-egg-washing-machine-visit-factory.png 720w, https:\/\/www.meatprocessingmachine.org\/wp-content\/uploads\/2022\/02\/Single-row-egg-washing-machine-visit-factory-300x225.png 300w\" sizes=\"auto, (max-width: 720px) 100vw, 720px\" \/><figcaption class=\"wp-element-caption\">Utseende: 6000*1200*1500 mm<\/figcaption><\/figure>    <h4 class=\"wp-block-heading\"><strong>Modell 2: 2-rads eggvaskemaskin<\/strong><\/h4>    <ul class=\"wp-block-list\"> <li>Effektivitet: 5000-7000 stykker\/timen<\/li>    <li>Total effekt: 6,6kw<\/li>    <li>Spenning: 380V<\/li>    <li>Sammenlignet med enkeltrads eggvasker, dobles utgangen til dobbelttrads eggvaskemaskin, men prinsippet og strukturen til eggvaskemaskinen er den samme, slik at maskinmodellen kan velges i henhold til utgangen som m\u00e5 behandles hver dag.<\/li> <\/ul>    <h3 class=\"wp-block-heading\">Dobbelttrads eggvaskemaskin parametere<\/h3>    <p>Dobbeltrads eggvaskemaskin fabrikktestmaskin<\/p>    <figure class=\"wp-block-image size-full\"><img loading=\"lazy\" decoding=\"async\" width=\"720\" height=\"540\" src=\"https:\/\/www.meatprocessingmachine.org\/wp-content\/uploads\/2022\/02\/Double-row-egg-washing-machine-factory-test-machine.png\" alt=\"Skitne egg\" class=\"wp-image-32912\" title=\"\" srcset=\"https:\/\/www.meatprocessingmachine.org\/wp-content\/uploads\/2022\/02\/Double-row-egg-washing-machine-factory-test-machine.png 720w, https:\/\/www.meatprocessingmachine.org\/wp-content\/uploads\/2022\/02\/Double-row-egg-washing-machine-factory-test-machine-300x225.png 300w\" sizes=\"auto, (max-width: 720px) 100vw, 720px\" \/><figcaption class=\"wp-element-caption\">Utseende: 6800*1600*1500 mm<\/figcaption><\/figure>    <h4 class=\"wp-block-heading\"><strong>Hvorfor bruke en eggvaskemaskin?<\/strong><\/h4>    <ul class=\"wp-block-list\"> <li>Effektivitet: 10000-14000 stykker\/timen<\/li>    <li>Total effekt: 12,5kw<\/li>    <li>Spenning: 380V<\/li>    <li>P\u00e5 grunn av det store antallet stomata fordelt p\u00e5 overflaten av egget, trer disse mikroorganismer og patogener inn i egget gjennom stomata og formerer seg i stort antall. Kvaliteten p\u00e5 eggene blir ikke bare alvorlig p\u00e5virket, men utgj\u00f8r ogs\u00e5 en trussel mot helsen til spiseren.<\/li> <\/ul>    <h2 class=\"wp-block-heading\" id=\"h-why-use-an-egg-washing-machine\">Faren ved direkte salg av skitne egg<\/h2>    <p class=\"translation-block\">Because eggs are produced through the animal&#8217;s cloaca, many gut microbes are attached to the surface of the egg, and in a typical environment, they can be infected with a large number of disease-causing bacteria. The experiments showed that 10% of the eggs used in the experiment had <a href=\"https:\/\/en.wikipedia.org\/wiki\/Salmonella\" target=\"_blank\" rel=\"noopener\">Salmonella<\/a> on the surface, while 64% had Escherichia coli on the surface. <\/p>    <p>P\u00e5virker salg. Mange egg er ikke rengjort og selges direkte, overflaten er skitten, og mange forbrukere er motvillige til \u00e5 kj\u00f8pe slike egg.<\/p>    <h2 class=\"wp-block-heading\">Hvordan bruke eggvaskemaskinen?<\/h2>    <figure class=\"wp-block-image size-full\"><img loading=\"lazy\" decoding=\"async\" width=\"720\" height=\"540\" src=\"https:\/\/www.meatprocessingmachine.org\/wp-content\/uploads\/2022\/02\/dirty-eggs.png\" alt=\"dirty eggs\" class=\"wp-image-32794\" title=\"\" srcset=\"https:\/\/www.meatprocessingmachine.org\/wp-content\/uploads\/2022\/02\/dirty-eggs.png 720w, https:\/\/www.meatprocessingmachine.org\/wp-content\/uploads\/2022\/02\/dirty-eggs-300x225.png 300w\" sizes=\"auto, (max-width: 720px) 100vw, 720px\" \/><figcaption class=\"wp-element-caption\">Skitne egg<\/figcaption><\/figure>    <ul class=\"wp-block-list\"> <li>Kort lagringstid. Skitne egg er ikke rene, og det vil v\u00e6re et stort antall mikroorganismer p\u00e5 overflaten. Under lagringsperioden blir innsiden av eggene kontinuerlig transportert, noe som f\u00f8rer til en kontinuerlig \u00f8kning i antall d\u00e5rlige egg. Egg vaskes for \u00e5 \u00f8ke holdbarheten.<\/li>    <li>Skitne egg er lett \u00e5 spre sykdom. Egg blir direkte utelukket fra reproduksjonsorganene til h\u00f8nene. Overflaten av eggene er generelt utsatt for avf\u00f8ring, blodflekker osv., noe som lett kan forurense milj\u00f8et og spre sykdommer.<\/li>    <li>Bruk eggvaskemaskinen<\/li> <\/ul>    <h2 class=\"wp-block-heading\">Komponentar av eggvaskemaskin<\/h2>    <figure class=\"wp-block-image size-full\"><img loading=\"lazy\" decoding=\"async\" width=\"720\" height=\"540\" src=\"https:\/\/www.meatprocessingmachine.org\/wp-content\/uploads\/2022\/02\/egg-washing-machine-2.png\" alt=\"use egg washing machine\" class=\"wp-image-32795\" title=\"\" srcset=\"https:\/\/www.meatprocessingmachine.org\/wp-content\/uploads\/2022\/02\/egg-washing-machine-2.png 720w, https:\/\/www.meatprocessingmachine.org\/wp-content\/uploads\/2022\/02\/egg-washing-machine-2-300x225.png 300w\" sizes=\"auto, (max-width: 720px) 100vw, 720px\" \/><figcaption class=\"wp-element-caption\">Eggvaskeren er en fullt automatisk maskin. Det er en stor vanntank ved egginngangen, og eggene kan direkte helles i vanntanken. Gjennom vannets oppdrift kan kollisjonen mellom eggene unng\u00e5s. Eggene faller p\u00e5 transportb\u00e5ndet og transporteres til eggene via transportb\u00e5ndet. B\u00f8rste-rengj\u00f8ringsdelen av rengj\u00f8ringsutstyret, etter rengj\u00f8ring, luftt\u00f8rkes, og deretter utf\u00f8res optisk inspeksjon, noe som krever manuell inspeksjon.<\/figcaption><\/figure>    <p>Eggrensingsmaskin<\/p>    <h2 class=\"wp-block-heading\">Kan myke skinn-egg bruke en eggvasker? <\/h2>    <figure class=\"wp-block-image size-full\"><img loading=\"lazy\" decoding=\"async\" width=\"720\" height=\"540\" src=\"https:\/\/www.meatprocessingmachine.org\/wp-content\/uploads\/2022\/02\/egg-cleaning-machine-.png\" alt=\"Eggvaskemaskin b\u00f8rste \" class=\"wp-image-32796\" title=\"\" srcset=\"https:\/\/www.meatprocessingmachine.org\/wp-content\/uploads\/2022\/02\/egg-cleaning-machine-.png 720w, https:\/\/www.meatprocessingmachine.org\/wp-content\/uploads\/2022\/02\/egg-cleaning-machine--300x225.png 300w\" sizes=\"auto, (max-width: 720px) 100vw, 720px\" \/><figcaption class=\"wp-element-caption\">Den automatiske eggvaskeren best\u00e5r av en vanntank, en eggrulle, en b\u00f8rste for rengj\u00f8ring og et transportb\u00e5nd. Materialet i vanntanken er 304 rustfritt st\u00e5l, som er lett \u00e5 rengj\u00f8re, korrosjonsbestandig og lett \u00e5 rengj\u00f8re. B\u00f8rsten p\u00e5 maskinen er laget av et spesialdesignet slitesterkt materiale med buet ledning. Gjennom mange eksperimenter har vi funnet et materiale som har en viss hardhet uten \u00e5 skade overflaten av egget. Denne b\u00f8rsten har god rengj\u00f8ringskraft. Transportb\u00e5ndet er av matvarekvalitet PVC-materiale. Eggvaskeren er totalt trygg og p\u00e5litelig. <\/figcaption><\/figure>    <p>Eggvaskemaskin b\u00f8rste<\/p>    <h2 class=\"wp-block-heading\">Eggvaskemaskin video<\/h2>    <figure class=\"wp-block-image size-full\"><img loading=\"lazy\" decoding=\"async\" width=\"720\" height=\"540\" src=\"https:\/\/www.meatprocessingmachine.org\/wp-content\/uploads\/2022\/02\/egg-washing-machine-brush.png\" alt=\"eggvaskemaskin\" class=\"wp-image-32798\" title=\"\" srcset=\"https:\/\/www.meatprocessingmachine.org\/wp-content\/uploads\/2022\/02\/egg-washing-machine-brush.png 720w, https:\/\/www.meatprocessingmachine.org\/wp-content\/uploads\/2022\/02\/egg-washing-machine-brush-300x225.png 300w\" sizes=\"auto, (max-width: 720px) 100vw, 720px\" \/><figcaption class=\"wp-element-caption\">Det er mange faktorer for dannelsen av soft-shell andeegg. Hvis hunnanda blir skremt, kan mangel p\u00e5 kalsium, D3 og andre elementer i f\u00f4ret ogs\u00e5 for\u00e5rsake store omr\u00e5der med soft-shell egg. Kan dette softshell-egg vaskes med en eggvasker? Generelt sett er soft-shell egg myke, men kalsiumet i dem er faktisk, og det er fortsatt noe motstandskraft. Men n\u00e5r du bruker duckeggvaskemaskinen, er det fortsatt n\u00f8dvendig \u00e5 redusere effekten for \u00e5 forhindre at andeegget g\u00e5r i stykker.<\/figcaption><\/figure>    <p>Softshell andeduckegg blir best vaska for hand om skallet er veldig tynt. Fordi duckeggrenseren bruker hardheten til selve andeegget for \u00e5 bruke b\u00f8rsterullen til rengj\u00f8ring, hvis egget er for mykt, kan det lett bli punktert av de harde bustene p\u00e5 b\u00f8rsterullen.<\/p>    <p>Myke skinn-egg<\/p>    <figure class=\"wp-block-image size-full\"><img loading=\"lazy\" decoding=\"async\" width=\"720\" height=\"540\" src=\"https:\/\/www.meatprocessingmachine.org\/wp-content\/uploads\/2022\/02\/soft-skin-eggs.png\" alt=\"soft-skin eggs\" class=\"wp-image-32801\" title=\"\" srcset=\"https:\/\/www.meatprocessingmachine.org\/wp-content\/uploads\/2022\/02\/soft-skin-eggs.png 720w, https:\/\/www.meatprocessingmachine.org\/wp-content\/uploads\/2022\/02\/soft-skin-eggs-300x225.png 300w\" sizes=\"auto, (max-width: 720px) 100vw, 720px\" \/><figcaption class=\"wp-element-caption\">Automatisk Eggvaskemaskin | Power Scrub Eggvaskemaskin 2<\/figcaption><\/figure>","protected":false},"excerpt":{"rendered":"<p>Egg washing machine is a machine used to remove dirt and mud on the surface of eggs. Machine cleaning can achieve the standard of cleaning eggs. Egg washing machines can not only clean remember that, but also clean duck eggs, goose eggs, and other poultry eggs. The machine is mainly divided into two parts, egg washing and egg drying, and light inspection. We can also provide egg grading weighing equipment and coding machines. Egg cleaning equipment is suitable for farms, egg wholesale markets, and large supermarkets.<\/p>","protected":false},"author":1,"featured_media":32793,"parent":0,"template":"","product-type":[583],"class_list":["post-32791","product","type-product","status-publish","has-post-thumbnail","hentry","product-type-chicken-turkey"],"_links":{"self":[{"href":"https:\/\/www.meatprocessingmachine.org\/nn\/wp-json\/wp\/v2\/product\/32791","targetHints":{"allow":["GET"]}}],"collection":[{"href":"https:\/\/www.meatprocessingmachine.org\/nn\/wp-json\/wp\/v2\/product"}],"about":[{"href":"https:\/\/www.meatprocessingmachine.org\/nn\/wp-json\/wp\/v2\/types\/product"}],"author":[{"embeddable":true,"href":"https:\/\/www.meatprocessingmachine.org\/nn\/wp-json\/wp\/v2\/users\/1"}],"wp:featuredmedia":[{"embeddable":true,"href":"https:\/\/www.meatprocessingmachine.org\/nn\/wp-json\/wp\/v2\/media\/32793"}],"wp:attachment":[{"href":"https:\/\/www.meatprocessingmachine.org\/nn\/wp-json\/wp\/v2\/media?parent=32791"}],"wp:term":[{"taxonomy":"product-type","embeddable":true,"href":"https:\/\/www.meatprocessingmachine.org\/nn\/wp-json\/wp\/v2\/product-type?post=32791"}],"curies":[{"name":"wp","href":"https:\/\/api.w.org\/{rel}","templated":true}]}}