{"id":33820,"date":"2022-07-05T09:26:10","date_gmt":"2022-07-05T01:26:10","guid":{"rendered":"https:\/\/www.meatprocessingmachine.org\/?p=33820"},"modified":"2026-02-12T16:48:50","modified_gmt":"2026-02-12T08:48:50","slug":"burger-meat-patty-making-machine-meatloaf-forming-machine","status":"publish","type":"product","link":"https:\/\/www.meatprocessingmachine.org\/nn\/burger-meat-patty-making-machine-meatloaf-forming-machine.html","title":{"rendered":"Burgerkj\u00f8tt-patty-making maskin | kj\u00f8ttdeigformeringsmaskin"},"content":{"rendered":"<div class=\"kk-star-ratings kksr-auto kksr-align-right kksr-valign-top\"     data-payload='{&quot;align&quot;:&quot;right&quot;,&quot;id&quot;:&quot;33820&quot;,&quot;slug&quot;:&quot;default&quot;,&quot;valign&quot;:&quot;top&quot;,&quot;ignore&quot;:&quot;&quot;,&quot;reference&quot;:&quot;auto&quot;,&quot;class&quot;:&quot;&quot;,&quot;count&quot;:&quot;0&quot;,&quot;legendonly&quot;:&quot;&quot;,&quot;readonly&quot;:&quot;&quot;,&quot;score&quot;:&quot;0&quot;,&quot;starsonly&quot;:&quot;&quot;,&quot;best&quot;:&quot;5&quot;,&quot;gap&quot;:&quot;5&quot;,&quot;greet&quot;:&quot;Rate this product&quot;,&quot;legend&quot;:&quot;0\\\/5 - (0 votes)&quot;,&quot;size&quot;:&quot;24&quot;,&quot;title&quot;:&quot;Burger meat patty-making machine | meatloaf forming machine&quot;,&quot;width&quot;:&quot;0&quot;,&quot;_legend&quot;:&quot;{score}\\\/{best} - ({count} {votes})&quot;,&quot;font_factor&quot;:&quot;1.25&quot;}'>              <div class=\"kksr-stars\">      <div class=\"kksr-stars-inactive\">             <div class=\"kksr-star\" data-star=\"1\" style=\"padding-right: 5px\">               <div class=\"kksr-icon\" style=\"width: 24px; height: 24px;\"><\/div>         <\/div>             <div class=\"kksr-star\" data-star=\"2\" style=\"padding-right: 5px\">               <div class=\"kksr-icon\" style=\"width: 24px; height: 24px;\"><\/div>         <\/div>             <div class=\"kksr-star\" data-star=\"3\" style=\"padding-right: 5px\">               <div class=\"kksr-icon\" style=\"width: 24px; height: 24px;\"><\/div>         <\/div>             <div class=\"kksr-star\" data-star=\"4\" style=\"padding-right: 5px\">               <div class=\"kksr-icon\" style=\"width: 24px; height: 24px;\"><\/div>         <\/div>             <div class=\"kksr-star\" data-star=\"5\" style=\"padding-right: 5px\">               <div class=\"kksr-icon\" style=\"width: 24px; height: 24px;\"><\/div>         <\/div>     <\/div>      <div class=\"kksr-stars-active\" style=\"width: 0px;\">             <div class=\"kksr-star\" style=\"padding-right: 5px\">               <div class=\"kksr-icon\" style=\"width: 24px; height: 24px;\"><\/div>         <\/div>             <div class=\"kksr-star\" style=\"padding-right: 5px\">               <div class=\"kksr-icon\" style=\"width: 24px; height: 24px;\"><\/div>         <\/div>             <div class=\"kksr-star\" style=\"padding-right: 5px\">               <div class=\"kksr-icon\" style=\"width: 24px; height: 24px;\"><\/div>         <\/div>             <div class=\"kksr-star\" style=\"padding-right: 5px\">               <div class=\"kksr-icon\" style=\"width: 24px; height: 24px;\"><\/div>         <\/div>             <div class=\"kksr-star\" style=\"padding-right: 5px\">               <div class=\"kksr-icon\" style=\"width: 24px; height: 24px;\"><\/div>         <\/div>     <\/div> <\/div>                   <div class=\"kksr-legend\" style=\"font-size: 19.2px;\">             <span class=\"kksr-muted\">Vurder dette produktet<\/span>     <\/div>     <\/div>  <p>Den automatiske burgerkj\u00f8ttkakefremstillingsmaskinen er en maskin for \u00e5 danne hamburgerkaker. Den kan raskt danne patties, og formen kan tilpasses. For eksempel kan den behandle stjerneformede patties og kyllingl\u00e5rformede patties. Dette kan oppn\u00e5s ved \u00e5 endre maskinens form. Hamburgkakeformeringsmaskinen kan behandle biffkaker, kyllingkaker, fiskekaker, rekekaker, potet- og gresskarkaker, og andre ingredienser, egnet for kj\u00f8ttbehandling, restauranter, kantiner, burgerbutikker og andre steder. <\/p>    <figure class=\"wp-block-gallery has-nested-images columns-default is-cropped wp-block-gallery-2 is-layout-flex wp-block-gallery-is-layout-flex\"> <figure class=\"wp-block-image size-large\"><img loading=\"lazy\" decoding=\"async\" width=\"720\" height=\"540\" data-id=\"33833\" src=\"https:\/\/www.meatprocessingmachine.org\/wp-content\/uploads\/2022\/07\/SPB51005-raw-stacked-burgers-1.png\" alt=\"\" class=\"wp-image-33833\" title=\"\"><figcaption><\/figcaption><\/figure>    <figure class=\"wp-block-image size-large\"><img loading=\"lazy\" decoding=\"async\" width=\"720\" height=\"540\" data-id=\"33834\" src=\"https:\/\/www.meatprocessingmachine.org\/wp-content\/uploads\/2022\/07\/\u56fe\u72478.png\" alt=\"\" class=\"wp-image-33834\" title=\"\"><figcaption><\/figcaption><\/figure>    <figure class=\"wp-block-image size-large\"><img loading=\"lazy\" decoding=\"async\" width=\"720\" height=\"540\" data-id=\"33835\" src=\"https:\/\/www.meatprocessingmachine.org\/wp-content\/uploads\/2022\/07\/OIP.png\" alt=\"\" class=\"wp-image-33835\" title=\"\"><figcaption><\/figcaption><\/figure>    <figure class=\"wp-block-image size-large\"><img loading=\"lazy\" decoding=\"async\" width=\"720\" height=\"540\" data-id=\"33836\" src=\"https:\/\/www.meatprocessingmachine.org\/wp-content\/uploads\/2022\/07\/O1CN01l84kae1SohFGTSCiS_845992294.jpg_400x400-\u526f\u672c.png\" alt=\"\" class=\"wp-image-33836\" title=\"\"><figcaption><\/figcaption><\/figure>    <figure class=\"wp-block-image size-large\"><img loading=\"lazy\" decoding=\"async\" width=\"720\" height=\"540\" data-id=\"33837\" src=\"https:\/\/www.meatprocessingmachine.org\/wp-content\/uploads\/2022\/07\/\u56fe\u72471.png\" alt=\"\" class=\"wp-image-33837\" title=\"\"><figcaption><\/figcaption><\/figure>    <figure class=\"wp-block-image size-large\"><img loading=\"lazy\" decoding=\"async\" width=\"720\" height=\"540\" data-id=\"33838\" src=\"https:\/\/www.meatprocessingmachine.org\/wp-content\/uploads\/2022\/07\/u2057661609210569391fm199app68fPNG.png\" alt=\"\" class=\"wp-image-33838\" title=\"\"><figcaption><\/figcaption><\/figure> <\/figure>    <h2 class=\"wp-block-heading\" id=\"h-ingredients-for-burger-meat-patty-making-machine\">Ingredienser til burgerkj\u00f8ttkakefremstillingsmaskin<\/h2>   <div class=\"wp-block-image\"> <figure class=\"aligncenter size-full is-resized\"><img decoding=\"async\" src=\"https:\/\/www.meatprocessingmachine.org\/wp-content\/uploads\/2022\/07\/058fc544f0069cfd5496d497c978d99.jpg\" alt=\"biffpatty-pressmaskin\" class=\"wp-image-33824\" width=\"720\" title=\"\"><figcaption class=\"wp-element-caption\">Burger Meat Patty-Making Machine<\/figcaption><\/figure> <\/div>   <p>R\u00e5varene som passer til formingsmaskinen: ulike typer kj\u00f8tt, inkludert kylling, biff, lam og svin; sj\u00f8matprodukter, fisk, reker, blekksprut og laks; det kan ogs\u00e5 behandle gr\u00f8nnsakskaker, som poteter, s\u00f8tpoteter, gresskar, gulr\u00f8tter, gr\u00f8nne b\u00f8nner, r\u00f8de b\u00f8nner, store b\u00f8nner, soyab\u00f8nner, for ern\u00e6ringsmessig balanse, kan det ogs\u00e5 blandes med kj\u00f8tt, fisk og gr\u00f8nnsaker. De bearbeidede pattiene kan settes i hamburgere.<\/p>    <h2 class=\"wp-block-heading\">Hvordan bruke en burgerkj\u00f8ttkakefremstillingsmaskin?<\/h2>   <div class=\"wp-block-image\"> <figure class=\"aligncenter size-full\"><img loading=\"lazy\" decoding=\"async\" width=\"720\" height=\"540\" src=\"https:\/\/www.meatprocessingmachine.org\/wp-content\/uploads\/2022\/07\/u19631668031616309069fm199app68fPNG.png\" alt=\"biffpatty-pressmaskin\" class=\"wp-image-33825\" title=\"\"><figcaption class=\"wp-element-caption\">biffpatty-pressmaskin<\/figcaption><\/figure> <\/div>   <p>F\u00f8r burgerkj\u00f8ttkakefremstillingsmaskinen starter, m\u00e5 du f\u00f8rst installere den n\u00f8dvendige kj\u00f8ttkake-trommeformingsformen, deretter \u00e5pne lokket p\u00e5 materialtrommelen, installere kj\u00f8tttrykkplaten i materialtrommelen, og legge den forberedte kj\u00f8ttfyllet i materialtrommelen. Til slutt starter du formingsmaskinen. N\u00e5r maskinen er i gang, roterer kj\u00f8tttrykkbladet i materialtrommelen sammen med den og presser kontinuerlig kj\u00f8ttmaterialet ned i formingsformen. Formen kuttes deretter av p\u00e5 transportb\u00e5ndet med st\u00e5ltr\u00e5d for \u00e5 danne en arbeids syklus av forming og utgang av kj\u00f8ttkaken.<\/p>    <h2 class=\"wp-block-heading\">Hamburgkakeformeringsmaskin produksjonsutstyr<\/h2>   <div class=\"wp-block-image\"> <figure class=\"aligncenter size-full\"><img loading=\"lazy\" decoding=\"async\" width=\"720\" height=\"540\" src=\"https:\/\/www.meatprocessingmachine.org\/wp-content\/uploads\/2022\/07\/u15355109621088436437fm199app68fJPEG.png\" alt=\"burgerkj\u00f8ttkakefremstillingsmaskin\" class=\"wp-image-33826\" title=\"\"><figcaption class=\"wp-element-caption\">burgerkj\u00f8ttkakefremstillingsmaskin <\/figcaption><\/figure> <\/div>   <p class=\"translation-block\">Den automatiske hamburgerpatty-formingsmaskinen bearbeider det finhakkede kj\u00f8ttet til den designede formen og vekten, som kan bearbeides til trekant, rektangel, sirkel, hjartformet og spesialformede produkter, og fullf\u00f8rer automatisk fylling, forming og utgangsprosesser av kj\u00f8ttet. En <a href=\"https:\/\/www.meatprocessingmachine.org\/nn\/chicken-bone-grinder-best-meat-grinder-for-grinding-bones.html\/\">kj\u00f8ttkvern<\/a> kan plasseres foran formingsmaskinen for \u00e5 male kj\u00f8ttet, deretter kan det settes i <a href=\"https:\/\/www.meatprocessingmachine.org\/nn\/good-quality-meat-food-stuffing-mixer.html\/\">kj\u00f8ttblanderen<\/a>, og krydder og andre gr\u00f8nnsaker kan tilsettes, og maskinen kan realisere automatisk blanding. Det kan stekes eller hurtigfryses, og etter prosessen er fullf\u00f8rt, kan det ogs\u00e5 vakuumpakkes, og <a href=\"https:\/\/www.meatprocessingmachine.org\/nn\/single-chamber-vacuum-packaging-machine.html\/\">vakuumpakket<\/a> kan brukes for \u00e5 forlenge holdbarheten. P\u00e5 denne m\u00e5ten kan bruk av maskiner erstatte arbeidskraften og \u00f8ke produksjonshastigheten.<\/p>    <h2 class=\"wp-block-heading\">Hvorfor kan biffpatty-pressmaskinen produsere ulike former av patties?<\/h2>    <figure class=\"wp-block-gallery has-nested-images columns-2 is-cropped wp-block-gallery-3 is-layout-flex wp-block-gallery-is-layout-flex\"> <figure class=\"wp-block-image size-large\"><img loading=\"lazy\" decoding=\"async\" width=\"720\" height=\"540\" data-id=\"33827\" src=\"https:\/\/www.meatprocessingmachine.org\/wp-content\/uploads\/2022\/07\/422919056768911247.png\" alt=\"meatloaf forming machine mold\" class=\"wp-image-33827\" title=\"\"><figcaption class=\"wp-element-caption\">Kj\u00f8ttkakeformeringsmaskinform<\/figcaption><\/figure>    <figure class=\"wp-block-image size-large\"><img loading=\"lazy\" decoding=\"async\" width=\"720\" height=\"540\" data-id=\"33828\" src=\"https:\/\/www.meatprocessingmachine.org\/wp-content\/uploads\/2022\/07\/542820201130200308.png\" alt=\"meatloaf forming machine mold\" class=\"wp-image-33828\" title=\"\"><figcaption class=\"wp-element-caption\">Kj\u00f8ttkakeformeringsmaskinform<\/figcaption><\/figure>    <figure class=\"wp-block-image size-large\"><img loading=\"lazy\" decoding=\"async\" width=\"720\" height=\"540\" data-id=\"33829\" src=\"https:\/\/www.meatprocessingmachine.org\/wp-content\/uploads\/2022\/07\/\u5fae\u4fe1\u622a\u56fe_20220704102149.png\" alt=\"heart shape meat patty\" class=\"wp-image-33829\" title=\"\"><figcaption class=\"wp-element-caption\">Hjartformet kj\u00f8ttkake<\/figcaption><\/figure>    <figure class=\"wp-block-image size-large\"><img loading=\"lazy\" decoding=\"async\" width=\"720\" height=\"540\" data-id=\"33830\" src=\"https:\/\/www.meatprocessingmachine.org\/wp-content\/uploads\/2022\/07\/0.147.png\" alt=\"round meat patty\" class=\"wp-image-33830\" title=\"\"><figcaption class=\"wp-element-caption\">Rund kj\u00f8ttkake<\/figcaption><\/figure> <\/figure>    <p>Burgerkj\u00f8ttkakefremstillingsmaskiner kan produsere runde, trekantede, firkantede, hjartformede og stjerneformede patties. Hvorfor kan \u00e9n maskin lage s\u00e5 mange forskjellige former? \u00c5rsaken er at maskinens former kan byttes ut ved \u00e5 endre ulike former, og kj\u00f8ttkakeformeringsmaskinen kan lage kj\u00f8ttkaker i ulike former.<\/p>    <h2 class=\"wp-block-heading\">Parametere for kj\u00f8ttkakeformeringsmaskinen<\/h2>    <p>St\u00f8rrelse: 850*600*1400mm<\/p>    <p>Vekt: 100kg<\/p>    <p>Spenning: 380V 50Hz trefasestr\u00f8m 220V spenning kan endres, trefase er n\u00f8dvendig;<\/p>    <p>Effekt: 0,55kw<\/p>    <h2 class=\"wp-block-heading\">Fordelen med kj\u00f8ttkakeformeringsmaskinen<\/h2>   <div class=\"wp-block-image\"> <figure class=\"aligncenter size-full\"><img loading=\"lazy\" decoding=\"async\" width=\"720\" height=\"540\" src=\"https:\/\/www.meatprocessingmachine.org\/wp-content\/uploads\/2022\/07\/\u5fae\u4fe1\u622a\u56fe_20220704102242.png\" alt=\"burgerkj\u00f8ttkakebehandlingsmaskin\" class=\"wp-image-33832\" title=\"\"><figcaption class=\"wp-element-caption\">burgerkj\u00f8ttkakebehandlingsmaskin<\/figcaption><\/figure> <\/div>   <p>1. Burgerkj\u00f8ttkakefremstillingsmaskinen bruker en PLC-kontroller, som kan tildele relaterte funksjoner selv<\/p>    <p>2. Rustfritt st\u00e5l kropp, ikke lett \u00e5 ruste, kan brukes lenge<\/p>    <p>3. Biffpatty-pressmaskinen har h\u00f8y effektivitet, stabil hastighet, og jevn form og st\u00f8rrelse p\u00e5 kj\u00f8ttkakene.<\/p>    <p>4. Tilpasset pattyform, som kan produsere ulike former, vakre og kreative<\/p>   <div class=\"wp-block-image\"> <figure class=\"aligncenter size-full\"><img loading=\"lazy\" decoding=\"async\" width=\"720\" height=\"540\" src=\"https:\/\/www.meatprocessingmachine.org\/wp-content\/uploads\/2022\/07\/\u5fae\u4fe1\u622a\u56fe_20220704102020.png\" alt=\"burgerkj\u00f8ttkakebehandlingsmaskin\" class=\"wp-image-33839\" title=\"\"><figcaption class=\"wp-element-caption\">burgerkj\u00f8ttkakebehandlingsmaskin<\/figcaption><\/figure> <\/div>   <h2 class=\"wp-block-heading\">Video av burgerkj\u00f8ttkakefremstillingsmaskin<\/h2>    <figure class=\"wp-block-embed aligncenter is-type-video is-provider-youtube wp-block-embed-youtube\"><div class=\"wp-block-embed__wrapper\"> <iframe loading=\"lazy\" title=\"Nye hamburgerkj\u00f8ttkakefremstillingsmaskin 2022 | Automatisk burgerformeringsmaskin | kj\u00f8ttbehandling\" width=\"500\" height=\"281\" src=\"https:\/\/www.youtube.com\/embed\/4TSWc6f6DOY?feature=oembed\" frameborder=\"0\" allow=\"accelerometer; autoplay; clipboard-write; encrypted-media; gyroscope; picture-in-picture; web-share\" referrerpolicy=\"strict-origin-when-cross-origin\" allowfullscreen><\/iframe> <\/div><\/figure>","protected":false},"excerpt":{"rendered":"<p>Den automatiske burgerkj\u00f8ttkakefremstillingsmaskinen er en maskin for \u00e5 danne hamburgerkaker. Den kan raskt danne patties, og formen kan tilpasses. For eksempel kan den behandle stjerneformede patties og kyllingl\u00e5rformede patties. Dette kan oppn\u00e5s ved \u00e5 endre maskinens form. Hamburgkakeformeringsmaskinen kan behandle biffkaker, kyllingkaker, fiskekaker, rekekaker, potet- og gresskarkaker, og andre ingredienser, egnet for kj\u00f8ttbehandling, restauranter, kantiner, burgerbutikker og andre steder. <\/p>","protected":false},"author":1,"featured_media":34114,"parent":0,"template":"","product-type":[582,583,584],"class_list":["post-33820","product","type-product","status-publish","has-post-thumbnail","hentry","product-type-cattle-sheep","product-type-chicken-turkey","product-type-fish"],"_links":{"self":[{"href":"https:\/\/www.meatprocessingmachine.org\/nn\/wp-json\/wp\/v2\/product\/33820","targetHints":{"allow":["GET"]}}],"collection":[{"href":"https:\/\/www.meatprocessingmachine.org\/nn\/wp-json\/wp\/v2\/product"}],"about":[{"href":"https:\/\/www.meatprocessingmachine.org\/nn\/wp-json\/wp\/v2\/types\/product"}],"author":[{"embeddable":true,"href":"https:\/\/www.meatprocessingmachine.org\/nn\/wp-json\/wp\/v2\/users\/1"}],"wp:featuredmedia":[{"embeddable":true,"href":"https:\/\/www.meatprocessingmachine.org\/nn\/wp-json\/wp\/v2\/media\/34114"}],"wp:attachment":[{"href":"https:\/\/www.meatprocessingmachine.org\/nn\/wp-json\/wp\/v2\/media?parent=33820"}],"wp:term":[{"taxonomy":"product-type","embeddable":true,"href":"https:\/\/www.meatprocessingmachine.org\/nn\/wp-json\/wp\/v2\/product-type?post=33820"}],"curies":[{"name":"wp","href":"https:\/\/api.w.org\/{rel}","templated":true}]}}