{"id":34047,"date":"2023-01-04T17:53:56","date_gmt":"2023-01-04T09:53:56","guid":{"rendered":"https:\/\/www.meatprocessingmachine.org\/?post_type=product&#038;p=34047"},"modified":"2024-06-20T15:54:25","modified_gmt":"2024-06-20T07:54:25","slug":"frozen-meat-slicer-machine","status":"publish","type":"product","link":"https:\/\/www.meatprocessingmachine.org\/nn\/frozen-meat-slicer-machine.html","title":{"rendered":"Frossen kj\u00f8ttskj\u00e6ringsmaskin for kj\u00f8ttflak | kj\u00f8ttplaner"},"content":{"rendered":"<div class=\"kk-star-ratings kksr-auto kksr-align-right kksr-valign-top\"     data-payload='{&quot;align&quot;:&quot;right&quot;,&quot;id&quot;:&quot;34047&quot;,&quot;slug&quot;:&quot;default&quot;,&quot;valign&quot;:&quot;top&quot;,&quot;ignore&quot;:&quot;&quot;,&quot;reference&quot;:&quot;auto&quot;,&quot;class&quot;:&quot;&quot;,&quot;count&quot;:&quot;0&quot;,&quot;legendonly&quot;:&quot;&quot;,&quot;readonly&quot;:&quot;&quot;,&quot;score&quot;:&quot;0&quot;,&quot;starsonly&quot;:&quot;&quot;,&quot;best&quot;:&quot;5&quot;,&quot;gap&quot;:&quot;5&quot;,&quot;greet&quot;:&quot;Rate this product&quot;,&quot;legend&quot;:&quot;0\\\/5 - (0 votes)&quot;,&quot;size&quot;:&quot;24&quot;,&quot;title&quot;:&quot;Frozen meat slicer machine for meat flake | meat planer&quot;,&quot;width&quot;:&quot;0&quot;,&quot;_legend&quot;:&quot;{score}\\\/{best} - ({count} {votes})&quot;,&quot;font_factor&quot;:&quot;1.25&quot;}'>              <div class=\"kksr-stars\">      <div class=\"kksr-stars-inactive\">             <div class=\"kksr-star\" data-star=\"1\" style=\"padding-right: 5px\">               <div class=\"kksr-icon\" style=\"width: 24px; height: 24px;\"><\/div>         <\/div>             <div class=\"kksr-star\" data-star=\"2\" style=\"padding-right: 5px\">               <div class=\"kksr-icon\" style=\"width: 24px; height: 24px;\"><\/div>         <\/div>             <div class=\"kksr-star\" data-star=\"3\" style=\"padding-right: 5px\">               <div class=\"kksr-icon\" style=\"width: 24px; height: 24px;\"><\/div>         <\/div>             <div class=\"kksr-star\" data-star=\"4\" style=\"padding-right: 5px\">               <div class=\"kksr-icon\" style=\"width: 24px; height: 24px;\"><\/div>         <\/div>             <div class=\"kksr-star\" data-star=\"5\" style=\"padding-right: 5px\">               <div class=\"kksr-icon\" style=\"width: 24px; height: 24px;\"><\/div>         <\/div>     <\/div>      <div class=\"kksr-stars-active\" style=\"width: 0px;\">             <div class=\"kksr-star\" style=\"padding-right: 5px\">               <div class=\"kksr-icon\" style=\"width: 24px; height: 24px;\"><\/div>         <\/div>             <div class=\"kksr-star\" style=\"padding-right: 5px\">               <div class=\"kksr-icon\" style=\"width: 24px; height: 24px;\"><\/div>         <\/div>             <div class=\"kksr-star\" style=\"padding-right: 5px\">               <div class=\"kksr-icon\" style=\"width: 24px; height: 24px;\"><\/div>         <\/div>             <div class=\"kksr-star\" style=\"padding-right: 5px\">               <div class=\"kksr-icon\" style=\"width: 24px; height: 24px;\"><\/div>         <\/div>             <div class=\"kksr-star\" style=\"padding-right: 5px\">               <div class=\"kksr-icon\" style=\"width: 24px; height: 24px;\"><\/div>         <\/div>     <\/div> <\/div>                   <div class=\"kksr-legend\" style=\"font-size: 19.2px;\">             <span class=\"kksr-muted\">Vurder dette produktet<\/span>     <\/div>     <\/div>  <p>Taizy frossen kj\u00f8ttskiver maskin er utstyr som kan kutte frossent kj\u00f8tt til skiver i en frossen tilstand. Det er en maskin spesielt designet for kj\u00f8ttflaker. Den kan kutte frossent svinehoder, fisk, kyllingbryst, etc.<\/p>    <figure class=\"wp-block-embed is-type-video is-provider-youtube wp-block-embed-youtube wp-embed-aspect-16-9 wp-has-aspect-ratio\"><div class=\"wp-block-embed__wrapper\"> <iframe loading=\"lazy\" title=\"Perfekt automatisk frossen kj\u00f8ttskiver maskin | Hva er den beste frossen kj\u00f8ttskiver? | kj\u00f8ttkutting\" width=\"500\" height=\"281\" src=\"https:\/\/www.youtube.com\/embed\/YSpmDnh6B7w?feature=oembed\" frameborder=\"0\" allow=\"accelerometer; autoplay; clipboard-write; encrypted-media; gyroscope; picture-in-picture; web-share\" referrerpolicy=\"strict-origin-when-cross-origin\" allowfullscreen><\/iframe> <\/div><figcaption class=\"wp-element-caption\">kj\u00f8ttskiver maskin<\/figcaption><\/figure>    <h2 class=\"wp-block-heading\">Funksjonen til den frosne kj\u00f8ttskivermaskinen<\/h2>    <figure class=\"wp-block-gallery has-nested-images columns-4 is-cropped wp-block-gallery-2 is-layout-flex wp-block-gallery-is-layout-flex\"> <figure class=\"wp-block-image size-large\"><img loading=\"lazy\" decoding=\"async\" width=\"720\" height=\"540\" data-id=\"34052\" src=\"https:\/\/www.meatprocessingmachine.org\/wp-content\/uploads\/2023\/01\/meat-flake-3.webp\" alt=\"kj\u00f8ttflak\" class=\"wp-image-34052\" title=\"\" srcset=\"https:\/\/www.meatprocessingmachine.org\/wp-content\/uploads\/2023\/01\/meat-flake-3.webp 720w, https:\/\/www.meatprocessingmachine.org\/wp-content\/uploads\/2023\/01\/meat-flake-3-300x225.webp 300w\" sizes=\"auto, (max-width: 720px) 100vw, 720px\" \/><figcaption class=\"wp-element-caption\">Kj\u00f8ttflake<\/figcaption><\/figure>    <figure class=\"wp-block-image size-large\"><img loading=\"lazy\" decoding=\"async\" width=\"720\" height=\"540\" data-id=\"34051\" src=\"https:\/\/www.meatprocessingmachine.org\/wp-content\/uploads\/2023\/01\/meat-flake-2.webp\" alt=\"kj\u00f8ttflak\" class=\"wp-image-34051\" title=\"\" srcset=\"https:\/\/www.meatprocessingmachine.org\/wp-content\/uploads\/2023\/01\/meat-flake-2.webp 720w, https:\/\/www.meatprocessingmachine.org\/wp-content\/uploads\/2023\/01\/meat-flake-2-300x225.webp 300w\" sizes=\"auto, (max-width: 720px) 100vw, 720px\" \/><figcaption class=\"wp-element-caption\">Kj\u00f8ttflake<\/figcaption><\/figure>    <figure class=\"wp-block-image size-large\"><img loading=\"lazy\" decoding=\"async\" width=\"720\" height=\"540\" data-id=\"34050\" src=\"https:\/\/www.meatprocessingmachine.org\/wp-content\/uploads\/2023\/01\/meat-flake-1.webp\" alt=\"kj\u00f8ttflak\" class=\"wp-image-34050\" title=\"\" srcset=\"https:\/\/www.meatprocessingmachine.org\/wp-content\/uploads\/2023\/01\/meat-flake-1.webp 720w, https:\/\/www.meatprocessingmachine.org\/wp-content\/uploads\/2023\/01\/meat-flake-1-300x225.webp 300w\" sizes=\"auto, (max-width: 720px) 100vw, 720px\" \/><figcaption class=\"wp-element-caption\">Kj\u00f8ttflake<\/figcaption><\/figure>    <figure class=\"wp-block-image size-large\"><img loading=\"lazy\" decoding=\"async\" width=\"720\" height=\"540\" data-id=\"34049\" src=\"https:\/\/www.meatprocessingmachine.org\/wp-content\/uploads\/2023\/01\/meat-flake.webp\" alt=\"kj\u00f8ttflak\" class=\"wp-image-34049\" title=\"\" srcset=\"https:\/\/www.meatprocessingmachine.org\/wp-content\/uploads\/2023\/01\/meat-flake.webp 720w, https:\/\/www.meatprocessingmachine.org\/wp-content\/uploads\/2023\/01\/meat-flake-300x225.webp 300w\" sizes=\"auto, (max-width: 720px) 100vw, 720px\" \/><figcaption class=\"wp-element-caption\">Kj\u00f8ttflake<\/figcaption><\/figure> <\/figure>    <p>I kj\u00f8ttbehandling er det n\u00f8dvendig \u00e5 knuse frossent kj\u00f8tt, men det er umulig \u00e5 direkte mose frossent kj\u00f8tt til kj\u00f8ttpur\u00e9. Dette er fordi for stort frossent kj\u00f8tt vil skade maskinen direkte, men denne kj\u00f8ttskiver er for maskiner som h\u00e5ndterer frossent kj\u00f8tt.<\/p>    <h2 class=\"wp-block-heading\">Funksjoner til den frossne kj\u00f8ttskiveren<\/h2>    <div class=\"wp-block-media-text alignwide is-stacked-on-mobile is-vertically-aligned-center\"><figure class=\"wp-block-media-text__media\"><img loading=\"lazy\" decoding=\"async\" width=\"720\" height=\"540\" src=\"https:\/\/www.meatprocessingmachine.org\/wp-content\/uploads\/2023\/01\/meat-slicer-machine-4.webp\" alt=\"kj\u00f8ttskiver maskin\" class=\"wp-image-34065 size-full\" title=\"\" srcset=\"https:\/\/www.meatprocessingmachine.org\/wp-content\/uploads\/2023\/01\/meat-slicer-machine-4.webp 720w, https:\/\/www.meatprocessingmachine.org\/wp-content\/uploads\/2023\/01\/meat-slicer-machine-4-300x225.webp 300w\" sizes=\"auto, (max-width: 720px) 100vw, 720px\" \/><\/figure><div class=\"wp-block-media-text__content\"> <h3 class=\"wp-block-heading\">Enkelt kontrollsystem<\/h3>    <p>Maskinen har fire taster, en starttast, en stopp-tast, en n\u00f8dstopptast og et str\u00f8mindikatorlys.<\/p> <\/div><\/div>    <div class=\"wp-block-media-text alignwide has-media-on-the-right is-stacked-on-mobile\"><div class=\"wp-block-media-text__content\"> <h3 class=\"wp-block-heading\">Enkelt \u00e5 betjene<\/h3>    <p> Etter levering vil en spesifikk driftsmanual bli sendt, og teknikere vil hjelpe kundene<\/p> <\/div><figure class=\"wp-block-media-text__media\"><img loading=\"lazy\" decoding=\"async\" width=\"720\" height=\"540\" src=\"https:\/\/www.meatprocessingmachine.org\/wp-content\/uploads\/2023\/01\/meat-slicer-machine-5.webp\" alt=\"kj\u00f8ttskiver maskin\" class=\"wp-image-34066 size-full\" title=\"\" srcset=\"https:\/\/www.meatprocessingmachine.org\/wp-content\/uploads\/2023\/01\/meat-slicer-machine-5.webp 720w, https:\/\/www.meatprocessingmachine.org\/wp-content\/uploads\/2023\/01\/meat-slicer-machine-5-300x225.webp 300w\" sizes=\"auto, (max-width: 720px) 100vw, 720px\" \/><\/figure><\/div>    <div class=\"wp-block-media-text alignwide is-stacked-on-mobile\"><figure class=\"wp-block-media-text__media\"><img loading=\"lazy\" decoding=\"async\" width=\"720\" height=\"540\" src=\"https:\/\/www.meatprocessingmachine.org\/wp-content\/uploads\/2023\/01\/frozen-meat-slicer.webp\" alt=\"frossen kj\u00f8ttskj\u00e6rer\" class=\"wp-image-34067 size-full\" title=\"\" srcset=\"https:\/\/www.meatprocessingmachine.org\/wp-content\/uploads\/2023\/01\/frozen-meat-slicer.webp 720w, https:\/\/www.meatprocessingmachine.org\/wp-content\/uploads\/2023\/01\/frozen-meat-slicer-300x225.webp 300w\" sizes=\"auto, (max-width: 720px) 100vw, 720px\" \/><\/figure><div class=\"wp-block-media-text__content\"> <h3 class=\"wp-block-heading\">Enkelt \u00e5 rengj\u00f8re <\/h3>    <p class=\"translation-block\">Kj\u00f8ttskiveren kan rengj\u00f8res direkte med vann. Laget av <a href=\"https:\/\/en.wikipedia.org\/wiki\/Stainless_steel\" data-type=\"URL\" data-id=\"https:\/\/en.wikipedia.org\/wiki\/Stainless_steel\" target=\"_blank\" rel=\"noopener\">rustfritt st\u00e5l<\/a>, ikke lett \u00e5 ruste<\/p> <\/div><\/div>    <div class=\"wp-block-media-text alignwide has-media-on-the-right is-stacked-on-mobile\"><div class=\"wp-block-media-text__content\"> <h3 class=\"wp-block-heading\">Enkelt \u00e5 flytte<\/h3>    <p>Bunnen av maskinen er installert og det er hjul<\/p> <\/div><figure class=\"wp-block-media-text__media\"><img loading=\"lazy\" decoding=\"async\" width=\"720\" height=\"540\" src=\"https:\/\/www.meatprocessingmachine.org\/wp-content\/uploads\/2023\/01\/meat-cutting-machine.webp\" alt=\"Stor fersk kj\u00f8ttskj\u00e6rer\" class=\"wp-image-34068 size-full\" title=\"\" srcset=\"https:\/\/www.meatprocessingmachine.org\/wp-content\/uploads\/2023\/01\/meat-cutting-machine.webp 720w, https:\/\/www.meatprocessingmachine.org\/wp-content\/uploads\/2023\/01\/meat-cutting-machine-300x225.webp 300w\" sizes=\"auto, (max-width: 720px) 100vw, 720px\" \/><\/figure><\/div>    <div class=\"wp-block-media-text alignwide is-stacked-on-mobile\"><figure class=\"wp-block-media-text__media\"><img loading=\"lazy\" decoding=\"async\" width=\"720\" height=\"540\" src=\"https:\/\/www.meatprocessingmachine.org\/wp-content\/uploads\/2023\/01\/meat-slicer-machine-6.webp\" alt=\"kj\u00f8ttskiver maskin\" class=\"wp-image-34069 size-full\" title=\"\" srcset=\"https:\/\/www.meatprocessingmachine.org\/wp-content\/uploads\/2023\/01\/meat-slicer-machine-6.webp 720w, https:\/\/www.meatprocessingmachine.org\/wp-content\/uploads\/2023\/01\/meat-slicer-machine-6-300x225.webp 300w\" sizes=\"auto, (max-width: 720px) 100vw, 720px\" \/><\/figure><div class=\"wp-block-media-text__content\"> <h3 class=\"wp-block-heading\">Sterke kniver<\/h3>    <p>Knivene kan raskt kutte frossent kj\u00f8tt til kj\u00f8ttflak, og utgangen blir jevn.<\/p> <\/div><\/div>    <h2 class=\"wp-block-heading\">Parametere for frossen kj\u00f8ttskiver maskin<\/h2>    <figure class=\"wp-block-table\"><table><tbody><tr><td>Modell<\/td><td>&nbsp;BR-960<\/td><\/tr><tr><td>Kraft<\/td><td>4<\/td><\/tr><tr><td>Produksjonskapasitet(kg)<\/td><td>600-1200<\/td><\/tr><tr><td>Skivetykkelse(mm)<\/td><td>5-10<\/td><\/tr><tr><td>Forsyningsspenning(v)<\/td><td>380<\/td><\/tr><tr><td>St\u00f8rrelse(mm)<\/td><td>1350x650x1350<\/td><\/tr><\/tbody><\/table><figcaption class=\"wp-element-caption\">frossen kj\u00f8ttskj\u00e6remaskin<\/figcaption><\/figure>    <figure class=\"wp-block-gallery has-nested-images columns-4 is-cropped wp-block-gallery-3 is-layout-flex wp-block-gallery-is-layout-flex\"> <figure class=\"wp-block-image size-large\"><img loading=\"lazy\" decoding=\"async\" width=\"720\" height=\"540\" data-id=\"34053\" src=\"https:\/\/www.meatprocessingmachine.org\/wp-content\/uploads\/2023\/01\/meat-slicer-machine.webp\" alt=\"meat slicing machine\" class=\"wp-image-34053\" title=\"\" srcset=\"https:\/\/www.meatprocessingmachine.org\/wp-content\/uploads\/2023\/01\/meat-slicer-machine.webp 720w, https:\/\/www.meatprocessingmachine.org\/wp-content\/uploads\/2023\/01\/meat-slicer-machine-300x225.webp 300w\" sizes=\"auto, (max-width: 720px) 100vw, 720px\" \/><figcaption class=\"wp-element-caption\">Kj\u00f8ttskj\u00e6ringsmaskin<\/figcaption><\/figure>    <figure class=\"wp-block-image size-large\"><img loading=\"lazy\" decoding=\"async\" width=\"720\" height=\"540\" data-id=\"34054\" src=\"https:\/\/www.meatprocessingmachine.org\/wp-content\/uploads\/2023\/01\/meat-slicer-machine-1.webp\" alt=\"meat slicer equipment\" class=\"wp-image-34054\" title=\"\" srcset=\"https:\/\/www.meatprocessingmachine.org\/wp-content\/uploads\/2023\/01\/meat-slicer-machine-1.webp 720w, https:\/\/www.meatprocessingmachine.org\/wp-content\/uploads\/2023\/01\/meat-slicer-machine-1-300x225.webp 300w\" sizes=\"auto, (max-width: 720px) 100vw, 720px\" \/><figcaption class=\"wp-element-caption\">Kj\u00f8ttskiverutstyr<\/figcaption><\/figure>    <figure class=\"wp-block-image size-large\"><img loading=\"lazy\" decoding=\"async\" width=\"720\" height=\"540\" data-id=\"34055\" src=\"https:\/\/www.meatprocessingmachine.org\/wp-content\/uploads\/2023\/01\/meat-slicer-machine-2.webp\" alt=\"kj\u00f8ttskiver maskin\" class=\"wp-image-34055\" title=\"\" srcset=\"https:\/\/www.meatprocessingmachine.org\/wp-content\/uploads\/2023\/01\/meat-slicer-machine-2.webp 720w, https:\/\/www.meatprocessingmachine.org\/wp-content\/uploads\/2023\/01\/meat-slicer-machine-2-300x225.webp 300w\" sizes=\"auto, (max-width: 720px) 100vw, 720px\" \/><figcaption class=\"wp-element-caption\">Kj\u00f8ttskivermaskin<\/figcaption><\/figure>    <figure class=\"wp-block-image size-large\"><img loading=\"lazy\" decoding=\"async\" width=\"720\" height=\"540\" data-id=\"34056\" src=\"https:\/\/www.meatprocessingmachine.org\/wp-content\/uploads\/2023\/01\/meat-slicer-machine-3.webp\" alt=\"kj\u00f8ttskiver maskin\" class=\"wp-image-34056\" title=\"\" srcset=\"https:\/\/www.meatprocessingmachine.org\/wp-content\/uploads\/2023\/01\/meat-slicer-machine-3.webp 720w, https:\/\/www.meatprocessingmachine.org\/wp-content\/uploads\/2023\/01\/meat-slicer-machine-3-300x225.webp 300w\" sizes=\"auto, (max-width: 720px) 100vw, 720px\" \/><figcaption class=\"wp-element-caption\">Kj\u00f8ttskiver hjemme<\/figcaption><\/figure> <\/figure>    <h2 class=\"wp-block-heading\">Kj\u00f8ttskivermaskinen kan utstyres med en heis<\/h2>    <figure class=\"wp-block-gallery has-nested-images columns-default is-cropped wp-block-gallery-4 is-layout-flex wp-block-gallery-is-layout-flex\"> <figure class=\"wp-block-image size-large\"><img loading=\"lazy\" decoding=\"async\" width=\"720\" height=\"540\" data-id=\"34057\" src=\"https:\/\/www.meatprocessingmachine.org\/wp-content\/uploads\/2023\/01\/Frozen-meat-slicer-elevator.webp\" alt=\"Frossen kj\u00f8ttskiver heis\" class=\"wp-image-34057\" title=\"\" srcset=\"https:\/\/www.meatprocessingmachine.org\/wp-content\/uploads\/2023\/01\/Frozen-meat-slicer-elevator.webp 720w, https:\/\/www.meatprocessingmachine.org\/wp-content\/uploads\/2023\/01\/Frozen-meat-slicer-elevator-300x225.webp 300w\" sizes=\"auto, (max-width: 720px) 100vw, 720px\" \/><figcaption class=\"wp-element-caption\">Frossen kj\u00f8ttskiver heis<\/figcaption><\/figure>    <figure class=\"wp-block-image size-large\"><img loading=\"lazy\" decoding=\"async\" width=\"720\" height=\"540\" data-id=\"34058\" src=\"https:\/\/www.meatprocessingmachine.org\/wp-content\/uploads\/2023\/01\/Frozen-meat-slicer-elevator-1.webp\" alt=\"meat slicer machine elevator\" class=\"wp-image-34058\" title=\"\" srcset=\"https:\/\/www.meatprocessingmachine.org\/wp-content\/uploads\/2023\/01\/Frozen-meat-slicer-elevator-1.webp 720w, https:\/\/www.meatprocessingmachine.org\/wp-content\/uploads\/2023\/01\/Frozen-meat-slicer-elevator-1-300x225.webp 300w\" sizes=\"auto, (max-width: 720px) 100vw, 720px\" \/><figcaption class=\"wp-element-caption\">Kj\u00f8ttskivermaskin heis<\/figcaption><\/figure>    <figure class=\"wp-block-image size-large\"><img loading=\"lazy\" decoding=\"async\" width=\"720\" height=\"540\" data-id=\"34059\" src=\"https:\/\/www.meatprocessingmachine.org\/wp-content\/uploads\/2023\/01\/Frozen-meat-slicer-elevator-2.webp\" alt=\"heis\" class=\"wp-image-34059\" title=\"\" srcset=\"https:\/\/www.meatprocessingmachine.org\/wp-content\/uploads\/2023\/01\/Frozen-meat-slicer-elevator-2.webp 720w, https:\/\/www.meatprocessingmachine.org\/wp-content\/uploads\/2023\/01\/Frozen-meat-slicer-elevator-2-300x225.webp 300w\" sizes=\"auto, (max-width: 720px) 100vw, 720px\" \/><figcaption class=\"wp-element-caption\">Heis<\/figcaption><\/figure> <\/figure>    <p>Hvorfor trenger den frosne kj\u00f8ttskiver maskinen for kj\u00f8ttflak en heis? Fordi kj\u00f8ttutl\u00f8pet til den frosne kj\u00f8ttskiver maskinen er nederst, hvis den er utstyrt med en frossen kj\u00f8ttskiver, kan det kuttede kj\u00f8ttet direkte transporteres til arbeidsbordet, eller det kan direkte flyttes til neste maskin for behandling, noe som reduserer arbeidsbelastningen.<\/p>    <h2 class=\"wp-block-heading\">Hvilket utstyr er der for kj\u00f8ttbehandling\uff1f<\/h2>    <p>Det er mye kj\u00f8ttbehandlingsutstyr, og generelt sett. Maskinene som brukes for frossent kj\u00f8tt og ferskt kj\u00f8tt er ulike. Og forskjellig kj\u00f8tt har ogs\u00e5 forskjellige maskiner. \u00c5 velge riktig maskin kan gj\u00f8re kj\u00f8ttbehandling enklere.<\/p>    <figure class=\"wp-block-image size-full\"><img loading=\"lazy\" decoding=\"async\" width=\"720\" height=\"540\" src=\"https:\/\/www.meatprocessingmachine.org\/wp-content\/uploads\/2023\/01\/meat-equipment.webp\" alt=\"meat equipment\" class=\"wp-image-34070\" title=\"\" srcset=\"https:\/\/www.meatprocessingmachine.org\/wp-content\/uploads\/2023\/01\/meat-equipment.webp 720w, https:\/\/www.meatprocessingmachine.org\/wp-content\/uploads\/2023\/01\/meat-equipment-300x225.webp 300w\" sizes=\"auto, (max-width: 720px) 100vw, 720px\" \/><figcaption class=\"wp-element-caption\">Kj\u00f8ttutstyr<\/figcaption><\/figure>    <h3 class=\"wp-block-heading\">Frossen og ferskt kj\u00f8ttskiver<\/h3>    <p class=\"translation-block\">\u00d8nsker du \u00e5 <a href=\"https:\/\/www.meatprocessingmachine.org\/nn\/products\/meat-cutting-machine\/\" data-type=\"URL\" data-id=\"https:\/\/www.meatprocessingmachine.org\/products\/meat-cutting-machine\/\">skj\u00e6re kj\u00f8tt<\/a> eller <a href=\"https:\/\/www.meatprocessingmachine.org\/nn\/products\/meat-grinding-machine\/\" data-type=\"URL\" data-id=\"https:\/\/www.meatprocessingmachine.org\/products\/meat-grinding-machine\/\">male kj\u00f8tt<\/a>, maskinene for frossent kj\u00f8tt og ferskt kj\u00f8tt er forskjellige, s\u00e5 n\u00e5r du kj\u00f8per en maskin, m\u00e5 du v\u00e6re n\u00f8ye med om maskinen behandler frossent kj\u00f8tt eller ferskt kj\u00f8tt<\/p>    <h3 class=\"wp-block-heading\">Behandling av ulike typer kj\u00f8tt<\/h3>    <p class=\"translation-block\">De forskjellige typene her refererer til <a href=\"https:\/\/www.meatprocessingmachine.org\/nn\/category\/products\/fish\/\" data-type=\"URL\" data-id=\"https:\/\/www.meatprocessingmachine.org\/category\/products\/fish\/\">fisk<\/a> eller svin, <a href=\"https:\/\/www.meatprocessingmachine.org\/nn\/category\/products\/chicken-turkey\/\" data-type=\"URL\" data-id=\"https:\/\/www.meatprocessingmachine.org\/category\/products\/chicken-turkey\/\">kylling<\/a> eller <a href=\"https:\/\/www.meatprocessingmachine.org\/nn\/meat-roll-cutting-machine.html\/\" data-type=\"URL\" data-id=\"https:\/\/www.meatprocessingmachine.org\/meat-roll-cutting-machine.html\">geit<\/a>. Hovedforskjellen er om kj\u00f8ttet har bein eller ikke. Dette er ogs\u00e5 et annet n\u00f8kkelpunkt n\u00e5r du kj\u00f8per en kj\u00f8ttmaskin. Du kan klikke p\u00e5 lenkene i artikkelen for \u00e5 l\u00e6re om maskinene som brukes for forskjellig kj\u00f8ttbehandling.<\/p>","protected":false},"excerpt":{"rendered":"<p>A frozen meat slicer machine is equipment that can cut frozen meat into slices in a frozen state. It is a machine specially designed for meat slices. Can cut frozen pork head, fish, chicken breast, etc.<\/p>","protected":false},"author":1,"featured_media":34048,"parent":0,"template":"","product-type":[589],"class_list":["post-34047","product","type-product","status-publish","has-post-thumbnail","hentry","product-type-meat-cutting-machine"],"_links":{"self":[{"href":"https:\/\/www.meatprocessingmachine.org\/nn\/wp-json\/wp\/v2\/product\/34047","targetHints":{"allow":["GET"]}}],"collection":[{"href":"https:\/\/www.meatprocessingmachine.org\/nn\/wp-json\/wp\/v2\/product"}],"about":[{"href":"https:\/\/www.meatprocessingmachine.org\/nn\/wp-json\/wp\/v2\/types\/product"}],"author":[{"embeddable":true,"href":"https:\/\/www.meatprocessingmachine.org\/nn\/wp-json\/wp\/v2\/users\/1"}],"wp:featuredmedia":[{"embeddable":true,"href":"https:\/\/www.meatprocessingmachine.org\/nn\/wp-json\/wp\/v2\/media\/34048"}],"wp:attachment":[{"href":"https:\/\/www.meatprocessingmachine.org\/nn\/wp-json\/wp\/v2\/media?parent=34047"}],"wp:term":[{"taxonomy":"product-type","embeddable":true,"href":"https:\/\/www.meatprocessingmachine.org\/nn\/wp-json\/wp\/v2\/product-type?post=34047"}],"curies":[{"name":"wp","href":"https:\/\/api.w.org\/{rel}","templated":true}]}}