{"id":34591,"date":"2026-02-12T15:51:35","date_gmt":"2026-02-12T07:51:35","guid":{"rendered":"https:\/\/www.meatprocessingmachine.org\/?post_type=product&#038;p=34591"},"modified":"2026-02-26T11:06:09","modified_gmt":"2026-02-26T03:06:09","slug":"rib-cutting-machine","status":"publish","type":"product","link":"https:\/\/www.meatprocessingmachine.org\/nn\/rib-cutting-machine.html","title":{"rendered":"Fullautomatisk ribbeskj\u00e6ringsmaskin"},"content":{"rendered":"<div class=\"kk-star-ratings kksr-auto kksr-align-right kksr-valign-top\"     data-payload='{&quot;align&quot;:&quot;right&quot;,&quot;id&quot;:&quot;34591&quot;,&quot;slug&quot;:&quot;default&quot;,&quot;valign&quot;:&quot;top&quot;,&quot;ignore&quot;:&quot;&quot;,&quot;reference&quot;:&quot;auto&quot;,&quot;class&quot;:&quot;&quot;,&quot;count&quot;:&quot;0&quot;,&quot;legendonly&quot;:&quot;&quot;,&quot;readonly&quot;:&quot;&quot;,&quot;score&quot;:&quot;0&quot;,&quot;starsonly&quot;:&quot;&quot;,&quot;best&quot;:&quot;5&quot;,&quot;gap&quot;:&quot;5&quot;,&quot;greet&quot;:&quot;Rate this product&quot;,&quot;legend&quot;:&quot;0\\\/5 - (0 votes)&quot;,&quot;size&quot;:&quot;24&quot;,&quot;title&quot;:&quot;Fully Automatic Rib Cutting Machine&quot;,&quot;width&quot;:&quot;0&quot;,&quot;_legend&quot;:&quot;{score}\\\/{best} - ({count} {votes})&quot;,&quot;font_factor&quot;:&quot;1.25&quot;}'>              <div class=\"kksr-stars\">      <div class=\"kksr-stars-inactive\">             <div class=\"kksr-star\" data-star=\"1\" style=\"padding-right: 5px\">               <div class=\"kksr-icon\" style=\"width: 24px; height: 24px;\"><\/div>         <\/div>             <div class=\"kksr-star\" data-star=\"2\" style=\"padding-right: 5px\">               <div class=\"kksr-icon\" style=\"width: 24px; height: 24px;\"><\/div>         <\/div>             <div class=\"kksr-star\" data-star=\"3\" style=\"padding-right: 5px\">               <div class=\"kksr-icon\" style=\"width: 24px; height: 24px;\"><\/div>         <\/div>             <div class=\"kksr-star\" data-star=\"4\" style=\"padding-right: 5px\">               <div class=\"kksr-icon\" style=\"width: 24px; height: 24px;\"><\/div>         <\/div>             <div class=\"kksr-star\" data-star=\"5\" style=\"padding-right: 5px\">               <div class=\"kksr-icon\" style=\"width: 24px; height: 24px;\"><\/div>         <\/div>     <\/div>      <div class=\"kksr-stars-active\" style=\"width: 0px;\">             <div class=\"kksr-star\" style=\"padding-right: 5px\">               <div class=\"kksr-icon\" style=\"width: 24px; height: 24px;\"><\/div>         <\/div>             <div class=\"kksr-star\" style=\"padding-right: 5px\">               <div class=\"kksr-icon\" style=\"width: 24px; height: 24px;\"><\/div>         <\/div>             <div class=\"kksr-star\" style=\"padding-right: 5px\">               <div class=\"kksr-icon\" style=\"width: 24px; height: 24px;\"><\/div>         <\/div>             <div class=\"kksr-star\" style=\"padding-right: 5px\">               <div class=\"kksr-icon\" style=\"width: 24px; height: 24px;\"><\/div>         <\/div>             <div class=\"kksr-star\" style=\"padding-right: 5px\">               <div class=\"kksr-icon\" style=\"width: 24px; height: 24px;\"><\/div>         <\/div>     <\/div> <\/div>                   <div class=\"kksr-legend\" style=\"font-size: 19.2px;\">             <span class=\"kksr-muted\">Vurder dette produktet<\/span>     <\/div>     <\/div>  <p class=\"translation-block\">Den <strong><mark class=\"has-inline-color has-luminous-vivid-amber-color\">fullautomatiske ribbekuttemaskinen<\/mark><\/strong> er designet for \u00e5 effektivt kutte <strong><mark class=\"has-inline-color has-luminous-vivid-amber-color\">store kj\u00f8ttben, frossent kj\u00f8tt, r\u00f8kt kj\u00f8tt, fisk og p\u00f8lser i strimler<\/mark><\/strong> eller jevne skiver. Den er ideell for sentralkj\u00f8kken, kj\u00f8ttbehandlingsanlegg og kj\u00f8lt kj\u00f8ttskj\u00e6ringsverksteder.<\/p>   <div class=\"wp-block-image\"> <figure class=\"aligncenter size-full\"><img loading=\"lazy\" decoding=\"async\" width=\"720\" height=\"540\" src=\"https:\/\/www.meatprocessingmachine.org\/wp-content\/uploads\/2026\/02\/rib-cutting-machine.webp\" alt=\"ribbekuttemaskin\" class=\"wp-image-34598\" title=\"\" srcset=\"https:\/\/www.meatprocessingmachine.org\/wp-content\/uploads\/2026\/02\/rib-cutting-machine.webp 720w, https:\/\/www.meatprocessingmachine.org\/wp-content\/uploads\/2026\/02\/rib-cutting-machine-300x225.webp 300w, https:\/\/www.meatprocessingmachine.org\/wp-content\/uploads\/2026\/02\/rib-cutting-machine-16x12.webp 16w\" sizes=\"auto, (max-width: 720px) 100vw, 720px\" \/><figcaption class=\"wp-element-caption\">ribbekuttemaskin<\/figcaption><\/figure> <\/div>   <p class=\"translation-block\">Maskinen har et intelligent ber\u00f8ringsskjermkontrollsystem, justerbar skj\u00e6retjukkelse, og kontinuerlig h\u00f8y-effektivitetsdrift, opp til<strong><mark class=\"has-inline-color has-luminous-vivid-amber-color\"> 210 <\/mark><\/strong> skiver per minutt.<\/p>    <figure class=\"wp-block-gallery has-nested-images columns-default is-cropped wp-block-gallery-2 is-layout-flex wp-block-gallery-is-layout-flex\"> <figure class=\"wp-block-image size-large\"><img loading=\"lazy\" decoding=\"async\" width=\"720\" height=\"540\" data-id=\"34601\" src=\"https:\/\/www.meatprocessingmachine.org\/wp-content\/uploads\/2026\/02\/uncut-meaty-ribs.webp\" alt=\"uncut meaty ribs\" class=\"wp-image-34601\" title=\"\" srcset=\"https:\/\/www.meatprocessingmachine.org\/wp-content\/uploads\/2026\/02\/uncut-meaty-ribs.webp 720w, https:\/\/www.meatprocessingmachine.org\/wp-content\/uploads\/2026\/02\/uncut-meaty-ribs-300x225.webp 300w, https:\/\/www.meatprocessingmachine.org\/wp-content\/uploads\/2026\/02\/uncut-meaty-ribs-16x12.webp 16w\" sizes=\"auto, (max-width: 720px) 100vw, 720px\" \/><figcaption class=\"wp-element-caption\">Ukutte kj\u00f8tfulle ribber<\/figcaption><\/figure>    <figure class=\"wp-block-image size-large\"><img loading=\"lazy\" decoding=\"async\" width=\"720\" height=\"540\" data-id=\"34600\" src=\"https:\/\/www.meatprocessingmachine.org\/wp-content\/uploads\/2026\/02\/rib-strips.webp\" alt=\"rib strips\" class=\"wp-image-34600\" title=\"\" srcset=\"https:\/\/www.meatprocessingmachine.org\/wp-content\/uploads\/2026\/02\/rib-strips.webp 720w, https:\/\/www.meatprocessingmachine.org\/wp-content\/uploads\/2026\/02\/rib-strips-300x225.webp 300w, https:\/\/www.meatprocessingmachine.org\/wp-content\/uploads\/2026\/02\/rib-strips-16x12.webp 16w\" sizes=\"auto, (max-width: 720px) 100vw, 720px\" \/><figcaption class=\"wp-element-caption\">Ribbestrimler<\/figcaption><\/figure> <\/figure>    <p>Lag av SUS304 rustfritt st\u00e5l med importerte kjernekomponenter, tilbyr presisjonskutting, stabil ytelse og lang holdbarhet \u2014 perfekt for standardisert ribbehandling med ribbekuttemaskin.<\/p>    <figure class=\"wp-block-embed is-type-video is-provider-youtube wp-block-embed-youtube wp-embed-aspect-16-9 wp-has-aspect-ratio\"><div class=\"wp-block-embed__wrapper\"> <iframe loading=\"lazy\" title=\"Fullautomatisk ribbeskj\u00e6ringsmaskin | H\u00f8yhastighets- og presisjonskj\u00f8ttskj\u00e6ring\" width=\"500\" height=\"281\" src=\"https:\/\/www.youtube.com\/embed\/cJ745tKPq-I?feature=oembed\" frameborder=\"0\" allow=\"accelerometer; autoplay; clipboard-write; encrypted-media; gyroscope; picture-in-picture; web-share\" referrerpolicy=\"strict-origin-when-cross-origin\" allowfullscreen><\/iframe> <\/div><\/figure>    <h2 class=\"wp-block-heading\">Ribbekuttemaskinfunksjoner<\/h2>    <ul class=\"wp-block-list\"> <li><strong>Smart ber\u00f8ringskontroll:<\/strong> Utstyrt med ber\u00f8ringsskjerm for n\u00f8yaktig innstilling av skj\u00e6retjukkelse fra 1\u201330mm. Frekvenskontroll sikrer at hver skive er jevn, noe som gj\u00f8r ribbekuttermaskinen ideell for h\u00f8yvolums behandling.<\/li>    <li><strong>En-ber\u00f8ring reversering:<\/strong> Materialet kan raskt reverseres via kontrollpanelet for \u00e5 forhindre fastkj\u00f8ring og for enkel justering, noe som sikrer jevn drift for den automatiske ribbekuttemaskinen.<\/li>    <li><strong>H\u00f8y-effektiv kontinuerlig mating:<\/strong> Ekstra stor 250\u00d7230 mm mateinngang rommer store stykker, forbedrer arbeidsflyt og kontinuitet.<\/li>    <li><strong>Flerfunksjonell kutting:<\/strong> H\u00e5ndterer harde bein-inneholdende ribber og er ogs\u00e5 egnet for frossent kj\u00f8tt, r\u00f8kt kj\u00f8tt og andre ingredienser, noe som viser ribbeskivingsmaskinens allsidighet.<\/li> <\/ul>   <div class=\"wp-block-image\"> <figure class=\"aligncenter size-full\"><img loading=\"lazy\" decoding=\"async\" width=\"720\" height=\"540\" src=\"https:\/\/www.meatprocessingmachine.org\/wp-content\/uploads\/2026\/02\/rib-slicing-machine-for-sale.webp\" alt=\"ribbeskj\u00e6ringsmaskin til salgs\" class=\"wp-image-34599\" title=\"\" srcset=\"https:\/\/www.meatprocessingmachine.org\/wp-content\/uploads\/2026\/02\/rib-slicing-machine-for-sale.webp 720w, https:\/\/www.meatprocessingmachine.org\/wp-content\/uploads\/2026\/02\/rib-slicing-machine-for-sale-300x225.webp 300w, https:\/\/www.meatprocessingmachine.org\/wp-content\/uploads\/2026\/02\/rib-slicing-machine-for-sale-16x12.webp 16w\" sizes=\"auto, (max-width: 720px) 100vw, 720px\" \/><figcaption class=\"wp-element-caption\">ribbeskj\u00e6ringsmaskin til salgs<\/figcaption><\/figure> <\/div>   <h2 class=\"wp-block-heading\">Egnet materiale<\/h2>    <p>Denne ribbekuttemaskinen er designet for bein-inneholdende ribber og fungerer ogs\u00e5 med:<\/p>    <ul class=\"wp-block-list\"> <li>Fersk kj\u00f8tt<\/li>    <li>Kj\u00f8lt kj\u00f8tt<\/li>    <li>R\u00f8kt kj\u00f8tt<\/li>    <li>Fisk<\/li>    <li>P\u00f8lser<\/li>    <li>Andre kj\u00f8ttprodukter<\/li> <\/ul>    <p>Den kan h\u00e5ndtere materialer opp til 680mm i lengde med et maksimalt tverrsnitt p\u00e5 250\u00d7230mm.<\/p>    <figure class=\"wp-block-gallery has-nested-images columns-default is-cropped wp-block-gallery-3 is-layout-flex wp-block-gallery-is-layout-flex\"> <figure class=\"wp-block-image size-large\"><img loading=\"lazy\" decoding=\"async\" width=\"720\" height=\"540\" data-id=\"34602\" src=\"https:\/\/www.meatprocessingmachine.org\/wp-content\/uploads\/2026\/02\/Chilled-meat.webp\" alt=\"Kj\u00f8lt kj\u00f8tt\" class=\"wp-image-34602\" title=\"\" srcset=\"https:\/\/www.meatprocessingmachine.org\/wp-content\/uploads\/2026\/02\/Chilled-meat.webp 720w, https:\/\/www.meatprocessingmachine.org\/wp-content\/uploads\/2026\/02\/Chilled-meat-300x225.webp 300w, https:\/\/www.meatprocessingmachine.org\/wp-content\/uploads\/2026\/02\/Chilled-meat-16x12.webp 16w\" sizes=\"auto, (max-width: 720px) 100vw, 720px\" \/><figcaption class=\"wp-element-caption\">Kj\u00f8lt kj\u00f8tt<\/figcaption><\/figure>    <figure class=\"wp-block-image size-large\"><img loading=\"lazy\" decoding=\"async\" width=\"720\" height=\"540\" data-id=\"34603\" src=\"https:\/\/www.meatprocessingmachine.org\/wp-content\/uploads\/2026\/02\/Ribs.webp\" alt=\"Ribbe\" class=\"wp-image-34603\" title=\"\" srcset=\"https:\/\/www.meatprocessingmachine.org\/wp-content\/uploads\/2026\/02\/Ribs.webp 720w, https:\/\/www.meatprocessingmachine.org\/wp-content\/uploads\/2026\/02\/Ribs-300x225.webp 300w, https:\/\/www.meatprocessingmachine.org\/wp-content\/uploads\/2026\/02\/Ribs-16x12.webp 16w\" sizes=\"auto, (max-width: 720px) 100vw, 720px\" \/><figcaption class=\"wp-element-caption\">Ribbe<\/figcaption><\/figure>    <figure class=\"wp-block-image size-large\"><img loading=\"lazy\" decoding=\"async\" width=\"720\" height=\"540\" data-id=\"34604\" src=\"https:\/\/www.meatprocessingmachine.org\/wp-content\/uploads\/2026\/02\/Sausages.webp\" alt=\"P\u00f8lser\" class=\"wp-image-34604\" title=\"\" srcset=\"https:\/\/www.meatprocessingmachine.org\/wp-content\/uploads\/2026\/02\/Sausages.webp 720w, https:\/\/www.meatprocessingmachine.org\/wp-content\/uploads\/2026\/02\/Sausages-300x225.webp 300w, https:\/\/www.meatprocessingmachine.org\/wp-content\/uploads\/2026\/02\/Sausages-16x12.webp 16w\" sizes=\"auto, (max-width: 720px) 100vw, 720px\" \/><figcaption class=\"wp-element-caption\">P\u00f8lser<\/figcaption><\/figure> <\/figure>    <h2 class=\"wp-block-heading\">Fordeler med ribbekutteren<\/h2>    <div class=\"wp-block-columns is-layout-flex wp-container-core-columns-is-layout-9d6595d7 wp-block-columns-is-layout-flex\"> <div class=\"wp-block-column is-layout-flow wp-block-column-is-layout-flow\"> <p class=\"has-text-align-center translation-block\"><strong><mark class=\"has-inline-color has-luminous-vivid-amber-color\">Premium importerte kjernekomponenter<\/mark><\/strong><\/p>    <p>K25 ribbekuttemaskinen bruker topp globale merkevaredeler for stabil, presis og holdbar drift:<\/p>    <ul class=\"wp-block-list\"> <li><strong>Kraftsystem:<\/strong> Tysk NORD-motor og girkasse gir stabil dreiemoment, lav st\u00f8y, og kontinuerlig h\u00f8ybelastningsytelse.<\/li>    <li><strong>Skj\u00e6resystem:<\/strong> Tyske BE store blader er skarpe, slitesterke, og sikrer konsistente kutt samtidig som de reduserer utskiftningsfrekvensen.<\/li>    <li><strong>Transmissionssystem:<\/strong> U.S. GATES-b\u00e5nd med importerte kule skruer gir millimeter-presisjon og synkronisert utgang.<\/li>    <li><strong>Kontrollsystem:<\/strong> Tyske Siemens-komponenter   Taiwan Delta PLC\/servo system muliggj\u00f8r rask respons, stabil kontroll, og presis h\u00f8yhastighets kutting for den automatiske ribbekutteren.<\/li> <\/ul> <\/div>    <div class=\"wp-block-column is-layout-flow wp-block-column-is-layout-flow\"> <p class=\"has-text-align-center translation-block\"><strong><mark class=\"has-inline-color has-luminous-vivid-amber-color\">Kompatibel med flere materialtyper<\/mark><\/strong><\/p>    <p>Maskinen tilbyr skreddersydde l\u00f8sninger for ulike kj\u00f8ttformer og behandlingsbehov:<\/p>    <ul class=\"wp-block-list\"> <li><strong>Skr\u00e5tt kammer (standard):<\/strong> Vektassistert mating sikrer jevn drift, stabil kutting, og kontinuerlig produksjon. Foretrukket av over 90 % av kunder som bruker en ribbeskiver.<\/li>    <li><strong>Flat kammer (tilpasset):<\/strong> Designet for flate kutt som skiver av kj\u00f8tt, for \u00e5 forhindre vending eller forskyvning for \u00e5 sikre jevne skiver.<\/li>    <li><strong>Kaldkjede-tilpasning:<\/strong> P\u00e5litlig drift ved temperaturer p\u00e5 -4\u2103 og over, med en kapasitet p\u00e5 opptil 210 skiver per minutt, egnet for kj\u00f8lt eller forh\u00e5ndskj\u00f8lt kj\u00f8ttbehandling med ribbekutteren.<\/li> <\/ul> <\/div> <\/div>   <div class=\"wp-block-image\"> <figure class=\"aligncenter size-full\"><img loading=\"lazy\" decoding=\"async\" width=\"720\" height=\"540\" src=\"https:\/\/www.meatprocessingmachine.org\/wp-content\/uploads\/2026\/02\/bone\u2011in-rib-cutting-machine.webp\" alt=\"beinskj\u00e6ringsmaskin\" class=\"wp-image-34593\" title=\"\" srcset=\"https:\/\/www.meatprocessingmachine.org\/wp-content\/uploads\/2026\/02\/bone\u2011in-rib-cutting-machine.webp 720w, https:\/\/www.meatprocessingmachine.org\/wp-content\/uploads\/2026\/02\/bone\u2011in-rib-cutting-machine-300x225.webp 300w, https:\/\/www.meatprocessingmachine.org\/wp-content\/uploads\/2026\/02\/bone\u2011in-rib-cutting-machine-16x12.webp 16w\" sizes=\"auto, (max-width: 720px) 100vw, 720px\" \/><figcaption class=\"wp-element-caption\">beinskj\u00e6ringsmaskin<\/figcaption><\/figure> <\/div>   <div class=\"wp-block-columns is-layout-flex wp-container-core-columns-is-layout-9d6595d7 wp-block-columns-is-layout-flex\"> <div class=\"wp-block-column is-layout-flow wp-block-column-is-layout-flow\"> <p class=\"has-text-align-center translation-block\"><strong><mark class=\"has-inline-color has-luminous-vivid-amber-color\">Matkvalitetsstandarder<\/mark><\/strong><\/p>    <ul class=\"wp-block-list\"> <li>Hus, mate- og utladingskamre, og n\u00f8kkelinterne deler er alle av SUS304 rustfritt st\u00e5l.<\/li>    <li>Korrosjons- og oksidasjonsbestandig, egnet for h\u00f8yt fuktighetsmilj\u00f8 og kj\u00f8lt milj\u00f8.<\/li>    <li>\u00c5pen, rasjonell design reduserer hygiene d\u00f8de soner for enkel rengj\u00f8ring og vedlikehold.<\/li>    <li>Oppfyller moderne krav til kj\u00f8ttbehandling for b\u00e5de matsikkerhet og utstyrsvarighet, og er en ideell industriell ribbekutter.<\/li> <\/ul> <\/div>    <div class=\"wp-block-column is-layout-flow wp-block-column-is-layout-flow\"> <p class=\"has-text-align-center translation-block\"><strong><mark class=\"has-inline-color has-luminous-vivid-amber-color\">St\u00f8tter h\u00f8yintensiv kontinuerlig drift<\/mark><\/strong><\/p>    <ul class=\"wp-block-list\"> <li>Maskinen veier 520 kg, og dens robuste chassis reduserer effektivt vibrasjoner under h\u00f8yhastighetsdrift.<\/li>    <li>Total kraft p\u00e5 5,0 kW gir tilstrekkelig energi for langvarig kontinuerlig bruk.<\/li>    <li>Designet for h\u00f8yfrekvent, h\u00f8ybelastningsproduksjon i store kj\u00f8ttbehandlingsanlegg.<\/li>    <li>Bygget p\u00e5 prinsippet om \u201ch\u00f8y presisjon skj\u00e6ring   robust drift,\u201d som sikrer stabil, langvarig ytelse i industriell ribbeskivingsapplikasjoner.<\/li> <\/ul> <\/div> <\/div>    <figure class=\"wp-block-gallery has-nested-images columns-default is-cropped wp-block-gallery-4 is-layout-flex wp-block-gallery-is-layout-flex\"> <figure class=\"wp-block-image size-large\"><img loading=\"lazy\" decoding=\"async\" width=\"720\" height=\"540\" data-id=\"34595\" src=\"https:\/\/www.meatprocessingmachine.org\/wp-content\/uploads\/2026\/02\/internal-structure-of-the-rib-cutting-machine.webp\" alt=\"internal structure of the rib cutting machine\" class=\"wp-image-34595\" title=\"\" srcset=\"https:\/\/www.meatprocessingmachine.org\/wp-content\/uploads\/2026\/02\/internal-structure-of-the-rib-cutting-machine.webp 720w, https:\/\/www.meatprocessingmachine.org\/wp-content\/uploads\/2026\/02\/internal-structure-of-the-rib-cutting-machine-300x225.webp 300w, https:\/\/www.meatprocessingmachine.org\/wp-content\/uploads\/2026\/02\/internal-structure-of-the-rib-cutting-machine-16x12.webp 16w\" sizes=\"auto, (max-width: 720px) 100vw, 720px\" \/><figcaption class=\"wp-element-caption\">Intern struktur av ribbekuttemaskinen<\/figcaption><\/figure>    <figure class=\"wp-block-image size-large\"><img loading=\"lazy\" decoding=\"async\" width=\"720\" height=\"540\" data-id=\"34594\" src=\"https:\/\/www.meatprocessingmachine.org\/wp-content\/uploads\/2026\/02\/control-panel-design-of-the-rib-cutting-machine.webp\" alt=\"Kj\u00f8ttkulemaskin | Kj\u00f8ttkuleformeringsmaskin\" class=\"wp-image-34594\" title=\"\" srcset=\"https:\/\/www.meatprocessingmachine.org\/wp-content\/uploads\/2026\/02\/control-panel-design-of-the-rib-cutting-machine.webp 720w, https:\/\/www.meatprocessingmachine.org\/wp-content\/uploads\/2026\/02\/control-panel-design-of-the-rib-cutting-machine-300x225.webp 300w, https:\/\/www.meatprocessingmachine.org\/wp-content\/uploads\/2026\/02\/control-panel-design-of-the-rib-cutting-machine-16x12.webp 16w\" sizes=\"auto, (max-width: 720px) 100vw, 720px\" \/><figcaption class=\"wp-element-caption\">Kontrollpaneldesign for ribbekutteren<\/figcaption><\/figure> <\/figure>    <h2 class=\"wp-block-heading\">Tekniske spesifikasjoner<\/h2>    <figure class=\"wp-block-table\"><table class=\"has-fixed-layout\"><thead><tr><th>Vare<\/th><th>Spesifikasjon<\/th><\/tr><\/thead><tbody><tr><td>Modell<\/td><td>Skj\u00e6ring \/ Ribbekuttemaskin<\/td><\/tr><tr><td>Nominell spenning<\/td><td>380V<\/td><\/tr><tr><td>Hovedmotorens kraft<\/td><td>4,0 kW<\/td><\/tr><tr><td>Total Effekt<\/td><td>5,0 kW<\/td><\/tr><tr><td>Kuttingstykkelse<\/td><td>1\u201330 mm<\/td><\/tr><tr><td>Maks materialelengde<\/td><td>680 mm<\/td><\/tr><tr><td>Maks materialets tverrsnitt<\/td><td>250 \u00d7 230 mm<\/td><\/tr><tr><td>Driftstemperatur<\/td><td>\u2265 -4\u2103<\/td><\/tr><tr><td>Antall porsjoner<\/td><td>1\u201399 skiver<\/td><\/tr><tr><td>Produksjonskapasitet<\/td><td>Opptil 210 skiver\/min<\/td><\/tr><tr><td>Maskinvekt<\/td><td>520 kg<\/td><\/tr><tr><td>Dimensjoner (skr\u00e5tt kammer)<\/td><td>2280 \u00d7 1050 \u00d7 1530 mm<\/td><\/tr><tr><td>Dimensjoner (flat kammer)<\/td><td>2280 \u00d7 1050 \u00d7 1250 mm<\/td><\/tr><\/tbody><\/table><\/figure>    <p>Vi tilbyr tilpasning av str\u00f8mforsyning, spenning og st\u00f8pseletype. Hvis du er interessert, kontakt oss via pop-up-vinduet til h\u00f8yre.<\/p>    <figure class=\"wp-block-gallery has-nested-images columns-default is-cropped wp-block-gallery-5 is-layout-flex wp-block-gallery-is-layout-flex\"> <figure class=\"wp-block-image size-full\"><img loading=\"lazy\" decoding=\"async\" width=\"720\" height=\"540\" data-id=\"34597\" src=\"https:\/\/www.meatprocessingmachine.org\/wp-content\/uploads\/2026\/02\/rib-cutting-machine-packaging.webp\" alt=\"rib cutting machine packaging\" class=\"wp-image-34597\" title=\"\" srcset=\"https:\/\/www.meatprocessingmachine.org\/wp-content\/uploads\/2026\/02\/rib-cutting-machine-packaging.webp 720w, https:\/\/www.meatprocessingmachine.org\/wp-content\/uploads\/2026\/02\/rib-cutting-machine-packaging-300x225.webp 300w, https:\/\/www.meatprocessingmachine.org\/wp-content\/uploads\/2026\/02\/rib-cutting-machine-packaging-16x12.webp 16w\" sizes=\"auto, (max-width: 720px) 100vw, 720px\" \/><figcaption class=\"wp-element-caption\">Ribbekuttermaskin emballasje<\/figcaption><\/figure>    <figure class=\"wp-block-image size-large\"><img loading=\"lazy\" decoding=\"async\" width=\"720\" height=\"540\" data-id=\"34592\" src=\"https:\/\/www.meatprocessingmachine.org\/wp-content\/uploads\/2026\/02\/automatic-rib-cutting-machine.webp\" alt=\"automatic rib cutting machine\" class=\"wp-image-34592\" title=\"\" srcset=\"https:\/\/www.meatprocessingmachine.org\/wp-content\/uploads\/2026\/02\/automatic-rib-cutting-machine.webp 720w, https:\/\/www.meatprocessingmachine.org\/wp-content\/uploads\/2026\/02\/automatic-rib-cutting-machine-300x225.webp 300w, https:\/\/www.meatprocessingmachine.org\/wp-content\/uploads\/2026\/02\/automatic-rib-cutting-machine-16x12.webp 16w\" sizes=\"auto, (max-width: 720px) 100vw, 720px\" \/><figcaption class=\"wp-element-caption\">Automatisk ribbekuttemaskin<\/figcaption><\/figure> <\/figure>    <h2 class=\"wp-block-heading\">Kvifor velje Taizy?<\/h2>    <p>\u00c5 velge Taizy betyr ikke bare \u00e5 f\u00e5 en maskin, men en komplett industriell prosessl\u00f8sning.<\/p>    <ul class=\"wp-block-list\"> <li><strong>sertifisert kvalitet:<\/strong> V\u00e5r fabrikk og produkter er fullt sertifisert med ISO9001 kvalitetsstyring, CE-sikkerhetsstandarder, og er offisielt verifisert av SGS og TUV. Alle oppfyller internasjonale eksportstandarder.<\/li>    <li><strong>Utvidet garanti:<\/strong> Ett \u00e5rs kvalitetsgaranti for bekymringsfri kj\u00f8p.<\/li>    <li><strong>Omfattende etter-salgstjeneste:<\/strong> <ul class=\"wp-block-list\"> <li>Detaljerte installasjonsmanualer og driftsvideoer er tilgjengelige.<\/li>    <li>Det profesjonelle st\u00f8tteteamet tilbyr fjernveiledning via video for installasjon.<\/li>    <li>For store prosjekter eller spesielle krav kan erfarne ingeni\u00f8rer sendes p\u00e5 stedet for installasjon, igangkj\u00f8ring og oppl\u00e6ring av ansatte.<\/li> <\/ul> <\/li> <\/ul>   <div class=\"wp-block-image\"> <figure class=\"aligncenter size-full\"><img loading=\"lazy\" decoding=\"async\" width=\"720\" height=\"540\" src=\"https:\/\/www.meatprocessingmachine.org\/wp-content\/uploads\/2026\/02\/rib-cutter-machine.webp\" alt=\"ribbekuttermaskin\" class=\"wp-image-34596\" title=\"\" srcset=\"https:\/\/www.meatprocessingmachine.org\/wp-content\/uploads\/2026\/02\/rib-cutter-machine.webp 720w, https:\/\/www.meatprocessingmachine.org\/wp-content\/uploads\/2026\/02\/rib-cutter-machine-300x225.webp 300w, https:\/\/www.meatprocessingmachine.org\/wp-content\/uploads\/2026\/02\/rib-cutter-machine-16x12.webp 16w\" sizes=\"auto, (max-width: 720px) 100vw, 720px\" \/><figcaption class=\"wp-element-caption\">ribbekuttermaskin<\/figcaption><\/figure> <\/div>   <p class=\"translation-block\">I tillegg til ribbekutteren tilbyr vi ogs\u00e5 <strong><a href=\"https:\/\/www.meatprocessingmachine.org\/nn\/meat-roll-cutting-machine.html\/\">fersk kj\u00f8ttskj\u00e6ringsmaskiner<\/a>, <a href=\"https:\/\/www.meatprocessingmachine.org\/nn\/animal-bone-crushing-machine.html\/\">beinbruddmaskiner<\/a>, og annet kj\u00f8ttbehandlingsutstyr<\/strong>.<\/p>   <div class=\"wp-block-image\"> <figure class=\"aligncenter size-full\"><img loading=\"lazy\" decoding=\"async\" width=\"720\" height=\"540\" src=\"https:\/\/www.meatprocessingmachine.org\/wp-content\/uploads\/2026\/01\/Bone-Crusher.webp\" alt=\"Storfebeinknusarmaskin\" class=\"wp-image-34559\" title=\"\" srcset=\"https:\/\/www.meatprocessingmachine.org\/wp-content\/uploads\/2026\/01\/Bone-Crusher.webp 720w, https:\/\/www.meatprocessingmachine.org\/wp-content\/uploads\/2026\/01\/Bone-Crusher-300x225.webp 300w, https:\/\/www.meatprocessingmachine.org\/wp-content\/uploads\/2026\/01\/Bone-Crusher-16x12.webp 16w\" sizes=\"auto, (max-width: 720px) 100vw, 720px\" \/><figcaption class=\"wp-element-caption\">Storfebeinknusarmaskin<\/figcaption><\/figure> <\/div>","protected":false},"excerpt":{"rendered":"<p>The fully automatic rib cutting machine is designed to efficiently cut large meaty ribs, frozen meat, smoked meat, fish, and sausages into strips or uniform slices. It is ideal for central kitchens, meat processing plants, and chilled meat cutting workshops. The machine features an intelligent touchscreen control system, adjustable cutting thickness, and continuous high-efficiency operation, [&hellip;]<\/p>\n","protected":false},"author":1,"featured_media":34613,"parent":0,"template":"","product-type":[582,589],"class_list":["post-34591","product","type-product","status-publish","has-post-thumbnail","hentry","product-type-cattle-sheep","product-type-meat-cutting-machine"],"_links":{"self":[{"href":"https:\/\/www.meatprocessingmachine.org\/nn\/wp-json\/wp\/v2\/product\/34591","targetHints":{"allow":["GET"]}}],"collection":[{"href":"https:\/\/www.meatprocessingmachine.org\/nn\/wp-json\/wp\/v2\/product"}],"about":[{"href":"https:\/\/www.meatprocessingmachine.org\/nn\/wp-json\/wp\/v2\/types\/product"}],"author":[{"embeddable":true,"href":"https:\/\/www.meatprocessingmachine.org\/nn\/wp-json\/wp\/v2\/users\/1"}],"wp:featuredmedia":[{"embeddable":true,"href":"https:\/\/www.meatprocessingmachine.org\/nn\/wp-json\/wp\/v2\/media\/34613"}],"wp:attachment":[{"href":"https:\/\/www.meatprocessingmachine.org\/nn\/wp-json\/wp\/v2\/media?parent=34591"}],"wp:term":[{"taxonomy":"product-type","embeddable":true,"href":"https:\/\/www.meatprocessingmachine.org\/nn\/wp-json\/wp\/v2\/product-type?post=34591"}],"curies":[{"name":"wp","href":"https:\/\/api.w.org\/{rel}","templated":true}]}}