{"id":34646,"date":"2026-02-13T16:04:51","date_gmt":"2026-02-13T08:04:51","guid":{"rendered":"https:\/\/www.meatprocessingmachine.org\/?post_type=product&#038;p=34646"},"modified":"2026-02-27T10:50:04","modified_gmt":"2026-02-27T02:50:04","slug":"meat-slicing-machine","status":"publish","type":"product","link":"https:\/\/www.meatprocessingmachine.org\/nn\/meat-slicing-machine.html","title":{"rendered":"Kj\u00f8ttskivemaskin | Fersk kj\u00f8ttskiver"},"content":{"rendered":"<div class=\"kk-star-ratings kksr-auto kksr-align-right kksr-valign-top\"     data-payload='{&quot;align&quot;:&quot;right&quot;,&quot;id&quot;:&quot;34646&quot;,&quot;slug&quot;:&quot;default&quot;,&quot;valign&quot;:&quot;top&quot;,&quot;ignore&quot;:&quot;&quot;,&quot;reference&quot;:&quot;auto&quot;,&quot;class&quot;:&quot;&quot;,&quot;count&quot;:&quot;0&quot;,&quot;legendonly&quot;:&quot;&quot;,&quot;readonly&quot;:&quot;&quot;,&quot;score&quot;:&quot;0&quot;,&quot;starsonly&quot;:&quot;&quot;,&quot;best&quot;:&quot;5&quot;,&quot;gap&quot;:&quot;5&quot;,&quot;greet&quot;:&quot;Rate this product&quot;,&quot;legend&quot;:&quot;0\\\/5 - (0 votes)&quot;,&quot;size&quot;:&quot;24&quot;,&quot;title&quot;:&quot;Meat Slicing Machine | Fresh Meat Slicer&quot;,&quot;width&quot;:&quot;0&quot;,&quot;_legend&quot;:&quot;{score}\\\/{best} - ({count} {votes})&quot;,&quot;font_factor&quot;:&quot;1.25&quot;}'>              <div class=\"kksr-stars\">      <div class=\"kksr-stars-inactive\">             <div class=\"kksr-star\" data-star=\"1\" style=\"padding-right: 5px\">               <div class=\"kksr-icon\" style=\"width: 24px; height: 24px;\"><\/div>         <\/div>             <div class=\"kksr-star\" data-star=\"2\" style=\"padding-right: 5px\">               <div class=\"kksr-icon\" style=\"width: 24px; height: 24px;\"><\/div>         <\/div>             <div class=\"kksr-star\" data-star=\"3\" style=\"padding-right: 5px\">               <div class=\"kksr-icon\" style=\"width: 24px; height: 24px;\"><\/div>         <\/div>             <div class=\"kksr-star\" data-star=\"4\" style=\"padding-right: 5px\">               <div class=\"kksr-icon\" style=\"width: 24px; height: 24px;\"><\/div>         <\/div>             <div class=\"kksr-star\" data-star=\"5\" style=\"padding-right: 5px\">               <div class=\"kksr-icon\" style=\"width: 24px; height: 24px;\"><\/div>         <\/div>     <\/div>      <div class=\"kksr-stars-active\" style=\"width: 0px;\">             <div class=\"kksr-star\" style=\"padding-right: 5px\">               <div class=\"kksr-icon\" style=\"width: 24px; height: 24px;\"><\/div>         <\/div>             <div class=\"kksr-star\" style=\"padding-right: 5px\">               <div class=\"kksr-icon\" style=\"width: 24px; height: 24px;\"><\/div>         <\/div>             <div class=\"kksr-star\" style=\"padding-right: 5px\">               <div class=\"kksr-icon\" style=\"width: 24px; height: 24px;\"><\/div>         <\/div>             <div class=\"kksr-star\" style=\"padding-right: 5px\">               <div class=\"kksr-icon\" style=\"width: 24px; height: 24px;\"><\/div>         <\/div>             <div class=\"kksr-star\" style=\"padding-right: 5px\">               <div class=\"kksr-icon\" style=\"width: 24px; height: 24px;\"><\/div>         <\/div>     <\/div> <\/div>                   <div class=\"kksr-legend\" style=\"font-size: 19.2px;\">             <span class=\"kksr-muted\">Vurder dette produktet<\/span>     <\/div>     <\/div>  <p class=\"translation-block\">Taizy <strong><mark class=\"has-inline-color has-luminous-vivid-amber-color\">kj\u00f8ttskj\u00e6ringsmaskin<\/mark><\/strong> er en automatisert enhet designet for kj\u00f8ttbehandling. Den kutter raskt ferskt kj\u00f8tt i jevne tynne skiver, tykke skiver eller strimler, egnet for b\u00e5de kommersiell produksjon og sm\u00e5 til mellomstore behandlinger. Denne automatiske kj\u00f8ttskj\u00e6reren er ideell for bedrifter som \u00f8nsker presisjon og effektivitet.<\/p>   <div class=\"wp-block-image\"> <figure class=\"aligncenter size-full\"><img loading=\"lazy\" decoding=\"async\" width=\"720\" height=\"540\" src=\"https:\/\/www.meatprocessingmachine.org\/wp-content\/uploads\/2026\/02\/Meat-Slicing-Machine.webp\" alt=\"Kj\u00f8ttskj\u00e6ringsmaskin\" class=\"wp-image-34650\" title=\"\" srcset=\"https:\/\/www.meatprocessingmachine.org\/wp-content\/uploads\/2026\/02\/Meat-Slicing-Machine.webp 720w, https:\/\/www.meatprocessingmachine.org\/wp-content\/uploads\/2026\/02\/Meat-Slicing-Machine-300x225.webp 300w, https:\/\/www.meatprocessingmachine.org\/wp-content\/uploads\/2026\/02\/Meat-Slicing-Machine-16x12.webp 16w\" sizes=\"auto, (max-width: 720px) 100vw, 720px\" \/><figcaption class=\"wp-element-caption\">Kj\u00f8ttskj\u00e6ringsmaskin<\/figcaption><\/figure> <\/div>   <p class=\"translation-block\">Den kommer i to modeller, SYFT-340 og SYFT-500, med justerbar kuttingstykkelse fra <strong><mark class=\"has-inline-color has-luminous-vivid-amber-color\">5 til 100\u202fmm<\/mark><\/strong>. Utgangen n\u00e5r <strong><mark class=\"has-inline-color has-luminous-vivid-amber-color\">400\u2013500\u202fkg\/h<\/mark><\/strong> for SYFT-340 og <strong><mark class=\"has-inline-color has-luminous-vivid-amber-color\">600\u2013800\u202fkg\/h<\/mark><\/strong> for SYFT-500, som m\u00f8ter ulike produksjonsbehov. <\/p>    <figure class=\"wp-block-gallery has-nested-images columns-default is-cropped wp-block-gallery-2 is-layout-flex wp-block-gallery-is-layout-flex\"> <figure class=\"wp-block-image size-large\"><img loading=\"lazy\" decoding=\"async\" width=\"720\" height=\"540\" data-id=\"34651\" src=\"https:\/\/www.meatprocessingmachine.org\/wp-content\/uploads\/2026\/02\/Fresh-Meat.webp\" alt=\"Ferskt kj\u00f8tt\" class=\"wp-image-34651\" title=\"\" srcset=\"https:\/\/www.meatprocessingmachine.org\/wp-content\/uploads\/2026\/02\/Fresh-Meat.webp 720w, https:\/\/www.meatprocessingmachine.org\/wp-content\/uploads\/2026\/02\/Fresh-Meat-300x225.webp 300w, https:\/\/www.meatprocessingmachine.org\/wp-content\/uploads\/2026\/02\/Fresh-Meat-16x12.webp 16w\" sizes=\"auto, (max-width: 720px) 100vw, 720px\" \/><figcaption class=\"wp-element-caption\">Ferskt kj\u00f8tt<\/figcaption><\/figure>    <figure class=\"wp-block-image size-large\"><img loading=\"lazy\" decoding=\"async\" width=\"720\" height=\"540\" data-id=\"34652\" src=\"https:\/\/www.meatprocessingmachine.org\/wp-content\/uploads\/2026\/02\/Meat-Slice.webp\" alt=\"Kj\u00f8ttskive\" class=\"wp-image-34652\" title=\"\" srcset=\"https:\/\/www.meatprocessingmachine.org\/wp-content\/uploads\/2026\/02\/Meat-Slice.webp 720w, https:\/\/www.meatprocessingmachine.org\/wp-content\/uploads\/2026\/02\/Meat-Slice-300x225.webp 300w, https:\/\/www.meatprocessingmachine.org\/wp-content\/uploads\/2026\/02\/Meat-Slice-16x12.webp 16w\" sizes=\"auto, (max-width: 720px) 100vw, 720px\" \/><figcaption class=\"wp-element-caption\">Kj\u00f8ttskive<\/figcaption><\/figure> <\/figure>    <p>Maskinen har presis kutting, h\u00f8y effektivitet, stabil drift, justerbar tykkelse og tilpassbar matingst\u00f8rrelse. Den er enkel \u00e5 betjene og vedlikeholde, noe som gj\u00f8r den til en ideell kommersiell kj\u00f8ttskj\u00e6rer for \u00e5 forbedre effektiviteten og standardiseringen av kj\u00f8ttbehandling.<\/p>    <figure class=\"wp-block-embed is-type-video is-provider-youtube wp-block-embed-youtube wp-embed-aspect-16-9 wp-has-aspect-ratio\"><div class=\"wp-block-embed__wrapper\"> <iframe loading=\"lazy\" title=\"Industriell Kj\u00f8ttskj\u00e6ringsmaskin | 400\u2013800kg\/h H\u00f8y Utgang Kutting\" width=\"500\" height=\"281\" src=\"https:\/\/www.youtube.com\/embed\/clWkEdqFP-I?feature=oembed\" frameborder=\"0\" allow=\"accelerometer; autoplay; clipboard-write; encrypted-media; gyroscope; picture-in-picture; web-share\" referrerpolicy=\"strict-origin-when-cross-origin\" allowfullscreen><\/iframe> <\/div><\/figure>    <h2 class=\"wp-block-heading\">Funksjoner av Kj\u00f8ttskj\u00e6ringsmaskinen<\/h2>    <div class=\"wp-block-columns is-layout-flex wp-container-core-columns-is-layout-9d6595d7 wp-block-columns-is-layout-flex\"> <div class=\"wp-block-column is-layout-flow wp-block-column-is-layout-flow\"> <p class=\"has-text-align-center translation-block\"><strong><mark class=\"has-inline-color has-luminous-vivid-amber-color\">Presis Kutting<\/mark><\/strong><\/p>    <p>Utstyrt med h\u00f8ykvalitets blader og et stabilt mating system, kutter den n\u00f8yaktig uten taggete kanter eller klebrighet, og sikrer jevne skiver for standardisert behandling. Denne kj\u00f8ttbehandlingsmaskinen sikrer jevn produktkvalitet.<\/p> <\/div>    <div class=\"wp-block-column is-layout-flow wp-block-column-is-layout-flow\"> <p class=\"has-text-align-center translation-block\"><strong><mark class=\"has-inline-color has-luminous-vivid-amber-color\">Justerbar tykkelse<\/mark><\/strong><\/p>    <p>Kuttingstykkelsen varierer fra 5 til 100\u202fmm. Ulike tykkelser og former kan velges for \u00e5 passe til ulike produksjonsbehov.<\/p> <\/div> <\/div>    <div class=\"wp-block-columns is-layout-flex wp-container-core-columns-is-layout-9d6595d7 wp-block-columns-is-layout-flex\"> <div class=\"wp-block-column is-layout-flow wp-block-column-is-layout-flow\"> <p class=\"has-text-align-center translation-block\"><strong><mark class=\"has-inline-color has-luminous-vivid-amber-color\">H\u00f8g effektivitet<\/mark><\/strong><\/p>    <p>St\u00f8tter kontinuerlig drift. SYFT-340 produserer 400\u2013500\u202fkg\/h, mens SYFT-500 n\u00e5r 600\u2013800\u202fkg\/h, noe som forbedrer produktiviteten og reduserer arbeidskraft. Ideell for bedrifter som s\u00f8ker en h\u00f8y-effektiv kj\u00f8ttskj\u00e6rer.<\/p> <\/div>    <div class=\"wp-block-column is-layout-flow wp-block-column-is-layout-flow\"> <p class=\"has-text-align-center translation-block\"><strong><mark class=\"has-inline-color has-luminous-vivid-amber-color\">Sikker og Praktisk<\/mark><\/strong><\/p>    <p>Kommer med full sikkerhetsbeskyttelse og et intuitivt kontrollpanel. Laget av matgodkjent 304 rustfritt st\u00e5l med en avtakbar design for enkel rengj\u00f8ring og vedlikehold.<\/p> <\/div> <\/div>    <div class=\"wp-block-columns is-layout-flex wp-container-core-columns-is-layout-9d6595d7 wp-block-columns-is-layout-flex\"> <div class=\"wp-block-column is-layout-flow wp-block-column-is-layout-flow\"> <p class=\"has-text-align-center translation-block\"><strong><mark class=\"has-inline-color has-luminous-vivid-amber-color\">Ferskhet Bevaring<\/mark><\/strong><\/p>    <p>Kutter uten \u00e5 skade kj\u00f8ttfibrene, bevarer naturlige juicer og original kvalitet, noe som forbedrer utseendet og markeds konkurranseevnen.<\/p> <\/div>    <div class=\"wp-block-column is-layout-flow wp-block-column-is-layout-flow\"> <p class=\"has-text-align-center translation-block\"><strong><mark class=\"has-inline-color has-luminous-vivid-amber-color\">Tilpassbar mating<\/mark><\/strong><\/p>    <p>Matingbredden kan tilpasses for \u00e5 matche r\u00e5materialest\u00f8rrelsen, noe som forbedrer tilpasningsevnen.<\/p> <\/div> <\/div>   <div class=\"wp-block-image\"> <figure class=\"aligncenter size-full\"><img loading=\"lazy\" decoding=\"async\" width=\"720\" height=\"540\" src=\"https:\/\/www.meatprocessingmachine.org\/wp-content\/uploads\/2026\/02\/Meat-Slicing-Machine-For-Sale.webp\" alt=\"Kj\u00f8tth\u00f8velmaskin til salgs\" class=\"wp-image-34649\" title=\"\" srcset=\"https:\/\/www.meatprocessingmachine.org\/wp-content\/uploads\/2026\/02\/Meat-Slicing-Machine-For-Sale.webp 720w, https:\/\/www.meatprocessingmachine.org\/wp-content\/uploads\/2026\/02\/Meat-Slicing-Machine-For-Sale-300x225.webp 300w, https:\/\/www.meatprocessingmachine.org\/wp-content\/uploads\/2026\/02\/Meat-Slicing-Machine-For-Sale-16x12.webp 16w\" sizes=\"auto, (max-width: 720px) 100vw, 720px\" \/><figcaption class=\"wp-element-caption\">Kj\u00f8tth\u00f8velmaskin til salgs<\/figcaption><\/figure> <\/div>   <h2 class=\"wp-block-heading\">Egnet r\u00e5materiale<\/h2>    <p>Taizy kj\u00f8ttskj\u00e6ringsmaskin h\u00e5ndterer ulike ferske kj\u00f8tt uten frysing. N\u00f8kkelr\u00e5materialer inkluderer:<\/p>    <ul class=\"wp-block-list\"> <li><strong>R\u00f8dt Kj\u00f8tt:<\/strong> Fersk storfekj\u00f8tt, svinekj\u00f8tt, lam, inkludert indrefilet, mage og l\u00e5rkutt.<\/li>    <li><strong>Fugler:<\/strong> Fersk kylling, and, g\u00e5s, inkludert bryst- og l\u00e5rkj\u00f8tt.<\/li>    <li><strong>Andre:<\/strong> Noen ferske sj\u00f8mat, som fiske fileter.<\/li> <\/ul>    <p>Den er ideell for hot pot skiver, BBQ skiver, hurtigmatkj\u00f8tt og forh\u00e5ndsforberedte m\u00e5ltidsingredienser. Bredden brukes i catering, detaljhandel og matbehandlingsindustrier. Denne automatiske kj\u00f8ttskj\u00e6reren sikrer jevn tykkelse og h\u00f8y kvalitet p\u00e5 skivene.<\/p>    <figure class=\"wp-block-gallery has-nested-images columns-default is-cropped wp-block-gallery-3 is-layout-flex wp-block-gallery-is-layout-flex\"> <figure class=\"wp-block-image size-large\"><img loading=\"lazy\" decoding=\"async\" width=\"720\" height=\"540\" data-id=\"34653\" src=\"https:\/\/www.meatprocessingmachine.org\/wp-content\/uploads\/2026\/02\/Fresh-Beef.webp\" alt=\"Fersk storfe\" class=\"wp-image-34653\" title=\"\" srcset=\"https:\/\/www.meatprocessingmachine.org\/wp-content\/uploads\/2026\/02\/Fresh-Beef.webp 720w, https:\/\/www.meatprocessingmachine.org\/wp-content\/uploads\/2026\/02\/Fresh-Beef-300x225.webp 300w, https:\/\/www.meatprocessingmachine.org\/wp-content\/uploads\/2026\/02\/Fresh-Beef-16x12.webp 16w\" sizes=\"auto, (max-width: 720px) 100vw, 720px\" \/><figcaption class=\"wp-element-caption\">Fersk storfe<\/figcaption><\/figure>    <figure class=\"wp-block-image size-large\"><img loading=\"lazy\" decoding=\"async\" width=\"720\" height=\"540\" data-id=\"34655\" src=\"https:\/\/www.meatprocessingmachine.org\/wp-content\/uploads\/2026\/02\/Fresh-Pork.webp\" alt=\"Fersk Svinekj\u00f8tt\" class=\"wp-image-34655\" title=\"\" srcset=\"https:\/\/www.meatprocessingmachine.org\/wp-content\/uploads\/2026\/02\/Fresh-Pork.webp 720w, https:\/\/www.meatprocessingmachine.org\/wp-content\/uploads\/2026\/02\/Fresh-Pork-300x225.webp 300w, https:\/\/www.meatprocessingmachine.org\/wp-content\/uploads\/2026\/02\/Fresh-Pork-16x12.webp 16w\" sizes=\"auto, (max-width: 720px) 100vw, 720px\" \/><figcaption class=\"wp-element-caption\">Fersk Svinekj\u00f8tt<\/figcaption><\/figure>    <figure class=\"wp-block-image size-large\"><img loading=\"lazy\" decoding=\"async\" width=\"720\" height=\"540\" data-id=\"34654\" src=\"https:\/\/www.meatprocessingmachine.org\/wp-content\/uploads\/2026\/02\/Fresh-Chicken-Breast.webp\" alt=\"Fersk Kyllingbryst\" class=\"wp-image-34654\" title=\"\" srcset=\"https:\/\/www.meatprocessingmachine.org\/wp-content\/uploads\/2026\/02\/Fresh-Chicken-Breast.webp 720w, https:\/\/www.meatprocessingmachine.org\/wp-content\/uploads\/2026\/02\/Fresh-Chicken-Breast-300x225.webp 300w, https:\/\/www.meatprocessingmachine.org\/wp-content\/uploads\/2026\/02\/Fresh-Chicken-Breast-16x12.webp 16w\" sizes=\"auto, (max-width: 720px) 100vw, 720px\" \/><figcaption class=\"wp-element-caption\">Fersk Kyllingbryst<\/figcaption><\/figure> <\/figure>    <h2 class=\"wp-block-heading has-text-align-left\">Fordeler med Kj\u00f8ttskj\u00e6ringsmaskinen<\/h2>    <div class=\"wp-block-columns is-layout-flex wp-container-core-columns-is-layout-9d6595d7 wp-block-columns-is-layout-flex\"> <div class=\"wp-block-column is-layout-flow wp-block-column-is-layout-flow\"> <p class=\"translation-block\"><mark class=\"has-inline-color has-luminous-vivid-amber-color\"><strong>H\u00f8y Effektivitet &amp; Arbeidsbesparelse:<\/strong> <\/mark> Kutter 5\u20138 ganger raskere enn manuell skj\u00e6ring, reduserer arbeidsbehov og administrasjonskostnader, samtidig som den forbedrer den totale produksjonseffektiviteten.<\/p> <\/div>    <div class=\"wp-block-column is-layout-flow wp-block-column-is-layout-flow\"> <p class=\"translation-block\"><strong><mark class=\"has-inline-color has-luminous-vivid-amber-color\">Presise &amp; Jevne Skiver:<\/mark><\/strong> Minimal tykkelsesvariasjon og konsistente partier sikrer jevn produktst\u00f8rrelse, noe som forbedrer kvaliteten og markeds konkurranseevnen.<\/p> <\/div> <\/div>    <div class=\"wp-block-columns is-layout-flex wp-container-core-columns-is-layout-9d6595d7 wp-block-columns-is-layout-flex\"> <div class=\"wp-block-column is-layout-flow wp-block-column-is-layout-flow\"> <p class=\"translation-block\"><strong><mark class=\"has-inline-color has-luminous-vivid-amber-color\">Holdbar konstruksjon:<\/mark><\/strong> Laget av matgodkjent 304 rustfritt st\u00e5l, korrosjonsbestandig og enkel \u00e5 rengj\u00f8re. N\u00f8kkelkomponenter er p\u00e5litelige, noe som sikrer lang levetid.<\/p> <\/div>    <div class=\"wp-block-column is-layout-flow wp-block-column-is-layout-flow\"> <p class=\"translation-block\"><strong><mark class=\"has-inline-color has-luminous-vivid-amber-color\">Enkel vedlikehold &amp; stabil drift:<\/mark><\/strong> Velutformet struktur gir jevn drift, lav feilrate og enkelt daglig vedlikehold, noe som reduserer langsiktige kostnader.<\/p> <\/div> <\/div>    <div class=\"wp-block-columns is-layout-flex wp-container-core-columns-is-layout-9d6595d7 wp-block-columns-is-layout-flex\"> <div class=\"wp-block-column is-layout-flow wp-block-column-is-layout-flow\"> <p class=\"translation-block\"><strong><mark class=\"has-inline-color has-luminous-vivid-amber-color\">Fleksible modeller &amp; bred kompatibilitet:<\/mark><\/strong> Tilgjengelig i SYFT-340 og SYFT-500 modeller for \u00e5 matche produksjonskapasiteten. Egnet for ulike kj\u00f8tt og forskjellige kuttespesifikasjoner.<\/p> <\/div>    <div class=\"wp-block-column is-layout-flow wp-block-column-is-layout-flow\"> <p class=\"translation-block\"><mark class=\"has-inline-color has-luminous-vivid-amber-color\"><strong>Sikker &amp; Brukervennlig:<\/strong> <\/mark> Utstyrt med n\u00f8dstopp og beskyttelsesenheter. Intuitivt kontrollpanel med justerbare innstillinger sikrer sikker, effektiv og bekymringsfri drift. Denne kommersielle kj\u00f8ttskj\u00e6reren er et p\u00e5litelig valg for h\u00f8yvolumsoperasjoner.<\/p> <\/div> <\/div>   <div class=\"wp-block-image\"> <figure class=\"aligncenter size-full\"><img loading=\"lazy\" decoding=\"async\" width=\"720\" height=\"540\" src=\"https:\/\/www.meatprocessingmachine.org\/wp-content\/uploads\/2026\/02\/Industrial-Meat-Slicing-Machine.webp\" alt=\"Industriell Kj\u00f8ttskj\u00e6ringsmaskin\" class=\"wp-image-34648\" title=\"\" srcset=\"https:\/\/www.meatprocessingmachine.org\/wp-content\/uploads\/2026\/02\/Industrial-Meat-Slicing-Machine.webp 720w, https:\/\/www.meatprocessingmachine.org\/wp-content\/uploads\/2026\/02\/Industrial-Meat-Slicing-Machine-300x225.webp 300w, https:\/\/www.meatprocessingmachine.org\/wp-content\/uploads\/2026\/02\/Industrial-Meat-Slicing-Machine-16x12.webp 16w\" sizes=\"auto, (max-width: 720px) 100vw, 720px\" \/><figcaption class=\"wp-element-caption\">Industriell Kj\u00f8ttskj\u00e6ringsmaskin<\/figcaption><\/figure> <\/div>   <h2 class=\"wp-block-heading\">Tekniske spesifikasjoner<\/h2>    <figure class=\"wp-block-table\"><table class=\"has-fixed-layout\"><thead><tr><th>Parameter<\/th><th>SYFT-340<\/th><th>SYFT-500<\/th><\/tr><\/thead><tbody><tr><td>Modell<\/td><td>SYFT-340<\/td><td>SYFT-500<\/td><\/tr><tr><td>Kuttingstykkelse<\/td><td>5\u2013100\u202fmm<\/td><td>5\u2013100\u202fmm<\/td><\/tr><tr><td>Matingst\u00f8rrelse<\/td><td>340\u202fmm (B) \u00d7 75\u202fmm (H) (tilpassbar)<\/td><td>500\u202fmm (B) \u00d7 75\u202fmm (H) (tilpassbar)<\/td><\/tr><tr><td>Utgang<\/td><td>400\u2013500\u202fkg\/h<\/td><td>600\u2013800\u202fkg\/h<\/td><\/tr><tr><td>Arbeidsspenning<\/td><td>380\u202fV<\/td><td>380\u202fV<\/td><\/tr><tr><td>Kraft<\/td><td>0.75\u202fkW<\/td><td>1.1\u202fkW<\/td><\/tr><tr><td>Vekt<\/td><td>160\u202fkg<\/td><td>206\u202fkg<\/td><\/tr><tr><td>Dimensjoner (L \u00d7 B \u00d7 H)<\/td><td>1980 \u00d7 630 \u00d7 1210\u202fmm<\/td><td>1980 \u00d7 780 \u00d7 1210\u202fmm<\/td><\/tr><\/tbody><\/table><\/figure>   <div class=\"wp-block-image\"> <figure class=\"aligncenter size-full\"><img loading=\"lazy\" decoding=\"async\" width=\"720\" height=\"540\" src=\"https:\/\/www.meatprocessingmachine.org\/wp-content\/uploads\/2026\/02\/Fresh-Meat-Slicer.webp\" alt=\"Fersk Kj\u00f8ttskj\u00e6rer\" class=\"wp-image-34647\" title=\"\" srcset=\"https:\/\/www.meatprocessingmachine.org\/wp-content\/uploads\/2026\/02\/Fresh-Meat-Slicer.webp 720w, https:\/\/www.meatprocessingmachine.org\/wp-content\/uploads\/2026\/02\/Fresh-Meat-Slicer-300x225.webp 300w, https:\/\/www.meatprocessingmachine.org\/wp-content\/uploads\/2026\/02\/Fresh-Meat-Slicer-16x12.webp 16w\" sizes=\"auto, (max-width: 720px) 100vw, 720px\" \/><figcaption class=\"wp-element-caption\">Fersk Kj\u00f8ttskj\u00e6rer<\/figcaption><\/figure> <\/div>   <h2 class=\"wp-block-heading\">Kvifor velje Taizy?<\/h2>    <p>\u00c5 velge Taizy betyr mer enn \u00e5 velge en kj\u00f8ttskj\u00e6rer\u2014det er \u00e5 velge p\u00e5litelig kvalitet og profesjonell st\u00f8tte. N\u00f8kkelfordeler inkluderer:<\/p>    <ul class=\"wp-block-list\"> <li><strong>Internasjonal sertifisering &amp; kvalitetssikring:<\/strong> ISO9001 og CE sertifisert, testet av SGS og TUV, m\u00f8ter internasjonale standarder med stabil og p\u00e5litelig ytelse.<\/li>    <li><strong>Ett-\u00e5rs garanti &amp; bekymringsfri service:<\/strong> Full maskin garanti i ett \u00e5r, med rask respons etter-salgs st\u00f8tte for \u00e5 redusere driftsrisiko.<\/li>    <li><strong>Installasjonsveiledning &amp; omfattende st\u00f8tte:<\/strong> Kommer med en installasjonsmanual, st\u00f8tter fjernveiledning, og ingeni\u00f8rer kan arrangeres for oppl\u00e6ring p\u00e5 stedet om n\u00f8dvendig.<\/li>    <li><strong>Direkte fabrikkforsyning &amp; tilpasning:<\/strong> \u00c5r med bransjeerfaring gir tilpassede l\u00f8sninger basert p\u00e5 produksjonskapasitet og r\u00e5materialer, skreddersydd til reelle produksjonsbehov.<\/li> <\/ul>    <p>Taizy industriell kj\u00f8ttskj\u00e6ringsmaskin leverer effektive, sikre og standardiserte kj\u00f8ttbehandlingsl\u00f8sninger med stabil kvalitet, sertifisert p\u00e5litelighet og komplett service st\u00f8tte.<\/p>    <h2 class=\"wp-block-heading\">Relaterte produkter<\/h2>    <p>For \u00e5 m\u00f8te ulike faser av kj\u00f8ttbehandling, tilbyr Taizy et utvalg av komplement\u00e6re matbehandlingsutstyr som kan brukes sammen med kj\u00f8ttskj\u00e6ringsmaskinen for \u00e5 bygge en effektiv, standardisert produksjonslinje.<\/p>    <p>Disse inkluderer:<\/p>    <ul class=\"wp-block-list\"> <li><strong>Kj\u00f8ttkverner &amp; hakkemaskiner<\/strong> \u2013 for r\u00e5materialforberedelse og kutting.<\/li>    <li><strong><a href=\"https:\/\/www.meatprocessingmachine.org\/nn\/frozen-block-breaker-for-meat.html\/\">Kommersielle frosne kj\u00f8ttskj\u00e6rere <\/a><\/strong>\u2013 for behandling av frosset kj\u00f8tt.<\/li>    <li><strong>Kj\u00f8tttumbler, vakuummikser og automatiske p\u00f8lsefyllere<\/strong> \u2013 for \u00e5 forbedre tekstur, smak og produksjonseffektivitet.<\/li> <\/ul>    <p>Alt utstyr er laget av matgodkjente materialer med industriell stabilitet. De st\u00f8tter modul\u00e6re kombinasjoner og tilpasning, og hjelper bedrifter med \u00e5 automatisere hele produksjonsprosessen fra r\u00e5materialer til ferdige produkter, og forbedre kapasitet og produktkonsistens.<\/p>   <div class=\"wp-block-image\"> <figure class=\"aligncenter size-full\"><img loading=\"lazy\" decoding=\"async\" width=\"720\" height=\"540\" src=\"https:\/\/www.meatprocessingmachine.org\/wp-content\/uploads\/2021\/11\/Frozen-block-breaker.jpg\" alt=\"Frossen blokk bryter\" class=\"wp-image-32296\" title=\"\" srcset=\"https:\/\/www.meatprocessingmachine.org\/wp-content\/uploads\/2021\/11\/Frozen-block-breaker.jpg 720w, https:\/\/www.meatprocessingmachine.org\/wp-content\/uploads\/2021\/11\/Frozen-block-breaker-300x225.jpg 300w\" sizes=\"auto, (max-width: 720px) 100vw, 720px\" \/><figcaption class=\"wp-element-caption\">Frossen blokk bryter<\/figcaption><\/figure> <\/div>","protected":false},"excerpt":{"rendered":"<p>The Taizy meat slicing machine is an automated device designed for meat processing. It quickly cuts fresh meat into uniform thin slices, thick slices, or strips, suitable for both commercial-scale production and small-to-medium processing. This automatic meat slicer is ideal for businesses looking for precision and efficiency. It comes in two models, SYFT-340 and SYFT-500, [&hellip;]<\/p>\n","protected":false},"author":1,"featured_media":34656,"parent":0,"template":"","product-type":[582,583,589],"class_list":["post-34646","product","type-product","status-publish","has-post-thumbnail","hentry","product-type-cattle-sheep","product-type-chicken-turkey","product-type-meat-cutting-machine"],"_links":{"self":[{"href":"https:\/\/www.meatprocessingmachine.org\/nn\/wp-json\/wp\/v2\/product\/34646","targetHints":{"allow":["GET"]}}],"collection":[{"href":"https:\/\/www.meatprocessingmachine.org\/nn\/wp-json\/wp\/v2\/product"}],"about":[{"href":"https:\/\/www.meatprocessingmachine.org\/nn\/wp-json\/wp\/v2\/types\/product"}],"author":[{"embeddable":true,"href":"https:\/\/www.meatprocessingmachine.org\/nn\/wp-json\/wp\/v2\/users\/1"}],"wp:featuredmedia":[{"embeddable":true,"href":"https:\/\/www.meatprocessingmachine.org\/nn\/wp-json\/wp\/v2\/media\/34656"}],"wp:attachment":[{"href":"https:\/\/www.meatprocessingmachine.org\/nn\/wp-json\/wp\/v2\/media?parent=34646"}],"wp:term":[{"taxonomy":"product-type","embeddable":true,"href":"https:\/\/www.meatprocessingmachine.org\/nn\/wp-json\/wp\/v2\/product-type?post=34646"}],"curies":[{"name":"wp","href":"https:\/\/api.w.org\/{rel}","templated":true}]}}