{"id":34714,"date":"2026-02-24T16:23:05","date_gmt":"2026-02-24T08:23:05","guid":{"rendered":"https:\/\/www.meatprocessingmachine.org\/?post_type=product&#038;p=34714"},"modified":"2026-03-06T09:58:31","modified_gmt":"2026-03-06T01:58:31","slug":"fresh-meat-strip-cutting-machine","status":"publish","type":"product","link":"https:\/\/www.meatprocessingmachine.org\/nn\/fresh-meat-strip-cutting-machine.html","title":{"rendered":"Fersk kj\u00f8ttstrimmel kuttemaskin"},"content":{"rendered":"<div class=\"kk-star-ratings kksr-auto kksr-align-right kksr-valign-top\"     data-payload='{&quot;align&quot;:&quot;right&quot;,&quot;id&quot;:&quot;34714&quot;,&quot;slug&quot;:&quot;default&quot;,&quot;valign&quot;:&quot;top&quot;,&quot;ignore&quot;:&quot;&quot;,&quot;reference&quot;:&quot;auto&quot;,&quot;class&quot;:&quot;&quot;,&quot;count&quot;:&quot;0&quot;,&quot;legendonly&quot;:&quot;&quot;,&quot;readonly&quot;:&quot;&quot;,&quot;score&quot;:&quot;0&quot;,&quot;starsonly&quot;:&quot;&quot;,&quot;best&quot;:&quot;5&quot;,&quot;gap&quot;:&quot;5&quot;,&quot;greet&quot;:&quot;Rate this product&quot;,&quot;legend&quot;:&quot;0\\\/5 - (0 votes)&quot;,&quot;size&quot;:&quot;24&quot;,&quot;title&quot;:&quot;Fresh Meat Strip Cutting Machine&quot;,&quot;width&quot;:&quot;0&quot;,&quot;_legend&quot;:&quot;{score}\\\/{best} - ({count} {votes})&quot;,&quot;font_factor&quot;:&quot;1.25&quot;}'>              <div class=\"kksr-stars\">      <div class=\"kksr-stars-inactive\">             <div class=\"kksr-star\" data-star=\"1\" style=\"padding-right: 5px\">               <div class=\"kksr-icon\" style=\"width: 24px; height: 24px;\"><\/div>         <\/div>             <div class=\"kksr-star\" data-star=\"2\" style=\"padding-right: 5px\">               <div class=\"kksr-icon\" style=\"width: 24px; height: 24px;\"><\/div>         <\/div>             <div class=\"kksr-star\" data-star=\"3\" style=\"padding-right: 5px\">               <div class=\"kksr-icon\" style=\"width: 24px; height: 24px;\"><\/div>         <\/div>             <div class=\"kksr-star\" data-star=\"4\" style=\"padding-right: 5px\">               <div class=\"kksr-icon\" style=\"width: 24px; height: 24px;\"><\/div>         <\/div>             <div class=\"kksr-star\" data-star=\"5\" style=\"padding-right: 5px\">               <div class=\"kksr-icon\" style=\"width: 24px; height: 24px;\"><\/div>         <\/div>     <\/div>      <div class=\"kksr-stars-active\" style=\"width: 0px;\">             <div class=\"kksr-star\" style=\"padding-right: 5px\">               <div class=\"kksr-icon\" style=\"width: 24px; height: 24px;\"><\/div>         <\/div>             <div class=\"kksr-star\" style=\"padding-right: 5px\">               <div class=\"kksr-icon\" style=\"width: 24px; height: 24px;\"><\/div>         <\/div>             <div class=\"kksr-star\" style=\"padding-right: 5px\">               <div class=\"kksr-icon\" style=\"width: 24px; height: 24px;\"><\/div>         <\/div>             <div class=\"kksr-star\" style=\"padding-right: 5px\">               <div class=\"kksr-icon\" style=\"width: 24px; height: 24px;\"><\/div>         <\/div>             <div class=\"kksr-star\" style=\"padding-right: 5px\">               <div class=\"kksr-icon\" style=\"width: 24px; height: 24px;\"><\/div>         <\/div>     <\/div> <\/div>                   <div class=\"kksr-legend\" style=\"font-size: 19.2px;\">             <span class=\"kksr-muted\">Vurder dette produktet<\/span>     <\/div>     <\/div>  <p class=\"translation-block\">Den  ferske kj\u00f8tt strimskj\u00e6ringsmaskinen  er en profesjonell kj\u00f8ttbehandlingsmaskin designet for \u00e5 kutte ferskt kj\u00f8tt i  strimler, skiver, terninger eller klumper .<\/p>    <figure class=\"wp-block-gallery has-nested-images columns-default is-cropped wp-block-gallery-2 is-layout-flex wp-block-gallery-is-layout-flex\"> <figure class=\"wp-block-image size-large\"><img loading=\"lazy\" decoding=\"async\" width=\"720\" height=\"540\" data-id=\"34716\" src=\"https:\/\/www.meatprocessingmachine.org\/wp-content\/uploads\/2026\/02\/Strip-Cut-Fresh-Meat.webp\" alt=\"Strimlet ferskt kj\u00f8tt\" class=\"wp-image-34716\" title=\"\" srcset=\"https:\/\/www.meatprocessingmachine.org\/wp-content\/uploads\/2026\/02\/Strip-Cut-Fresh-Meat.webp 720w, https:\/\/www.meatprocessingmachine.org\/wp-content\/uploads\/2026\/02\/Strip-Cut-Fresh-Meat-300x225.webp 300w, https:\/\/www.meatprocessingmachine.org\/wp-content\/uploads\/2026\/02\/Strip-Cut-Fresh-Meat-16x12.webp 16w\" sizes=\"auto, (max-width: 720px) 100vw, 720px\" \/><figcaption class=\"wp-element-caption\">Strimlet ferskt kj\u00f8tt<\/figcaption><\/figure>    <figure class=\"wp-block-image size-large\"><img loading=\"lazy\" decoding=\"async\" width=\"720\" height=\"540\" data-id=\"34715\" src=\"https:\/\/www.meatprocessingmachine.org\/wp-content\/uploads\/2026\/02\/Chunk-Cut-Fresh-Meat.webp\" alt=\"Klumpkutt av ferskt kj\u00f8tt\" class=\"wp-image-34715\" title=\"\" srcset=\"https:\/\/www.meatprocessingmachine.org\/wp-content\/uploads\/2026\/02\/Chunk-Cut-Fresh-Meat.webp 720w, https:\/\/www.meatprocessingmachine.org\/wp-content\/uploads\/2026\/02\/Chunk-Cut-Fresh-Meat-300x225.webp 300w, https:\/\/www.meatprocessingmachine.org\/wp-content\/uploads\/2026\/02\/Chunk-Cut-Fresh-Meat-16x12.webp 16w\" sizes=\"auto, (max-width: 720px) 100vw, 720px\" \/><figcaption class=\"wp-element-caption\">Klumpkutt av ferskt kj\u00f8tt<\/figcaption><\/figure> <\/figure>    <p class=\"translation-block\">Taizy tilbyr modellene 340 og 500, med produksjonskapasiteter tilpasset ulike behandlingsbehov \u2014 modell 340 n\u00e5r opp til <strong><mark class=\"has-inline-color has-luminous-vivid-amber-color\">0\u2013600\u202fkg\/h<\/mark><\/strong>, mens modell 500 kan g\u00e5 opp til <strong><mark class=\"has-inline-color has-luminous-vivid-amber-color\">0\u20131000\u202fkg\/h<\/mark><\/strong>.<\/p>   <div class=\"wp-block-image\"> <figure class=\"aligncenter size-full\"><img loading=\"lazy\" decoding=\"async\" width=\"720\" height=\"540\" src=\"https:\/\/www.meatprocessingmachine.org\/wp-content\/uploads\/2026\/02\/Fresh-Meat-Strip-Cutting-Machine.webp\" alt=\"Fersk kj\u00f8ttstrimmel kuttemaskin\" class=\"wp-image-34721\" title=\"\" srcset=\"https:\/\/www.meatprocessingmachine.org\/wp-content\/uploads\/2026\/02\/Fresh-Meat-Strip-Cutting-Machine.webp 720w, https:\/\/www.meatprocessingmachine.org\/wp-content\/uploads\/2026\/02\/Fresh-Meat-Strip-Cutting-Machine-300x225.webp 300w, https:\/\/www.meatprocessingmachine.org\/wp-content\/uploads\/2026\/02\/Fresh-Meat-Strip-Cutting-Machine-16x12.webp 16w\" sizes=\"auto, (max-width: 720px) 100vw, 720px\" \/><figcaption class=\"wp-element-caption\">Fersk kj\u00f8ttstrimmel kuttemaskin<\/figcaption><\/figure> <\/div>   <p class=\"translation-block\">Lag av h\u00f8ykvalitets rustfritt st\u00e5l og utstyrt med <strong><mark class=\"has-inline-color has-luminous-vivid-amber-color\">440C<\/mark><\/strong> h\u00f8yharde rustfrie st\u00e5lblader, sikrer skarpt, effektivt kutt. Bladsettet kan raskt byttes innen 1 minutt, noe som gj\u00f8r det mulig med allsidig behandling i ett trinn for strimler\/skiver og et annet trinn for terninger\/klumper.<\/p>    <figure class=\"wp-block-embed is-type-video is-provider-youtube wp-block-embed-youtube wp-embed-aspect-16-9 wp-has-aspect-ratio\"><div class=\"wp-block-embed__wrapper\"> <iframe loading=\"lazy\" title=\"Kraftig fersk kj\u00f8ttstrimskj\u00e6ringsmaskin for effektiv kj\u00f8ttbehandling\" width=\"500\" height=\"281\" src=\"https:\/\/www.youtube.com\/embed\/HYhztLgd1_U?feature=oembed\" frameborder=\"0\" allow=\"accelerometer; autoplay; clipboard-write; encrypted-media; gyroscope; picture-in-picture; web-share\" referrerpolicy=\"strict-origin-when-cross-origin\" allowfullscreen><\/iframe> <\/div><\/figure>    <h2 class=\"wp-block-heading\">Funksjoner til fersk kj\u00f8ttstrimskj\u00e6ringsmaskin<\/h2>    <p class=\"translation-block\"><strong><mark class=\"has-inline-color has-luminous-vivid-amber-color\">Flerst\u00f8rrelses kutting, \u00e9n maskin for flere bruksomr\u00e5der<\/mark><\/strong><\/p>    <p>Maskinen kan kutte kj\u00f8tt i strimler eller skiver i ett trinn med jevn st\u00f8rrelse og glatte overflater. Den st\u00f8tter ogs\u00e5 et andre trinn for terning- eller klumpkutt, som m\u00f8ter ulike produktkrav og forbedrer produksjonsfleksibiliteten.<\/p>    <p class=\"translation-block\"><strong><mark class=\"has-inline-color has-luminous-vivid-amber-color\">Rask bladbytte-design<\/mark><\/strong><\/p>    <p>Den modul\u00e6re bladsettet kan fjernes og byttes ut innen 1 minutt, noe som reduserer nedetid betydelig og gj\u00f8r det mulig \u00e5 raskt bytte mellom ulike produktst\u00f8rrelser.<\/p>    <p class=\"translation-block\"><strong><mark class=\"has-inline-color has-luminous-vivid-amber-color\">Skreddersydde kuttemuligheter<\/mark><\/strong><\/p>    <p>St\u00f8tter tilpassede blader for \u00e5 h\u00e5ndtere ulike r\u00e5materialer, inkludert benfritt kj\u00f8tt som kylling, and og fisk, for presis kutting.<\/p>   <div class=\"wp-block-image\"> <figure class=\"aligncenter size-full\"><img loading=\"lazy\" decoding=\"async\" width=\"720\" height=\"540\" src=\"https:\/\/www.meatprocessingmachine.org\/wp-content\/uploads\/2026\/02\/Meat-Slicing-Cutting-Machine.webp\" alt=\"Kj\u00f8ttskiveskj\u00e6ringsmaskin\" class=\"wp-image-34720\" title=\"\" srcset=\"https:\/\/www.meatprocessingmachine.org\/wp-content\/uploads\/2026\/02\/Meat-Slicing-Cutting-Machine.webp 720w, https:\/\/www.meatprocessingmachine.org\/wp-content\/uploads\/2026\/02\/Meat-Slicing-Cutting-Machine-300x225.webp 300w, https:\/\/www.meatprocessingmachine.org\/wp-content\/uploads\/2026\/02\/Meat-Slicing-Cutting-Machine-16x12.webp 16w\" sizes=\"auto, (max-width: 720px) 100vw, 720px\" \/><figcaption class=\"wp-element-caption\">Kj\u00f8ttskiveskj\u00e6ringsmaskin<\/figcaption><\/figure> <\/div>   <h2 class=\"wp-block-heading\">Egnet r\u00e5materiale<\/h2>    <p>Kj\u00f8ttstrimskj\u00e6reren h\u00e5ndterer fire hovedkategorier av r\u00e5materialer, og behandler effektivt b\u00e5de benfrie og tilpassede beinholdige produkter:<\/p>    <ul class=\"wp-block-list\"> <li><strong>Ferskt kj\u00f8tt:<\/strong> Benfritt svinekj\u00f8tt, storfekj\u00f8tt, lam og annet ferskt kj\u00f8tt<\/li>    <li><strong>Bakverk\/deig:<\/strong> Strimler, skiver eller terninger av ulike deigprodukter<\/li>    <li><strong>Gr\u00f8nnsaker:<\/strong> Rot- og bladgr\u00f8nnsaker som reddik, potet, lotusrot og bladgr\u00f8nnsaker<\/li>    <li><strong>Spesialprodukter:<\/strong> Kokt mat, samt benete fj\u00e6rfe og fisk (kylling, and, fisk) med tilpassede blader<\/li> <\/ul>    <figure class=\"wp-block-gallery has-nested-images columns-default is-cropped wp-block-gallery-3 is-layout-flex wp-block-gallery-is-layout-flex\"> <figure class=\"wp-block-image size-large\"><img loading=\"lazy\" decoding=\"async\" width=\"720\" height=\"540\" data-id=\"34724\" src=\"https:\/\/www.meatprocessingmachine.org\/wp-content\/uploads\/2026\/02\/Lamb.webp\" alt=\"Lam\" class=\"wp-image-34724\" title=\"\" srcset=\"https:\/\/www.meatprocessingmachine.org\/wp-content\/uploads\/2026\/02\/Lamb.webp 720w, https:\/\/www.meatprocessingmachine.org\/wp-content\/uploads\/2026\/02\/Lamb-300x225.webp 300w, https:\/\/www.meatprocessingmachine.org\/wp-content\/uploads\/2026\/02\/Lamb-16x12.webp 16w\" sizes=\"auto, (max-width: 720px) 100vw, 720px\" \/><figcaption class=\"wp-element-caption\">Lam<\/figcaption><\/figure>    <figure class=\"wp-block-image size-large\"><img loading=\"lazy\" decoding=\"async\" width=\"720\" height=\"540\" data-id=\"34723\" src=\"https:\/\/www.meatprocessingmachine.org\/wp-content\/uploads\/2026\/02\/Beef.webp\" alt=\"Okse\" class=\"wp-image-34723\" title=\"\" srcset=\"https:\/\/www.meatprocessingmachine.org\/wp-content\/uploads\/2026\/02\/Beef.webp 720w, https:\/\/www.meatprocessingmachine.org\/wp-content\/uploads\/2026\/02\/Beef-300x225.webp 300w, https:\/\/www.meatprocessingmachine.org\/wp-content\/uploads\/2026\/02\/Beef-16x12.webp 16w\" sizes=\"auto, (max-width: 720px) 100vw, 720px\" \/><figcaption class=\"wp-element-caption\">Okse<\/figcaption><\/figure>    <figure class=\"wp-block-image size-large\"><img loading=\"lazy\" decoding=\"async\" width=\"720\" height=\"540\" data-id=\"34725\" src=\"https:\/\/www.meatprocessingmachine.org\/wp-content\/uploads\/2026\/02\/Potato-Slices.webp\" alt=\"Potetskiver\" class=\"wp-image-34725\" title=\"\" srcset=\"https:\/\/www.meatprocessingmachine.org\/wp-content\/uploads\/2026\/02\/Potato-Slices.webp 720w, https:\/\/www.meatprocessingmachine.org\/wp-content\/uploads\/2026\/02\/Potato-Slices-300x225.webp 300w, https:\/\/www.meatprocessingmachine.org\/wp-content\/uploads\/2026\/02\/Potato-Slices-16x12.webp 16w\" sizes=\"auto, (max-width: 720px) 100vw, 720px\" \/><figcaption class=\"wp-element-caption\">Potetskiver<\/figcaption><\/figure> <\/figure>    <h2 class=\"wp-block-heading\">Hva er kjernefordelene med den ferske kj\u00f8ttstrimskj\u00e6ringsmaskinen?<\/h2>    <div class=\"wp-block-columns is-layout-flex wp-container-core-columns-is-layout-9d6595d7 wp-block-columns-is-layout-flex\"> <div class=\"wp-block-column is-layout-flow wp-block-column-is-layout-flow\"> <p class=\"has-text-align-center translation-block\"><strong><mark class=\"has-inline-color has-luminous-vivid-amber-color\">H\u00f8y produksjonskapasitet<\/mark><\/strong><\/p>    <p>Modell 340 n\u00e5r opp til 0\u2013600\u202fkg\/h, og modell 500 opp til 0\u20131000\u202fkg\/h, som m\u00f8ter behovene til sm\u00e5 og store behandlingsanlegg og muliggj\u00f8r effektiv batch-behandling.<\/p> <\/div>    <div class=\"wp-block-column is-layout-flow wp-block-column-is-layout-flow\"> <p class=\"has-text-align-center translation-block\"><strong><mark class=\"has-inline-color has-luminous-vivid-amber-color\">Kraftig motor system<\/mark><\/strong><\/p>    <p>Utstyrt med en 1,5\u202fkW motor, kj\u00f8rer maskinen jevnt med tilstrekkelig kraft, st\u00f8tter lang kontinuerlig drift og stabil produksjon.<\/p> <\/div> <\/div>    <div class=\"wp-block-columns is-layout-flex wp-container-core-columns-is-layout-9d6595d7 wp-block-columns-is-layout-flex\"> <div class=\"wp-block-column is-layout-flow wp-block-column-is-layout-flow\"> <p class=\"has-text-align-center translation-block\"><strong><mark class=\"has-inline-color has-luminous-vivid-amber-color\">Stor mateskapskapasitet<\/mark><\/strong><\/p>    <p>Kan h\u00e5ndtere store biter av ferskt kj\u00f8tt eller deig med letthet, noe som forbedrer r\u00e5vareutnyttelsen.<\/p> <\/div>    <div class=\"wp-block-column is-layout-flow wp-block-column-is-layout-flow\"> <p class=\"has-text-align-center translation-block\"><strong><mark class=\"has-inline-color has-luminous-vivid-amber-color\">Holdbare, h\u00f8ykvalitets materialer<\/mark><\/strong><\/p>    <p>Lag av f\u00f8rsteklasses rustfritt st\u00e5l, korrosjonsbestandig og lett \u00e5 rengj\u00f8re, oppfyller mattrygghetsstandarder. Bladene er av 440C rustfritt st\u00e5l, skarpe og sterke for langvarig kutteytelse.<\/p> <\/div> <\/div>    <div class=\"wp-block-columns is-layout-flex wp-container-core-columns-is-layout-9d6595d7 wp-block-columns-is-layout-flex\"> <div class=\"wp-block-column is-layout-flow wp-block-column-is-layout-flow\"> <p class=\"has-text-align-center translation-block\"><strong><mark class=\"has-inline-color has-luminous-vivid-amber-color\">Enkel bruk<\/mark><\/strong><\/p>    <p>Integrert design med rask bladbytte og flerfunksjonskutting reduserer manuelle steg og forbedrer behandlingshastigheten.<\/p> <\/div>    <div class=\"wp-block-column is-layout-flow wp-block-column-is-layout-flow\"> <p class=\"has-text-align-center translation-block\"><strong><mark class=\"has-inline-color has-luminous-vivid-amber-color\">Allsidige kuttefunksjoner<\/mark><\/strong><\/p>    <p>St\u00f8tter kutting i strimler, skiver, terninger og klumper. Ett-trinns strimmel- eller skiveskj\u00e6ring og andre trinn for terningkutt gir fleksible behandlingsalternativer for ulike produktkrav.<\/p> <\/div> <\/div>   <div class=\"wp-block-image\"> <figure class=\"aligncenter size-full\"><img loading=\"lazy\" decoding=\"async\" width=\"720\" height=\"540\" src=\"https:\/\/www.meatprocessingmachine.org\/wp-content\/uploads\/2026\/02\/Fresh-Meat-Strip-Cutting-Machine-For-Sale.webp\" alt=\"Fersk kj\u00f8ttstrimskj\u00e6ringsmaskin til salgs\" class=\"wp-image-34718\" title=\"\" srcset=\"https:\/\/www.meatprocessingmachine.org\/wp-content\/uploads\/2026\/02\/Fresh-Meat-Strip-Cutting-Machine-For-Sale.webp 720w, https:\/\/www.meatprocessingmachine.org\/wp-content\/uploads\/2026\/02\/Fresh-Meat-Strip-Cutting-Machine-For-Sale-300x225.webp 300w, https:\/\/www.meatprocessingmachine.org\/wp-content\/uploads\/2026\/02\/Fresh-Meat-Strip-Cutting-Machine-For-Sale-16x12.webp 16w\" sizes=\"auto, (max-width: 720px) 100vw, 720px\" \/><figcaption class=\"wp-element-caption\">Fersk kj\u00f8ttstrimskj\u00e6ringsmaskin til salgs<\/figcaption><\/figure> <\/div>   <h2 class=\"wp-block-heading\">Tekniske parametere<\/h2>    <figure class=\"wp-block-table\"><table class=\"has-fixed-layout\"><thead><tr><th>Parameter<\/th><th>Modell 340 fersk kj\u00f8ttstrimskj\u00e6rer<\/th><th>Modell 500 fersk kj\u00f8ttstrimskj\u00e6rer<\/th><\/tr><\/thead><tbody><tr><td>Motorstyrke<\/td><td>1,5\u202fkW<\/td><td>1,5\u202fkW<\/td><\/tr><tr><td>Spenning<\/td><td>380\u202fV<\/td><td>380\u202fV<\/td><\/tr><tr><td>Maks matesst\u00f8rrelse<\/td><td>1000 \u00d7 330 \u00d7 70\u202fmm<\/td><td>1000 \u00d7 480 \u00d7 70\u202fmm<\/td><\/tr><tr><td>Produksjonskapasitet<\/td><td>0\u2013600\u202fkg\/h<\/td><td>0\u20131000\u202fkg\/h<\/td><\/tr><tr><td>Maskinvekt<\/td><td>180\u202fkg<\/td><td>200\u202fkg<\/td><\/tr><tr><td>Dimensjoner (L \u00d7 B \u00d7 H)<\/td><td>1680 \u00d7 680 \u00d7 1160\u202fmm<\/td><td>1680 \u00d7 860 \u00d7 1160\u202fmm<\/td><\/tr><\/tbody><\/table><\/figure>   <div class=\"wp-block-image\"> <figure class=\"aligncenter size-full\"><img loading=\"lazy\" decoding=\"async\" width=\"720\" height=\"540\" src=\"https:\/\/www.meatprocessingmachine.org\/wp-content\/uploads\/2026\/02\/Fresh-Meat-Strip-Cutter.webp\" alt=\"Fersk kj\u00f8ttstrimskj\u00e6ringsmaskin\" class=\"wp-image-34717\" title=\"\" srcset=\"https:\/\/www.meatprocessingmachine.org\/wp-content\/uploads\/2026\/02\/Fresh-Meat-Strip-Cutter.webp 720w, https:\/\/www.meatprocessingmachine.org\/wp-content\/uploads\/2026\/02\/Fresh-Meat-Strip-Cutter-300x225.webp 300w, https:\/\/www.meatprocessingmachine.org\/wp-content\/uploads\/2026\/02\/Fresh-Meat-Strip-Cutter-16x12.webp 16w\" sizes=\"auto, (max-width: 720px) 100vw, 720px\" \/><figcaption class=\"wp-element-caption\">Fersk kj\u00f8ttstrimskj\u00e6ringsmaskin<\/figcaption><\/figure> <\/div>   <h2 class=\"wp-block-heading\">Hvorfor velge Taizy fersk kj\u00f8ttstrimskj\u00e6ringsmaskin?<\/h2>    <p class=\"translation-block\"><strong>P\u00e5litelig sertifisering, garantert kvalitet<\/strong><\/p>    <p>Taizy ferske kj\u00f8ttstrimskj\u00e6ringsmaskiner har flere internasjonale sertifiseringer, inkludert ISO9001 kvalitetsstyring, CE, og testing av SGS og TUV. Hvert steg fra design og produksjon til levering oppfyller internasjonale kvalitets- og sikkerhetsstandarder, og sikrer globalt anerkjent ytelse.<\/p>    <p class=\"translation-block\"><strong>Omfattende ettermarkedstjeneste<\/strong><\/p>    <ul class=\"wp-block-list\"> <li><strong>Utvidet garanti:<\/strong> Alle maskiner leveres med 1 \u00e5rs gratis garanti. Ikke-menneskelige skader repareres eller byttes uten kostnad.<\/li>    <li><strong>Full installasjonsveiledning:<\/strong> Standardiserte manualer og profesjonell fjernst\u00f8tte hjelper bedrifter med \u00e5 sette opp maskinen raskt.<\/li>    <li><strong>Stedlig st\u00f8tte:<\/strong> For komplekse installasjoner kan ingeni\u00f8rer sendes for \u00e5 h\u00e5ndtere installasjon, igangkj\u00f8ring og operat\u00f8roppl\u00e6ring, og sikre en rask oppstart av produksjonen.<\/li> <\/ul>    <p>Fra kjerneutforming og sertifisert kvalitet til full etter-salgsst\u00f8tte, gir Taizy ferske kj\u00f8ttstrimskj\u00e6ringsmaskiner n\u00e6ring til matbehandlingsbedrifter og er det foretrukne valget innen kj\u00f8ttkutting og -behandling.<\/p>    <p class=\"translation-block\">I tillegg til den ferske kj\u00f8ttstrimskj\u00e6ringsmaskinen tilbyr vi ogs\u00e5 <strong><a href=\"https:\/\/www.meatprocessingmachine.org\/nn\/products\/meat-cutting-machine\/\">ferske kj\u00f8ttskiver<\/a><\/strong> og annet kj\u00f8ttbehandlingsutstyr for \u00e5 st\u00f8tte produksjonsbehovene dine. Ta gjerne kontakt for mer informasjon.<\/p>   <div class=\"wp-block-image\"> <figure class=\"aligncenter size-full\"><img loading=\"lazy\" decoding=\"async\" width=\"720\" height=\"540\" src=\"https:\/\/www.meatprocessingmachine.org\/wp-content\/uploads\/2026\/02\/Industrial-Meat-Slicing-Machine.webp\" alt=\"Industriell Kj\u00f8ttskj\u00e6ringsmaskin\" class=\"wp-image-34648\" title=\"\" srcset=\"https:\/\/www.meatprocessingmachine.org\/wp-content\/uploads\/2026\/02\/Industrial-Meat-Slicing-Machine.webp 720w, https:\/\/www.meatprocessingmachine.org\/wp-content\/uploads\/2026\/02\/Industrial-Meat-Slicing-Machine-300x225.webp 300w, https:\/\/www.meatprocessingmachine.org\/wp-content\/uploads\/2026\/02\/Industrial-Meat-Slicing-Machine-16x12.webp 16w\" sizes=\"auto, (max-width: 720px) 100vw, 720px\" \/><figcaption class=\"wp-element-caption\">Industriell Kj\u00f8ttskj\u00e6ringsmaskin<\/figcaption><\/figure> <\/div>","protected":false},"excerpt":{"rendered":"<p>The fresh meat strip cutting machine is a professional meat processing machine designed for cutting fresh meat into strips, slices, cubes, or chunks. Taizy offers the 340 and 500 models, with production capacities tailored to different processing needs \u2014 the 340 model reaches 0\u2013600\u202fkg\/h, while the 500 model can go up to 0\u20131000\u202fkg\/h. Made of [&hellip;]<\/p>\n","protected":false},"author":1,"featured_media":34727,"parent":0,"template":"","product-type":[582,583,589],"class_list":["post-34714","product","type-product","status-publish","has-post-thumbnail","hentry","product-type-cattle-sheep","product-type-chicken-turkey","product-type-meat-cutting-machine"],"_links":{"self":[{"href":"https:\/\/www.meatprocessingmachine.org\/nn\/wp-json\/wp\/v2\/product\/34714","targetHints":{"allow":["GET"]}}],"collection":[{"href":"https:\/\/www.meatprocessingmachine.org\/nn\/wp-json\/wp\/v2\/product"}],"about":[{"href":"https:\/\/www.meatprocessingmachine.org\/nn\/wp-json\/wp\/v2\/types\/product"}],"author":[{"embeddable":true,"href":"https:\/\/www.meatprocessingmachine.org\/nn\/wp-json\/wp\/v2\/users\/1"}],"wp:featuredmedia":[{"embeddable":true,"href":"https:\/\/www.meatprocessingmachine.org\/nn\/wp-json\/wp\/v2\/media\/34727"}],"wp:attachment":[{"href":"https:\/\/www.meatprocessingmachine.org\/nn\/wp-json\/wp\/v2\/media?parent=34714"}],"wp:term":[{"taxonomy":"product-type","embeddable":true,"href":"https:\/\/www.meatprocessingmachine.org\/nn\/wp-json\/wp\/v2\/product-type?post=34714"}],"curies":[{"name":"wp","href":"https:\/\/api.w.org\/{rel}","templated":true}]}}