{"id":34751,"date":"2026-02-25T17:27:51","date_gmt":"2026-02-25T09:27:51","guid":{"rendered":"https:\/\/www.meatprocessingmachine.org\/?post_type=product&#038;p=34751"},"modified":"2026-03-04T11:48:40","modified_gmt":"2026-03-04T03:48:40","slug":"cooked-meat-slicer","status":"publish","type":"product","link":"https:\/\/www.meatprocessingmachine.org\/nn\/cooked-meat-slicer.html","title":{"rendered":"Kokt kj\u00f8ttskj\u00e6rer | Deli-skj\u00e6rer"},"content":{"rendered":"<div class=\"kk-star-ratings kksr-auto kksr-align-right kksr-valign-top\"     data-payload='{&quot;align&quot;:&quot;right&quot;,&quot;id&quot;:&quot;34751&quot;,&quot;slug&quot;:&quot;default&quot;,&quot;valign&quot;:&quot;top&quot;,&quot;ignore&quot;:&quot;&quot;,&quot;reference&quot;:&quot;auto&quot;,&quot;class&quot;:&quot;&quot;,&quot;count&quot;:&quot;0&quot;,&quot;legendonly&quot;:&quot;&quot;,&quot;readonly&quot;:&quot;&quot;,&quot;score&quot;:&quot;0&quot;,&quot;starsonly&quot;:&quot;&quot;,&quot;best&quot;:&quot;5&quot;,&quot;gap&quot;:&quot;5&quot;,&quot;greet&quot;:&quot;Rate this product&quot;,&quot;legend&quot;:&quot;0\\\/5 - (0 votes)&quot;,&quot;size&quot;:&quot;24&quot;,&quot;title&quot;:&quot;Cooked Meat Slicer | Deli Slicer&quot;,&quot;width&quot;:&quot;0&quot;,&quot;_legend&quot;:&quot;{score}\\\/{best} - ({count} {votes})&quot;,&quot;font_factor&quot;:&quot;1.25&quot;}'>              <div class=\"kksr-stars\">      <div class=\"kksr-stars-inactive\">             <div class=\"kksr-star\" data-star=\"1\" style=\"padding-right: 5px\">               <div class=\"kksr-icon\" style=\"width: 24px; height: 24px;\"><\/div>         <\/div>             <div class=\"kksr-star\" data-star=\"2\" style=\"padding-right: 5px\">               <div class=\"kksr-icon\" style=\"width: 24px; height: 24px;\"><\/div>         <\/div>             <div class=\"kksr-star\" data-star=\"3\" style=\"padding-right: 5px\">               <div class=\"kksr-icon\" style=\"width: 24px; height: 24px;\"><\/div>         <\/div>             <div class=\"kksr-star\" data-star=\"4\" style=\"padding-right: 5px\">               <div class=\"kksr-icon\" style=\"width: 24px; height: 24px;\"><\/div>         <\/div>             <div class=\"kksr-star\" data-star=\"5\" style=\"padding-right: 5px\">               <div class=\"kksr-icon\" style=\"width: 24px; height: 24px;\"><\/div>         <\/div>     <\/div>      <div class=\"kksr-stars-active\" style=\"width: 0px;\">             <div class=\"kksr-star\" style=\"padding-right: 5px\">               <div class=\"kksr-icon\" style=\"width: 24px; height: 24px;\"><\/div>         <\/div>             <div class=\"kksr-star\" style=\"padding-right: 5px\">               <div class=\"kksr-icon\" style=\"width: 24px; height: 24px;\"><\/div>         <\/div>             <div class=\"kksr-star\" style=\"padding-right: 5px\">               <div class=\"kksr-icon\" style=\"width: 24px; height: 24px;\"><\/div>         <\/div>             <div class=\"kksr-star\" style=\"padding-right: 5px\">               <div class=\"kksr-icon\" style=\"width: 24px; height: 24px;\"><\/div>         <\/div>             <div class=\"kksr-star\" style=\"padding-right: 5px\">               <div class=\"kksr-icon\" style=\"width: 24px; height: 24px;\"><\/div>         <\/div>     <\/div> <\/div>                   <div class=\"kksr-legend\" style=\"font-size: 19.2px;\">             <span class=\"kksr-muted\">Vurder dette produktet<\/span>     <\/div>     <\/div>  <p class=\"translation-block\"><strong><mark class=\"has-inline-color has-luminous-vivid-amber-color\">den kokte kj\u00f8ttskiver<\/mark><\/strong> er en automatisk maskin for jevn skiving av kokte kj\u00f8ttprodukter, inkludert braisert kj\u00f8tt, roastbiff, grillet kj\u00f8tt og skinke. Taizys ZY-140 og ZY-120 dobbelt-b\u00e5nd kokt kj\u00f8ttskiver kan behandle<strong><mark class=\"has-inline-color has-luminous-vivid-amber-color\">500\u2013800 kg per time,<\/mark><\/strong> med skive tykkelse justerbar fra <strong><mark class=\"has-inline-color has-luminous-vivid-amber-color\">1 til 50 mm<\/mark><\/strong>. De er ideelle for sentrale kj\u00f8kken, kj\u00f8ttbearbeidingsanlegg og store delikatessebutikker.<\/p>   <div class=\"wp-block-image\"> <figure class=\"aligncenter size-full\"><img loading=\"lazy\" decoding=\"async\" width=\"720\" height=\"540\" src=\"https:\/\/www.meatprocessingmachine.org\/wp-content\/uploads\/2026\/02\/Cooked-Meat-Slicer-Machine.webp\" alt=\"Kokt kj\u00f8ttskiver-maskin\" class=\"wp-image-34758\" title=\"\" srcset=\"https:\/\/www.meatprocessingmachine.org\/wp-content\/uploads\/2026\/02\/Cooked-Meat-Slicer-Machine.webp 720w, https:\/\/www.meatprocessingmachine.org\/wp-content\/uploads\/2026\/02\/Cooked-Meat-Slicer-Machine-300x225.webp 300w, https:\/\/www.meatprocessingmachine.org\/wp-content\/uploads\/2026\/02\/Cooked-Meat-Slicer-Machine-16x12.webp 16w\" sizes=\"auto, (max-width: 720px) 100vw, 720px\" \/><figcaption class=\"wp-element-caption\">Kokt kj\u00f8ttskiver-maskin<\/figcaption><\/figure> <\/div>   <p>Den kokte kj\u00f8ttskiver-maskinen har en h\u00f8y-ytelses motor og et stabilt transportb\u00e5ndssystem for jevn, presis skj\u00e6ring. Den er enkel \u00e5 betjene og egner seg for kontinuerlig produksjon i matvarebearbeidingsfabrikker, sentrale kj\u00f8kken og kj\u00f8ttbearbeidingsfabrikker. Hovedfordelene inkluderer h\u00f8y effektivitet, justerbar skivetykkelse, stabil drift og reduserte arbeidskostnader, som hjelper bedrifter \u00e5 forbedre produktivitet og produktkonsistens.<\/p>    <figure class=\"wp-block-embed is-type-video is-provider-youtube wp-block-embed-youtube wp-embed-aspect-16-9 wp-has-aspect-ratio\"><div class=\"wp-block-embed__wrapper\"> <iframe loading=\"lazy\" title=\"Kokt kj\u00f8ttskiver | H\u00f8y-ytelse Automatisk Skivingsl\u00f8sning (500\u2013800 kg\/h)\" width=\"500\" height=\"281\" src=\"https:\/\/www.youtube.com\/embed\/2paUesCKdH0?feature=oembed\" frameborder=\"0\" allow=\"accelerometer; autoplay; clipboard-write; encrypted-media; gyroscope; picture-in-picture; web-share\" referrerpolicy=\"strict-origin-when-cross-origin\" allowfullscreen><\/iframe> <\/div><\/figure>    <h2 class=\"wp-block-heading\">Funksjoner til Kokt Kj\u00f8ttskiver<\/h2>    <p>Hovedfunksjonen til kokt kj\u00f8ttskiver er \u00e5 skj\u00e6re kokt kj\u00f8tt effektivt og presist. N\u00f8kkelfunksjoner inkluderer:<\/p>    <ul class=\"wp-block-list\"> <li><strong>Justerbar skivetykkelse:<\/strong> Skivetykkelse kan justeres fritt fra 1 til 50 mm for \u00e5 m\u00f8te forskjellige retter og produktkrav.<\/li>    <li><strong>Dobbel transportb\u00e5nd-design:<\/strong> ZY-120-modellen bruker et dobbel-b\u00e5ndsystem for \u00e5 hindre at kj\u00f8ttet sklir, og sikrer jevne skiver og bedre utseende.<\/li>    <li><strong>Effisiente og stabile drift:<\/strong> Rustfritt st\u00e5l-kropp og h\u00f8ykvalitets motor tillater langvarig kontinuerlig drift, egnet for produksjon i h\u00f8y volum.<\/li>    <li><strong>Enkelt og sikkert \u00e5 betjene:<\/strong> Utstyrt med en intelligent kontrollpanel for intuitive innstillinger og sikkerhetsenheter for \u00e5 redusere operasjonelle risikoer.<\/li> <\/ul>    <figure class=\"wp-block-gallery has-nested-images columns-default is-cropped wp-block-gallery-2 is-layout-flex wp-block-gallery-is-layout-flex\"> <figure class=\"wp-block-image size-large\"><img loading=\"lazy\" decoding=\"async\" width=\"720\" height=\"540\" data-id=\"34755\" src=\"https:\/\/www.meatprocessingmachine.org\/wp-content\/uploads\/2026\/02\/Cooked-Meat-Slicer-Blade.webp\" alt=\"Kokt kj\u00f8ttskivekniv\" class=\"wp-image-34755\" title=\"\" srcset=\"https:\/\/www.meatprocessingmachine.org\/wp-content\/uploads\/2026\/02\/Cooked-Meat-Slicer-Blade.webp 720w, https:\/\/www.meatprocessingmachine.org\/wp-content\/uploads\/2026\/02\/Cooked-Meat-Slicer-Blade-300x225.webp 300w, https:\/\/www.meatprocessingmachine.org\/wp-content\/uploads\/2026\/02\/Cooked-Meat-Slicer-Blade-16x12.webp 16w\" sizes=\"auto, (max-width: 720px) 100vw, 720px\" \/><figcaption class=\"wp-element-caption\">Kokt kj\u00f8ttskivekniv<\/figcaption><\/figure>    <figure class=\"wp-block-image size-large\"><img loading=\"lazy\" decoding=\"async\" width=\"720\" height=\"540\" data-id=\"34761\" src=\"https:\/\/www.meatprocessingmachine.org\/wp-content\/uploads\/2026\/02\/Industrial-Cooked-Meat-Slicing-Machine.webp\" alt=\"Industriell kokt kj\u00f8ttskivemaskin\" class=\"wp-image-34761\" title=\"\" srcset=\"https:\/\/www.meatprocessingmachine.org\/wp-content\/uploads\/2026\/02\/Industrial-Cooked-Meat-Slicing-Machine.webp 720w, https:\/\/www.meatprocessingmachine.org\/wp-content\/uploads\/2026\/02\/Industrial-Cooked-Meat-Slicing-Machine-300x225.webp 300w, https:\/\/www.meatprocessingmachine.org\/wp-content\/uploads\/2026\/02\/Industrial-Cooked-Meat-Slicing-Machine-16x12.webp 16w\" sizes=\"auto, (max-width: 720px) 100vw, 720px\" \/><figcaption class=\"wp-element-caption\">Industriell kokt kj\u00f8ttskivemaskin<\/figcaption><\/figure> <\/figure>    <h2 class=\"wp-block-heading\">Anvendelige Ingredienser<\/h2>    <p>Den kokte kj\u00f8ttskiver kan h\u00e5ndtere et bredt spekter av kokte kj\u00f8ttprodukter, inkludert men ikke begrenset til:<\/p>    <ul class=\"wp-block-list\"> <li><strong>Braiserte kj\u00f8ttvarer:<\/strong> braiserte svineretter, braiserte storfekj\u00f8tt, braiserte svile\u00f8rer, braiserte innvoller, osv.<\/li>    <li><strong>Marinerte kj\u00f8ttvarer:<\/strong> marinerte storfekj\u00f8tt, marinerte svinnekj\u00f8ttknoke, marinerte andekj\u00f8tt osv.<\/li>    <li><strong>Skinke &amp; Kornvarer:<\/strong> skinke, bacon, p\u00f8lse, salami osv.<\/li>    <li><strong>Andre kokte kj\u00f8ttsorter:<\/strong> kokte skiver av storfekj\u00f8tt, kylling, svinekj\u00f8tt og mer.<\/li> <\/ul>    <figure class=\"wp-block-gallery has-nested-images columns-default is-cropped wp-block-gallery-3 is-layout-flex wp-block-gallery-is-layout-flex\"> <figure class=\"wp-block-image size-large\"><img loading=\"lazy\" decoding=\"async\" width=\"720\" height=\"540\" data-id=\"34764\" src=\"https:\/\/www.meatprocessingmachine.org\/wp-content\/uploads\/2026\/02\/Beef-Slicing.webp\" alt=\"Okse-kuttering\" class=\"wp-image-34764\" title=\"\" srcset=\"https:\/\/www.meatprocessingmachine.org\/wp-content\/uploads\/2026\/02\/Beef-Slicing.webp 720w, https:\/\/www.meatprocessingmachine.org\/wp-content\/uploads\/2026\/02\/Beef-Slicing-300x225.webp 300w, https:\/\/www.meatprocessingmachine.org\/wp-content\/uploads\/2026\/02\/Beef-Slicing-16x12.webp 16w\" sizes=\"auto, (max-width: 720px) 100vw, 720px\" \/><figcaption class=\"wp-element-caption\">Okse-kuttering<\/figcaption><\/figure>    <figure class=\"wp-block-image size-large\"><img loading=\"lazy\" decoding=\"async\" width=\"720\" height=\"540\" data-id=\"34765\" src=\"https:\/\/www.meatprocessingmachine.org\/wp-content\/uploads\/2026\/02\/Roast-Duck-Slicing.webp\" alt=\"Rostand duck slicing\" class=\"wp-image-34765\" title=\"\" srcset=\"https:\/\/www.meatprocessingmachine.org\/wp-content\/uploads\/2026\/02\/Roast-Duck-Slicing.webp 720w, https:\/\/www.meatprocessingmachine.org\/wp-content\/uploads\/2026\/02\/Roast-Duck-Slicing-300x225.webp 300w, https:\/\/www.meatprocessingmachine.org\/wp-content\/uploads\/2026\/02\/Roast-Duck-Slicing-16x12.webp 16w\" sizes=\"auto, (max-width: 720px) 100vw, 720px\" \/><figcaption class=\"wp-element-caption\">Rostand duck slicing<\/figcaption><\/figure>    <figure class=\"wp-block-image size-large\"><img loading=\"lazy\" decoding=\"async\" width=\"720\" height=\"540\" data-id=\"34766\" src=\"https:\/\/www.meatprocessingmachine.org\/wp-content\/uploads\/2026\/02\/Sausage-Slicing.webp\" alt=\"Sausage Skiving\" class=\"wp-image-34766\" title=\"\" srcset=\"https:\/\/www.meatprocessingmachine.org\/wp-content\/uploads\/2026\/02\/Sausage-Slicing.webp 720w, https:\/\/www.meatprocessingmachine.org\/wp-content\/uploads\/2026\/02\/Sausage-Slicing-300x225.webp 300w, https:\/\/www.meatprocessingmachine.org\/wp-content\/uploads\/2026\/02\/Sausage-Slicing-16x12.webp 16w\" sizes=\"auto, (max-width: 720px) 100vw, 720px\" \/><figcaption class=\"wp-element-caption\">Sausage Skiving<\/figcaption><\/figure> <\/figure>    <h2 class=\"wp-block-heading\">Fordeler med Kokt Kj\u00f8ttskivemaskinen<\/h2>    <div class=\"wp-block-columns is-layout-flex wp-container-core-columns-is-layout-9d6595d7 wp-block-columns-is-layout-flex\"> <div class=\"wp-block-column is-layout-flow wp-block-column-is-layout-flow\"> <p class=\"has-text-align-center translation-block\"><strong><mark class=\"has-inline-color has-luminous-vivid-amber-color\">H\u00f8g effektivitet<\/mark><\/strong><\/p>    <p>En enkelt Kokt Kj\u00f8ttskiver kan behandle 500\u2013800 kg kokt kj\u00f8tt per time. Sammenlignet med manuell skiving, forbedrer det effektiviteten betydelig og reduserer arbeidskostnader, og h\u00e5ndterer enkelt stor-skala produksjon.<\/p> <\/div>    <div class=\"wp-block-column is-layout-flow wp-block-column-is-layout-flow\"> <p class=\"has-text-align-center translation-block\"><strong><mark class=\"has-inline-color has-luminous-vivid-amber-color\">Presis Skiving<\/mark><\/strong><\/p>    <p>Justerbar tykkelse fra 1 til 50 mm kombinert med et presist transmisjonssystem som sikrer ensartede skiver, opprettholder produktkonsistensen og forbedrer merkevarebilde og markeds konkurranseevne.<\/p> <\/div> <\/div>    <div class=\"wp-block-columns is-layout-flex wp-container-core-columns-is-layout-9d6595d7 wp-block-columns-is-layout-flex\"> <div class=\"wp-block-column is-layout-flow wp-block-column-is-layout-flow\"> <p class=\"has-text-align-center translation-block\"><strong><mark class=\"has-inline-color has-luminous-vivid-amber-color\">Holdbar og lett \u00e5 vedlikeholde<\/mark><\/strong><\/p>    <p>Fremstilt av matvaregodkjent 304 rustfritt st\u00e5l, maskinen er korrosjonsbestandig, lett \u00e5 rengj\u00f8re, oppfyller mattrygghetsstandarder, reduserer vedlikeholdskostnader og forlengelse av levetid.<\/p> <\/div>    <div class=\"wp-block-column is-layout-flow wp-block-column-is-layout-flow\"> <p class=\"has-text-align-center translation-block\"><strong><mark class=\"has-inline-color has-luminous-vivid-amber-color\">Fleksibel tilpasning<\/mark><\/strong><\/p>    <p>St\u00f8tter 220V\/380V str\u00f8malternativer, som muliggj\u00f8r bruk i sentrale kj\u00f8kken, kj\u00f8ttbearbeidingsanlegg og delikatessegjenstander med h\u00f8y tilpasningsevne.<\/p> <\/div> <\/div>    <div class=\"wp-block-columns is-layout-flex wp-container-core-columns-is-layout-9d6595d7 wp-block-columns-is-layout-flex\"> <div class=\"wp-block-column is-layout-flow wp-block-column-is-layout-flow\"> <p class=\"has-text-align-center translation-block\"><strong><mark class=\"has-inline-color has-luminous-vivid-amber-color\">Sikker &amp; p\u00e5litelig<\/mark><\/strong><\/p>    <p>Utstyrt med flere sikkerhetsfunksjoner, inkludert n\u00f8dstopp-knapper og anti-klem design, som sikrer stabil drift og reduserer produksjonsrisiko.<\/p> <\/div>    <div class=\"wp-block-column is-layout-flow wp-block-column-is-layout-flow\"> <p class=\"has-text-align-center translation-block\"><strong><mark class=\"has-inline-color has-luminous-vivid-amber-color\">Tilpassbar<\/mark><\/strong><\/p>    <p>Kan tilpasses spesifikke produksjonsbehov, som skivest\u00f8rrelse, kapasitet og transportb\u00e5ndtype, og gi l\u00f8sninger som passer produksjonsscenarioer.<\/p> <\/div> <\/div>   <div class=\"wp-block-image\"> <figure class=\"aligncenter size-full\"><img loading=\"lazy\" decoding=\"async\" width=\"720\" height=\"540\" src=\"https:\/\/www.meatprocessingmachine.org\/wp-content\/uploads\/2026\/02\/Double-Conveyor-Cooked-Meat-Slicer.webp\" alt=\"Dobbel transportb\u00e5nds kokt kj\u00f8ttskiver\" class=\"wp-image-34760\" title=\"\" srcset=\"https:\/\/www.meatprocessingmachine.org\/wp-content\/uploads\/2026\/02\/Double-Conveyor-Cooked-Meat-Slicer.webp 720w, https:\/\/www.meatprocessingmachine.org\/wp-content\/uploads\/2026\/02\/Double-Conveyor-Cooked-Meat-Slicer-300x225.webp 300w, https:\/\/www.meatprocessingmachine.org\/wp-content\/uploads\/2026\/02\/Double-Conveyor-Cooked-Meat-Slicer-16x12.webp 16w\" sizes=\"auto, (max-width: 720px) 100vw, 720px\" \/><figcaption class=\"wp-element-caption\">Dobbel transportb\u00e5nds kokt kj\u00f8ttskiver<\/figcaption><\/figure> <\/div>   <h2 class=\"wp-block-heading\">Tekniske spesifikasjoner<\/h2>    <figure class=\"wp-block-table\"><table class=\"has-fixed-layout\"><thead><tr><th>Modell<\/th><th>ZY-140 Kokt Kj\u00f8ttskiver<\/th><th>ZY-120 Dobbel-b\u00e5nd Kokt kj\u00f8ttskiver<\/th><\/tr><\/thead><tbody><tr><td>Kapastitet<\/td><td>500\u2013800 kg\/h<\/td><td>500\u2013800 kg\/h<\/td><\/tr><tr><td>Skivetykkelse<\/td><td>1\u201350 mm (justerbar)<\/td><td>1\u201350 mm (justerbar)<\/td><\/tr><tr><td>Kraft<\/td><td>2 kW<\/td><td>1,5\u202fkW<\/td><\/tr><tr><td>Spenning<\/td><td>380V \/ 220V<\/td><td>220V \/ 380V<\/td><\/tr><tr><td>Transportb\u00e5ndets bredde<\/td><td>140 mm<\/td><td>120 mm<\/td><\/tr><tr><td>Maskinvekt<\/td><td>Ca. 160 kg<\/td><td>Ca. 150 kg<\/td><\/tr><tr><td>Dimensjoner (L\u00d7B\u00d7H)<\/td><td>1500\u00d7625\u00d71050 mm<\/td><td>1350\u00d7600\u00d71250 mm<\/td><\/tr><\/tbody><\/table><\/figure>    <figure class=\"wp-block-gallery has-nested-images columns-default is-cropped wp-block-gallery-4 is-layout-flex wp-block-gallery-is-layout-flex\"> <figure class=\"wp-block-image size-large\"><img loading=\"lazy\" decoding=\"async\" width=\"720\" height=\"540\" data-id=\"34762\" src=\"https:\/\/www.meatprocessingmachine.org\/wp-content\/uploads\/2026\/02\/ZY-120-Cooked-Meat-Slicer.webp\" alt=\"Kj\u00f8ttt\u00f8rkemaskinfabrikk\" class=\"wp-image-34762\" title=\"\" srcset=\"https:\/\/www.meatprocessingmachine.org\/wp-content\/uploads\/2026\/02\/ZY-120-Cooked-Meat-Slicer.webp 720w, https:\/\/www.meatprocessingmachine.org\/wp-content\/uploads\/2026\/02\/ZY-120-Cooked-Meat-Slicer-300x225.webp 300w, https:\/\/www.meatprocessingmachine.org\/wp-content\/uploads\/2026\/02\/ZY-120-Cooked-Meat-Slicer-16x12.webp 16w\" sizes=\"auto, (max-width: 720px) 100vw, 720px\" \/><figcaption class=\"wp-element-caption\">Zy-120 Kokt Kj\u00f8ttskiver<\/figcaption><\/figure>    <figure class=\"wp-block-image size-large\"><img loading=\"lazy\" decoding=\"async\" width=\"720\" height=\"540\" data-id=\"34763\" src=\"https:\/\/www.meatprocessingmachine.org\/wp-content\/uploads\/2026\/02\/ZY-140-Cooked-Meat-Slicer.webp\" alt=\"ZY-140 Kokt Kj\u00f8ttskiver\" class=\"wp-image-34763\" title=\"\" srcset=\"https:\/\/www.meatprocessingmachine.org\/wp-content\/uploads\/2026\/02\/ZY-140-Cooked-Meat-Slicer.webp 720w, https:\/\/www.meatprocessingmachine.org\/wp-content\/uploads\/2026\/02\/ZY-140-Cooked-Meat-Slicer-300x225.webp 300w, https:\/\/www.meatprocessingmachine.org\/wp-content\/uploads\/2026\/02\/ZY-140-Cooked-Meat-Slicer-16x12.webp 16w\" sizes=\"auto, (max-width: 720px) 100vw, 720px\" \/><figcaption class=\"wp-element-caption\">ZY-140 Kokt Kj\u00f8ttskiver<\/figcaption><\/figure> <\/figure>    <h2 class=\"wp-block-heading\">ZY-140 vs. ZY-120 Kokt kj\u00f8ttskiver<\/h2>    <figure class=\"wp-block-table\"><table class=\"has-fixed-layout\"><thead><tr><th>Sammenligningsobjekt<\/th><th>ZY-140 Kokt Kj\u00f8ttskiver<\/th><th>ZY-120 Dobbel-b\u00e5nd Kokt kj\u00f8ttskiver<\/th><\/tr><\/thead><tbody><tr><td>Transportb\u00e5ndstruktur<\/td><td>Enkelt transportb\u00e5nd<\/td><td>Dobbel-b\u00e5nd antiskli design<\/td><\/tr><tr><td>Transportb\u00e5ndets bredde<\/td><td>140 mm (volder)<\/td><td>120 mm<\/td><\/tr><tr><td>Motorstyrke<\/td><td>2 kW (mer kraftfullt)<\/td><td>1,5 kW (mer energisparende)<\/td><\/tr><tr><td>Skivestabilitet<\/td><td>Stabil<\/td><td>Mer stabil, hindrer gliding<\/td><\/tr><tr><td>Egnet materiale<\/td><td>Store biter av kokt kj\u00f8tt<\/td><td>Kokt kj\u00f8tt som krever pene skiver<\/td><\/tr><tr><td>S\u00f8knad<\/td><td>Kj\u00f8ttbehandlingsanlegg, stor produksjon<\/td><td>Sentrale kj\u00f8kken, delikatessebutikker<\/td><\/tr><tr><td>N\u00f8kkelfordel<\/td><td>Sterk kraft, h\u00f8yere h\u00e5ndteringskapasitet<\/td><td>Dobbel-b\u00e5nd design, <br>mer jevne og attraktive skiver<\/td><\/tr><\/tbody><\/table><\/figure>   <div class=\"wp-block-image\"> <figure class=\"aligncenter size-full\"><img loading=\"lazy\" decoding=\"async\" width=\"720\" height=\"540\" src=\"https:\/\/www.meatprocessingmachine.org\/wp-content\/uploads\/2026\/02\/Commercial-Cooked-Meat-Slicer.webp\" alt=\"Kommersiell kokt kj\u00f8ttskiver\" class=\"wp-image-34753\" title=\"\" srcset=\"https:\/\/www.meatprocessingmachine.org\/wp-content\/uploads\/2026\/02\/Commercial-Cooked-Meat-Slicer.webp 720w, https:\/\/www.meatprocessingmachine.org\/wp-content\/uploads\/2026\/02\/Commercial-Cooked-Meat-Slicer-300x225.webp 300w, https:\/\/www.meatprocessingmachine.org\/wp-content\/uploads\/2026\/02\/Commercial-Cooked-Meat-Slicer-16x12.webp 16w\" sizes=\"auto, (max-width: 720px) 100vw, 720px\" \/><figcaption class=\"wp-element-caption\">Kommersiell kokt kj\u00f8ttskiver<\/figcaption><\/figure> <\/div>   <p class=\"translation-block\"><strong>Utvalgsguide<\/strong><\/p>    <ul class=\"wp-block-list\"> <li>Hvis du bearbeider store kj\u00f8ttstykker og trenger mer kraft og h\u00f8yere stabilitet, anbefales ZY-140 kokt kj\u00f8ttskiver. Den passer bedre for kj\u00f8ttbearbeidingsanlegg og stor produksjon.<\/li>    <li>Hvis du fokuserer mer p\u00e5 pene skiver og utseende p\u00e5 produktene, og foretrekker jevnere drift med antiskli-ytelse, anbefales ZY-120 dobbel-b\u00e5nd kokt kj\u00f8ttskiver maskin. Den er ideell for sentrale kj\u00f8kken og delikatessebutikker.<\/li> <\/ul>   <div class=\"wp-block-image\"> <figure class=\"aligncenter size-full\"><img loading=\"lazy\" decoding=\"async\" width=\"720\" height=\"540\" src=\"https:\/\/www.meatprocessingmachine.org\/wp-content\/uploads\/2026\/02\/Cooked-Meat-Slicing-Machine.webp\" alt=\"Kokt kj\u00f8ttskivemaskin\" class=\"wp-image-34759\" title=\"\" srcset=\"https:\/\/www.meatprocessingmachine.org\/wp-content\/uploads\/2026\/02\/Cooked-Meat-Slicing-Machine.webp 720w, https:\/\/www.meatprocessingmachine.org\/wp-content\/uploads\/2026\/02\/Cooked-Meat-Slicing-Machine-300x225.webp 300w, https:\/\/www.meatprocessingmachine.org\/wp-content\/uploads\/2026\/02\/Cooked-Meat-Slicing-Machine-16x12.webp 16w\" sizes=\"auto, (max-width: 720px) 100vw, 720px\" \/><figcaption class=\"wp-element-caption\">Kokt kj\u00f8ttskivemaskin<\/figcaption><\/figure> <\/div>   <h2 class=\"wp-block-heading\">Kvifor velje Taizy?<\/h2>    <p>\u00c5 velge en Taizy-kokt kj\u00f8ttskiver gir deg flere garantier:<\/p>    <ul class=\"wp-block-list\"> <li><strong>Autoriserte sertifiseringer:<\/strong> V\u00e5re produkter har ISO9001 kvalitetsledelsessystemsertifisering, CE-sertifisering og inspeksjoner av internasjonale myndigheter som SGS og TUV, noe som sikrer p\u00e5litelig kvalitet.<\/li>    <li><strong>Omfattende garanti:<\/strong> Hele maskinen kommer med ett \u00e5rs garanti, med prioritert dekning for kjernekomponenter, som gir deg trygghet.<\/li>    <li><strong>Full etter-salgs st\u00f8tte:<\/strong> <ul class=\"wp-block-list\"> <li>Detaljerte installasjonsmanualar<\/li>    <li>Fjernveiledning for oppsett via video<\/li>    <li>Montering p\u00e5 stedet og igangkj\u00f8ring av ingeni\u00f8rer<\/li>    <li>Langsiktig teknisk st\u00f8tte<\/li> <\/ul> <\/li>    <li><strong>Kontinuerlig st\u00f8tte:<\/strong> Livslang teknisk st\u00f8tte og reservedelsforsyning sikrer at utstyret ditt fungerer stabilt over lang tid.<\/li> <\/ul>    <p class=\"translation-block\">Taizy forplikter seg til \u00e5 levere kj\u00f8ttbehandlingsutstyr av h\u00f8y kvalitet og utmerket etter-salgs service over hele verden. I tillegg til den kokte kj\u00f8ttskiver, tilbyr vi en rekke kj\u00f8ttbehandlingsmaskiner, inkludert <strong><a href=\"https:\/\/www.meatprocessingmachine.org\/nn\/meat-slicing-machine.html\/\">friskt kj\u00f8ttskiver<\/a><\/strong>, <strong><a href=\"https:\/\/www.meatprocessingmachine.org\/nn\/animal-bone-crushing-machine.html\/\">beinknusere<\/a><\/strong>, <strong><a href=\"https:\/\/www.meatprocessingmachine.org\/nn\/meat-dehydrator-dryer-oven-machine-for-beef-jerky.html\/\">kj\u00f8ttt\u00f8rkere<\/a><\/strong>, og mer, som hjelper bedrifter \u00e5 oppn\u00e5 effektiv, stabil og stor produksjon.<\/p>    <figure class=\"wp-block-gallery has-nested-images columns-default is-cropped wp-block-gallery-5 is-layout-flex wp-block-gallery-is-layout-flex\"> <figure class=\"wp-block-image size-large\"><img loading=\"lazy\" decoding=\"async\" width=\"720\" height=\"540\" data-id=\"34649\" src=\"https:\/\/www.meatprocessingmachine.org\/wp-content\/uploads\/2026\/02\/Meat-Slicing-Machine-For-Sale.webp\" alt=\"Kj\u00f8tth\u00f8velmaskin til salgs\" class=\"wp-image-34649\" title=\"\" srcset=\"https:\/\/www.meatprocessingmachine.org\/wp-content\/uploads\/2026\/02\/Meat-Slicing-Machine-For-Sale.webp 720w, https:\/\/www.meatprocessingmachine.org\/wp-content\/uploads\/2026\/02\/Meat-Slicing-Machine-For-Sale-300x225.webp 300w, https:\/\/www.meatprocessingmachine.org\/wp-content\/uploads\/2026\/02\/Meat-Slicing-Machine-For-Sale-16x12.webp 16w\" sizes=\"auto, (max-width: 720px) 100vw, 720px\" \/><figcaption class=\"wp-element-caption\">Kj\u00f8tth\u00f8velmaskin til salgs<\/figcaption><\/figure>    <figure class=\"wp-block-image size-large\"><img loading=\"lazy\" decoding=\"async\" width=\"720\" height=\"540\" data-id=\"34674\" src=\"https:\/\/www.meatprocessingmachine.org\/wp-content\/uploads\/2021\/10\/Meat-Dryer-Machine-Factory.webp\" alt=\"Kj\u00f8ttt\u00f8rkemaskinfabrikk\" class=\"wp-image-34674\" title=\"\" srcset=\"https:\/\/www.meatprocessingmachine.org\/wp-content\/uploads\/2021\/10\/Meat-Dryer-Machine-Factory.webp 720w, https:\/\/www.meatprocessingmachine.org\/wp-content\/uploads\/2021\/10\/Meat-Dryer-Machine-Factory-300x225.webp 300w, https:\/\/www.meatprocessingmachine.org\/wp-content\/uploads\/2021\/10\/Meat-Dryer-Machine-Factory-16x12.webp 16w\" sizes=\"auto, (max-width: 720px) 100vw, 720px\" \/><figcaption class=\"wp-element-caption\">Kj\u00f8ttt\u00f8rkemaskinfabrikk<\/figcaption><\/figure> <\/figure>    <p>Hvis du ser etter en effektiv, stabil og holdbar stor-skala kokt kj\u00f8ttskiver, er Taizy et p\u00e5litelig valg.<\/p>","protected":false},"excerpt":{"rendered":"<p>The cooked meat slicer is an automatic machine for evenly slicing cooked meats, including braised meat, roast beef, grilled meat, and ham. Taizy\u2019s ZY-140 and ZY-120 dual-belt cooked meat slicer can process 500\u2013800\u202fkg per hour, with slice thickness adjustable from 1 to 50\u202fmm. They are ideal for central kitchens, meat processing plants, and large deli shops.<\/p>","protected":false},"author":1,"featured_media":34767,"parent":0,"template":"","product-type":[582,583,589],"class_list":["post-34751","product","type-product","status-publish","has-post-thumbnail","hentry","product-type-cattle-sheep","product-type-chicken-turkey","product-type-meat-cutting-machine"],"_links":{"self":[{"href":"https:\/\/www.meatprocessingmachine.org\/nn\/wp-json\/wp\/v2\/product\/34751","targetHints":{"allow":["GET"]}}],"collection":[{"href":"https:\/\/www.meatprocessingmachine.org\/nn\/wp-json\/wp\/v2\/product"}],"about":[{"href":"https:\/\/www.meatprocessingmachine.org\/nn\/wp-json\/wp\/v2\/types\/product"}],"author":[{"embeddable":true,"href":"https:\/\/www.meatprocessingmachine.org\/nn\/wp-json\/wp\/v2\/users\/1"}],"wp:featuredmedia":[{"embeddable":true,"href":"https:\/\/www.meatprocessingmachine.org\/nn\/wp-json\/wp\/v2\/media\/34767"}],"wp:attachment":[{"href":"https:\/\/www.meatprocessingmachine.org\/nn\/wp-json\/wp\/v2\/media?parent=34751"}],"wp:term":[{"taxonomy":"product-type","embeddable":true,"href":"https:\/\/www.meatprocessingmachine.org\/nn\/wp-json\/wp\/v2\/product-type?post=34751"}],"curies":[{"name":"wp","href":"https:\/\/api.w.org\/{rel}","templated":true}]}}