{"id":34770,"date":"2026-02-26T17:23:33","date_gmt":"2026-02-26T09:23:33","guid":{"rendered":"https:\/\/www.meatprocessingmachine.org\/?post_type=product&#038;p=34770"},"modified":"2026-03-03T09:56:44","modified_gmt":"2026-03-03T01:56:44","slug":"chicken-cutter","status":"publish","type":"product","link":"https:\/\/www.meatprocessingmachine.org\/nn\/chicken-cutter.html","title":{"rendered":"Kyllingkutter | Kj\u00f8ttkuttermaskin"},"content":{"rendered":"<div class=\"kk-star-ratings kksr-auto kksr-align-right kksr-valign-top\"     data-payload='{&quot;align&quot;:&quot;right&quot;,&quot;id&quot;:&quot;34770&quot;,&quot;slug&quot;:&quot;default&quot;,&quot;valign&quot;:&quot;top&quot;,&quot;ignore&quot;:&quot;&quot;,&quot;reference&quot;:&quot;auto&quot;,&quot;class&quot;:&quot;&quot;,&quot;count&quot;:&quot;0&quot;,&quot;legendonly&quot;:&quot;&quot;,&quot;readonly&quot;:&quot;&quot;,&quot;score&quot;:&quot;0&quot;,&quot;starsonly&quot;:&quot;&quot;,&quot;best&quot;:&quot;5&quot;,&quot;gap&quot;:&quot;5&quot;,&quot;greet&quot;:&quot;Rate this product&quot;,&quot;legend&quot;:&quot;0\\\/5 - (0 votes)&quot;,&quot;size&quot;:&quot;24&quot;,&quot;title&quot;:&quot;Chicken Cutter | Meat Cutter Machine&quot;,&quot;width&quot;:&quot;0&quot;,&quot;_legend&quot;:&quot;{score}\\\/{best} - ({count} {votes})&quot;,&quot;font_factor&quot;:&quot;1.25&quot;}'>              <div class=\"kksr-stars\">      <div class=\"kksr-stars-inactive\">             <div class=\"kksr-star\" data-star=\"1\" style=\"padding-right: 5px\">               <div class=\"kksr-icon\" style=\"width: 24px; height: 24px;\"><\/div>         <\/div>             <div class=\"kksr-star\" data-star=\"2\" style=\"padding-right: 5px\">               <div class=\"kksr-icon\" style=\"width: 24px; height: 24px;\"><\/div>         <\/div>             <div class=\"kksr-star\" data-star=\"3\" style=\"padding-right: 5px\">               <div class=\"kksr-icon\" style=\"width: 24px; height: 24px;\"><\/div>         <\/div>             <div class=\"kksr-star\" data-star=\"4\" style=\"padding-right: 5px\">               <div class=\"kksr-icon\" style=\"width: 24px; height: 24px;\"><\/div>         <\/div>             <div class=\"kksr-star\" data-star=\"5\" style=\"padding-right: 5px\">               <div class=\"kksr-icon\" style=\"width: 24px; height: 24px;\"><\/div>         <\/div>     <\/div>      <div class=\"kksr-stars-active\" style=\"width: 0px;\">             <div class=\"kksr-star\" style=\"padding-right: 5px\">               <div class=\"kksr-icon\" style=\"width: 24px; height: 24px;\"><\/div>         <\/div>             <div class=\"kksr-star\" style=\"padding-right: 5px\">               <div class=\"kksr-icon\" style=\"width: 24px; height: 24px;\"><\/div>         <\/div>             <div class=\"kksr-star\" style=\"padding-right: 5px\">               <div class=\"kksr-icon\" style=\"width: 24px; height: 24px;\"><\/div>         <\/div>             <div class=\"kksr-star\" style=\"padding-right: 5px\">               <div class=\"kksr-icon\" style=\"width: 24px; height: 24px;\"><\/div>         <\/div>             <div class=\"kksr-star\" style=\"padding-right: 5px\">               <div class=\"kksr-icon\" style=\"width: 24px; height: 24px;\"><\/div>         <\/div>     <\/div> <\/div>                   <div class=\"kksr-legend\" style=\"font-size: 19.2px;\">             <span class=\"kksr-muted\">Vurder dette produktet<\/span>     <\/div>     <\/div>  <p class=\"translation-block\">Den <strong><mark class=\"has-inline-color has-luminous-vivid-amber-color\">kyllingkutteren<\/mark><\/strong> er ein automatisk maskin for kutting av beinholdig kj\u00f8t og ferskt eller frosset kj\u00f8t. Den er mykje brukt i kj\u00f8tbehandlingsfabrikkar, sentralkj\u00f8kken og matdistribusjonssentra.<\/p>   <div class=\"wp-block-image\"> <figure class=\"aligncenter size-full\"><img loading=\"lazy\" decoding=\"async\" width=\"720\" height=\"540\" src=\"https:\/\/www.meatprocessingmachine.org\/wp-content\/uploads\/2026\/02\/Automatic-Chicken-Cutter.webp\" alt=\"Automatisk kyllingkutter\" class=\"wp-image-34778\" title=\"\" srcset=\"https:\/\/www.meatprocessingmachine.org\/wp-content\/uploads\/2026\/02\/Automatic-Chicken-Cutter.webp 720w, https:\/\/www.meatprocessingmachine.org\/wp-content\/uploads\/2026\/02\/Automatic-Chicken-Cutter-300x225.webp 300w, https:\/\/www.meatprocessingmachine.org\/wp-content\/uploads\/2026\/02\/Automatic-Chicken-Cutter-16x12.webp 16w\" sizes=\"auto, (max-width: 720px) 100vw, 720px\" \/><figcaption class=\"wp-element-caption\">Automatisk kyllingkutter<\/figcaption><\/figure> <\/div>   <p class=\"translation-block\">Kapassiteten er <strong><mark class=\"has-inline-color has-luminous-vivid-amber-color\">300\u2013800 kg\/t<\/mark><\/strong>. Den kan kutte kj\u00f8t i terningar, biter eller strimler. Kuttest\u00f8rrelsen er justerbar fr\u00e5 <strong><mark class=\"has-inline-color has-luminous-vivid-amber-color\">10\u201350 mm<\/mark><\/strong>. Tilpassa storleikar er tilgjengelege.<\/p>    <p>Maskina g\u00e5r fullt automatisk. Den fungerer smidig og effektivt. Heile maskina er i rustfritt st\u00e5l. Den oppfyller mattryggleikskrav. Den er korrosjonsbestandig og lett \u00e5 rengjere. Ideell for \u00e5 auke effektiviteten og redusere arbeidskostnader.<\/p>    <figure class=\"wp-block-embed is-type-video is-provider-youtube wp-block-embed-youtube wp-embed-aspect-16-9 wp-has-aspect-ratio\"><div class=\"wp-block-embed__wrapper\"> <iframe loading=\"lazy\" title=\"H\u00f8g-effektiv kyllingkutter | 300\u2013800 kg\/t automatisk kj\u00f8tth\u00f8vel\" width=\"500\" height=\"281\" src=\"https:\/\/www.youtube.com\/embed\/ouCp30TFoxg?feature=oembed\" frameborder=\"0\" allow=\"accelerometer; autoplay; clipboard-write; encrypted-media; gyroscope; picture-in-picture; web-share\" referrerpolicy=\"strict-origin-when-cross-origin\" allowfullscreen><\/iframe> <\/div><\/figure>    <h2 class=\"wp-block-heading\">Kva er funksjonane til Taizy kyllingkutteren?<\/h2>    <p class=\"translation-block\"><strong>Fullautomatisk drift<\/strong><\/p>    <ul class=\"wp-block-list\"> <li>Einsknappsstart. Enkel og rask \u00e5 bruke. Reduserer arbeidskraft og aukar produksjonseffektiviteten.<\/li> <\/ul>   <div class=\"wp-block-image\"> <figure class=\"aligncenter size-full\"><img loading=\"lazy\" decoding=\"async\" width=\"720\" height=\"540\" src=\"https:\/\/www.meatprocessingmachine.org\/wp-content\/uploads\/2026\/02\/Structure-of-the-Chicken-Cutter.webp\" alt=\"Struktur av kyllingkutteren\" class=\"wp-image-34777\" title=\"\" srcset=\"https:\/\/www.meatprocessingmachine.org\/wp-content\/uploads\/2026\/02\/Structure-of-the-Chicken-Cutter.webp 720w, https:\/\/www.meatprocessingmachine.org\/wp-content\/uploads\/2026\/02\/Structure-of-the-Chicken-Cutter-300x225.webp 300w, https:\/\/www.meatprocessingmachine.org\/wp-content\/uploads\/2026\/02\/Structure-of-the-Chicken-Cutter-16x12.webp 16w\" sizes=\"auto, (max-width: 720px) 100vw, 720px\" \/><figcaption class=\"wp-element-caption\">Struktur av kyllingkutteren<\/figcaption><\/figure> <\/div>   <p class=\"translation-block\"><strong>Fleksibel kutting<\/strong><\/p>    <ul class=\"wp-block-list\"> <li>Kuttest\u00f8rrelsen kan justerast etter produksjonsbehov. Det kan kutte kj\u00f8t i terningar, biter eller strimler med h\u00f8g presisjon. Det m\u00f8ter ulike prosesskrav.<\/li> <\/ul>    <figure class=\"wp-block-gallery has-nested-images columns-default is-cropped wp-block-gallery-2 is-layout-flex wp-block-gallery-is-layout-flex\"> <figure class=\"wp-block-image size-large\"><img loading=\"lazy\" decoding=\"async\" width=\"720\" height=\"540\" data-id=\"34771\" src=\"https:\/\/www.meatprocessingmachine.org\/wp-content\/uploads\/2026\/02\/Chicken-Chunks.webp\" alt=\"Kyllingbiter\" class=\"wp-image-34771\" title=\"\" srcset=\"https:\/\/www.meatprocessingmachine.org\/wp-content\/uploads\/2026\/02\/Chicken-Chunks.webp 720w, https:\/\/www.meatprocessingmachine.org\/wp-content\/uploads\/2026\/02\/Chicken-Chunks-300x225.webp 300w, https:\/\/www.meatprocessingmachine.org\/wp-content\/uploads\/2026\/02\/Chicken-Chunks-16x12.webp 16w\" sizes=\"auto, (max-width: 720px) 100vw, 720px\" \/><figcaption class=\"wp-element-caption\">Kyllingbiter<\/figcaption><\/figure>    <figure class=\"wp-block-image size-large\"><img loading=\"lazy\" decoding=\"async\" width=\"720\" height=\"540\" data-id=\"34600\" src=\"https:\/\/www.meatprocessingmachine.org\/wp-content\/uploads\/2026\/02\/rib-strips.webp\" alt=\"rib strips\" class=\"wp-image-34600\" title=\"\" srcset=\"https:\/\/www.meatprocessingmachine.org\/wp-content\/uploads\/2026\/02\/rib-strips.webp 720w, https:\/\/www.meatprocessingmachine.org\/wp-content\/uploads\/2026\/02\/rib-strips-300x225.webp 300w, https:\/\/www.meatprocessingmachine.org\/wp-content\/uploads\/2026\/02\/rib-strips-16x12.webp 16w\" sizes=\"auto, (max-width: 720px) 100vw, 720px\" \/><figcaption class=\"wp-element-caption\">Ribbestrimler<\/figcaption><\/figure>    <figure class=\"wp-block-image size-large\"><img loading=\"lazy\" decoding=\"async\" width=\"720\" height=\"540\" data-id=\"34773\" src=\"https:\/\/www.meatprocessingmachine.org\/wp-content\/uploads\/2026\/02\/Salmon-Chunks.webp\" alt=\"Laksbitar\" class=\"wp-image-34773\" title=\"\" srcset=\"https:\/\/www.meatprocessingmachine.org\/wp-content\/uploads\/2026\/02\/Salmon-Chunks.webp 720w, https:\/\/www.meatprocessingmachine.org\/wp-content\/uploads\/2026\/02\/Salmon-Chunks-300x225.webp 300w, https:\/\/www.meatprocessingmachine.org\/wp-content\/uploads\/2026\/02\/Salmon-Chunks-16x12.webp 16w\" sizes=\"auto, (max-width: 720px) 100vw, 720px\" \/><figcaption class=\"wp-element-caption\">Laksbitar<\/figcaption><\/figure> <\/figure>    <p class=\"translation-block\"><strong>Sterk beinholdig kutteevne<\/strong><\/p>    <ul class=\"wp-block-list\"> <li>Passar for ulike beinholdige kj\u00f8t. Kuttinga er rein og pen. Dei ferdige produkta er jamne.<\/li> <\/ul>    <p class=\"translation-block\"><strong>Matvaregodkjent rustfritt st\u00e5lstruktur<\/strong><\/p>    <ul class=\"wp-block-list\"> <li>Heile maskina har rustfrie st\u00e5lplater. Den er rust- og korrosjonsbestandig. Lett \u00e5 rengjere. Oppfyller hygienestandardar for matbehandling.<\/li> <\/ul>   <div class=\"wp-block-image\"> <figure class=\"aligncenter size-full\"><img loading=\"lazy\" decoding=\"async\" width=\"720\" height=\"540\" src=\"https:\/\/www.meatprocessingmachine.org\/wp-content\/uploads\/2026\/02\/Meat-Cutter-Machine.webp\" alt=\"Kj\u00f8tth\u00f8velmaskin\" class=\"wp-image-34782\" title=\"\" srcset=\"https:\/\/www.meatprocessingmachine.org\/wp-content\/uploads\/2026\/02\/Meat-Cutter-Machine.webp 720w, https:\/\/www.meatprocessingmachine.org\/wp-content\/uploads\/2026\/02\/Meat-Cutter-Machine-300x225.webp 300w, https:\/\/www.meatprocessingmachine.org\/wp-content\/uploads\/2026\/02\/Meat-Cutter-Machine-16x12.webp 16w\" sizes=\"auto, (max-width: 720px) 100vw, 720px\" \/><figcaption class=\"wp-element-caption\">Kj\u00f8tth\u00f8velmaskin<\/figcaption><\/figure> <\/div>   <h2 class=\"wp-block-heading\">Bruksomr\u00e5de<\/h2>    <p>Taizy kyllingkutter er eigna for mange r\u00e5materiale. Den kan behandle:<\/p>    <ul class=\"wp-block-list\"> <li><strong>Fuglar<\/strong>: Kylling, and, frosset kylling og anna fj\u00f8rfe kj\u00f8t.<\/li>    <li><strong>Kj\u00f8t og produkt fr\u00e5 husdyr<\/strong>: R\u00f8yr, sm\u00e5dyrebone, frosset kj\u00f8t, ferskt kj\u00f8t og liknande produkt.<\/li>    <li><strong>Sj\u00f8mat<\/strong>: Fisk og andre ingrediensar med eller utan bein.<\/li> <\/ul>    <figure class=\"wp-block-gallery has-nested-images columns-default is-cropped wp-block-gallery-3 is-layout-flex wp-block-gallery-is-layout-flex\"> <figure class=\"wp-block-image size-large\"><img loading=\"lazy\" decoding=\"async\" width=\"720\" height=\"540\" data-id=\"34775\" src=\"https:\/\/www.meatprocessingmachine.org\/wp-content\/uploads\/2026\/02\/Whole-Chicken.webp\" alt=\"Heilt kylling\" class=\"wp-image-34775\" title=\"\" srcset=\"https:\/\/www.meatprocessingmachine.org\/wp-content\/uploads\/2026\/02\/Whole-Chicken.webp 720w, https:\/\/www.meatprocessingmachine.org\/wp-content\/uploads\/2026\/02\/Whole-Chicken-300x225.webp 300w, https:\/\/www.meatprocessingmachine.org\/wp-content\/uploads\/2026\/02\/Whole-Chicken-16x12.webp 16w\" sizes=\"auto, (max-width: 720px) 100vw, 720px\" \/><figcaption class=\"wp-element-caption\">Heilt kylling<\/figcaption><\/figure>    <figure class=\"wp-block-image size-large\"><img loading=\"lazy\" decoding=\"async\" width=\"720\" height=\"540\" data-id=\"34776\" src=\"https:\/\/www.meatprocessingmachine.org\/wp-content\/uploads\/2026\/02\/Whole-Duck.webp\" alt=\"Heilt and\" class=\"wp-image-34776\" title=\"\" srcset=\"https:\/\/www.meatprocessingmachine.org\/wp-content\/uploads\/2026\/02\/Whole-Duck.webp 720w, https:\/\/www.meatprocessingmachine.org\/wp-content\/uploads\/2026\/02\/Whole-Duck-300x225.webp 300w, https:\/\/www.meatprocessingmachine.org\/wp-content\/uploads\/2026\/02\/Whole-Duck-16x12.webp 16w\" sizes=\"auto, (max-width: 720px) 100vw, 720px\" \/><figcaption class=\"wp-element-caption\">Heilt and<\/figcaption><\/figure>    <figure class=\"wp-block-image size-large\"><img loading=\"lazy\" decoding=\"async\" width=\"720\" height=\"540\" data-id=\"34601\" src=\"https:\/\/www.meatprocessingmachine.org\/wp-content\/uploads\/2026\/02\/uncut-meaty-ribs.webp\" alt=\"Ukutte kj\u00f8tfulle ribber\" class=\"wp-image-34601\" title=\"\" srcset=\"https:\/\/www.meatprocessingmachine.org\/wp-content\/uploads\/2026\/02\/uncut-meaty-ribs.webp 720w, https:\/\/www.meatprocessingmachine.org\/wp-content\/uploads\/2026\/02\/uncut-meaty-ribs-300x225.webp 300w, https:\/\/www.meatprocessingmachine.org\/wp-content\/uploads\/2026\/02\/uncut-meaty-ribs-16x12.webp 16w\" sizes=\"auto, (max-width: 720px) 100vw, 720px\" \/><figcaption class=\"wp-element-caption\">Ukutte kj\u00f8tfulle ribber<\/figcaption><\/figure>    <figure class=\"wp-block-image size-large\"><img loading=\"lazy\" decoding=\"async\" width=\"720\" height=\"540\" data-id=\"34723\" src=\"https:\/\/www.meatprocessingmachine.org\/wp-content\/uploads\/2026\/02\/Beef.webp\" alt=\"Okse\" class=\"wp-image-34723\" title=\"\" srcset=\"https:\/\/www.meatprocessingmachine.org\/wp-content\/uploads\/2026\/02\/Beef.webp 720w, https:\/\/www.meatprocessingmachine.org\/wp-content\/uploads\/2026\/02\/Beef-300x225.webp 300w, https:\/\/www.meatprocessingmachine.org\/wp-content\/uploads\/2026\/02\/Beef-16x12.webp 16w\" sizes=\"auto, (max-width: 720px) 100vw, 720px\" \/><figcaption class=\"wp-element-caption\">Okse<\/figcaption><\/figure>    <figure class=\"wp-block-image size-large\"><img loading=\"lazy\" decoding=\"async\" width=\"720\" height=\"540\" data-id=\"34772\" src=\"https:\/\/www.meatprocessingmachine.org\/wp-content\/uploads\/2026\/02\/Frozen-Meat.webp\" alt=\"Frosset kj\u00f8t\" class=\"wp-image-34772\" title=\"\" srcset=\"https:\/\/www.meatprocessingmachine.org\/wp-content\/uploads\/2026\/02\/Frozen-Meat.webp 720w, https:\/\/www.meatprocessingmachine.org\/wp-content\/uploads\/2026\/02\/Frozen-Meat-300x225.webp 300w, https:\/\/www.meatprocessingmachine.org\/wp-content\/uploads\/2026\/02\/Frozen-Meat-16x12.webp 16w\" sizes=\"auto, (max-width: 720px) 100vw, 720px\" \/><figcaption class=\"wp-element-caption\">Frosset kj\u00f8t<\/figcaption><\/figure>    <figure class=\"wp-block-image size-large\"><img loading=\"lazy\" decoding=\"async\" width=\"720\" height=\"540\" data-id=\"34774\" src=\"https:\/\/www.meatprocessingmachine.org\/wp-content\/uploads\/2026\/02\/Salmon.webp\" alt=\"Laks\" class=\"wp-image-34774\" title=\"\" srcset=\"https:\/\/www.meatprocessingmachine.org\/wp-content\/uploads\/2026\/02\/Salmon.webp 720w, https:\/\/www.meatprocessingmachine.org\/wp-content\/uploads\/2026\/02\/Salmon-300x225.webp 300w, https:\/\/www.meatprocessingmachine.org\/wp-content\/uploads\/2026\/02\/Salmon-16x12.webp 16w\" sizes=\"auto, (max-width: 720px) 100vw, 720px\" \/><figcaption class=\"wp-element-caption\">Laks<\/figcaption><\/figure> <\/figure>    <h2 class=\"wp-block-heading\">Fordelar med Taizy kyllingkutter<\/h2>    <div class=\"wp-block-columns is-layout-flex wp-container-core-columns-is-layout-9d6595d7 wp-block-columns-is-layout-flex\"> <div class=\"wp-block-column is-layout-flow wp-block-column-is-layout-flow\"> <p class=\"has-text-align-center translation-block\"><strong><mark class=\"has-inline-color has-luminous-vivid-amber-color\">H\u00f8g effektivitet<\/mark><\/strong><\/p>    <p>Produksjonskapasitet p\u00e5 300\u2013800\u202fkg\/t, eigna for sm\u00e5 til store matbehandlingsoperasjonar.<\/p> <\/div>    <div class=\"wp-block-column is-layout-flow wp-block-column-is-layout-flow\"> <p class=\"has-text-align-center translation-block\"><strong><mark class=\"has-inline-color has-luminous-vivid-amber-color\">Hygienisk og trygg<\/mark><\/strong><\/p>    <p>Heile maskina er laga av rustfritt st\u00e5l. Oppfyller krav for matkontakt, forhindrar krysskontaminasjon, og sikrar mattryggleik.<\/p> <\/div> <\/div>    <div class=\"wp-block-columns is-layout-flex wp-container-core-columns-is-layout-9d6595d7 wp-block-columns-is-layout-flex\"> <div class=\"wp-block-column is-layout-flow wp-block-column-is-layout-flow\"> <p class=\"has-text-align-center translation-block\"><strong><mark class=\"has-inline-color has-luminous-vivid-amber-color\">N\u00f8yaktig kutting<\/mark><\/strong><\/p>    <p>Justerbar kuttest\u00f8rrelse. Jamn produktforma forbetre produktkvalitet og marknads konkurranseevne.<\/p> <\/div>    <div class=\"wp-block-column is-layout-flow wp-block-column-is-layout-flow\"> <p class=\"has-text-align-center translation-block\"><strong><mark class=\"has-inline-color has-luminous-vivid-amber-color\">Enkel bruk<\/mark><\/strong><\/p>    <p>Automatisk modus reduserer krav til ferdigheiter, minimerer feil, og sikrar stabil produksjon.<\/p> <\/div> <\/div>    <div class=\"wp-block-columns is-layout-flex wp-container-core-columns-is-layout-9d6595d7 wp-block-columns-is-layout-flex\"> <div class=\"wp-block-column is-layout-flow wp-block-column-is-layout-flow\"> <p class=\"has-text-align-center translation-block\"><strong><mark class=\"has-inline-color has-luminous-vivid-amber-color\">Enkel vedlikehald<\/mark><\/strong><\/p>    <p>Modul\u00e6rt design med n\u00f8kkelkomponentar som er enkle \u00e5 fjerne og rengjere. Reduserer vedlikehaldskostnader og nedetid.<\/p> <\/div>    <div class=\"wp-block-column is-layout-flow wp-block-column-is-layout-flow\"> <p class=\"has-text-align-center translation-block\"><strong><mark class=\"has-inline-color has-luminous-vivid-amber-color\">Bred anvendingsomr\u00e5de<\/mark><\/strong><\/p>    <p>Handterer b\u00e5de beinholdig og beinlaus kj\u00f8t, fr\u00e5 ferskt og frosset kj\u00f8t til fj\u00f8rfe, husdyrbein og fisk. \u00c9in maskin dekkjer fleire prosessbehov, og aukar utstyrsutnyttinga mykje.<\/p> <\/div> <\/div>   <div class=\"wp-block-image\"> <figure class=\"aligncenter size-full\"><img loading=\"lazy\" decoding=\"async\" width=\"720\" height=\"540\" src=\"https:\/\/www.meatprocessingmachine.org\/wp-content\/uploads\/2026\/02\/Raw-Chicken-Cutter.webp\" alt=\"R\u00e5 kyllingkutter\" class=\"wp-image-34783\" title=\"\" srcset=\"https:\/\/www.meatprocessingmachine.org\/wp-content\/uploads\/2026\/02\/Raw-Chicken-Cutter.webp 720w, https:\/\/www.meatprocessingmachine.org\/wp-content\/uploads\/2026\/02\/Raw-Chicken-Cutter-300x225.webp 300w, https:\/\/www.meatprocessingmachine.org\/wp-content\/uploads\/2026\/02\/Raw-Chicken-Cutter-16x12.webp 16w\" sizes=\"auto, (max-width: 720px) 100vw, 720px\" \/><figcaption class=\"wp-element-caption\">R\u00e5 kyllingkutter<\/figcaption><\/figure> <\/div>   <h2 class=\"wp-block-heading\">Tekniske spesifikasjonar \u2013 Taizy Kyllingkutter<\/h2>    <figure class=\"wp-block-table\"><table class=\"has-fixed-layout\"><thead><tr><th>Parameter<\/th><th>Spesifikasjon<\/th><\/tr><\/thead><tbody><tr><td>Produksjonskapasitet<\/td><td>300\u2013800\u202fkg\/t<\/td><\/tr><tr><td>Kuttest\u00f8rrelse<\/td><td>10\u201350\u202fmm (tilpassbar)<\/td><\/tr><tr><td>Maskindimensjonar<\/td><td>Maskindimensjonar<\/td><\/tr><tr><td>Spenning<\/td><td>380\u202fV \/ 220\u202fV<\/td><\/tr><tr><td>Kraft<\/td><td>3\u202fkW \/ 5\u202fkW<\/td><\/tr><tr><td>Vekt<\/td><td>300\u202fkg<\/td><\/tr><tr><td>Beltbredde<\/td><td>300\u202fmm<\/td><\/tr><\/tbody><\/table><\/figure>   <div class=\"wp-block-image\"> <figure class=\"aligncenter size-full\"><img loading=\"lazy\" decoding=\"async\" width=\"720\" height=\"540\" src=\"https:\/\/www.meatprocessingmachine.org\/wp-content\/uploads\/2026\/02\/Bone-in-Chicken-Cutter-Machine.webp\" alt=\"Bein- og kyllingkuttermaskin\" class=\"wp-image-34779\" title=\"\" srcset=\"https:\/\/www.meatprocessingmachine.org\/wp-content\/uploads\/2026\/02\/Bone-in-Chicken-Cutter-Machine.webp 720w, https:\/\/www.meatprocessingmachine.org\/wp-content\/uploads\/2026\/02\/Bone-in-Chicken-Cutter-Machine-300x225.webp 300w, https:\/\/www.meatprocessingmachine.org\/wp-content\/uploads\/2026\/02\/Bone-in-Chicken-Cutter-Machine-16x12.webp 16w\" sizes=\"auto, (max-width: 720px) 100vw, 720px\" \/><figcaption class=\"wp-element-caption\">Bein- og kyllingkuttermaskin<\/figcaption><\/figure> <\/div>   <h2 class=\"wp-block-heading\">Kvifor velje Taizy?<\/h2>    <p>\u00c5 velje Taizy kyllingkutter betyr \u00e5 velje kvalitet, tryggleik og p\u00e5liteleg service.<\/p>    <p class=\"translation-block\"><strong>P\u00e5litelege internasjonale sertifiseringar<\/strong><\/p>    <ul class=\"wp-block-list\"> <li>Maskina har best\u00e5tt ISO9001 kvalitetsstyringssertifisering, CE-sikkerheitssertifisering, og internasjonal testing av SGS og TUV. Kvalitet og sikkerheit er garantert.<\/li> <\/ul>    <p class=\"translation-block\"><strong>Eit \u00e5rs garanti<\/strong><\/p>    <ul class=\"wp-block-list\"> <li>Heile maskina har eitt \u00e5rs garanti. Kjernekomponentar er p\u00e5litelege og slitesterke.<\/li> <\/ul>    <p class=\"translation-block\"><strong>Full etter-salgsst\u00f8tte<\/strong><\/p>    <ul class=\"wp-block-list\"> <li>Detaljert installasjonsmanual tilgjengeleg<\/li>    <li>Fjernstyrt video veiledning for installasjon og oppstart<\/li>    <li>Ingeni\u00f8rar kan sendast til staden etter kundens behov<\/li>    <li>Langsiktig teknisk st\u00f8tte og reservedelstilf\u00f8rsel<\/li> <\/ul>    <p>Taizy har mange \u00e5rs erfaring med matmaskineri. Vi fokuserer p\u00e5 \u00e5 tilby effektive, stabile og p\u00e5litelege kj\u00f8tbehandlingsl\u00f8ysingar, som hjelper bedrifter med \u00e5 oppn\u00e5 storproduksjon og betre produktkvalitet.<\/p>   <div class=\"wp-block-image\"> <figure class=\"aligncenter size-full\"><img loading=\"lazy\" decoding=\"async\" width=\"720\" height=\"540\" src=\"https:\/\/www.meatprocessingmachine.org\/wp-content\/uploads\/2026\/02\/Chicken-Cutting-Machine.webp\" alt=\"Kyllingkutter\" class=\"wp-image-34780\" title=\"\" srcset=\"https:\/\/www.meatprocessingmachine.org\/wp-content\/uploads\/2026\/02\/Chicken-Cutting-Machine.webp 720w, https:\/\/www.meatprocessingmachine.org\/wp-content\/uploads\/2026\/02\/Chicken-Cutting-Machine-300x225.webp 300w, https:\/\/www.meatprocessingmachine.org\/wp-content\/uploads\/2026\/02\/Chicken-Cutting-Machine-16x12.webp 16w\" sizes=\"auto, (max-width: 720px) 100vw, 720px\" \/><figcaption class=\"wp-element-caption\">Kyllingkutter<\/figcaption><\/figure> <\/div>   <p class=\"translation-block\">I tillegg til kyllingkutterar, tilbyr Taizy ogs\u00e5 <strong><a href=\"https:\/\/www.meatprocessingmachine.org\/nn\/meat-slicing-machine.html\/\">kj\u00f8tth\u00f8velar<\/a><\/strong>, <strong><a href=\"https:\/\/www.meatprocessingmachine.org\/nn\/rib-cutting-machine.html\/\">ribbeskj\u00e6ringsmaskiner<\/a><\/strong> og meir. For fleire modellar eller tilpassa l\u00f8ysingar, kontakt oss.<\/p>    <figure class=\"wp-block-gallery has-nested-images columns-default is-cropped wp-block-gallery-4 is-layout-flex wp-block-gallery-is-layout-flex\"> <figure class=\"wp-block-image size-large\"><img loading=\"lazy\" decoding=\"async\" width=\"720\" height=\"540\" data-id=\"34649\" src=\"https:\/\/www.meatprocessingmachine.org\/wp-content\/uploads\/2026\/02\/Meat-Slicing-Machine-For-Sale.webp\" alt=\"Kj\u00f8tth\u00f8velmaskin til salgs\" class=\"wp-image-34649\" title=\"\" srcset=\"https:\/\/www.meatprocessingmachine.org\/wp-content\/uploads\/2026\/02\/Meat-Slicing-Machine-For-Sale.webp 720w, https:\/\/www.meatprocessingmachine.org\/wp-content\/uploads\/2026\/02\/Meat-Slicing-Machine-For-Sale-300x225.webp 300w, https:\/\/www.meatprocessingmachine.org\/wp-content\/uploads\/2026\/02\/Meat-Slicing-Machine-For-Sale-16x12.webp 16w\" sizes=\"auto, (max-width: 720px) 100vw, 720px\" \/><figcaption class=\"wp-element-caption\">Kj\u00f8tth\u00f8velmaskin til salgs<\/figcaption><\/figure>    <figure class=\"wp-block-image size-large\"><img loading=\"lazy\" decoding=\"async\" width=\"720\" height=\"540\" data-id=\"34593\" src=\"https:\/\/www.meatprocessingmachine.org\/wp-content\/uploads\/2026\/02\/bone\u2011in-rib-cutting-machine.webp\" alt=\"beinskj\u00e6ringsmaskin\" class=\"wp-image-34593\" title=\"\" srcset=\"https:\/\/www.meatprocessingmachine.org\/wp-content\/uploads\/2026\/02\/bone\u2011in-rib-cutting-machine.webp 720w, https:\/\/www.meatprocessingmachine.org\/wp-content\/uploads\/2026\/02\/bone\u2011in-rib-cutting-machine-300x225.webp 300w, https:\/\/www.meatprocessingmachine.org\/wp-content\/uploads\/2026\/02\/bone\u2011in-rib-cutting-machine-16x12.webp 16w\" sizes=\"auto, (max-width: 720px) 100vw, 720px\" \/><figcaption class=\"wp-element-caption\">Bein\u2011In Ribbe-kutter<\/figcaption><\/figure> <\/figure>","protected":false},"excerpt":{"rendered":"<p>The chicken cutter is an automatic machine for cutting bone-in meat and fresh or frozen meat. It is widely used in meat processing plants, central kitchens, and food distribution centers.<\/p>","protected":false},"author":1,"featured_media":34784,"parent":0,"template":"","product-type":[583,589],"class_list":["post-34770","product","type-product","status-publish","has-post-thumbnail","hentry","product-type-chicken-turkey","product-type-meat-cutting-machine"],"_links":{"self":[{"href":"https:\/\/www.meatprocessingmachine.org\/nn\/wp-json\/wp\/v2\/product\/34770","targetHints":{"allow":["GET"]}}],"collection":[{"href":"https:\/\/www.meatprocessingmachine.org\/nn\/wp-json\/wp\/v2\/product"}],"about":[{"href":"https:\/\/www.meatprocessingmachine.org\/nn\/wp-json\/wp\/v2\/types\/product"}],"author":[{"embeddable":true,"href":"https:\/\/www.meatprocessingmachine.org\/nn\/wp-json\/wp\/v2\/users\/1"}],"wp:featuredmedia":[{"embeddable":true,"href":"https:\/\/www.meatprocessingmachine.org\/nn\/wp-json\/wp\/v2\/media\/34784"}],"wp:attachment":[{"href":"https:\/\/www.meatprocessingmachine.org\/nn\/wp-json\/wp\/v2\/media?parent=34770"}],"wp:term":[{"taxonomy":"product-type","embeddable":true,"href":"https:\/\/www.meatprocessingmachine.org\/nn\/wp-json\/wp\/v2\/product-type?post=34770"}],"curies":[{"name":"wp","href":"https:\/\/api.w.org\/{rel}","templated":true}]}}