{"id":34827,"date":"2026-02-28T16:51:49","date_gmt":"2026-02-28T08:51:49","guid":{"rendered":"https:\/\/www.meatprocessingmachine.org\/?post_type=product&#038;p=34827"},"modified":"2026-02-28T16:51:50","modified_gmt":"2026-02-28T08:51:50","slug":"large-fresh-meat-slicer","status":"publish","type":"product","link":"https:\/\/www.meatprocessingmachine.org\/nn\/large-fresh-meat-slicer.html","title":{"rendered":"Stor fersk kj\u00f8ttskj\u00e6rer"},"content":{"rendered":"<div class=\"kk-star-ratings kksr-auto kksr-align-right kksr-valign-top\"     data-payload='{&quot;align&quot;:&quot;right&quot;,&quot;id&quot;:&quot;34827&quot;,&quot;slug&quot;:&quot;default&quot;,&quot;valign&quot;:&quot;top&quot;,&quot;ignore&quot;:&quot;&quot;,&quot;reference&quot;:&quot;auto&quot;,&quot;class&quot;:&quot;&quot;,&quot;count&quot;:&quot;2&quot;,&quot;legendonly&quot;:&quot;&quot;,&quot;readonly&quot;:&quot;&quot;,&quot;score&quot;:&quot;5&quot;,&quot;starsonly&quot;:&quot;&quot;,&quot;best&quot;:&quot;5&quot;,&quot;gap&quot;:&quot;5&quot;,&quot;greet&quot;:&quot;Rate this product&quot;,&quot;legend&quot;:&quot;5\\\/5 - (2 votes)&quot;,&quot;size&quot;:&quot;24&quot;,&quot;title&quot;:&quot;Large Fresh Meat Slicer&quot;,&quot;width&quot;:&quot;142.5&quot;,&quot;_legend&quot;:&quot;{score}\\\/{best} - ({count} {votes})&quot;,&quot;font_factor&quot;:&quot;1.25&quot;}'>              <div class=\"kksr-stars\">      <div class=\"kksr-stars-inactive\">             <div class=\"kksr-star\" data-star=\"1\" style=\"padding-right: 5px\">               <div class=\"kksr-icon\" style=\"width: 24px; height: 24px;\"><\/div>         <\/div>             <div class=\"kksr-star\" data-star=\"2\" style=\"padding-right: 5px\">               <div class=\"kksr-icon\" style=\"width: 24px; height: 24px;\"><\/div>         <\/div>             <div class=\"kksr-star\" data-star=\"3\" style=\"padding-right: 5px\">               <div class=\"kksr-icon\" style=\"width: 24px; height: 24px;\"><\/div>         <\/div>             <div class=\"kksr-star\" data-star=\"4\" style=\"padding-right: 5px\">               <div class=\"kksr-icon\" style=\"width: 24px; height: 24px;\"><\/div>         <\/div>             <div class=\"kksr-star\" data-star=\"5\" style=\"padding-right: 5px\">               <div class=\"kksr-icon\" style=\"width: 24px; height: 24px;\"><\/div>         <\/div>     <\/div>      <div class=\"kksr-stars-active\" style=\"width: 142.5px;\">             <div class=\"kksr-star\" style=\"padding-right: 5px\">               <div class=\"kksr-icon\" style=\"width: 24px; height: 24px;\"><\/div>         <\/div>             <div class=\"kksr-star\" style=\"padding-right: 5px\">               <div class=\"kksr-icon\" style=\"width: 24px; height: 24px;\"><\/div>         <\/div>             <div class=\"kksr-star\" style=\"padding-right: 5px\">               <div class=\"kksr-icon\" style=\"width: 24px; height: 24px;\"><\/div>         <\/div>             <div class=\"kksr-star\" style=\"padding-right: 5px\">               <div class=\"kksr-icon\" style=\"width: 24px; height: 24px;\"><\/div>         <\/div>             <div class=\"kksr-star\" style=\"padding-right: 5px\">               <div class=\"kksr-icon\" style=\"width: 24px; height: 24px;\"><\/div>         <\/div>     <\/div> <\/div>                   <div class=\"kksr-legend\" style=\"font-size: 19.2px;\">             5\/5 - (2 stemmer)    <\/div>     <\/div>  <p class=\"translation-block\">Den <strong><mark class=\"has-inline-color has-luminous-vivid-amber-color\">store ferske kj\u00f8ttskiver<\/mark><\/strong> er en industriell matbehandlingsmaskin designet for effektiv skj\u00e6ring av ferskt kj\u00f8tt i jevn tykkelse.<\/p>   <div class=\"wp-block-image\"> <figure class=\"aligncenter size-full\"><img loading=\"lazy\" decoding=\"async\" width=\"720\" height=\"540\" src=\"https:\/\/www.meatprocessingmachine.org\/wp-content\/uploads\/2026\/02\/Large-Fresh-Meat-Slicer.webp\" alt=\"Stor fersk kj\u00f8ttskj\u00e6rer\" class=\"wp-image-34832\" title=\"\" srcset=\"https:\/\/www.meatprocessingmachine.org\/wp-content\/uploads\/2026\/02\/Large-Fresh-Meat-Slicer.webp 720w, https:\/\/www.meatprocessingmachine.org\/wp-content\/uploads\/2026\/02\/Large-Fresh-Meat-Slicer-300x225.webp 300w, https:\/\/www.meatprocessingmachine.org\/wp-content\/uploads\/2026\/02\/Large-Fresh-Meat-Slicer-16x12.webp 16w\" sizes=\"auto, (max-width: 720px) 100vw, 720px\" \/><figcaption class=\"wp-element-caption\">Stor fersk kj\u00f8ttskj\u00e6rer<\/figcaption><\/figure> <\/div>   <p class=\"translation-block\">Taizy tilbyr to kjerne modeller: CY-QP180 og CY-QP200, med produksjonskapasiteter p\u00e5 <strong><mark class=\"has-inline-color has-luminous-vivid-amber-color\">500\u202fkg\/h<\/mark><\/strong> og <strong><mark class=\"has-inline-color has-luminous-vivid-amber-color\">800\u20131000\u202fkg\/h<\/mark>,<\/strong> henholdsvis. Skiveren st\u00f8tter justerbar tykkelse fra <strong><mark class=\"has-inline-color has-luminous-vivid-amber-color\">2\u201330\u202fmm<\/mark><\/strong>, og kan utf\u00f8re flerfunksjonell behandling, inkludert skj\u00e6ring og sekund\u00e6r kutting i strimler.<\/p>    <p>Maskinen er laget helt av 304 rustfritt st\u00e5l og har et modul\u00e6rt design med utskiftbart bladavstand, som m\u00f8ter behovene for stor-skala kj\u00f8ttbehandling og forbedrer effektiviteten og produktstandardiseringen betydelig.<\/p>    <h2 class=\"wp-block-heading\">Funksjoner til den store ferske kj\u00f8ttskiveren<\/h2>    <ul class=\"wp-block-list\"> <li><strong>H\u00f8y produksjonskapasitet<\/strong>: Behandler opptil 1000\u202fkg kj\u00f8tt per time, og \u00f8ker effektiviteten med 8\u201310 ganger sammenlignet med manuell skj\u00e6ring.<\/li>    <li><strong>Allsidig<\/strong>: Egnet for skj\u00e6ring av svin, storfe, lam og annet ferskt kj\u00f8tt.<\/li>    <li><strong>Flere skj\u00e6ringsstiler<\/strong>: St\u00f8tter prim\u00e6rskj\u00e6ring og sekund\u00e6r kutting i strimler i ett kontinuerlig prosess. Ingen ekstra utstyr n\u00f8dvendig.<\/li>    <li><strong>Justerbar Skivetykkelse<\/strong>: Bladeavstand er utskiftbar. Skivetykkelsen kan justeres fleksibelt fra 2 til 30\u202fmm.<\/li>    <li><strong>Enkelt \u00e5 betjene<\/strong>: Brukervennlig kontrollsystem som gir stabil og kontinuerlig drift.<\/li> <\/ul>   <div class=\"wp-block-image\"> <figure class=\"aligncenter size-full\"><img loading=\"lazy\" decoding=\"async\" width=\"720\" height=\"540\" src=\"https:\/\/www.meatprocessingmachine.org\/wp-content\/uploads\/2026\/02\/Large-Fresh-Meat-Slicer-for-Beef-Pork-Lamb-and-Chicken.webp\" alt=\"Stor fersk kj\u00f8ttskiver for storfe, svin, lam og kylling\" class=\"wp-image-34831\" title=\"\" srcset=\"https:\/\/www.meatprocessingmachine.org\/wp-content\/uploads\/2026\/02\/Large-Fresh-Meat-Slicer-for-Beef-Pork-Lamb-and-Chicken.webp 720w, https:\/\/www.meatprocessingmachine.org\/wp-content\/uploads\/2026\/02\/Large-Fresh-Meat-Slicer-for-Beef-Pork-Lamb-and-Chicken-300x225.webp 300w, https:\/\/www.meatprocessingmachine.org\/wp-content\/uploads\/2026\/02\/Large-Fresh-Meat-Slicer-for-Beef-Pork-Lamb-and-Chicken-16x12.webp 16w\" sizes=\"auto, (max-width: 720px) 100vw, 720px\" \/><figcaption class=\"wp-element-caption\">Stor fersk kj\u00f8ttskiver for storfe, svin, lam og kylling<\/figcaption><\/figure> <\/div>   <h2 class=\"wp-block-heading\">Anvendelige r\u00e5varer<\/h2>    <p>Egnet for skj\u00e6ring av ulike typer ferskt kj\u00f8tt, inkludert:<\/p>    <ul class=\"wp-block-list\"> <li>Storfe og lam<\/li>    <li>Svin<\/li>    <li>Kylling og annet fj\u00e6rfe<\/li>    <li>Frossent eller kj\u00f8lt kj\u00f8ttblokker<\/li>    <li>Andre kommersielle eller industrielle bearbeidede kj\u00f8ttvarer<\/li> <\/ul>    <figure class=\"wp-block-gallery has-nested-images columns-default is-cropped wp-block-gallery-2 is-layout-flex wp-block-gallery-is-layout-flex\"> <figure class=\"wp-block-image size-large\"><img loading=\"lazy\" decoding=\"async\" width=\"720\" height=\"540\" data-id=\"34723\" src=\"https:\/\/www.meatprocessingmachine.org\/wp-content\/uploads\/2026\/02\/Beef.webp\" alt=\"Okse\" class=\"wp-image-34723\" title=\"\" srcset=\"https:\/\/www.meatprocessingmachine.org\/wp-content\/uploads\/2026\/02\/Beef.webp 720w, https:\/\/www.meatprocessingmachine.org\/wp-content\/uploads\/2026\/02\/Beef-300x225.webp 300w, https:\/\/www.meatprocessingmachine.org\/wp-content\/uploads\/2026\/02\/Beef-16x12.webp 16w\" sizes=\"auto, (max-width: 720px) 100vw, 720px\" \/><figcaption class=\"wp-element-caption\">Okse<\/figcaption><\/figure>    <figure class=\"wp-block-image size-large\"><img loading=\"lazy\" decoding=\"async\" width=\"720\" height=\"540\" data-id=\"34724\" src=\"https:\/\/www.meatprocessingmachine.org\/wp-content\/uploads\/2026\/02\/Lamb.webp\" alt=\"Lam\" class=\"wp-image-34724\" title=\"\" srcset=\"https:\/\/www.meatprocessingmachine.org\/wp-content\/uploads\/2026\/02\/Lamb.webp 720w, https:\/\/www.meatprocessingmachine.org\/wp-content\/uploads\/2026\/02\/Lamb-300x225.webp 300w, https:\/\/www.meatprocessingmachine.org\/wp-content\/uploads\/2026\/02\/Lamb-16x12.webp 16w\" sizes=\"auto, (max-width: 720px) 100vw, 720px\" \/><figcaption class=\"wp-element-caption\">Lam<\/figcaption><\/figure>    <figure class=\"wp-block-image size-large\"><img loading=\"lazy\" decoding=\"async\" width=\"720\" height=\"540\" data-id=\"34772\" src=\"https:\/\/www.meatprocessingmachine.org\/wp-content\/uploads\/2026\/02\/Frozen-Meat.webp\" alt=\"Frosset kj\u00f8t\" class=\"wp-image-34772\" title=\"\" srcset=\"https:\/\/www.meatprocessingmachine.org\/wp-content\/uploads\/2026\/02\/Frozen-Meat.webp 720w, https:\/\/www.meatprocessingmachine.org\/wp-content\/uploads\/2026\/02\/Frozen-Meat-300x225.webp 300w, https:\/\/www.meatprocessingmachine.org\/wp-content\/uploads\/2026\/02\/Frozen-Meat-16x12.webp 16w\" sizes=\"auto, (max-width: 720px) 100vw, 720px\" \/><figcaption class=\"wp-element-caption\">Frosset kj\u00f8t<\/figcaption><\/figure> <\/figure>    <h2 class=\"wp-block-heading\">Fordeler med den store industrielle ferske kj\u00f8ttskiver<\/h2>    <div class=\"wp-block-columns is-layout-flex wp-container-core-columns-is-layout-9d6595d7 wp-block-columns-is-layout-flex\"> <div class=\"wp-block-column is-layout-flow wp-block-column-is-layout-flow\"> <p class=\"has-text-align-center translation-block\"><strong><mark class=\"has-inline-color has-luminous-vivid-amber-color\">Sikre og holdbare materialer<\/mark><\/strong><\/p>    <p>Laget helt av matgodkjent 304 rustfritt st\u00e5l. Oppfyller mattrygghetsstandarder, korrosjonsbestandig, lett \u00e5 rengj\u00f8re, reduserer kj\u00f8ttrester og bakterievekst, og forlenger levetiden. Ideell for h\u00f8yfrekvent industriell produksjon.<\/p> <\/div>    <div class=\"wp-block-column is-layout-flow wp-block-column-is-layout-flow\"> <p class=\"has-text-align-center translation-block\"><strong><mark class=\"has-inline-color has-luminous-vivid-amber-color\">H\u00f8y effektivitet og energisparing<\/mark><\/strong><\/p>    <p>To modeller med kapasitet p\u00e5 500\u202fkg\/h og 800\u20131000\u202fkg\/h, som bruker henholdsvis 750\u202fW og 1500\u202fW. St\u00f8tter 24-timers kontinuerlig drift, gir h\u00f8y utgang og sparer energi.<\/p> <\/div> <\/div>    <div class=\"wp-block-columns is-layout-flex wp-container-core-columns-is-layout-9d6595d7 wp-block-columns-is-layout-flex\"> <div class=\"wp-block-column is-layout-flow wp-block-column-is-layout-flow\"> <p class=\"has-text-align-center translation-block\"><strong><mark class=\"has-inline-color has-luminous-vivid-amber-color\">Fleksibel drift<\/mark><\/strong><\/p>    <p>Bladavstand er justerbar. Skivetykkelsen kan kontrolleres n\u00f8yaktig. Enkel \u00e5 sette opp og betjene uten spesialisert personell. Egnet for kj\u00f8ttbehandlingsfabrikker og stor-skala catering.<\/p> <\/div>    <div class=\"wp-block-column is-layout-flow wp-block-column-is-layout-flow\"> <p class=\"has-text-align-center translation-block\"><strong><mark class=\"has-inline-color has-luminous-vivid-amber-color\">Kompakt struktur og enkel vedlikehold<\/mark><\/strong><\/p>    <p>Plassbesparende design. Modul\u00e6re komponenter gj\u00f8r det enkelt \u00e5 demontere og rengj\u00f8re, noe som reduserer vedlikeholdskostnader og nedetid.<\/p> <\/div> <\/div>    <div class=\"wp-block-columns is-layout-flex wp-container-core-columns-is-layout-9d6595d7 wp-block-columns-is-layout-flex\"> <div class=\"wp-block-column is-layout-flow wp-block-column-is-layout-flow\"> <p class=\"has-text-align-center translation-block\"><strong><mark class=\"has-inline-color has-luminous-vivid-amber-color\">Stabil og sikker drift<\/mark><\/strong><\/p>    <p>Moden mekanisk overf\u00f8ring sikrer jevn, lavst\u00f8y drift. Flere sikkerhetsbeskyttelser garanterer operat\u00f8rsikkerhet.<\/p> <\/div>    <div class=\"wp-block-column is-layout-flow wp-block-column-is-layout-flow\"> <p class=\"has-text-align-center translation-block\"><strong><mark class=\"has-inline-color has-luminous-vivid-amber-color\">H\u00f8y effektivitet og energisparing<\/mark><\/strong><\/p>    <p>Den store ferske kj\u00f8ttskiveren gir h\u00f8y utgang med lavt energiforbruk, st\u00f8tter kontinuerlig 24-timers drift, noe som maksimerer produktiviteten og reduserer energikostnader.<\/p> <\/div> <\/div>   <div class=\"wp-block-image\"> <figure class=\"aligncenter size-full\"><img loading=\"lazy\" decoding=\"async\" width=\"720\" height=\"540\" src=\"https:\/\/www.meatprocessingmachine.org\/wp-content\/uploads\/2026\/02\/Industrial-Fresh-Meat-Slicer.webp\" alt=\"Industriell fersk kj\u00f8ttskiver\" class=\"wp-image-34830\" title=\"\" srcset=\"https:\/\/www.meatprocessingmachine.org\/wp-content\/uploads\/2026\/02\/Industrial-Fresh-Meat-Slicer.webp 720w, https:\/\/www.meatprocessingmachine.org\/wp-content\/uploads\/2026\/02\/Industrial-Fresh-Meat-Slicer-300x225.webp 300w, https:\/\/www.meatprocessingmachine.org\/wp-content\/uploads\/2026\/02\/Industrial-Fresh-Meat-Slicer-16x12.webp 16w\" sizes=\"auto, (max-width: 720px) 100vw, 720px\" \/><figcaption class=\"wp-element-caption\">Industriell fersk kj\u00f8ttskiver<\/figcaption><\/figure> <\/div>   <h2 class=\"wp-block-heading\">Technical Specifications &#8211; Large Fresh Meat Slicer<\/h2>    <figure class=\"wp-block-table\"><table class=\"has-fixed-layout\"><thead><tr><th>Modell<\/th><th>CY-QP180<\/th><th>CY-QP200<\/th><\/tr><\/thead><tbody><tr><td>Dimensjoner (L\u00d7B\u00d7H mm)<\/td><td>430 \u00d7 533 \u00d7 860<\/td><td>490 \u00d7 600 \u00d7 1025<\/td><\/tr><tr><td>Pakningsst\u00f8rrelse (mm)<\/td><td>587 \u00d7 490 \u00d7 1028<\/td><td>565 \u00d7 685 \u00d7 1210<\/td><\/tr><tr><td>Spenning \/ Frekvens<\/td><td>220\/380\u202fV 50\u202fHz<\/td><td>220\/380\u202fV 50\u202fHz<\/td><\/tr><tr><td>Kapastitet<\/td><td>500\u202fkg\/h<\/td><td>800\u20131000\u202fkg\/h<\/td><\/tr><tr><td>Kraft<\/td><td>750\u202fW<\/td><td>1500\u202fW<\/td><\/tr><tr><td>Netto vekt<\/td><td>70\u202fkg<\/td><td>90\u202fkg<\/td><\/tr><tr><td>Bruttovekt<\/td><td>91.5\u202fkg<\/td><td>115\u202fkg<\/td><\/tr><tr><td>Skivetykkelse<\/td><td>2\u201330\u202fmm<\/td><td>2\u201330\u202fmm<\/td><\/tr><\/tbody><\/table><\/figure>    <ul class=\"wp-block-list\"> <li><strong>CY-QP180<\/strong>: Kapasitet 500\u202fkg\/h, kraft 750\u202fW, kompakt st\u00f8rrelse, egnet for sm\u00e5 til mellomstore produksjonsanlegg.<\/li>    <li><strong>CY-QP200<\/strong>: Kapasitet 800\u20131000\u202fkg\/h, kraft 1500\u202fW, st\u00f8rre kropp, egnet for h\u00f8yt volum produksjonsbehov.<\/li>    <li><strong>Felles funksjoner<\/strong>: Justerbar skivetykkelse 2\u201330\u202fmm, samme materialer og funksjoner; hovedforskjellene er kapasitet, kraft og st\u00f8rrelse.<\/li> <\/ul>    <figure class=\"wp-block-gallery has-nested-images columns-default is-cropped wp-block-gallery-3 is-layout-flex wp-block-gallery-is-layout-flex\"> <figure class=\"wp-block-image size-large\"><img loading=\"lazy\" decoding=\"async\" width=\"720\" height=\"540\" data-id=\"34829\" src=\"https:\/\/www.meatprocessingmachine.org\/wp-content\/uploads\/2026\/02\/Commercial-Meat-Sliceing-Machine.webp\" alt=\"Kommersiell Kj\u00f8ttskivemaskin\" class=\"wp-image-34829\" title=\"\" srcset=\"https:\/\/www.meatprocessingmachine.org\/wp-content\/uploads\/2026\/02\/Commercial-Meat-Sliceing-Machine.webp 720w, https:\/\/www.meatprocessingmachine.org\/wp-content\/uploads\/2026\/02\/Commercial-Meat-Sliceing-Machine-300x225.webp 300w, https:\/\/www.meatprocessingmachine.org\/wp-content\/uploads\/2026\/02\/Commercial-Meat-Sliceing-Machine-16x12.webp 16w\" sizes=\"auto, (max-width: 720px) 100vw, 720px\" \/><figcaption class=\"wp-element-caption\">Kommersiell Kj\u00f8ttskivemaskin<\/figcaption><\/figure>    <figure class=\"wp-block-image size-large\"><img loading=\"lazy\" decoding=\"async\" width=\"720\" height=\"540\" data-id=\"34828\" src=\"https:\/\/www.meatprocessingmachine.org\/wp-content\/uploads\/2026\/02\/Automatic-Large-Meat-Slicer-for-Fresh-or-Frozen-Meat.webp\" alt=\"Automatisk eggvaskemaskin | kraftskrubbe eggvaskemaskin\" class=\"wp-image-34828\" title=\"\" srcset=\"https:\/\/www.meatprocessingmachine.org\/wp-content\/uploads\/2026\/02\/Automatic-Large-Meat-Slicer-for-Fresh-or-Frozen-Meat.webp 720w, https:\/\/www.meatprocessingmachine.org\/wp-content\/uploads\/2026\/02\/Automatic-Large-Meat-Slicer-for-Fresh-or-Frozen-Meat-300x225.webp 300w, https:\/\/www.meatprocessingmachine.org\/wp-content\/uploads\/2026\/02\/Automatic-Large-Meat-Slicer-for-Fresh-or-Frozen-Meat-16x12.webp 16w\" sizes=\"auto, (max-width: 720px) 100vw, 720px\" \/><figcaption class=\"wp-element-caption\">Automatisk stor kj\u00f8ttskiver for ferskt eller frossent kj\u00f8tt<\/figcaption><\/figure> <\/figure>    <h2 class=\"wp-block-heading\">Kvifor velje Taizy?<\/h2>    <p>Taizy er forpliktet til \u00e5 tilby h\u00f8ykvalitets og p\u00e5litelig utstyr for matbehandling. Fordelene med den store ferske kj\u00f8ttskiveren inkluderer:<\/p>    <p class=\"translation-block\"><strong>Internasjonale sertifiseringer<\/strong><\/p>    <ul class=\"wp-block-list\"> <li>Godkjent med <strong>ISO9001, CE, SGS, og TUV<\/strong>, oppfyller globale matutstyrssikkerhetsstandarder.<\/li> <\/ul>    <p class=\"translation-block\"><strong>Eit \u00e5rs garanti<\/strong><\/p>    <ul class=\"wp-block-list\"> <li>Sikrer p\u00e5litelig ytelse og langvarig stabilitet for utstyret.<\/li> <\/ul>    <p class=\"translation-block\"><strong>Omfattende ettermarkedstjeneste<\/strong><\/p>    <ul class=\"wp-block-list\"> <li>Inkluderer detaljerte installasjonsmanualer, fjerninstallasjonsveiledning og on-site ingeni\u00f8rst\u00f8tte ved behov.<\/li> <\/ul>    <p class=\"translation-block\"><strong>Holdbar og sikker<\/strong><\/p>    <ul class=\"wp-block-list\"> <li>Designet for \u00e5 m\u00f8te alle mattrygghets- og hygienestandarder, og sikrer effektiv og sikker industriell kj\u00f8ttbehandling.<\/li> <\/ul>   <div class=\"wp-block-image\"> <figure class=\"aligncenter size-full\"><img loading=\"lazy\" decoding=\"async\" width=\"720\" height=\"540\" src=\"https:\/\/www.meatprocessingmachine.org\/wp-content\/uploads\/2026\/02\/Meat-Slicing-Machine-2.webp\" alt=\"Kj\u00f8ttskj\u00e6ringsmaskin\" class=\"wp-image-34834\" title=\"\" srcset=\"https:\/\/www.meatprocessingmachine.org\/wp-content\/uploads\/2026\/02\/Meat-Slicing-Machine-2.webp 720w, https:\/\/www.meatprocessingmachine.org\/wp-content\/uploads\/2026\/02\/Meat-Slicing-Machine-2-300x225.webp 300w, https:\/\/www.meatprocessingmachine.org\/wp-content\/uploads\/2026\/02\/Meat-Slicing-Machine-2-16x12.webp 16w\" sizes=\"auto, (max-width: 720px) 100vw, 720px\" \/><figcaption class=\"wp-element-caption\">Kj\u00f8ttskj\u00e6ringsmaskin<\/figcaption><\/figure> <\/div>   <h2 class=\"wp-block-heading\">Relaterte produktanbefalinger<\/h2>    <p class=\"translation-block\">Hvis du trenger en mindre kapasitet<strong><a href=\"https:\/\/www.meatprocessingmachine.org\/nn\/meat-slicing-machine.html\/\"> fersk kj\u00f8ttskiver<\/a><\/strong>, ta gjerne kontakt for flere alternativer. Vi tilbyr ulike modeller for \u00e5 m\u00f8te ulike produksjonsbehov.<\/p>   <div class=\"wp-block-image\"> <figure class=\"aligncenter size-full\"><img loading=\"lazy\" decoding=\"async\" width=\"720\" height=\"540\" src=\"https:\/\/www.meatprocessingmachine.org\/wp-content\/uploads\/2026\/02\/Meat-Slicing-Machine.webp\" alt=\"Kj\u00f8ttskj\u00e6ringsmaskin\" class=\"wp-image-34650\" title=\"\" srcset=\"https:\/\/www.meatprocessingmachine.org\/wp-content\/uploads\/2026\/02\/Meat-Slicing-Machine.webp 720w, https:\/\/www.meatprocessingmachine.org\/wp-content\/uploads\/2026\/02\/Meat-Slicing-Machine-300x225.webp 300w, https:\/\/www.meatprocessingmachine.org\/wp-content\/uploads\/2026\/02\/Meat-Slicing-Machine-16x12.webp 16w\" sizes=\"auto, (max-width: 720px) 100vw, 720px\" \/><figcaption class=\"wp-element-caption\">Kj\u00f8ttskj\u00e6ringsmaskin<\/figcaption><\/figure> <\/div>   <p>Alle v\u00e5re maskiner st\u00f8tter tilpasning, inkludert spenning, st\u00f8pseletype, materialkrav og andre spesifikasjoner. Kontakt oss for profesjonelle anbefalinger og skreddersydde l\u00f8sninger.<\/p>    <p><\/p>","protected":false},"excerpt":{"rendered":"<p>The large fresh meat slicer is an industrial-grade food processing machine designed for efficiently slicing fresh meat into uniform thickness.<\/p>","protected":false},"author":1,"featured_media":34835,"parent":0,"template":"","product-type":[582,583,589],"class_list":["post-34827","product","type-product","status-publish","has-post-thumbnail","hentry","product-type-cattle-sheep","product-type-chicken-turkey","product-type-meat-cutting-machine"],"_links":{"self":[{"href":"https:\/\/www.meatprocessingmachine.org\/nn\/wp-json\/wp\/v2\/product\/34827","targetHints":{"allow":["GET"]}}],"collection":[{"href":"https:\/\/www.meatprocessingmachine.org\/nn\/wp-json\/wp\/v2\/product"}],"about":[{"href":"https:\/\/www.meatprocessingmachine.org\/nn\/wp-json\/wp\/v2\/types\/product"}],"author":[{"embeddable":true,"href":"https:\/\/www.meatprocessingmachine.org\/nn\/wp-json\/wp\/v2\/users\/1"}],"wp:featuredmedia":[{"embeddable":true,"href":"https:\/\/www.meatprocessingmachine.org\/nn\/wp-json\/wp\/v2\/media\/34835"}],"wp:attachment":[{"href":"https:\/\/www.meatprocessingmachine.org\/nn\/wp-json\/wp\/v2\/media?parent=34827"}],"wp:term":[{"taxonomy":"product-type","embeddable":true,"href":"https:\/\/www.meatprocessingmachine.org\/nn\/wp-json\/wp\/v2\/product-type?post=34827"}],"curies":[{"name":"wp","href":"https:\/\/api.w.org\/{rel}","templated":true}]}}