{"id":839,"date":"2020-10-29T15:43:39","date_gmt":"2020-10-29T07:43:39","guid":{"rendered":"http:\/\/www.meatprocessingmachine.org\/?p=839"},"modified":"2026-02-12T16:12:05","modified_gmt":"2026-02-12T08:12:05","slug":"sausage-production-line-for-sausage-making","status":"publish","type":"product","link":"https:\/\/www.meatprocessingmachine.org\/nn\/sausage-production-line-for-sausage-making.html","title":{"rendered":"P\u00f8lseproduksjonslinje"},"content":{"rendered":"<div class=\"kk-star-ratings kksr-auto kksr-align-right kksr-valign-top\"     data-payload='{&quot;align&quot;:&quot;right&quot;,&quot;id&quot;:&quot;839&quot;,&quot;slug&quot;:&quot;default&quot;,&quot;valign&quot;:&quot;top&quot;,&quot;ignore&quot;:&quot;&quot;,&quot;reference&quot;:&quot;auto&quot;,&quot;class&quot;:&quot;&quot;,&quot;count&quot;:&quot;0&quot;,&quot;legendonly&quot;:&quot;&quot;,&quot;readonly&quot;:&quot;&quot;,&quot;score&quot;:&quot;0&quot;,&quot;starsonly&quot;:&quot;&quot;,&quot;best&quot;:&quot;5&quot;,&quot;gap&quot;:&quot;5&quot;,&quot;greet&quot;:&quot;Rate this product&quot;,&quot;legend&quot;:&quot;0\\\/5 - (0 votes)&quot;,&quot;size&quot;:&quot;24&quot;,&quot;title&quot;:&quot;Sausage Production Line&quot;,&quot;width&quot;:&quot;0&quot;,&quot;_legend&quot;:&quot;{score}\\\/{best} - ({count} {votes})&quot;,&quot;font_factor&quot;:&quot;1.25&quot;}'>              <div class=\"kksr-stars\">      <div class=\"kksr-stars-inactive\">             <div class=\"kksr-star\" data-star=\"1\" style=\"padding-right: 5px\">               <div class=\"kksr-icon\" style=\"width: 24px; height: 24px;\"><\/div>         <\/div>             <div class=\"kksr-star\" data-star=\"2\" style=\"padding-right: 5px\">               <div class=\"kksr-icon\" style=\"width: 24px; height: 24px;\"><\/div>         <\/div>             <div class=\"kksr-star\" data-star=\"3\" style=\"padding-right: 5px\">               <div class=\"kksr-icon\" style=\"width: 24px; height: 24px;\"><\/div>         <\/div>             <div class=\"kksr-star\" data-star=\"4\" style=\"padding-right: 5px\">               <div class=\"kksr-icon\" style=\"width: 24px; height: 24px;\"><\/div>         <\/div>             <div class=\"kksr-star\" data-star=\"5\" style=\"padding-right: 5px\">               <div class=\"kksr-icon\" style=\"width: 24px; height: 24px;\"><\/div>         <\/div>     <\/div>      <div class=\"kksr-stars-active\" style=\"width: 0px;\">             <div class=\"kksr-star\" style=\"padding-right: 5px\">               <div class=\"kksr-icon\" style=\"width: 24px; height: 24px;\"><\/div>         <\/div>             <div class=\"kksr-star\" style=\"padding-right: 5px\">               <div class=\"kksr-icon\" style=\"width: 24px; height: 24px;\"><\/div>         <\/div>             <div class=\"kksr-star\" style=\"padding-right: 5px\">               <div class=\"kksr-icon\" style=\"width: 24px; height: 24px;\"><\/div>         <\/div>             <div class=\"kksr-star\" style=\"padding-right: 5px\">               <div class=\"kksr-icon\" style=\"width: 24px; height: 24px;\"><\/div>         <\/div>             <div class=\"kksr-star\" style=\"padding-right: 5px\">               <div class=\"kksr-icon\" style=\"width: 24px; height: 24px;\"><\/div>         <\/div>     <\/div> <\/div>                   <div class=\"kksr-legend\" style=\"font-size: 19.2px;\">             <span class=\"kksr-muted\">Vurder dette produktet<\/span>     <\/div>     <\/div>  <p>P\u00f8lseproduksjonslinjen inneheld ei rekke p\u00f8lseproduksjonsmaskiner. Den inkluderer ein kj\u00f8ttkvern, kj\u00f8ttskj\u00e6ringsmaskin, vakuummixer, p\u00f8lsestopper, kj\u00f8ttr\u00f8yker, vakuumemballeringsmaskin og andre maskiner. Desse p\u00f8lsebehandlingsmaskinene har stabile strukturer og enkle \u00e5 betjene, det er den beste maskinen for p\u00f8lseproduksjon.<\/p>    <h2 class=\"wp-block-heading\" id=\"h-brief-introduction-of-sausage\">Kort introduksjon av p\u00f8lse<\/h2>    <p>P\u00f8lse er ein sv\u00e6rt gammal matproduksjon og konserveringsteknologi. Den dannes ved \u00e5 putte kj\u00f8tt i svine- eller sauekapslar og deretter r\u00f8yke. Den r\u00f8yka p\u00f8lsa har ein klar raud farge og rik smak. Det er ein sv\u00e6rt popul\u00e6r mat.<\/p>    <h2 class=\"wp-block-heading\" id=\"h-types-of-sausages\">Typar p\u00f8lser<\/h2>    <p>Det finst to vanlege p\u00f8lsetyper p\u00e5 marknaden, ein er most kj\u00f8ttp\u00f8lse og den andre er kj\u00f8ttpartikkelp\u00f8lse.<\/p>    <p>Hovudforskjellen mellom dei to p\u00f8lsetypane er r\u00e5varene som blir brukt. Dei ferdige p\u00f8lsene er ogs\u00e5 ulike.<\/p>    <div class=\"wp-block-columns is-layout-flex wp-container-core-columns-is-layout-9d6595d7 wp-block-columns-is-layout-flex\"> <div class=\"wp-block-column is-layout-flow wp-block-column-is-layout-flow\"> <figure class=\"wp-block-image size-large\"><img loading=\"lazy\" decoding=\"async\" width=\"550\" height=\"350\" src=\"http:\/\/www.meatprocessingmachine.org\/wp-content\/uploads\/2020\/10\/mashed-meat-sausage.jpg\" alt=\"mashed meat sausage\" class=\"wp-image-851\" title=\"\" srcset=\"https:\/\/www.meatprocessingmachine.org\/wp-content\/uploads\/2020\/10\/mashed-meat-sausage.jpg 550w, https:\/\/www.meatprocessingmachine.org\/wp-content\/uploads\/2020\/10\/mashed-meat-sausage-300x191.jpg 300w\" sizes=\"auto, (max-width: 550px) 100vw, 550px\" \/><figcaption class=\"wp-element-caption\">Most kj\u00f8ttp\u00f8lse<\/figcaption><\/figure> <\/div>    <div class=\"wp-block-column is-layout-flow wp-block-column-is-layout-flow\"> <figure class=\"wp-block-image size-large\"><img loading=\"lazy\" decoding=\"async\" width=\"550\" height=\"350\" src=\"http:\/\/www.meatprocessingmachine.org\/wp-content\/uploads\/2020\/10\/pellets-meat-sausage.png\" alt=\"pellets meat sausage\" class=\"wp-image-852\" title=\"\" srcset=\"https:\/\/www.meatprocessingmachine.org\/wp-content\/uploads\/2020\/10\/pellets-meat-sausage.png 550w, https:\/\/www.meatprocessingmachine.org\/wp-content\/uploads\/2020\/10\/pellets-meat-sausage-300x191.png 300w\" sizes=\"auto, (max-width: 550px) 100vw, 550px\" \/><figcaption class=\"wp-element-caption\">Pelletkj\u00f8ttp\u00f8lse<\/figcaption><\/figure> <\/div> <\/div>    <p>P\u00f8lser laga med kj\u00f8ttbitar er hardare enn p\u00f8lser laga med most kj\u00f8tt. I samsvar med dei ulike r\u00e5varene til dei to typane p\u00f8lser, er maskinene som trengs for \u00e5 lage dei litt ulike.<\/p>    <h2 class=\"wp-block-heading\" id=\"h-sausage-processing-steps\">P\u00f8lsebehandlingssteg<\/h2>    <div class=\"wp-block-group\"><div class=\"wp-block-group__inner-container is-layout-flow wp-block-group-is-layout-flow\"><\/div><\/div>    <div class=\"wp-block-group\"><div class=\"wp-block-group__inner-container is-layout-flow wp-block-group-is-layout-flow\"> <div class=\"wp-block-columns is-layout-flex wp-container-core-columns-is-layout-9d6595d7 wp-block-columns-is-layout-flex\"> <div class=\"wp-block-column is-layout-flow wp-block-column-is-layout-flow\"> <figure class=\"wp-block-image size-large\"><img loading=\"lazy\" decoding=\"async\" width=\"720\" height=\"540\" src=\"http:\/\/www.meatprocessingmachine.org\/wp-content\/uploads\/2020\/10\/mashed-sausage-making-machines.jpg\" alt=\"mashed sausage making machines\" class=\"wp-image-843\" title=\"\" srcset=\"https:\/\/www.meatprocessingmachine.org\/wp-content\/uploads\/2020\/10\/mashed-sausage-making-machines.jpg 720w, https:\/\/www.meatprocessingmachine.org\/wp-content\/uploads\/2020\/10\/mashed-sausage-making-machines-300x225.jpg 300w\" sizes=\"auto, (max-width: 720px) 100vw, 720px\" \/><figcaption class=\"wp-element-caption\">Most p\u00f8lseproduksjonsmaskiner<\/figcaption><\/figure>    <p style=\"font-size:18px\">Steg for \u00e5 lage most p\u00f8lse: kj\u00f8ttkverning, kj\u00f8ttskj\u00e6ring, kj\u00f8ttblanding, fylling, r\u00f8yking og emballering.<\/p> <\/div>    <div class=\"wp-block-column is-layout-flow wp-block-column-is-layout-flow\"> <figure class=\"wp-block-image size-large\"><img loading=\"lazy\" decoding=\"async\" width=\"720\" height=\"540\" src=\"http:\/\/www.meatprocessingmachine.org\/wp-content\/uploads\/2020\/10\/meat-pellets-sausage-making-machines.jpg\" alt=\"meat pellets sausage making machines\" class=\"wp-image-844\" title=\"\" srcset=\"https:\/\/www.meatprocessingmachine.org\/wp-content\/uploads\/2020\/10\/meat-pellets-sausage-making-machines.jpg 720w, https:\/\/www.meatprocessingmachine.org\/wp-content\/uploads\/2020\/10\/meat-pellets-sausage-making-machines-300x225.jpg 300w\" sizes=\"auto, (max-width: 720px) 100vw, 720px\" \/><figcaption class=\"wp-element-caption\">Maskiner for \u00e5 lage kj\u00f8ttp\u00f8lser med kj\u00f8ttbitar<\/figcaption><\/figure>    <p style=\"font-size:18px\">Steg for \u00e5 lage kj\u00f8ttp\u00f8lser med kj\u00f8ttbitar: kj\u00f8ttkverning, kj\u00f8ttblanding, fylling, r\u00f8yking og emballering.<\/p> <\/div> <\/div> <\/div><\/div>    <p>Produksjonsprosessen for most p\u00f8lser er omtrent den same som for pelletp\u00f8lser, og most p\u00f8lser har eit steg meir med \u00e5 kutte og emulgere kj\u00f8ttet enn kj\u00f8ttpelletp\u00f8lser. F\u00f8lgjande er eit eksempel p\u00e5 ein produksjonslinje for most p\u00f8lser for \u00e5 introdusere prosessen.<\/p>    <ul class=\"wp-block-list\"> <li><strong>R\u00e5vareutval<\/strong> &nbsp;  R\u00e5varene til p\u00f8lsa b\u00f8r velges fra kvalifisert svinekj\u00f8tt eller storfekj\u00f8tt.<\/li>    <li><strong>Kj\u00f8ttkverning&nbsp;&nbsp;<\/strong>      Legg det frosne kj\u00f8ttet i kj\u00f8ttkverna, som ofte bruker ein 6-8mm dyse for \u00e5 lage tynne strimler.<\/li>    <li><strong>Kj\u00f8ttskj\u00e6ring<\/strong> &nbsp;        Blada p\u00e5 kj\u00f8ttkverna kutter kj\u00f8ttet til ein pur\u00e9 i h\u00f8g hastighet.<\/li>    <li><strong>Vakuum kj\u00f8ttblanding&nbsp;<\/strong>&nbsp;   Legg den hakka kj\u00f8ttdeigen og krydder i vakuummikseren og r\u00f8r. I eit vakuumomgrep vil krydderet trenge inn i kj\u00f8ttet s\u00e5 mykje som mogleg for \u00e5 sikre kvaliteten.<\/li>    <li><strong>P\u00f8lsefylling<\/strong> &nbsp;      &nbsp;Vask den indre veggen av den t\u00f8rre kappen med varmt vatn p\u00e5 30-35\u2103. Etter \u00e5 ha t\u00f8mt vatnet, bruk ein vakuump\u00f8lsefyllar til \u00e5 helle kj\u00f8ttet i kappen. N\u00e5r du fyller kj\u00f8ttet, s\u00f8rg for at enemaen er full, det er ingen luft i tarmen, og dei to endane skal vere tett knytte.<\/li>    <li><strong><a href=\"http:\/\/www.meatprocessingmachine.org\/nn\/sausage-binding-tying-machine.html\/\">P\u00f8lselukking<\/a><\/strong>          &nbsp;I p\u00f8lseproduksjonslinja blir ein bindemaskin brukt til \u00e5 binde p\u00f8lsene i seksjonar. Bind strengen etter ein bestemt lengd for \u00e5 sikre jamn balanse i p\u00f8lsa.<\/li>    <li><strong>R\u00f8yking av p\u00f8lser<\/strong>&nbsp;   &nbsp;R\u00f8ykeovnen har funksjonar for baking, damping og r\u00f8yking. Den kan utf\u00f8re alle steg i p\u00f8lse r\u00f8yking. Den r\u00f8yka p\u00f8lsa har eit skinnende ytre.<\/li>    <li><strong>Vakuumemballering <\/strong>  &nbsp;Vanlegvis vel ein vakuumemballeringsmaskin for \u00e5 pakke p\u00f8lsene. Det er derfor lett \u00e5 transportere og oppbevare.<\/li> <\/ul>    <h2 class=\"wp-block-heading\" id=\"h-sausage-making-machines-parameters\">Parameter for p\u00f8lseproduksjon<\/h2>    <figure class=\"wp-block-table\"><table><tbody><tr><td><strong>Nummer<\/strong><strong><\/strong><\/td><td><strong>Navn<\/strong><strong><\/strong><\/td><td><strong>Bilete<\/strong><strong><\/strong><\/td><td><strong>Parameter<\/strong><strong><\/strong><\/td><\/tr><tr><td>1<\/td><td>Kj\u00f8ttkvernmaskin<\/td><td>&nbsp;         <img loading=\"lazy\" decoding=\"async\" width=\"150\" height=\"95\" class=\"wp-image-845\" style=\"width: 150px;\" src=\"http:\/\/www.meatprocessingmachine.org\/wp-content\/uploads\/2020\/10\/meat-grinding-machine.jpg\" alt=\"meat grinding machine\" title=\"\" srcset=\"https:\/\/www.meatprocessingmachine.org\/wp-content\/uploads\/2020\/10\/meat-grinding-machine.jpg 550w, https:\/\/www.meatprocessingmachine.org\/wp-content\/uploads\/2020\/10\/meat-grinding-machine-300x191.jpg 300w\" sizes=\"auto, (max-width: 150px) 100vw, 150px\" \/>           <\/td><td>Kapastitet: 500kg\/t<br>Effekt: 3.0kw<br>Spenning: 380V\/50Hz<br>St\u00f8rrelse: 980*580*940mm<br>Vekt: 180kg&nbsp;<\/td><\/tr><tr><td>2<\/td><td>Kj\u00f8ttskj\u00e6ringsmaskin<\/td><td>&nbsp;<img loading=\"lazy\" decoding=\"async\" width=\"150\" height=\"95\" class=\"wp-image-846\" style=\"width: 150px;\" src=\"http:\/\/www.meatprocessingmachine.org\/wp-content\/uploads\/2020\/10\/meat-cutting-machine.jpg\" alt=\"Stor fersk kj\u00f8ttskj\u00e6rer\" title=\"\" srcset=\"https:\/\/www.meatprocessingmachine.org\/wp-content\/uploads\/2020\/10\/meat-cutting-machine.jpg 550w, https:\/\/www.meatprocessingmachine.org\/wp-content\/uploads\/2020\/10\/meat-cutting-machine-300x191.jpg 300w\" sizes=\"auto, (max-width: 150px) 100vw, 150px\" \/><\/td><td>Kapastitet: 40kg\/t<br>Effekt: 13.17kw<br>Spenning: 380V\/50H<br>St\u00f8rrelse: 1250*1415*1610mm<br>Vekt: 480kg&nbsp;<\/td><\/tr><tr><td>3<\/td><td><a href=\"http:\/\/www.meatprocessingmachine.org\/nn\/vacuum-stuffing-machine.html\/\">Kj\u00f8ttblandingsmaskin<\/a><\/td><td>&nbsp;<img loading=\"lazy\" decoding=\"async\" width=\"150\" height=\"95\" class=\"wp-image-847\" style=\"width: 150px;\" src=\"http:\/\/www.meatprocessingmachine.org\/wp-content\/uploads\/2020\/10\/vacuum-meat-mixer-machine.jpg\" alt=\"vacuum meat mixer machine\" title=\"\" srcset=\"https:\/\/www.meatprocessingmachine.org\/wp-content\/uploads\/2020\/10\/vacuum-meat-mixer-machine.jpg 550w, https:\/\/www.meatprocessingmachine.org\/wp-content\/uploads\/2020\/10\/vacuum-meat-mixer-machine-300x191.jpg 300w\" sizes=\"auto, (max-width: 150px) 100vw, 150px\" \/><\/td><td>Kinkhastighet: 100 gongar\/min<br>Produksjon: 200-300kg\/t<br>Mengdeomr\u00e5de: 20-500g<br>Spenning: 220V \/ 50HZ<br>Arbeidssenter h\u00f8gde: 850mm<br>Total storleik 650*640*1430(mm)<br>Vekt: 145kg&nbsp;<\/td><\/tr><tr><td>4<\/td><td>P\u00f8lsefyllingsmaskin<\/td><td>&nbsp;<img loading=\"lazy\" decoding=\"async\" width=\"150\" height=\"95\" class=\"wp-image-848\" style=\"width: 150px;\" src=\"http:\/\/www.meatprocessingmachine.org\/wp-content\/uploads\/2020\/10\/sausage-filling-machine.jpg\" alt=\"p\u00f8lsefyllingsmaskin\" title=\"\" srcset=\"https:\/\/www.meatprocessingmachine.org\/wp-content\/uploads\/2020\/10\/sausage-filling-machine.jpg 550w, https:\/\/www.meatprocessingmachine.org\/wp-content\/uploads\/2020\/10\/sausage-filling-machine-300x191.jpg 300w\" sizes=\"auto, (max-width: 150px) 100vw, 150px\" \/><\/td><td>Kinkhastighet: 100 gongar\/min<br>Produksjon: 200-300kg\/t<br>Mengdeomr\u00e5de: 20-500g<br>Spenning: 220V \/ 50HZ<br>Arbeidssenter h\u00f8gde: 850mm<br>Total storleik 650*640*1430(mm)<br>Vekt: 145kg&nbsp;<\/td><\/tr><tr><td>5<\/td><td><a href=\"http:\/\/www.meatprocessingmachine.org\/nn\/meat-smoking-oven.html\/\">R\u00f8yke-maskin for p\u00f8lser<\/a><\/td><td>&nbsp;<img loading=\"lazy\" decoding=\"async\" width=\"150\" height=\"95\" class=\"wp-image-849\" style=\"width: 150px;\" src=\"http:\/\/www.meatprocessingmachine.org\/wp-content\/uploads\/2020\/10\/sausage-smoking-machine.jpg\" alt=\"sausage smoking machine\" title=\"\" srcset=\"https:\/\/www.meatprocessingmachine.org\/wp-content\/uploads\/2020\/10\/sausage-smoking-machine.jpg 550w, https:\/\/www.meatprocessingmachine.org\/wp-content\/uploads\/2020\/10\/sausage-smoking-machine-300x191.jpg 300w\" sizes=\"auto, (max-width: 150px) 100vw, 150px\" \/><\/td><td>Kapastitet: 300-400kg\/t<br>Volum: 200L<br>Drivkraft: 2.75kw<br>Spenning: 380V 50HZ<br>Total storleik: 1400*670*1150mm&nbsp;<\/td><\/tr><tr><td>6<\/td><td>Vakuumemballeringsmaskin<\/td><td>&nbsp;<img loading=\"lazy\" decoding=\"async\" width=\"150\" height=\"95\" class=\"wp-image-850\" style=\"width: 150px;\" src=\"http:\/\/www.meatprocessingmachine.org\/wp-content\/uploads\/2020\/10\/sausage-packaging-machine.jpg\" alt=\"sausage packaging machine\" title=\"\" srcset=\"https:\/\/www.meatprocessingmachine.org\/wp-content\/uploads\/2020\/10\/sausage-packaging-machine.jpg 550w, https:\/\/www.meatprocessingmachine.org\/wp-content\/uploads\/2020\/10\/sausage-packaging-machine-300x191.jpg 300w\" sizes=\"auto, (max-width: 150px) 100vw, 150px\" \/><\/td><td>Pumpeffekt: 2.25KW<br>Varmesealingseffekt: 1.5KW<br>St\u00f8rrelse: 1460*750*960mm<br>Vekt: 185kg<\/td><\/tr><\/tbody><\/table><\/figure>    <h2 class=\"wp-block-heading\" id=\"h-advantages-of-the-sausage-production-line\">Fordelar med p\u00f8lseproduksjonslinja<\/h2>    <ol class=\"wp-block-list\"> <li>P\u00f8lsebehandlingsanlegget har h\u00f8g produksjonskapasitet, enkel betjening og h\u00f8g investeringsavkastning.<\/li>    <li>Alle p\u00f8lsebehandlingsmaskiner er laga av matvaregodkjent rustfritt st\u00e5l, som oppfyller standardar for mattryggleik og hygiene.<\/li>    <li>Alle maskiner i p\u00f8lseproduksjonslinja er kontrollert av automatiske ber\u00f8ringsskjermar, og dei elektriske komponentane er importerte produkt for \u00e5 sikre maskinenes holdbarheit.<\/li>    <li>Den ferdige p\u00f8lseproduktet har god farge og h\u00f8g kvalitet.<\/li>    <li>Skj\u00e6re- og enema-maskinene er utstyrt med sikkerhetsinnretningar for \u00e5 sikre trygg drift.<\/li>    <li>P\u00f8lseproduksjonslinja har kontinuerleg produksjonskapasitet, rask utladingshastighet og stor produksjonsmengde. Det er eit ideelt utstyr for p\u00f8lsebehandling.<\/li> <\/ol>","protected":false},"excerpt":{"rendered":"<p>P\u00f8lseproduksjonslinjen inneholder en serie p\u00f8lseproduksjonsmaskiner for \u00e5 lage p\u00f8lse. Den har egenskaper som enkel betjening, h\u00f8y produksjonskapasitet og lav investeringskostnad.<\/p>","protected":false},"author":1,"featured_media":853,"parent":0,"template":"","product-type":[597],"class_list":["post-839","product","type-product","status-publish","has-post-thumbnail","hentry","product-type-production-line"],"_links":{"self":[{"href":"https:\/\/www.meatprocessingmachine.org\/nn\/wp-json\/wp\/v2\/product\/839","targetHints":{"allow":["GET"]}}],"collection":[{"href":"https:\/\/www.meatprocessingmachine.org\/nn\/wp-json\/wp\/v2\/product"}],"about":[{"href":"https:\/\/www.meatprocessingmachine.org\/nn\/wp-json\/wp\/v2\/types\/product"}],"author":[{"embeddable":true,"href":"https:\/\/www.meatprocessingmachine.org\/nn\/wp-json\/wp\/v2\/users\/1"}],"wp:featuredmedia":[{"embeddable":true,"href":"https:\/\/www.meatprocessingmachine.org\/nn\/wp-json\/wp\/v2\/media\/853"}],"wp:attachment":[{"href":"https:\/\/www.meatprocessingmachine.org\/nn\/wp-json\/wp\/v2\/media?parent=839"}],"wp:term":[{"taxonomy":"product-type","embeddable":true,"href":"https:\/\/www.meatprocessingmachine.org\/nn\/wp-json\/wp\/v2\/product-type?post=839"}],"curies":[{"name":"wp","href":"https:\/\/api.w.org\/{rel}","templated":true}]}}