{"id":875,"date":"2020-11-04T16:33:10","date_gmt":"2020-11-04T08:33:10","guid":{"rendered":"http:\/\/www.meatprocessingmachine.org\/?p=875"},"modified":"2026-02-12T16:40:19","modified_gmt":"2026-02-12T08:40:19","slug":"industrial-sausage-stuffer-machine-in-sausage-manufacturing","status":"publish","type":"product","link":"https:\/\/www.meatprocessingmachine.org\/nn\/industrial-sausage-stuffer-machine-in-sausage-manufacturing.html","title":{"rendered":"Industriell p\u00f8lsestopper i p\u00f8lseproduksjon"},"content":{"rendered":"<div class=\"kk-star-ratings kksr-auto kksr-align-right kksr-valign-top\"     data-payload='{&quot;align&quot;:&quot;right&quot;,&quot;id&quot;:&quot;875&quot;,&quot;slug&quot;:&quot;default&quot;,&quot;valign&quot;:&quot;top&quot;,&quot;ignore&quot;:&quot;&quot;,&quot;reference&quot;:&quot;auto&quot;,&quot;class&quot;:&quot;&quot;,&quot;count&quot;:&quot;0&quot;,&quot;legendonly&quot;:&quot;&quot;,&quot;readonly&quot;:&quot;&quot;,&quot;score&quot;:&quot;0&quot;,&quot;starsonly&quot;:&quot;&quot;,&quot;best&quot;:&quot;5&quot;,&quot;gap&quot;:&quot;5&quot;,&quot;greet&quot;:&quot;Rate this product&quot;,&quot;legend&quot;:&quot;0\\\/5 - (0 votes)&quot;,&quot;size&quot;:&quot;24&quot;,&quot;title&quot;:&quot;Industrial sausage stuffer machine in sausage manufacturing&quot;,&quot;width&quot;:&quot;0&quot;,&quot;_legend&quot;:&quot;{score}\\\/{best} - ({count} {votes})&quot;,&quot;font_factor&quot;:&quot;1.25&quot;}'>              <div class=\"kksr-stars\">      <div class=\"kksr-stars-inactive\">             <div class=\"kksr-star\" data-star=\"1\" style=\"padding-right: 5px\">               <div class=\"kksr-icon\" style=\"width: 24px; height: 24px;\"><\/div>         <\/div>             <div class=\"kksr-star\" data-star=\"2\" style=\"padding-right: 5px\">               <div class=\"kksr-icon\" style=\"width: 24px; height: 24px;\"><\/div>         <\/div>             <div class=\"kksr-star\" data-star=\"3\" style=\"padding-right: 5px\">               <div class=\"kksr-icon\" style=\"width: 24px; height: 24px;\"><\/div>         <\/div>             <div class=\"kksr-star\" data-star=\"4\" style=\"padding-right: 5px\">               <div class=\"kksr-icon\" style=\"width: 24px; height: 24px;\"><\/div>         <\/div>             <div class=\"kksr-star\" data-star=\"5\" style=\"padding-right: 5px\">               <div class=\"kksr-icon\" style=\"width: 24px; height: 24px;\"><\/div>         <\/div>     <\/div>      <div class=\"kksr-stars-active\" style=\"width: 0px;\">             <div class=\"kksr-star\" style=\"padding-right: 5px\">               <div class=\"kksr-icon\" style=\"width: 24px; height: 24px;\"><\/div>         <\/div>             <div class=\"kksr-star\" style=\"padding-right: 5px\">               <div class=\"kksr-icon\" style=\"width: 24px; height: 24px;\"><\/div>         <\/div>             <div class=\"kksr-star\" style=\"padding-right: 5px\">               <div class=\"kksr-icon\" style=\"width: 24px; height: 24px;\"><\/div>         <\/div>             <div class=\"kksr-star\" style=\"padding-right: 5px\">               <div class=\"kksr-icon\" style=\"width: 24px; height: 24px;\"><\/div>         <\/div>             <div class=\"kksr-star\" style=\"padding-right: 5px\">               <div class=\"kksr-icon\" style=\"width: 24px; height: 24px;\"><\/div>         <\/div>     <\/div> <\/div>                   <div class=\"kksr-legend\" style=\"font-size: 19.2px;\">             <span class=\"kksr-muted\">Vurder dette produktet<\/span>     <\/div>     <\/div>  <p class=\"translation-block\">The<strong> industrial sausage stuffer machine<\/strong>&nbsp;is used for sausage enema. It is the most important step in the <a href=\"http:\/\/www.meatprocessingmachine.org\/nn\/sausage-production-line-for-sausage-making.html\/\">sausage manufacturing step<\/a>. The sausage meat enters the casing through the sausage stuffer to form sausages with regular shapes and sizes. According to different ways of enema, the sausage stuffing machine is divided into two categories. <strong>Hydraulic enema machine<\/strong> and <strong>pneumatic quantitative sausage stuffer machine<\/strong>. The two machines&#8217; applicable materials and working principles are very different.<\/p>    <h2 class=\"wp-block-heading\" id=\"h-hydraulic-sausage-stuffer-machine\">Hydraulisk p\u00f8lsestopper maskin<\/h2>    <p>Den hydrauliske p\u00f8lsestopperen er egnet for eneming av fine granulater, grove granulater eller kj\u00f8ttemulsjonsmaterialer. Den produserer ulike typer p\u00f8lser ved \u00e5 fylle kj\u00f8ttkuler i dyreskinn gjennom forskjellige diameter enemar\u00f8r.<\/p>    <h3 class=\"wp-block-heading\" id=\"h-hydraulic-sausage-filling-machine-working-principle\">Hydraulisk p\u00f8lsefyllingsmaskin<strong>&nbsp;<\/strong>arbeidsprinsipp<\/h3>    <p>Den hydrauliske p\u00f8lseenemamaskinen bruker sylinderhydraulisk drev. Den klemmer kj\u00f8ttet ut av maskinens hopper gjennom det arbeidstrykket som genereres av hydraulikkoljen. Maskinen er egnet for et bredt spekter av materialer, og kan brukes til \u00e5 fylle kj\u00f8ttformede p\u00f8lser eller fylte p\u00f8lser. Den automatiske p\u00f8lsestopperen er egnet for \u00e5 fylle store, mellomstore og sm\u00e5 p\u00f8lser.<\/p>    <p>Avhengig av ulike utgangs- og spesifikasjoner, finnes det sm\u00e5 hydrauliske p\u00f8lsestoppere, enkel- og dobbelt-r\u00f8rs hydrauliske p\u00f8lsestoppere.<\/p>    <h3 class=\"wp-block-heading\" id=\"h-small-hydraulic-sausage-stuffing-machine\">Liten hydraulisk p\u00f8lsestopper maskin<\/h3>    <figure class=\"wp-block-image size-large\"><img loading=\"lazy\" decoding=\"async\" width=\"607\" height=\"607\" src=\"http:\/\/www.meatprocessingmachine.org\/wp-content\/uploads\/2020\/11\/small-hydraulic-stuffer-machine.png\" alt=\"small hydraulic stuffer machine\" class=\"wp-image-877\" title=\"\" srcset=\"https:\/\/www.meatprocessingmachine.org\/wp-content\/uploads\/2020\/11\/small-hydraulic-stuffer-machine.png 607w, https:\/\/www.meatprocessingmachine.org\/wp-content\/uploads\/2020\/11\/small-hydraulic-stuffer-machine-300x300.png 300w, https:\/\/www.meatprocessingmachine.org\/wp-content\/uploads\/2020\/11\/small-hydraulic-stuffer-machine-150x150.png 150w\" sizes=\"auto, (max-width: 607px) 100vw, 607px\" \/><figcaption>Liten hydraulisk stuffer maskin<\/figcaption><\/figure>    <p>Den lille hydrauliske kj\u00f8ttfyllingsmaskinen har en kapasitet p\u00e5 100kg\/t, og dens fyllingsdiameter kan v\u00e6re 16\/18\/22mm. Den er egnet for enkeltpersoner og sm\u00e5 kj\u00f8ttbehandlingsanlegg. Maskinen bruker en veksleswitch og en fotbryter for \u00e5 kontrollere enemedriften, noe som gj\u00f8r operasjonen sikrere. Den store beholderen \u00f8ker utgangen av enemet. Maskinen kan bevege seg fritt, er b\u00e6rbar og praktisk, og kan enemere n\u00e5r som helst og hvor som helst.<\/p>    <h3 class=\"wp-block-heading\" id=\"h-single-and-double-tube-hydraulic-sausage-stuffer-machine\">Enkelt- og dobbelt-r\u00f8r hydraulisk p\u00f8lsestopper maskin<\/h3>    <p>Kapaciteten til den enkelkj\u00f8ttfyllingsmaskinen er 300kg\/t, mens den doble r\u00f8rfyllingsmaskinen har 500kg\/t kapasitet.<\/p>    <figure class=\"wp-block-image size-large\"><img loading=\"lazy\" decoding=\"async\" width=\"607\" height=\"607\" src=\"http:\/\/www.meatprocessingmachine.org\/wp-content\/uploads\/2020\/11\/hydraulic-enema-machine.png\" alt=\"hydraulisk klyster-maskin\" class=\"wp-image-878\" title=\"\" srcset=\"https:\/\/www.meatprocessingmachine.org\/wp-content\/uploads\/2020\/11\/hydraulic-enema-machine.png 607w, https:\/\/www.meatprocessingmachine.org\/wp-content\/uploads\/2020\/11\/hydraulic-enema-machine-300x300.png 300w, https:\/\/www.meatprocessingmachine.org\/wp-content\/uploads\/2020\/11\/hydraulic-enema-machine-150x150.png 150w\" sizes=\"auto, (max-width: 607px) 100vw, 607px\" \/><figcaption>Hydraulisk klysterapparat<\/figcaption><\/figure>    <p>De to maskinene fyllingsdiameter kan v\u00e6re 12\/18\/30mm. Forskjellene mellom de to industrielle enemamaskinene er antallet r\u00f8r for utl\u00f8p av kj\u00f8tt. Den \u00f8vre delen av maskinen er utstyrt med en hopper og en sommerfuglvifte, som kan realisere kontinuerlig fylling. Det forbedrer produksjonseffektiviteten betydelig. Sammenlignet med den lille kj\u00f8ttfyllingsmaskinen har denne maskinen h\u00f8y grad av automatisering og rask utl\u00f8pshastighet, noe som kan realisere kontinuerlig produksjon. Derfor er den egnet for alle typer bedrifter.<\/p>    <h2 class=\"wp-block-heading\" id=\"h-pneumatic-quantitative-twist-enema-machine\">Pneumatisk kvantitativ twist enemamaskin<\/h2>    <figure class=\"wp-block-image size-large\"><img loading=\"lazy\" decoding=\"async\" width=\"692\" height=\"693\" src=\"http:\/\/www.meatprocessingmachine.org\/wp-content\/uploads\/2020\/11\/pneumatic-quantitative-sausage-stuffing-machine.png\" alt=\"pneumatic quantitative sausage stuffing machine\" class=\"wp-image-879\" title=\"\" srcset=\"https:\/\/www.meatprocessingmachine.org\/wp-content\/uploads\/2020\/11\/pneumatic-quantitative-sausage-stuffing-machine.png 692w, https:\/\/www.meatprocessingmachine.org\/wp-content\/uploads\/2020\/11\/pneumatic-quantitative-sausage-stuffing-machine-300x300.png 300w, https:\/\/www.meatprocessingmachine.org\/wp-content\/uploads\/2020\/11\/pneumatic-quantitative-sausage-stuffing-machine-150x150.png 150w\" sizes=\"auto, (max-width: 692px) 100vw, 692px\" \/><figcaption>Pneumatisk kvantitativ p\u00f8lsestopper<\/figcaption><\/figure>    <p>Den pneumatisk kvantitative twist enemamaskinen er egnet for fylling av moseskj\u00f8tt. Maskinen kan realisere automatisk kinking samtidig som den gj\u00f8r kvantitativ fylling. Den kompenserer for mangelen p\u00e5 kvantitativ enemakink i tidligere tid, som ikke kunne fullf\u00f8res med \u00e9n gang. Maskinen kan kvantifiseres mellom 30-1000g, med en feil p\u00e5 ikke mer enn 3g. Den kan oppn\u00e5 60 kinks per minutt, og enemadiameteren er 10\/12\/14\/17mm.<\/p>    <h3 class=\"wp-block-heading\" id=\"h-advantages-of-pneumatic-quantitative-filling-machine\">Fordeler med pneumatisk kvantitativ fyllingsmaskin<\/h3>    <ol class=\"wp-block-list\"><li>Den bruker et avansert pneumatisk, fotoelektrisk kontrollprinsipp, som kan realisere automatisk kvantitativ fylling og kinking, med h\u00f8y grad av automatisering.<\/li><li>Kj\u00f8ttfyllingsmaskinen er egnet for fylling av ulike mosede p\u00f8lseprodukter.<\/li><li>Delene i kontakt med materialet og ytteremballasjen er begge laget av matgodkjent rustfritt st\u00e5l med pen utseende.<\/li><li>Det kan matches med<strong> tr\u00e5dbinding maskin<\/strong>&nbsp;for \u00e5 realisere automatisk produksjon.<\/li><li>Maskinen har en stabil struktur, enkel betjening og lett \u00e5 rengj\u00f8re. Den er egnet for mellomstore og sm\u00e5 kj\u00f8ttbehandlingsbedrifter.<\/li><\/ol>    <h3 class=\"wp-block-heading\" id=\"h-precautions\">Forholdsregler<\/h3>    <ol class=\"wp-block-list\"><li>Den industrielle p\u00f8lsestopperen er egnet for moseskj\u00f8ttfylling.<\/li><li>For \u00e5 m\u00f8te kravene til fyllingsvekt, kan det realiseres ved \u00e5 justere cylinderens fremdriftsavstand.<\/li><li>Du kan kontrollere stopp- og arbeidstiden til snurreren ved \u00e5 kontrollere cylinderstempelens fremdrift og tilbaketrekning.<\/li><li>F\u00f8r kj\u00f8ttet fylles inn i hopperen, b\u00f8r det eksponeres for luft s\u00e5 lite som mulig for \u00e5 forhindre hull. Derfor kan du bruke en <strong>Vakuum kj\u00f8ttfyllingsmaskin<\/strong>&nbsp;i stedet for en vanlig miksingmaskin.<\/li><li>Skinnets diameter b\u00f8r samsvare med enemar\u00f8renes diametre, kj\u00f8ttfyllingstrykket, og antall vringsirkler.<\/li><\/ol>","protected":false},"excerpt":{"rendered":"<p>For p\u00f8lseproduksjon er p\u00f8lsestopperen den viktigste maskinen. Vi tilbyr en hydraulisk enemamaskin og en pneumatisk kvantitativ p\u00f8lsestopper.<\/p>","protected":false},"author":1,"featured_media":885,"parent":0,"template":"","product-type":[598],"class_list":["post-875","product","type-product","status-publish","has-post-thumbnail","hentry","product-type-supporting-auxiliary-equipment"],"_links":{"self":[{"href":"https:\/\/www.meatprocessingmachine.org\/nn\/wp-json\/wp\/v2\/product\/875","targetHints":{"allow":["GET"]}}],"collection":[{"href":"https:\/\/www.meatprocessingmachine.org\/nn\/wp-json\/wp\/v2\/product"}],"about":[{"href":"https:\/\/www.meatprocessingmachine.org\/nn\/wp-json\/wp\/v2\/types\/product"}],"author":[{"embeddable":true,"href":"https:\/\/www.meatprocessingmachine.org\/nn\/wp-json\/wp\/v2\/users\/1"}],"wp:featuredmedia":[{"embeddable":true,"href":"https:\/\/www.meatprocessingmachine.org\/nn\/wp-json\/wp\/v2\/media\/885"}],"wp:attachment":[{"href":"https:\/\/www.meatprocessingmachine.org\/nn\/wp-json\/wp\/v2\/media?parent=875"}],"wp:term":[{"taxonomy":"product-type","embeddable":true,"href":"https:\/\/www.meatprocessingmachine.org\/nn\/wp-json\/wp\/v2\/product-type?post=875"}],"curies":[{"name":"wp","href":"https:\/\/api.w.org\/{rel}","templated":true}]}}