{"id":899,"date":"2020-11-27T10:07:52","date_gmt":"2020-11-27T02:07:52","guid":{"rendered":"http:\/\/www.meatprocessingmachine.org\/?p=899"},"modified":"2026-04-02T10:14:06","modified_gmt":"2026-04-02T02:14:06","slug":"bone-grinder-machine-meat-and-bone-grinder","status":"publish","type":"product","link":"https:\/\/www.meatprocessingmachine.org\/nn\/bone-grinder-machine-meat-and-bone-grinder.html","title":{"rendered":"Beinm\u00f8lle | Fisk og storfeknoke-pastekvernemaskin"},"content":{"rendered":"<div class=\"kk-star-ratings kksr-auto kksr-align-right kksr-valign-top\"     data-payload='{&quot;align&quot;:&quot;right&quot;,&quot;id&quot;:&quot;899&quot;,&quot;slug&quot;:&quot;default&quot;,&quot;valign&quot;:&quot;top&quot;,&quot;ignore&quot;:&quot;&quot;,&quot;reference&quot;:&quot;auto&quot;,&quot;class&quot;:&quot;&quot;,&quot;count&quot;:&quot;2&quot;,&quot;legendonly&quot;:&quot;&quot;,&quot;readonly&quot;:&quot;&quot;,&quot;score&quot;:&quot;5&quot;,&quot;starsonly&quot;:&quot;&quot;,&quot;best&quot;:&quot;5&quot;,&quot;gap&quot;:&quot;5&quot;,&quot;greet&quot;:&quot;Rate this product&quot;,&quot;legend&quot;:&quot;5\\\/5 - (2 votes)&quot;,&quot;size&quot;:&quot;24&quot;,&quot;title&quot;:&quot;Bone Grinder Machine | Fish and Beef Bone Paste Grinding Machine&quot;,&quot;width&quot;:&quot;142.5&quot;,&quot;_legend&quot;:&quot;{score}\\\/{best} - ({count} {votes})&quot;,&quot;font_factor&quot;:&quot;1.25&quot;}'>              <div class=\"kksr-stars\">      <div class=\"kksr-stars-inactive\">             <div class=\"kksr-star\" data-star=\"1\" style=\"padding-right: 5px\">               <div class=\"kksr-icon\" style=\"width: 24px; height: 24px;\"><\/div>         <\/div>             <div class=\"kksr-star\" data-star=\"2\" style=\"padding-right: 5px\">               <div class=\"kksr-icon\" style=\"width: 24px; height: 24px;\"><\/div>         <\/div>             <div class=\"kksr-star\" data-star=\"3\" style=\"padding-right: 5px\">               <div class=\"kksr-icon\" style=\"width: 24px; height: 24px;\"><\/div>         <\/div>             <div class=\"kksr-star\" data-star=\"4\" style=\"padding-right: 5px\">               <div class=\"kksr-icon\" style=\"width: 24px; height: 24px;\"><\/div>         <\/div>             <div class=\"kksr-star\" data-star=\"5\" style=\"padding-right: 5px\">               <div class=\"kksr-icon\" style=\"width: 24px; height: 24px;\"><\/div>         <\/div>     <\/div>      <div class=\"kksr-stars-active\" style=\"width: 142.5px;\">             <div class=\"kksr-star\" style=\"padding-right: 5px\">               <div class=\"kksr-icon\" style=\"width: 24px; height: 24px;\"><\/div>         <\/div>             <div class=\"kksr-star\" style=\"padding-right: 5px\">               <div class=\"kksr-icon\" style=\"width: 24px; height: 24px;\"><\/div>         <\/div>             <div class=\"kksr-star\" style=\"padding-right: 5px\">               <div class=\"kksr-icon\" style=\"width: 24px; height: 24px;\"><\/div>         <\/div>             <div class=\"kksr-star\" style=\"padding-right: 5px\">               <div class=\"kksr-icon\" style=\"width: 24px; height: 24px;\"><\/div>         <\/div>             <div class=\"kksr-star\" style=\"padding-right: 5px\">               <div class=\"kksr-icon\" style=\"width: 24px; height: 24px;\"><\/div>         <\/div>     <\/div> <\/div>                   <div class=\"kksr-legend\" style=\"font-size: 19.2px;\">             5\/5 - (2 stemmer)    <\/div>     <\/div>  <p>Knokke-kvernemaskinen er eit spesielt forbetra utstyr basert p\u00e5 kolloidm\u00f8lle. Den vert hovudsakleg brukt til \u00e5 kverne vatnet av knuste bein til slurry og mj\u00f8l, og kverne til ein finleik p\u00e5 100-200 mesh. Materialet vert ultrafin pulverisert, og kan pulverisere, emulgere, homogenisere og blande ulike semi-v\u00e5te kroppar og emulgerte stoff. Dei viktigaste tekniske indikatorane har n\u00e5dd det avanserte niv\u00e5et for liknande utanlandske produkt.<\/p>    <figure class=\"wp-block-embed is-type-video is-provider-youtube wp-block-embed-youtube wp-embed-aspect-16-9 wp-has-aspect-ratio\"><div class=\"wp-block-embed__wrapper\"> <iframe loading=\"lazy\" title=\"Beinm\u00f8llemaskin | H\u00f8y effektivitet Beingr\u00f8tbehandlingsutstyr\ud83e\udd69\" width=\"500\" height=\"281\" src=\"https:\/\/www.youtube.com\/embed\/GVGE_Dk08ss?feature=oembed\" frameborder=\"0\" allow=\"accelerometer; autoplay; clipboard-write; encrypted-media; gyroscope; picture-in-picture; web-share\" referrerpolicy=\"strict-origin-when-cross-origin\" allowfullscreen><\/iframe> <\/div><\/figure>    <h2 class=\"wp-block-heading\">Kva r\u00e5materiale kan knokke-kvernemaskinen prosessere?<\/h2>   <div class=\"wp-block-image\"> <figure class=\"aligncenter size-full\"><img loading=\"lazy\" decoding=\"async\" width=\"720\" height=\"540\" src=\"https:\/\/www.meatprocessingmachine.org\/wp-content\/uploads\/2020\/11\/raw-materials-of-the-bone-grinder.png\" alt=\"R\u00e5materiale til knokke-kvern\" class=\"wp-image-33064\" title=\"\" srcset=\"https:\/\/www.meatprocessingmachine.org\/wp-content\/uploads\/2020\/11\/raw-materials-of-the-bone-grinder.png 720w, https:\/\/www.meatprocessingmachine.org\/wp-content\/uploads\/2020\/11\/raw-materials-of-the-bone-grinder-300x225.png 300w\" sizes=\"auto, (max-width: 720px) 100vw, 720px\" \/><figcaption class=\"wp-element-caption\">R\u00e5materiale til knokke-kvern<\/figcaption><\/figure> <\/div>   <p><br>Knokke-kvernemaskinen kan kverne alle slags bein, hovudsakleg storfebein, lammebein, fiskeben, kyllingbein osv. Ved kverning, dersom bein og kj\u00f8tt er for store, som store stykke av storfebein, grisebein osv., m\u00e5 dei f\u00f8rst brytast opp, og beinene knusast til granulater. Dette kan ikkje berre auke arbeids- effektiviteten, men ogs\u00e5 beskytte maskinen mot skade p\u00e5 verkt\u00f8yet grunna for store bein.<\/p>    <h2 class=\"wp-block-heading\" id=\"h-application-of-bone-grinder-machine\">Bruksomr\u00e5de for knokke-kvernemaskin<\/h2>    <figure class=\"wp-block-gallery has-nested-images columns-default is-cropped wp-block-gallery-2 is-layout-flex wp-block-gallery-is-layout-flex\"> <figure class=\"wp-block-image size-large\"><img loading=\"lazy\" decoding=\"async\" width=\"720\" height=\"540\" data-id=\"33073\" src=\"https:\/\/www.meatprocessingmachine.org\/wp-content\/uploads\/2020\/11\/pet-food.png\" alt=\"pet food\" class=\"wp-image-33073\" title=\"\" srcset=\"https:\/\/www.meatprocessingmachine.org\/wp-content\/uploads\/2020\/11\/pet-food.png 720w, https:\/\/www.meatprocessingmachine.org\/wp-content\/uploads\/2020\/11\/pet-food-300x225.png 300w\" sizes=\"auto, (max-width: 720px) 100vw, 720px\" \/><figcaption class=\"wp-element-caption\">Dyref\u00f4r<\/figcaption><\/figure>    <figure class=\"wp-block-image size-large\"><img loading=\"lazy\" decoding=\"async\" width=\"720\" height=\"540\" data-id=\"33074\" src=\"https:\/\/www.meatprocessingmachine.org\/wp-content\/uploads\/2020\/11\/sausage.png\" alt=\"p\u00f8lse r\u00f8yking\" class=\"wp-image-33074\" title=\"\" srcset=\"https:\/\/www.meatprocessingmachine.org\/wp-content\/uploads\/2020\/11\/sausage.png 720w, https:\/\/www.meatprocessingmachine.org\/wp-content\/uploads\/2020\/11\/sausage-300x225.png 300w\" sizes=\"auto, (max-width: 720px) 100vw, 720px\" \/><figcaption class=\"wp-element-caption\">Kyllingkuttemaskin<\/figcaption><\/figure>    <figure class=\"wp-block-image size-large\"><img loading=\"lazy\" decoding=\"async\" width=\"720\" height=\"540\" data-id=\"33075\" src=\"https:\/\/www.meatprocessingmachine.org\/wp-content\/uploads\/2020\/11\/soup-stock.png\" alt=\"soup stock\" class=\"wp-image-33075\" title=\"\" srcset=\"https:\/\/www.meatprocessingmachine.org\/wp-content\/uploads\/2020\/11\/soup-stock.png 720w, https:\/\/www.meatprocessingmachine.org\/wp-content\/uploads\/2020\/11\/soup-stock-300x225.png 300w\" sizes=\"auto, (max-width: 720px) 100vw, 720px\" \/><figcaption class=\"wp-element-caption\">Kraftkoking til suppe<\/figcaption><\/figure> <\/figure>    <p>I samsvar med samansetjinga og eigenskapane til dyrebein, bruker den ein spesiell knusingsprinsipp for \u00e5 lage beinmj\u00f8l. Dyrbein inneheld mange n\u00e6ringsstoff som protein og fett. Det er eit n\u00e6ringsrikt, l\u00e5g-kalori produkt. Beinmel og beinpasta laga av dyrebein inneheld mange n\u00e6ringsstoff som kroppen treng, som protein, fett, vitaminar, kollagen, kalsium osv. For tida vert beinpasta hovudsakleg brukt som eit mattilsetningsstoff eller direkte til produksjon av krydder. Beinpasta er blitt mykje brukt i Europa, Japan, USA og andre land til \u00e5 lage kj\u00f8ttbollar, kj\u00f8ttkaker, kj\u00f8ttfloss, enema og andre produkt. I Kina vert beinpasta ogs\u00e5 brukt i h\u00f8gtemperatur kj\u00f8ttprodukter, hermetikk og andre matvarer, og kan ogs\u00e5 brukast til \u00e5 lage suppe.<\/p>    <h2 class=\"wp-block-heading\">Parameterar for knokke-kvernemaskin<\/h2>    <ul class=\"wp-block-list\"> <li>Modell: TZ-80 \u00a0Beinpasta-maskin<\/li>    <li>Finleik p\u00e5 prosessering: 2-50\u03bcm<\/li>    <li>Utgang: 50-100kg\/t<\/li>    <li>Effekt: 4kw<\/li>    <li>Vekt: 150kg<\/li>    <li>Dimensjonar: 600*410*930mm<\/li> <\/ul>    <h2 class=\"wp-block-heading\" id=\"h-bone-grinder-machine-working-principle\">Arbeidsprinsipp for knokke-kvernemaskin<\/h2>    <p class=\"translation-block\">Dersom r\u00e5materialet ditt er store bein, treng du ein <a href=\"https:\/\/www.meatprocessingmachine.org\/nn\/animal-bone-crushing-machine.html\/\">beinknusarmaskin<\/a> for \u00e5 knuse dei store beina til jamnlege granul\u00e6re beinpulver fyrst. Deretter kan du kverne dei sm\u00e5 partiklane til ein pasta med bein- og kj\u00f8ttkvernmaskinen. Dette vil redusere skade p\u00e5 kverningsverkt\u00f8yet grunna harde bein.<\/p>   <div class=\"wp-block-image\"> <figure class=\"aligncenter size-full\"><img loading=\"lazy\" decoding=\"async\" width=\"720\" height=\"540\" src=\"https:\/\/www.meatprocessingmachine.org\/wp-content\/uploads\/2020\/11\/beef-bone-paste-grinding.png\" alt=\"Storfekj\u00f8ttpasta-kverning\" class=\"wp-image-33065\" title=\"\" srcset=\"https:\/\/www.meatprocessingmachine.org\/wp-content\/uploads\/2020\/11\/beef-bone-paste-grinding.png 720w, https:\/\/www.meatprocessingmachine.org\/wp-content\/uploads\/2020\/11\/beef-bone-paste-grinding-300x225.png 300w\" sizes=\"auto, (max-width: 720px) 100vw, 720px\" \/><figcaption class=\"wp-element-caption\">Storfekj\u00f8ttpasta-kverning<\/figcaption><\/figure> <\/div>   <p>Kj\u00f8tt- og bein-kvern kverner materialet gjennom h\u00f8g hastigheit av stator og rotor med ulike geometriske former. N\u00e5r stator og rotor beveger seg i h\u00f8g hastigheit, vil det generere fleire samansette krefter som h\u00f8g-frekvens vibrasjon, h\u00f8ghastigheits vortex og skj\u00e6rkraft. Under p\u00e5verknad av desse samansette kreftene, kvernar maskinen materialet og gjer det finare. Taizy sin bein-kvernmaskin nyttar finpussa prosessering. Det finst tre kverne- sonear i knusingskammeret: grovkverne- sone, finkverne- sone og superfinkverne- sone. Gjennom desse tre kverne- soneane oppn\u00e5r ein st\u00f8rst mogleg brot og oppfyller krava til finleik og glattheit.<\/p>    <h2 class=\"wp-block-heading\" id=\"h-fish-and-beef-bone-paste-grinding-machine-characteristics\">Eigenskapar ved fisk og storfeknokkepastamaskin<\/h2>   <div class=\"wp-block-image\"> <figure class=\"aligncenter size-full\"><img loading=\"lazy\" decoding=\"async\" width=\"720\" height=\"540\" src=\"https:\/\/www.meatprocessingmachine.org\/wp-content\/uploads\/2020\/11\/bone-grinder-machine-1.jpg\" alt=\"knokke-kvern-maskin\" class=\"wp-image-33066\" title=\"\" srcset=\"https:\/\/www.meatprocessingmachine.org\/wp-content\/uploads\/2020\/11\/bone-grinder-machine-1.jpg 720w, https:\/\/www.meatprocessingmachine.org\/wp-content\/uploads\/2020\/11\/bone-grinder-machine-1-300x225.jpg 300w\" sizes=\"auto, (max-width: 720px) 100vw, 720px\" \/><figcaption class=\"wp-element-caption\">knokke-kvern-maskin<\/figcaption><\/figure> <\/div>   <ol style=\"list-style-type:1\" class=\"wp-block-list\"> <li>Knokke-kvernen har vertikale, horisontale, splitt og andre spesifikasjonar, og maskinen har ulike utgangs- kapasitet.<\/li>    <li>Maskinen best\u00e5r hovudsakleg av eit deksel, kverningshode, justeringshandtak, kj\u00f8lesystem, motor og andre delar. Hovuddelane er laga av matvaregodkjend rustfritt st\u00e5l, som er korrosjonsbestandig, trygg og effektiv.<\/li>    <li>Denne maskinen kan brukast ikkje berre til \u00e5 lage beinpasta, men ogs\u00e5 til \u00e5 lage pean\u00f8ttsm\u00f8r, chili-saus, soyamelk og andre matvarer. Den er ogs\u00e5 mykje brukt i daglegvare, kjemisk industri, farmas\u00f8ytisk industri og andre bransjar. Etter ulike eigenskapar til materiala kan du velje maskiner med ulike spesifikasjonar og modell for produksjon.<\/li>    <li>Knokke-kvernemaskinen har eigenskapar som kompakt struktur, pen utforming, stabil ytelse og enkel betjening.<\/li>    <li>Beinpastaen som vert produsert av denne maskinen er eit ideelt fint materiale. Og den kan kontrollere finleiken p\u00e5 kverninga ved \u00e5 justere justeringshandtaket og auke talet p\u00e5 kverneomgangen.<\/li>    <li>Kverningsskiva til beinmj\u00f8lk-kvernemaskinen er forsterka for \u00e5 ha god korrosjons- og slitasjebestand.<\/li> <\/ol>    <h2 class=\"wp-block-heading\" id=\"h-precautions-of-fish-and-beef-bone-paste-grinding-machine\">Forsiktighetsregler for fisk og storfeknokke-pastamaskin<\/h2>   <div class=\"wp-block-image\"> <figure class=\"aligncenter size-full\"><img loading=\"lazy\" decoding=\"async\" width=\"720\" height=\"540\" src=\"https:\/\/www.meatprocessingmachine.org\/wp-content\/uploads\/2020\/11\/bone-grinder-machine-1.png\" alt=\"knokke-kvernemaskin\" class=\"wp-image-33072\" title=\"\" srcset=\"https:\/\/www.meatprocessingmachine.org\/wp-content\/uploads\/2020\/11\/bone-grinder-machine-1.png 720w, https:\/\/www.meatprocessingmachine.org\/wp-content\/uploads\/2020\/11\/bone-grinder-machine-1-300x225.png 300w\" sizes=\"auto, (max-width: 720px) 100vw, 720px\" \/><figcaption class=\"wp-element-caption\">knokke-kvernemaskin<\/figcaption><\/figure> <\/div>   <ol style=\"list-style-type:1\" class=\"wp-block-list\"> <li>Du b\u00f8r installere beinpasta-kvernemaskinen p\u00e5 jamn underlag for \u00e5 sikre jevn drift.<\/li>    <li>Maskinen utf\u00f8rer intelligent v\u00e5tbehandling og kan ikkje prosessere t\u00f8rre faste stoff.<\/li>    <li>F\u00f8r du bruker maskinen til kverning, sjekk om skruane p\u00e5 alle delar er stramme. Kontroller ogs\u00e5 om rotoren er i kontakt med statoren, og om den er fastl\u00e5st.<\/li>    <li>&nbsp;Sjekk om det er nokre urenheiter i mataren og maskinen. N\u00e5r du legg inn materialar, b\u00f8r du kontrollere at materialet er innan 1mm. Det er strengt forbod mot \u00e5 putte jern og harde partiklar i maskinen.<\/li>    <li>Koble til str\u00f8mkraftforsyninga og sjekk om rotordireksjonen er i samsvar med pilen p\u00e5 basen.<\/li>    <li>Etter \u00e5 ha starta motoren, sjekk om det er unormale lyder eller andre avvik.<\/li> <\/ol>    <h2 class=\"wp-block-heading\" id=\"h-how-to-adjust-the-bone-grinder-machine-gap\">Korleis justere gapet p\u00e5 knokke-kvernemaskinen?<\/h2>   <div class=\"wp-block-image\"> <figure class=\"aligncenter size-full\"><img loading=\"lazy\" decoding=\"async\" width=\"720\" height=\"540\" src=\"https:\/\/www.meatprocessingmachine.org\/wp-content\/uploads\/2020\/11\/beef-bone-paste-grinding-machinel.png\" alt=\" storfekj\u00f8ttpasta-kvernemaskin\" class=\"wp-image-33090\" title=\"\" srcset=\"https:\/\/www.meatprocessingmachine.org\/wp-content\/uploads\/2020\/11\/beef-bone-paste-grinding-machinel.png 720w, https:\/\/www.meatprocessingmachine.org\/wp-content\/uploads\/2020\/11\/beef-bone-paste-grinding-machinel-300x225.png 300w\" sizes=\"auto, (max-width: 720px) 100vw, 720px\" \/><figcaption class=\"wp-element-caption\"> storfekj\u00f8ttpasta-kvernemaskin<\/figcaption><\/figure> <\/div>   <p>Det kan vere ulike krav til finleiken p\u00e5 den kverna beinpasta for ulike kundar. S\u00e5 korleis justere knokke-kvernemaskinen for \u00e5 oppn\u00e5 \u00f8nskja finleik? Du kan justere justeringshandtaket for \u00e5 justere finleiken p\u00e5 den knuste beinmj\u00f8len. Drei justeringshandtaket med klokka, og gapet mellom stator og rotor vert mindre. Og finleiken p\u00e5 kverninga vert finare. N\u00e5r du justerer handtaket, drei det med klokka. N\u00e5r du kjenner litt friksjon, drei det i motsatt retning slik at gapet mellom kverningshodene vert st\u00f8rre enn 0. Etter \u00e5 ha justert finleiken, stram handtaket p\u00e5 justeringsringen. For \u00e5 oppfylle krav til prosesseringsfinleik, b\u00f8r gapet mellom kverningsskivene vere s\u00e5 stort som mogleg. Dette kan auke levetida til kverningshodet.<\/p>    <h2 class=\"wp-block-heading\">Kundecase for bein-kverning<\/h2>   <div class=\"wp-block-image\"> <figure class=\"aligncenter size-full\"><img loading=\"lazy\" decoding=\"async\" width=\"720\" height=\"540\" src=\"https:\/\/www.meatprocessingmachine.org\/wp-content\/uploads\/2020\/11\/bone-grinder-machine.png\" alt=\"knokke-kvern-maskin\" class=\"wp-image-33068\" title=\"\" srcset=\"https:\/\/www.meatprocessingmachine.org\/wp-content\/uploads\/2020\/11\/bone-grinder-machine.png 720w, https:\/\/www.meatprocessingmachine.org\/wp-content\/uploads\/2020\/11\/bone-grinder-machine-300x225.png 300w\" sizes=\"auto, (max-width: 720px) 100vw, 720px\" \/><figcaption class=\"wp-element-caption\">knokke-kvern<\/figcaption><\/figure> <\/div>   <p><br>Nyleg sende vi knokke- og beinmj\u00f8lk-kvernemaskinen til kunden. Kunden treng \u00e5 prosessere dyref\u00f4r. R\u00e5materialet er svinebein, men beinet er relativt stort, s\u00e5 det m\u00e5 f\u00f8rst knusast, og deretter kvernast. Bein vert tilsett i dyref\u00f4r, noko som ikkje berre aukar aromaen, men ogs\u00e5 gir rik n\u00e6ring.<\/p>    <h2 class=\"wp-block-heading\">Video av bein-kverning<\/h2>    <figure class=\"wp-block-embed aligncenter is-type-video is-provider-youtube wp-block-embed-youtube\"><div class=\"wp-block-embed__wrapper\"> <iframe loading=\"lazy\" title=\"Kva maskin kan kverne bein? | fisk og storfeknokkekvern til salgs | bein-kvernemaskin\" width=\"500\" height=\"281\" src=\"https:\/\/www.youtube.com\/embed\/aJFLYTwqDF0?feature=oembed\" frameborder=\"0\" allow=\"accelerometer; autoplay; clipboard-write; encrypted-media; gyroscope; picture-in-picture; web-share\" referrerpolicy=\"strict-origin-when-cross-origin\" allowfullscreen><\/iframe> <\/div><figcaption class=\"wp-element-caption\">knokke-kvern<\/figcaption><\/figure>","protected":false},"excerpt":{"rendered":"<p>Knokke-kvernemaskinen vert ofte brukt saman med ein beinknusar for \u00e5 knuse dyrebein og lage beinmj\u00f8l.<\/p>","protected":false},"author":1,"featured_media":33067,"parent":0,"template":"","product-type":[594],"class_list":["post-899","product","type-product","status-publish","has-post-thumbnail","hentry","product-type-bone-processing-equipment"],"_links":{"self":[{"href":"https:\/\/www.meatprocessingmachine.org\/nn\/wp-json\/wp\/v2\/product\/899","targetHints":{"allow":["GET"]}}],"collection":[{"href":"https:\/\/www.meatprocessingmachine.org\/nn\/wp-json\/wp\/v2\/product"}],"about":[{"href":"https:\/\/www.meatprocessingmachine.org\/nn\/wp-json\/wp\/v2\/types\/product"}],"author":[{"embeddable":true,"href":"https:\/\/www.meatprocessingmachine.org\/nn\/wp-json\/wp\/v2\/users\/1"}],"wp:featuredmedia":[{"embeddable":true,"href":"https:\/\/www.meatprocessingmachine.org\/nn\/wp-json\/wp\/v2\/media\/33067"}],"wp:attachment":[{"href":"https:\/\/www.meatprocessingmachine.org\/nn\/wp-json\/wp\/v2\/media?parent=899"}],"wp:term":[{"taxonomy":"product-type","embeddable":true,"href":"https:\/\/www.meatprocessingmachine.org\/nn\/wp-json\/wp\/v2\/product-type?post=899"}],"curies":[{"name":"wp","href":"https:\/\/api.w.org\/{rel}","templated":true}]}}