{"id":91,"date":"2018-10-25T06:08:16","date_gmt":"2018-10-24T22:08:16","guid":{"rendered":"http:\/\/www.meatprocessingmachine.org\/?p=91"},"modified":"2023-02-16T13:51:39","modified_gmt":"2023-02-16T05:51:39","slug":"frozen-meat-cutting-machine","status":"publish","type":"product","link":"https:\/\/www.meatprocessingmachine.org\/nn\/frozen-meat-cutting-machine.html","title":{"rendered":"Frossen kj\u00f8ttkuttmaskin | Frossen kj\u00f8ttskiver"},"content":{"rendered":"<div class=\"kk-star-ratings kksr-auto kksr-align-right kksr-valign-top\"     data-payload='{&quot;align&quot;:&quot;right&quot;,&quot;id&quot;:&quot;91&quot;,&quot;slug&quot;:&quot;default&quot;,&quot;valign&quot;:&quot;top&quot;,&quot;ignore&quot;:&quot;&quot;,&quot;reference&quot;:&quot;auto&quot;,&quot;class&quot;:&quot;&quot;,&quot;count&quot;:&quot;0&quot;,&quot;legendonly&quot;:&quot;&quot;,&quot;readonly&quot;:&quot;&quot;,&quot;score&quot;:&quot;0&quot;,&quot;starsonly&quot;:&quot;&quot;,&quot;best&quot;:&quot;5&quot;,&quot;gap&quot;:&quot;5&quot;,&quot;greet&quot;:&quot;Rate this product&quot;,&quot;legend&quot;:&quot;0\\\/5 - (0 votes)&quot;,&quot;size&quot;:&quot;24&quot;,&quot;title&quot;:&quot;Frozen meat cutting machine | Frozen meat slicer&quot;,&quot;width&quot;:&quot;0&quot;,&quot;_legend&quot;:&quot;{score}\\\/{best} - ({count} {votes})&quot;,&quot;font_factor&quot;:&quot;1.25&quot;}'>              <div class=\"kksr-stars\">      <div class=\"kksr-stars-inactive\">             <div class=\"kksr-star\" data-star=\"1\" style=\"padding-right: 5px\">               <div class=\"kksr-icon\" style=\"width: 24px; height: 24px;\"><\/div>         <\/div>             <div class=\"kksr-star\" data-star=\"2\" style=\"padding-right: 5px\">               <div class=\"kksr-icon\" style=\"width: 24px; height: 24px;\"><\/div>         <\/div>             <div class=\"kksr-star\" data-star=\"3\" style=\"padding-right: 5px\">               <div class=\"kksr-icon\" style=\"width: 24px; height: 24px;\"><\/div>         <\/div>             <div class=\"kksr-star\" data-star=\"4\" style=\"padding-right: 5px\">               <div class=\"kksr-icon\" style=\"width: 24px; height: 24px;\"><\/div>         <\/div>             <div class=\"kksr-star\" data-star=\"5\" style=\"padding-right: 5px\">               <div class=\"kksr-icon\" style=\"width: 24px; height: 24px;\"><\/div>         <\/div>     <\/div>      <div class=\"kksr-stars-active\" style=\"width: 0px;\">             <div class=\"kksr-star\" style=\"padding-right: 5px\">               <div class=\"kksr-icon\" style=\"width: 24px; height: 24px;\"><\/div>         <\/div>             <div class=\"kksr-star\" style=\"padding-right: 5px\">               <div class=\"kksr-icon\" style=\"width: 24px; height: 24px;\"><\/div>         <\/div>             <div class=\"kksr-star\" style=\"padding-right: 5px\">               <div class=\"kksr-icon\" style=\"width: 24px; height: 24px;\"><\/div>         <\/div>             <div class=\"kksr-star\" style=\"padding-right: 5px\">               <div class=\"kksr-icon\" style=\"width: 24px; height: 24px;\"><\/div>         <\/div>             <div class=\"kksr-star\" style=\"padding-right: 5px\">               <div class=\"kksr-icon\" style=\"width: 24px; height: 24px;\"><\/div>         <\/div>     <\/div> <\/div>                   <div class=\"kksr-legend\" style=\"font-size: 19.2px;\">             <span class=\"kksr-muted\">Vurder dette produktet<\/span>     <\/div>     <\/div>  <p class=\"translation-block\">Den frosne kj\u00f8ttskj\u00e6remaskinen kan kverne det frosne kj\u00f8ttet, og det kvernede kj\u00f8ttet kan setjast inn i kj\u00f8ttkverna for \u00e5 bli til kj\u00f8ttdeig, som brukes til \u00e5 lage kj\u00f8tprodukt som p\u00f8lser, kj\u00f8ttpaier, kj\u00f8ttbollar osv. Denne <a href=\"https:\/\/www.meatprocessingmachine.org\/nn\/frozen-meat-block-crushing-and-grinder-line.html\/\" data-type=\"URL\" data-id=\"https:\/\/www.meatprocessingmachine.org\/frozen-meat-block-crushing-and-grinder-line.html\">frossen kj\u00f8ttskj\u00e6rer<\/a> er i Australia, Indonesia, Spania, S\u00f8r-Afrika og Filippinene og selg veldig godt.<\/p>    <figure class=\"wp-block-gallery has-nested-images columns-default is-cropped wp-block-gallery-2 is-layout-flex wp-block-gallery-is-layout-flex\"> <figure class=\"wp-block-image size-large\"><img loading=\"lazy\" decoding=\"async\" width=\"720\" height=\"540\" data-id=\"34146\" src=\"https:\/\/www.meatprocessingmachine.org\/wp-content\/uploads\/2018\/10\/frozen-meat-before-breaking.webp\" alt=\"frozen meat before crushing\" class=\"wp-image-34146\" title=\"\" srcset=\"https:\/\/www.meatprocessingmachine.org\/wp-content\/uploads\/2018\/10\/frozen-meat-before-breaking.webp 720w, https:\/\/www.meatprocessingmachine.org\/wp-content\/uploads\/2018\/10\/frozen-meat-before-breaking-300x225.webp 300w\" sizes=\"auto, (max-width: 720px) 100vw, 720px\" \/><figcaption class=\"wp-element-caption\">Frossent kj\u00f8tt f\u00f8r kverning<\/figcaption><\/figure>    <figure class=\"wp-block-image size-large\"><img loading=\"lazy\" decoding=\"async\" width=\"720\" height=\"540\" data-id=\"34147\" src=\"https:\/\/www.meatprocessingmachine.org\/wp-content\/uploads\/2018\/10\/After-frozen-meat-crushing.webp\" alt=\"Etter frossen kj\u00f8ttkvern\" class=\"wp-image-34147\" title=\"\" srcset=\"https:\/\/www.meatprocessingmachine.org\/wp-content\/uploads\/2018\/10\/After-frozen-meat-crushing.webp 720w, https:\/\/www.meatprocessingmachine.org\/wp-content\/uploads\/2018\/10\/After-frozen-meat-crushing-300x225.webp 300w\" sizes=\"auto, (max-width: 720px) 100vw, 720px\" \/><figcaption class=\"wp-element-caption\">Etter frossen kj\u00f8ttkvern<\/figcaption><\/figure> <\/figure>   <h2>Introduksjon til frossen kj\u00f8ttskj\u00e6remaskin<\/h2> <p class=\"translation-block\">The frozen meat cutting machine can directly cut frozen meat pieces, which is indispensable equipment in the processing of meat products. The whole machine is made of high-quality stainless steel, and the blade is made of high-quality alloy with a good cutting effect. There is no need to thaw during the production process, and it can directly cut all kinds of frozen meat from -18\u00b0C to -12\u00b0C. This machine reduces the freezing and thawing time and avoids the loss of nutrients during the meat re-lowering process, and reduces the users&#8217; cost. <strong>The frozen meat-cutting machine<\/strong> makes the meat free from secondary pollution and loss, ensuring deliciousness,\u00a0 nutrients, and taste.<\/p>   <figure class=\"wp-block-gallery has-nested-images columns-default is-cropped wp-block-gallery-3 is-layout-flex wp-block-gallery-is-layout-flex\"> <figure class=\"wp-block-image size-large\"><img loading=\"lazy\" decoding=\"async\" width=\"720\" height=\"540\" data-id=\"34131\" src=\"https:\/\/www.meatprocessingmachine.org\/wp-content\/uploads\/2018\/10\/Frozen-meat-slicer.webp\" alt=\"Frossen kj\u00f8ttskj\u00e6rer\" class=\"wp-image-34131\" title=\"\" srcset=\"https:\/\/www.meatprocessingmachine.org\/wp-content\/uploads\/2018\/10\/Frozen-meat-slicer.webp 720w, https:\/\/www.meatprocessingmachine.org\/wp-content\/uploads\/2018\/10\/Frozen-meat-slicer-300x225.webp 300w\" sizes=\"auto, (max-width: 720px) 100vw, 720px\" \/><figcaption class=\"wp-element-caption\">Frossen kj\u00f8ttskivar<\/figcaption><\/figure>    <figure class=\"wp-block-image size-large\"><img loading=\"lazy\" decoding=\"async\" width=\"720\" height=\"540\" data-id=\"34133\" src=\"https:\/\/www.meatprocessingmachine.org\/wp-content\/uploads\/2018\/10\/Frozen-meat-slicer-1.webp\" alt=\"Frossen kj\u00f8ttskj\u00e6rer\" class=\"wp-image-34133\" title=\"\" srcset=\"https:\/\/www.meatprocessingmachine.org\/wp-content\/uploads\/2018\/10\/Frozen-meat-slicer-1.webp 720w, https:\/\/www.meatprocessingmachine.org\/wp-content\/uploads\/2018\/10\/Frozen-meat-slicer-1-300x225.webp 300w\" sizes=\"auto, (max-width: 720px) 100vw, 720px\" \/><figcaption class=\"wp-element-caption\">Frossen kj\u00f8ttskivar<\/figcaption><\/figure>    <figure class=\"wp-block-image size-large\"><img loading=\"lazy\" decoding=\"async\" width=\"720\" height=\"540\" data-id=\"34134\" src=\"https:\/\/www.meatprocessingmachine.org\/wp-content\/uploads\/2018\/10\/Frozen-meat-slicer-2.webp\" alt=\"Frossen kj\u00f8ttskj\u00e6rer\" class=\"wp-image-34134\" title=\"\" srcset=\"https:\/\/www.meatprocessingmachine.org\/wp-content\/uploads\/2018\/10\/Frozen-meat-slicer-2.webp 720w, https:\/\/www.meatprocessingmachine.org\/wp-content\/uploads\/2018\/10\/Frozen-meat-slicer-2-300x225.webp 300w\" sizes=\"auto, (max-width: 720px) 100vw, 720px\" \/><figcaption class=\"wp-element-caption\">Frossen kj\u00f8ttskivar<\/figcaption><\/figure> <\/figure>    <h2 class=\"wp-block-heading\" id=\"h-features-of-meat-cutter-machine\"><strong>Egenskaper<\/strong> av kj\u00f8ttkutteren<\/h2>    <figure class=\"wp-block-gallery has-nested-images columns-2 is-cropped wp-block-gallery-4 is-layout-flex wp-block-gallery-is-layout-flex\"> <figure class=\"wp-block-image size-large\"><img loading=\"lazy\" decoding=\"async\" width=\"720\" height=\"540\" data-id=\"34135\" src=\"https:\/\/www.meatprocessingmachine.org\/wp-content\/uploads\/2018\/10\/Frozen-meat-cutting-machine.webp\" alt=\"Frossen kj\u00f8ttskj\u00e6ringsmaskin\" class=\"wp-image-34135\" title=\"\" srcset=\"https:\/\/www.meatprocessingmachine.org\/wp-content\/uploads\/2018\/10\/Frozen-meat-cutting-machine.webp 720w, https:\/\/www.meatprocessingmachine.org\/wp-content\/uploads\/2018\/10\/Frozen-meat-cutting-machine-300x225.webp 300w\" sizes=\"auto, (max-width: 720px) 100vw, 720px\" \/><figcaption class=\"wp-element-caption\">Frossen kj\u00f8ttskj\u00e6ringsmaskin<\/figcaption><\/figure>    <figure class=\"wp-block-image size-large\"><img loading=\"lazy\" decoding=\"async\" width=\"720\" height=\"540\" data-id=\"34137\" src=\"https:\/\/www.meatprocessingmachine.org\/wp-content\/uploads\/2018\/10\/Frozen-meat-cutting-machine-2.webp\" alt=\"Frossen kj\u00f8ttskj\u00e6ringsmaskin\" class=\"wp-image-34137\" title=\"\" srcset=\"https:\/\/www.meatprocessingmachine.org\/wp-content\/uploads\/2018\/10\/Frozen-meat-cutting-machine-2.webp 720w, https:\/\/www.meatprocessingmachine.org\/wp-content\/uploads\/2018\/10\/Frozen-meat-cutting-machine-2-300x225.webp 300w\" sizes=\"auto, (max-width: 720px) 100vw, 720px\" \/><figcaption class=\"wp-element-caption\">Frossen kj\u00f8ttskj\u00e6ringsmaskin<\/figcaption><\/figure>    <figure class=\"wp-block-image size-large\"><img loading=\"lazy\" decoding=\"async\" width=\"720\" height=\"540\" data-id=\"34136\" src=\"https:\/\/www.meatprocessingmachine.org\/wp-content\/uploads\/2018\/10\/Frozen-meat-cutting-machine-1.webp\" alt=\"Frossen kj\u00f8ttskj\u00e6ringsmaskin\" class=\"wp-image-34136\" title=\"\" srcset=\"https:\/\/www.meatprocessingmachine.org\/wp-content\/uploads\/2018\/10\/Frozen-meat-cutting-machine-1.webp 720w, https:\/\/www.meatprocessingmachine.org\/wp-content\/uploads\/2018\/10\/Frozen-meat-cutting-machine-1-300x225.webp 300w\" sizes=\"auto, (max-width: 720px) 100vw, 720px\" \/><figcaption class=\"wp-element-caption\">Frossen kj\u00f8ttskj\u00e6ringsmaskin<\/figcaption><\/figure>    <figure class=\"wp-block-image size-large\"><img loading=\"lazy\" decoding=\"async\" width=\"720\" height=\"540\" data-id=\"34138\" src=\"https:\/\/www.meatprocessingmachine.org\/wp-content\/uploads\/2018\/10\/Frozen-meat-cutting-machine-3.webp\" alt=\"Frossen kj\u00f8ttskj\u00e6ringsmaskin\" class=\"wp-image-34138\" title=\"\" srcset=\"https:\/\/www.meatprocessingmachine.org\/wp-content\/uploads\/2018\/10\/Frozen-meat-cutting-machine-3.webp 720w, https:\/\/www.meatprocessingmachine.org\/wp-content\/uploads\/2018\/10\/Frozen-meat-cutting-machine-3-300x225.webp 300w\" sizes=\"auto, (max-width: 720px) 100vw, 720px\" \/><figcaption class=\"wp-element-caption\">Frossen kj\u00f8ttskj\u00e6ringsmaskin<\/figcaption><\/figure> <\/figure>    <p>Den frosne kj\u00f8ttskj\u00e6remaskinen tek i bruk avansert teknologi fr\u00e5 liknande produkt i inn- og utland og kombinerer med den faktiske prosesseringsteknologien i Kina for \u00e5 utvikle og produsere. Den har stabil ytelse, lite innmat og h\u00f8g produksjonseffektivitet.<\/p>    <h2 class=\"wp-block-heading\" id=\"h-specification\"> SL-200 frossen kj\u00f8ttskj\u00e6remaskin parameterar<\/h2>    <figure class=\"wp-block-table\"><table><tbody><tr><td>Modell<\/td><td>Dimensjon<\/td><td>Kapastitet<\/td><td>Motorhastigheit<\/td><td>Kraft<\/td><td>Vekt<\/td><\/tr><tr><td>SL-200<\/td><td>1255*720*1420mm<\/td><td>3~5t\/h<\/td><td>1450<\/td><td>5.5kw<\/td><td>600kg<\/td><\/tr><\/tbody><\/table><figcaption class=\"wp-element-caption\">Parameterar for frossen kj\u00f8ttskj\u00e6remaskin<\/figcaption><\/figure>    <h2 class=\"wp-block-heading\" id=\"h-advantages-of-frozen-meat-cutting-machine\">Fordelar med frossen kj\u00f8ttskj\u00e6remaskin<\/h2>    <p>1. Det r\u00e5 kj\u00f8ttet fr\u00e5 -18\u00b0C til -12\u00b0C kan kutast direkte, noko som eliminerer mellomleggs-temperering, forkorter behandlingstida og forbetra produktkvaliteten og produksjonsraten.<\/p>    <p>2. Kutteren bruker h\u00f8gkvalitets legeringsst\u00e5l og anti-korrosjon behandling, slik at tenestel\u00f8pet er lengre og meir varig<\/p>    <p>3. Hovudkomponentane er laga av 304 rustfritt st\u00e5l, som ikkje ruster lett og oppfyller nasjonale matkrav.<\/p>    <p>4. Enkel \u00e5 betjene og vedlikehalde.<\/p>    <p>5. St\u00f8rrelsen kan justerast etter kundens krav.<\/p>    <h2 class=\"wp-block-heading\" id=\"h-frozen-meat-slicer-instructions\">Instruksjonar for frossen kj\u00f8ttskj\u00e6rer <\/h2>    <figure class=\"wp-block-gallery has-nested-images columns-default is-cropped wp-block-gallery-5 is-layout-flex wp-block-gallery-is-layout-flex\"> <figure class=\"wp-block-image size-large\"><img loading=\"lazy\" decoding=\"async\" width=\"720\" height=\"540\" data-id=\"34140\" src=\"https:\/\/www.meatprocessingmachine.org\/wp-content\/uploads\/2018\/10\/Frozen-meat-slicer-details.webp\" alt=\"Detaljar om frossen kj\u00f8ttskj\u00e6remaskin\" class=\"wp-image-34140\" title=\"\" srcset=\"https:\/\/www.meatprocessingmachine.org\/wp-content\/uploads\/2018\/10\/Frozen-meat-slicer-details.webp 720w, https:\/\/www.meatprocessingmachine.org\/wp-content\/uploads\/2018\/10\/Frozen-meat-slicer-details-300x225.webp 300w\" sizes=\"auto, (max-width: 720px) 100vw, 720px\" \/><figcaption class=\"wp-element-caption\">Detaljar om frossen kj\u00f8ttskj\u00e6rer<\/figcaption><\/figure>    <figure class=\"wp-block-image size-large\"><img loading=\"lazy\" decoding=\"async\" width=\"720\" height=\"540\" data-id=\"34141\" src=\"https:\/\/www.meatprocessingmachine.org\/wp-content\/uploads\/2018\/10\/Frozen-meat-slicer-details-1.webp\" alt=\"Detaljar om frossen kj\u00f8ttskj\u00e6remaskin\" class=\"wp-image-34141\" title=\"\" srcset=\"https:\/\/www.meatprocessingmachine.org\/wp-content\/uploads\/2018\/10\/Frozen-meat-slicer-details-1.webp 720w, https:\/\/www.meatprocessingmachine.org\/wp-content\/uploads\/2018\/10\/Frozen-meat-slicer-details-1-300x225.webp 300w\" sizes=\"auto, (max-width: 720px) 100vw, 720px\" \/><figcaption class=\"wp-element-caption\">Detaljar om frossen kj\u00f8ttskj\u00e6rer<\/figcaption><\/figure>    <figure class=\"wp-block-image size-large\"><img loading=\"lazy\" decoding=\"async\" width=\"720\" height=\"540\" data-id=\"34142\" src=\"https:\/\/www.meatprocessingmachine.org\/wp-content\/uploads\/2018\/10\/frozen-meat-crusher-knives.webp\" alt=\"frozen meat crusher knives\" class=\"wp-image-34142\" title=\"\" srcset=\"https:\/\/www.meatprocessingmachine.org\/wp-content\/uploads\/2018\/10\/frozen-meat-crusher-knives.webp 720w, https:\/\/www.meatprocessingmachine.org\/wp-content\/uploads\/2018\/10\/frozen-meat-crusher-knives-300x225.webp 300w\" sizes=\"auto, (max-width: 720px) 100vw, 720px\" \/><figcaption class=\"wp-element-caption\">Frossen kj\u00f8ttkvernknivar<\/figcaption><\/figure>    <figure class=\"wp-block-image size-large\"><img loading=\"lazy\" decoding=\"async\" width=\"720\" height=\"540\" data-id=\"34143\" src=\"https:\/\/www.meatprocessingmachine.org\/wp-content\/uploads\/2018\/10\/Frozen-meat-crusher-meat-pusher.webp\" alt=\"Frossen kj\u00f8ttkvern kj\u00f8ttskubber\" class=\"wp-image-34143\" title=\"\" srcset=\"https:\/\/www.meatprocessingmachine.org\/wp-content\/uploads\/2018\/10\/Frozen-meat-crusher-meat-pusher.webp 720w, https:\/\/www.meatprocessingmachine.org\/wp-content\/uploads\/2018\/10\/Frozen-meat-crusher-meat-pusher-300x225.webp 300w\" sizes=\"auto, (max-width: 720px) 100vw, 720px\" \/><figcaption class=\"wp-element-caption\">Frossen kj\u00f8ttkvern kj\u00f8ttskubber<\/figcaption><\/figure>    <figure class=\"wp-block-image size-large\"><img loading=\"lazy\" decoding=\"async\" width=\"720\" height=\"540\" data-id=\"34144\" src=\"https:\/\/www.meatprocessingmachine.org\/wp-content\/uploads\/2018\/10\/frozen-meat-crusher-knives-details.webp\" alt=\"frozen meat crusher knives details\" class=\"wp-image-34144\" title=\"\" srcset=\"https:\/\/www.meatprocessingmachine.org\/wp-content\/uploads\/2018\/10\/frozen-meat-crusher-knives-details.webp 720w, https:\/\/www.meatprocessingmachine.org\/wp-content\/uploads\/2018\/10\/frozen-meat-crusher-knives-details-300x225.webp 300w\" sizes=\"auto, (max-width: 720px) 100vw, 720px\" \/><figcaption class=\"wp-element-caption\">Detaljar om frossen kj\u00f8ttkvernknivar<\/figcaption><\/figure>    <figure class=\"wp-block-image size-large\"><img loading=\"lazy\" decoding=\"async\" width=\"720\" height=\"540\" data-id=\"34145\" src=\"https:\/\/www.meatprocessingmachine.org\/wp-content\/uploads\/2018\/10\/Frozen-meat-crusher-control-panel.webp\" alt=\"Kontrollpanel for frossen kj\u00f8ttkvern\" class=\"wp-image-34145\" title=\"\" srcset=\"https:\/\/www.meatprocessingmachine.org\/wp-content\/uploads\/2018\/10\/Frozen-meat-crusher-control-panel.webp 720w, https:\/\/www.meatprocessingmachine.org\/wp-content\/uploads\/2018\/10\/Frozen-meat-crusher-control-panel-300x225.webp 300w\" sizes=\"auto, (max-width: 720px) 100vw, 720px\" \/><figcaption class=\"wp-element-caption\">Frossen kj\u00f8ttkvernkontrollpanel<\/figcaption><\/figure> <\/figure>    <p>1. Ikke sett kniv eller hand inn i sylinderen n\u00e5r maskinen g\u00e5r<\/p>    <p>2. Kutt av straumforsyninga under vedlikehald<\/p>    <p>3. Ikke skvett vatn inn i elektriske delar under rengjering<\/p>    <p>4. Ved feil, ikkje demonter sj\u00f8lv og rapporter til reparasjon umiddelbart<\/p>","protected":false},"excerpt":{"rendered":"<p>Den frosne kj\u00f8ttskj\u00e6remaskinen kan kverne det frosne kj\u00f8ttet, og det kvernede kj\u00f8ttet kan setjast inn i kj\u00f8ttkverna for \u00e5 bli til kj\u00f8ttdeig, som brukes til \u00e5 lage kj\u00f8tprodukt som p\u00f8lser, kj\u00f8ttpaier, kj\u00f8ttbollar osv. Denne maskinen er i Australia, Indonesia, Spania, S\u00f8r-Afrika og Filippinene og selg veldig godt.<\/p>","protected":false},"author":1,"featured_media":34129,"parent":0,"template":"","product-type":[589],"class_list":["post-91","product","type-product","status-publish","has-post-thumbnail","hentry","product-type-meat-cutting-machine"],"_links":{"self":[{"href":"https:\/\/www.meatprocessingmachine.org\/nn\/wp-json\/wp\/v2\/product\/91","targetHints":{"allow":["GET"]}}],"collection":[{"href":"https:\/\/www.meatprocessingmachine.org\/nn\/wp-json\/wp\/v2\/product"}],"about":[{"href":"https:\/\/www.meatprocessingmachine.org\/nn\/wp-json\/wp\/v2\/types\/product"}],"author":[{"embeddable":true,"href":"https:\/\/www.meatprocessingmachine.org\/nn\/wp-json\/wp\/v2\/users\/1"}],"wp:featuredmedia":[{"embeddable":true,"href":"https:\/\/www.meatprocessingmachine.org\/nn\/wp-json\/wp\/v2\/media\/34129"}],"wp:attachment":[{"href":"https:\/\/www.meatprocessingmachine.org\/nn\/wp-json\/wp\/v2\/media?parent=91"}],"wp:term":[{"taxonomy":"product-type","embeddable":true,"href":"https:\/\/www.meatprocessingmachine.org\/nn\/wp-json\/wp\/v2\/product-type?post=91"}],"curies":[{"name":"wp","href":"https:\/\/api.w.org\/{rel}","templated":true}]}}