{"id":925,"date":"2020-12-08T18:03:31","date_gmt":"2020-12-08T10:03:31","guid":{"rendered":"http:\/\/www.meatprocessingmachine.org\/?p=925"},"modified":"2024-06-20T15:56:25","modified_gmt":"2024-06-20T07:56:25","slug":"automatic-fish-scaler-machine-fish-scale-remover-machine","status":"publish","type":"product","link":"https:\/\/www.meatprocessingmachine.org\/nn\/automatic-fish-scaler-machine-fish-scale-remover-machine.html","title":{"rendered":"Fiskeskala fjerning maskin | Fiskeskala og innvollsrydding maskin"},"content":{"rendered":"<div class=\"kk-star-ratings kksr-auto kksr-align-right kksr-valign-top\"     data-payload='{&quot;align&quot;:&quot;right&quot;,&quot;id&quot;:&quot;925&quot;,&quot;slug&quot;:&quot;default&quot;,&quot;valign&quot;:&quot;top&quot;,&quot;ignore&quot;:&quot;&quot;,&quot;reference&quot;:&quot;auto&quot;,&quot;class&quot;:&quot;&quot;,&quot;count&quot;:&quot;0&quot;,&quot;legendonly&quot;:&quot;&quot;,&quot;readonly&quot;:&quot;&quot;,&quot;score&quot;:&quot;0&quot;,&quot;starsonly&quot;:&quot;&quot;,&quot;best&quot;:&quot;5&quot;,&quot;gap&quot;:&quot;5&quot;,&quot;greet&quot;:&quot;Rate this product&quot;,&quot;legend&quot;:&quot;0\\\/5 - (0 votes)&quot;,&quot;size&quot;:&quot;24&quot;,&quot;title&quot;:&quot;Fish Scale Remover Machine | Fish Scaling and Gutting Machine&quot;,&quot;width&quot;:&quot;0&quot;,&quot;_legend&quot;:&quot;{score}\\\/{best} - ({count} {votes})&quot;,&quot;font_factor&quot;:&quot;1.25&quot;}'>              <div class=\"kksr-stars\">      <div class=\"kksr-stars-inactive\">             <div class=\"kksr-star\" data-star=\"1\" style=\"padding-right: 5px\">               <div class=\"kksr-icon\" style=\"width: 24px; height: 24px;\"><\/div>         <\/div>             <div class=\"kksr-star\" data-star=\"2\" style=\"padding-right: 5px\">               <div class=\"kksr-icon\" style=\"width: 24px; height: 24px;\"><\/div>         <\/div>             <div class=\"kksr-star\" data-star=\"3\" style=\"padding-right: 5px\">               <div class=\"kksr-icon\" style=\"width: 24px; height: 24px;\"><\/div>         <\/div>             <div class=\"kksr-star\" data-star=\"4\" style=\"padding-right: 5px\">               <div class=\"kksr-icon\" style=\"width: 24px; height: 24px;\"><\/div>         <\/div>             <div class=\"kksr-star\" data-star=\"5\" style=\"padding-right: 5px\">               <div class=\"kksr-icon\" style=\"width: 24px; height: 24px;\"><\/div>         <\/div>     <\/div>      <div class=\"kksr-stars-active\" style=\"width: 0px;\">             <div class=\"kksr-star\" style=\"padding-right: 5px\">               <div class=\"kksr-icon\" style=\"width: 24px; height: 24px;\"><\/div>         <\/div>             <div class=\"kksr-star\" style=\"padding-right: 5px\">               <div class=\"kksr-icon\" style=\"width: 24px; height: 24px;\"><\/div>         <\/div>             <div class=\"kksr-star\" style=\"padding-right: 5px\">               <div class=\"kksr-icon\" style=\"width: 24px; height: 24px;\"><\/div>         <\/div>             <div class=\"kksr-star\" style=\"padding-right: 5px\">               <div class=\"kksr-icon\" style=\"width: 24px; height: 24px;\"><\/div>         <\/div>             <div class=\"kksr-star\" style=\"padding-right: 5px\">               <div class=\"kksr-icon\" style=\"width: 24px; height: 24px;\"><\/div>         <\/div>     <\/div> <\/div>                   <div class=\"kksr-legend\" style=\"font-size: 19.2px;\">             <span class=\"kksr-muted\">Vurder dette produktet<\/span>     <\/div>     <\/div>  <p class=\"translation-block\"><strong>Fiskeskalfjerner<\/strong>\u00a0kalles ogs\u00e5 fiskeskaleringsmaskin. Den er profesjonelt designet og kan brukes til \u00e5 fjerne ulike arter og st\u00f8rrelser av fiskeskall. Taizy fiskebehandlingsmaskinprodusent tilbyr tre typer fiskeskalfjernermaskiner. En er en automatisk skalermaskin, en annen er en descaler-maskin spesielt for sm\u00e5 fisk, og den tredje er en fiskeskalerings- og utbeiningmaskin.<\/p>    <p>Disse tre kommersielle fiskeskalermaskinene kan utf\u00f8re automatisk drift. Dessuten er de egnet for avskalling av mange fiskearter. Vi kan ogs\u00e5 tilpasse maskinen etter kundens behov.<\/p>    <h2 class=\"wp-block-heading\" id=\"h-fish-scale-remover-machine-video\">Video av fiskeskalfjernermaskin i drift<\/h2>    <figure class=\"wp-block-embed is-type-video is-provider-youtube wp-block-embed-youtube\"><div class=\"wp-block-embed__wrapper\"> <iframe loading=\"lazy\" title=\"Automatisk fiskeskalfjeringsmaskin, utbeining og rengj\u00f8ringsmaskin for sm\u00e5 og store fisker\" width=\"500\" height=\"281\" src=\"https:\/\/www.youtube.com\/embed\/q-hKcTKzklQ?feature=oembed\" frameborder=\"0\" allow=\"accelerometer; autoplay; clipboard-write; encrypted-media; gyroscope; picture-in-picture; web-share\" referrerpolicy=\"strict-origin-when-cross-origin\" allowfullscreen><\/iframe> <\/div><figcaption class=\"wp-element-caption\">automatisk fiskeskaleringsmaskin<\/figcaption><\/figure>    <h2 class=\"wp-block-heading\" id=\"h-type-1-automatic-fish-scaling-machine\">Type 1: Automatisk fiskeskaleringsmaskin<\/h2>    <p>Den automatiske fiskeskalmaskinen fjerner hovedsakelig fiskeskall ved \u00e5 kontakte ullb\u00f8rsten med fiskeskallet. Den best\u00e5r hovedsakelig av en fiskeinnl\u00f8p, fiskeutl\u00f8p, kontrollpanel, vanninnl\u00f8p og andre hovedstrukturer. N\u00e5r den er i drift, kobler du f\u00f8rst vannslangen til vanninnl\u00f8pet. N\u00e5r maskinen er fylt med vann, legger du fisken inn via fiskeinnl\u00f8pet. <\/p>    <p>Deretter lukker du lokket og starter maskinen via kontrollpanelet. B\u00f8rsten inne i fiskeskalfjerneren roterer kontinuerlig for \u00e5 fjerne fiskeskall. Etter at skallet er fjernet, sl\u00e5r du av maskinen og \u00e5pner fiskutl\u00f8pet. Den fjernede fisken vil bli utl\u00f8st fra utl\u00f8pet.<\/p>    <figure class=\"wp-block-image size-large\"><img loading=\"lazy\" decoding=\"async\" width=\"720\" height=\"540\" src=\"http:\/\/www.meatprocessingmachine.org\/wp-content\/uploads\/2020\/12\/automatic-fish-descale-machine.jpg\" alt=\"automatisk fiskeskaleringsmaskin\" class=\"wp-image-933\" title=\"\" srcset=\"https:\/\/www.meatprocessingmachine.org\/wp-content\/uploads\/2020\/12\/automatic-fish-descale-machine.jpg 720w, https:\/\/www.meatprocessingmachine.org\/wp-content\/uploads\/2020\/12\/automatic-fish-descale-machine-300x225.jpg 300w\" sizes=\"auto, (max-width: 720px) 100vw, 720px\" \/><figcaption class=\"wp-element-caption\">Automatisk fiskeskalfjerner<\/figcaption><\/figure>    <h3 class=\"wp-block-heading\" id=\"tw-target-text\">Detaljerte parametere for den automatiske fiskeskalmaskinen<\/h3>    <figure class=\"wp-block-table\"><table><tbody><tr><td>Modell<\/td><td>Storleik<\/td><td>Kraft<\/td><\/tr><tr><td>TZ-350<\/td><td>0,8*0,4*0,44m<\/td><td>0,75kw<\/td><\/tr><tr><td>TZ-500<\/td><td>1,05*0,55*0,85m<\/td><td>2,2kw<\/td><\/tr><tr><td>TZ-700<\/td><td>1,25*0,55*0,85m<\/td><td>2,2kw<\/td><\/tr><tr><td>TZ-800<\/td><td>1,25*0,65*0,85m<\/td><td>3,2kw<\/td><\/tr><tr><td>TZ-1000<\/td><td>1,58*0,55*0,85m<\/td><td>3,0kw<\/td><\/tr><\/tbody><\/table><figcaption class=\"wp-element-caption\">automatisk fiskeskaleringsmaskin til salgs<\/figcaption><\/figure>    <p>Vi har fem modeller av automatiske fiskeskalfjernermaskiner for deg \u00e5 velge mellom. Ulike modeller har ulike utbytter, st\u00f8rrelser og kraft.<\/p>    <h3 class=\"wp-block-heading\" id=\"h-advantages-of-the-machine\">Fordeler med maskinen <\/h3>    <figure class=\"wp-block-image size-large\"><img loading=\"lazy\" decoding=\"async\" width=\"720\" height=\"540\" src=\"http:\/\/www.meatprocessingmachine.org\/wp-content\/uploads\/2020\/12\/fish-scaling-machine-structure.jpg\" alt=\"fish scaling machine structure\" class=\"wp-image-934\" title=\"\" srcset=\"https:\/\/www.meatprocessingmachine.org\/wp-content\/uploads\/2020\/12\/fish-scaling-machine-structure.jpg 720w, https:\/\/www.meatprocessingmachine.org\/wp-content\/uploads\/2020\/12\/fish-scaling-machine-structure-300x225.jpg 300w\" sizes=\"auto, (max-width: 720px) 100vw, 720px\" \/><figcaption class=\"wp-element-caption\">Fiskeskalmaskinens struktur<\/figcaption><\/figure>    <ol class=\"wp-block-list\" style=\"list-style-type:1\"> <li>Den kommersielle fiskeskalermaskinen kan oppn\u00e5 rengj\u00f8ring samtidig som den fjerner skjell. Effekten av fjerning er tydelig, og du vil f\u00e5 den endelige rensede fisken.<\/li>    <li>Fiskerenserens b\u00f8rste er laget av ullstoff. Den har egenskaper som ingen h\u00e5rtap, ingen brudd under h\u00f8ye temperaturer.<\/li>    <li>Dens skall er laget av rustfritt st\u00e5l, og den styres av en smart skjerm. Den har egenskaper som enkel betjening og h\u00f8y arbeidskapasitet.<\/li>    <li>Den automatiske fiskefjerningmaskinen har en tidsfunksjon, som kan sette ulike tider for \u00e5 fjerne fiskeskall avhengig av fisketypen.<\/li>    <li> Den kommersielle fiskeskalermaskinen vil ikke skade fisken, den kan automatisk skille fisken fra skallet. De fjernede skjellene kan automatisk samles opp.<\/li> <\/ol>    <h2 class=\"wp-block-heading\" id=\"h-type-2-small-fish-scale-machine\">Type 2: Liten fiskeskalmaskin<\/h2>    <p><font style=\"vertical-align: inherit;\"><font style=\"vertical-align: inherit;\">Fiskeskalmaskinen drives hovedsakelig av en motor som roterer maskinen kontinuerlig. Den best\u00e5r hovedsakelig av en femsidig sil. N\u00e5r skallet fjernes, driver motoren silen til \u00e5 holde seg i rotasjon, og den lille fisken i nettet roterer med silen. <\/font><\/font><\/p>    <p><font style=\"vertical-align: inherit;\"><font style=\"vertical-align: inherit;\">N\u00e5r den roterer, kolliderer fisken i nettet kontinuerlig med silen for \u00e5 oppn\u00e5 effekten av \u00e5 fjerne fiskeskall. De fjernede skjellene blir erstattet fra silhullene under vannets p\u00e5virkning. Derfor kan denne lille maskinen fjerne fiskeskall, og fisken kan bli fullstendig avskallet. Og f\u00e5 ren fisk.<\/font><\/font><\/p>    <figure class=\"wp-block-image size-large\"><img loading=\"lazy\" decoding=\"async\" width=\"720\" height=\"540\" src=\"http:\/\/www.meatprocessingmachine.org\/wp-content\/uploads\/2020\/12\/small-fish-scale-remover-machine.jpg\" alt=\"Liten fiskeskalfjernermaskin\" class=\"wp-image-936\" title=\"\" srcset=\"https:\/\/www.meatprocessingmachine.org\/wp-content\/uploads\/2020\/12\/small-fish-scale-remover-machine.jpg 720w, https:\/\/www.meatprocessingmachine.org\/wp-content\/uploads\/2020\/12\/small-fish-scale-remover-machine-300x225.jpg 300w\" sizes=\"auto, (max-width: 720px) 100vw, 720px\" \/><figcaption class=\"wp-element-caption\">Liten fiskskala-fjerner-maskin<\/figcaption><\/figure>    <h2 class=\"wp-block-heading\" id=\"h-type-3-fish-scaling-and-gutting-machine\">Type 3: Fiskeskalerings- og utbeiningmaskin<\/h2>    <p>I motsetning til de to foreg\u00e5ende maskinene som er dedikert til \u00e5 fjerne fiskeskall, kan denne fiskeskalerings- og utbeiningmaskinen fjerne fiskeskall og utbeine samtidig. Den kan oppn\u00e5 de to funksjonene, men kan bare behandle \u00e9n fisk om gangen. Sammenlignet med de ovennevnte fiskeskalermaskinene, har den en liten kapasitet for skalering.<\/p>    <figure class=\"wp-block-image size-large\"><img loading=\"lazy\" decoding=\"async\" width=\"720\" height=\"540\" src=\"http:\/\/www.meatprocessingmachine.org\/wp-content\/uploads\/2020\/12\/fish-scaling-and-gutting-machine.jpg\" alt=\"fiskeskalerings- og utbeiningmaskin\" class=\"wp-image-937\" title=\"\" srcset=\"https:\/\/www.meatprocessingmachine.org\/wp-content\/uploads\/2020\/12\/fish-scaling-and-gutting-machine.jpg 720w, https:\/\/www.meatprocessingmachine.org\/wp-content\/uploads\/2020\/12\/fish-scaling-and-gutting-machine-300x225.jpg 300w\" sizes=\"auto, (max-width: 720px) 100vw, 720px\" \/><figcaption class=\"wp-element-caption\">Fiskeskala- og innmatingsmaskin<\/figcaption><\/figure>    <h3 class=\"wp-block-heading\" id=\"h-type3-machine-introduction\"> Introduksjon til fiskeskalerings- og utbeiningmaskinen<\/h3>    <p class=\"translation-block\">Maskinen kombinerer funksjonene av \u00e5 fjerne skjell, \u00e5pne fiskebuker, fjerne innvoller og rengj\u00f8re fisken. Den kan behandle grass carp, karp, <a href=\"https:\/\/en.wikipedia.org\/wiki\/Tilapia\" target=\"_blank\" rel=\"noopener\">tilapia<\/a>, sj\u00f8bass og andre fisker. Kontrollpanelet p\u00e5 fiskeskalfjerneren kan justere dybden p\u00e5 operasjonen. <\/p>    <p>Fisken som behandles av denne maskinen kan fjernes rene fiskeskall uten \u00e5 skade fiskehuden og finnene. Samtidig som den fjerner skjell, kan den ogs\u00e5 fjerne innvollene rent uten \u00e5 skade gallebl\u00e6ren. Den brukes mye i supermarkeder, kantiner, grillet fiskebutikker, hotpot-butikker og andre steder, og den har h\u00f8y effektivitet.<\/p>    <h3 class=\"wp-block-heading\">Egenskaper ved den omfattende fiskebehandlingsmaskinen<\/h3>    <ol class=\"wp-block-list\" style=\"list-style-type:1\"> <li>Maskinen har kraftige funksjoner, den kan fjerne skjell, \u00e5pne, fjerne innvoller og rengj\u00f8re. \u00c5 fjerne skjell og innvoller er bra, og det vil ikke skade huden og finnene.<\/li>    <li>Hele fiskeskalermaskinen er laget av rustfritt st\u00e5l, som oppfyller mattrygghets- og hygienestandarder.<\/li>    <li>Den bruker intelligent kontrollskjerm, som har egenskaper som enkel betjening, sikkerhet og p\u00e5litelighet, og stabil ytelse.<\/li>    <li>Den kan behandle alle slags fisk, og vi kan tilpasse maskinen etter kundens behov.<strong>&nbsp;<\/strong><\/li> <\/ol>    <h3 class=\"wp-block-heading\" id=\"h-machine-parameters\">Parametere for fiskeskalfjernermaskinen<\/h3>    <figure class=\"wp-block-table\"><table><tbody><tr><td><strong>Modell<\/strong><strong><\/strong><\/td><td><strong>C<\/strong><strong>kapasitet <\/strong><strong><\/strong><\/td><td><strong>S<\/strong><strong>st\u00f8rrelse <\/strong><strong><\/strong><\/td><td><strong>A<\/strong><strong>P\u00e5f\u00f8rt fiskesortiment<\/strong><strong><\/strong><\/td><td><strong>W<\/strong><strong>\u00e5tte <\/strong><strong><\/strong><\/td><td><strong>C<\/strong><strong>tilpasset <\/strong><strong><\/strong><\/td><\/tr><tr><td>TZ-2000<\/td><td>400-500kg\/h&nbsp;<strong><\/strong><\/td><td>1000x500x700mm&nbsp;<strong><\/strong><\/td><td>0,4-4kg<\/td><td>140kg<\/td><td>Ja <\/td><\/tr><\/tbody><\/table><figcaption class=\"wp-element-caption\">fiskeskalerings- og utbeiningmaskin<\/figcaption><\/figure>    <h2 class=\"wp-block-heading\" id=\"h-precautious-of-using-fish-scale-machine\">Forholdsregler ved bruk av fiskeskalmaskin<\/h2>    <ol class=\"wp-block-list\" style=\"list-style-type:1\"> <li>Det er strengt forbudt \u00e5 la maskinen st\u00e5 i tomgang over lang tid.<\/li>    <li>Olje regelmessig p\u00e5 gir, kjeder og fj\u00e6rer.<\/li>    <li>It is strictly forbidden to reach into the fish&#8217;s mouth when the machine is working.<\/li>    <li>Maskinens interne struktur er komplisert, vennligst ikke demonter den privat.<\/li> <\/ol>    <h2 class=\"wp-block-heading\">Ulike fiskebehandlingsmaskiner til salgs<\/h2>    <p class=\"translation-block\">Hos Taizy Meat Processing Machinery har vi ikke bare ulike stiler av fiskeskalfjernermaskiner til salgs. Vi har ogs\u00e5 industrielle <a href=\"https:\/\/www.meatprocessingmachine.org\/nn\/fish-drying-machine-hot-air-circulation-drying-machine.html\/\">fisket\u00f8rkemaskin<\/a>, <a href=\"https:\/\/www.meatprocessingmachine.org\/nn\/fish-debone-machine-fish-meat-and-bone-separator-machine.html\/\">fiskebenfjerner<\/a>, <a href=\"https:\/\/www.meatprocessingmachine.org\/nn\/fish-fillet-machine-fish-slicing-machine.html\/\">fiskefil\u00e9tmaskin<\/a>, osv. Hvis du er interessert, er du velkommen til \u00e5 kontakte oss.<\/p>    <div class=\"wp-block-columns is-layout-flex wp-container-core-columns-is-layout-9d6595d7 wp-block-columns-is-layout-flex\"> <div class=\"wp-block-column is-layout-flow wp-block-column-is-layout-flow\"> <figure class=\"wp-block-image size-full\"><img loading=\"lazy\" decoding=\"async\" width=\"720\" height=\"540\" src=\"https:\/\/www.meatprocessingmachine.org\/wp-content\/uploads\/2021\/07\/industrial-fish-drying-machine-1.jpg\" alt=\"industriell fisket\u00f8rkemaskin\" class=\"wp-image-1505\" title=\"\" srcset=\"https:\/\/www.meatprocessingmachine.org\/wp-content\/uploads\/2021\/07\/industrial-fish-drying-machine-1.jpg 720w, https:\/\/www.meatprocessingmachine.org\/wp-content\/uploads\/2021\/07\/industrial-fish-drying-machine-1-300x225.jpg 300w\" sizes=\"auto, (max-width: 720px) 100vw, 720px\" \/><figcaption class=\"wp-element-caption\">Industriell fisket\u00f8rkemaskin<\/figcaption><\/figure> <\/div>    <div class=\"wp-block-column is-layout-flow wp-block-column-is-layout-flow\"> <figure class=\"wp-block-image size-full\"><img loading=\"lazy\" decoding=\"async\" width=\"720\" height=\"540\" src=\"https:\/\/www.meatprocessingmachine.org\/wp-content\/uploads\/2020\/12\/fish-deboning-machines-1.webp\" alt=\"fiskebeinfjerningsmaskiner\" class=\"wp-image-34181\" title=\"\" srcset=\"https:\/\/www.meatprocessingmachine.org\/wp-content\/uploads\/2020\/12\/fish-deboning-machines-1.webp 720w, https:\/\/www.meatprocessingmachine.org\/wp-content\/uploads\/2020\/12\/fish-deboning-machines-1-300x225.webp 300w\" sizes=\"auto, (max-width: 720px) 100vw, 720px\" \/><figcaption class=\"wp-element-caption\">Fiskebenfjernermaskiner<\/figcaption><\/figure> <\/div>    <div class=\"wp-block-column is-layout-flow wp-block-column-is-layout-flow\"> <figure class=\"wp-block-image size-full\"><img loading=\"lazy\" decoding=\"async\" width=\"720\" height=\"540\" src=\"https:\/\/www.meatprocessingmachine.org\/wp-content\/uploads\/2020\/12\/fish-fillet-cutting-machine.jpg\" alt=\"fiskefiletkutter\" class=\"wp-image-947\" title=\"\" srcset=\"https:\/\/www.meatprocessingmachine.org\/wp-content\/uploads\/2020\/12\/fish-fillet-cutting-machine.jpg 720w, https:\/\/www.meatprocessingmachine.org\/wp-content\/uploads\/2020\/12\/fish-fillet-cutting-machine-300x225.jpg 300w\" sizes=\"auto, (max-width: 720px) 100vw, 720px\" \/><figcaption class=\"wp-element-caption\">Fiskefil\u00e9tkutter<\/figcaption><\/figure> <\/div> <\/div>","protected":false},"excerpt":{"rendered":"<p>The fish scaler machine is suitable for scaling various fish scales. It can achieve continuous, automatic, large-volume fish scale removal.<\/p>","protected":false},"author":1,"featured_media":932,"parent":0,"template":"","product-type":[584],"class_list":["post-925","product","type-product","status-publish","has-post-thumbnail","hentry","product-type-fish"],"_links":{"self":[{"href":"https:\/\/www.meatprocessingmachine.org\/nn\/wp-json\/wp\/v2\/product\/925","targetHints":{"allow":["GET"]}}],"collection":[{"href":"https:\/\/www.meatprocessingmachine.org\/nn\/wp-json\/wp\/v2\/product"}],"about":[{"href":"https:\/\/www.meatprocessingmachine.org\/nn\/wp-json\/wp\/v2\/types\/product"}],"author":[{"embeddable":true,"href":"https:\/\/www.meatprocessingmachine.org\/nn\/wp-json\/wp\/v2\/users\/1"}],"wp:featuredmedia":[{"embeddable":true,"href":"https:\/\/www.meatprocessingmachine.org\/nn\/wp-json\/wp\/v2\/media\/932"}],"wp:attachment":[{"href":"https:\/\/www.meatprocessingmachine.org\/nn\/wp-json\/wp\/v2\/media?parent=925"}],"wp:term":[{"taxonomy":"product-type","embeddable":true,"href":"https:\/\/www.meatprocessingmachine.org\/nn\/wp-json\/wp\/v2\/product-type?post=925"}],"curies":[{"name":"wp","href":"https:\/\/api.w.org\/{rel}","templated":true}]}}