{"id":96,"date":"2018-10-25T06:12:43","date_gmt":"2018-10-24T22:12:43","guid":{"rendered":"http:\/\/www.meatprocessingmachine.org\/?p=96"},"modified":"2024-06-17T10:13:32","modified_gmt":"2024-06-17T02:13:32","slug":"frozen-meat-grinder","status":"publish","type":"product","link":"https:\/\/www.meatprocessingmachine.org\/nn\/frozen-meat-grinder.html","title":{"rendered":"Frossen Kj\u00f8ttkvern | Kj\u00f8ttkvern"},"content":{"rendered":"<div class=\"kk-star-ratings kksr-auto kksr-align-right kksr-valign-top\"     data-payload='{&quot;align&quot;:&quot;right&quot;,&quot;id&quot;:&quot;96&quot;,&quot;slug&quot;:&quot;default&quot;,&quot;valign&quot;:&quot;top&quot;,&quot;ignore&quot;:&quot;&quot;,&quot;reference&quot;:&quot;auto&quot;,&quot;class&quot;:&quot;&quot;,&quot;count&quot;:&quot;0&quot;,&quot;legendonly&quot;:&quot;&quot;,&quot;readonly&quot;:&quot;&quot;,&quot;score&quot;:&quot;0&quot;,&quot;starsonly&quot;:&quot;&quot;,&quot;best&quot;:&quot;5&quot;,&quot;gap&quot;:&quot;5&quot;,&quot;greet&quot;:&quot;Rate this product&quot;,&quot;legend&quot;:&quot;0\\\/5 - (0 votes)&quot;,&quot;size&quot;:&quot;24&quot;,&quot;title&quot;:&quot;Frozen Meat Grinder | Meat Mincer&quot;,&quot;width&quot;:&quot;0&quot;,&quot;_legend&quot;:&quot;{score}\\\/{best} - ({count} {votes})&quot;,&quot;font_factor&quot;:&quot;1.25&quot;}'>              <div class=\"kksr-stars\">      <div class=\"kksr-stars-inactive\">             <div class=\"kksr-star\" data-star=\"1\" style=\"padding-right: 5px\">               <div class=\"kksr-icon\" style=\"width: 24px; height: 24px;\"><\/div>         <\/div>             <div class=\"kksr-star\" data-star=\"2\" style=\"padding-right: 5px\">               <div class=\"kksr-icon\" style=\"width: 24px; height: 24px;\"><\/div>         <\/div>             <div class=\"kksr-star\" data-star=\"3\" style=\"padding-right: 5px\">               <div class=\"kksr-icon\" style=\"width: 24px; height: 24px;\"><\/div>         <\/div>             <div class=\"kksr-star\" data-star=\"4\" style=\"padding-right: 5px\">               <div class=\"kksr-icon\" style=\"width: 24px; height: 24px;\"><\/div>         <\/div>             <div class=\"kksr-star\" data-star=\"5\" style=\"padding-right: 5px\">               <div class=\"kksr-icon\" style=\"width: 24px; height: 24px;\"><\/div>         <\/div>     <\/div>      <div class=\"kksr-stars-active\" style=\"width: 0px;\">             <div class=\"kksr-star\" style=\"padding-right: 5px\">               <div class=\"kksr-icon\" style=\"width: 24px; height: 24px;\"><\/div>         <\/div>             <div class=\"kksr-star\" style=\"padding-right: 5px\">               <div class=\"kksr-icon\" style=\"width: 24px; height: 24px;\"><\/div>         <\/div>             <div class=\"kksr-star\" style=\"padding-right: 5px\">               <div class=\"kksr-icon\" style=\"width: 24px; height: 24px;\"><\/div>         <\/div>             <div class=\"kksr-star\" style=\"padding-right: 5px\">               <div class=\"kksr-icon\" style=\"width: 24px; height: 24px;\"><\/div>         <\/div>             <div class=\"kksr-star\" style=\"padding-right: 5px\">               <div class=\"kksr-icon\" style=\"width: 24px; height: 24px;\"><\/div>         <\/div>     <\/div> <\/div>                   <div class=\"kksr-legend\" style=\"font-size: 19.2px;\">             <span class=\"kksr-muted\">Vurder dette produktet<\/span>     <\/div>     <\/div>  <p>Taizy frossen kj\u00f8ttkvern er en maskin som kutter det frosne kj\u00f8ttet direkte for \u00e5 danne en pur\u00e9. I kj\u00f8ttbehandlingsbedrifter i produksjonsprosessen blir r\u00e5kj\u00f8ttet behandlet til granulatkj\u00f8tt med forskjellige spesifikasjoner i henhold til forskjellige prosesskrav. Det trenger ikke \u00e5 tines under behandlingsprosessen, noe som sikrer kvaliteten p\u00e5 kj\u00f8ttet. <\/p>    <figure class=\"wp-block-image is-resized alignnone wp-image-1969\"><img loading=\"lazy\" decoding=\"async\" width=\"750\" height=\"750\" src=\"https:\/\/www.meatprocessingmachine.org\/wp-content\/uploads\/2018\/10\/Frozen-Meat-Grinder.jpg\" alt=\"Frossen kj\u00f8ttkvern\" class=\"wp-image-1969\" style=\"object-fit:cover;width:720px;height:540px\" title=\"\" srcset=\"https:\/\/www.meatprocessingmachine.org\/wp-content\/uploads\/2018\/10\/Frozen-Meat-Grinder.jpg 750w, https:\/\/www.meatprocessingmachine.org\/wp-content\/uploads\/2018\/10\/Frozen-Meat-Grinder-300x300.jpg 300w, https:\/\/www.meatprocessingmachine.org\/wp-content\/uploads\/2018\/10\/Frozen-Meat-Grinder-150x150.jpg 150w\" sizes=\"auto, (max-width: 750px) 100vw, 750px\" \/><figcaption class=\"wp-element-caption\">Frossen kj\u00f8ttkvern<\/figcaption><\/figure>    <p>Imidlertid har kj\u00f8ttet som kan behandles av den frosne kj\u00f8ttkvernen ogs\u00e5 visse krav. Temperaturen p\u00e5 frossent kj\u00f8tt b\u00f8r v\u00e6re rundt -5\u00b0C\u201318\u00b0C. Kj\u00f8ttet b\u00f8r ikke v\u00e6re for stort, og det kan brukes i kj\u00f8ttbehandlingsanlegg og matprodusenter. Produsere p\u00f8lser, kj\u00f8ttboller og andre matvarer.<\/p>    <h2 class=\"wp-block-heading\">Arbeidsvideovisning<\/h2>    <figure class=\"wp-block-embed is-type-video is-provider-youtube wp-block-embed-youtube\"><div class=\"wp-block-embed__wrapper\"> <iframe loading=\"lazy\" title=\"Frossen kj\u00f8ttkvern | frossen kj\u00f8ttkvern| Frossen kj\u00f8ttkvernmaskin | Kommersiell kj\u00f8ttkvern\" width=\"500\" height=\"281\" src=\"https:\/\/www.youtube.com\/embed\/zeO2cgZV7ZI?feature=oembed\" frameborder=\"0\" allow=\"accelerometer; autoplay; clipboard-write; encrypted-media; gyroscope; picture-in-picture; web-share\" referrerpolicy=\"strict-origin-when-cross-origin\" allowfullscreen><\/iframe> <\/div><figcaption class=\"wp-element-caption\"> Arbeidsvideovisning <\/figcaption><\/figure>    <h2 class=\"wp-block-heading\" id=\"h-the-advantages-of-frozen-meat-grinder\">Fordelene med frossen kj\u00f8ttkvern <\/h2>    <ul class=\"wp-block-list\"> <li>Overflaten er for det meste laget av rustfritt st\u00e5l, som overholder sanit\u00e6re standarder, uten forurensning av bearbeidingsmaterialer.<\/li>    <li>Verkt\u00f8yet har utmerket slitasjemotstand og lang levetid.<\/li>    <li>Enkel \u00e5 betjene, demontere, montere og rengj\u00f8re, et bredt spekter av bearbeidingsprodukter, og materialer kan behandles for \u00e5 opprettholde sine originale n\u00e6ringsstoffer og god ferskhetsbevaringseffekt.<\/li>    <li>Verkt\u00f8yet kan justeres eller byttes ut i henhold til de faktiske bruksbehovene.<\/li>    <li>Frossen kj\u00f8ttkverning er n\u00f8dvendig utstyr for kj\u00f8ttbehandling, det kan male det frosne kj\u00f8ttet direkte for \u00e5 f\u00e5 forskjellige former av kj\u00f8tt. Det vil ikke skade kj\u00f8ttfibervevet.<\/li>    <li>Rotasjonsplaten roteres av skruen for \u00e5 gj\u00f8re orifisplaten og kj\u00f8ttkvernen relativt stabile, og sikrer jevnheten av kj\u00f8ttet. Ulike typer kj\u00f8ttfyll kan oppn\u00e5s gjennom forskjellige kombinasjoner av orifisplater.<\/li>    <li>Den korte kuttingstiden og lave temperaturen i kutteprosessen er bra for ferskhet og for \u00e5 forlenge holdbarheten.<\/li> <\/ul>   <div class=\"wp-block-image\"> <figure class=\"aligncenter size-full\"><img loading=\"lazy\" decoding=\"async\" width=\"720\" height=\"540\" src=\"https:\/\/www.meatprocessingmachine.org\/wp-content\/uploads\/2021\/10\/Frozen-meat-grinder-machine-2.jpg\" alt=\"frossen kj\u00f8ttkvernmaskin\" class=\"wp-image-2234\" title=\"\" srcset=\"https:\/\/www.meatprocessingmachine.org\/wp-content\/uploads\/2021\/10\/Frozen-meat-grinder-machine-2.jpg 720w, https:\/\/www.meatprocessingmachine.org\/wp-content\/uploads\/2021\/10\/Frozen-meat-grinder-machine-2-300x225.jpg 300w\" sizes=\"auto, (max-width: 720px) 100vw, 720px\" \/><figcaption class=\"wp-element-caption\">frossen kj\u00f8ttkvernmaskin<\/figcaption><\/figure> <\/div>   <h2 class=\"wp-block-heading\">Behovet for frossen kj\u00f8ttkvern<\/h2>    <p>F\u00f8rst av alt vil temperaturen stige litt under kj\u00f8ttbehandlingsprosessen. Hvis ferskt kj\u00f8tt brukes direkte, kan kj\u00f8ttkvaliteten bli p\u00e5virket etter at kj\u00f8ttkvernen er behandlet. I tillegg er bruken av frossen kj\u00f8ttkvern relativt skarp, og tiden som kreves for \u00e5 male kj\u00f8tt er kort, noe som er gunstig for bevaring av kj\u00f8tt.<\/p>    <h2 class=\"wp-block-heading src grammarSection\">Bruk av frossen kj\u00f8ttkvernmaskin<\/h2>    <p class=\"src grammarSection translation-block\"><span class=\"transSent\" data-group=\"0-0\">Brukes i ulike <a href=\"https:\/\/en.wikipedia.org\/wiki\/Sausage\" target=\"_blank\" rel=\"noopener\">p\u00f8lse<\/a>, skinke, lunsjkj\u00f8tt, kj\u00f8ttboller, salte smaker, kj\u00e6ledyrf\u00f4r og andre kj\u00f8ttprodukter industrielt. Alle typer frossent kj\u00f8tt, ferskt kj\u00f8tt, kyllingskjelett, andeskjelett, svineskinn, ku-skinn, kyllingskinn, fisk, frukt, gr\u00f8nnsaker, og s\u00e5 videre.<\/span><\/p>   <div class=\"wp-block-image wp-image-1981\"> <figure class=\"aligncenter size-full\"><img loading=\"lazy\" decoding=\"async\" width=\"720\" height=\"540\" src=\"https:\/\/www.meatprocessingmachine.org\/wp-content\/uploads\/2018\/10\/grozen-meat-grinding-machine.webp\" alt=\"frossen kj\u00f8ttkvernmaskin\" class=\"wp-image-34431\" title=\"\" srcset=\"https:\/\/www.meatprocessingmachine.org\/wp-content\/uploads\/2018\/10\/grozen-meat-grinding-machine.webp 720w, https:\/\/www.meatprocessingmachine.org\/wp-content\/uploads\/2018\/10\/grozen-meat-grinding-machine-300x225.webp 300w, https:\/\/www.meatprocessingmachine.org\/wp-content\/uploads\/2018\/10\/grozen-meat-grinding-machine-16x12.webp 16w\" sizes=\"auto, (max-width: 720px) 100vw, 720px\" \/><figcaption class=\"wp-element-caption\">frossen kj\u00f8ttkvernmaskin<\/figcaption><\/figure> <\/div>   <h2 class=\"wp-block-heading\">Arbeidsprinsipp for kj\u00f8ttkvern<\/h2>    <p>Prinsippet for kj\u00f8ttkvernen er \u00e5 presse kj\u00f8ttet til kuttekniven gjennom skruepressestangen. For bedre \u00e5 h\u00e5ndtere det hardere kj\u00f8ttet og redusere skaden p\u00e5 maskinen, har den frosne kj\u00f8ttkutteren en relativt fin innstilling. F\u00f8rst blir kj\u00f8ttet forh\u00e5ndsk\u00e5ret, deretter finhakket, og til slutt gjennom orifisplaten. Maskinen passerer prinsippet om ekstrudering, og skruepressestangen fjerner kontinuerlig det veldig lille kj\u00f8ttet fra maskinen.<\/p>    <figure class=\"wp-block-gallery has-nested-images columns-default is-cropped wp-block-gallery-2 is-layout-flex wp-block-gallery-is-layout-flex\"> <figure class=\"wp-block-image size-large\"><img loading=\"lazy\" decoding=\"async\" width=\"540\" height=\"720\" data-id=\"34433\" src=\"https:\/\/www.meatprocessingmachine.org\/wp-content\/uploads\/2018\/10\/accessories.jpg\" alt=\"accessories\" class=\"wp-image-34433\" title=\"\" srcset=\"https:\/\/www.meatprocessingmachine.org\/wp-content\/uploads\/2018\/10\/accessories.jpg 540w, https:\/\/www.meatprocessingmachine.org\/wp-content\/uploads\/2018\/10\/accessories-225x300.jpg 225w, https:\/\/www.meatprocessingmachine.org\/wp-content\/uploads\/2018\/10\/accessories-9x12.jpg 9w\" sizes=\"auto, (max-width: 540px) 100vw, 540px\" \/><figcaption class=\"wp-element-caption\">Tilbeh\u00f8r<\/figcaption><\/figure>    <figure class=\"wp-block-image size-large\"><img loading=\"lazy\" decoding=\"async\" width=\"540\" height=\"720\" data-id=\"34434\" src=\"https:\/\/www.meatprocessingmachine.org\/wp-content\/uploads\/2018\/10\/interior-structure.jpg\" alt=\"interior structure\" class=\"wp-image-34434\" title=\"\" srcset=\"https:\/\/www.meatprocessingmachine.org\/wp-content\/uploads\/2018\/10\/interior-structure.jpg 540w, https:\/\/www.meatprocessingmachine.org\/wp-content\/uploads\/2018\/10\/interior-structure-225x300.jpg 225w, https:\/\/www.meatprocessingmachine.org\/wp-content\/uploads\/2018\/10\/interior-structure-9x12.jpg 9w\" sizes=\"auto, (max-width: 540px) 100vw, 540px\" \/><figcaption class=\"wp-element-caption\">Innvendig struktur<\/figcaption><\/figure>    <figure class=\"wp-block-image size-large\"><img loading=\"lazy\" decoding=\"async\" width=\"540\" height=\"720\" data-id=\"34435\" src=\"https:\/\/www.meatprocessingmachine.org\/wp-content\/uploads\/2018\/10\/machine-parts.jpg\" alt=\"machine parts\" class=\"wp-image-34435\" title=\"\" srcset=\"https:\/\/www.meatprocessingmachine.org\/wp-content\/uploads\/2018\/10\/machine-parts.jpg 540w, https:\/\/www.meatprocessingmachine.org\/wp-content\/uploads\/2018\/10\/machine-parts-225x300.jpg 225w, https:\/\/www.meatprocessingmachine.org\/wp-content\/uploads\/2018\/10\/machine-parts-9x12.jpg 9w\" sizes=\"auto, (max-width: 540px) 100vw, 540px\" \/><figcaption class=\"wp-element-caption\">Maskindeler<\/figcaption><\/figure> <\/figure>    <h2 class=\"wp-block-heading\" id=\"h-machine-structure\">Struktur for frossen kj\u00f8ttkvern<\/h2>    <p>&nbsp;1. Ramme 2. Reamer 3. Kj\u00f8ttutpressermal 4. Skruehette 5. Kornssylinder 6. Vri-bur 7. Trakt 8. Reduserer 9. Stor remskive 10. Motor 11. Triangul\u00e6r belte 12. Liten remskive.<\/p>    <h2 class=\"wp-block-heading\" id=\"h-technical-parameter-of-commercial-meat-grinder\">Tekniske parametere for kommersiell kj\u00f8ttkvern<\/h2>    <figure class=\"wp-block-table\"><table><tbody><tr><td>TYPE<\/td><td>SL-300<\/td><td>SL-120<\/td><td>SL-160<\/td><td>SL-200<\/td><td>SL-250<\/td><\/tr><tr><td>Kapacitet (kg\/t)<\/td><td>500kg\/h<\/td><td>1500kg\/h<\/td><td>2000-3000kg\/h<\/td><td>3000-5000kg\/h<\/td><td>1t-5t<\/td><\/tr><tr><td>Effekt(kW)<\/td><td>5.5<\/td><td>7.5<\/td><td>15<\/td><td>22<\/td><td>37<\/td><\/tr><tr><td>Vekt(kg)<\/td><td>182<\/td><td>358<\/td><td>1200<\/td><td>1860<\/td><td>\/<\/td><\/tr><tr><td>Dimensjon(mm)<\/td><td>980*550*900<\/td><td>960*550*1080<\/td><td>1630*1100*1450<\/td><td>1780*1000*1580<\/td><td>1962*1106*1620<\/td><\/tr><\/tbody><\/table><figcaption class=\"wp-element-caption\">Kommersiell kj\u00f8ttkvernparameter<\/figcaption><\/figure>    <p>V\u00e5r kommersielle frosne kj\u00f8ttkvern kan produsere opptil 5t\/h. 5 popul\u00e6re modeller for deg \u00e5 velge mellom. Hvis du har andre sp\u00f8rsm\u00e5l om denne maskinen, vennligst ta kontakt med oss, s\u00e5 vil vi svare deg s\u00e5 snart som mulig.<\/p>    <h2 class=\"wp-block-heading\" id=\"h-model-selection\">Valg av modell for frossen kj\u00f8ttkvern<\/h2>    <p>Hvis kj\u00f8ttet ditt og produksjonen er sm\u00e5, kan du velge SL-100 eller SL-120, hvis kj\u00f8ttet ditt og produksjonen er store, b\u00f8r du velge SL-160, SL-200 eller SL-250.<\/p>   <div class=\"wp-block-image\"> <figure class=\"aligncenter size-full is-resized\"><img loading=\"lazy\" decoding=\"async\" width=\"800\" height=\"600\" src=\"https:\/\/www.meatprocessingmachine.org\/wp-content\/uploads\/2021\/09\/Frozen-Meat-Grinder-5.jpg\" alt=\"\" class=\"wp-image-1980\" style=\"width:720px;height:540px\" title=\"\" srcset=\"https:\/\/www.meatprocessingmachine.org\/wp-content\/uploads\/2021\/09\/Frozen-Meat-Grinder-5.jpg 800w, https:\/\/www.meatprocessingmachine.org\/wp-content\/uploads\/2021\/09\/Frozen-Meat-Grinder-5-300x225.jpg 300w, https:\/\/www.meatprocessingmachine.org\/wp-content\/uploads\/2021\/09\/Frozen-Meat-Grinder-5-768x576.jpg 768w\" sizes=\"auto, (max-width: 800px) 100vw, 800px\" \/><figcaption class=\"wp-element-caption\">Frossen kj\u00f8ttkvern<\/figcaption><\/figure> <\/div>   <h2 class=\"wp-block-heading\">H\u00e5ndtering av r\u00e5materialer f\u00f8r kvernen<\/h2>    <p>Den frosne kj\u00f8ttkvernen kan behandle frosset kj\u00f8tt fra en temperatur p\u00e5 -5\u00b0C til -18\u00b0C. Det kan v\u00e6re litt frosset med r\u00e5materialene under bruk, og det b\u00f8r plasseres i fryserens rom, ikke kj\u00f8lerommet. Dette er fordi, etter en kort periode med frysing, blir kj\u00f8ttet mer spr\u00f8tt, separerer mykere, og klistrer seg ikke. <\/p>    <p class=\"translation-block\">Det er verdt \u00e5 merke seg at det b\u00f8r fryses i sm\u00e5 biter under frysing. Hvis de frosne kj\u00f8ttbitene er relativt store, m\u00e5 de behandles av en <a href=\"https:\/\/www.meatprocessingmachine.org\/nn\/frozen-meat-cutting-machine.html\/\">kj\u00f8ttkvern<\/a> for knusing.<\/p>    <h2 class=\"wp-block-heading\">Frossen kj\u00f8ttkvern driftssteg<\/h2>   <div class=\"wp-block-image\"> <figure class=\"aligncenter size-full is-resized\"><img loading=\"lazy\" decoding=\"async\" width=\"627\" height=\"520\" src=\"https:\/\/www.meatprocessingmachine.org\/wp-content\/uploads\/2021\/09\/Frozen-Meat-Grinder-Operate-step.png\" alt=\"Operate\u00a0step\" class=\"wp-image-1968\" style=\"width:720px;height:540px\" title=\"\" srcset=\"https:\/\/www.meatprocessingmachine.org\/wp-content\/uploads\/2021\/09\/Frozen-Meat-Grinder-Operate-step.png 627w, https:\/\/www.meatprocessingmachine.org\/wp-content\/uploads\/2021\/09\/Frozen-Meat-Grinder-Operate-step-300x249.png 300w\" sizes=\"auto, (max-width: 627px) 100vw, 627px\" \/><figcaption class=\"wp-element-caption\"> Driftssteg <\/figcaption><\/figure> <\/div>   <ol class=\"wp-block-list\" style=\"list-style-type:1\"> <li>Etter tilkobling av trefase str\u00f8m, trykk \"start\".<\/li>    <li>Etter at maskinen er brukt opp \/ N\u00e5r det oppst\u00e5r en feil, trykk \"stopp\".<\/li>    <li>N\u00e5r materialet er blokkert og maskinen ikke kan t\u00f8mme, trykk \"reverse\"<\/li> <\/ol>","protected":false},"excerpt":{"rendered":"<p>The frozen meat grinder is a machine that cuts the frozen meat directly to form a puree. In the meat processing enterprises in the production process,the raw meat is processed into granular meat with different specifications according to different process requirements.It does not need to be thawed during the processing process, which ensures the quality of the meat. However, the meat that can be processed by the frozen meat grinder also has certain requirements. The temperature of frozen meat should be around -5\u00b0C&#8211;18\u00b0C. The meat should not be too large, and it can be used in meat processing plants and food manufacturers. . Produce sausages, meatballs and other foods.<\/p>","protected":false},"author":1,"featured_media":1869,"parent":0,"template":"","product-type":[590],"class_list":["post-96","product","type-product","status-publish","has-post-thumbnail","hentry","product-type-meat-grinding-machine"],"_links":{"self":[{"href":"https:\/\/www.meatprocessingmachine.org\/nn\/wp-json\/wp\/v2\/product\/96","targetHints":{"allow":["GET"]}}],"collection":[{"href":"https:\/\/www.meatprocessingmachine.org\/nn\/wp-json\/wp\/v2\/product"}],"about":[{"href":"https:\/\/www.meatprocessingmachine.org\/nn\/wp-json\/wp\/v2\/types\/product"}],"author":[{"embeddable":true,"href":"https:\/\/www.meatprocessingmachine.org\/nn\/wp-json\/wp\/v2\/users\/1"}],"wp:featuredmedia":[{"embeddable":true,"href":"https:\/\/www.meatprocessingmachine.org\/nn\/wp-json\/wp\/v2\/media\/1869"}],"wp:attachment":[{"href":"https:\/\/www.meatprocessingmachine.org\/nn\/wp-json\/wp\/v2\/media?parent=96"}],"wp:term":[{"taxonomy":"product-type","embeddable":true,"href":"https:\/\/www.meatprocessingmachine.org\/nn\/wp-json\/wp\/v2\/product-type?post=96"}],"curies":[{"name":"wp","href":"https:\/\/api.w.org\/{rel}","templated":true}]}}