{"id":973,"date":"2020-12-24T11:01:34","date_gmt":"2020-12-24T03:01:34","guid":{"rendered":"http:\/\/www.meatprocessingmachine.org\/?p=973"},"modified":"2023-02-17T11:33:28","modified_gmt":"2023-02-17T03:33:28","slug":"fish-debone-machine-fish-meat-and-bone-separator-machine","status":"publish","type":"product","link":"https:\/\/www.meatprocessingmachine.org\/nn\/fish-debone-machine-fish-meat-and-bone-separator-machine.html","title":{"rendered":"Fiskebenfjerner | fiskekj\u00f8tt- og beinstseparator"},"content":{"rendered":"<div class=\"kk-star-ratings kksr-auto kksr-align-right kksr-valign-top\"     data-payload='{&quot;align&quot;:&quot;right&quot;,&quot;id&quot;:&quot;973&quot;,&quot;slug&quot;:&quot;default&quot;,&quot;valign&quot;:&quot;top&quot;,&quot;ignore&quot;:&quot;&quot;,&quot;reference&quot;:&quot;auto&quot;,&quot;class&quot;:&quot;&quot;,&quot;count&quot;:&quot;0&quot;,&quot;legendonly&quot;:&quot;&quot;,&quot;readonly&quot;:&quot;&quot;,&quot;score&quot;:&quot;0&quot;,&quot;starsonly&quot;:&quot;&quot;,&quot;best&quot;:&quot;5&quot;,&quot;gap&quot;:&quot;5&quot;,&quot;greet&quot;:&quot;Rate this product&quot;,&quot;legend&quot;:&quot;0\\\/5 - (0 votes)&quot;,&quot;size&quot;:&quot;24&quot;,&quot;title&quot;:&quot;Fish debone machine | fish meat and bone separator machine&quot;,&quot;width&quot;:&quot;0&quot;,&quot;_legend&quot;:&quot;{score}\\\/{best} - ({count} {votes})&quot;,&quot;font_factor&quot;:&quot;1.25&quot;}'>              <div class=\"kksr-stars\">      <div class=\"kksr-stars-inactive\">             <div class=\"kksr-star\" data-star=\"1\" style=\"padding-right: 5px\">               <div class=\"kksr-icon\" style=\"width: 24px; height: 24px;\"><\/div>         <\/div>             <div class=\"kksr-star\" data-star=\"2\" style=\"padding-right: 5px\">               <div class=\"kksr-icon\" style=\"width: 24px; height: 24px;\"><\/div>         <\/div>             <div class=\"kksr-star\" data-star=\"3\" style=\"padding-right: 5px\">               <div class=\"kksr-icon\" style=\"width: 24px; height: 24px;\"><\/div>         <\/div>             <div class=\"kksr-star\" data-star=\"4\" style=\"padding-right: 5px\">               <div class=\"kksr-icon\" style=\"width: 24px; height: 24px;\"><\/div>         <\/div>             <div class=\"kksr-star\" data-star=\"5\" style=\"padding-right: 5px\">               <div class=\"kksr-icon\" style=\"width: 24px; height: 24px;\"><\/div>         <\/div>     <\/div>      <div class=\"kksr-stars-active\" style=\"width: 0px;\">             <div class=\"kksr-star\" style=\"padding-right: 5px\">               <div class=\"kksr-icon\" style=\"width: 24px; height: 24px;\"><\/div>         <\/div>             <div class=\"kksr-star\" style=\"padding-right: 5px\">               <div class=\"kksr-icon\" style=\"width: 24px; height: 24px;\"><\/div>         <\/div>             <div class=\"kksr-star\" style=\"padding-right: 5px\">               <div class=\"kksr-icon\" style=\"width: 24px; height: 24px;\"><\/div>         <\/div>             <div class=\"kksr-star\" style=\"padding-right: 5px\">               <div class=\"kksr-icon\" style=\"width: 24px; height: 24px;\"><\/div>         <\/div>             <div class=\"kksr-star\" style=\"padding-right: 5px\">               <div class=\"kksr-icon\" style=\"width: 24px; height: 24px;\"><\/div>         <\/div>     <\/div> <\/div>                   <div class=\"kksr-legend\" style=\"font-size: 19.2px;\">             <span class=\"kksr-muted\">Vurder dette produktet<\/span>     <\/div>     <\/div>  <p><font style=\"vertical-align: inherit;\"><font style=\"vertical-align: inherit;\">Fiskedeboneringsmaskinen kalles ogs\u00e5 fiskekj\u00f8tt.<\/font><\/font> og beinseparator. Den brukes hovedsakelig til \u00e5 skille fiskeben og kj\u00f8tt. Fiskebenfjerneren er ogs\u00e5 egnet for marinefisk, ferskvannsfisk og andre fiskekj\u00f8tt. Den kan fullstendig skille fiskekj\u00f8tt, bein, skinn og fiskesener. Fiskekj\u00f8ttuttrekkeren har h\u00f8y utnyttelsesgrad av fiskekj\u00f8tt. Det separerte kj\u00f8ttet kan brukes direkte til \u00e5 lage fiskeboller, fisketofu og andre fiskeretter.<font style=\"vertical-align: inherit;\"><font style=\"vertical-align: inherit;\"> og andre produkter.<\/font><\/font><\/p>    <h2 class=\"wp-block-heading\" id=\"h-applied-raw-materials\"><font style=\"vertical-align: inherit;\"><font style=\"vertical-align: inherit;\">P\u00e5f\u00f8rte r\u00e5varer<\/font><\/font><\/h2>    <p id=\"block-faa0b421-9fab-472c-ba8d-ba13de7f642f\">Fiskedeboneringsmaskinen har et bredt bruksomr\u00e5de. Den er ikke bare egnet for \u00e5 fjerne fiskeben, men ogs\u00e5 for \u00e5 samle krabber, alle slags fisk og rekepasta. Det innsamlede kj\u00f8ttet kan brukes direkte til \u00e5 lage ulike kj\u00f8ttprodukter.<\/p>    <figure class=\"wp-block-image size-large\"><img loading=\"lazy\" decoding=\"async\" width=\"720\" height=\"540\" src=\"http:\/\/www.meatprocessingmachine.org\/wp-content\/uploads\/2020\/12\/fish-debone-machine-final-product.jpg\" alt=\"fish debone machine final product\" class=\"wp-image-998\" title=\"\" srcset=\"https:\/\/www.meatprocessingmachine.org\/wp-content\/uploads\/2020\/12\/fish-debone-machine-final-product.jpg 720w, https:\/\/www.meatprocessingmachine.org\/wp-content\/uploads\/2020\/12\/fish-debone-machine-final-product-300x225.jpg 300w\" sizes=\"auto, (max-width: 720px) 100vw, 720px\" \/><figcaption class=\"wp-element-caption\"><font style=\"vertical-align: inherit;\"><font style=\"vertical-align: inherit;\">sluttprodukt<\/font><\/font><\/figcaption><\/figure>    <h2 class=\"wp-block-heading\" id=\"h-the-structure-of-the-fishbone-machine\"><font style=\"vertical-align: inherit;\"><font style=\"vertical-align: inherit;\">Strukturen til den <\/font><\/font>fiskedeboneringsmaskin<\/h2>    <p><font style=\"vertical-align: inherit;\"><font style=\"vertical-align: inherit;\">Fiskebenet<\/font><\/font> Fjerningmaskinen best\u00e5r av en motor, en skraper, en transmisjonsenhet, et transportb\u00e5nd, en inntak, en utl\u00f8p, en rull,<font style=\"vertical-align: inherit;\"><font style=\"vertical-align: inherit;\"> og andre enheter.<\/font><\/font><\/p>    <ul class=\"wp-block-list\" type=\"1\"> <li> <font style=\"vertical-align: inherit;\"><font style=\"vertical-align: inherit;\">Vanninntak. Hele fisken g\u00e5r inn i avskallingsmaskinen via vanninntaket.<\/font><\/font><\/li>    <li>Minst kj\u00f8ttutl\u00f8p. Det separerte kj\u00f8ttet kommer ut fra dette kj\u00f8ttutl\u00f8pet.<\/li>    <li>Fiskebenutl\u00f8p. Etter \u00e5 ha skilt kj\u00f8tt og bein, kommer fiskebenet ut fra en annen utl\u00f8p, det kalles fiskebenutl\u00f8pet<\/li>    <li>Rull. Trommelen p\u00e5 fiskedeboneringsmaskinen er en viktig enhet for \u00e5 skille fiskeben og fiskekj\u00f8tt. Det er jevnt fordelte og ensartede silhull p\u00e5 trommelen. Etter kontinuerlig rulling av trommelen, g\u00e5r fiskekj\u00f8ttet inn i de sm\u00e5 hullene p\u00e5 trommelen. Deretter kommer det ut fra kj\u00f8ttutl\u00f8pet. Fiskebenene skilles fra kj\u00f8ttet og kommer ut fra trommelen under rullen.<\/li>    <li>Overf\u00f8ring. Overf\u00f8ringsenheten til fiskedeboneringsmaskinen styrer hovedsakelig hele maskinens drift.                   <\/li> <\/ul>    <figure class=\"wp-block-image size-large\"><img loading=\"lazy\" decoding=\"async\" width=\"720\" height=\"540\" src=\"http:\/\/www.meatprocessingmachine.org\/wp-content\/uploads\/2020\/12\/fish-meat-and-bone-seperator-machine-structure.jpg\" alt=\"fish meat and bone seperator machine structure\" class=\"wp-image-999\" title=\"\" srcset=\"https:\/\/www.meatprocessingmachine.org\/wp-content\/uploads\/2020\/12\/fish-meat-and-bone-seperator-machine-structure.jpg 720w, https:\/\/www.meatprocessingmachine.org\/wp-content\/uploads\/2020\/12\/fish-meat-and-bone-seperator-machine-structure-300x225.jpg 300w\" sizes=\"auto, (max-width: 720px) 100vw, 720px\" \/><figcaption class=\"wp-element-caption\">Struktur for fiskekj\u00f8tt- og beinseparator<\/figcaption><\/figure>    <h2 class=\"wp-block-heading\" id=\"h-fish-meat-picking-machine-video\">Fiskekj\u00f8ttplukkermaskin video<\/h2>    <figure class=\"wp-block-embed aligncenter is-type-video is-provider-youtube wp-block-embed-youtube\"><div class=\"wp-block-embed__wrapper\"> <iframe loading=\"lazy\" title=\"Kommersiell fiskekj\u00f8tt- og beinseparator, fiskedeboneringsmaskin, fiskebenfjerner\" width=\"500\" height=\"281\" src=\"https:\/\/www.youtube.com\/embed\/tY_yZX__F60?start=1&#038;feature=oembed\" frameborder=\"0\" allow=\"accelerometer; autoplay; clipboard-write; encrypted-media; gyroscope; picture-in-picture; web-share\" referrerpolicy=\"strict-origin-when-cross-origin\" allowfullscreen><\/iframe> <\/div><figcaption class=\"wp-element-caption\"> Fiskekj\u00f8ttplukkermaskin video <\/figcaption><\/figure>    <h2 class=\"wp-block-heading\" id=\"h-fish-meat-bone-separator-machine-working-principle\">Arbeidsprinsipp for fiskekj\u00f8tt- og beinseparator<\/h2>    <figure class=\"wp-block-gallery has-nested-images columns-default is-cropped wp-block-gallery-2 is-layout-flex wp-block-gallery-is-layout-flex\"> <figure class=\"wp-block-image size-large\"><img loading=\"lazy\" decoding=\"async\" width=\"720\" height=\"540\" data-id=\"1840\" src=\"https:\/\/www.meatprocessingmachine.org\/wp-content\/uploads\/2020\/12\/fish-debone-machine-4.png\" alt=\"\" class=\"wp-image-1840\" title=\"\" srcset=\"https:\/\/www.meatprocessingmachine.org\/wp-content\/uploads\/2020\/12\/fish-debone-machine-4.png 720w, https:\/\/www.meatprocessingmachine.org\/wp-content\/uploads\/2020\/12\/fish-debone-machine-4-300x225.png 300w\" sizes=\"auto, (max-width: 720px) 100vw, 720px\" \/><figcaption class=\"wp-element-caption\">Fiskedeboneringsmaskin<\/figcaption><\/figure>    <figure class=\"wp-block-image size-large\"><img loading=\"lazy\" decoding=\"async\" width=\"720\" height=\"720\" data-id=\"1841\" src=\"https:\/\/www.meatprocessingmachine.org\/wp-content\/uploads\/2020\/12\/lADPD2eDQswFnUHNBDjNBDg_1080_1080.jpg_720x720q90g.jpg\" alt=\"\" class=\"wp-image-1841\" title=\"\" srcset=\"https:\/\/www.meatprocessingmachine.org\/wp-content\/uploads\/2020\/12\/lADPD2eDQswFnUHNBDjNBDg_1080_1080.jpg_720x720q90g.jpg 720w, https:\/\/www.meatprocessingmachine.org\/wp-content\/uploads\/2020\/12\/lADPD2eDQswFnUHNBDjNBDg_1080_1080.jpg_720x720q90g-300x300.jpg 300w, https:\/\/www.meatprocessingmachine.org\/wp-content\/uploads\/2020\/12\/lADPD2eDQswFnUHNBDjNBDg_1080_1080.jpg_720x720q90g-150x150.jpg 150w\" sizes=\"auto, (max-width: 720px) 100vw, 720px\" \/><figcaption class=\"wp-element-caption\">Fiskedeboneringsmaskin<\/figcaption><\/figure> <\/figure>    <p>Fiskekj\u00f8tt- og beinseparatormaskinen er utstyrt med en kj\u00f8ttplukkerb\u00f8tte og et gummib\u00e5nd for kj\u00f8ttpressing. Den bruker hovedsakelig den gjensidige klemningen mellom den rullende kj\u00f8ttplukkerb\u00f8tten og transmisjonsgummib\u00e5ndet for \u00e5 presse fisken inn i kj\u00f8ttpannen. Mens den presser fiskekj\u00f8ttet inn i trommelen, lar den skinn og bein bli igjen utenfor kj\u00f8ttkassen. Skraperen p\u00e5 fiskekj\u00f8tt- og beinseparatoren transporterer fiskebenene sammen med trommelens bevegelse. Trommelens sil er veldig liten, og den kan fullstendig skille fiskekj\u00f8tt og fiskeben. Dette vil \u00f8ke bruksverdien av fiskekj\u00f8ttet betydelig.<\/p>    <h2 class=\"wp-block-heading\" id=\"h-how-to-use-fish-bone-remover-machine-to-collect-fish-meat\">Hvordan bruke en fiskebenfjernermaskin for \u00e5 samle fiskekj\u00f8tt<\/h2>    <figure class=\"wp-block-image size-full\"><img loading=\"lazy\" decoding=\"async\" width=\"720\" height=\"540\" src=\"https:\/\/www.meatprocessingmachine.org\/wp-content\/uploads\/2021\/08\/fish-deboning-machine.jpg\" alt=\" fiskebenfjernermaskin \" class=\"wp-image-1760\" title=\"\" srcset=\"https:\/\/www.meatprocessingmachine.org\/wp-content\/uploads\/2021\/08\/fish-deboning-machine.jpg 720w, https:\/\/www.meatprocessingmachine.org\/wp-content\/uploads\/2021\/08\/fish-deboning-machine-300x225.jpg 300w\" sizes=\"auto, (max-width: 720px) 100vw, 720px\" \/><figcaption class=\"wp-element-caption\">  Fiskebenfjernermaskin  <\/figcaption><\/figure>    <p>F\u00f8rst m\u00e5 du manuelt fjerne fiskhodet og innvollene. Hvis den bearbeidede fisken er for stor, kutt den f\u00f8rst i to og vask fisken. Deretter setter du fisken i matingskuffen for \u00e5 plukke ut kj\u00f8ttet. N\u00e5r du plasserer fisken, plasser det plukkede kj\u00f8ttet opp.<\/p>    <h2 class=\"wp-block-heading\">Fiskedeboneringsmaskin Parameter<\/h2>    <figure class=\"wp-block-table\"><table><tbody><tr><td>Modell<\/td><td>TZ-150<\/td><td>TZ-200<\/td><td>TZ-300<\/td><td>TZ-350<\/td><\/tr><tr><td>Spenning<\/td><td>220v\/380v<\/td><td>220v\/380v<\/td><td>220v\/380v<\/td><td>380v<\/td><\/tr><tr><td>Kraft<\/td><td>3kw\/2.2kw<\/td><td>3kw\/2.2kw<\/td><td>3kw\/2.2kw<\/td><td>4kw<\/td><\/tr><tr><td>Avkastning<\/td><td>180kg\/h<\/td><td>280kg\/h<\/td><td>500kg\/h<\/td><td>1000kg\/h<\/td><\/tr><tr><td>Materiale<\/td><td>SUS304<\/td><td>SUS304<\/td><td>SUS304<\/td><td>SUS304<\/td><\/tr><tr><td>Beltlengde<\/td><td>1195mm<\/td><td>1450mm<\/td><td>1450mm<\/td><td>1450mm<\/td><\/tr><tr><td>Beltetykkelse<\/td><td>20mm<\/td><td>20mm<\/td><td>20mm<\/td><td>20mm<\/td><\/tr><tr><td>Bredde p\u00e5 beltet<\/td><td>155mm<\/td><td>205mm<\/td><td>305mm<\/td><td>355mm<\/td><\/tr><tr><td>Trommeldiameter<\/td><td>159mm<\/td><td>219mm<\/td><td>219mm<\/td><td>219mm<\/td><\/tr><tr><td>Trommeldiameter<\/td><td>6mm<\/td><td>8mm<\/td><td>8mm<\/td><td>8mm<\/td><\/tr><tr><td>Maskediameter<\/td><td>2.7 (tilpassbar)<\/td><td>2.7 (tilpassbar)<\/td><td>2.7 (tilpassbar)<\/td><td>2.7 (tilpassbar)<\/td><\/tr><tr><td>Totalvekt<\/td><td>180kg<\/td><td>210kg<\/td><td>360kg<\/td><td>450kg<\/td><\/tr><tr><td>Reduceringsmodell<\/td><td>Xw3-17<\/td><td>Xw3-17<\/td><td>Xw3-17<\/td><td>Xw3-17<\/td><\/tr><tr><td>Girkasseforhold<\/td><td>1:17<\/td><td>1:17<\/td><td>1:17<\/td><td>1:17<\/td><\/tr><tr><td>Totale dimensjoner<\/td><td>900*680*850<\/td><td>950*720*950<\/td><td>1050*750*970<\/td><td>1200*900*1100<\/td><\/tr><\/tbody><\/table><\/figure>    <h2 class=\"wp-block-heading\" id=\"h-precautions-when-using-fish-debone-machine\">Forsiktighetsregler ved bruk av fiskedeboneringsmaskin<\/h2>    <figure class=\"wp-block-gallery has-nested-images columns-0 is-cropped wp-block-gallery-3 is-layout-flex wp-block-gallery-is-layout-flex\"> <figure class=\"wp-block-image size-large\"><a href=\"https:\/\/www.meatprocessingmachine.org\/wp-content\/uploads\/2020\/12\/fish-debone-Work-presentation-2.png\"><img loading=\"lazy\" decoding=\"async\" width=\"720\" height=\"540\" data-id=\"1824\" src=\"https:\/\/www.meatprocessingmachine.org\/wp-content\/uploads\/2020\/12\/fish-debone-Work-presentation-2.png\" alt=\"\" class=\"wp-image-1824\" title=\"\" srcset=\"https:\/\/www.meatprocessingmachine.org\/wp-content\/uploads\/2020\/12\/fish-debone-Work-presentation-2.png 720w, https:\/\/www.meatprocessingmachine.org\/wp-content\/uploads\/2020\/12\/fish-debone-Work-presentation-2-300x225.png 300w\" sizes=\"auto, (max-width: 720px) 100vw, 720px\" \/><\/a><figcaption class=\"wp-element-caption\">Fiskedeboneringsarbeid <\/figcaption><\/figure>    <figure class=\"wp-block-image size-large\"><a href=\"https:\/\/www.meatprocessingmachine.org\/wp-content\/uploads\/2020\/12\/fish-debone-Work-presentation.png\"><img loading=\"lazy\" decoding=\"async\" width=\"720\" height=\"540\" data-id=\"1825\" src=\"https:\/\/www.meatprocessingmachine.org\/wp-content\/uploads\/2020\/12\/fish-debone-Work-presentation.png\" alt=\"\" class=\"wp-image-1825\" title=\"\" srcset=\"https:\/\/www.meatprocessingmachine.org\/wp-content\/uploads\/2020\/12\/fish-debone-Work-presentation.png 720w, https:\/\/www.meatprocessingmachine.org\/wp-content\/uploads\/2020\/12\/fish-debone-Work-presentation-300x225.png 300w\" sizes=\"auto, (max-width: 720px) 100vw, 720px\" \/><\/a><figcaption class=\"wp-element-caption\">Fiskedeboneringsarbeid <\/figcaption><\/figure> <\/figure>    <p>1. Kontroller at trykket p\u00e5 trykkregulatoren er riktig f\u00f8r oppstart. Hvis trykket er riktig, kj\u00f8r maskinen i tomgang i et halvt minutt. Deretter kan du sette inn den kuttede fisken i maskinen for avskalling.<\/p>    <p>2. N\u00e5r du kj\u00f8rer fiskedeboneringsmaskinen, er det strengt forbudt \u00e5 strekke ut hendene og andre gjenstander i mateinntaket.<\/p>    <p>4. Etter \u00e5 ha plukket ut kj\u00f8ttet, b\u00f8r du sl\u00e5 av str\u00f8mmen i tide og rengj\u00f8re fisken p\u00e5 trommelen.<\/p>    <p><font style=\"vertical-align: inherit;\"><font style=\"vertical-align: inherit;\">5. F\u00f8r du demonterer kj\u00f8tth\u00f8sterb\u00f8tten, b\u00f8r trykket justeres til laveste niv\u00e5. N\u00e5r du demonterer, l\u00f8sne fj\u00e6ren og skraperen. Deretter bruker du en jernstang for \u00e5 sette den inn i de to hullene p\u00e5 kj\u00f8ttplukkerpipa, og deretter vrir du platen mot klokken og trekker den ut.<\/font><\/font><\/p>    <p><font style=\"vertical-align: inherit;\"><font style=\"vertical-align: inherit;\">6. F\u00f8r oppstart, sm\u00f8r inn hver glideflate. Hvis du ikke bruker maskinen p\u00e5 lang tid, la den st\u00e5 inaktiv i 1 minutt hver halve m\u00e5ned for \u00e5 forhindre at maskindelene ruster<\/font><\/font>.<\/p>    <h2 class=\"wp-block-heading\" id=\"tw-target-text\">Fiskedeboneringsmaskinen er en hjelper for \u00e5 fjerne bein<\/h2>    <figure class=\"wp-block-gallery has-nested-images columns-default is-cropped wp-block-gallery-4 is-layout-flex wp-block-gallery-is-layout-flex\"> <figure class=\"wp-block-image size-large\"><img loading=\"lazy\" decoding=\"async\" width=\"720\" height=\"540\" data-id=\"1828\" src=\"https:\/\/www.meatprocessingmachine.org\/wp-content\/uploads\/2020\/12\/fish-debone-Factory-inventory1-2.png\" alt=\"fish debone Factory inventory\" class=\"wp-image-1828\" title=\"\" srcset=\"https:\/\/www.meatprocessingmachine.org\/wp-content\/uploads\/2020\/12\/fish-debone-Factory-inventory1-2.png 720w, https:\/\/www.meatprocessingmachine.org\/wp-content\/uploads\/2020\/12\/fish-debone-Factory-inventory1-2-300x225.png 300w\" sizes=\"auto, (max-width: 720px) 100vw, 720px\" \/><figcaption class=\"wp-element-caption\">Fiskedebonefabrikkens lager<\/figcaption><\/figure>    <figure class=\"wp-block-image size-large\"><img loading=\"lazy\" decoding=\"async\" width=\"720\" height=\"540\" data-id=\"1829\" src=\"https:\/\/www.meatprocessingmachine.org\/wp-content\/uploads\/2020\/12\/fish-debone-Factory-inventory-2-1.png\" alt=\"\" class=\"wp-image-1829\" title=\"\" srcset=\"https:\/\/www.meatprocessingmachine.org\/wp-content\/uploads\/2020\/12\/fish-debone-Factory-inventory-2-1.png 720w, https:\/\/www.meatprocessingmachine.org\/wp-content\/uploads\/2020\/12\/fish-debone-Factory-inventory-2-1-300x225.png 300w\" sizes=\"auto, (max-width: 720px) 100vw, 720px\" \/><figcaption class=\"wp-element-caption\">Fiskedebonefabrikkens lager<\/figcaption><\/figure>    <figure class=\"wp-block-image size-large\"><img loading=\"lazy\" decoding=\"async\" width=\"720\" height=\"540\" data-id=\"1830\" src=\"https:\/\/www.meatprocessingmachine.org\/wp-content\/uploads\/2020\/12\/fish-debone-Factory-inventory-3-1.png\" alt=\"\" class=\"wp-image-1830\" title=\"\" srcset=\"https:\/\/www.meatprocessingmachine.org\/wp-content\/uploads\/2020\/12\/fish-debone-Factory-inventory-3-1.png 720w, https:\/\/www.meatprocessingmachine.org\/wp-content\/uploads\/2020\/12\/fish-debone-Factory-inventory-3-1-300x225.png 300w\" sizes=\"auto, (max-width: 720px) 100vw, 720px\" \/><figcaption class=\"wp-element-caption\">Fiskedebonefabrikkens lager<\/figcaption><\/figure>    <figure class=\"wp-block-image size-large\"><img loading=\"lazy\" decoding=\"async\" width=\"720\" height=\"540\" data-id=\"1831\" src=\"https:\/\/www.meatprocessingmachine.org\/wp-content\/uploads\/2020\/12\/fish-debone-Factory-inventory-4-1.png\" alt=\"\" class=\"wp-image-1831\" title=\"\" srcset=\"https:\/\/www.meatprocessingmachine.org\/wp-content\/uploads\/2020\/12\/fish-debone-Factory-inventory-4-1.png 720w, https:\/\/www.meatprocessingmachine.org\/wp-content\/uploads\/2020\/12\/fish-debone-Factory-inventory-4-1-300x225.png 300w\" sizes=\"auto, (max-width: 720px) 100vw, 720px\" \/><figcaption class=\"wp-element-caption\">Fiskedebonefabrikkens lager<\/figcaption><\/figure> <\/figure>    <p><font style=\"vertical-align: inherit;\"><font style=\"vertical-align: inherit;\">Det vi er mest bekymret for med denne maskinen er hvor effektivt den fjerner fiskeben<\/font><\/font>. Will the fish meat that is taken still retain the bones? We also know that there are many thorns in fish meat and they are irregular, so it is difficult to separate them manually. We can only use machines to complete this task. For the effect of the machine, we can see from the structure the machine. Don&#8217;t worry, it depends on the internal structure of the machine. The small holes of its drum are very small, which can separate the fish meat, fish bones,<font style=\"vertical-align: inherit;\"><font style=\"vertical-align: inherit;\"> og fiskeskinn effektivt og raskt.<\/font><\/font><\/p>    <h2 class=\"wp-block-heading\" id=\"h-machines-related-to-fish-deboning-machines\"><font style=\"vertical-align: inherit;\"><font style=\"vertical-align: inherit;\"><br>Maskiner relatert til <\/font><\/font>fiskedeboneringsmaskin<\/h2>    <figure class=\"wp-block-gallery has-nested-images columns-default is-cropped wp-block-gallery-5 is-layout-flex wp-block-gallery-is-layout-flex\"> <figure class=\"wp-block-image size-large\"><img loading=\"lazy\" decoding=\"async\" width=\"720\" height=\"540\" data-id=\"34180\" src=\"https:\/\/www.meatprocessingmachine.org\/wp-content\/uploads\/2020\/12\/fish-deboning-machines.webp\" alt=\"fiskebeinfjerningsmaskiner\" class=\"wp-image-34180\" title=\"\" srcset=\"https:\/\/www.meatprocessingmachine.org\/wp-content\/uploads\/2020\/12\/fish-deboning-machines.webp 720w, https:\/\/www.meatprocessingmachine.org\/wp-content\/uploads\/2020\/12\/fish-deboning-machines-300x225.webp 300w\" sizes=\"auto, (max-width: 720px) 100vw, 720px\" \/><figcaption class=\"wp-element-caption\">Fiskebenfjernermaskiner<\/figcaption><\/figure>    <figure class=\"wp-block-image size-large\"><img loading=\"lazy\" decoding=\"async\" width=\"720\" height=\"540\" data-id=\"34181\" src=\"https:\/\/www.meatprocessingmachine.org\/wp-content\/uploads\/2020\/12\/fish-deboning-machines-1.webp\" alt=\"fiskebeinfjerningsmaskiner\" class=\"wp-image-34181\" title=\"\" srcset=\"https:\/\/www.meatprocessingmachine.org\/wp-content\/uploads\/2020\/12\/fish-deboning-machines-1.webp 720w, https:\/\/www.meatprocessingmachine.org\/wp-content\/uploads\/2020\/12\/fish-deboning-machines-1-300x225.webp 300w\" sizes=\"auto, (max-width: 720px) 100vw, 720px\" \/><figcaption class=\"wp-element-caption\">Fiskebenfjernermaskiner<\/figcaption><\/figure>    <figure class=\"wp-block-image size-large\"><img loading=\"lazy\" decoding=\"async\" width=\"720\" height=\"540\" data-id=\"34182\" src=\"https:\/\/www.meatprocessingmachine.org\/wp-content\/uploads\/2020\/12\/fish-deboning-machines-2.webp\" alt=\"fiskebeinfjerningsmaskiner\" class=\"wp-image-34182\" title=\"\" srcset=\"https:\/\/www.meatprocessingmachine.org\/wp-content\/uploads\/2020\/12\/fish-deboning-machines-2.webp 720w, https:\/\/www.meatprocessingmachine.org\/wp-content\/uploads\/2020\/12\/fish-deboning-machines-2-300x225.webp 300w\" sizes=\"auto, (max-width: 720px) 100vw, 720px\" \/><figcaption class=\"wp-element-caption\">Fiskebenfjernermaskiner<\/figcaption><\/figure>    <figure class=\"wp-block-image size-large\"><img loading=\"lazy\" decoding=\"async\" width=\"720\" height=\"540\" data-id=\"34183\" src=\"https:\/\/www.meatprocessingmachine.org\/wp-content\/uploads\/2020\/12\/fish-deboning-machines-3.webp\" alt=\"fiskebeinfjerningsmaskiner\" class=\"wp-image-34183\" title=\"\" srcset=\"https:\/\/www.meatprocessingmachine.org\/wp-content\/uploads\/2020\/12\/fish-deboning-machines-3.webp 720w, https:\/\/www.meatprocessingmachine.org\/wp-content\/uploads\/2020\/12\/fish-deboning-machines-3-300x225.webp 300w\" sizes=\"auto, (max-width: 720px) 100vw, 720px\" \/><figcaption class=\"wp-element-caption\">Fiskebenfjernermaskiner<\/figcaption><\/figure>    <figure class=\"wp-block-image size-large\"><img loading=\"lazy\" decoding=\"async\" width=\"720\" height=\"540\" data-id=\"34185\" src=\"https:\/\/www.meatprocessingmachine.org\/wp-content\/uploads\/2020\/12\/fish-deboning-machines-delivery.webp\" alt=\"fiskebeinfjerningsmaskiner\" class=\"wp-image-34185\" title=\"\" srcset=\"https:\/\/www.meatprocessingmachine.org\/wp-content\/uploads\/2020\/12\/fish-deboning-machines-delivery.webp 720w, https:\/\/www.meatprocessingmachine.org\/wp-content\/uploads\/2020\/12\/fish-deboning-machines-delivery-300x225.webp 300w\" sizes=\"auto, (max-width: 720px) 100vw, 720px\" \/><figcaption class=\"wp-element-caption\">Fiskebenfjernermaskiner<\/figcaption><\/figure>    <figure class=\"wp-block-image size-large\"><img loading=\"lazy\" decoding=\"async\" width=\"720\" height=\"540\" data-id=\"34186\" src=\"https:\/\/www.meatprocessingmachine.org\/wp-content\/uploads\/2020\/12\/fish-deboning-machines-4.webp\" alt=\"fiskebeinfjerningsmaskiner\" class=\"wp-image-34186\" title=\"\" srcset=\"https:\/\/www.meatprocessingmachine.org\/wp-content\/uploads\/2020\/12\/fish-deboning-machines-4.webp 720w, https:\/\/www.meatprocessingmachine.org\/wp-content\/uploads\/2020\/12\/fish-deboning-machines-4-300x225.webp 300w\" sizes=\"auto, (max-width: 720px) 100vw, 720px\" \/><figcaption class=\"wp-element-caption\">Fiskebenfjernermaskiner<\/figcaption><\/figure> <\/figure>    <p>Etter \u00e5 ha plukket ut kj\u00f8ttet med fiskedeboneringsmaskinen, hvis du vil bruke det til \u00e5 lage andre produkter, m\u00e5 du bruke den relaterte kj\u00f8ttbehandlingsmaskinen. Hvis du vil lage fiskeboller, m\u00e5 du bruke en visp og en kj\u00f8ttkuleformeringsmaskin. Selvf\u00f8lgelig kan det innsamlede kj\u00f8ttet ogs\u00e5 brukes direkte til \u00e5 lage finhakket kj\u00f8tt, fisketofu og andre fiskprodukter.<\/p>","protected":false},"excerpt":{"rendered":"<p>Fersk fisk<\/p>","protected":false},"author":1,"featured_media":1768,"parent":0,"template":"","product-type":[584],"class_list":["post-973","product","type-product","status-publish","has-post-thumbnail","hentry","product-type-fish"],"_links":{"self":[{"href":"https:\/\/www.meatprocessingmachine.org\/nn\/wp-json\/wp\/v2\/product\/973","targetHints":{"allow":["GET"]}}],"collection":[{"href":"https:\/\/www.meatprocessingmachine.org\/nn\/wp-json\/wp\/v2\/product"}],"about":[{"href":"https:\/\/www.meatprocessingmachine.org\/nn\/wp-json\/wp\/v2\/types\/product"}],"author":[{"embeddable":true,"href":"https:\/\/www.meatprocessingmachine.org\/nn\/wp-json\/wp\/v2\/users\/1"}],"wp:featuredmedia":[{"embeddable":true,"href":"https:\/\/www.meatprocessingmachine.org\/nn\/wp-json\/wp\/v2\/media\/1768"}],"wp:attachment":[{"href":"https:\/\/www.meatprocessingmachine.org\/nn\/wp-json\/wp\/v2\/media?parent=973"}],"wp:term":[{"taxonomy":"product-type","embeddable":true,"href":"https:\/\/www.meatprocessingmachine.org\/nn\/wp-json\/wp\/v2\/product-type?post=973"}],"curies":[{"name":"wp","href":"https:\/\/api.w.org\/{rel}","templated":true}]}}