{"id":11,"date":"2018-10-25T02:48:44","date_gmt":"2018-10-25T02:48:44","guid":{"rendered":"http:\/\/www.meatprocessingmachine.org\/?page_id=11"},"modified":"2026-04-07T17:31:10","modified_gmt":"2026-04-07T09:31:10","slug":"about-us","status":"publish","type":"page","link":"https:\/\/www.meatprocessingmachine.org\/pl\/about-us\/","title":{"rendered":"O nas"},"content":{"rendered":"<p class=\"translation-block\"><strong><mark class=\"has-inline-color has-luminous-vivid-amber-color\"><a href=\"https:\/\/www.meatprocessingmachine.org\/pl\/\">Zhengzhou Taizy Machinery Co., Ltd<\/a><\/mark><\/strong> jest profesjonalnym producentem i eksporterem specjalizuj\u0105cym si\u0119 w maszynach do przetwarzania mi\u0119sa oraz zintegrowanych rozwi\u0105zaniach do przetw\u00f3rstwa spo\u017cywczego. Zlokalizowana w Zhengzhou Economic and Technological Development Zone, \u0142\u0105czymy badania, in\u017cynieri\u0119, produkcj\u0119 i sprzeda\u017c na skal\u0119 globaln\u0105 w jeden wydajny system operacyjny.<\/p>    <p>Dzi\u0119ki solidnej podstawie technicznej i ponad 100 wykwalifikowanym pracownikom, zbudowali\u015bmy nowoczesny system produkcji i zarz\u0105dzania, kt\u00f3ry zapewnia stabiln\u0105 jako\u015b\u0107 produkt\u00f3w i efektywn\u0105 dostaw\u0119 dla klient\u00f3w na ca\u0142ym \u015bwiecie.<\/p>   <div class=\"wp-block-image\"> <figure class=\"aligncenter size-full\"><img loading=\"lazy\" decoding=\"async\" width=\"720\" height=\"540\" src=\"https:\/\/www.meatprocessingmachine.org\/wp-content\/uploads\/2026\/04\/taizy-factory.webp\" alt=\"taizy-factory\" class=\"wp-image-35273\" title=\"\" srcset=\"https:\/\/www.meatprocessingmachine.org\/wp-content\/uploads\/2026\/04\/taizy-factory.webp 720w, https:\/\/www.meatprocessingmachine.org\/wp-content\/uploads\/2026\/04\/taizy-factory-300x225.webp 300w, https:\/\/www.meatprocessingmachine.org\/wp-content\/uploads\/2026\/04\/taizy-factory-16x12.webp 16w\" sizes=\"auto, (max-width: 720px) 100vw, 720px\" \/><figcaption class=\"wp-element-caption\">taizy-factory<\/figcaption><\/figure> <\/div>   <h2 class=\"wp-block-heading\">Co robimy<\/h2>    <p>Skupiamy si\u0119 na rozwoju i produkcji pe\u0142nej gamy urz\u0105dze\u0144 do przetwarzania mi\u0119sa, w tym:<\/p>    <ul class=\"wp-block-list\"> <li><strong><a href=\"https:\/\/www.meatprocessingmachine.org\/pl\/products\/meat-cutting-machine\/\">Maszyny do krojenia i plasterkowania mi\u0119sa<\/a><\/strong><\/li>    <li>Sprz\u0119t do mielenia mi\u0119sa i obr\u00f3bki ko\u015bci<\/li>    <li>Linie produkcyjne do kul mi\u0119snych<\/li>    <li><strong><a href=\"https:\/\/www.meatprocessingmachine.org\/pl\/products\/supporting-auxiliary-equipment\/\">Pakowanie pr\u00f3\u017cniowe i sprz\u0119t pomocniczy<\/a><\/strong><\/li> <\/ul>    <p>Nasze maszyny s\u0105 szeroko stosowane w sklepach mi\u0119snych, zak\u0142adach przetw\u00f3rstwa spo\u017cywczego, rze\u017aniach i przemys\u0142owych liniach produkcji mi\u0119sa, wspieraj\u0105c zar\u00f3wno ma\u0142e firmy, jak i du\u017ce zak\u0142ady.<\/p>    <figure class=\"wp-block-gallery has-nested-images columns-default is-cropped wp-block-gallery-2 is-layout-flex wp-block-gallery-is-layout-flex\"> <figure class=\"wp-block-image size-large\"><img loading=\"lazy\" decoding=\"async\" width=\"720\" height=\"540\" data-id=\"34581\" src=\"https:\/\/www.meatprocessingmachine.org\/wp-content\/uploads\/2020\/11\/Bone-Crusher-and-Colloid-Mill-Combination.webp\" alt=\"Bone Crusher and Colloid Mill Combination\" class=\"wp-image-34581\" title=\"\" srcset=\"https:\/\/www.meatprocessingmachine.org\/wp-content\/uploads\/2020\/11\/Bone-Crusher-and-Colloid-Mill-Combination.webp 720w, https:\/\/www.meatprocessingmachine.org\/wp-content\/uploads\/2020\/11\/Bone-Crusher-and-Colloid-Mill-Combination-300x225.webp 300w, https:\/\/www.meatprocessingmachine.org\/wp-content\/uploads\/2020\/11\/Bone-Crusher-and-Colloid-Mill-Combination-16x12.webp 16w\" sizes=\"auto, (max-width: 720px) 100vw, 720px\" \/><figcaption class=\"wp-element-caption\">Kruszarka do ko\u015bci i m\u0142yn kolidowy w kombinacji<\/figcaption><\/figure>    <figure class=\"wp-block-image size-large\"><img loading=\"lazy\" decoding=\"async\" width=\"720\" height=\"540\" data-id=\"34788\" src=\"https:\/\/www.meatprocessingmachine.org\/wp-content\/uploads\/2020\/11\/Bone-Crushing-Machine-1.webp\" alt=\"Maszyna do kruszenia ko\u015bci\" class=\"wp-image-34788\" title=\"\" srcset=\"https:\/\/www.meatprocessingmachine.org\/wp-content\/uploads\/2020\/11\/Bone-Crushing-Machine-1.webp 720w, https:\/\/www.meatprocessingmachine.org\/wp-content\/uploads\/2020\/11\/Bone-Crushing-Machine-1-300x225.webp 300w, https:\/\/www.meatprocessingmachine.org\/wp-content\/uploads\/2020\/11\/Bone-Crushing-Machine-1-16x12.webp 16w\" sizes=\"auto, (max-width: 720px) 100vw, 720px\" \/><figcaption class=\"wp-element-caption\">Maszyna do kruszenia ko\u015bci<\/figcaption><\/figure>    <figure class=\"wp-block-image size-large\"><img loading=\"lazy\" decoding=\"async\" width=\"720\" height=\"540\" data-id=\"34698\" src=\"https:\/\/www.meatprocessingmachine.org\/wp-content\/uploads\/2021\/01\/Fish-Dryer-Machine-Factory.webp\" alt=\"Fabryka maszyn do suszenia ryb\" class=\"wp-image-34698\" title=\"\" srcset=\"https:\/\/www.meatprocessingmachine.org\/wp-content\/uploads\/2021\/01\/Fish-Dryer-Machine-Factory.webp 720w, https:\/\/www.meatprocessingmachine.org\/wp-content\/uploads\/2021\/01\/Fish-Dryer-Machine-Factory-300x225.webp 300w, https:\/\/www.meatprocessingmachine.org\/wp-content\/uploads\/2021\/01\/Fish-Dryer-Machine-Factory-16x12.webp 16w\" sizes=\"auto, (max-width: 720px) 100vw, 720px\" \/><figcaption class=\"wp-element-caption\">Fabryka maszyn do suszenia ryb<\/figcaption><\/figure>    <figure class=\"wp-block-image size-large\"><img loading=\"lazy\" decoding=\"async\" width=\"720\" height=\"540\" data-id=\"34650\" src=\"https:\/\/www.meatprocessingmachine.org\/wp-content\/uploads\/2026\/02\/Meat-Slicing-Machine.webp\" alt=\"Maszyna do krojenia mi\u0119sa\" class=\"wp-image-34650\" title=\"\" srcset=\"https:\/\/www.meatprocessingmachine.org\/wp-content\/uploads\/2026\/02\/Meat-Slicing-Machine.webp 720w, https:\/\/www.meatprocessingmachine.org\/wp-content\/uploads\/2026\/02\/Meat-Slicing-Machine-300x225.webp 300w, https:\/\/www.meatprocessingmachine.org\/wp-content\/uploads\/2026\/02\/Meat-Slicing-Machine-16x12.webp 16w\" sizes=\"auto, (max-width: 720px) 100vw, 720px\" \/><figcaption class=\"wp-element-caption\">Maszyna do krojenia mi\u0119sa<\/figcaption><\/figure>    <figure class=\"wp-block-image size-large\"><img loading=\"lazy\" decoding=\"async\" width=\"720\" height=\"540\" data-id=\"35002\" src=\"https:\/\/www.meatprocessingmachine.org\/wp-content\/uploads\/2021\/11\/Triple-Row-Egg-Processing-Line.webp\" alt=\"Potr\u00f3jna linia do przetwarzania jaj\" class=\"wp-image-35002\" title=\"\" srcset=\"https:\/\/www.meatprocessingmachine.org\/wp-content\/uploads\/2021\/11\/Triple-Row-Egg-Processing-Line.webp 720w, https:\/\/www.meatprocessingmachine.org\/wp-content\/uploads\/2021\/11\/Triple-Row-Egg-Processing-Line-300x225.webp 300w, https:\/\/www.meatprocessingmachine.org\/wp-content\/uploads\/2021\/11\/Triple-Row-Egg-Processing-Line-16x12.webp 16w\" sizes=\"auto, (max-width: 720px) 100vw, 720px\" \/><figcaption class=\"wp-element-caption\">Potr\u00f3jna linia do przetwarzania jaj<\/figcaption><\/figure>    <figure class=\"wp-block-image size-large\"><img loading=\"lazy\" decoding=\"async\" width=\"720\" height=\"540\" data-id=\"35130\" src=\"https:\/\/www.meatprocessingmachine.org\/wp-content\/uploads\/2026\/03\/Chicken-Paw-Processing-Machine.webp\" alt=\"Maszyna do przetwarzania kurzych \u0142apek\" class=\"wp-image-35130\" title=\"\" srcset=\"https:\/\/www.meatprocessingmachine.org\/wp-content\/uploads\/2026\/03\/Chicken-Paw-Processing-Machine.webp 720w, https:\/\/www.meatprocessingmachine.org\/wp-content\/uploads\/2026\/03\/Chicken-Paw-Processing-Machine-300x225.webp 300w, https:\/\/www.meatprocessingmachine.org\/wp-content\/uploads\/2026\/03\/Chicken-Paw-Processing-Machine-16x12.webp 16w\" sizes=\"auto, (max-width: 720px) 100vw, 720px\" \/><figcaption class=\"wp-element-caption\">Maszyna do przetwarzania kurzych \u0142apek<\/figcaption><\/figure> <\/figure>    <h3 class=\"wp-block-heading\">Silne mo\u017cliwo\u015bci R&amp;D i produkcyjne<\/h3>    <p>Technologia nap\u0119dza nasz rozw\u00f3j. Nieustannie inwestujemy w badania i rozw\u00f3j, wsp\u00f3\u0142pracuj\u0105c z do\u015bwiadczonymi in\u017cynierami mechanicznymi i ekspertami bran\u017cowymi, aby poprawi\u0107 wydajno\u015b\u0107 sprz\u0119tu i opracowa\u0107 nowe rozwi\u0105zania.<\/p>    <p>Od wyboru surowc\u00f3w po ko\u0144cowy monta\u017c, ka\u017cda maszyna jest produkowana zgodnie z rygorystycznymi standardami kontroli jako\u015bci. Nasz proces produkcyjny k\u0142adzie nacisk na trwa\u0142o\u015b\u0107, higien\u0119 i efektywno\u015b\u0107 operacyjn\u0105, aby spe\u0142ni\u0107 mi\u0119dzynarodowe wymagania dotycz\u0105ce przetw\u00f3rstwa spo\u017cywczego.<\/p>   <div class=\"wp-block-image\"> <figure class=\"aligncenter size-full\"><img loading=\"lazy\" decoding=\"async\" width=\"720\" height=\"540\" src=\"https:\/\/www.meatprocessingmachine.org\/wp-content\/uploads\/2026\/04\/Processing-Workshop.webp\" alt=\"Warsztat przetw\u00f3rczy\" class=\"wp-image-35277\" title=\"\" srcset=\"https:\/\/www.meatprocessingmachine.org\/wp-content\/uploads\/2026\/04\/Processing-Workshop.webp 720w, https:\/\/www.meatprocessingmachine.org\/wp-content\/uploads\/2026\/04\/Processing-Workshop-300x225.webp 300w, https:\/\/www.meatprocessingmachine.org\/wp-content\/uploads\/2026\/04\/Processing-Workshop-16x12.webp 16w\" sizes=\"auto, (max-width: 720px) 100vw, 720px\" \/><figcaption class=\"wp-element-caption\">Warsztat przetw\u00f3rczy<\/figcaption><\/figure> <\/div>   <h3 class=\"wp-block-heading\">Obecno\u015b\u0107 na rynku globalnym<\/h3>    <p class=\"translation-block\">Nasze produkty zosta\u0142y wyeksportowane do <strong><a href=\"https:\/\/www.meatprocessingmachine.org\/pl\/Info\/bone-crusher-machine-france\/\"> Europy<\/a><\/strong>, <strong><a href=\"https:\/\/www.meatprocessingmachine.org\/pl\/Info\/frozen-meat-dicer-machine-for-sale-in-usa\/\"> Ameryki<\/a><\/strong>, Afryki, Azji Po\u0142udniowo-Wschodniej i wielu innych region\u00f3w, zdobywaj\u0105c siln\u0105 reputacj\u0119 i solidn\u0105 baz\u0119 klient\u00f3w na rynku mi\u0119dzynarodowym. Jako sp\u00f3\u0142ka zale\u017cna grupy Shuliy, Taizy korzysta z dojrza\u0142ego systemu produkcyjnego grupy, dobrze rozwini\u0119tego \u0142a\u0144cucha dostaw i szerokiego do\u015bwiadczenia na globalnym rynku, aby dostarcza\u0107 niezawodne urz\u0105dzenia i profesjonalne us\u0142ugi, buduj\u0105c d\u0142ugoterminowe partnerstwa z klientami na ca\u0142ym \u015bwiecie.<\/p>   <div class=\"wp-block-image\"> <figure class=\"aligncenter size-full\"><img loading=\"lazy\" decoding=\"async\" width=\"720\" height=\"540\" src=\"https:\/\/www.meatprocessingmachine.org\/wp-content\/uploads\/2026\/04\/Shuliys-customers.webp\" alt=\"Klienci Shuliy\" class=\"wp-image-35281\" title=\"\" srcset=\"https:\/\/www.meatprocessingmachine.org\/wp-content\/uploads\/2026\/04\/Shuliys-customers.webp 720w, https:\/\/www.meatprocessingmachine.org\/wp-content\/uploads\/2026\/04\/Shuliys-customers-300x225.webp 300w, https:\/\/www.meatprocessingmachine.org\/wp-content\/uploads\/2026\/04\/Shuliys-customers-16x12.webp 16w\" sizes=\"auto, (max-width: 720px) 100vw, 720px\" \/><figcaption class=\"wp-element-caption\">Shuliy&#8217;s customers<\/figcaption><\/figure> <\/div>   <h3 class=\"wp-block-heading\">Zapewnienie jako\u015bci i serwis<\/h3>    <p>Stosujemy filozofi\u0119 \u201ejako\u015b\u0107 na pierwszym miejscu, zorientowan\u0105 na klienta\u201d w ka\u017cdym projekcie.<\/p>    <ul class=\"wp-block-list\"> <li>\u015acis\u0142a kontrola jako\u015bci przed wysy\u0142k\u0105<\/li>    <li>Profesjonalne doradztwo przed sprzeda\u017c\u0105 i projektowanie rozwi\u0105za\u0144<\/li>    <li>Kompleksowe wsparcie posprzeda\u017cowe, w tym instrukcje instalacji i serwis techniczny<\/li> <\/ul>    <p>Naszym celem jest nie tylko dostarczanie maszyn, ale tak\u017ce zapewnianie niezawodnych, d\u0142ugoterminowych rozwi\u0105za\u0144, kt\u00f3re pomagaj\u0105 klientom poprawi\u0107 wydajno\u015b\u0107 i rentowno\u015b\u0107.<\/p>   <div class=\"wp-block-image\"> <figure class=\"aligncenter size-full\"><img loading=\"lazy\" decoding=\"async\" width=\"720\" height=\"540\" src=\"https:\/\/www.meatprocessingmachine.org\/wp-content\/uploads\/2026\/03\/Our-Certifications.webp\" alt=\"Nasze certyfikaty\" class=\"wp-image-35211\" title=\"\" srcset=\"https:\/\/www.meatprocessingmachine.org\/wp-content\/uploads\/2026\/03\/Our-Certifications.webp 720w, https:\/\/www.meatprocessingmachine.org\/wp-content\/uploads\/2026\/03\/Our-Certifications-300x225.webp 300w, https:\/\/www.meatprocessingmachine.org\/wp-content\/uploads\/2026\/03\/Our-Certifications-16x12.webp 16w\" sizes=\"auto, (max-width: 720px) 100vw, 720px\" \/><figcaption class=\"wp-element-caption\">Nasze certyfikaty<\/figcaption><\/figure> <\/div>   <h2 class=\"wp-block-heading\">Certyfikaty i zapewnienie jako\u015bci<\/h2>    <p class=\"translation-block\">Przywi\u0105zujemy du\u017c\u0105 wag\u0119 do jako\u015bci produkt\u00f3w i zgodno\u015bci z mi\u0119dzynarodowymi standardami, stosuj\u0105c rygorystyczne, ustandaryzowane procesy produkcyjne. Wiele naszych maszyn uzyska\u0142o <strong>certyfikat CE<\/strong>, spe\u0142niaj\u0105c europejskie wymogi bezpiecze\u0144stwa. Nasza firma ustanowi\u0142a i wdra\u017ca kompleksowy <strong>system zarz\u0105dzania jako\u015bci\u0105 ISO<\/strong>, z surow\u0105 kontrol\u0105 od zakupu surowc\u00f3w po monta\u017c produkcyjny i ko\u0144cow\u0105 inspekcj\u0119, zapewniaj\u0105c stabilne i trwa\u0142e urz\u0105dzenia. Dodatkowo wspieramy testy i audyty fabryk przez mi\u0119dzynarodowe agencje trzecich stron, takie jak <strong>SGS<\/strong> i <strong>T\u00dcV<\/strong>, zapewniaj\u0105c klientom przejrzyste i wiarygodne zapewnienie jako\u015bci.<\/p>    <figure class=\"wp-block-gallery has-nested-images columns-default is-cropped wp-block-gallery-3 is-layout-flex wp-block-gallery-is-layout-flex\"> <figure class=\"wp-block-image size-large\"><img loading=\"lazy\" decoding=\"async\" width=\"540\" height=\"720\" data-id=\"35208\" src=\"https:\/\/www.meatprocessingmachine.org\/wp-content\/uploads\/2026\/03\/CE.webp\" alt=\"CE\" class=\"wp-image-35208\" title=\"\" srcset=\"https:\/\/www.meatprocessingmachine.org\/wp-content\/uploads\/2026\/03\/CE.webp 540w, https:\/\/www.meatprocessingmachine.org\/wp-content\/uploads\/2026\/03\/CE-225x300.webp 225w, https:\/\/www.meatprocessingmachine.org\/wp-content\/uploads\/2026\/03\/CE-9x12.webp 9w\" sizes=\"auto, (max-width: 540px) 100vw, 540px\" \/><figcaption class=\"wp-element-caption\">CE<\/figcaption><\/figure>    <figure class=\"wp-block-image size-large\"><img loading=\"lazy\" decoding=\"async\" width=\"540\" height=\"720\" data-id=\"35210\" src=\"https:\/\/www.meatprocessingmachine.org\/wp-content\/uploads\/2026\/03\/ISO9001.webp\" alt=\"ISO9001\" class=\"wp-image-35210\" title=\"\" srcset=\"https:\/\/www.meatprocessingmachine.org\/wp-content\/uploads\/2026\/03\/ISO9001.webp 540w, https:\/\/www.meatprocessingmachine.org\/wp-content\/uploads\/2026\/03\/ISO9001-225x300.webp 225w, https:\/\/www.meatprocessingmachine.org\/wp-content\/uploads\/2026\/03\/ISO9001-9x12.webp 9w\" sizes=\"auto, (max-width: 540px) 100vw, 540px\" \/><figcaption class=\"wp-element-caption\">ISO9001<\/figcaption><\/figure>    <figure class=\"wp-block-image size-large\"><img loading=\"lazy\" decoding=\"async\" width=\"540\" height=\"720\" data-id=\"35209\" src=\"https:\/\/www.meatprocessingmachine.org\/wp-content\/uploads\/2026\/03\/EU-Test.webp\" alt=\"EU Test\" class=\"wp-image-35209\" title=\"\" srcset=\"https:\/\/www.meatprocessingmachine.org\/wp-content\/uploads\/2026\/03\/EU-Test.webp 540w, https:\/\/www.meatprocessingmachine.org\/wp-content\/uploads\/2026\/03\/EU-Test-225x300.webp 225w, https:\/\/www.meatprocessingmachine.org\/wp-content\/uploads\/2026\/03\/EU-Test-9x12.webp 9w\" sizes=\"auto, (max-width: 540px) 100vw, 540px\" \/><figcaption class=\"wp-element-caption\">Test UE<\/figcaption><\/figure> <\/figure>    <h3 class=\"wp-block-heading\">Nasza misja<\/h3>    <p>D\u0105\u017cymy do dostarczania wysokiej jako\u015bci, wydajnych i innowacyjnych rozwi\u0105za\u0144 do przetw\u00f3rstwa mi\u0119sa dla klient\u00f3w na ca\u0142ym \u015bwiecie. Poprzez ci\u0105g\u0142e doskonalenie i odpowiedzialn\u0105 produkcj\u0119, d\u0105\u017cymy do zostania zaufanym partnerem w bran\u017cy maszyn spo\u017cywczych.<\/p>    <h2 class=\"wp-block-heading\">Skontaktuj si\u0119 z nami<\/h2>    <div class=\"wp-block-buttons is-layout-flex wp-container-core-buttons-is-layout-6b4e3324 wp-block-buttons-is-layout-flex\"> <div class=\"wp-block-button\"><a class=\"wp-block-button__link wp-element-button\" href=\"https:\/\/wa.me\/+8619139761487\" target=\"_blank\" rel=\"noopener\">WhatsApp:  86 19139761487<\/a><\/div>    <div class=\"wp-block-button\"><a class=\"wp-block-button__link wp-element-button\">E-mail: info@meatprocessingmachine.org<\/a><\/div> <\/div>    <blockquote class=\"wp-block-quote is-layout-flow wp-block-quote-is-layout-flow\"><\/blockquote>    <div class=\"wp-block-buttons is-layout-flex wp-block-buttons-is-layout-flex\"> <div class=\"wp-block-button\"><a class=\"wp-block-button__link wp-element-button\">Adres: Wschodnia droga \u017ceglarska, Zhengzhou Economic Development Zone, Chiny<\/a><\/div> <\/div>    <p><\/p>","protected":false},"excerpt":{"rendered":"<p>Zhengzhou Taizy Machinery Co., Ltd jest profesjonalnym producentem i eksporterem specjalizuj\u0105cym si\u0119 w maszynach do przetwarzania mi\u0119sa oraz zintegrowanych rozwi\u0105zaniach do przetw\u00f3rstwa spo\u017cywczego. Zlokalizowana w Zhengzhou Economic and Technological Development Zone, \u0142\u0105czymy badania, in\u017cynieri\u0119, produkcj\u0119 i sprzeda\u017c na skal\u0119 globaln\u0105 w jeden wydajny system operacyjny.<\/p>","protected":false},"author":1,"featured_media":35273,"parent":0,"menu_order":0,"comment_status":"open","ping_status":"closed","template":"","meta":{"footnotes":""},"class_list":["post-11","page","type-page","status-publish","has-post-thumbnail","hentry"],"_links":{"self":[{"href":"https:\/\/www.meatprocessingmachine.org\/pl\/wp-json\/wp\/v2\/pages\/11","targetHints":{"allow":["GET"]}}],"collection":[{"href":"https:\/\/www.meatprocessingmachine.org\/pl\/wp-json\/wp\/v2\/pages"}],"about":[{"href":"https:\/\/www.meatprocessingmachine.org\/pl\/wp-json\/wp\/v2\/types\/page"}],"author":[{"embeddable":true,"href":"https:\/\/www.meatprocessingmachine.org\/pl\/wp-json\/wp\/v2\/users\/1"}],"replies":[{"embeddable":true,"href":"https:\/\/www.meatprocessingmachine.org\/pl\/wp-json\/wp\/v2\/comments?post=11"}],"version-history":[{"count":17,"href":"https:\/\/www.meatprocessingmachine.org\/pl\/wp-json\/wp\/v2\/pages\/11\/revisions"}],"predecessor-version":[{"id":35299,"href":"https:\/\/www.meatprocessingmachine.org\/pl\/wp-json\/wp\/v2\/pages\/11\/revisions\/35299"}],"wp:featuredmedia":[{"embeddable":true,"href":"https:\/\/www.meatprocessingmachine.org\/pl\/wp-json\/wp\/v2\/media\/35273"}],"wp:attachment":[{"href":"https:\/\/www.meatprocessingmachine.org\/pl\/wp-json\/wp\/v2\/media?parent=11"}],"curies":[{"name":"wp","href":"https:\/\/api.w.org\/{rel}","templated":true}]}}