{"id":1018,"date":"2021-01-16T09:49:03","date_gmt":"2021-01-16T01:49:03","guid":{"rendered":"https:\/\/www.meatprocessingmachine.org\/?p=1018"},"modified":"2024-06-14T16:00:42","modified_gmt":"2024-06-14T08:00:42","slug":"commercial-fish-skinning-machine-for-sale","status":"publish","type":"product","link":"https:\/\/www.meatprocessingmachine.org\/pl\/commercial-fish-skinning-machine-for-sale.html","title":{"rendered":"Komercyjna maszyna do obierania ryb na sprzeda\u017c"},"content":{"rendered":"<div class=\"kk-star-ratings kksr-auto kksr-align-right kksr-valign-top\"     data-payload='{&quot;align&quot;:&quot;right&quot;,&quot;id&quot;:&quot;1018&quot;,&quot;slug&quot;:&quot;default&quot;,&quot;valign&quot;:&quot;top&quot;,&quot;ignore&quot;:&quot;&quot;,&quot;reference&quot;:&quot;auto&quot;,&quot;class&quot;:&quot;&quot;,&quot;count&quot;:&quot;0&quot;,&quot;legendonly&quot;:&quot;&quot;,&quot;readonly&quot;:&quot;&quot;,&quot;score&quot;:&quot;0&quot;,&quot;starsonly&quot;:&quot;&quot;,&quot;best&quot;:&quot;5&quot;,&quot;gap&quot;:&quot;5&quot;,&quot;greet&quot;:&quot;Rate this product&quot;,&quot;legend&quot;:&quot;0\\\/5 - (0 votes)&quot;,&quot;size&quot;:&quot;24&quot;,&quot;title&quot;:&quot;Commercial fish skinning machine for sale&quot;,&quot;width&quot;:&quot;0&quot;,&quot;_legend&quot;:&quot;{score}\\\/{best} - ({count} {votes})&quot;,&quot;font_factor&quot;:&quot;1.25&quot;}'>              <div class=\"kksr-stars\">      <div class=\"kksr-stars-inactive\">             <div class=\"kksr-star\" data-star=\"1\" style=\"padding-right: 5px\">               <div class=\"kksr-icon\" style=\"width: 24px; height: 24px;\"><\/div>         <\/div>             <div class=\"kksr-star\" data-star=\"2\" style=\"padding-right: 5px\">               <div class=\"kksr-icon\" style=\"width: 24px; height: 24px;\"><\/div>         <\/div>             <div class=\"kksr-star\" data-star=\"3\" style=\"padding-right: 5px\">               <div class=\"kksr-icon\" style=\"width: 24px; height: 24px;\"><\/div>         <\/div>             <div class=\"kksr-star\" data-star=\"4\" style=\"padding-right: 5px\">               <div class=\"kksr-icon\" style=\"width: 24px; height: 24px;\"><\/div>         <\/div>             <div class=\"kksr-star\" data-star=\"5\" style=\"padding-right: 5px\">               <div class=\"kksr-icon\" style=\"width: 24px; height: 24px;\"><\/div>         <\/div>     <\/div>      <div class=\"kksr-stars-active\" style=\"width: 0px;\">             <div class=\"kksr-star\" style=\"padding-right: 5px\">               <div class=\"kksr-icon\" style=\"width: 24px; height: 24px;\"><\/div>         <\/div>             <div class=\"kksr-star\" style=\"padding-right: 5px\">               <div class=\"kksr-icon\" style=\"width: 24px; height: 24px;\"><\/div>         <\/div>             <div class=\"kksr-star\" style=\"padding-right: 5px\">               <div class=\"kksr-icon\" style=\"width: 24px; height: 24px;\"><\/div>         <\/div>             <div class=\"kksr-star\" style=\"padding-right: 5px\">               <div class=\"kksr-icon\" style=\"width: 24px; height: 24px;\"><\/div>         <\/div>             <div class=\"kksr-star\" style=\"padding-right: 5px\">               <div class=\"kksr-icon\" style=\"width: 24px; height: 24px;\"><\/div>         <\/div>     <\/div> <\/div>                   <div class=\"kksr-legend\" style=\"font-size: 19.2px;\">             <span class=\"kksr-muted\">Oce\u0144 ten produkt<\/span>     <\/div>     <\/div>  <p class=\"translation-block\">Przemys\u0142owa <strong>maszyna do obierania sk\u00f3ry ryb<\/strong> to elektryczna maszyna specjalnie zaprojektowana do usuwania sk\u00f3ry ryb. Maszyna ta dzia\u0142a po <a href=\"https:\/\/www.meatprocessingmachine.org\/pl\/automatic-fish-scaler-machine-fish-scale-remover-machine.html\/\">maszyna do usuwania \u0142usek ryb<\/a>, usuni\u0119ciu g\u0142owy i ogona ryby, oraz <a href=\"https:\/\/www.meatprocessingmachine.org\/pl\/electric-fish-belly-splitting-cutting-machine.html\/\">maszyna do rozcinania brzucha ryby<\/a>. Maszyna do obierania sk\u00f3ry ryb mo\u017ce realizowa\u0107 automatyczne obieranie. Ma du\u017c\u0105 wydajno\u015b\u0107, wysok\u0105 skuteczno\u015b\u0107 obierania i wysok\u0105 plonowo\u015b\u0107.<\/p>    <h2 class=\"wp-block-heading\">Wideo z maszyny do obierania sk\u00f3ry ryb<\/h2>    <figure class=\"wp-block-embed is-type-video is-provider-youtube wp-block-embed-youtube\"><div class=\"wp-block-embed__wrapper\"> <iframe loading=\"lazy\" title=\"Maszyna do obierania sk\u00f3ry z kalmar\u00f3w, maszyna do usuwania sk\u00f3ry ryb\" width=\"500\" height=\"281\" src=\"https:\/\/www.youtube.com\/embed\/FWiHdkLqavs?feature=oembed\" frameborder=\"0\" allow=\"accelerometer; autoplay; clipboard-write; encrypted-media; gyroscope; picture-in-picture; web-share\" referrerpolicy=\"strict-origin-when-cross-origin\" allowfullscreen><\/iframe> <\/div><figcaption class=\"wp-element-caption\">maszyna do obierania sk\u00f3ry ryb<\/figcaption><\/figure>    <h2 class=\"wp-block-heading\" id=\"h-features-of-squid-fish-skinner-machine\">Cechy maszyny do obierania sk\u00f3ry z kalmar\u00f3w<\/h2>    <ol class=\"wp-block-list\"> <li>Maszyna do obierania sk\u00f3ry ryb wykonana ze stali nierdzewnej, g\u0142\u00f3wny element jest specjalnie utwardzany, a ostrze jest ostre i trwa\u0142e<\/li>    <li>\u0141atwy w obs\u0142udze i konserwacji, ma d\u0142ug\u0105 \u017cywotno\u015b\u0107<\/li>    <li>Elektryczna maszyna do obierania sk\u00f3ry ryb ma du\u017c\u0105 wydajno\u015b\u0107, wysok\u0105 skuteczno\u015b\u0107 i dobry efekt obierania.<\/li>    <li>Ostrze maszyny mo\u017cna regulowa\u0107, co pozwala na szerokie zastosowanie w obieraniu r\u00f3\u017cnych gatunk\u00f3w ryb.<\/li> <\/ol>    <h2 class=\"wp-block-heading\" id=\"h-fish-skinning-machine-parameters\">Parametry maszyny do obierania sk\u00f3ry ryb<\/h2>    <ul class=\"wp-block-list\"> <li>Moc: 0.75kW<\/li>    <li>Napi\u0119cie: 380V<\/li>    <li>Waga: 120KG<\/li>    <li>Rozmiar: 620*630*900MM<\/li>    <li>Pr\u0119dko\u015b\u0107 obr\u00f3bki: 40-80 szt.\/min<\/li>    <li>Pojemno\u015b\u0107: 2000-2500KG\/H<\/li> <\/ul>    <p>Karmienie ryb o grubo\u015bci do 3 cm, karmienie ryb o szeroko\u015bci do 40 cm.<\/p>    <h2 class=\"wp-block-heading\" id=\"h-commercial-fish-skinner-machine-application\">Zastosowanie przemys\u0142owej maszyny do obierania sk\u00f3ry ryb<\/h2>    <p class=\"translation-block\">Maszyna do obierania sk\u00f3ry ryb jest szeroko stosowana do obierania sk\u00f3ry ryb takich jak dorsz, sum, <a href=\"https:\/\/en.wikipedia.org\/wiki\/Salmon\" target=\"_blank\" rel=\"noopener\">\u0142oso\u015b<\/a>, plamiak i innych. Maszyna jest szeroko u\u017cywana do obierania sk\u00f3ry kalmar\u00f3w. Nadaje si\u0119 do firm rybackich, zak\u0142ad\u00f3w przetw\u00f3rstwa spo\u017cywczego i bran\u017cy gastronomicznej.<\/p>    <h2 class=\"wp-block-heading\" id=\"h-fish-skinning-machine-parameters\">Jak u\u017cywa\u0107 maszyny do usuwania sk\u00f3ry ryb?<\/h2>    <p>Automatyczna maszyna do obierania sk\u00f3ry \u0142ososia jest \u0142atwa w obs\u0142udze. Wystarczy umie\u015bci\u0107 ryb\u0119 w porcie za\u0142adunkowym, a maszyna automatycznie zako\u0144czy obieranie. Przed u\u017cyciem tej maszyny do obierania, nale\u017cy u\u017cy\u0107 maszyny do przetwarzania ryb, aby podzieli\u0107 ryb\u0119 na segmenty. <\/p>    <p>Je\u015bli surowiec jest w ca\u0142o\u015bci, konieczne jest u\u017cycie maszyny do przetwarzania ryb. Obejmuje to maszyn\u0119 do usuwania \u0142usek, maszyn\u0119 do krojenia brzucha ryby, maszyn\u0119 do krojenia g\u0142owy i ogona. Po wykonaniu tych krok\u00f3w otrzymasz kawa\u0142ek ryby. Nast\u0119pnie odwr\u00f3\u0107 go sk\u00f3r\u0105 do do\u0142u, aby obiera\u0107. <\/p>    <h2 class=\"wp-block-heading\" id=\"h-precautions-when-using-the-fish-skin-peeling-machine\">\u015arodki ostro\u017cno\u015bci podczas korzystania z maszyny do obierania sk\u00f3ry ryb<\/h2>    <ol class=\"wp-block-list\"> <li>Podczas korzystania z tej maszyny do obierania sk\u00f3ry ryb, nale\u017cy to robi\u0107 w obecno\u015bci wody, aby zapewni\u0107 skuteczno\u015b\u0107 obierania. Pod\u0142\u0105cz w\u0105\u017c wodny do zaworu wody maszyny. Nast\u0119pnie w\u0142\u0105cz zasilanie, aby sprawdzi\u0107, czy dostawa wody jest normalna. Upewnij si\u0119, \u017ce w\u0142\u0105czysz prze\u0142\u0105cznik dop\u0142ywu wody podczas obierania.<\/li>    <li>Po pewnym czasie u\u017cytkowania, otw\u00f3rz pokryw\u0119 ostrza, aby sprawdzi\u0107 stan zu\u017cycia ostrza. Je\u015bli konieczna jest wymiana, otw\u00f3rz pokryw\u0119 i wymie\u0144 ostrze bezpo\u015brednio.<\/li>    <li>Je\u015bli musisz regulowa\u0107 ostrze w g\u00f3r\u0119 i w d\u00f3\u0142, u\u017cyj klucza, aby odkr\u0119ci\u0107 nakr\u0119tk\u0119 po lewej i prawej stronie uchwytu ostrza, aby dostosowa\u0107 odleg\u0142o\u015b\u0107 mi\u0119dzy ostrzem a b\u0119bnem. Uwaga, odleg\u0142o\u015b\u0107 mi\u0119dzy ostrzem a b\u0119bnem powinna by\u0107 odpowiednia, zbyt du\u017ca lub zbyt ma\u0142a bezpo\u015brednio wp\u0142ynie na efekt obierania.<\/li>    <li>Po ka\u017cdym u\u017cyciu maszyny do obierania ryb, prosz\u0119 wyczy\u015bci\u0107 maszyn\u0119 czyst\u0105 wod\u0105. Je\u015bli nie u\u017cywasz jej przez d\u0142ugi czas, umie\u015b\u0107 maszyn\u0119 w suchym i wentylowanym miejscu.<\/li> <\/ol>","protected":false},"excerpt":{"rendered":"<p>The commercial fish skinning machine is widely used in peeling salmon, squid, and other species of fish. It needs to use machines such as descaler, fish opener, and other machines to process the fish into segments before using the machine.<\/p>","protected":false},"author":1,"featured_media":1021,"parent":0,"template":"","product-type":[584],"class_list":["post-1018","product","type-product","status-publish","has-post-thumbnail","hentry","product-type-fish"],"_links":{"self":[{"href":"https:\/\/www.meatprocessingmachine.org\/pl\/wp-json\/wp\/v2\/product\/1018","targetHints":{"allow":["GET"]}}],"collection":[{"href":"https:\/\/www.meatprocessingmachine.org\/pl\/wp-json\/wp\/v2\/product"}],"about":[{"href":"https:\/\/www.meatprocessingmachine.org\/pl\/wp-json\/wp\/v2\/types\/product"}],"author":[{"embeddable":true,"href":"https:\/\/www.meatprocessingmachine.org\/pl\/wp-json\/wp\/v2\/users\/1"}],"wp:featuredmedia":[{"embeddable":true,"href":"https:\/\/www.meatprocessingmachine.org\/pl\/wp-json\/wp\/v2\/media\/1021"}],"wp:attachment":[{"href":"https:\/\/www.meatprocessingmachine.org\/pl\/wp-json\/wp\/v2\/media?parent=1018"}],"wp:term":[{"taxonomy":"product-type","embeddable":true,"href":"https:\/\/www.meatprocessingmachine.org\/pl\/wp-json\/wp\/v2\/product-type?post=1018"}],"curies":[{"name":"wp","href":"https:\/\/api.w.org\/{rel}","templated":true}]}}