{"id":103,"date":"2018-10-25T06:18:36","date_gmt":"2018-10-24T22:18:36","guid":{"rendered":"http:\/\/www.meatprocessingmachine.org\/?p=103"},"modified":"2022-08-15T09:50:35","modified_gmt":"2022-08-15T01:50:35","slug":"vegetable-and-meat-cutter-and-mixer","status":"publish","type":"product","link":"https:\/\/www.meatprocessingmachine.org\/pl\/vegetable-and-meat-cutter-and-mixer.html","title":{"rendered":"Rozdrabniacz na mis\u0119 mi\u0119sn\u0105 | krajalnica i mieszarka do warzyw mi\u0119snych"},"content":{"rendered":"<div class=\"kk-star-ratings kksr-auto kksr-align-right kksr-valign-top\"     data-payload='{&quot;align&quot;:&quot;right&quot;,&quot;id&quot;:&quot;103&quot;,&quot;slug&quot;:&quot;default&quot;,&quot;valign&quot;:&quot;top&quot;,&quot;ignore&quot;:&quot;&quot;,&quot;reference&quot;:&quot;auto&quot;,&quot;class&quot;:&quot;&quot;,&quot;count&quot;:&quot;0&quot;,&quot;legendonly&quot;:&quot;&quot;,&quot;readonly&quot;:&quot;&quot;,&quot;score&quot;:&quot;0&quot;,&quot;starsonly&quot;:&quot;&quot;,&quot;best&quot;:&quot;5&quot;,&quot;gap&quot;:&quot;5&quot;,&quot;greet&quot;:&quot;Rate this product&quot;,&quot;legend&quot;:&quot;0\\\/5 - (0 votes)&quot;,&quot;size&quot;:&quot;24&quot;,&quot;title&quot;:&quot;Meat bowl chopper | meat vegetable cutter and mixer&quot;,&quot;width&quot;:&quot;0&quot;,&quot;_legend&quot;:&quot;{score}\\\/{best} - ({count} {votes})&quot;,&quot;font_factor&quot;:&quot;1.25&quot;}'>              <div class=\"kksr-stars\">      <div class=\"kksr-stars-inactive\">             <div class=\"kksr-star\" data-star=\"1\" style=\"padding-right: 5px\">               <div class=\"kksr-icon\" style=\"width: 24px; height: 24px;\"><\/div>         <\/div>             <div class=\"kksr-star\" data-star=\"2\" style=\"padding-right: 5px\">               <div class=\"kksr-icon\" style=\"width: 24px; height: 24px;\"><\/div>         <\/div>             <div class=\"kksr-star\" data-star=\"3\" style=\"padding-right: 5px\">               <div class=\"kksr-icon\" style=\"width: 24px; height: 24px;\"><\/div>         <\/div>             <div class=\"kksr-star\" data-star=\"4\" style=\"padding-right: 5px\">               <div class=\"kksr-icon\" style=\"width: 24px; height: 24px;\"><\/div>         <\/div>             <div class=\"kksr-star\" data-star=\"5\" style=\"padding-right: 5px\">               <div class=\"kksr-icon\" style=\"width: 24px; height: 24px;\"><\/div>         <\/div>     <\/div>      <div class=\"kksr-stars-active\" style=\"width: 0px;\">             <div class=\"kksr-star\" style=\"padding-right: 5px\">               <div class=\"kksr-icon\" style=\"width: 24px; height: 24px;\"><\/div>         <\/div>             <div class=\"kksr-star\" style=\"padding-right: 5px\">               <div class=\"kksr-icon\" style=\"width: 24px; height: 24px;\"><\/div>         <\/div>             <div class=\"kksr-star\" style=\"padding-right: 5px\">               <div class=\"kksr-icon\" style=\"width: 24px; height: 24px;\"><\/div>         <\/div>             <div class=\"kksr-star\" style=\"padding-right: 5px\">               <div class=\"kksr-icon\" style=\"width: 24px; height: 24px;\"><\/div>         <\/div>             <div class=\"kksr-star\" style=\"padding-right: 5px\">               <div class=\"kksr-icon\" style=\"width: 24px; height: 24px;\"><\/div>         <\/div>     <\/div> <\/div>                   <div class=\"kksr-legend\" style=\"font-size: 19.2px;\">             <span class=\"kksr-muted\">Oce\u0144 ten produkt<\/span>     <\/div>     <\/div>  <p>Mieszarka i krojarka do warzyw i mi\u0119sa mog\u0105 kroi\u0107 warzywa lub mi\u0119so na drobne cz\u0105stki, co mo\u017ce by\u0107 u\u017cyte do krojenia warzyw w kostk\u0119 i przygotowania mi\u0119sa na puree. Miska do rozdrabniania mi\u0119sa ma funkcje takie jak krojenie, mieszanie i mieszanie. Miska do rozdrabniania mi\u0119sa mo\u017ce s\u0142u\u017cy\u0107 jako pomocnik w procesie przetwarzania \u017cywno\u015bci. Mo\u017ce by\u0107 u\u017cywana w sto\u0142\u00f3wkach, restauracjach, zak\u0142adach przetw\u00f3rstwa kie\u0142bas, zak\u0142adach produkcji burger\u00f3w.<\/p>   <h2><strong>Wprowadzenie do mieszarki i rozdrabniacza do mi\u0119sa i warzyw<\/strong><\/h2> <p>Mieszarka i krojarka do warzyw i mi\u0119sa to nowy projekt z nap\u0119dem turbinowym i \u015brubowym, co czyni struktur\u0119 bardziej zwart\u0105. Miska mieszarek i krojarek do warzyw i mi\u0119sa, wszystkie materia\u0142y s\u0105 ze stali nierdzewnej, trwa\u0142e i estetyczne. Reduktor pr\u0119dko\u015bci krajalnicy do mi\u0119sa sk\u0142ada si\u0119 z wysokiej jako\u015bci stopu aluminium i \u015brubowych przek\u0142adni miedzianych o wysokiej jako\u015bci.<\/p> <p><span class=\"transSent\" data-group=\"0-1\">Mo\u017ce nie tylko drobno sieka\u0107 mi\u0119so, mielone i inne g\u0142\u00f3wne sk\u0142adniki, ale tak\u017ce inne sk\u0142adniki;<\/span><span class=\"transSent\" data-group=\"0-2\">Woda, l\u00f3d, przyprawy i akcesoria (wype\u0142niacze) s\u0105 mieszane z piank\u0105 mi\u0119sn\u0105, aby uzyska\u0107 g\u0142adkie mleko.<\/span><span class=\"transSent\" data-group=\"0-3\">Szczeg\u00f3lnie poprzez emulgacj\u0119, drobno\u015b\u0107 i elastyczno\u015b\u0107 produkt\u00f3w jelitowych jest znacznie zwi\u0119kszona.<\/span><span class=\"transSent\" data-group=\"0-4\">Wyb\u00f3r pr\u0119dko\u015bci no\u017ca wysokiej i niskiej oraz bezstopniowego regulatora pr\u0119dko\u015bci, aby umo\u017cliwi\u0107 krojenie i mieszanie, mielenie mi\u0119sa, mieszanie i emulgowanie w jednym procesie.<\/span><\/p> <figure id=\"attachment_32664\" aria-describedby=\"caption-attachment-32664\" style=\"width: 720px\" class=\"wp-caption alignnone\"><img loading=\"lazy\" decoding=\"async\" class=\"size-full wp-image-32664\" src=\"https:\/\/www.meatprocessingmachine.org\/wp-content\/uploads\/2018\/10\/vegetable-meat-cutter-and-mixer.png\" alt=\"mieszarka i rozdrabniarka do mi\u0119sa i warzyw\" width=\"720\" height=\"540\" title=\"\" srcset=\"https:\/\/www.meatprocessingmachine.org\/wp-content\/uploads\/2018\/10\/vegetable-meat-cutter-and-mixer.png 720w, https:\/\/www.meatprocessingmachine.org\/wp-content\/uploads\/2018\/10\/vegetable-meat-cutter-and-mixer-300x225.png 300w\" sizes=\"auto, (max-width: 720px) 100vw, 720px\" \/><figcaption id=\"caption-attachment-32664\" class=\"wp-caption-text\">Vegetable Meat Cutting Machine&Nbsp;<\/figcaption><\/figure> <h2>Zastosowanie mieszarki i krojarki do warzyw i mi\u0119sa<\/h2> <p class=\"translation-block\">Mieszarka i krojarka do warzyw i mi\u0119sa mog\u0105 przetwarza\u0107 mi\u0119so, ryby, owoce, warzywa, orzechy i owoce morza, szczeg\u00f3lnie w przetw\u00f3rstwie mi\u0119sa, co jest bardzo wygodne. Te produkty mo\u017cna kroi\u0107 na granulki lub puree. Grubo\u015b\u0107 przetwarzania \u017cywno\u015bci zale\u017cy od czasu i musi by\u0107 dostosowana do w\u0142asnej produkcji. Mo\u017ce by\u0107 u\u017cywana do produkcji kie\u0142bas, klopsik\u00f3w, kotlet\u00f3w i krojenia warzyw. Oczywi\u015bcie, je\u015bli potrzebujesz zmiksowa\u0107 du\u017co mi\u0119sa naraz, mo\u017cesz u\u017cy\u0107 <a href=\"https:\/\/www.meatprocessingmachine.org\/pl\/good-quality-meat-food-stuffing-mixer.html\/\">mieszarki do mi\u0119sa<\/a>.<\/p>   <figure class=\"wp-block-image\"><img decoding=\"async\" src=\"http:\/\/www.meatprocessingmachine.org\/wp-content\/uploads\/2018\/10\/vegetable-and-meat-cutter09106.jpg\" alt=\"\" title=\"\"><\/figure>    <h2 class=\"wp-block-heading\">Dlaczego warto u\u017cywa\u0107 rozdrabniacza do mi\u0119sa?<\/h2>    <p>Przede wszystkim, wydajno\u015b\u0107 pracy mieszarki i krojarki do warzyw i mi\u0119sa jest wysoka. Maszyna mo\u017ce wykona\u0107 prac\u0119 przetwarzania mi\u0119sa w kilka minut, a wydajno\u015b\u0107 pracy znacznie si\u0119 poprawia po u\u017cyciu maszyny. Po drugie, konstrukcja rozdrabniacza do mi\u0119sa jest precyzyjna. Pr\u0119dko\u015b\u0107 no\u017ca, pr\u0119dko\u015b\u0107 garnka i odleg\u0142o\u015b\u0107 mi\u0119dzy rozdrabniaczem a garnkiem mog\u0105 osi\u0105gn\u0105\u0107 najlepsz\u0105 kombinacj\u0119, dzi\u0119ki czemu finisz produkt\u00f3w jest dobry, wzrost temperatury jest ma\u0142y, a czas krojenia kr\u00f3tki, szczeg\u00f3lnie w przypadku kie\u0142bas i wyrob\u00f3w o wysokiej elastyczno\u015bci. Zwi\u0119kszono, aby zmaksymalizowa\u0107 elastyczno\u015b\u0107 i drobno\u015b\u0107 produkt\u00f3w mi\u0119snych. Ponadto maszyna ma wiele funkcji. Mo\u017ce nie tylko kroi\u0107 mi\u0119so, ale tak\u017ce dodawa\u0107 przyprawy i inne sk\u0142adniki w kolejno\u015bci przetwarzania \u017cywno\u015bci. Proces mielony ko\u0144czy r\u00f3wnie\u017c etap marynowania mi\u0119sa, oszcz\u0119dzaj\u0105c czas.<\/p>    <figure class=\"wp-block-gallery has-nested-images columns-default is-cropped wp-block-gallery-2 is-layout-flex wp-block-gallery-is-layout-flex\"> <figure class=\"wp-block-image size-large\"><img loading=\"lazy\" decoding=\"async\" width=\"286\" height=\"220\" data-id=\"32665\" src=\"https:\/\/www.meatprocessingmachine.org\/wp-content\/uploads\/2018\/10\/meat-bowel-chopper-1.png\" alt=\"Rozdrabniacz do miski mi\u0119sa\" class=\"wp-image-32665\" title=\"\"><figcaption>Miska do rozdrabniania mi\u0119sa <\/figcaption><\/figure>    <figure class=\"wp-block-image size-large\"><img loading=\"lazy\" decoding=\"async\" width=\"286\" height=\"220\" data-id=\"32666\" src=\"https:\/\/www.meatprocessingmachine.org\/wp-content\/uploads\/2018\/10\/meat-bowel-chopper-.png\" alt=\"Rozdrabniacz do miski mi\u0119sa\" class=\"wp-image-32666\" title=\"\"><figcaption>Miska do rozdrabniania mi\u0119sa<\/figcaption><\/figure> <\/figure>    <h2 class=\"wp-block-heading\" id=\"h-specification-of-meat-vegetable-cutter-and-mixer\">Specyfikacja mieszarki i krojarki do warzyw i mi\u0119sa<\/h2>    <figure class=\"wp-block-table\"><table><tbody><tr><td><strong>Model<\/strong><\/td><td><strong>SL-20<\/strong><\/td><td><strong>SL-40<\/strong><\/td><td><strong>SL-80<\/strong><\/td><td><strong>SL-125<\/strong><\/td><td><strong>2. Sprawd\u017a, czy \u017cadne obce cia\u0142o nie znajduje si\u0119 w lejku i oczy\u015b\u0107 je w razie potrzeby.<\/strong><\/td><\/tr><tr><td><strong>Pojemno\u015b\u0107 przetw\u00f3rcza (kg\/partia)<\/strong><\/td><td><strong>10-15<\/strong><\/td><td><strong>20-30<\/strong><\/td><td><strong>40-50<\/strong><\/td><td><strong>70-80<\/strong><\/td><td><strong>100-140<\/strong><\/td><\/tr><tr><td><strong>Pojemno\u015b\u0107 garnka (L)<\/strong><\/td><td><strong>20<\/strong><\/td><td><strong>40<\/strong><\/td><td><strong>80<\/strong><\/td><td><strong>125<\/strong><\/td><td><strong>200<\/strong><\/td><\/tr><tr><td><strong>Moc (kW)<\/strong><\/td><td><strong>2.55<\/strong><\/td><td><strong>6.25<\/strong><\/td><td><strong>23<\/strong><\/td><td><strong>27<\/strong><\/td><td><strong>63<\/strong><\/td><\/tr><tr><td><strong>Ilo\u015b\u0107 plik\u00f3w<\/strong><\/td><td><strong>3<\/strong><\/td><td><strong>3<\/strong><\/td><td><strong>6<\/strong><\/td><td><strong>6<\/strong><\/td><td><strong>6<\/strong><\/td><\/tr><tr><td><strong>Pr\u0119dko\u015b\u0107 garnka do krojenia (r\/min)<\/strong><\/td><td><strong>16<\/strong><\/td><td><strong>12<\/strong><\/td><td><strong>8\/12<\/strong><\/td><td><strong>8\/12<\/strong><\/td><td><strong>8\/12\/16<\/strong><\/td><\/tr><tr><td><strong>Pr\u0119dko\u015b\u0107 pliku (r\/min)<\/strong><\/td><td><strong>1650\/3300<\/strong><\/td><td><strong>1800\/3600<\/strong><\/td><td><strong>126\/1800\/3600<\/strong><\/td><td><strong>126\/1800\/3600<\/strong><\/td><td><strong>200\/1900*3800<\/strong><\/td><\/tr><tr><td><strong>Wymiary (r\/min)<\/strong><\/td><td><strong>770*650*980<\/strong><\/td><td><strong>1245*810*1094<\/strong><\/td><td><strong>2300*1020*1195<\/strong><\/td><td><strong>2400*1420*1300<\/strong><\/td><td><strong>2580*2400*1960<\/strong><\/td><\/tr><tr><td><strong>Waga (kg)<\/strong><\/td><td><strong>215<\/strong><\/td><td><strong>480<\/strong><\/td><td><strong>1100<\/strong><\/td><td><strong>1300<\/strong><\/td><td><strong>&nbsp;3800<\/strong><\/td><\/tr><tr><td><strong>Zasilanie<\/strong><\/td><td><strong>380V<\/strong><\/td><td><strong>380V<\/strong><\/td><td><strong>380V<\/strong><\/td><td><strong>380V<\/strong><\/td><td><strong>380V<\/strong><\/td><\/tr><\/tbody><\/table><\/figure>    <p>Powy\u017csza tabela parametr\u00f3w rozdrabniacza. Z tabeli wynika, \u017ce maszyna ma pi\u0119\u0107 modeli. Model maszyny jest numerowany wed\u0142ug pojemno\u015bci garnka. Najmniejsza pojemno\u015b\u0107 garnka to 20L, a najwi\u0119ksza to 200L. Rozmiar maszyny jest r\u00f3\u017cny, pr\u0119dko\u015b\u0107 no\u017ca podczas krojenia mi\u0119sa jest r\u00f3wnie\u017c r\u00f3\u017cna, a maszyny du\u017cej skali maj\u0105 r\u00f3\u017cne biegi do regulacji.<\/p>    <figure class=\"wp-block-image is-resized\"><img loading=\"lazy\" decoding=\"async\" src=\"http:\/\/www.meatprocessingmachine.org\/wp-content\/uploads\/2018\/10\/vegetable-and-meat-cutter08105.jpg\" alt=\"Mieszarka i krojarka do warzyw i mi\u0119sa\" width=\"840\" height=\"853\" title=\"\"><figcaption>Mieszarka i krojarka do warzyw i mi\u0119sa<\/figcaption><\/figure>    <h2 class=\"wp-block-heading\">Zasada dzia\u0142ania mieszarki i krojarki do warzyw i mi\u0119sa <\/h2>    <p>U\u017cywaj\u0105c dzia\u0142ania krojenia wysok\u0105 pr\u0119dko\u015bci\u0105 obrotu no\u017ca, g\u0142\u00f3wne surowce, takie jak mi\u0119so, mielone i t\u0142uszcz, s\u0105 drobno krojone na farsz lub puree, a inne surowce, takie jak woda, borneol i dodatki, s\u0105 r\u00f3wnomiernie mieszane.<\/p>    <h2 class=\"wp-block-heading\">Cechy mieszarki i krojarki do warzyw i mi\u0119sa<\/h2>    <p>1. Przetwornik cz\u0119stotliwo\u015bci i silnik z regulacj\u0105 cz\u0119stotliwo\u015bci s\u0105 wybrane tak, aby pr\u0119dko\u015b\u0107 ci\u0119cia mog\u0142a by\u0107 dowolnie regulowana w zakresie 300-4500 obr.\/min, ostrze jest ostre, a praca z du\u017c\u0105 pr\u0119dko\u015bci\u0105 jest stabilna. Maszyna ma niski poziom ha\u0142asu, wysok\u0105 wydajno\u015b\u0107.<\/p>    <p>2. Rozdrabniacz jest wykonany z importowanych materia\u0142\u00f3w i wyko\u0144czony r\u0119cznie, a jest formowany w jednym miejscu za pomoc\u0105 centrum obr\u00f3bczego. Wykonany jest ze stali nierdzewnej i ma kraw\u0119d\u017a garnka zapobiegaj\u0105c\u0105 wyciekaniu materia\u0142u.<\/p>    <p>3. Miska do krojenia jest dwubiegowa, mo\u017cna j\u0105 dopasowa\u0107 do no\u017ca kroj\u0105cego na dowolnej pr\u0119dko\u015bci, czas krojenia i mieszania jest kr\u00f3tki, a wzrost temperatury materia\u0142u jest niewielki.<\/p>    <p>4. Przy pracy z du\u017c\u0105 pr\u0119dko\u015bci\u0105 operacja jest stabilna i bezg\u0142o\u015bna, a szczelina mi\u0119dzy rozdrabniaczem a no\u017cem jest mniejsza ni\u017c 1,5 mm, aby zapewni\u0107 efekt rozdrabniania.<\/p>    <p>6. Wyposa\u017cona w wy\u0142adowywacz, wy\u0142adunek jest wygodny i czysty. Rozdrabniacz mo\u017ce przeprowadzi\u0107 g\u0142\u0119bok\u0105 obr\u00f3bk\u0119 mi\u0119sa, owoc\u00f3w, warzyw, owoc\u00f3w morza i przypraw. Wysoka pr\u0119dko\u015b\u0107 obrotu no\u017ca mo\u017ce skr\u00f3ci\u0107 czas pracy, zmniejszy\u0107 wytwarzanie ciep\u0142a z materia\u0142u i zachowa\u0107 kolor farszu.<\/p>    <figure class=\"wp-block-image size-full\"><img loading=\"lazy\" decoding=\"async\" width=\"720\" height=\"340\" src=\"https:\/\/www.meatprocessingmachine.org\/wp-content\/uploads\/2018\/10\/Meat-vegetable-cutter-and-mixer.png\" alt=\"Mieszarka i krojarka do warzyw i mi\u0119sa\" class=\"wp-image-32668\" title=\"\" srcset=\"https:\/\/www.meatprocessingmachine.org\/wp-content\/uploads\/2018\/10\/Meat-vegetable-cutter-and-mixer.png 720w, https:\/\/www.meatprocessingmachine.org\/wp-content\/uploads\/2018\/10\/Meat-vegetable-cutter-and-mixer-300x142.png 300w\" sizes=\"auto, (max-width: 720px) 100vw, 720px\" \/><figcaption>Mieszarka i siekacz do warzyw i mi\u0119sa<\/figcaption><\/figure>    <h2 class=\"wp-block-heading\">Budowa rozdrabniacza do mi\u0119sa<\/h2>    <p>Mieszarka i krojarka do warzyw i mi\u0119sa sk\u0142ada si\u0119 z rozdrabniacza, wa\u0142ka no\u017cowego, ramy i systemu sterowania elektrycznego. Garnko do krojenia jest obracane przez silnik z nisk\u0105 pr\u0119dko\u015bci\u0105 za pomoc\u0105 przek\u0142adni i ci\u0105gle podawane do grupy no\u017cy. Wa\u0142ek no\u017cowy jest nap\u0119dzany przez silnik dwubiegowy (lub silnik o zmiennej cz\u0119stotliwo\u015bci), kt\u00f3ry obraca si\u0119 z du\u017c\u0105 pr\u0119dko\u015bci\u0105 za pomoc\u0105 pasa. Podczas spiralnego ruchu surowc\u00f3w w garnku do krojenia, s\u0105 one mieszane i krojone przez grup\u0119 no\u017cy, aby usun\u0105\u0107 powietrze z mielonego mi\u0119sa. Ze wzgl\u0119du na wysok\u0105 pr\u0119dko\u015b\u0107 krojenia no\u017cem, zmniejsza si\u0119 wska\u017anik oddzielania si\u0119 p\u0142ynu i soku z produktu, a elastyczno\u015b\u0107 i drobno\u015b\u0107 produktu s\u0105 zwi\u0119kszone.<\/p>    <h2 class=\"wp-block-heading\">Wymagania dotycz\u0105ce u\u017cytkowania produktu do krojenia i mieszania warzyw i mi\u0119sa<\/h2>    <figure class=\"wp-block-image size-full\"><img loading=\"lazy\" decoding=\"async\" width=\"720\" height=\"540\" src=\"https:\/\/www.meatprocessingmachine.org\/wp-content\/uploads\/2018\/10\/Meat-vegetable-cutter-and-mixer-1.png\" alt=\"Mieszarka i krojarka do warzyw i mi\u0119sa\" class=\"wp-image-32669\" title=\"\" srcset=\"https:\/\/www.meatprocessingmachine.org\/wp-content\/uploads\/2018\/10\/Meat-vegetable-cutter-and-mixer-1.png 720w, https:\/\/www.meatprocessingmachine.org\/wp-content\/uploads\/2018\/10\/Meat-vegetable-cutter-and-mixer-1-300x225.png 300w\" sizes=\"auto, (max-width: 720px) 100vw, 720px\" \/><figcaption>Krajalnica i mieszarka do mi\u0119sa<\/figcaption><\/figure>    <p>1. Utrzymuj czysto\u015b\u0107 wewn\u0105trz obracaj\u0105cego si\u0119 garnka, bezwzgl\u0119dnie zakazuj\u0105c umieszczania tam przedmiot\u00f3w.&nbsp;<\/p>    <p>2. Przed uruchomieniem rozdrabniacza zakryj garnek. W przeciwnym razie rozdrabniacz nie b\u0119dzie dzia\u0142a\u0142 prawid\u0142owo.&nbsp;<\/p>    <p>3. Je\u015bli podczas karmienia wyst\u0105pi wtyczka hazardowa, nie wchod\u017a do obracaj\u0105cego si\u0119 garnka, aby r\u0119cznie dociska\u0107 materia\u0142, w przeciwnym razie mo\u017ce to by\u0107 niebezpieczne w kontakcie z obracaj\u0105cym si\u0119 no\u017cem. Je\u015bli silnik obrotu garnka jest wyra\u017anie przeci\u0105\u017cony, zaleca si\u0119 obracanie garnka z nisk\u0105 pr\u0119dko\u015bci\u0105 i zmniejszenie pr\u0119dko\u015bci no\u017ca.&nbsp;<\/p>    <p>4. Aby unikn\u0105\u0107 zjawiska zatoru mi\u0119sa w obracaj\u0105cym si\u0119 garnku, nie dodawaj zbyt du\u017co materia\u0142u na raz podczas karmienia. Podczas pracy nale\u017cy odpowiednio doda\u0107 wod\u0119.&nbsp;<\/p>    <p>5. Zwr\u00f3\u0107 uwag\u0119 na odporno\u015b\u0107 na wilgo\u0107 i wodoodporno\u015b\u0107, szczeg\u00f3lnie na skrzynk\u0119 rozdzielcz\u0105, nie myj wod\u0105 pod wysokim ci\u015bnieniem.<\/p>    <h2 class=\"wp-block-heading\">Wideo z mieszark\u0105 do warzyw i mi\u0119sa<\/h2>    <figure class=\"wp-block-embed is-type-video is-provider-youtube wp-block-embed-youtube\"><div class=\"wp-block-embed__wrapper\"> <iframe loading=\"lazy\" title=\"Najlepsza rozdrabniacz do mi\u0119sa w misce | Mieszarka i krojarka do warzyw i mi\u0119sa | Maszyna do krojenia i mielenia chili\" width=\"500\" height=\"281\" src=\"https:\/\/www.youtube.com\/embed\/COlE_tG9eAs?feature=oembed\" frameborder=\"0\" allow=\"accelerometer; autoplay; clipboard-write; encrypted-media; gyroscope; picture-in-picture; web-share\" referrerpolicy=\"strict-origin-when-cross-origin\" allowfullscreen><\/iframe> <\/div><figcaption>kostkarka i mieszarka do mi\u0119sa i warzyw<\/figcaption><\/figure>","protected":false},"excerpt":{"rendered":"<p>ables and making meat into a puree. The meat bowl chopper has functions such as cutting, mixing, and stirring. Meat bowl choppers can act as helpers in the food processing process. Can be used in canteens, restaurants, sausage processing plants, hamburger patties processing plants.<\/p>","protected":false},"author":1,"featured_media":32707,"parent":0,"template":"","product-type":[589],"class_list":["post-103","product","type-product","status-publish","has-post-thumbnail","hentry","product-type-meat-cutting-machine"],"_links":{"self":[{"href":"https:\/\/www.meatprocessingmachine.org\/pl\/wp-json\/wp\/v2\/product\/103","targetHints":{"allow":["GET"]}}],"collection":[{"href":"https:\/\/www.meatprocessingmachine.org\/pl\/wp-json\/wp\/v2\/product"}],"about":[{"href":"https:\/\/www.meatprocessingmachine.org\/pl\/wp-json\/wp\/v2\/types\/product"}],"author":[{"embeddable":true,"href":"https:\/\/www.meatprocessingmachine.org\/pl\/wp-json\/wp\/v2\/users\/1"}],"wp:featuredmedia":[{"embeddable":true,"href":"https:\/\/www.meatprocessingmachine.org\/pl\/wp-json\/wp\/v2\/media\/32707"}],"wp:attachment":[{"href":"https:\/\/www.meatprocessingmachine.org\/pl\/wp-json\/wp\/v2\/media?parent=103"}],"wp:term":[{"taxonomy":"product-type","embeddable":true,"href":"https:\/\/www.meatprocessingmachine.org\/pl\/wp-json\/wp\/v2\/product-type?post=103"}],"curies":[{"name":"wp","href":"https:\/\/api.w.org\/{rel}","templated":true}]}}