{"id":122,"date":"2018-10-25T06:37:25","date_gmt":"2018-10-24T22:37:25","guid":{"rendered":"http:\/\/www.meatprocessingmachine.org\/?p=122"},"modified":"2026-02-12T16:41:47","modified_gmt":"2026-02-12T08:41:47","slug":"hydraulic-enema-machine","status":"publish","type":"product","link":"https:\/\/www.meatprocessingmachine.org\/pl\/hydraulic-enema-machine.html","title":{"rendered":"Hydrauliczna maszyna do enema"},"content":{"rendered":"<div class=\"kk-star-ratings kksr-auto kksr-align-right kksr-valign-top\"     data-payload='{&quot;align&quot;:&quot;right&quot;,&quot;id&quot;:&quot;122&quot;,&quot;slug&quot;:&quot;default&quot;,&quot;valign&quot;:&quot;top&quot;,&quot;ignore&quot;:&quot;&quot;,&quot;reference&quot;:&quot;auto&quot;,&quot;class&quot;:&quot;&quot;,&quot;count&quot;:&quot;0&quot;,&quot;legendonly&quot;:&quot;&quot;,&quot;readonly&quot;:&quot;&quot;,&quot;score&quot;:&quot;0&quot;,&quot;starsonly&quot;:&quot;&quot;,&quot;best&quot;:&quot;5&quot;,&quot;gap&quot;:&quot;5&quot;,&quot;greet&quot;:&quot;Rate this product&quot;,&quot;legend&quot;:&quot;0\\\/5 - (0 votes)&quot;,&quot;size&quot;:&quot;24&quot;,&quot;title&quot;:&quot;Hydraulic Enema Machine&quot;,&quot;width&quot;:&quot;0&quot;,&quot;_legend&quot;:&quot;{score}\\\/{best} - ({count} {votes})&quot;,&quot;font_factor&quot;:&quot;1.25&quot;}'>              <div class=\"kksr-stars\">      <div class=\"kksr-stars-inactive\">             <div class=\"kksr-star\" data-star=\"1\" style=\"padding-right: 5px\">               <div class=\"kksr-icon\" style=\"width: 24px; height: 24px;\"><\/div>         <\/div>             <div class=\"kksr-star\" data-star=\"2\" style=\"padding-right: 5px\">               <div class=\"kksr-icon\" style=\"width: 24px; height: 24px;\"><\/div>         <\/div>             <div class=\"kksr-star\" data-star=\"3\" style=\"padding-right: 5px\">               <div class=\"kksr-icon\" style=\"width: 24px; height: 24px;\"><\/div>         <\/div>             <div class=\"kksr-star\" data-star=\"4\" style=\"padding-right: 5px\">               <div class=\"kksr-icon\" style=\"width: 24px; height: 24px;\"><\/div>         <\/div>             <div class=\"kksr-star\" data-star=\"5\" style=\"padding-right: 5px\">               <div class=\"kksr-icon\" style=\"width: 24px; height: 24px;\"><\/div>         <\/div>     <\/div>      <div class=\"kksr-stars-active\" style=\"width: 0px;\">             <div class=\"kksr-star\" style=\"padding-right: 5px\">               <div class=\"kksr-icon\" style=\"width: 24px; height: 24px;\"><\/div>         <\/div>             <div class=\"kksr-star\" style=\"padding-right: 5px\">               <div class=\"kksr-icon\" style=\"width: 24px; height: 24px;\"><\/div>         <\/div>             <div class=\"kksr-star\" style=\"padding-right: 5px\">               <div class=\"kksr-icon\" style=\"width: 24px; height: 24px;\"><\/div>         <\/div>             <div class=\"kksr-star\" style=\"padding-right: 5px\">               <div class=\"kksr-icon\" style=\"width: 24px; height: 24px;\"><\/div>         <\/div>             <div class=\"kksr-star\" style=\"padding-right: 5px\">               <div class=\"kksr-icon\" style=\"width: 24px; height: 24px;\"><\/div>         <\/div>     <\/div> <\/div>                   <div class=\"kksr-legend\" style=\"font-size: 19.2px;\">             <span class=\"kksr-muted\">Oce\u0144 ten produkt<\/span>     <\/div>     <\/div> <h2>Kr\u00f3tka prezentacja<\/h2> <p class=\"translation-block\"><strong>Maszyna do wlewania hydraulicznego<\/strong> jest niezb\u0119dnym sprz\u0119tem do nape\u0142niania kie\u0142bas.<strong> Maszyna do nape\u0142niania kie\u0142bas hydraulicznych<\/strong> jest szeroko stosowana w r\u00f3\u017cnych systemach nape\u0142niania jelit, szczeg\u00f3lnie w przypadku suchych nadzie\u0144 i nadzie\u0144 mi\u0119snych. G\u00f3rna cz\u0119\u015b\u0107 maszyny ma zbiornik magazynowy i zaw\u00f3r dyskowy, ci\u0105g\u0142y system nawadniania, co poprawia wydajno\u015b\u0107 pracy.<\/p>   <h2 class=\"wp-block-heading\"><strong>Cechy<\/strong><\/h2>    <p class=\"translation-block\">1. Mo\u017ce produkowa\u0107 du\u017ce, \u015brednie i ma\u0142e produkty jelitowe o r\u00f3\u017cnych specyfikacjach. 2. Ten produkt ma pi\u0119kny wygl\u0105d, staranne wykonanie, wygodn\u0105 obs\u0142ug\u0119 oraz bezpieczn\u0105 i niezawodn\u0105 prac\u0119. 3. Zbiornik, zaw\u00f3r, rurka do wlewania i opakowanie zewn\u0119trzne  Maszyny do nape\u0142niania kie\u0142bas hydraulicznych  wykonane s\u0105 z wysokiej jako\u015bci stali nierdzewnej. 4. Materia\u0142 cylindra mo\u017cna wybra\u0107 zgodnie z wymaganiami klient\u00f3w, aby spe\u0142ni\u0107 wy\u017csze wymagania dotycz\u0105ce higieny \u017cywno\u015bci. 5. Maszyna do nape\u0142niania kie\u0142bas hydraulicznych  nadaje si\u0119 do os\u0142onek owczych, wieprzowych, kolagenowych, plastikowych.<\/p>    <figure class=\"wp-block-image\"><img decoding=\"async\" src=\"http:\/\/www.meatprocessingmachine.org\/wp-content\/uploads\/2018\/10\/hydraulic-sausage-stuffer8136.jpg\" alt=\"\" title=\"\"><\/figure>    <h2 class=\"wp-block-heading\"><strong>Specyfikacje<\/strong><\/h2>    <p class=\"translation-block\"><strong> <\/strong>1. Maszyna do nape\u0142niania kie\u0142bas ze stali nierdzewnej<br>2. Doskona\u0142y design, wysoka jako\u015b\u0107<br>3. Wydajno\u015b\u0107: 100~500kg<br>4. Odpowiednia do wszystkich kie\u0142bas<\/p>    <div class=\"wp-block-columns is-layout-flex wp-container-core-columns-is-layout-9d6595d7 wp-block-columns-is-layout-flex\"> <div class=\"wp-block-column is-layout-flow wp-block-column-is-layout-flow\"> <figure class=\"wp-block-image size-large\"><img loading=\"lazy\" decoding=\"async\" width=\"650\" height=\"433\" src=\"http:\/\/www.meatprocessingmachine.org\/wp-content\/uploads\/2020\/06\/details-of-Hydraulic-Enema-Machine.jpg\" alt=\"details of Hydraulic Enema Machine\" class=\"wp-image-733\" title=\"\" srcset=\"https:\/\/www.meatprocessingmachine.org\/wp-content\/uploads\/2020\/06\/details-of-Hydraulic-Enema-Machine.jpg 650w, https:\/\/www.meatprocessingmachine.org\/wp-content\/uploads\/2020\/06\/details-of-Hydraulic-Enema-Machine-300x200.jpg 300w\" sizes=\"auto, (max-width: 650px) 100vw, 650px\" \/><figcaption><\/figcaption><\/figure> <\/div>    <div class=\"wp-block-column is-layout-flow wp-block-column-is-layout-flow\"> <figure class=\"wp-block-image size-large\"><img loading=\"lazy\" decoding=\"async\" width=\"1024\" height=\"683\" src=\"http:\/\/www.meatprocessingmachine.org\/wp-content\/uploads\/2020\/06\/details-of-Hydraulic-Enema-Machine.-1024x683.jpg\" alt=\"details of Hydraulic Enema Machine\" class=\"wp-image-734\" title=\"\" srcset=\"https:\/\/www.meatprocessingmachine.org\/wp-content\/uploads\/2020\/06\/details-of-Hydraulic-Enema-Machine.-1024x683.jpg 1024w, https:\/\/www.meatprocessingmachine.org\/wp-content\/uploads\/2020\/06\/details-of-Hydraulic-Enema-Machine.-300x200.jpg 300w, https:\/\/www.meatprocessingmachine.org\/wp-content\/uploads\/2020\/06\/details-of-Hydraulic-Enema-Machine.-768x512.jpg 768w, https:\/\/www.meatprocessingmachine.org\/wp-content\/uploads\/2020\/06\/details-of-Hydraulic-Enema-Machine.-1536x1024.jpg 1536w, https:\/\/www.meatprocessingmachine.org\/wp-content\/uploads\/2020\/06\/details-of-Hydraulic-Enema-Machine.-2048x1365.jpg 2048w\" sizes=\"auto, (max-width: 1024px) 100vw, 1024px\" \/><figcaption><\/figcaption><\/figure>    <p><\/p> <\/div> <\/div>    <h2 class=\"wp-block-heading\"><strong>Parametry technologiczne<\/strong><\/h2>    <figure class=\"wp-block-table\"><table><tbody><tr><td>Model<\/td><td>Obj\u0119to\u015b\u0107 beczki (L)<\/td><td>SL-200<\/td><\/tr><tr><td>50L<\/td><td>Ca\u0142kowita moc (kw)<\/td><td>\u015arednica nape\u0142nienia (mm)<\/td><\/tr><tr><td>Waga (kg)<\/td><td>1.5<\/td><td>1.5<\/td><\/tr><tr><td>Wymiary (mm)<\/td><td>12-48<\/td><td>12-48<\/td><\/tr><tr><td>Waga(kg)<\/td><td>360<\/td><td>400<\/td><\/tr><tr><td>Zaawansowana technologia, stabilna wydajno\u015b\u0107, \u0142atwa obs\u0142uga i wygodna konserwacja. Po dostosowaniu ci\u015bnienia roboczego hydraulicznego nap\u0119du t\u0142oka, materia\u0142 w cylindrze jest rozszerzany pod dzia\u0142aniem si\u0142ownika hydraulicznego, szczeg\u00f3lnie sucha masa, co jest bardziej skuteczne ni\u017c inne kie\u0142basy.<\/td><td>1050*670*1680<\/td><td>1150*700*1760<\/td><\/tr><\/tbody><\/table><\/figure>    <figure class=\"wp-block-image\"><img decoding=\"async\" src=\"http:\/\/www.meatprocessingmachine.org\/wp-content\/uploads\/2018\/10\/hydraulic-sausage-stuffer1129.jpg\" alt=\"\" title=\"\"><\/figure>    <h2 class=\"wp-block-heading\"><strong>Zaleta<\/strong><\/h2>    <ol class=\"wp-block-list\"><li>Wysoki stopie\u0144 automatyzacji, oszcz\u0119dno\u015b\u0107 czasu i wysi\u0142ku.<\/li><li> Specjalne traktowanie kluczowych komponent\u00f3w, trwa\u0142e zu\u017cycie, cz\u0119\u015bci steruj\u0105ce s\u0105 komponentami importowanymi.<\/li><li>Wygl\u0105d przyjmuje zaawansowan\u0105 technologi\u0119 obr\u00f3bki powierzchni, pi\u0119kny wygl\u0105d, zwart\u0105 konstrukcj\u0119, wygodn\u0105 obs\u0142ug\u0119 i wygodn\u0105 konserwacj\u0119.<\/li><li>Wyposa\u017cona w os\u0142ony bezpiecze\u0144stwa,<\/li><li>Maszyna do nape\u0142niania kie\u0142bas hydraulicznych<\/li><li>jest idealny do przetwarzania mi\u0119sa. <strong>Pr\u0119dko\u015b\u0107 wyp\u0142ywu jest szybka, cia\u0142o jelita jest jednorodne, mo\u017cna nape\u0142nia\u0107 jelita podobne do mi\u0119sa, a nape\u0142nianie jelit jest elastyczne i wygodne. \u0141atwo si\u0119 nape\u0142nia, ma wysok\u0105 wydajno\u015b\u0107 i dobr\u0105 zdolno\u015b\u0107 do ci\u0105g\u0142ej produkcji.<\/strong> jest \u0142atwy do czyszczenia i nadaje si\u0119 do r\u00f3\u017cnych przedsi\u0119biorstw produkcyjnych.<\/li><li>Hydrauliczna maszyna do nape\u0142niania kie\u0142bas jest mocniejsza ni\u017c pneumatyczna maszyna do nape\u0142niania kie\u0142bas, co umo\u017cliwia \u0142atwe nape\u0142nianie kie\u0142basy mi\u0119snej.<strong>Pr\u0119dko\u015b\u0107 wyp\u0142ywu jest szybka, cia\u0142o jelita jest jednorodne, mo\u017cna nape\u0142nia\u0107 jelita podobne do mi\u0119sa, a nape\u0142nianie jelit jest elastyczne i wygodne. \u0141atwo si\u0119 nape\u0142nia, ma wysok\u0105 wydajno\u015b\u0107 i dobr\u0105 zdolno\u015b\u0107 do ci\u0105g\u0142ej produkcji.\u00a0<\/strong>Rozprzestrzeniaj mi\u0142o\u015b\u0107<\/li><li>Shuliy<\/li><\/ol>","protected":false},"excerpt":{"rendered":"<p>Brief Introduce Hydraulic Enema Machine is a necessary sausage filling equipment. The Hydraulic Sausage Stuffer Machine is widely applicable to&nbsp; a variety of intestinal filling systems,especially to the drier fillings and meat fillings . The machine upper part has a storage hopper and disc valve,continuously&nbsp; flipping irrigation system, which improve the work efficiency. Features 1.It [&hellip;]<\/p>\n","protected":false},"author":1,"featured_media":43,"parent":0,"template":"","product-type":[598],"class_list":["post-122","product","type-product","status-publish","has-post-thumbnail","hentry","product-type-supporting-auxiliary-equipment"],"_links":{"self":[{"href":"https:\/\/www.meatprocessingmachine.org\/pl\/wp-json\/wp\/v2\/product\/122","targetHints":{"allow":["GET"]}}],"collection":[{"href":"https:\/\/www.meatprocessingmachine.org\/pl\/wp-json\/wp\/v2\/product"}],"about":[{"href":"https:\/\/www.meatprocessingmachine.org\/pl\/wp-json\/wp\/v2\/types\/product"}],"author":[{"embeddable":true,"href":"https:\/\/www.meatprocessingmachine.org\/pl\/wp-json\/wp\/v2\/users\/1"}],"wp:featuredmedia":[{"embeddable":true,"href":"https:\/\/www.meatprocessingmachine.org\/pl\/wp-json\/wp\/v2\/media\/43"}],"wp:attachment":[{"href":"https:\/\/www.meatprocessingmachine.org\/pl\/wp-json\/wp\/v2\/media?parent=122"}],"wp:term":[{"taxonomy":"product-type","embeddable":true,"href":"https:\/\/www.meatprocessingmachine.org\/pl\/wp-json\/wp\/v2\/product-type?post=122"}],"curies":[{"name":"wp","href":"https:\/\/api.w.org\/{rel}","templated":true}]}}