{"id":128,"date":"2018-10-25T06:51:15","date_gmt":"2018-10-24T22:51:15","guid":{"rendered":"http:\/\/www.meatprocessingmachine.org\/?p=128"},"modified":"2026-02-12T16:41:13","modified_gmt":"2026-02-12T08:41:13","slug":"sausage-binding-tying-machine","status":"publish","type":"product","link":"https:\/\/www.meatprocessingmachine.org\/pl\/sausage-binding-tying-machine.html","title":{"rendered":"Maszyna do wi\u0105zania kie\u0142basy"},"content":{"rendered":"<div class=\"kk-star-ratings kksr-auto kksr-align-right kksr-valign-top\"     data-payload='{&quot;align&quot;:&quot;right&quot;,&quot;id&quot;:&quot;128&quot;,&quot;slug&quot;:&quot;default&quot;,&quot;valign&quot;:&quot;top&quot;,&quot;ignore&quot;:&quot;&quot;,&quot;reference&quot;:&quot;auto&quot;,&quot;class&quot;:&quot;&quot;,&quot;count&quot;:&quot;0&quot;,&quot;legendonly&quot;:&quot;&quot;,&quot;readonly&quot;:&quot;&quot;,&quot;score&quot;:&quot;0&quot;,&quot;starsonly&quot;:&quot;&quot;,&quot;best&quot;:&quot;5&quot;,&quot;gap&quot;:&quot;5&quot;,&quot;greet&quot;:&quot;Rate this product&quot;,&quot;legend&quot;:&quot;0\\\/5 - (0 votes)&quot;,&quot;size&quot;:&quot;24&quot;,&quot;title&quot;:&quot;Sausage Binding Wire Machine&quot;,&quot;width&quot;:&quot;0&quot;,&quot;_legend&quot;:&quot;{score}\\\/{best} - ({count} {votes})&quot;,&quot;font_factor&quot;:&quot;1.25&quot;}'>              <div class=\"kksr-stars\">      <div class=\"kksr-stars-inactive\">             <div class=\"kksr-star\" data-star=\"1\" style=\"padding-right: 5px\">               <div class=\"kksr-icon\" style=\"width: 24px; height: 24px;\"><\/div>         <\/div>             <div class=\"kksr-star\" data-star=\"2\" style=\"padding-right: 5px\">               <div class=\"kksr-icon\" style=\"width: 24px; height: 24px;\"><\/div>         <\/div>             <div class=\"kksr-star\" data-star=\"3\" style=\"padding-right: 5px\">               <div class=\"kksr-icon\" style=\"width: 24px; height: 24px;\"><\/div>         <\/div>             <div class=\"kksr-star\" data-star=\"4\" style=\"padding-right: 5px\">               <div class=\"kksr-icon\" style=\"width: 24px; height: 24px;\"><\/div>         <\/div>             <div class=\"kksr-star\" data-star=\"5\" style=\"padding-right: 5px\">               <div class=\"kksr-icon\" style=\"width: 24px; height: 24px;\"><\/div>         <\/div>     <\/div>      <div class=\"kksr-stars-active\" style=\"width: 0px;\">             <div class=\"kksr-star\" style=\"padding-right: 5px\">               <div class=\"kksr-icon\" style=\"width: 24px; height: 24px;\"><\/div>         <\/div>             <div class=\"kksr-star\" style=\"padding-right: 5px\">               <div class=\"kksr-icon\" style=\"width: 24px; height: 24px;\"><\/div>         <\/div>             <div class=\"kksr-star\" style=\"padding-right: 5px\">               <div class=\"kksr-icon\" style=\"width: 24px; height: 24px;\"><\/div>         <\/div>             <div class=\"kksr-star\" style=\"padding-right: 5px\">               <div class=\"kksr-icon\" style=\"width: 24px; height: 24px;\"><\/div>         <\/div>             <div class=\"kksr-star\" style=\"padding-right: 5px\">               <div class=\"kksr-icon\" style=\"width: 24px; height: 24px;\"><\/div>         <\/div>     <\/div> <\/div>                   <div class=\"kksr-legend\" style=\"font-size: 19.2px;\">             <span class=\"kksr-muted\">Oce\u0144 ten produkt<\/span>     <\/div>     <\/div>  <p class=\"translation-block\"><span class=\"transSent\" data-group=\"0-0\">Maszyna do wi\u0105zania kie\u0142bas Taizy jest u\u017cywana do ilo\u015bciowego i segmentowego podzia\u0142u produkt\u00f3w jelitowych.<\/span> <span class=\"transSent\" data-group=\"0-0\">W naszej firmie dost\u0119pne s\u0105 wersje automatyczne i p\u00f3\u0142automatyczne. U\u017cytkownicy mog\u0105 wybra\u0107 odpowiedni sprz\u0119t w zale\u017cno\u015bci od jednolito\u015bci produkcji i os\u0142onki.<\/span> To niezb\u0119dna maszyna w <a href=\"https:\/\/www.meatprocessingmachine.org\/pl\/sausage-production-line-for-sausage-making.html\/\">linii produkcyjnej kie\u0142bas<\/a>.<\/p>    <h2 class=\"wp-block-heading\" id=\"h-introduction-of-the-sausage-binding-wire-machine\">Wprowadzenie maszyny do wi\u0105zania kie\u0142bas<\/h2>    <ol class=\"wp-block-list\"> <li>Maszyna do wi\u0105zania kie\u0142bas jest wykonana ze stali nierdzewnej. Jej struktura jest zwarta, jest \u0142atwa w u\u017cyciu, praktyczna i estetyczna. To idealny sprz\u0119t dla <a href=\"https:\/\/en.wikipedia.org\/wiki\/Sausage\" target=\"_blank\" rel=\"noopener\">robienie kie\u0142bas<\/a>i jelit.<\/li>    <li>Maszyna do wi\u0105zania kie\u0142bas wykorzystuje zaawansowany importowany serwomotor oraz nowy, w\u0142asny system sterowania interfejsem cz\u0142owiek-maszyna, kt\u00f3re charakteryzuj\u0105 si\u0119 wysok\u0105 wydajno\u015bci\u0105, \u0142atwo\u015bci\u0105 obs\u0142ugi i oszcz\u0119dno\u015bci\u0105 materia\u0142\u00f3w produkcyjnych.<\/li>    <li>D\u0142ugo\u015b\u0107 i \u015brednica produktu mog\u0105 by\u0107 ustawione zgodnie z wymaganiami klienta.<\/li> <\/ol>    <figure class=\"wp-block-image size-full is-resized\"><img loading=\"lazy\" decoding=\"async\" width=\"800\" height=\"800\" src=\"https:\/\/www.meatprocessingmachine.org\/wp-content\/uploads\/2020\/06\/sausage-binding-wire-machine-1.jpg\" alt=\"Maszyna do wi\u0105zania kie\u0142bas\" class=\"wp-image-534\" style=\"object-fit:cover;width:720px;height:540px\" title=\"\" srcset=\"https:\/\/www.meatprocessingmachine.org\/wp-content\/uploads\/2020\/06\/sausage-binding-wire-machine-1.jpg 800w, https:\/\/www.meatprocessingmachine.org\/wp-content\/uploads\/2020\/06\/sausage-binding-wire-machine-1-300x300.jpg 300w, https:\/\/www.meatprocessingmachine.org\/wp-content\/uploads\/2020\/06\/sausage-binding-wire-machine-1-150x150.jpg 150w, https:\/\/www.meatprocessingmachine.org\/wp-content\/uploads\/2020\/06\/sausage-binding-wire-machine-1-768x768.jpg 768w\" sizes=\"auto, (max-width: 800px) 100vw, 800px\" \/><figcaption class=\"wp-element-caption\">Maszyna do wi\u0105zania kie\u0142basy<\/figcaption><\/figure>    <h2 class=\"wp-block-heading\" id=\"h-advantages-of-the-sausage-binding-wire-machine\">Zalety maszyny do wi\u0105zania kie\u0142bas<\/h2>    <ol class=\"wp-block-list\"> <li>Zmniejszono intensywno\u015b\u0107 pracy pracownik\u00f3w. Operator musi tylko w\u0142o\u017cy\u0107 nadzienie do portu za\u0142adunkowego maszyny, a maszyna automatycznie zako\u0144czy proces za\u0142adunku i wi\u0105zania kie\u0142basy.<\/li>    <li>Znacznie zwi\u0119kszy\u0142a wydajno\u015b\u0107 produkcji kie\u0142bas, kt\u00f3re mo\u017cna ustawia\u0107 dowolnie zgodnie z wymaganiami klienta.<\/li>    <li>Jest czysta i przyjazna dla \u015brodowiska, poniewa\u017c sprz\u0119t jest g\u0142\u00f3wnie wykonany ze stali nierdzewnej, co czyni go odpowiednim do \u017cywno\u015bci. Podczas produkcji kie\u0142basy nie dochodzi do kontaktu z innymi metalami.<\/li>    <li>Maszyna jest \u0142atwa w obs\u0142udze. Po ustawieniu d\u0142ugo\u015bci i pr\u0119dko\u015bci, maszyna mo\u017ce automatycznie i wydajnie wykona\u0107 ca\u0142\u0105 prac\u0119.<\/li>    <li>Dlatego procedury produkcji kie\u0142bas s\u0105 bardziej zgodne z coraz bardziej rygorystycznymi wymogami higienicznymi ludzi.<\/li> <\/ol>    <figure class=\"wp-block-image size-full is-resized\"><img loading=\"lazy\" decoding=\"async\" width=\"750\" height=\"750\" src=\"https:\/\/www.meatprocessingmachine.org\/wp-content\/uploads\/2018\/10\/sausage1.jpg\" alt=\"Maszyna do wi\u0105zania kie\u0142bas\" class=\"wp-image-147\" style=\"object-fit:cover;width:720px;height:540px\" title=\"\" srcset=\"https:\/\/www.meatprocessingmachine.org\/wp-content\/uploads\/2018\/10\/sausage1.jpg 750w, https:\/\/www.meatprocessingmachine.org\/wp-content\/uploads\/2018\/10\/sausage1-150x150.jpg 150w, https:\/\/www.meatprocessingmachine.org\/wp-content\/uploads\/2018\/10\/sausage1-300x300.jpg 300w\" sizes=\"auto, (max-width: 750px) 100vw, 750px\" \/><figcaption class=\"wp-element-caption\">Maszyna do wi\u0105zania kie\u0142bas<\/figcaption><\/figure>    <h2 class=\"wp-block-heading\" id=\"h-technical-parameter-of-sausage-binding-wire-machine\">Parametry techniczne maszyny do wi\u0105zania kie\u0142bas<\/h2>    <figure class=\"wp-block-table\"><table><tbody><tr><td><strong>Model<\/strong><\/td><td><strong>TZ-100<\/strong><\/td><td><strong>TZ-200<\/strong><\/td><\/tr><tr><td><strong>Operacja<\/strong><\/td><td><strong>P\u00f3\u0142automatyczny<\/strong><\/td><td><strong>W pe\u0142ni automatyczne<\/strong><\/td><\/tr><tr><td><strong>Odpowiednia \u015brednica kie\u0142basy<\/strong><\/td><td><strong>9~35mm<\/strong><\/td><td><strong>9~30mm<\/strong><\/td><\/tr><tr><td><strong>D\u0142ugo\u015b\u0107 cia\u0142a kie\u0142basy<\/strong><\/td><td><strong>30~300mm<\/strong><\/td><td><strong>Regulowany<\/strong><\/td><\/tr><tr><td><strong>Pojemno\u015b\u0107<\/strong><\/td><td><strong>10~100 szt.\/min<\/strong><\/td><td><strong>3600 szt.\/h<\/strong><\/td><\/tr><tr><td><strong>Wymiary<\/strong><\/td><td><strong>1100*500*900mm<\/strong><\/td><td><strong>1080*620*1125mm<\/strong><\/td><\/tr><tr><td><strong>Waga<\/strong><\/td><td><strong>100kg<\/strong><\/td><td><strong>100kg<\/strong><\/td><\/tr><\/tbody><\/table><figcaption class=\"wp-element-caption\">Maszyna do wi\u0105zania kie\u0142bas<\/figcaption><\/figure>    <p>Os\u0142onki bia\u0142kowe nadaj\u0105 si\u0119 do w pe\u0142ni automatycznych maszyn do wi\u0105zania. Os\u0142onki zwierz\u0119ce s\u0105 bardziej odpowiednie dla maszyn p\u00f3\u0142automatycznych. Je\u015bli chcesz uzyska\u0107 wi\u0119cej informacji o maszynie, skontaktuj si\u0119 z nami.<\/p>","protected":false},"excerpt":{"rendered":"<p>Maszyny do przetw\u00f3rstwa mi\u0119sa Taizy <\/p>","protected":false},"author":1,"featured_media":148,"parent":0,"template":"","product-type":[598],"class_list":["post-128","product","type-product","status-publish","has-post-thumbnail","hentry","product-type-supporting-auxiliary-equipment"],"_links":{"self":[{"href":"https:\/\/www.meatprocessingmachine.org\/pl\/wp-json\/wp\/v2\/product\/128","targetHints":{"allow":["GET"]}}],"collection":[{"href":"https:\/\/www.meatprocessingmachine.org\/pl\/wp-json\/wp\/v2\/product"}],"about":[{"href":"https:\/\/www.meatprocessingmachine.org\/pl\/wp-json\/wp\/v2\/types\/product"}],"author":[{"embeddable":true,"href":"https:\/\/www.meatprocessingmachine.org\/pl\/wp-json\/wp\/v2\/users\/1"}],"wp:featuredmedia":[{"embeddable":true,"href":"https:\/\/www.meatprocessingmachine.org\/pl\/wp-json\/wp\/v2\/media\/148"}],"wp:attachment":[{"href":"https:\/\/www.meatprocessingmachine.org\/pl\/wp-json\/wp\/v2\/media?parent=128"}],"wp:term":[{"taxonomy":"product-type","embeddable":true,"href":"https:\/\/www.meatprocessingmachine.org\/pl\/wp-json\/wp\/v2\/product-type?post=128"}],"curies":[{"name":"wp","href":"https:\/\/api.w.org\/{rel}","templated":true}]}}