{"id":1291,"date":"2021-05-28T18:15:06","date_gmt":"2021-05-28T10:15:06","guid":{"rendered":"https:\/\/www.meatprocessingmachine.org\/?p=1291"},"modified":"2026-02-12T16:05:54","modified_gmt":"2026-02-12T08:05:54","slug":"chicken-breast-slicer-machine","status":"publish","type":"product","link":"https:\/\/www.meatprocessingmachine.org\/pl\/chicken-breast-slicer-machine.html","title":{"rendered":"Maszyna do krojenia piersi z kurczaka na plasterki \/ paski"},"content":{"rendered":"<div class=\"kk-star-ratings kksr-auto kksr-align-right kksr-valign-top\"     data-payload='{&quot;align&quot;:&quot;right&quot;,&quot;id&quot;:&quot;1291&quot;,&quot;slug&quot;:&quot;default&quot;,&quot;valign&quot;:&quot;top&quot;,&quot;ignore&quot;:&quot;&quot;,&quot;reference&quot;:&quot;auto&quot;,&quot;class&quot;:&quot;&quot;,&quot;count&quot;:&quot;0&quot;,&quot;legendonly&quot;:&quot;&quot;,&quot;readonly&quot;:&quot;&quot;,&quot;score&quot;:&quot;0&quot;,&quot;starsonly&quot;:&quot;&quot;,&quot;best&quot;:&quot;5&quot;,&quot;gap&quot;:&quot;5&quot;,&quot;greet&quot;:&quot;Rate this product&quot;,&quot;legend&quot;:&quot;0\\\/5 - (0 votes)&quot;,&quot;size&quot;:&quot;24&quot;,&quot;title&quot;:&quot;Chicken breast slicer machine for meat slices\\\/strips&quot;,&quot;width&quot;:&quot;0&quot;,&quot;_legend&quot;:&quot;{score}\\\/{best} - ({count} {votes})&quot;,&quot;font_factor&quot;:&quot;1.25&quot;}'>              <div class=\"kksr-stars\">      <div class=\"kksr-stars-inactive\">             <div class=\"kksr-star\" data-star=\"1\" style=\"padding-right: 5px\">               <div class=\"kksr-icon\" style=\"width: 24px; height: 24px;\"><\/div>         <\/div>             <div class=\"kksr-star\" data-star=\"2\" style=\"padding-right: 5px\">               <div class=\"kksr-icon\" style=\"width: 24px; height: 24px;\"><\/div>         <\/div>             <div class=\"kksr-star\" data-star=\"3\" style=\"padding-right: 5px\">               <div class=\"kksr-icon\" style=\"width: 24px; height: 24px;\"><\/div>         <\/div>             <div class=\"kksr-star\" data-star=\"4\" style=\"padding-right: 5px\">               <div class=\"kksr-icon\" style=\"width: 24px; height: 24px;\"><\/div>         <\/div>             <div class=\"kksr-star\" data-star=\"5\" style=\"padding-right: 5px\">               <div class=\"kksr-icon\" style=\"width: 24px; height: 24px;\"><\/div>         <\/div>     <\/div>      <div class=\"kksr-stars-active\" style=\"width: 0px;\">             <div class=\"kksr-star\" style=\"padding-right: 5px\">               <div class=\"kksr-icon\" style=\"width: 24px; height: 24px;\"><\/div>         <\/div>             <div class=\"kksr-star\" style=\"padding-right: 5px\">               <div class=\"kksr-icon\" style=\"width: 24px; height: 24px;\"><\/div>         <\/div>             <div class=\"kksr-star\" style=\"padding-right: 5px\">               <div class=\"kksr-icon\" style=\"width: 24px; height: 24px;\"><\/div>         <\/div>             <div class=\"kksr-star\" style=\"padding-right: 5px\">               <div class=\"kksr-icon\" style=\"width: 24px; height: 24px;\"><\/div>         <\/div>             <div class=\"kksr-star\" style=\"padding-right: 5px\">               <div class=\"kksr-icon\" style=\"width: 24px; height: 24px;\"><\/div>         <\/div>     <\/div> <\/div>                   <div class=\"kksr-legend\" style=\"font-size: 19.2px;\">             <span class=\"kksr-muted\">Oce\u0144 ten produkt<\/span>     <\/div>     <\/div>  <p>Maszyna do krojenia piersi z kurczaka mo\u017ce przetwarza\u0107 mi\u0119so na plasterki, a maszyny do krojenia mi\u0119sa na paski przetwarzaj\u0105 mi\u0119so na paski. Surowce mog\u0105 pochodzi\u0107 z piersi z kurczaka, wo\u0142owiny, wieprzowiny itp. Maszyny do krojenia mi\u0119sa mog\u0105 przetwarza\u0107 szeroki zakres mi\u0119s, co jest odpowiednie dla wi\u0119kszo\u015bci mi\u0119sa bez ko\u015bci. <\/p>    <p>Maszyna do krojenia mi\u0119sa u\u017cywa procesu p\u0142askiego ci\u0119cia podczas przetwarzania, aby dok\u0142adnie kontrolowa\u0107 rozmiar i grubo\u015b\u0107. Grubo\u015b\u0107 plasterk\u00f3w mi\u0119sa mo\u017cna dostosowa\u0107. Nadaje si\u0119 do zak\u0142ad\u00f3w przetw\u00f3rstwa spo\u017cywczego, kuchni restauracyjnych i du\u017cych sto\u0142\u00f3wek.<\/p>    <figure class=\"wp-block-image size-large\"><img loading=\"lazy\" decoding=\"async\" width=\"720\" height=\"540\" src=\"https:\/\/www.meatprocessingmachine.org\/wp-content\/uploads\/2021\/05\/2-1.jpg\" alt=\"Maszyna do kruszenia ko\u015bci do mielenia ko\u015bci wo\u0142owych | Maszyna do obr\u00f3bki ko\u015bci\" class=\"wp-image-1296\" title=\"\" srcset=\"https:\/\/www.meatprocessingmachine.org\/wp-content\/uploads\/2021\/05\/2-1.jpg 720w, https:\/\/www.meatprocessingmachine.org\/wp-content\/uploads\/2021\/05\/2-1-300x225.jpg 300w\" sizes=\"auto, (max-width: 720px) 100vw, 720px\" \/><figcaption class=\"wp-element-caption\">Plasterki piersi z kurczaka<\/figcaption><\/figure>    <h2 class=\"wp-block-heading\" id=\"h-type-of-meat-cutting-machinery-for-meat-slices-strips\">Wideo maszyn do krojenia mi\u0119sa na plasterki\/paski<\/h2>    <figure class=\"wp-block-embed is-type-video is-provider-youtube wp-block-embed-youtube\"><div class=\"wp-block-embed__wrapper\"> <iframe loading=\"lazy\" title=\"maszyna do krojenia piersi z kurczaka \/ Maszyny do krojenia mi\u0119sa na plasterki\/paski\" width=\"500\" height=\"281\" src=\"https:\/\/www.youtube.com\/embed\/2jjreRlvCKM?start=19&#038;feature=oembed\" frameborder=\"0\" allow=\"accelerometer; autoplay; clipboard-write; encrypted-media; gyroscope; picture-in-picture; web-share\" referrerpolicy=\"strict-origin-when-cross-origin\" allowfullscreen><\/iframe> <\/div><\/figure>    <h2 class=\"wp-block-heading\" id=\"h-introduction-of-chicken-breast-slicer-machine\">Wprowadzenie maszyny do krojenia piersi z kurczaka<\/h2>    <p class=\"translation-block\"><strong>Maszyna do krojenia piersi z kurczaka <\/strong> tnie mi\u0119so bezpo\u015brednio na plasterki, takie jak plasterki piersi z kurczaka, plasterki wo\u0142owiny i plasterki wieprzowiny. Maszyna do krojenia piersi z kurczaka jest niezale\u017cn\u0105 maszyn\u0105, kt\u00f3ra mo\u017ce wykona\u0107 ca\u0142y proces krojenia samodzielnie. Aby u\u017cywa\u0107, umie\u015b\u0107 mi\u0119so na ta\u015bmie przeno\u015bnika i odczekaj kilka sekund. Maszyna do krojenia piersi z kurczaka mo\u017ce wyci\u0105\u0107 plasterki o grubo\u015bci od 2 do 8mm, a maszyna do krojenia mi\u0119sa dok\u0142adnie kontroluje rozmiar i grubo\u015b\u0107. <\/p>    <p class=\"translation-block\">Ponadto, grubo\u015b\u0107 ka\u017cdego plasterka mi\u0119sa jest taka sama, <strong>maszyna do krojenia piersi z kurczaka<\/strong> jest znacznie lepsza od r\u0119cznego, wi\u0119c zalet\u0105 maszyny jest bardzo wyra\u017ane ci\u0119cie. Dodatkowo, inn\u0105 zalet\u0105 jest mo\u017cliwo\u015b\u0107 regulacji pr\u0119dko\u015bci maszyny. To pozwala dopasowa\u0107 proces przetwarzania.<\/p>    <figure class=\"wp-block-image size-full is-resized\"><img loading=\"lazy\" decoding=\"async\" width=\"680\" height=\"480\" src=\"https:\/\/www.meatprocessingmachine.org\/wp-content\/uploads\/2021\/09\/breast-slicer-machine.jpg\" alt=\"krajalnica do piersi\" class=\"wp-image-1993\" style=\"width:720px;height:540px\" title=\"\" srcset=\"https:\/\/www.meatprocessingmachine.org\/wp-content\/uploads\/2021\/09\/breast-slicer-machine.jpg 680w, https:\/\/www.meatprocessingmachine.org\/wp-content\/uploads\/2021\/09\/breast-slicer-machine-300x212.jpg 300w\" sizes=\"auto, (max-width: 680px) 100vw, 680px\" \/><figcaption class=\"wp-element-caption\"> <strong>krajalnica do piersi<\/strong> <\/figcaption><\/figure>    <h2 class=\"wp-block-heading\">Parametry maszyny do krojenia piersi z kurczaka<\/h2>    <figure class=\"wp-block-table\"><table><tbody><tr><td>Model<\/td><td>KSQPJ-100<\/td><\/tr><tr><td>Moc (kW)<\/td><td>1,65KW<\/td><\/tr><tr><td>Szeroko\u015b\u0107<\/td><td>260mm<\/td><\/tr><tr><td>Zakres pr\u0119dko\u015bci ta\u015bmy przeno\u015bnika<\/td><td>3-15m\/min (cz\u0119stotliwo\u015b\u0107)<\/td><\/tr><tr><td>Napi\u0119cie (V)<strong>)<\/strong><\/td><td>380 v<\/td><\/tr><tr><td>Maksymalna szeroko\u015b\u0107 produktu<\/td><td>80-120mm (regulowane)<\/td><\/tr><tr><td>Wysoko\u015b\u0107 wej\u015bcia i wyj\u015bcia<\/td><td>30mm<\/td><\/tr><tr><td>Grubo\u015b\u0107 krojenia<\/td><td>4-40mm<\/td><\/tr><tr><td>Rozmiar<\/td><td>1800x820x1580mm<\/td><\/tr><\/tbody><\/table><figcaption class=\"wp-element-caption\">Maszyna do krojenia piersi z kurczaka<\/figcaption><\/figure>    <p>Model KSQPJ-100 ma moc 1,65kW i napi\u0119cie 380V. Grubo\u015b\u0107 ci\u0119cia mo\u017cna regulowa\u0107 od 4 do 40mm. Pr\u0119dko\u015b\u0107 ta\u015bmy przeno\u015bnika jest r\u00f3wnie\u017c regulowana (3-15m\/min). Je\u015bli chcesz dowiedzie\u0107 si\u0119 wi\u0119cej o tej maszynie do krojenia piersi z kurczaka, skontaktuj si\u0119 z nami.<\/p>    <h2 class=\"wp-block-heading\" id=\"h-chicken-breast-slicer-machine-principle\">Zasada dzia\u0142ania maszyny do krojenia piersi z kurczaka<\/h2>    <p>The chicken breast slicer machine&nbsp;conveys the meat to the cutting place by the machine&#8217;s high-friction conveyor belt. The chicken breast slicer machine&nbsp;is composed of multiple horizontal sharp blades. The cut meat is sent out through the conveyor belt. <\/p>    <p>Tak wi\u0119c, krojenie plasterk\u00f3w mi\u0119sa. Grubo\u015b\u0107 jest okre\u015blana przez odleg\u0142o\u015b\u0107 mi\u0119dzy ostrzami. Odleg\u0142o\u015b\u0107 ta mo\u017ce by\u0107 dostosowana przez fabryk\u0119 zgodnie z potrzebami podczas opuszczania fabryki. Mo\u017ce spe\u0142nia\u0107 wi\u0119kszo\u015b\u0107 potrzeb. <\/p>    <p>Pr\u0119dko\u015b\u0107 przeno\u015bnika mo\u017cna r\u00f3wnie\u017c regulowa\u0107, co jest bardzo inteligentne. Wynika to z faktu, \u017ce podczas pracy w innej sekcji mog\u0105 by\u0107 r\u0119czne pakowanie lub gotowe produkty. Mo\u017cemy wi\u0119c dostosowa\u0107 pr\u0119dko\u015b\u0107 ta\u015bmy przeno\u015bnika do warunk\u00f3w pracy, osi\u0105gaj\u0105c lepsze rezultaty. To tak\u017ce efekt tego, \u017ce projektant uwzgl\u0119dni\u0142 rzeczywist\u0105 sytuacj\u0119 pracy podczas projektowania i by\u0142 uwa\u017cny.<\/p>    <figure class=\"wp-block-image size-large is-resized\"><img loading=\"lazy\" decoding=\"async\" width=\"720\" height=\"353\" src=\"https:\/\/www.meatprocessingmachine.org\/wp-content\/uploads\/2021\/05\/3.jpg\" alt=\"Maszyna do krojenia piersi z kurczaka\" class=\"wp-image-1298\" style=\"width:720px;height:540px\" title=\"\" srcset=\"https:\/\/www.meatprocessingmachine.org\/wp-content\/uploads\/2021\/05\/3.jpg 720w, https:\/\/www.meatprocessingmachine.org\/wp-content\/uploads\/2021\/05\/3-300x147.jpg 300w\" sizes=\"auto, (max-width: 720px) 100vw, 720px\" \/><figcaption><\/figcaption><\/figure>    <h2 class=\"wp-block-heading\" id=\"h-finished-product-effect-of-chicken-breast-slicer-machine\">Efekt ko\u0144cowy produktu z maszyny do krojenia piersi z kurczaka<\/h2>    <figure class=\"wp-block-image size-full is-resized\"><img loading=\"lazy\" decoding=\"async\" width=\"520\" height=\"390\" src=\"https:\/\/www.meatprocessingmachine.org\/wp-content\/uploads\/2021\/09\/chicken-breast-slicer-machine.png\" alt=\"Maszyna do krojenia piersi z kurczaka\" class=\"wp-image-1994\" style=\"width:720px;height:540px\" title=\"\" srcset=\"https:\/\/www.meatprocessingmachine.org\/wp-content\/uploads\/2021\/09\/chicken-breast-slicer-machine.png 520w, https:\/\/www.meatprocessingmachine.org\/wp-content\/uploads\/2021\/09\/chicken-breast-slicer-machine-300x225.png 300w\" sizes=\"auto, (max-width: 520px) 100vw, 520px\" \/><figcaption class=\"wp-element-caption\"> <strong>Maszyna do krojenia piersi z kurczaka<\/strong> <\/figcaption><\/figure>    <p>Maszyna do krojenia piersi z kurczaka mo\u017ce kroi\u0107 plasterki mi\u0119sa o grubo\u015bci 2-8mm. Ta grubo\u015b\u0107 mo\u017ce by\u0107 wyja\u015bniona podczas zakupu maszyny, aby mo\u017cna by\u0142o dostosowa\u0107 ostrze do okre\u015blonego rozmiaru. Grubo\u015b\u0107 krojonych plasterk\u00f3w mi\u0119sa jest jednolita, a powierzchnia bardzo g\u0142adka. Ostrze jest bardzo ostre i nie powoduje uszkodze\u0144 mi\u0119sa po krojeniu, ani strat, co zapewnia wysok\u0105 wydajno\u015b\u0107 i wysok\u0105 wydajno\u015b\u0107.<\/p>    <h2 class=\"wp-block-heading\" id=\"h-meat-cutting-machinery-for-meat-strips-introduction\">Wprowadzenie maszyn do krojenia mi\u0119sa na paski mi\u0119sa<\/h2>    <p class=\"translation-block\"><strong>Wprowadzenie maszyn do krojenia mi\u0119sa na paski<\/strong> ma dwie cz\u0119\u015bci. Najpierw mi\u0119so jest krojone na plasterki przez krajalnic\u0119, a nast\u0119pnie przechodzi przez krajalnic\u0119. Produkt to r\u00f3\u017cne paski mi\u0119sa. Krajalnica kroi mi\u0119so na plasterki poziomo, a nast\u0119pnie kolejna maszyna kroi je pionowo na paski. Maszyna do krojenia piersi z kurczaka jest bezpo\u015brednio transportowana przez ta\u015bm\u0119 przeno\u015bnika, bez konieczno\u015bci r\u0119cznej obs\u0142ugi od arkusza do pask\u00f3w. <\/p>    <figure class=\"wp-block-table\"><table><tbody><tr><td>Model<\/td><td>KSQTJ-260<\/td><\/tr><tr><td>Moc kW<\/td><td>0,75kW<\/td><\/tr><tr><td>szeroko\u015b\u0107<\/td><td>260mm<\/td><\/tr><tr><td>Zakres pr\u0119dko\u015bci ta\u015bmy przeno\u015bnika<\/td><td>3-15m\/min (cz\u0119stotliwo\u015b\u0107)<\/td><\/tr><tr><td>Napi\u0119cie zasilania V<\/td><td>380V\/50Hz<\/td><\/tr><tr><td>Rozmiar<\/td><td>2200x650x1450mm<\/td><\/tr><\/tbody><\/table><figcaption class=\"wp-element-caption\"> <strong>Maszyny do krojenia mi\u0119sa na paski mi\u0119sa&nbsp;<\/strong> <\/figcaption><\/figure>    <p>Ca\u0142y proces oszcz\u0119dza czas i wysi\u0142ek, jest wydajny i szybki. Ta\u015bma przeno\u015bnika ma specjalny wz\u00f3r w paski, co zwi\u0119ksza tarcie, dzi\u0119ki czemu maszyna do krojenia mi\u0119sa na paski jest transportowana nawet przy du\u017cych rozmiarach. Mi\u0119so mo\u017ce by\u0107 r\u00f3wnie\u017c skutecznie i p\u0142ynnie transportowane. Grubo\u015b\u0107 krojonych pask\u00f3w mi\u0119sa mo\u017cna r\u00f3wnie\u017c regulowa\u0107.<\/p>    <figure class=\"wp-block-image size-full is-resized\"><img loading=\"lazy\" decoding=\"async\" width=\"680\" height=\"480\" src=\"https:\/\/www.meatprocessingmachine.org\/wp-content\/uploads\/2021\/09\/Meat-Cutting-Machinery-for-Meat-Strips-.jpg\" alt=\"Maszyny do krojenia mi\u0119sa na paski mi\u0119sa\u00a0\" class=\"wp-image-1995\" style=\"width:720px;height:540px\" title=\"\" srcset=\"https:\/\/www.meatprocessingmachine.org\/wp-content\/uploads\/2021\/09\/Meat-Cutting-Machinery-for-Meat-Strips-.jpg 680w, https:\/\/www.meatprocessingmachine.org\/wp-content\/uploads\/2021\/09\/Meat-Cutting-Machinery-for-Meat-Strips--300x212.jpg 300w\" sizes=\"auto, (max-width: 680px) 100vw, 680px\" \/><figcaption class=\"wp-element-caption\"> <strong>Maszyny do krojenia mi\u0119sa na paski mi\u0119sa&nbsp;<\/strong> <\/figcaption><\/figure>    <h3 class=\"wp-block-heading\" id=\"h-cutting-principle-of-meat-cutting-machinery-for-meat-strips\">Zasada ci\u0119cia maszyn do krojenia mi\u0119sa na paski mi\u0119sa<\/h3>    <p>The slicer is composed of two parts. The first is a slicer. The meat to be cut is first cut into slices by the slicer. The slicer&#8217;s blade cuts the meat slices horizontally and then continues to be conveyed by the conveyor belt to the next machine. , The cutting process is carried out by the chicken breast cutting machine, and the next step is the vertical cutting of the sliced \u200b\u200bmeat by the cutting machine, which becomes a meat strip<\/p>    <h3 class=\"wp-block-heading\" id=\"h-features-of-the-machine\">Cechy maszyny do krojenia piersi z kurczaka<\/h3>    <ol class=\"wp-block-list\"> <li>Maszyna mo\u017ce kroi\u0107 piersi z kurczaka poziomo, a grubo\u015b\u0107 ci\u0119cia jest dok\u0142adna, a powierzchnia ci\u0119cia jest g\u0142adka.<\/li>    <li>Obs\u0142uga jest prosta i \u0142atwa do nauki, a parametry produktu mo\u017cna regulowa\u0107.<\/li>    <li>Maszyna do krojenia piersi z kurczaka jest wykonana ze stali, co jest bezpieczne i niezawodne, i nie rdzewieje podczas czyszczenia.<\/li>    <li>Ta\u015bma przeno\u015bnika ma wz\u00f3r w paski, co zwi\u0119ksza tarcie i zapewnia p\u0142ynny transport.<\/li>    <li>Wykrojony produkt jest jednolity i wygodny do sprzeda\u017cy.<\/li> <\/ol>    <h2 class=\"wp-block-heading\" id=\"h-slicing-and-cutting-machine-is-easy-to-operate\">Jak korzysta\u0107 z maszyny do krojenia i ci\u0119cia?<\/h2>    <p>Maszyna posiada panel sterowania, kt\u00f3ry kontroluje w\u0142\u0105cznik maszyny i pr\u0119dko\u015b\u0107 ta\u015bmy przeno\u015bnika. Podczas krojenia i ci\u0119cia, konieczne jest r\u0119czne umieszczenie surowc\u00f3w na maszynie, a ta\u015bma przeno\u015bnika wysy\u0142a piersi z kurczaka na zewn\u0105trz. <\/p>    <p>Maszyna dzia\u0142a bardzo szybko i mo\u017ce efektywnie przetwarza\u0107 produkty. Ostrza maszyny s\u0105 wykonane ze stali, co spe\u0142nia wymagania standardowych maszyn spo\u017cywczych i bezpiecznie produkuje gotowe produkty.<\/p>    <figure class=\"wp-block-image size-large\"><img loading=\"lazy\" decoding=\"async\" width=\"720\" height=\"540\" src=\"https:\/\/www.meatprocessingmachine.org\/wp-content\/uploads\/2021\/05\/\u672a\u6807\u9898-1.jpg\" alt=\"Maszyny do krojenia mi\u0119sa na paski mi\u0119sa\" class=\"wp-image-1301\" title=\"\" srcset=\"https:\/\/www.meatprocessingmachine.org\/wp-content\/uploads\/2021\/05\/\u672a\u6807\u9898-1.jpg 720w, https:\/\/www.meatprocessingmachine.org\/wp-content\/uploads\/2021\/05\/\u672a\u6807\u9898-1-300x225.jpg 300w\" sizes=\"auto, (max-width: 720px) 100vw, 720px\" \/><figcaption><\/figcaption><\/figure>    <h2 class=\"wp-block-heading\" id=\"h-some-precautions-for-chicken-breast-slicer-machine\">Niekt\u00f3re \u015brodki ostro\u017cno\u015bci przy maszynie do krojenia piersi z kurczaka<\/h2>    <ul class=\"wp-block-list\"> <li>Podczas pracy maszyny, surowo zabrania si\u0119 g\u0142\u0119bokiego wchodzenia do maszyny<\/li>    <li>Zwracaj uwag\u0119 na konserwacj\u0119 i utrzymanie maszyny, takie jak smarowanie i czyszczenie po u\u017cyciu.<\/li>    <li>Prosz\u0119 nie demontowa\u0107 go samodzielnie.<\/li>    <li>Maszyna do mielenia ko\u015bci<\/li> <\/ul>    <figure class=\"wp-block-image size-large is-resized\"><img loading=\"lazy\" decoding=\"async\" width=\"1024\" height=\"1024\" src=\"https:\/\/www.meatprocessingmachine.org\/wp-content\/uploads\/2021\/09\/Meat-Cutting-Machinery-for-Meat-Strips-2-1024x1024.jpg\" alt=\"\" class=\"wp-image-1996\" style=\"width:720px;height:540px\" title=\"\" srcset=\"https:\/\/www.meatprocessingmachine.org\/wp-content\/uploads\/2021\/09\/Meat-Cutting-Machinery-for-Meat-Strips-2-1024x1024.jpg 1024w, https:\/\/www.meatprocessingmachine.org\/wp-content\/uploads\/2021\/09\/Meat-Cutting-Machinery-for-Meat-Strips-2-300x300.jpg 300w, https:\/\/www.meatprocessingmachine.org\/wp-content\/uploads\/2021\/09\/Meat-Cutting-Machinery-for-Meat-Strips-2-150x150.jpg 150w, https:\/\/www.meatprocessingmachine.org\/wp-content\/uploads\/2021\/09\/Meat-Cutting-Machinery-for-Meat-Strips-2-768x768.jpg 768w, https:\/\/www.meatprocessingmachine.org\/wp-content\/uploads\/2021\/09\/Meat-Cutting-Machinery-for-Meat-Strips-2.jpg 1080w\" sizes=\"auto, (max-width: 1024px) 100vw, 1024px\" \/><figcaption class=\"wp-element-caption\"> <strong>Maszyny do krojenia mi\u0119sa na paski mi\u0119sa&nbsp;<\/strong> <\/figcaption><\/figure>    <h2 class=\"wp-block-heading\" id=\"h-related-machine-provision\">Zapotrzebowanie na powi\u0105zane maszyny<\/h2>    <p class=\"translation-block\">W rzeczywistym procesie przetwarzania mi\u0119sa, mo\u017ce wystarczy\u0107 tylko pokrojenie mi\u0119sa z sosem, a nasze maszyny s\u0105 bardzo wszechstronne. Mo\u017cemy r\u00f3wnie\u017c zapewni\u0107<a href=\"https:\/\/www.meatprocessingmachine.org\/pl\/commercial-frozen-fresh-meat-dicing-machine.html\/\"> komercyjne maszyny do krojenia \u015bwie\u017cego mi\u0119sa mro\u017conego<\/a>, <a href=\"https:\/\/www.meatprocessingmachine.org\/pl\/bone-grinder-machine-meat-and-bone-grinder.html\/\">m\u0142ynki do ko\u015bci\/m\u0142ynki do mi\u0119sa\/m\u0142ynki do pasty z ko\u015bci<\/a>.<\/p>    <div class=\"wp-block-columns is-layout-flex wp-container-core-columns-is-layout-9d6595d7 wp-block-columns-is-layout-flex\"> <div class=\"wp-block-column is-layout-flow wp-block-column-is-layout-flow\"> <figure class=\"wp-block-image size-full\"><a href=\"https:\/\/www.meatprocessingmachine.org\/pl\/commercial-frozen-fresh-meat-dicing-machine.html\/\"><img loading=\"lazy\" decoding=\"async\" width=\"720\" height=\"540\" src=\"https:\/\/www.meatprocessingmachine.org\/wp-content\/uploads\/2022\/01\/beef-dicing-machine.png\" alt=\"Maszyna do krojenia mro\u017conego mi\u0119sa\" class=\"wp-image-32559\" title=\"\" srcset=\"https:\/\/www.meatprocessingmachine.org\/wp-content\/uploads\/2022\/01\/beef-dicing-machine.png 720w, https:\/\/www.meatprocessingmachine.org\/wp-content\/uploads\/2022\/01\/beef-dicing-machine-300x225.png 300w\" sizes=\"auto, (max-width: 720px) 100vw, 720px\" \/><\/a><figcaption class=\"wp-element-caption\">Zamra\u017carka do krojenia mi\u0119sa<\/figcaption><\/figure> <\/div>    <div class=\"wp-block-column is-layout-flow wp-block-column-is-layout-flow\"> <figure class=\"wp-block-image size-full\"><a href=\"https:\/\/www.meatprocessingmachine.org\/pl\/bone-grinder-machine-meat-and-bone-grinder.html\/\"><img loading=\"lazy\" decoding=\"async\" width=\"720\" height=\"540\" src=\"https:\/\/www.meatprocessingmachine.org\/wp-content\/uploads\/2020\/11\/bone-grinder-machine.jpg\" alt=\"m\u0142ynek do ko\u015bci\" class=\"wp-image-911\" title=\"\" srcset=\"https:\/\/www.meatprocessingmachine.org\/wp-content\/uploads\/2020\/11\/bone-grinder-machine.jpg 720w, https:\/\/www.meatprocessingmachine.org\/wp-content\/uploads\/2020\/11\/bone-grinder-machine-300x225.jpg 300w\" sizes=\"auto, (max-width: 720px) 100vw, 720px\" \/><\/a><figcaption class=\"wp-element-caption\">Maszyna do krojenia i ci\u0119cia<\/figcaption><\/figure> <\/div> <\/div>","protected":false},"excerpt":{"rendered":"<p>The chicken breast slicer machine can process meat into slices , Meat Cutting Machinery for Meat Strips process meat into strips .The raw materials can be chicken breast, beef, pork, etc. Meat slicer machine can process a wide range of meats, which is suitable for most boneless meats. The meat slicer machine uses a flat cutting process during processing to accurately grasp the size and thickness. <\/p>","protected":false},"author":1,"featured_media":1991,"parent":0,"template":"","product-type":[583],"class_list":["post-1291","product","type-product","status-publish","has-post-thumbnail","hentry","product-type-chicken-turkey"],"_links":{"self":[{"href":"https:\/\/www.meatprocessingmachine.org\/pl\/wp-json\/wp\/v2\/product\/1291","targetHints":{"allow":["GET"]}}],"collection":[{"href":"https:\/\/www.meatprocessingmachine.org\/pl\/wp-json\/wp\/v2\/product"}],"about":[{"href":"https:\/\/www.meatprocessingmachine.org\/pl\/wp-json\/wp\/v2\/types\/product"}],"author":[{"embeddable":true,"href":"https:\/\/www.meatprocessingmachine.org\/pl\/wp-json\/wp\/v2\/users\/1"}],"wp:featuredmedia":[{"embeddable":true,"href":"https:\/\/www.meatprocessingmachine.org\/pl\/wp-json\/wp\/v2\/media\/1991"}],"wp:attachment":[{"href":"https:\/\/www.meatprocessingmachine.org\/pl\/wp-json\/wp\/v2\/media?parent=1291"}],"wp:term":[{"taxonomy":"product-type","embeddable":true,"href":"https:\/\/www.meatprocessingmachine.org\/pl\/wp-json\/wp\/v2\/product-type?post=1291"}],"curies":[{"name":"wp","href":"https:\/\/api.w.org\/{rel}","templated":true}]}}