{"id":1323,"date":"2021-06-04T16:36:50","date_gmt":"2021-06-04T08:36:50","guid":{"rendered":"https:\/\/www.meatprocessingmachine.org\/?p=1323"},"modified":"2026-02-12T16:05:15","modified_gmt":"2026-02-12T08:05:15","slug":"meat-roll-cutting-machine","status":"publish","type":"product","link":"https:\/\/www.meatprocessingmachine.org\/pl\/meat-roll-cutting-machine.html","title":{"rendered":"Maszyna do krojenia baraniny | Mro\u017carka do mi\u0119sa"},"content":{"rendered":"<div class=\"kk-star-ratings kksr-auto kksr-align-right kksr-valign-top\"     data-payload='{&quot;align&quot;:&quot;right&quot;,&quot;id&quot;:&quot;1323&quot;,&quot;slug&quot;:&quot;default&quot;,&quot;valign&quot;:&quot;top&quot;,&quot;ignore&quot;:&quot;&quot;,&quot;reference&quot;:&quot;auto&quot;,&quot;class&quot;:&quot;&quot;,&quot;count&quot;:&quot;0&quot;,&quot;legendonly&quot;:&quot;&quot;,&quot;readonly&quot;:&quot;&quot;,&quot;score&quot;:&quot;0&quot;,&quot;starsonly&quot;:&quot;&quot;,&quot;best&quot;:&quot;5&quot;,&quot;gap&quot;:&quot;5&quot;,&quot;greet&quot;:&quot;Rate this product&quot;,&quot;legend&quot;:&quot;0\\\/5 - (0 votes)&quot;,&quot;size&quot;:&quot;24&quot;,&quot;title&quot;:&quot;Mutton slicing machine | Frozen meat slicer&quot;,&quot;width&quot;:&quot;0&quot;,&quot;_legend&quot;:&quot;{score}\\\/{best} - ({count} {votes})&quot;,&quot;font_factor&quot;:&quot;1.25&quot;}'>              <div class=\"kksr-stars\">      <div class=\"kksr-stars-inactive\">             <div class=\"kksr-star\" data-star=\"1\" style=\"padding-right: 5px\">               <div class=\"kksr-icon\" style=\"width: 24px; height: 24px;\"><\/div>         <\/div>             <div class=\"kksr-star\" data-star=\"2\" style=\"padding-right: 5px\">               <div class=\"kksr-icon\" style=\"width: 24px; height: 24px;\"><\/div>         <\/div>             <div class=\"kksr-star\" data-star=\"3\" style=\"padding-right: 5px\">               <div class=\"kksr-icon\" style=\"width: 24px; height: 24px;\"><\/div>         <\/div>             <div class=\"kksr-star\" data-star=\"4\" style=\"padding-right: 5px\">               <div class=\"kksr-icon\" style=\"width: 24px; height: 24px;\"><\/div>         <\/div>             <div class=\"kksr-star\" data-star=\"5\" style=\"padding-right: 5px\">               <div class=\"kksr-icon\" style=\"width: 24px; height: 24px;\"><\/div>         <\/div>     <\/div>      <div class=\"kksr-stars-active\" style=\"width: 0px;\">             <div class=\"kksr-star\" style=\"padding-right: 5px\">               <div class=\"kksr-icon\" style=\"width: 24px; height: 24px;\"><\/div>         <\/div>             <div class=\"kksr-star\" style=\"padding-right: 5px\">               <div class=\"kksr-icon\" style=\"width: 24px; height: 24px;\"><\/div>         <\/div>             <div class=\"kksr-star\" style=\"padding-right: 5px\">               <div class=\"kksr-icon\" style=\"width: 24px; height: 24px;\"><\/div>         <\/div>             <div class=\"kksr-star\" style=\"padding-right: 5px\">               <div class=\"kksr-icon\" style=\"width: 24px; height: 24px;\"><\/div>         <\/div>             <div class=\"kksr-star\" style=\"padding-right: 5px\">               <div class=\"kksr-icon\" style=\"width: 24px; height: 24px;\"><\/div>         <\/div>     <\/div> <\/div>                   <div class=\"kksr-legend\" style=\"font-size: 19.2px;\">             <span class=\"kksr-muted\">Oce\u0144 ten produkt<\/span>     <\/div>     <\/div>  <p>Maszyna do krojenia baraniny mo\u017ce kroi\u0107 zamro\u017cone mi\u0119so na rolki i robi\u0107 rolki z baraniny, wo\u0142owiny, wieprzowiny itp. Mi\u0119so o temperaturze 1-8 stopni poni\u017cej zera mo\u017cna bezpo\u015brednio przetwarza\u0107 na rolki bez rozmra\u017cania. A krojone rolki mi\u0119sa s\u0105 gwarantowane jako kompletne. <\/p>    <figure class=\"wp-block-embed is-type-video is-provider-youtube wp-block-embed-youtube\"><div class=\"wp-block-embed__wrapper\"> <iframe loading=\"lazy\" title=\"Automatyczna maszyna do krojenia mi\u0119sa|Maszyna do krojenia i zwijania baraniny| |krajalnica do mi\u0119sa\" width=\"500\" height=\"281\" src=\"https:\/\/www.youtube.com\/embed\/P0T2Up3MetY?feature=oembed\" frameborder=\"0\" allow=\"accelerometer; autoplay; clipboard-write; encrypted-media; gyroscope; picture-in-picture; web-share\" referrerpolicy=\"strict-origin-when-cross-origin\" allowfullscreen><\/iframe> <\/div><figcaption class=\"wp-element-caption\">Wideo o komercyjnej zamro\u017conej krajalnicy mi\u0119sa<\/figcaption><\/figure>    <p>Maszyna do krojenia i rolowania baraniny ma wiele funkcji, ale nie tylko mo\u017ce kroi\u0107 mi\u0119so na rolki, ale tak\u017ce na plasterki. Jednocze\u015bnie, maszyna mo\u017ce obs\u0142ugiwa\u0107 r\u00f3\u017cne rodzaje mi\u0119sa bez ko\u015bci. Maszyna do krojenia i rolowania baraniny jest szeroko stosowana w restauracjach, supermarketach i zak\u0142adach przetw\u00f3rstwa spo\u017cywczego.<\/p>    <h2 class=\"wp-block-heading\" id=\"h-mutton-cutting-machine-advantage\">Zalety maszyny do krojenia baraniny<\/h2>    <ol class=\"wp-block-list\"> <li>Slicer do mi\u0119sa jest czysty, higieniczny i \u0142atwy do czyszczenia.<\/li>    <li>Obudowa i ostrze wykonane ze stali nierdzewnej, mocne i trwa\u0142e, nie rdzewiej\u0105.<\/li>    <li>Grubo\u015b\u0107 produktu jest jednolita, a wydajno\u015b\u0107 maszyny jest wysoka.<\/li>    <li>Du\u017cy panel sterowania, bardziej kontrolowalny.<\/li> <\/ol>    <figure class=\"wp-block-image size-full\"><img loading=\"lazy\" decoding=\"async\" width=\"750\" height=\"750\" src=\"https:\/\/www.meatprocessingmachine.org\/wp-content\/uploads\/2021\/09\/cutting-and-Rolling-Machine.jpg\" alt=\"mutton slicing machine\" class=\"wp-image-2006\" title=\"\" srcset=\"https:\/\/www.meatprocessingmachine.org\/wp-content\/uploads\/2021\/09\/cutting-and-Rolling-Machine.jpg 750w, https:\/\/www.meatprocessingmachine.org\/wp-content\/uploads\/2021\/09\/cutting-and-Rolling-Machine-300x300.jpg 300w, https:\/\/www.meatprocessingmachine.org\/wp-content\/uploads\/2021\/09\/cutting-and-Rolling-Machine-150x150.jpg 150w\" sizes=\"auto, (max-width: 750px) 100vw, 750px\" \/><figcaption class=\"wp-element-caption\">Maszyna do krojenia i rolowania<\/figcaption><\/figure>    <h2 class=\"wp-block-heading\" id=\"h-the-principle-of-mutton-slicing-machine\">Zasada dzia\u0142ania maszyny do krojenia baraniny<\/h2>    <p>Maszyna do krojenia i rolowania baraniny mo\u017ce szybko kroi\u0107 zamro\u017cone mi\u0119so na cienkie plasterki i cienkie rolki. Grubo\u015b\u0107 mo\u017cna regulowa\u0107. Dodatkowo, gdy grubo\u015b\u0107 mi\u0119sa jest poni\u017cej 3 mm, jest to w formie rolki. Je\u015bli jest powy\u017cej 3 mm, jest krojone na plasterki. Z drugiej strony, temperatura mi\u0119sa jest r\u00f3wnie\u017c bardzo wa\u017cna. <\/p>    <p>Je\u015bli temperatura mi\u0119sa nie jest wystarczaj\u0105co niska, tylko w zakresie 0 \u2014 -7\u2103, w przeciwnym razie nie mo\u017cna go rolowa\u0107. Temperatura i grubo\u015b\u0107 s\u0105 wi\u0119c decyduj\u0105cymi czynnikami. Zgodnie z eksperymentami i badaniami, optymalna grubo\u015b\u0107 plasterk\u00f3w mi\u0119sa to 1,7 mm, a temperatura zamro\u017conego mi\u0119sa nie powinna by\u0107 zbyt niska, w przeciwnym razie rolki mi\u0119sa b\u0119d\u0105 szczeg\u00f3lnie \u0142atwo si\u0119 \u0142ama\u0107.<\/p>   <div class=\"wp-block-image\"> <figure class=\"aligncenter size-large is-resized\"><img loading=\"lazy\" decoding=\"async\" width=\"720\" height=\"540\" src=\"https:\/\/www.meatprocessingmachine.org\/wp-content\/uploads\/2021\/06\/02.jpg\" alt=\"Lamb Cutting \" class=\"wp-image-1326\" style=\"width:540px;height:405px\" title=\"\" srcset=\"https:\/\/www.meatprocessingmachine.org\/wp-content\/uploads\/2021\/06\/02.jpg 720w, https:\/\/www.meatprocessingmachine.org\/wp-content\/uploads\/2021\/06\/02-300x225.jpg 300w\" sizes=\"auto, (max-width: 720px) 100vw, 720px\" \/><\/figure> <\/div>   <h2 class=\"wp-block-heading\" id=\"h-mutton-cutting-machine-structure\">Struktura maszyny do krojenia baraniny<\/h2>    <p>Maszyna do krojenia i rolowania baraniny sk\u0142ada si\u0119 g\u0142\u00f3wnie z sto\u0142u za\u0142adunkowego mi\u0119sa, g\u00f3rnego pr\u0119ta mi\u0119sa, zestawu no\u017cy ze stali nierdzewnej i ekranu sterowania. Maszyna do krojenia i rolowania ma rozs\u0105dn\u0105 konstrukcj\u0119 i ostrze. Podczas krojenia mi\u0119sa, baranina musi by\u0107 przyklejona do sta\u0142ej rowka. <\/p>    <p>Nast\u0119pnie, pr\u0119t popychaj\u0105cy z ty\u0142u pchnie mi\u0119so do przodu, ostrze kroi z sta\u0142\u0105 pr\u0119dko\u015bci\u0105, a mi\u0119so jest krojone na cienkie i jednolite rolki. Szybka rolka krojenia zapewnia, \u017ce rolki mi\u0119sa s\u0105 dobrze uformowane i nie \u0142ami\u0105 si\u0119. Dodatkowo, krajalnica ma estetyczny wygl\u0105d, prost\u0105 obs\u0142ug\u0119, wysok\u0105 wydajno\u015b\u0107, niskie zu\u017cycie energii i \u0142atwo\u015b\u0107 czyszczenia i konserwacji.<\/p>    <figure class=\"wp-block-image size-full\"><img loading=\"lazy\" decoding=\"async\" width=\"720\" height=\"540\" src=\"https:\/\/www.meatprocessingmachine.org\/wp-content\/uploads\/2021\/09\/lamb-rolling-machine-2.jpg\" alt=\"mutton slicing machine\" class=\"wp-image-2003\" title=\"\" srcset=\"https:\/\/www.meatprocessingmachine.org\/wp-content\/uploads\/2021\/09\/lamb-rolling-machine-2.jpg 720w, https:\/\/www.meatprocessingmachine.org\/wp-content\/uploads\/2021\/09\/lamb-rolling-machine-2-300x225.jpg 300w\" sizes=\"auto, (max-width: 720px) 100vw, 720px\" \/><figcaption class=\"wp-element-caption\"> Maszyna do rolowania baraniny<\/figcaption><\/figure>    <h2 class=\"wp-block-heading\" id=\"h-frozen-meat-slicer-parameters-take-six-volumes-as-an-example\">Parametry zamro\u017conej krajalnicy mi\u0119sa (na przyk\u0142adzie sze\u015bciu wolumen\u00f3w)<\/h2>    <figure class=\"wp-block-table\"><table><tbody><tr><td>Specyfikacja<\/td><td>Napi\u0119cie<\/td><td>D\u0142ugo\u015b\u0107 plasterka (mm)<\/td><td>Szeroko\u015b\u0107 plasterka (mm)<\/td><td>Moc (kW)<\/td><td>Ca\u0142kowita waga (kg)<\/td><td>Pojemno\u015b\u0107 (kg\/h)<\/td><td>Grubo\u015b\u0107 przetwarzania (mm)<\/td><td>Wysoko\u015b\u0107 krojenia (mm)<\/td><td>Rozmiar sprz\u0119tu (mm)<\/td><\/tr><tr><td>CNC jedna rolka<\/td><td>220V\/50HZ<\/td><td>450<\/td><td>160<\/td><td>750<\/td><td>160<\/td><td>50<\/td><td>0-bez ogranicze\u0144<\/td><td>180<\/td><td>1150*410*960<\/td><\/tr><tr><td>CNC dwie wolumeny<\/td><td>220V\/50HZ<\/td><td>600<\/td><td>270<\/td><td>2200<\/td><td>200<\/td><td>50-300<\/td><td>0-bez ogranicze\u0144<\/td><td>180<\/td><td>1200*560*1200<\/td><\/tr><tr><td>CNC czterowolumenowa<\/td><td>380\/50HZ<\/td><td>600<\/td><td>510<\/td><td>3000<\/td><td>320<\/td><td>50-600<\/td><td>0-bez ogranicze\u0144<\/td><td>180<\/td><td>1200*800*1200<\/td><\/tr><tr><td>CNC sze\u015bciowolumenowa<\/td><td>380\/50HZ<\/td><td>600<\/td><td>730<\/td><td>3000<\/td><td>400<\/td><td>50-900<\/td><td>0-bez ogranicze\u0144<\/td><td>180<\/td><td>1200*1010*1200<\/td><\/tr><tr><td>CNC o\u015bmiu wolumen\u00f3w<\/td><td>380\/50H<\/td><td>600<\/td><td>920<\/td><td>4000<\/td><td>500<\/td><td>50-1200<\/td><td>0-bez ogranicze\u0144<\/td><td>180<\/td><td>1200*1320*1200<\/td><\/tr><\/tbody><\/table><figcaption class=\"wp-element-caption\">Parametry komercyjnej zamro\u017conej krajalnicy mi\u0119sa<\/figcaption><\/figure>    <p>Mo\u017cemy r\u00f3wnie\u017c dostarczy\u0107 maszyny do krojenia i rolowania baraniny o dw\u00f3ch, czterech, sze\u015bciu i o\u015bmiu wolumenach. Maszyna do krojenia i rolowania o o\u015bmiu rolkach ma najwy\u017csz\u0105 wydajno\u015b\u0107 i mo\u017ce wyprodukowa\u0107 najwi\u0119ksz\u0105 ilo\u015b\u0107, co jest odpowiednie dla wi\u0119kszych zak\u0142ad\u00f3w przetw\u00f3rczych. Mo\u017cesz wi\u0119c kupi\u0107 maszyny zgodnie z w\u0142asnymi potrzebami produkcyjnymi.<\/p>    <figure class=\"wp-block-image size-large is-resized\"><img loading=\"lazy\" decoding=\"async\" width=\"1024\" height=\"769\" src=\"https:\/\/www.meatprocessingmachine.org\/wp-content\/uploads\/2021\/09\/Different-types-of-lamb-rolling-machine-1024x769.jpg\" alt=\"Wo\u0142owina\" class=\"wp-image-2001\" style=\"width:720px;height:540px\" title=\"\" srcset=\"https:\/\/www.meatprocessingmachine.org\/wp-content\/uploads\/2021\/09\/Different-types-of-lamb-rolling-machine-1024x769.jpg 1024w, https:\/\/www.meatprocessingmachine.org\/wp-content\/uploads\/2021\/09\/Different-types-of-lamb-rolling-machine-300x225.jpg 300w, https:\/\/www.meatprocessingmachine.org\/wp-content\/uploads\/2021\/09\/Different-types-of-lamb-rolling-machine-768x577.jpg 768w, https:\/\/www.meatprocessingmachine.org\/wp-content\/uploads\/2021\/09\/Different-types-of-lamb-rolling-machine-1536x1153.jpg 1536w, https:\/\/www.meatprocessingmachine.org\/wp-content\/uploads\/2021\/09\/Different-types-of-lamb-rolling-machine-2048x1538.jpg 2048w\" sizes=\"auto, (max-width: 1024px) 100vw, 1024px\" \/><figcaption class=\"wp-element-caption\">R\u00f3\u017cne typy maszyn do rolowania baraniny<\/figcaption><\/figure>    <h2 class=\"wp-block-heading\">Przygotowanie surowc\u00f3w<\/h2>    <p>Podczas przetwarzania mi\u0119sa jest du\u017co mielonego mi\u0119sa, jak sobie z nim poradzi\u0107? Mi\u0119so mo\u017cna najpierw zmia\u017cd\u017cy\u0107, a nast\u0119pnie zmieli\u0107 na \u015bwie\u017co mielonym mi\u0119\u015bniu i zapakowa\u0107. Po zamro\u017ceniu wyjmij do krojenia na plasterki lub rolki, aby resztki mi\u0119sa mo\u017cna by\u0142o wykorzysta\u0107 do wyprodukowania pe\u0142nego produktu ko\u0144cowego.<\/p>    <h2 class=\"wp-block-heading\" id=\"h-mutton-slicing-machine-precautions\">\u015arodki ostro\u017cno\u015bci przy krojeniu baraniny<\/h2>    <figure class=\"wp-block-image size-large is-resized\"><img loading=\"lazy\" decoding=\"async\" width=\"768\" height=\"1024\" src=\"https:\/\/www.meatprocessingmachine.org\/wp-content\/uploads\/2021\/09\/lamb-rolling-machine-1-768x1024.jpg\" alt=\"mutton slicing machine\" class=\"wp-image-2004\" style=\"width:720px;height:540px\" title=\"\" srcset=\"https:\/\/www.meatprocessingmachine.org\/wp-content\/uploads\/2021\/09\/lamb-rolling-machine-1-768x1024.jpg 768w, https:\/\/www.meatprocessingmachine.org\/wp-content\/uploads\/2021\/09\/lamb-rolling-machine-1-225x300.jpg 225w, https:\/\/www.meatprocessingmachine.org\/wp-content\/uploads\/2021\/09\/lamb-rolling-machine-1-1152x1536.jpg 1152w, https:\/\/www.meatprocessingmachine.org\/wp-content\/uploads\/2021\/09\/lamb-rolling-machine-1-1536x2048.jpg 1536w, https:\/\/www.meatprocessingmachine.org\/wp-content\/uploads\/2021\/09\/lamb-rolling-machine-1-scaled.jpg 1920w\" sizes=\"auto, (max-width: 768px) 100vw, 768px\" \/><figcaption class=\"wp-element-caption\">Maszyna do krojenia i rolowania<\/figcaption><\/figure>    <ol class=\"wp-block-list\"> <li>Podczas krojenia mi\u0119sa, temperatura mi\u0119sa powinna by\u0107 umiarkowana. Zbyt twarde mi\u0119so mo\u017ce uszkodzi\u0107 ostrze.<\/li>    <li>Podczas krojenia mi\u0119sa i rolowania, ko\u015bci musz\u0105 by\u0107 usuni\u0119te.<\/li>    <li>Zwr\u00f3\u0107 uwag\u0119 na czyszczenie i codzienn\u0105 konserwacj\u0119 po u\u017cyciu.<\/li> <\/ol>    <h2 class=\"wp-block-heading\">Codzienna obs\u0142uga i konserwacja maszyny do krojenia baraniny<\/h2>    <ul class=\"wp-block-list\"> <li>Podczas pracy maszyny do krojenia baraniny sprawd\u017a, czy w dw\u00f3ch kubkach olejowych jest smar olejowy. Je\u015bli nie, dodaj smar olejowy.<\/li>    <li>W\u0142\u0105cz zasilanie i sprawd\u017a, czy kierunek obrotu silnika jest zgodny z kierunkiem wymaga\u0144 maszyny.<\/li>    <li>Za ka\u017cdym razem, gdy no\u017cnik osi\u0105ga najwy\u017csz\u0105 pozycj\u0119, podajnik przesuwa si\u0119 troch\u0119 do przodu, a silnik obraca si\u0119 we w\u0142a\u015bciwym kierunku. W przeciwnym razie, gdy no\u017cnik opada do najni\u017cszej pozycji, podajnik przesuwa si\u0119, a obroty silnika s\u0105 odwr\u00f3cone, wystarczy skorygowa\u0107 kierunek obrotu silnika. Je\u015bli no\u017cnik i podajnik nie s\u0105 zsynchronizowane, otw\u00f3rz os\u0142on\u0119 w przeciwnym kierunku do panelu sterowania, delikatnie wyreguluj podno\u015bnik.<\/li>    <li>Do cz\u0119\u015bci k\u00f3\u0142 pasowych maszyn i urz\u0105dze\u0144, po czyszczeniu u\u017cyj oleju jadalnego lub smarowego, aby zmniejszy\u0107 zu\u017cycie i wyd\u0142u\u017cy\u0107 \u017cywotno\u015b\u0107 sprz\u0119tu.<\/li> <\/ul>    <figure class=\"wp-block-gallery has-nested-images columns-2 is-cropped wp-block-gallery-2 is-layout-flex wp-block-gallery-is-layout-flex\"> <figure class=\"wp-block-image size-large\"><img loading=\"lazy\" decoding=\"async\" width=\"719\" height=\"540\" data-id=\"2009\" src=\"https:\/\/www.meatprocessingmachine.org\/wp-content\/uploads\/2021\/09\/1.0.png\" alt=\"\" class=\"wp-image-2009\" title=\"\" srcset=\"https:\/\/www.meatprocessingmachine.org\/wp-content\/uploads\/2021\/09\/1.0.png 719w, https:\/\/www.meatprocessingmachine.org\/wp-content\/uploads\/2021\/09\/1.0-300x225.png 300w\" sizes=\"auto, (max-width: 719px) 100vw, 719px\" \/><figcaption><\/figcaption><\/figure>    <figure class=\"wp-block-image size-large\"><img loading=\"lazy\" decoding=\"async\" width=\"540\" height=\"540\" data-id=\"2013\" src=\"https:\/\/www.meatprocessingmachine.org\/wp-content\/uploads\/2021\/09\/3.0-1.png\" alt=\"\" class=\"wp-image-2013\" title=\"\" srcset=\"https:\/\/www.meatprocessingmachine.org\/wp-content\/uploads\/2021\/09\/3.0-1.png 540w, https:\/\/www.meatprocessingmachine.org\/wp-content\/uploads\/2021\/09\/3.0-1-300x300.png 300w, https:\/\/www.meatprocessingmachine.org\/wp-content\/uploads\/2021\/09\/3.0-1-150x150.png 150w\" sizes=\"auto, (max-width: 540px) 100vw, 540px\" \/><figcaption><\/figcaption><\/figure>    <figure class=\"wp-block-image size-large\"><img loading=\"lazy\" decoding=\"async\" width=\"720\" height=\"540\" data-id=\"2012\" src=\"https:\/\/www.meatprocessingmachine.org\/wp-content\/uploads\/2021\/09\/4.0.png\" alt=\"\" class=\"wp-image-2012\" title=\"\" srcset=\"https:\/\/www.meatprocessingmachine.org\/wp-content\/uploads\/2021\/09\/4.0.png 720w, https:\/\/www.meatprocessingmachine.org\/wp-content\/uploads\/2021\/09\/4.0-300x225.png 300w\" sizes=\"auto, (max-width: 720px) 100vw, 720px\" \/><figcaption><\/figcaption><\/figure>    <figure class=\"wp-block-image size-large\"><img loading=\"lazy\" decoding=\"async\" width=\"719\" height=\"540\" data-id=\"2010\" src=\"https:\/\/www.meatprocessingmachine.org\/wp-content\/uploads\/2021\/09\/2.0.png\" alt=\"\" class=\"wp-image-2010\" title=\"\" srcset=\"https:\/\/www.meatprocessingmachine.org\/wp-content\/uploads\/2021\/09\/2.0.png 719w, https:\/\/www.meatprocessingmachine.org\/wp-content\/uploads\/2021\/09\/2.0-300x225.png 300w\" sizes=\"auto, (max-width: 719px) 100vw, 719px\" \/><figcaption><\/figcaption><\/figure> <figcaption class=\"blocks-gallery-caption wp-element-caption\">Mro\u017carka do mi\u0119sa <\/figcaption><\/figure>    <ul class=\"wp-block-list\"> <li>Regularnie sprawdzaj, czy w reduktorze turbinowym nie brakuje oleju smarowego. Je\u015bli poziom oleju jest ni\u017cszy od przezroczystego wska\u017anika, konieczne jest uzupe\u0142nienie.<\/li>    <li>Gdy no\u017ce nie s\u0105 u\u017cywane, nale\u017cy je naostrzy\u0107 za pomoc\u0105 ostrza\u0142ki, potem naostrzy\u0107 kamieniem, a nast\u0119pnie u\u0142o\u017cy\u0107 p\u0142asko w ciep\u0142ej wodzie z detergentem, i u\u017cywa\u0107 ich przy nast\u0119pnym u\u017cyciu.<\/li>    <li>Podczas pracy, nie wk\u0142adaj r\u0105k, aby unikn\u0105\u0107 skalecze\u0144; nie zamykaj materia\u0142\u00f3w \u0142atwopalnych wok\u00f3\u0142, aby unikn\u0105\u0107 niebezpiecznych wypadk\u00f3w.<\/li>    <li>Podczas ka\u017cdej zmiany sprawd\u017a, czy brakuje Di w suwaku i czy \u015bruba no\u017ca jest poluzowana.<\/li> <\/ul>","protected":false},"excerpt":{"rendered":"<p>The lamb cutting and rolling machine can cut frozen meat into rolls, and can make mutton rolls, beef rolls, pork rolls, etc. Meat with a temperature of 1-8 degrees below zero can be directly processed into rolls without thawing\uff0cand the cut meat rolls are guaranteed to be complete.<\/p>","protected":false},"author":1,"featured_media":1987,"parent":0,"template":"","product-type":[582],"class_list":["post-1323","product","type-product","status-publish","has-post-thumbnail","hentry","product-type-cattle-sheep"],"_links":{"self":[{"href":"https:\/\/www.meatprocessingmachine.org\/pl\/wp-json\/wp\/v2\/product\/1323","targetHints":{"allow":["GET"]}}],"collection":[{"href":"https:\/\/www.meatprocessingmachine.org\/pl\/wp-json\/wp\/v2\/product"}],"about":[{"href":"https:\/\/www.meatprocessingmachine.org\/pl\/wp-json\/wp\/v2\/types\/product"}],"author":[{"embeddable":true,"href":"https:\/\/www.meatprocessingmachine.org\/pl\/wp-json\/wp\/v2\/users\/1"}],"wp:featuredmedia":[{"embeddable":true,"href":"https:\/\/www.meatprocessingmachine.org\/pl\/wp-json\/wp\/v2\/media\/1987"}],"wp:attachment":[{"href":"https:\/\/www.meatprocessingmachine.org\/pl\/wp-json\/wp\/v2\/media?parent=1323"}],"wp:term":[{"taxonomy":"product-type","embeddable":true,"href":"https:\/\/www.meatprocessingmachine.org\/pl\/wp-json\/wp\/v2\/product-type?post=1323"}],"curies":[{"name":"wp","href":"https:\/\/api.w.org\/{rel}","templated":true}]}}