{"id":1346,"date":"2021-06-10T17:20:03","date_gmt":"2021-06-10T09:20:03","guid":{"rendered":"https:\/\/www.meatprocessingmachine.org\/?p=1346"},"modified":"2026-02-12T16:03:33","modified_gmt":"2026-02-12T08:03:33","slug":"chicken-cutter-machinechicken-cubing-machine","status":"publish","type":"product","link":"https:\/\/www.meatprocessingmachine.org\/pl\/chicken-cutter-machinechicken-cubing-machine.html","title":{"rendered":"Maszyna do krojenia kurczaka na sprzeda\u017c | maszyna do krojenia mi\u0119sa"},"content":{"rendered":"<div class=\"kk-star-ratings kksr-auto kksr-align-right kksr-valign-top\"     data-payload='{&quot;align&quot;:&quot;right&quot;,&quot;id&quot;:&quot;1346&quot;,&quot;slug&quot;:&quot;default&quot;,&quot;valign&quot;:&quot;top&quot;,&quot;ignore&quot;:&quot;&quot;,&quot;reference&quot;:&quot;auto&quot;,&quot;class&quot;:&quot;&quot;,&quot;count&quot;:&quot;0&quot;,&quot;legendonly&quot;:&quot;&quot;,&quot;readonly&quot;:&quot;&quot;,&quot;score&quot;:&quot;0&quot;,&quot;starsonly&quot;:&quot;&quot;,&quot;best&quot;:&quot;5&quot;,&quot;gap&quot;:&quot;5&quot;,&quot;greet&quot;:&quot;Rate this product&quot;,&quot;legend&quot;:&quot;0\\\/5 - (0 votes)&quot;,&quot;size&quot;:&quot;24&quot;,&quot;title&quot;:&quot;Chicken cutting machine for sale | meat cutter machine&quot;,&quot;width&quot;:&quot;0&quot;,&quot;_legend&quot;:&quot;{score}\\\/{best} - ({count} {votes})&quot;,&quot;font_factor&quot;:&quot;1.25&quot;}'>              <div class=\"kksr-stars\">      <div class=\"kksr-stars-inactive\">             <div class=\"kksr-star\" data-star=\"1\" style=\"padding-right: 5px\">               <div class=\"kksr-icon\" style=\"width: 24px; height: 24px;\"><\/div>         <\/div>             <div class=\"kksr-star\" data-star=\"2\" style=\"padding-right: 5px\">               <div class=\"kksr-icon\" style=\"width: 24px; height: 24px;\"><\/div>         <\/div>             <div class=\"kksr-star\" data-star=\"3\" style=\"padding-right: 5px\">               <div class=\"kksr-icon\" style=\"width: 24px; height: 24px;\"><\/div>         <\/div>             <div class=\"kksr-star\" data-star=\"4\" style=\"padding-right: 5px\">               <div class=\"kksr-icon\" style=\"width: 24px; height: 24px;\"><\/div>         <\/div>             <div class=\"kksr-star\" data-star=\"5\" style=\"padding-right: 5px\">               <div class=\"kksr-icon\" style=\"width: 24px; height: 24px;\"><\/div>         <\/div>     <\/div>      <div class=\"kksr-stars-active\" style=\"width: 0px;\">             <div class=\"kksr-star\" style=\"padding-right: 5px\">               <div class=\"kksr-icon\" style=\"width: 24px; height: 24px;\"><\/div>         <\/div>             <div class=\"kksr-star\" style=\"padding-right: 5px\">               <div class=\"kksr-icon\" style=\"width: 24px; height: 24px;\"><\/div>         <\/div>             <div class=\"kksr-star\" style=\"padding-right: 5px\">               <div class=\"kksr-icon\" style=\"width: 24px; height: 24px;\"><\/div>         <\/div>             <div class=\"kksr-star\" style=\"padding-right: 5px\">               <div class=\"kksr-icon\" style=\"width: 24px; height: 24px;\"><\/div>         <\/div>             <div class=\"kksr-star\" style=\"padding-right: 5px\">               <div class=\"kksr-icon\" style=\"width: 24px; height: 24px;\"><\/div>         <\/div>     <\/div> <\/div>                   <div class=\"kksr-legend\" style=\"font-size: 19.2px;\">             <span class=\"kksr-muted\">Oce\u0144 ten produkt<\/span>     <\/div>     <\/div>  <p>Maszyna do krojenia kurczaka mo\u017ce kroi\u0107 kurczaka, kaczk\u0119 i ryby na kawa\u0142ki. Nie tylko \u015bwie\u017ce mi\u0119so, ale tak\u017ce mi\u0119so zamro\u017cone. Na\u015bladuje r\u0119czne krojenie mi\u0119sa, nie produkuje mielonego mi\u0119sa. Jest czysta, higieniczna i \u0142atwa w obs\u0142udze.<\/p>    <p class=\"translation-block\">Zatem jest odpowiednia do u\u017cytku w zak\u0142adach przetw\u00f3rstwa spo\u017cywczego, du\u017cych sto\u0142\u00f3wkach, rze\u017aniach, przetw\u00f3rniach indywidualnych, <a href=\"https:\/\/en.wikipedia.org\/wiki\/Supermarket\" target=\"_blank\" rel=\"noopener\">supermarketach<\/a>, restauracjach i innych miejscach.<\/p>    <h2 class=\"wp-block-heading\">Wy\u015bwietlacz roboczy maszyny do krojenia kurczaka<\/h2>    <figure class=\"wp-block-embed is-type-video is-provider-youtube wp-block-embed-youtube wp-embed-aspect-16-9 wp-has-aspect-ratio\"><div class=\"wp-block-embed__wrapper\"> <iframe loading=\"lazy\" title=\"krajarka do kurczaka|maszyna do krojenia kurczaka|maszyna do krojenia kurczaka w kostki|krajalnica do kurczaka\" width=\"500\" height=\"281\" src=\"https:\/\/www.youtube.com\/embed\/H23aHETKtas?feature=oembed\" frameborder=\"0\" allow=\"accelerometer; autoplay; clipboard-write; encrypted-media; gyroscope; picture-in-picture; web-share\" referrerpolicy=\"strict-origin-when-cross-origin\" allowfullscreen><\/iframe> <\/div><figcaption class=\"wp-element-caption\">Maszyna do krojenia kurczaka<\/figcaption><\/figure>    <h2 class=\"wp-block-heading\" id=\"h-advantages-of-the-chicken-cutter-machine\">Zalety maszyny do krojenia kurczaka<\/h2>    <ol class=\"wp-block-list\"> <li>Maszyna do krojenia kurczaka mo\u017ce bezpo\u015brednio umie\u015bci\u0107 ca\u0142ego kurczaka, ca\u0142\u0105 kaczk\u0119 lub g\u0119\u015b. To zapewnia naszej fabryce du\u017c\u0105 wygod\u0119, oszcz\u0119dza koszty przetwarzania i czas. Mo\u017ce znacznie pom\u00f3c w procesie produkcji i przetwarzania.<\/li>    <li>Maszyna do krojenia mi\u0119sa z kurczaka wykonana jest ze stali nierdzewnej 304, co zapewnia jej wytrzyma\u0142o\u015b\u0107 i trwa\u0142o\u015b\u0107.<\/li>    <li>Ta maszyna mo\u017ce kroi\u0107 nie tylko kurczaka, ale tak\u017ce jagni\u0119cin\u0119, wieprzowin\u0119, wo\u0142owin\u0119 i wiele innych mi\u0119s.<\/li>    <li>Maszyna do krojenia mi\u0119sa z kurczaka wykorzystuje zaawansowan\u0105 technologi\u0119 krojenia, kt\u00f3ra pozwala szybko i precyzyjnie kroi\u0107 mi\u0119so z kurczaka na r\u00f3wne kawa\u0142ki.<\/li>    <li>Maszyna do krojenia mi\u0119sa z kurczaka jest prosta w obs\u0142udze i \u0142atwa w u\u017cyciu. Wystarczy jeden operator, aby r\u0119cznie w\u0142o\u017cy\u0107 kurczaka na ta\u015bm\u0119 przeno\u015bnikow\u0105, a maszyna automatycznie wykona krojenie i transport.<\/li>    <li>Cz\u0119\u015b\u0107 tn\u0105ca maszyny jest zaprojektowana z os\u0142onami, kt\u00f3re skutecznie zapobiegaj\u0105 przypadkowym urazom podczas u\u017cytkowania.<\/li> <\/ol>    <h2 class=\"wp-block-heading\">Parametry maszyny do krojenia kurczaka<\/h2>    <ul class=\"wp-block-list\"> <li>Pojemno\u015b\u0107: 600-800kg\/h &nbsp;<\/li>    <li>Moc: 2,2 kW &nbsp;&nbsp;<\/li>    <li>Napi\u0119cie: 220V &nbsp;<\/li>    <li>Wymiary: 1300*600*1050mm &nbsp;&nbsp;<\/li>    <li>Waga: 240 kg<\/li> <\/ul>    <h2 class=\"wp-block-heading\" id=\"h-advantages-of-the-chicken-cutter-machine\">Funkcje maszyny do krojenia kurczaka w kostki<\/h2>    <figure class=\"wp-block-image size-large is-resized\"><img loading=\"lazy\" decoding=\"async\" width=\"729\" height=\"774\" src=\"https:\/\/www.meatprocessingmachine.org\/wp-content\/uploads\/2021\/06\/d59431659ce79e1ceacf222d82589ce.png\" alt=\"\" class=\"wp-image-1364\" style=\"object-fit:cover;width:720px;height:540px\" title=\"\" srcset=\"https:\/\/www.meatprocessingmachine.org\/wp-content\/uploads\/2021\/06\/d59431659ce79e1ceacf222d82589ce.png 729w, https:\/\/www.meatprocessingmachine.org\/wp-content\/uploads\/2021\/06\/d59431659ce79e1ceacf222d82589ce-283x300.png 283w\" sizes=\"auto, (max-width: 729px) 100vw, 729px\" \/><figcaption><\/figcaption><\/figure>    <p>Podczas krojenia surowc\u00f3w, nie dochodzi do utraty mi\u0119sa, nie powstaje mielone mi\u0119so, a powierzchnia ci\u0119cia jest bardzo g\u0142adka i schludna. U\u0142atwia to sprzeda\u017c bezpo\u015bredni\u0105 po przetworzeniu. Dodatkowo, maszyna do krojenia kurczaka na\u015bladuje r\u0119czne krojenie na sekcje, jako\u015b\u0107 jest lepsza ni\u017c r\u0119czna, a d\u0142ugo\u015b\u0107 ci\u0119cia mo\u017cna regulowa\u0107, co jest bardzo wygodne. Pr\u0119dko\u015b\u0107 pracy maszyny do krojenia kurczaka wynosi 60 razy na minut\u0119, co zapewnia wysok\u0105 wydajno\u015b\u0107.<\/p>    <h2 class=\"wp-block-heading\" id=\"h-the-structure-of-the-chicken-cubing-machine\">Budowa maszyny do krojenia kurczaka w kostki<\/h2>    <figure class=\"wp-block-image size-full is-resized\"><img loading=\"lazy\" decoding=\"async\" width=\"714\" height=\"621\" src=\"https:\/\/www.meatprocessingmachine.org\/wp-content\/uploads\/2021\/09\/Chicken-Cutting-Machine.png\" alt=\"Chicken Cutting Machine details\" class=\"wp-image-1941\" style=\"object-fit:cover;width:720px;height:540px\" title=\"\" srcset=\"https:\/\/www.meatprocessingmachine.org\/wp-content\/uploads\/2021\/09\/Chicken-Cutting-Machine.png 714w, https:\/\/www.meatprocessingmachine.org\/wp-content\/uploads\/2021\/09\/Chicken-Cutting-Machine-300x261.png 300w\" sizes=\"auto, (max-width: 714px) 100vw, 714px\" \/><figcaption class=\"wp-element-caption\">Szczeg\u00f3\u0142y maszyny do krojenia kurczaka<\/figcaption><\/figure>    <p>Produkt sk\u0142ada si\u0119 g\u0142\u00f3wnie z g\u0142\u00f3wnej ramy, silnika, ta\u015bmy przeno\u015bnikowej, no\u017cy itp. Materia\u0142 no\u017ca maszyny do krojenia kurczaka to 75cr1. Co najwa\u017cniejsze, ten materia\u0142 jest bezpieczny i odporny na \u015bcieranie. Mo\u017ce by\u0107 u\u017cywany przez d\u0142ugi czas bez rdzewienia. Do maszyn do krojenia kurczaka dost\u0119pne s\u0105 dwa r\u00f3\u017cne typy ta\u015bm.<\/p>    <h2 class=\"wp-block-heading\" id=\"h-chain-conveyor-belt\">Ta\u015bma przeno\u015bnikowa do maszyny do krojenia kurczaka <\/h2>    <p>Ta\u015bma kontaktowa z \u017cywno\u015bci\u0105 to p\u0142yta PE, kt\u00f3ra jest bezpieczna w kontakcie z \u017cywno\u015bci\u0105. Dodatkowo, g\u0105sienica jest podzielona na sekcje, a mi\u0119so mo\u017ce oddzieli\u0107 si\u0119 na wylocie, aby zapobiec przyklejaniu si\u0119.<\/p>    <figure class=\"wp-block-image size-full is-resized\"><img loading=\"lazy\" decoding=\"async\" width=\"720\" height=\"540\" src=\"https:\/\/www.meatprocessingmachine.org\/wp-content\/uploads\/2021\/09\/Chicken-Cutting-Machine-4.jpg\" alt=\"Maszyna do krojenia kurczaka\" class=\"wp-image-1940\" style=\"object-fit:cover;width:720px;height:540px\" title=\"\" srcset=\"https:\/\/www.meatprocessingmachine.org\/wp-content\/uploads\/2021\/09\/Chicken-Cutting-Machine-4.jpg 720w, https:\/\/www.meatprocessingmachine.org\/wp-content\/uploads\/2021\/09\/Chicken-Cutting-Machine-4-300x225.jpg 300w\" sizes=\"auto, (max-width: 720px) 100vw, 720px\" \/><figcaption class=\"wp-element-caption\">Maszyna do krojenia kurczaka<\/figcaption><\/figure>    <h2 class=\"wp-block-heading\" id=\"h-what-can-the-chicken-cutter-machine-cut\">Co mo\u017ce kroi\u0107 maszyna do krojenia kurczaka?<\/h2>    <p>Maszyna do krojenia kurczaka jest g\u0142\u00f3wnie przeznaczona do krojenia mi\u0119sa z chrz\u0105stkami, takiego jak ca\u0142y kurczak, kaczka i ryby. Dodatkowo, r\u00f3\u017cne mi\u0119so zamro\u017cone lub \u015bwie\u017ce. Zatem zakres zastosowania maszyny do krojenia kurczaka jest bardzo szeroki. Mo\u017ce by\u0107 bezpo\u015brednio formowane w bloki. Oszcz\u0119dza si\u0142\u0119 robocz\u0105, jest czystsza i higieniczna, a tak\u017ce ma wysok\u0105 wydajno\u015b\u0107 pracy.<\/p>    <figure class=\"wp-block-image size-large is-resized\"><img loading=\"lazy\" decoding=\"async\" width=\"1024\" height=\"768\" src=\"https:\/\/www.meatprocessingmachine.org\/wp-content\/uploads\/2021\/09\/Cut-chicken-stock-1024x768.jpg\" alt=\"D59431659ce79e1ceacf222d82589ce\" class=\"wp-image-1942\" style=\"object-fit:cover;width:720px;height:540px\" title=\"\" srcset=\"https:\/\/www.meatprocessingmachine.org\/wp-content\/uploads\/2021\/09\/Cut-chicken-stock-1024x768.jpg 1024w, https:\/\/www.meatprocessingmachine.org\/wp-content\/uploads\/2021\/09\/Cut-chicken-stock-300x225.jpg 300w, https:\/\/www.meatprocessingmachine.org\/wp-content\/uploads\/2021\/09\/Cut-chicken-stock-768x576.jpg 768w, https:\/\/www.meatprocessingmachine.org\/wp-content\/uploads\/2021\/09\/Cut-chicken-stock-1536x1152.jpg 1536w, https:\/\/www.meatprocessingmachine.org\/wp-content\/uploads\/2021\/09\/Cut-chicken-stock-2048x1536.jpg 2048w\" sizes=\"auto, (max-width: 1024px) 100vw, 1024px\" \/><figcaption class=\"wp-element-caption\">  Maszyna do krojenia kurczaka <\/figcaption><\/figure>    <h2 class=\"wp-block-heading\" id=\"h-advantages-of-the-chicken-cutter-machine\">Opakowanie maszyny do krojenia kurczaka<\/h2>    <p class=\"translation-block\">Maszyny do krojenia kurczaka s\u0105 pakowane w drewniane skrzynie podczas transportu, co ma chroni\u0107 przed uszkodzeniem. Nasza firma ma du\u017ce do\u015bwiadczenie w eksporcie, a wykwalifikowany personel b\u0119dzie monitorowa\u0107 proces transportu. Ponadto, posiadamy wiele innych maszyn, takich jak maszyny do krojenia pask\u00f3w, <a href=\"https:\/\/www.meatprocessingmachine.org\/pl\/meat-roll-cutting-machine.html\/\" data-type=\"URL\" data-id=\"https:\/\/www.meatprocessingmachine.org\/meat-roll-cutting-machine.html\">maszyny do rolowania i krojenia mi\u0119sa<\/a>, oraz <a href=\"https:\/\/www.meatprocessingmachine.org\/pl\/sausage-binding-tying-machine.html\/\" data-type=\"URL\" data-id=\"https:\/\/www.meatprocessingmachine.org\/sausage-binding-tying-machine.html\">maszyny do kie\u0142bas<\/a>. Zapraszamy do kontaktu.<\/p>","protected":false},"excerpt":{"rendered":"<p>The chicken cutter machine can cut chicken, duck, goose, fish, various frozen meat, and fresh meat into blocks, simulating the state of manual meat cutting, and will not produce minced meat. It is clean and hygienic, simple to operate, and suitable for food processing Used in factories, large canteens, slaughterhouses, individual processing, supermarkets, restaurants and other places.<\/p>","protected":false},"author":1,"featured_media":1938,"parent":0,"template":"","product-type":[583],"class_list":["post-1346","product","type-product","status-publish","has-post-thumbnail","hentry","product-type-chicken-turkey"],"_links":{"self":[{"href":"https:\/\/www.meatprocessingmachine.org\/pl\/wp-json\/wp\/v2\/product\/1346","targetHints":{"allow":["GET"]}}],"collection":[{"href":"https:\/\/www.meatprocessingmachine.org\/pl\/wp-json\/wp\/v2\/product"}],"about":[{"href":"https:\/\/www.meatprocessingmachine.org\/pl\/wp-json\/wp\/v2\/types\/product"}],"author":[{"embeddable":true,"href":"https:\/\/www.meatprocessingmachine.org\/pl\/wp-json\/wp\/v2\/users\/1"}],"wp:featuredmedia":[{"embeddable":true,"href":"https:\/\/www.meatprocessingmachine.org\/pl\/wp-json\/wp\/v2\/media\/1938"}],"wp:attachment":[{"href":"https:\/\/www.meatprocessingmachine.org\/pl\/wp-json\/wp\/v2\/media?parent=1346"}],"wp:term":[{"taxonomy":"product-type","embeddable":true,"href":"https:\/\/www.meatprocessingmachine.org\/pl\/wp-json\/wp\/v2\/product-type?post=1346"}],"curies":[{"name":"wp","href":"https:\/\/api.w.org\/{rel}","templated":true}]}}