{"id":1448,"date":"2021-06-25T09:52:29","date_gmt":"2021-06-25T01:52:29","guid":{"rendered":"https:\/\/www.meatprocessingmachine.org\/?p=1448"},"modified":"2026-02-12T16:44:14","modified_gmt":"2026-02-12T08:44:14","slug":"meatball-making-machinemeatball-forming-machine","status":"publish","type":"product","link":"https:\/\/www.meatprocessingmachine.org\/pl\/meatball-making-machinemeatball-forming-machine.html","title":{"rendered":"Maszyna do robienia klops\u00f3w | Maszyna do formowania klops\u00f3w"},"content":{"rendered":"<div class=\"kk-star-ratings kksr-auto kksr-align-right kksr-valign-top\"     data-payload='{&quot;align&quot;:&quot;right&quot;,&quot;id&quot;:&quot;1448&quot;,&quot;slug&quot;:&quot;default&quot;,&quot;valign&quot;:&quot;top&quot;,&quot;ignore&quot;:&quot;&quot;,&quot;reference&quot;:&quot;auto&quot;,&quot;class&quot;:&quot;&quot;,&quot;count&quot;:&quot;0&quot;,&quot;legendonly&quot;:&quot;&quot;,&quot;readonly&quot;:&quot;&quot;,&quot;score&quot;:&quot;0&quot;,&quot;starsonly&quot;:&quot;&quot;,&quot;best&quot;:&quot;5&quot;,&quot;gap&quot;:&quot;5&quot;,&quot;greet&quot;:&quot;Rate this product&quot;,&quot;legend&quot;:&quot;0\\\/5 - (0 votes)&quot;,&quot;size&quot;:&quot;24&quot;,&quot;title&quot;:&quot;Meatball Making Machine | Meatball Forming Machine&quot;,&quot;width&quot;:&quot;0&quot;,&quot;_legend&quot;:&quot;{score}\\\/{best} - ({count} {votes})&quot;,&quot;font_factor&quot;:&quot;1.25&quot;}'>              <div class=\"kksr-stars\">      <div class=\"kksr-stars-inactive\">             <div class=\"kksr-star\" data-star=\"1\" style=\"padding-right: 5px\">               <div class=\"kksr-icon\" style=\"width: 24px; height: 24px;\"><\/div>         <\/div>             <div class=\"kksr-star\" data-star=\"2\" style=\"padding-right: 5px\">               <div class=\"kksr-icon\" style=\"width: 24px; height: 24px;\"><\/div>         <\/div>             <div class=\"kksr-star\" data-star=\"3\" style=\"padding-right: 5px\">               <div class=\"kksr-icon\" style=\"width: 24px; height: 24px;\"><\/div>         <\/div>             <div class=\"kksr-star\" data-star=\"4\" style=\"padding-right: 5px\">               <div class=\"kksr-icon\" style=\"width: 24px; height: 24px;\"><\/div>         <\/div>             <div class=\"kksr-star\" data-star=\"5\" style=\"padding-right: 5px\">               <div class=\"kksr-icon\" style=\"width: 24px; height: 24px;\"><\/div>         <\/div>     <\/div>      <div class=\"kksr-stars-active\" style=\"width: 0px;\">             <div class=\"kksr-star\" style=\"padding-right: 5px\">               <div class=\"kksr-icon\" style=\"width: 24px; height: 24px;\"><\/div>         <\/div>             <div class=\"kksr-star\" style=\"padding-right: 5px\">               <div class=\"kksr-icon\" style=\"width: 24px; height: 24px;\"><\/div>         <\/div>             <div class=\"kksr-star\" style=\"padding-right: 5px\">               <div class=\"kksr-icon\" style=\"width: 24px; height: 24px;\"><\/div>         <\/div>             <div class=\"kksr-star\" style=\"padding-right: 5px\">               <div class=\"kksr-icon\" style=\"width: 24px; height: 24px;\"><\/div>         <\/div>             <div class=\"kksr-star\" style=\"padding-right: 5px\">               <div class=\"kksr-icon\" style=\"width: 24px; height: 24px;\"><\/div>         <\/div>     <\/div> <\/div>                   <div class=\"kksr-legend\" style=\"font-size: 19.2px;\">             <span class=\"kksr-muted\">Oce\u0144 ten produkt<\/span>     <\/div>     <\/div>  <p>Maszyna do robienia klopsik\u00f3w to urz\u0105dzenie, kt\u00f3re mo\u017ce formowa\u0107 klopsiki w kszta\u0142t kul. Maszyna komercyjna do klopsik\u00f3w mo\u017ce u\u017cywa\u0107 wielu surowc\u00f3w. Mo\u017cesz u\u017cywa\u0107 r\u00f3\u017cnych rodzaj\u00f3w mi\u0119sa, takich jak wieprzowina, wo\u0142owina, jagni\u0119cina, ryby i owoce morza. Mo\u017cesz tak\u017ce doda\u0107 ziemniaki i inne warzywa. <\/p>    <p>Ponadto, maszyna do klopsik\u00f3w symuluje zasad\u0119 sztucznej produkcji klopsik\u00f3w. Po ich przygotowaniu s\u0105 g\u0142\u0119boko sma\u017cone lub gotowane na parze, aby przygotowa\u0107 jedzenie. Nasza komercyjna maszyna do klopsik\u00f3w mo\u017ce pom\u00f3c Ci w przygotowaniu r\u00f3\u017cnych smak\u00f3w klopsik\u00f3w. Szczeg\u00f3\u0142owo opiszemy t\u0119 maszyn\u0119 w tym artykule.<\/p>    <figure class=\"wp-block-image size-large\"><img loading=\"lazy\" decoding=\"async\" width=\"750\" height=\"750\" src=\"https:\/\/www.meatprocessingmachine.org\/wp-content\/uploads\/2021\/06\/6-1.jpg\" alt=\"Maszyna do produkcji klopsik\u00f3w\" class=\"wp-image-1460\" title=\"\" srcset=\"https:\/\/www.meatprocessingmachine.org\/wp-content\/uploads\/2021\/06\/6-1.jpg 750w, https:\/\/www.meatprocessingmachine.org\/wp-content\/uploads\/2021\/06\/6-1-300x300.jpg 300w, https:\/\/www.meatprocessingmachine.org\/wp-content\/uploads\/2021\/06\/6-1-150x150.jpg 150w\" sizes=\"auto, (max-width: 750px) 100vw, 750px\" \/><figcaption><\/figcaption><\/figure>    <h2 class=\"wp-block-heading\">Pokaz wideo formowania klopsik\u00f3w<\/h2>    <figure class=\"wp-block-embed is-type-video is-provider-youtube wp-block-embed-youtube wp-embed-aspect-4-3 wp-has-aspect-ratio\"><div class=\"wp-block-embed__wrapper\"> <iframe loading=\"lazy\" title=\"Maszyna do produkcji klopsik\u00f3w|Maszyna do formowania klopsik\u00f3w|Maszyna do klopsik\u00f3w\" width=\"500\" height=\"375\" src=\"https:\/\/www.youtube.com\/embed\/kp1zxVYV68g?feature=oembed\" frameborder=\"0\" allow=\"accelerometer; autoplay; clipboard-write; encrypted-media; gyroscope; picture-in-picture; web-share\" referrerpolicy=\"strict-origin-when-cross-origin\" allowfullscreen><\/iframe> <\/div><figcaption class=\"wp-element-caption\">Meatball Making <\/figcaption><\/figure>    <h2 class=\"wp-block-heading\" id=\"h-advantages-of-meatball-machine\">Zalety maszyny do robienia klopsik\u00f3w<\/h2>    <ol class=\"wp-block-list\"> <li>Kulki maj\u0105 dobr\u0105 elastyczno\u015b\u0107 i nie rozpadaj\u0105 si\u0119 po d\u0142ugim gotowaniu<\/li>    <li>\u015arednica kulek jest regulowana<\/li>    <li>Pr\u0119dko\u015b\u0107 wyp\u0142ywaj\u0105cych kulek jest regulowana<\/li>    <li>Maszyna jest wykonana ze stali nierdzewnej, co jest bezpieczniejsze i bardziej trwa\u0142e<\/li>    <li>Maszyna zajmuje ma\u0142o miejsca i mo\u017ce by\u0107 elastycznie ustawiona<\/li> <\/ol>    <figure class=\"wp-block-image size-large\"><img loading=\"lazy\" decoding=\"async\" width=\"750\" height=\"419\" src=\"https:\/\/www.meatprocessingmachine.org\/wp-content\/uploads\/2021\/06\/meatball-machine-9.jpg\" alt=\"\" class=\"wp-image-1469\" title=\"\" srcset=\"https:\/\/www.meatprocessingmachine.org\/wp-content\/uploads\/2021\/06\/meatball-machine-9.jpg 750w, https:\/\/www.meatprocessingmachine.org\/wp-content\/uploads\/2021\/06\/meatball-machine-9-300x168.jpg 300w\" sizes=\"auto, (max-width: 750px) 100vw, 750px\" \/><figcaption><\/figcaption><\/figure>    <h2 class=\"wp-block-heading\" id=\"h-what-are-the-raw-materials-for-making-meatballs\">Jakie s\u0105 surowce do produkcji klopsik\u00f3w?<\/h2>    <p class=\"translation-block\">Surowce do produkcji klopsik\u00f3w s\u0105 bardzo r\u00f3\u017cnorodne. Mog\u0105 to by\u0107 wieprzowina, wo\u0142owina, jagni\u0119cina, ryby, itp. jako g\u0142\u00f3wne sk\u0142adniki. Mo\u017cesz tak\u017ce doda\u0107 r\u00f3\u017cne sk\u0142adniki, takie jak bu\u0142ka tarta, cebula, <a href=\"https:\/\/en.wikipedia.org\/wiki\/Cheese\" target=\"_blank\" rel=\"noopener\">ser<\/a>, lub mas\u0142o. Ze wzgl\u0119du na du\u017c\u0105 swobod\u0119 dodawania surowc\u00f3w, klopsiki mo\u017cna dostosowa\u0107 do lokalnych cech regionu.<\/p>    <h2 class=\"wp-block-heading\" id=\"h-meatball-machine-use-steps\">Maszyna do robienia klopsik\u00f3w u\u017cywa krok\u00f3w<\/h2>    <p>W\u0142o\u017cy\u0107 przygotowan\u0105 mas\u0119 mi\u0119sn\u0105 do cylindra maszyny do klopsik\u00f3w, a nast\u0119pnie w\u0142\u0105czy\u0107 maszyn\u0119. Klopsiki b\u0119d\u0105 automatycznie wyp\u0142ywa\u0107 z portu wyj\u015bciowego. Po wyj\u015bciu klopsik\u00f3w mo\u017cna je bezpo\u015brednio pod\u0142\u0105czy\u0107 do garnka do sma\u017cenia lub gotowania. Dodatkowo, mo\u017cna je pod\u0142\u0105czy\u0107 do podgrzewanego zbiornika na wod\u0119 do p\u00f3\u017aniejszego zamra\u017cania itp., co jest wygodne dla p\u00f3\u017aniejszej sprzeda\u017cy.<\/p>   <div class=\"wp-block-image\"> <figure class=\"aligncenter size-full\"><img loading=\"lazy\" decoding=\"async\" width=\"980\" height=\"375\" src=\"https:\/\/www.meatprocessingmachine.org\/wp-content\/uploads\/2021\/06\/meatball-forming-machine-details.webp\" alt=\"Szczeg\u00f3\u0142y maszyny do formowania klopsik\u00f3w\" class=\"wp-image-34396\" title=\"\" srcset=\"https:\/\/www.meatprocessingmachine.org\/wp-content\/uploads\/2021\/06\/meatball-forming-machine-details.webp 980w, https:\/\/www.meatprocessingmachine.org\/wp-content\/uploads\/2021\/06\/meatball-forming-machine-details-300x115.webp 300w, https:\/\/www.meatprocessingmachine.org\/wp-content\/uploads\/2021\/06\/meatball-forming-machine-details-768x294.webp 768w, https:\/\/www.meatprocessingmachine.org\/wp-content\/uploads\/2021\/06\/meatball-forming-machine-details-18x7.webp 18w\" sizes=\"auto, (max-width: 980px) 100vw, 980px\" \/><figcaption class=\"wp-element-caption\">Meatball Forming Machine Details<\/figcaption><\/figure> <\/div>   <h2 class=\"wp-block-heading\" id=\"h-two-types-of-meatball-machines\">Dwa typy maszyn do formowania klopsik\u00f3w<\/h2>    <h3 class=\"wp-block-heading\" id=\"h-1-sandwich-meatballs\">Kanapkowe klopsiki<\/h3>    <p>Maszyna do formowania kanapkowych klopsik\u00f3w mo\u017ce nadziewa\u0107 i wk\u0142ada\u0107 nadzienie do kulek. Sk\u00f3ra kulek mo\u017ce by\u0107 r\u00f3\u017cna od nadzienia w \u015brodku. Taki klopsik ma bogatszy smak. Maszyna dzia\u0142a dwoma szczelinami jednocze\u015bnie, co pozwala na nadziewanie.<\/p>    <figure class=\"wp-block-image size-large\"><img loading=\"lazy\" decoding=\"async\" width=\"750\" height=\"617\" src=\"https:\/\/www.meatprocessingmachine.org\/wp-content\/uploads\/2021\/06\/meatball-machine-2.jpg\" alt=\"Maszyna do wi\u0105zania kie\u0142bas\" class=\"wp-image-1458\" title=\"\" srcset=\"https:\/\/www.meatprocessingmachine.org\/wp-content\/uploads\/2021\/06\/meatball-machine-2.jpg 750w, https:\/\/www.meatprocessingmachine.org\/wp-content\/uploads\/2021\/06\/meatball-machine-2-300x247.jpg 300w\" sizes=\"auto, (max-width: 750px) 100vw, 750px\" \/><figcaption><\/figcaption><\/figure>    <h3 class=\"wp-block-heading\" id=\"h-2-solid-meatball-machine\">Solidna maszyna do klopsik\u00f3w<\/h3>    <p>Solidna maszyna do formowania klopsik\u00f3w ma tylko jeden kube\u0142. Oczywi\u015bcie, wszystkie klopsiki s\u0105 surowym materia\u0142em, wi\u0119c przy zakupie maszyny mo\u017cna wybra\u0107 odpowiedni\u0105 do swoich produkt\u00f3w.<\/p>    <h2 class=\"wp-block-heading\" id=\"h-meatball-machine-parameters\">Parametry maszyny do robienia klopsik\u00f3w<\/h2>    <ul class=\"wp-block-list\"> <li>Rozmiar: 850*650*1750mm<\/li>    <li>Waga: 125kg<\/li>    <li>Napi\u0119cie: 220v\/380v 50hz<\/li>    <li>Moc: 3kw<\/li>    <li>\u015arednica: mniej ni\u017c 40mm<\/li>    <li>Mo\u017cliwo\u015b\u0107 produkcji wo\u0142owych klopsik\u00f3w Pojemno\u015b\u0107: 500-600 szt.\/min<\/li>    <li>Rozmiar formy: 18 20 22 24 26 mm (maszyna zawiera 3 sztuki form)<\/li> <\/ul>    <h2 class=\"wp-block-heading\" id=\"h-precautions-for-making-meatballs\">\u015arodki ostro\u017cno\u015bci przy robieniu klopsik\u00f3w<\/h2>    <ul class=\"wp-block-list\"> <li>Maszyna do robienia klopsik\u00f3w powinna by\u0107 umieszczona w stabilnym miejscu, a zasilanie i uziemienie powinny by\u0107 zainstalowane dla zapewnienia bezpiecze\u0144stwa.<\/li>    <li>Przed u\u017cyciem wyczy\u015bci\u0107, najpierw uruchomi\u0107 maszyn\u0119 na sucho i obserwowa\u0107 normaln\u0105 prac\u0119, zanim zacznie dzia\u0142a\u0107.<\/li>    <li>Umie\u015bci\u0107 du\u017c\u0105 misk\u0119 przy ustach do klopsik\u00f3w, a nast\u0119pnie nape\u0142ni\u0107 j\u0105 ciep\u0142\u0105 wod\u0105, odpowiednia temperatura to 60~70 stopni Celsjusza.<\/li>    <li>Waga produktu wynosi 8-25 gram\u00f3w\/sztuk\u0119, a ilo\u015b\u0107 nadzienia i pr\u0119dko\u015b\u0107 produkcji mog\u0105 by\u0107 automatycznie regulowane. Maksymalna wydajno\u015b\u0107 si\u0119ga 200-300 kg\/h, co odpowiada wydajno\u015bci 12 do 18 pracownik\u00f3w jednocze\u015bnie.<\/li>    <li>Struktura automatyzacji jest rozs\u0105dna i mo\u017ce by\u0107 obs\u0142ugiwana przez jedn\u0105 lub dwie osoby.<\/li> <\/ul>    <h2 class=\"wp-block-heading\" id=\"h-related-meat-machines\">Powi\u0105zane maszyny mi\u0119sne<\/h2>    <div class=\"wp-block-columns is-layout-flex wp-container-core-columns-is-layout-9d6595d7 wp-block-columns-is-layout-flex\"> <div class=\"wp-block-column is-layout-flow wp-block-column-is-layout-flow\"> <figure class=\"wp-block-image size-full\"><a href=\"https:\/\/www.meatprocessingmachine.org\/pl\/chicken-breast-slicer-machine-meat-cutting-machinery-for-meat-slices-strips.html\/\"><img loading=\"lazy\" decoding=\"async\" width=\"720\" height=\"540\" src=\"https:\/\/www.meatprocessingmachine.org\/wp-content\/uploads\/2021\/12\/Chicken-breast-cutter-machine.png\" alt=\"Maszyna do suszenia mi\u0119sa | Maszyna do suszenia wo\u0142owiny\" class=\"wp-image-32518\" title=\"\" srcset=\"https:\/\/www.meatprocessingmachine.org\/wp-content\/uploads\/2021\/12\/Chicken-breast-cutter-machine.png 720w, https:\/\/www.meatprocessingmachine.org\/wp-content\/uploads\/2021\/12\/Chicken-breast-cutter-machine-300x225.png 300w\" sizes=\"auto, (max-width: 720px) 100vw, 720px\" \/><\/a><figcaption class=\"wp-element-caption\">Maszyna do krojenia piersi z kurczaka<\/figcaption><\/figure> <\/div>    <div class=\"wp-block-column is-layout-flow wp-block-column-is-layout-flow\"> <figure class=\"wp-block-image size-full\"><a href=\"https:\/\/www.meatprocessingmachine.org\/pl\/how-about-fish-fillet-machine-for-salmon.html\/\"><img loading=\"lazy\" decoding=\"async\" width=\"720\" height=\"540\" src=\"https:\/\/www.meatprocessingmachine.org\/wp-content\/uploads\/2022\/01\/fish-filleting-machine-.png\" alt=\"Maszyna do filetowania ryb\" class=\"wp-image-32567\" title=\"\" srcset=\"https:\/\/www.meatprocessingmachine.org\/wp-content\/uploads\/2022\/01\/fish-filleting-machine-.png 720w, https:\/\/www.meatprocessingmachine.org\/wp-content\/uploads\/2022\/01\/fish-filleting-machine--300x225.png 300w\" sizes=\"auto, (max-width: 720px) 100vw, 720px\" \/><\/a><figcaption class=\"wp-element-caption\">Maszyna do filetowania ryb<\/figcaption><\/figure> <\/div> <\/div>","protected":false},"excerpt":{"rendered":"<p>Maszyna do robienia klops\u00f3w to urz\u0105dzenie, kt\u00f3re mo\u017ce uformowa\u0107 klopsy w kszta\u0142t kulki. Mo\u017cesz u\u017cywa\u0107 r\u00f3\u017cnych mi\u0119s i warzyw jako surowc\u00f3w.<\/p>","protected":false},"author":1,"featured_media":1660,"parent":0,"template":"","product-type":[582,583,584,598],"class_list":["post-1448","product","type-product","status-publish","has-post-thumbnail","hentry","product-type-cattle-sheep","product-type-chicken-turkey","product-type-fish","product-type-supporting-auxiliary-equipment"],"_links":{"self":[{"href":"https:\/\/www.meatprocessingmachine.org\/pl\/wp-json\/wp\/v2\/product\/1448","targetHints":{"allow":["GET"]}}],"collection":[{"href":"https:\/\/www.meatprocessingmachine.org\/pl\/wp-json\/wp\/v2\/product"}],"about":[{"href":"https:\/\/www.meatprocessingmachine.org\/pl\/wp-json\/wp\/v2\/types\/product"}],"author":[{"embeddable":true,"href":"https:\/\/www.meatprocessingmachine.org\/pl\/wp-json\/wp\/v2\/users\/1"}],"wp:featuredmedia":[{"embeddable":true,"href":"https:\/\/www.meatprocessingmachine.org\/pl\/wp-json\/wp\/v2\/media\/1660"}],"wp:attachment":[{"href":"https:\/\/www.meatprocessingmachine.org\/pl\/wp-json\/wp\/v2\/media?parent=1448"}],"wp:term":[{"taxonomy":"product-type","embeddable":true,"href":"https:\/\/www.meatprocessingmachine.org\/pl\/wp-json\/wp\/v2\/product-type?post=1448"}],"curies":[{"name":"wp","href":"https:\/\/api.w.org\/{rel}","templated":true}]}}