{"id":152,"date":"2018-10-25T06:53:40","date_gmt":"2018-10-24T22:53:40","guid":{"rendered":"http:\/\/www.meatprocessingmachine.org\/?p=152"},"modified":"2026-02-12T16:11:00","modified_gmt":"2026-02-12T08:11:00","slug":"meat-smoking-oven","status":"publish","type":"product","link":"https:\/\/www.meatprocessingmachine.org\/pl\/meat-smoking-oven.html","title":{"rendered":"Automatyczna maszyna do w\u0119dzenia mi\u0119sa do w\u0119dzenia ryb, kie\u0142basy"},"content":{"rendered":"<div class=\"kk-star-ratings kksr-auto kksr-align-right kksr-valign-top\"     data-payload='{&quot;align&quot;:&quot;right&quot;,&quot;id&quot;:&quot;152&quot;,&quot;slug&quot;:&quot;default&quot;,&quot;valign&quot;:&quot;top&quot;,&quot;ignore&quot;:&quot;&quot;,&quot;reference&quot;:&quot;auto&quot;,&quot;class&quot;:&quot;&quot;,&quot;count&quot;:&quot;0&quot;,&quot;legendonly&quot;:&quot;&quot;,&quot;readonly&quot;:&quot;&quot;,&quot;score&quot;:&quot;0&quot;,&quot;starsonly&quot;:&quot;&quot;,&quot;best&quot;:&quot;5&quot;,&quot;gap&quot;:&quot;5&quot;,&quot;greet&quot;:&quot;Rate this product&quot;,&quot;legend&quot;:&quot;0\\\/5 - (0 votes)&quot;,&quot;size&quot;:&quot;24&quot;,&quot;title&quot;:&quot;Automatic meat smoking machine for smoking fish, sausage&quot;,&quot;width&quot;:&quot;0&quot;,&quot;_legend&quot;:&quot;{score}\\\/{best} - ({count} {votes})&quot;,&quot;font_factor&quot;:&quot;1.25&quot;}'>              <div class=\"kksr-stars\">      <div class=\"kksr-stars-inactive\">             <div class=\"kksr-star\" data-star=\"1\" style=\"padding-right: 5px\">               <div class=\"kksr-icon\" style=\"width: 24px; height: 24px;\"><\/div>         <\/div>             <div class=\"kksr-star\" data-star=\"2\" style=\"padding-right: 5px\">               <div class=\"kksr-icon\" style=\"width: 24px; height: 24px;\"><\/div>         <\/div>             <div class=\"kksr-star\" data-star=\"3\" style=\"padding-right: 5px\">               <div class=\"kksr-icon\" style=\"width: 24px; height: 24px;\"><\/div>         <\/div>             <div class=\"kksr-star\" data-star=\"4\" style=\"padding-right: 5px\">               <div class=\"kksr-icon\" style=\"width: 24px; height: 24px;\"><\/div>         <\/div>             <div class=\"kksr-star\" data-star=\"5\" style=\"padding-right: 5px\">               <div class=\"kksr-icon\" style=\"width: 24px; height: 24px;\"><\/div>         <\/div>     <\/div>      <div class=\"kksr-stars-active\" style=\"width: 0px;\">             <div class=\"kksr-star\" style=\"padding-right: 5px\">               <div class=\"kksr-icon\" style=\"width: 24px; height: 24px;\"><\/div>         <\/div>             <div class=\"kksr-star\" style=\"padding-right: 5px\">               <div class=\"kksr-icon\" style=\"width: 24px; height: 24px;\"><\/div>         <\/div>             <div class=\"kksr-star\" style=\"padding-right: 5px\">               <div class=\"kksr-icon\" style=\"width: 24px; height: 24px;\"><\/div>         <\/div>             <div class=\"kksr-star\" style=\"padding-right: 5px\">               <div class=\"kksr-icon\" style=\"width: 24px; height: 24px;\"><\/div>         <\/div>             <div class=\"kksr-star\" style=\"padding-right: 5px\">               <div class=\"kksr-icon\" style=\"width: 24px; height: 24px;\"><\/div>         <\/div>     <\/div> <\/div>                   <div class=\"kksr-legend\" style=\"font-size: 19.2px;\">             <span class=\"kksr-muted\">Oce\u0144 ten produkt<\/span>     <\/div>     <\/div>  <p class=\"translation-block\">Automatyczna <strong>maszyna do w\u0119dzenia mi\u0119sa<\/strong> posiada funkcje gotowania, suszenia, w\u0119dzenia, czyszczenia i ochrony bezpiecze\u0144stwa. Unikalny system cyrkulacji powietrza w <a href=\"https:\/\/www.meatprocessingmachine.org\/pl\/info\/food-smoking-machine-introduction\/\" data-type=\"URL\" data-id=\"https:\/\/www.meatprocessingmachine.org\/info\/food-smoking-machine-introduction\/\">piekarniku w\u0119dzarniczym<\/a> skutecznie zapewnia sta\u0142o\u015b\u0107 temperatury i wilgotno\u015bci podczas pieczenia, gotowania, suszenia, w\u0119dzenia i innych proces\u00f3w produktu, co zapewnia kolor i wygl\u0105d produktu. Ta maszyna do w\u0119dzenia mi\u0119sa stosuje si\u0119 do w\u0119dzenia ryb, kurczak\u00f3w, kie\u0142bas i innych mi\u0119s.<\/p>    <h2 class=\"wp-block-heading\" id=\"h-industrial-meat-smoking-machine-overview\">Przegl\u0105d przemys\u0142owej maszyny do w\u0119dzenia mi\u0119sa<\/h2>    <p class=\"translation-block\"><strong>Zastosowanie<\/strong>: Maszyna do w\u0119dzenia mi\u0119sa jest g\u0142\u00f3wnie u\u017cywana do w\u0119dzenia, barwienia i nadania smaku r\u00f3\u017cnym rodzajom mi\u0119sa. <a href=\"https:\/\/www.meatprocessingmachine.org\/pl\/info\/what-food-items-can-you-smoke\/\" data-type=\"URL\" data-id=\"https:\/\/www.meatprocessingmachine.org\/info\/what-food-items-can-you-smoke\/\">Mo\u017ce by\u0107 stosowana do r\u00f3\u017cnych kie\u0142bas, ryb, kurczak\u00f3w, sera i innych produkt\u00f3w.<\/a><\/p>    <p class=\"translation-block\"><strong>Metoda ogrzewania<\/strong>: ogrzewanie elektryczne, ogrzewanie parowe<\/p>    <p class=\"translation-block\"><strong>Metoda w\u0119dzenia<\/strong>: w\u0119dzenie od wewn\u0105trz, od zewn\u0105trz<\/p>    <p class=\"translation-block\"><strong>Metoda w\u0119dzenia<\/strong>: zimne w\u0119dzenie, gor\u0105ce w\u0119dzenie, ciep\u0142e w\u0119dzenie<\/p>    <p class=\"translation-block\"><strong>Struktura sk\u0142adowa<\/strong>: Maszyna obejmuje g\u0142\u00f3wnie komor\u0119 pieca, system grzewczy, system cyrkulacji powietrza i system sterowania elektrycznego.<\/p>    <p class=\"translation-block\"><strong>Funkcja<\/strong>: maszyna ma funkcje ogrzewania, suszenia, w\u0119dzenia, odprowadzania itp.<\/p>    <figure class=\"wp-block-image size-full\"><img loading=\"lazy\" decoding=\"async\" width=\"750\" height=\"750\" src=\"https:\/\/www.meatprocessingmachine.org\/wp-content\/uploads\/2021\/08\/smoking-machine-2.jpg\" alt=\"Wysy\u0142ka maszyny do w\u0119dzenia\" class=\"wp-image-1791\" title=\"\" srcset=\"https:\/\/www.meatprocessingmachine.org\/wp-content\/uploads\/2021\/08\/smoking-machine-2.jpg 750w, https:\/\/www.meatprocessingmachine.org\/wp-content\/uploads\/2021\/08\/smoking-machine-2-300x300.jpg 300w, https:\/\/www.meatprocessingmachine.org\/wp-content\/uploads\/2021\/08\/smoking-machine-2-150x150.jpg 150w\" sizes=\"auto, (max-width: 750px) 100vw, 750px\" \/><figcaption class=\"wp-element-caption\">Maszyna do w\u0119dzenia<\/figcaption><\/figure>    <h2 class=\"wp-block-heading\" id=\"h-automatic-meat-smoking-oven-working-principle\">Zasada dzia\u0142ania automatycznego pieca do w\u0119dzenia mi\u0119sa<\/h2>    <p>Piec do w\u0119dzenia mi\u0119sa jest sterowany przez komputer. Ma wiele parametr\u00f3w wy\u015bwietlanych na ekranie interfejsu, aby monitorowa\u0107 stan operacji. Mo\u017ce realizowa\u0107 zdalne sterowanie. I ma funkcje drukowania przepis\u00f3w, krzywych temperatury i wilgotno\u015bci, oraz przechowuje 100 proces\u00f3w przepis\u00f3w w maszynie.<\/p>    <h2 class=\"wp-block-heading\" id=\"h-commercial-fish-smoking-machine-technical\">Technologia przemys\u0142owej maszyny do w\u0119dzenia mi\u0119sa<\/h2>    <figure class=\"wp-block-table\"><table><tbody><tr><td>Model<\/td><td>Rozmiar<\/td><td>Pojemno\u015b\u0107<\/td><td>zasilanie (V\/Hz): 380\/50<\/td><td>Waga<\/td><\/tr><tr><td>TZ30<\/td><td>800 * 800 * 1600<\/td><td>30kg<\/td><td>4,75 kW<\/td><td>330kg<\/td><\/tr><tr><td>TZ50<\/td><td>1000 * 1000 * 1850<\/td><td>50kg<\/td><td>6,5 kW<\/td><td>400kg<\/td><\/tr><tr><td>TZ100<\/td><td>1380 * 1340 * 1950<\/td><td>100kg<\/td><td>12,5 kW<\/td><td>750kg<\/td><\/tr><tr><td>TZ250<\/td><td>1350 * 1510 * 3000<\/td><td>250kg<\/td><td>5,5 kW<\/td><td>1900kg<\/td><\/tr><tr><td>TZ500<\/td><td>2400 * 1510 * 3000<\/td><td>500kg<\/td><td>10 kW<\/td><td>2800kg<\/td><\/tr><\/tbody><\/table><figcaption class=\"wp-element-caption\">Maszyna do w\u0119dzenia mi\u0119sa<\/figcaption><\/figure>    <hr class=\"wp-block-separator has-css-opacity\"\/>    <figure class=\"wp-block-image size-full is-resized\"><img loading=\"lazy\" decoding=\"async\" src=\"https:\/\/www.meatprocessingmachine.org\/wp-content\/uploads\/2021\/08\/smoking-food.jpg\" alt=\"smoking food\" class=\"wp-image-1792\" style=\"width:720px;height:540px\" width=\"720\" height=\"540\" title=\"\"><figcaption class=\"wp-element-caption\">W\u0119dzenie jedzenia<\/figcaption><\/figure>    <h2 class=\"wp-block-heading\" id=\"h-industrial-meat-smoking-machine-advantages\">Zalety przemys\u0142owej maszyny do w\u0119dzenia mi\u0119sa<\/h2>    <ul class=\"wp-block-list\"> <li>Nie zawiera 3, 4-<a href=\"https:\/\/en.wikipedia.org\/wiki\/Benzopyrene\" target=\"_blank\" rel=\"noopener\">benzo[a]piren <\/a>karcynogeny, wi\u0119c w\u0119dzone jedzenie jest bezpieczne i niezawodne;<\/li>    <li>Zmniejsza inwestycje w tradycyjne metody w zak\u0142adzie, sprz\u0119t i inne aspekty;<\/li>    <li>Piec do w\u0119dzenia mi\u0119sa mo\u017ce realizowa\u0107 mechanizacj\u0119, elektryfikacj\u0119, ci\u0105g\u0142e operacje produkcyjne i znacznie poprawi\u0107 wydajno\u015b\u0107 produkcji.<\/li>    <li>Ta <a href=\"https:\/\/www.meatprocessingmachine.org\/pl\/info\/price-of-meat-smoker-machine\/\">Cena maszyny do w\u0119dzenia mi\u0119sa<\/a> jest op\u0142acalny.<\/li>    <li>Jej technologia produkcji jest prosta, \u0142atwa w obs\u0142udze, ma kr\u00f3tki czas w\u0119dzenia i niskie nak\u0142ady pracy, nie zanieczyszcza \u015brodowiska. W\u0119dzone mi\u0119so charakteryzuje si\u0119 odporno\u015bci\u0105 na korozj\u0119, \u015bwie\u017co\u015bci\u0105 i zachowaniem jako\u015bci.<\/li> <\/ul>    <h2 class=\"wp-block-heading\" id=\"h-structure-description\">Opis struktury<\/h2>    <figure class=\"wp-block-image size-large is-resized\"><img loading=\"lazy\" decoding=\"async\" src=\"https:\/\/www.meatprocessingmachine.org\/wp-content\/uploads\/2021\/08\/smoking-machine-details-1-702x1024.jpg\" alt=\"smoking machine details\" class=\"wp-image-1795\" style=\"width:735px;height:1072px\" width=\"735\" height=\"1072\" title=\"\" srcset=\"https:\/\/www.meatprocessingmachine.org\/wp-content\/uploads\/2021\/08\/smoking-machine-details-1-702x1024.jpg 702w, https:\/\/www.meatprocessingmachine.org\/wp-content\/uploads\/2021\/08\/smoking-machine-details-1-206x300.jpg 206w, https:\/\/www.meatprocessingmachine.org\/wp-content\/uploads\/2021\/08\/smoking-machine-details-1.jpg 750w\" sizes=\"auto, (max-width: 735px) 100vw, 735px\" \/><figcaption class=\"wp-element-caption\">Szczeg\u00f3\u0142y maszyny do w\u0119dzenia<\/figcaption><\/figure>    <p>Maszyna sk\u0142ada si\u0119 z komory pieca, systemu grzewczego, systemu cyrkulacji powietrza, systemu dymu i systemu sterowania elektrycznego.<\/p>    <p><br>1. Komora pieca: wszystkie elementy w komorze pieca i zewn\u0119trzna \u015bciana s\u0105 wykonane ze stali nierdzewnej, odpornej na korozj\u0119.<\/p>    <p>2. System grzewczy elektryczny: sk\u0142ada si\u0119 z gotowania i suszenia. Cz\u0119\u015b\u0107 susz\u0105ca: w\u0142\u0105cza si\u0119 elektryczne ogrzewanie, gor\u0105cy gaz wymienia ciep\u0142o przez wymiennik ciep\u0142a w piecu, a produkty w piecu s\u0105 pieczone. Cz\u0119\u015b\u0107 gotowania: jest podawana przez zewn\u0119trzny system parowy i bezpo\u015brednio podgrzewa produkty w piecu.<\/p>    <p>3. System cyrkulacji powietrza: na g\u00f3rze pieca znajduje si\u0119 wentylator elektryczny. Wysoka moc i du\u017ca obj\u0119to\u015b\u0107 powietrza zapewniaj\u0105 wzrost temperatury w piecu, r\u00f3wnomierne rozprowadzenie ciep\u0142a i stabiln\u0105 jako\u015b\u0107 produkt\u00f3w.<\/p>    <p>4. System dymu: umie\u015bci\u0107 w\u0119dzone pelletki drzewne na p\u0142ycie grzewczej w komorze dymnej, a wytworzony dym zostanie przes\u0142any do pieca, aby w\u0119dzi\u0107 produkty przez rur\u0119 dymow\u0105.<\/p>    <p>5. System sterowania elektrycznego: zastosuj zaawansowany interfejs cz\u0142owiek-maszyna i programowalny sterownik, pe\u0142na automatyka kontroli i monitorowania ka\u017cdego procesu, niezawodna praca i \u0142atwa obs\u0142uga, dobra odporno\u015b\u0107 na wod\u0119.<\/p>    <h2 class=\"wp-block-heading\" id=\"h-how-to-smoke-sausage-with-a-sausage-smoker\">Jak w\u0119dzi\u0107 kie\u0142bas\u0119 za pomoc\u0105 w\u0119dzarki do kie\u0142bas?<\/h2>    <figure class=\"wp-block-embed is-type-video is-provider-youtube wp-block-embed-youtube\"><div class=\"wp-block-embed__wrapper\"> <iframe loading=\"lazy\" title=\"Czy lubisz w\u0119dzi\u0107 jedzenie | Automatyczna maszyna do w\u0119dzenia mi\u0119sa do kie\u0142bas, kurczak\u00f3w i ryb\" width=\"500\" height=\"281\" src=\"https:\/\/www.youtube.com\/embed\/Cv3rWUK_TEc?start=2&#038;feature=oembed\" frameborder=\"0\" allow=\"accelerometer; autoplay; clipboard-write; encrypted-media; gyroscope; picture-in-picture; web-share\" referrerpolicy=\"strict-origin-when-cross-origin\" allowfullscreen><\/iframe> <\/div><\/figure>    <p>U\u017cywanie maszyny do w\u0119dzenia mi\u0119sa do w\u0119dzenia kie\u0142bas obejmuje g\u0142\u00f3wnie etap przygotowawczy i produkcj\u0119 w\u0142a\u015bciw\u0105. Przed rozpocz\u0119ciem pracy przygotowawczej odgrywa kluczow\u0105 rol\u0119 w procesie w\u0119dzenia ca\u0142ej kie\u0142basy.<\/p>    <h3 class=\"wp-block-heading\" id=\"h-preparation\">Przygotowanie<\/h3>    <ol class=\"wp-block-list\" type=\"1\"> <li>Przed uruchomieniem maszyny sprawd\u017a, czy wszystkie cz\u0119\u015bci maszyny s\u0105 lu\u017ane i nieprawid\u0142owe. Po potwierdzeniu, \u017ce cz\u0119\u015bci s\u0105 stabilne i nieuszkodzone, mo\u017cna rozpocz\u0105\u0107 przygotowania.<\/li>    <li>W\u0142o\u017cy\u0107 drewno do komory w\u0119dzarniczej, zapali\u0107 i zapewni\u0107, \u017ce dym przechodzi przez w\u0119dzarni\u0119.<\/li>    <li>Doda\u0107 czyst\u0105 wod\u0119 do systemu czyszczenia w\u0119dzarni, uruchomi\u0107 program czyszczenia, a pompa czyszcz\u0105ca zacznie dzia\u0142a\u0107.<\/li>    <li>Po wyczyszczeniu ca\u0142ej wn\u0119trza w\u0119dzarni, mo\u017cna w\u0142o\u017cy\u0107 kie\u0142bas\u0119 do w\u0119dzarni do w\u0119dzenia.<\/li> <\/ol>    <figure class=\"wp-block-image size-full is-resized\"><img loading=\"lazy\" decoding=\"async\" src=\"https:\/\/www.meatprocessingmachine.org\/wp-content\/uploads\/2021\/08\/smoking-machine-shipping.jpg\" alt=\"smoking machine shipping\" class=\"wp-image-1794\" style=\"width:590px;height:673px\" width=\"590\" height=\"673\" title=\"\" srcset=\"https:\/\/www.meatprocessingmachine.org\/wp-content\/uploads\/2021\/08\/smoking-machine-shipping.jpg 750w, https:\/\/www.meatprocessingmachine.org\/wp-content\/uploads\/2021\/08\/smoking-machine-shipping-263x300.jpg 263w\" sizes=\"auto, (max-width: 590px) 100vw, 590px\" \/><figcaption class=\"wp-element-caption\">Wysy\u0142ka maszyny do w\u0119dzenia<\/figcaption><\/figure>    <h3 class=\"wp-block-heading\" id=\"h-production-and-processing\">Produkcja i przetwarzanie<\/h3>    <p>W\u0119dzarnia korzysta z inteligentnego panelu sterowania do obs\u0142ugi r\u00f3\u017cnych etap\u00f3w maszyny. Dlatego klienci mog\u0105 ustawi\u0107 czas i etap w\u0119dzenia zgodnie z cechami surowc\u00f3w do w\u0119dzenia. Wprowad\u017a czas, temperatur\u0119 i inne wska\u017aniki na panelu sterowania, a maszyna b\u0119dzie dzia\u0142a\u0107 automatycznie. Po zako\u0144czeniu wszystkich zaprogramowanych etap\u00f3w w\u0119dzenia, maszyna automatycznie si\u0119 wy\u0142\u0105czy.<\/p>","protected":false},"excerpt":{"rendered":"<p>Przemys\u0142owa maszyna do w\u0119dzenia mi\u0119sa jest szeroko stosowana w w\u0119dzeniu, barwieniu i nadawaniu smaku kie\u0142basom, rybom i innym mi\u0119som. U\u017cywa inteligentnego panelu sterowania PLC do kontrolowania ca\u0142ego procesu w\u0119dzenia.<\/p>","protected":false},"author":1,"featured_media":1798,"parent":0,"template":"","product-type":[584],"class_list":["post-152","product","type-product","status-publish","has-post-thumbnail","hentry","product-type-fish"],"_links":{"self":[{"href":"https:\/\/www.meatprocessingmachine.org\/pl\/wp-json\/wp\/v2\/product\/152","targetHints":{"allow":["GET"]}}],"collection":[{"href":"https:\/\/www.meatprocessingmachine.org\/pl\/wp-json\/wp\/v2\/product"}],"about":[{"href":"https:\/\/www.meatprocessingmachine.org\/pl\/wp-json\/wp\/v2\/types\/product"}],"author":[{"embeddable":true,"href":"https:\/\/www.meatprocessingmachine.org\/pl\/wp-json\/wp\/v2\/users\/1"}],"wp:featuredmedia":[{"embeddable":true,"href":"https:\/\/www.meatprocessingmachine.org\/pl\/wp-json\/wp\/v2\/media\/1798"}],"wp:attachment":[{"href":"https:\/\/www.meatprocessingmachine.org\/pl\/wp-json\/wp\/v2\/media?parent=152"}],"wp:term":[{"taxonomy":"product-type","embeddable":true,"href":"https:\/\/www.meatprocessingmachine.org\/pl\/wp-json\/wp\/v2\/product-type?post=152"}],"curies":[{"name":"wp","href":"https:\/\/api.w.org\/{rel}","templated":true}]}}