{"id":1635,"date":"2021-08-10T17:09:29","date_gmt":"2021-08-10T09:09:29","guid":{"rendered":"https:\/\/www.meatprocessingmachine.org\/?p=1635"},"modified":"2026-02-12T16:09:05","modified_gmt":"2026-02-12T08:09:05","slug":"dz-260-desktop-vacuum-packing-machine-for-sealing","status":"publish","type":"product","link":"https:\/\/www.meatprocessingmachine.org\/pl\/dz-260-desktop-vacuum-packing-machine-for-sealing.html","title":{"rendered":"DZ-260 Stolowa maszyna do pakowania pr\u00f3\u017cniowego do uszczelniania"},"content":{"rendered":"<div class=\"kk-star-ratings kksr-auto kksr-align-right kksr-valign-top\"     data-payload='{&quot;align&quot;:&quot;right&quot;,&quot;id&quot;:&quot;1635&quot;,&quot;slug&quot;:&quot;default&quot;,&quot;valign&quot;:&quot;top&quot;,&quot;ignore&quot;:&quot;&quot;,&quot;reference&quot;:&quot;auto&quot;,&quot;class&quot;:&quot;&quot;,&quot;count&quot;:&quot;0&quot;,&quot;legendonly&quot;:&quot;&quot;,&quot;readonly&quot;:&quot;&quot;,&quot;score&quot;:&quot;0&quot;,&quot;starsonly&quot;:&quot;&quot;,&quot;best&quot;:&quot;5&quot;,&quot;gap&quot;:&quot;5&quot;,&quot;greet&quot;:&quot;Rate this product&quot;,&quot;legend&quot;:&quot;0\\\/5 - (0 votes)&quot;,&quot;size&quot;:&quot;24&quot;,&quot;title&quot;:&quot;DZ-260 Desktop vacuum packing machine for sealing&quot;,&quot;width&quot;:&quot;0&quot;,&quot;_legend&quot;:&quot;{score}\\\/{best} - ({count} {votes})&quot;,&quot;font_factor&quot;:&quot;1.25&quot;}'>              <div class=\"kksr-stars\">      <div class=\"kksr-stars-inactive\">             <div class=\"kksr-star\" data-star=\"1\" style=\"padding-right: 5px\">               <div class=\"kksr-icon\" style=\"width: 24px; height: 24px;\"><\/div>         <\/div>             <div class=\"kksr-star\" data-star=\"2\" style=\"padding-right: 5px\">               <div class=\"kksr-icon\" style=\"width: 24px; height: 24px;\"><\/div>         <\/div>             <div class=\"kksr-star\" data-star=\"3\" style=\"padding-right: 5px\">               <div class=\"kksr-icon\" style=\"width: 24px; height: 24px;\"><\/div>         <\/div>             <div class=\"kksr-star\" data-star=\"4\" style=\"padding-right: 5px\">               <div class=\"kksr-icon\" style=\"width: 24px; height: 24px;\"><\/div>         <\/div>             <div class=\"kksr-star\" data-star=\"5\" style=\"padding-right: 5px\">               <div class=\"kksr-icon\" style=\"width: 24px; height: 24px;\"><\/div>         <\/div>     <\/div>      <div class=\"kksr-stars-active\" style=\"width: 0px;\">             <div class=\"kksr-star\" style=\"padding-right: 5px\">               <div class=\"kksr-icon\" style=\"width: 24px; height: 24px;\"><\/div>         <\/div>             <div class=\"kksr-star\" style=\"padding-right: 5px\">               <div class=\"kksr-icon\" style=\"width: 24px; height: 24px;\"><\/div>         <\/div>             <div class=\"kksr-star\" style=\"padding-right: 5px\">               <div class=\"kksr-icon\" style=\"width: 24px; height: 24px;\"><\/div>         <\/div>             <div class=\"kksr-star\" style=\"padding-right: 5px\">               <div class=\"kksr-icon\" style=\"width: 24px; height: 24px;\"><\/div>         <\/div>             <div class=\"kksr-star\" style=\"padding-right: 5px\">               <div class=\"kksr-icon\" style=\"width: 24px; height: 24px;\"><\/div>         <\/div>     <\/div> <\/div>                   <div class=\"kksr-legend\" style=\"font-size: 19.2px;\">             <span class=\"kksr-muted\">Oce\u0144 ten produkt<\/span>     <\/div>     <\/div>  <p class=\"translation-block\"> Przeno\u015bna maszyna do pakowania pr\u00f3\u017cniowego to urz\u0105dzenie, kt\u00f3re mo\u017ce odsysa\u0107 powietrze z materia\u0142\u00f3w. Przeno\u015bna maszyna do pakowania pr\u00f3\u017cniowego mo\u017ce by\u0107 stosowana zar\u00f3wno do produkt\u00f3w suchych, jak i mokrych, do \u017cywno\u015bci sta\u0142ej, p\u0142ynnej, proszkowej i pastowatej, zbo\u017ca, owoc\u00f3w, owoc\u00f3w konserwowych i chemikali\u00f3w. Komponent\u00f3w elektronicznych, precyzyjnych instrument\u00f3w, rzadkich metali itp. do pakowania pr\u00f3\u017cniowego. Pakowanie pr\u00f3\u017cniowe jest bardzo powszechne w \u017cyciu, ta metoda jest r\u00f3wnie\u017c prosta i praktyczna, i jest lubiana przez wielu producent\u00f3w. Ponadto mamy wiele typ\u00f3w <a href=\"https:\/\/www.meatprocessingmachine.org\/pl\/vacuum-packing-machine.html\/\">maszyn do pakowania pr\u00f3\u017cniowego<\/a> do wyboru.<\/p>    <h2 class=\"wp-block-heading\" id=\"h-how-to-use-desktop-vacuum-packing-machine\">Jak korzysta\u0107 z przeno\u015bnej maszyny do pakowania pr\u00f3\u017cniowego<\/h2>    <figure class=\"wp-block-embed is-type-video is-provider-youtube wp-block-embed-youtube\"><div class=\"wp-block-embed__wrapper\"> <iframe loading=\"lazy\" title=\"maszyna do pakowania pr\u00f3\u017cniowego | \u017cywno\u015b\u0107 Komora do uszczelniania pr\u00f3\u017cniowego\" width=\"500\" height=\"281\" src=\"https:\/\/www.youtube.com\/embed\/2CWP6Zl_GKg?start=8&#038;feature=oembed\" frameborder=\"0\" allow=\"accelerometer; autoplay; clipboard-write; encrypted-media; gyroscope; picture-in-picture; web-share\" referrerpolicy=\"strict-origin-when-cross-origin\" allowfullscreen><\/iframe> <\/div><\/figure>    <p>The use of vacuum packaging is very simple. First of all, you need to put the things to be packaged into the packaging bag, place the opening on the machine&#8217;s seal, and then turn on the switch, the machine will start working, and the machine will complete after extracting the air from the packaging bag. The predetermined vacuum degree, and finally the machine completes the sealing process.<\/p>    <h2 class=\"wp-block-heading\">Rola pakowania pr\u00f3\u017cniowego<\/h2>    <figure class=\"wp-block-image size-full\"><img loading=\"lazy\" decoding=\"async\" width=\"750\" height=\"934\" src=\"https:\/\/www.meatprocessingmachine.org\/wp-content\/uploads\/2021\/08\/product-of-vacuum-packing.jpg\" alt=\"product of vacuum packing\" class=\"wp-image-1639\" title=\"\" srcset=\"https:\/\/www.meatprocessingmachine.org\/wp-content\/uploads\/2021\/08\/product-of-vacuum-packing.jpg 750w, https:\/\/www.meatprocessingmachine.org\/wp-content\/uploads\/2021\/08\/product-of-vacuum-packing-241x300.jpg 241w\" sizes=\"auto, (max-width: 750px) 100vw, 750px\" \/><figcaption>Produkt do pakowania pr\u00f3\u017cniowego<\/figcaption><\/figure>    <p>G\u0142\u00f3wn\u0105 funkcj\u0105 pakowania pr\u00f3\u017cniowego jest przed\u0142u\u017cenie trwa\u0142o\u015bci \u017cywno\u015bci i zapobieganie ple\u015bnieniu oraz pogorszeniu. G\u0142\u00f3wn\u0105 funkcj\u0105 jest usuni\u0119cie tlenu z torby do pakowania, aby \u017cywno\u015b\u0107 mia\u0142a jak najmniejszy kontakt z tlenem, co zmniejsza tempo utleniania. Innym aspektem jest zapobieganie rozwojowi bakterii. W powietrzu jest wiele bakterii. Je\u015bli zapewni si\u0119 odpowiednie \u015brodowisko do ich wzrostu, bakterie b\u0119d\u0105 si\u0119 mno\u017cy\u0107 w kr\u00f3tkim czasie, przyspieszaj\u0105c psucie si\u0119 \u017cywno\u015bci. Ze wzgl\u0119du na dobr\u0105 szczelno\u015b\u0107, pakowanie pr\u00f3\u017cniowe mo\u017ce zapobiec utracie wilgoci i zachowa\u0107 pierwotny smak \u017cywno\u015bci, gdy jest ona pierwszym produktem. Dlatego pakowanie pr\u00f3\u017cniowe sta\u0142o si\u0119 nieod\u0142\u0105czn\u0105 cz\u0119\u015bci\u0105 \u017cycia.<\/p>    <figure class=\"wp-block-image size-full\"><img loading=\"lazy\" decoding=\"async\" width=\"750\" height=\"750\" src=\"https:\/\/www.meatprocessingmachine.org\/wp-content\/uploads\/2021\/08\/vacuum-packing-machine-2.jpg\" alt=\"maszyna do pakowania pr\u00f3\u017cniowego\" class=\"wp-image-1641\" title=\"\" srcset=\"https:\/\/www.meatprocessingmachine.org\/wp-content\/uploads\/2021\/08\/vacuum-packing-machine-2.jpg 750w, https:\/\/www.meatprocessingmachine.org\/wp-content\/uploads\/2021\/08\/vacuum-packing-machine-2-300x300.jpg 300w, https:\/\/www.meatprocessingmachine.org\/wp-content\/uploads\/2021\/08\/vacuum-packing-machine-2-150x150.jpg 150w\" sizes=\"auto, (max-width: 750px) 100vw, 750px\" \/><figcaption>Maszyna do pakowania pr\u00f3\u017cniowego<\/figcaption><\/figure>    <h2 class=\"wp-block-heading\">Parametry przeno\u015bnej maszyny do pakowania<\/h2>    <figure class=\"wp-block-table\"><table><tbody><tr><td>model<\/td><td>DZ260<\/td><\/tr><tr><td>zasilanie<\/td><td>220V \/110V  50\/60HZ<\/td><\/tr><tr><td>Moc pompy pr\u00f3\u017cniowej<\/td><td>370W<\/td><\/tr><tr><td>Moc uszczelniania<\/td><td>200 mm<\/td><\/tr><tr><td>Najni\u017csze absolutne ci\u015bnienie<\/td><td>1Kpa<\/td><\/tr><tr><td>Pozycja uszczelniania<\/td><td>1 sztuka (ta\u015bma uszczelniaj\u0105ca)<\/td><\/tr><tr><td>Rozmiar komory pr\u00f3\u017cniowej<\/td><td>340*300*50mm<\/td><\/tr><tr><td>Rozmiar uszczelnienia<\/td><td>260*8mm<\/td><\/tr><tr><td>waga<\/td><td>35KG<\/td><\/tr><tr><td>Rozmiar maszyny<\/td><td>480*330*360mm<\/td><\/tr><\/tbody><\/table><figcaption>Przeno\u015bna maszyna do pakowania pr\u00f3\u017cniowego<\/figcaption><\/figure>    <h2 class=\"wp-block-heading\">Zalety przeno\u015bnej maszyny do pakowania pr\u00f3\u017cniowego<\/h2>    <figure class=\"wp-block-image size-full\"><img loading=\"lazy\" decoding=\"async\" width=\"750\" height=\"831\" src=\"https:\/\/www.meatprocessingmachine.org\/wp-content\/uploads\/2021\/08\/Vacuum-packaging-machine-details.jpg\" alt=\"Szczeg\u00f3\u0142y maszyny do pakowania pr\u00f3\u017cniowego\" class=\"wp-image-1642\" title=\"\" srcset=\"https:\/\/www.meatprocessingmachine.org\/wp-content\/uploads\/2021\/08\/Vacuum-packaging-machine-details.jpg 750w, https:\/\/www.meatprocessingmachine.org\/wp-content\/uploads\/2021\/08\/Vacuum-packaging-machine-details-271x300.jpg 271w\" sizes=\"auto, (max-width: 750px) 100vw, 750px\" \/><figcaption>Szczeg\u00f3\u0142y maszyny do pakowania pr\u00f3\u017cniowego<\/figcaption><\/figure>    <p>1. Ta seria maszyn do pakowania pr\u00f3\u017cniowego mo\u017ce jednocze\u015bnie odsysa\u0107 powietrze, uszczelni\u0107, drukowa\u0107 i ch\u0142odzi\u0107. Ten produkt nadaje si\u0119 do pakowania pr\u00f3\u017cniowego \u017cywno\u015bci, lek\u00f3w, produkt\u00f3w wodnych, surowc\u00f3w chemicznych, komponent\u00f3w elektronicznych i innych produkt\u00f3w, aby zapobiec utlenianiu i ple\u015bnieniu. Przeciwdzia\u0142a korozji, wilgoci, zapewnia jako\u015b\u0107 i \u015bwie\u017co\u015b\u0107, przed\u0142u\u017ca okres przechowywania produkt\u00f3w.<\/p>    <p>2. Przeno\u015bna maszyna do pakowania pr\u00f3\u017cniowego ma cechy ma\u0142ych rozmiar\u00f3w, niskiego zu\u017cycia energii, kr\u00f3tkiego czasu pompowania itp., co jest odpowiednie do pakowania ma\u0142ych przedmiot\u00f3w.<\/p>    <p>3. System ma zalety precyzyjnej kontroli, silnej odporno\u015bci na zak\u0142\u00f3cenia i dobrej stabilno\u015bci. Wszystkie ustawienia s\u0105 bezpo\u015brednio ustawiane na panelu bez konieczno\u015bci regulacji innych komponent\u00f3w.<\/p>    <p>4. Przeno\u015bna maszyna do pakowania pr\u00f3\u017cniowego ma cechy ma\u0142ych rozmiar\u00f3w, niskiego zu\u017cycia energii, kr\u00f3tkiego czasu pompowania itp., co jest odpowiednie do pakowania ma\u0142ych przedmiot\u00f3w.<\/p>","protected":false},"excerpt":{"rendered":"<p>The desktop vacuum packaging machine is a machine that can vacuum materials. The desktop vacuum packaging machine can be applied to both dry and wet products, for solid, liquid, powder, and paste foods, grains, fruits, preserved fruits, and chemicals. Electronic components, precision instruments, rare metals, etc. for vacuum packaging. Vacuum packaging is very common in life, this method is also simple and practical, and is loved by many manufacturers. In addition, we also have many types of vacuum packaging machines to choose.<\/p>","protected":false},"author":1,"featured_media":1638,"parent":0,"template":"","product-type":[596],"class_list":["post-1635","product","type-product","status-publish","has-post-thumbnail","hentry","product-type-meat-packaging-equipment"],"_links":{"self":[{"href":"https:\/\/www.meatprocessingmachine.org\/pl\/wp-json\/wp\/v2\/product\/1635","targetHints":{"allow":["GET"]}}],"collection":[{"href":"https:\/\/www.meatprocessingmachine.org\/pl\/wp-json\/wp\/v2\/product"}],"about":[{"href":"https:\/\/www.meatprocessingmachine.org\/pl\/wp-json\/wp\/v2\/types\/product"}],"author":[{"embeddable":true,"href":"https:\/\/www.meatprocessingmachine.org\/pl\/wp-json\/wp\/v2\/users\/1"}],"wp:featuredmedia":[{"embeddable":true,"href":"https:\/\/www.meatprocessingmachine.org\/pl\/wp-json\/wp\/v2\/media\/1638"}],"wp:attachment":[{"href":"https:\/\/www.meatprocessingmachine.org\/pl\/wp-json\/wp\/v2\/media?parent=1635"}],"wp:term":[{"taxonomy":"product-type","embeddable":true,"href":"https:\/\/www.meatprocessingmachine.org\/pl\/wp-json\/wp\/v2\/product-type?post=1635"}],"curies":[{"name":"wp","href":"https:\/\/api.w.org\/{rel}","templated":true}]}}