{"id":1646,"date":"2021-08-12T17:23:30","date_gmt":"2021-08-12T09:23:30","guid":{"rendered":"https:\/\/www.meatprocessingmachine.org\/?p=1646"},"modified":"2026-02-12T16:00:37","modified_gmt":"2026-02-12T08:00:37","slug":"single-chamber-vacuum-packaging-machine","status":"publish","type":"product","link":"https:\/\/www.meatprocessingmachine.org\/pl\/single-chamber-vacuum-packaging-machine.html","title":{"rendered":"Maszyna do pakowania pr\u00f3\u017cniowego z jedn\u0105 komor\u0105 | Maszyna do uszczelniania pr\u00f3\u017cniowego"},"content":{"rendered":"<div class=\"kk-star-ratings kksr-auto kksr-align-right kksr-valign-top\"     data-payload='{&quot;align&quot;:&quot;right&quot;,&quot;id&quot;:&quot;1646&quot;,&quot;slug&quot;:&quot;default&quot;,&quot;valign&quot;:&quot;top&quot;,&quot;ignore&quot;:&quot;&quot;,&quot;reference&quot;:&quot;auto&quot;,&quot;class&quot;:&quot;&quot;,&quot;count&quot;:&quot;0&quot;,&quot;legendonly&quot;:&quot;&quot;,&quot;readonly&quot;:&quot;&quot;,&quot;score&quot;:&quot;0&quot;,&quot;starsonly&quot;:&quot;&quot;,&quot;best&quot;:&quot;5&quot;,&quot;gap&quot;:&quot;5&quot;,&quot;greet&quot;:&quot;Rate this product&quot;,&quot;legend&quot;:&quot;0\\\/5 - (0 votes)&quot;,&quot;size&quot;:&quot;24&quot;,&quot;title&quot;:&quot;Single chamber vacuum packaging machine | Vacuum sealing machine&quot;,&quot;width&quot;:&quot;0&quot;,&quot;_legend&quot;:&quot;{score}\\\/{best} - ({count} {votes})&quot;,&quot;font_factor&quot;:&quot;1.25&quot;}'>              <div class=\"kksr-stars\">      <div class=\"kksr-stars-inactive\">             <div class=\"kksr-star\" data-star=\"1\" style=\"padding-right: 5px\">               <div class=\"kksr-icon\" style=\"width: 24px; height: 24px;\"><\/div>         <\/div>             <div class=\"kksr-star\" data-star=\"2\" style=\"padding-right: 5px\">               <div class=\"kksr-icon\" style=\"width: 24px; height: 24px;\"><\/div>         <\/div>             <div class=\"kksr-star\" data-star=\"3\" style=\"padding-right: 5px\">               <div class=\"kksr-icon\" style=\"width: 24px; height: 24px;\"><\/div>         <\/div>             <div class=\"kksr-star\" data-star=\"4\" style=\"padding-right: 5px\">               <div class=\"kksr-icon\" style=\"width: 24px; height: 24px;\"><\/div>         <\/div>             <div class=\"kksr-star\" data-star=\"5\" style=\"padding-right: 5px\">               <div class=\"kksr-icon\" style=\"width: 24px; height: 24px;\"><\/div>         <\/div>     <\/div>      <div class=\"kksr-stars-active\" style=\"width: 0px;\">             <div class=\"kksr-star\" style=\"padding-right: 5px\">               <div class=\"kksr-icon\" style=\"width: 24px; height: 24px;\"><\/div>         <\/div>             <div class=\"kksr-star\" style=\"padding-right: 5px\">               <div class=\"kksr-icon\" style=\"width: 24px; height: 24px;\"><\/div>         <\/div>             <div class=\"kksr-star\" style=\"padding-right: 5px\">               <div class=\"kksr-icon\" style=\"width: 24px; height: 24px;\"><\/div>         <\/div>             <div class=\"kksr-star\" style=\"padding-right: 5px\">               <div class=\"kksr-icon\" style=\"width: 24px; height: 24px;\"><\/div>         <\/div>             <div class=\"kksr-star\" style=\"padding-right: 5px\">               <div class=\"kksr-icon\" style=\"width: 24px; height: 24px;\"><\/div>         <\/div>     <\/div> <\/div>                   <div class=\"kksr-legend\" style=\"font-size: 19.2px;\">             <span class=\"kksr-muted\">Oce\u0144 ten produkt<\/span>     <\/div>     <\/div>  <p class=\"translation-block\">Maszyna do pakowania pr\u00f3\u017cniowego z jedn\u0105 komor\u0105 mo\u017ce wyci\u0105ga\u0107 tlen z torby do pakowania, tworz\u0105c stan pr\u00f3\u017cniowy. Tym samym wyd\u0142u\u017ca si\u0119 okres przydatno\u015bci do spo\u017cycia \u017cywno\u015bci. Automatyczna maszyna do uszczelniania pr\u00f3\u017cniowego nadaje si\u0119 do pakowania produkt\u00f3w mi\u0119snych, <a href=\"https:\/\/en.wikipedia.org\/wiki\/Grain\" target=\"_blank\" rel=\"noopener\">zbo\u017ca<\/a>, lek\u00f3w itp. Przemys\u0142owa zgrzewarka pr\u00f3\u017cniowa mo\u017ce zapobiec ple\u015bnieniu \u017cywno\u015bci, zachowuj\u0105c jej oryginalny smak, zapewniaj\u0105c, \u017ce wilgo\u0107 \u017cywno\u015bci nie zostanie utracona.<\/p>    <h2 class=\"wp-block-heading\">Prezentacja pracy maszyny do pakowania pr\u00f3\u017cniowego z jedn\u0105 komor\u0105<\/h2>    <figure class=\"wp-block-embed is-type-video is-provider-youtube wp-block-embed-youtube\"><div class=\"wp-block-embed__wrapper\"> <iframe loading=\"lazy\" title=\"Przemys\u0142owe zgrzewarki pr\u00f3\u017cniowe | Maszyna do pakowania pr\u00f3\u017cniowego z jedn\u0105 komor\u0105 | Maszyna do pakowania\" width=\"500\" height=\"281\" src=\"https:\/\/www.youtube.com\/embed\/0tZFANYuKhw?feature=oembed\" frameborder=\"0\" allow=\"accelerometer; autoplay; clipboard-write; encrypted-media; gyroscope; picture-in-picture; web-share\" referrerpolicy=\"strict-origin-when-cross-origin\" allowfullscreen><\/iframe> <\/div><figcaption class=\"wp-element-caption\">Prezentacja pracy maszyny do pakowania pr\u00f3\u017cniowego<\/figcaption><\/figure>    <h2 class=\"wp-block-heading\">Cecha przemys\u0142owej zgrzewarki pr\u00f3\u017cniowej do komory<\/h2>    <ol class=\"wp-block-list\"> <li>Maszyna do pakowania pr\u00f3\u017cniowego z jedn\u0105 komor\u0105 u\u017cywa w pe\u0142ni przezroczystego plexiglasu, a sytuacj\u0119 pakowania mo\u017cna obserwowa\u0107 podczas pracy.<\/li>    <li>Maszyna do pakowania pr\u00f3\u017cniowego z jedn\u0105 komor\u0105 mo\u017ce wykona\u0107 kilka krok\u00f3w, takich jak odsysanie, uszczelnianie i drukowanie, za jednym razem.<\/li>    <li>Korpus jest ma\u0142y i \u0142atwy do przenoszenia.<\/li>    <li>Podczas uszczelniania mo\u017cna kontrolowa\u0107 temperatur\u0119 i w razie potrzeby dostosowa\u0107 j\u0105 do konkretnej sytuacji.<\/li> <\/ol>    <h2 class=\"wp-block-heading\">Parametry maszyny do pakowania pr\u00f3\u017cniowego z jedn\u0105 komor\u0105<\/h2>    <figure class=\"wp-block-table\"><table><tbody><tr><td>Model<\/td><td>DZ400\/2E<\/td><td>DZ500\/2E<\/td><td>DZ600\/2E<\/td><\/tr><tr><td>Zasilanie<\/td><td>220V\/110V<\/td><td>220V\/110V<\/td><td>220V\/110V<\/td><\/tr><tr><td>Moc pompy pr\u00f3\u017cniowej<\/td><td>900W<\/td><td>900W<\/td><td>1800W<\/td><\/tr><tr><td>Moc uszczelniania<\/td><td>600W<\/td><td>750W<\/td><td>1200W<\/td><\/tr><tr><td>Najni\u017csze absolutne ci\u015bnienie<\/td><td>1Kpa<\/td><td>1Kpa<\/td><td>1Kpa<\/td><\/tr><tr><td>Pozycja uszczelniania<\/td><td>2 (ta\u015bma uszczelniaj\u0105ca)<\/td><td>2 (ta\u015bma uszczelniaj\u0105ca)<\/td><td>2 (ta\u015bma uszczelniaj\u0105ca)<\/td><\/tr><tr><td>Rozmiar komory pr\u00f3\u017cniowej<\/td><td>430x420x75mm<\/td><td>530x520x75mm<\/td><td>650x620x100mm<\/td><\/tr><tr><td>Rozmiar uszczelnienia<\/td><td>400*10mm<\/td><td>500*10mm<\/td><td>600*10mm<\/td><\/tr><tr><td>Waga netto<\/td><td>80KG<\/td><td>100KG<\/td><td>150KG<\/td><\/tr><tr><td>Rozmiar maszyny<\/td><td>540*500*950mm<\/td><td>580*630*1000mm<\/td><td>750*710*1000mm<\/td><\/tr><\/tbody><\/table><figcaption class=\"wp-element-caption\"> Parametry maszyny do pakowania pr\u00f3\u017cniowego <\/figcaption><\/figure>    <h2 class=\"wp-block-heading\" id=\"h-operation-steps-of-single-chamber-vacuum-packaging-machine\">Kroki operacji maszyny do pakowania pr\u00f3\u017cniowego z jedn\u0105 komor\u0105<\/h2>    <figure class=\"wp-block-image size-full is-resized\"><img loading=\"lazy\" decoding=\"async\" width=\"750\" height=\"750\" src=\"https:\/\/www.meatprocessingmachine.org\/wp-content\/uploads\/2021\/08\/Automatic-Vacuum-Sealing-Machine.jpg\" alt=\"Automatic Vacuum Sealing Machine\" class=\"wp-image-1649\" title=\"\" srcset=\"https:\/\/www.meatprocessingmachine.org\/wp-content\/uploads\/2021\/08\/Automatic-Vacuum-Sealing-Machine.jpg 750w, https:\/\/www.meatprocessingmachine.org\/wp-content\/uploads\/2021\/08\/Automatic-Vacuum-Sealing-Machine-300x300.jpg 300w, https:\/\/www.meatprocessingmachine.org\/wp-content\/uploads\/2021\/08\/Automatic-Vacuum-Sealing-Machine-150x150.jpg 150w\" sizes=\"auto, (max-width: 750px) 100vw, 750px\" \/><figcaption class=\"wp-element-caption\"><br>Automatyczna maszyna do uszczelniania pr\u00f3\u017cniowego<\/figcaption><\/figure>    <ol class=\"wp-block-list\"> <li>Maszyna do pakowania pr\u00f3\u017cniowego z jedn\u0105 komor\u0105 sk\u0142ada si\u0119 g\u0142\u00f3wnie z systemu pr\u00f3\u017cniowego, systemu pompowania gazu i uszczelniania, systemu uszczelniania na gor\u0105co oraz systemu sterowania elektrycznego. Jednak proces operacyjny maszyny z jedn\u0105 komor\u0105 jest bardzo prosty.<\/li>    <li>W\u0142\u0105cz zasilanie: prze\u0142\u0105cznik wyboru zasilania w razie potrzeby, czyli lampka kontrolna zasilania si\u0119 za\u015bwieci. Prze\u0142\u0105cznik wyboru zasilania wskazuje na pr\u00f3\u017cni\u0119 dla uszczelniania pr\u00f3\u017cniowego, a \u0142adowanie pr\u00f3\u017cniowe s\u0142u\u017cy do nape\u0142niania pr\u00f3\u017cniowego i uszczelniania.<\/li>    <li>Put the packaging bag with the contents in the vacuum chamber, the bag&#8217;s mouth is neat.<\/li>    <li>Naci\u015bnij pokryw\u0119, a lampka kontrolna od wydechu (pr\u00f3\u017cni) na panelu si\u0119 za\u015bwieci. Pompa pr\u00f3\u017cniowa zaczyna pompowa\u0107 powietrze, a pokrywa jest automatycznie zasysana. Pokr\u0119t\u0142o pr\u00f3\u017cniowe mo\u017cna dostosowa\u0107 poziom pr\u00f3\u017cni zgodnie z wymaganiami pakowania. Podczas regulacji, skala wizualna jest od niskiego do wysokiego z ma\u0142ym amplitudem.<\/li>    <li>Po osi\u0105gni\u0119ciu ustawionego czasu pompowania, czyli wymaganego poziomu pr\u00f3\u017cni, ko\u0144czy si\u0119 pompowanie.<\/li>    <li>Po zako\u0144czeniu pompowania, lampka kontrolna b\u0119dzie gas\u0142a, lampka kontrolna uszczelniania b\u0119dzie si\u0119 \u015bwieci\u0107, a dzia\u0142anie nadmuchu si\u0119 rozpocznie.<\/li>    <li>Podczas regulacji parametr\u00f3w, zakres obrotu powinien by\u0107 ma\u0142y, aby zapobiec nag\u0142emu wzrostowi temperatury uszczelniania i uszkodzeniu element\u00f3w uszczelniaj\u0105cych.<\/li>    <li>Po osi\u0105gni\u0119ciu czasu uszczelniania, lampka kontrolna ko\u0144czy \u015bwieci\u0107, co oznacza koniec procesu uszczelniania, a komora pr\u00f3\u017cniowa jest automatycznie po\u0142\u0105czona z atmosfer\u0105 przez zaw\u00f3r elektromagnetyczny, a\u017c pokrywa zostanie automatycznie podniesiona, a ca\u0142y proces pakowania pr\u00f3\u017cniowego jest zako\u0144czony, gotowy do kolejnego cyklu.<\/li> <\/ol>    <figure class=\"wp-block-image size-full is-resized\"><img loading=\"lazy\" decoding=\"async\" width=\"750\" height=\"934\" src=\"https:\/\/www.meatprocessingmachine.org\/wp-content\/uploads\/2021\/08\/product-of-vacuum-packing-1.jpg\" alt=\"product of Industrial Chamber vacuum sealer \" class=\"wp-image-1653\" title=\"\" srcset=\"https:\/\/www.meatprocessingmachine.org\/wp-content\/uploads\/2021\/08\/product-of-vacuum-packing-1.jpg 750w, https:\/\/www.meatprocessingmachine.org\/wp-content\/uploads\/2021\/08\/product-of-vacuum-packing-1-241x300.jpg 241w\" sizes=\"auto, (max-width: 750px) 100vw, 750px\" \/><figcaption class=\"wp-element-caption\"><br><br>produkt przemys\u0142owej zgrzewarki pr\u00f3\u017cniowej do komory<\/figcaption><\/figure>    <h2 class=\"wp-block-heading\">O torbie do pakowania<\/h2>    <p>Wielu klient\u00f3w zg\u0142asza, \u017ce podczas u\u017cywania maszyny do pakowania pr\u00f3\u017cniowego z jedn\u0105 komor\u0105 torba si\u0119 uszkadza. Zapytaj naszych technik\u00f3w, dlaczego tak si\u0119 dzieje. Ot\u00f3\u017c, grubo\u015b\u0107 u\u017cywanej torby pr\u00f3\u017cniowej nie jest wystarczaj\u0105ca, poniewa\u017c pr\u00f3\u017cnia jest do\u015b\u0107 du\u017ca, wi\u0119c je\u015bli torba nie osi\u0105gnie odpowiedniej grubo\u015bci podczas odsysania, mo\u017ce doj\u015b\u0107 do uszkodzenia. Dlatego te\u017c, je\u015bli chodzi o materia\u0142y do pakowania, musimy spe\u0142nia\u0107 nasze wymagania, aby zapewni\u0107 prawid\u0142ow\u0105 prac\u0119 pr\u00f3\u017cniow\u0105.<\/p>   <div class=\"wp-block-image\"> <figure class=\"aligncenter size-full is-resized\"><img loading=\"lazy\" decoding=\"async\" width=\"720\" height=\"540\" src=\"https:\/\/www.meatprocessingmachine.org\/wp-content\/uploads\/2022\/03\/sausage-vacuum-packaging-machine-1-1.png\" alt=\"maszyna do pakowania pr\u00f3\u017cniowego z jedn\u0105 komor\u0105\" class=\"wp-image-32950\" style=\"object-fit:cover;width:720px;height:540px\" title=\"\" srcset=\"https:\/\/www.meatprocessingmachine.org\/wp-content\/uploads\/2022\/03\/sausage-vacuum-packaging-machine-1-1.png 720w, https:\/\/www.meatprocessingmachine.org\/wp-content\/uploads\/2022\/03\/sausage-vacuum-packaging-machine-1-1-300x225.png 300w\" sizes=\"auto, (max-width: 720px) 100vw, 720px\" \/><figcaption class=\"wp-element-caption\">Maszyna do pakowania pr\u00f3\u017cniowego z jedn\u0105 komor\u0105<\/figcaption><\/figure> <\/div>   <h2 class=\"wp-block-heading\">Rodzaje maszyn do pakowania pr\u00f3\u017cniowego<\/h2>    <p class=\"translation-block\">Istniej\u0105 dwa rodzaje maszyn do pakowania pr\u00f3\u017cniowego: z jedn\u0105 komor\u0105 i <a href=\"https:\/\/www.meatprocessingmachine.org\/pl\/dz-260-desktop-vacuum-packing-machine-for-sealing.html\/\">z dwoma komorami<\/a>. Funkcje i efekty tych dw\u00f3ch maszyn s\u0105 takie same. G\u0142\u00f3wna r\u00f3\u017cnica to szybko\u015b\u0107 pakowania. Je\u015bli chcesz dowiedzie\u0107 si\u0119 wi\u0119cej o tej maszynie, skontaktuj si\u0119 z nami.<\/p>    <div class=\"wp-block-columns is-layout-flex wp-container-core-columns-is-layout-9d6595d7 wp-block-columns-is-layout-flex\"> <div class=\"wp-block-column is-layout-flow wp-block-column-is-layout-flow\"> <figure class=\"wp-block-image size-full\"><a href=\"https:\/\/www.meatprocessingmachine.org\/pl\/single-chamber-vacuum-packaging-machine-vacuum-sealing-machine.html\/\"><img loading=\"lazy\" decoding=\"async\" width=\"720\" height=\"540\" src=\"https:\/\/www.meatprocessingmachine.org\/wp-content\/uploads\/2018\/10\/single-chamber-meat-vacuum-packing-machine.webp\" alt=\"maszyna do pakowania mi\u0119sa z jedn\u0105 komor\u0105\" class=\"wp-image-34424\" title=\"\" srcset=\"https:\/\/www.meatprocessingmachine.org\/wp-content\/uploads\/2018\/10\/single-chamber-meat-vacuum-packing-machine.webp 720w, https:\/\/www.meatprocessingmachine.org\/wp-content\/uploads\/2018\/10\/single-chamber-meat-vacuum-packing-machine-300x225.webp 300w, https:\/\/www.meatprocessingmachine.org\/wp-content\/uploads\/2018\/10\/single-chamber-meat-vacuum-packing-machine-16x12.webp 16w\" sizes=\"auto, (max-width: 720px) 100vw, 720px\" \/><\/a><figcaption class=\"wp-element-caption\">Maszyna do pakowania mi\u0119sa z jedn\u0105 komor\u0105<\/figcaption><\/figure> <\/div>    <div class=\"wp-block-column is-layout-flow wp-block-column-is-layout-flow\"> <figure class=\"wp-block-image size-full\"><a href=\"https:\/\/www.meatprocessingmachine.org\/pl\/dz-260-desktop-vacuum-packing-machine-for-sealing.html\/\"><img loading=\"lazy\" decoding=\"async\" width=\"720\" height=\"540\" src=\"https:\/\/www.meatprocessingmachine.org\/wp-content\/uploads\/2018\/10\/meat-vacuum-packaging-machine.webp\" alt=\"Maszyna do pakowania mi\u0119sa\" class=\"wp-image-34423\" title=\"\" srcset=\"https:\/\/www.meatprocessingmachine.org\/wp-content\/uploads\/2018\/10\/meat-vacuum-packaging-machine.webp 720w, https:\/\/www.meatprocessingmachine.org\/wp-content\/uploads\/2018\/10\/meat-vacuum-packaging-machine-300x225.webp 300w, https:\/\/www.meatprocessingmachine.org\/wp-content\/uploads\/2018\/10\/meat-vacuum-packaging-machine-16x12.webp 16w\" sizes=\"auto, (max-width: 720px) 100vw, 720px\" \/><\/a><figcaption class=\"wp-element-caption\">Podw\u00f3jna komorowa maszyna do pakowania mi\u0119sa pr\u00f3\u017cniowego<\/figcaption><\/figure> <\/div> <\/div>","protected":false},"excerpt":{"rendered":"<p>The single-chamber vacuum packaging machine can extract oxygen from the packaging bag to form a vacuum state. Thereby extending the shelf life of food. An automatic Vacuum Sealing Machine is suitable for packaging meat products, grains, medicines, etc. Industrial Chamber vacuum sealer can prevent the food from becoming moldy, while maintaining the original flavor of the food, ensuring that the moisture of the food will not be lost.<\/p>","protected":false},"author":1,"featured_media":1656,"parent":0,"template":"","product-type":[596],"class_list":["post-1646","product","type-product","status-publish","has-post-thumbnail","hentry","product-type-meat-packaging-equipment"],"_links":{"self":[{"href":"https:\/\/www.meatprocessingmachine.org\/pl\/wp-json\/wp\/v2\/product\/1646","targetHints":{"allow":["GET"]}}],"collection":[{"href":"https:\/\/www.meatprocessingmachine.org\/pl\/wp-json\/wp\/v2\/product"}],"about":[{"href":"https:\/\/www.meatprocessingmachine.org\/pl\/wp-json\/wp\/v2\/types\/product"}],"author":[{"embeddable":true,"href":"https:\/\/www.meatprocessingmachine.org\/pl\/wp-json\/wp\/v2\/users\/1"}],"wp:featuredmedia":[{"embeddable":true,"href":"https:\/\/www.meatprocessingmachine.org\/pl\/wp-json\/wp\/v2\/media\/1656"}],"wp:attachment":[{"href":"https:\/\/www.meatprocessingmachine.org\/pl\/wp-json\/wp\/v2\/media?parent=1646"}],"wp:term":[{"taxonomy":"product-type","embeddable":true,"href":"https:\/\/www.meatprocessingmachine.org\/pl\/wp-json\/wp\/v2\/product-type?post=1646"}],"curies":[{"name":"wp","href":"https:\/\/api.w.org\/{rel}","templated":true}]}}