{"id":1855,"date":"2021-08-31T17:22:25","date_gmt":"2021-08-31T09:22:25","guid":{"rendered":"https:\/\/www.meatprocessingmachine.org\/?p=1855"},"modified":"2023-02-17T15:16:02","modified_gmt":"2023-02-17T07:16:02","slug":"chicken-bone-grinder-best-meat-grinder-for-grinding-bones","status":"publish","type":"product","link":"https:\/\/www.meatprocessingmachine.org\/pl\/chicken-bone-grinder-best-meat-grinder-for-grinding-bones.html","title":{"rendered":"Najlepszy m\u0142ynek do mi\u0119sa do mielenia ko\u015bci | M\u0142ynek do ko\u015bci kurczaka"},"content":{"rendered":"<div class=\"kk-star-ratings kksr-auto kksr-align-right kksr-valign-top\"     data-payload='{&quot;align&quot;:&quot;right&quot;,&quot;id&quot;:&quot;1855&quot;,&quot;slug&quot;:&quot;default&quot;,&quot;valign&quot;:&quot;top&quot;,&quot;ignore&quot;:&quot;&quot;,&quot;reference&quot;:&quot;auto&quot;,&quot;class&quot;:&quot;&quot;,&quot;count&quot;:&quot;0&quot;,&quot;legendonly&quot;:&quot;&quot;,&quot;readonly&quot;:&quot;&quot;,&quot;score&quot;:&quot;0&quot;,&quot;starsonly&quot;:&quot;&quot;,&quot;best&quot;:&quot;5&quot;,&quot;gap&quot;:&quot;5&quot;,&quot;greet&quot;:&quot;Rate this product&quot;,&quot;legend&quot;:&quot;0\\\/5 - (0 votes)&quot;,&quot;size&quot;:&quot;24&quot;,&quot;title&quot;:&quot;Best Meat Grinder for Grinding Bones | Chicken Bone Grinder&quot;,&quot;width&quot;:&quot;0&quot;,&quot;_legend&quot;:&quot;{score}\\\/{best} - ({count} {votes})&quot;,&quot;font_factor&quot;:&quot;1.25&quot;}'>              <div class=\"kksr-stars\">      <div class=\"kksr-stars-inactive\">             <div class=\"kksr-star\" data-star=\"1\" style=\"padding-right: 5px\">               <div class=\"kksr-icon\" style=\"width: 24px; height: 24px;\"><\/div>         <\/div>             <div class=\"kksr-star\" data-star=\"2\" style=\"padding-right: 5px\">               <div class=\"kksr-icon\" style=\"width: 24px; height: 24px;\"><\/div>         <\/div>             <div class=\"kksr-star\" data-star=\"3\" style=\"padding-right: 5px\">               <div class=\"kksr-icon\" style=\"width: 24px; height: 24px;\"><\/div>         <\/div>             <div class=\"kksr-star\" data-star=\"4\" style=\"padding-right: 5px\">               <div class=\"kksr-icon\" style=\"width: 24px; height: 24px;\"><\/div>         <\/div>             <div class=\"kksr-star\" data-star=\"5\" style=\"padding-right: 5px\">               <div class=\"kksr-icon\" style=\"width: 24px; height: 24px;\"><\/div>         <\/div>     <\/div>      <div class=\"kksr-stars-active\" style=\"width: 0px;\">             <div class=\"kksr-star\" style=\"padding-right: 5px\">               <div class=\"kksr-icon\" style=\"width: 24px; height: 24px;\"><\/div>         <\/div>             <div class=\"kksr-star\" style=\"padding-right: 5px\">               <div class=\"kksr-icon\" style=\"width: 24px; height: 24px;\"><\/div>         <\/div>             <div class=\"kksr-star\" style=\"padding-right: 5px\">               <div class=\"kksr-icon\" style=\"width: 24px; height: 24px;\"><\/div>         <\/div>             <div class=\"kksr-star\" style=\"padding-right: 5px\">               <div class=\"kksr-icon\" style=\"width: 24px; height: 24px;\"><\/div>         <\/div>             <div class=\"kksr-star\" style=\"padding-right: 5px\">               <div class=\"kksr-icon\" style=\"width: 24px; height: 24px;\"><\/div>         <\/div>     <\/div> <\/div>                   <div class=\"kksr-legend\" style=\"font-size: 19.2px;\">             <span class=\"kksr-muted\">Oce\u0144 ten produkt<\/span>     <\/div>     <\/div>  <p>M\u0142ynek do ko\u015bci drobiowej to maszyna, kt\u00f3ra mo\u017ce mieli\u0107 mi\u0119so z ko\u015b\u0107mi. Mo\u017cemy bezpo\u015brednio wk\u0142ada\u0107 do niego kurczaka, ryby, dr\u00f3b itp., aby je przetworzy\u0107, co pozwala na podanie psom lub innym suplementom. Do produkcji \u017cywno\u015bci od\u017cywczej ten m\u0142ynek jest bardzo mocny, nie nadaje si\u0119 dla rodzin z jednym psem, ale bardziej dla zak\u0142ad\u00f3w przetw\u00f3rstwa mi\u0119sa, zak\u0142ad\u00f3w produkcji karmy dla zwierz\u0105t, instytucji hodowli zwierz\u0105t itp.<\/p>    <h2 class=\"wp-block-heading\">Dlaczego warto wybra\u0107 m\u0142yn do mi\u0119sa drobiowego<\/h2>    <p>There are many meat grinders on the market, but most of them can only process softer pure meat, so you can&#8217;t do anything about meat with bones, but some pets need to absorb some fat and protein in the bones, for convenience For consumption and preservation, bone grinders are used. The blade of this machine is hard enough, otherwise, it will not only be unable to grind the bones but will damage the tool.<\/p>    <h2 class=\"wp-block-heading\" id=\"h-bone-grinder-parameters\">Parametry m\u0142ynka do ko\u015bci<\/h2>    <p>Model: TZ-130<\/p>    <p>Rozmiar: 580*580*890 mm<\/p>    <p>Napi\u0119cie: 220V 50Hz<\/p>    <p>Moc: 5,5 kW<\/p>    <p>Pojemno\u015b\u0107: 300-500 kg\/h<\/p>    <p>Waga: 130 kg<\/p>    <p>Stopie\u0144 rozdrobnienia: 5-15 mm<\/p>    <h2 class=\"wp-block-heading\">Pokaz wideo<\/h2>    <figure class=\"wp-block-embed is-type-video is-provider-youtube wp-block-embed-youtube\"><div class=\"wp-block-embed__wrapper\"> <iframe loading=\"lazy\" title=\"Wi\u0119cej\" width=\"500\" height=\"281\" src=\"https:\/\/www.youtube.com\/embed\/tNCGhNMxsIE?feature=oembed\" frameborder=\"0\" allow=\"accelerometer; autoplay; clipboard-write; encrypted-media; gyroscope; picture-in-picture; web-share\" referrerpolicy=\"strict-origin-when-cross-origin\" allowfullscreen><\/iframe> <\/div><figcaption class=\"wp-element-caption\">Jak dzia\u0142a m\u0142ynek do ko\u015bci<\/figcaption><\/figure>    <h2 class=\"wp-block-heading\">Zasada dzia\u0142ania m\u0142ynka do mi\u0119sa<\/h2>    <p>Praca m\u0142ynka do ko\u015bci drobiowych polega g\u0142\u00f3wnie na tym, \u017ce obracaj\u0105cy si\u0119 \u015brubowy t\u0142ok popycha surowce z kosza do wst\u0119pnej lub perforowanej p\u0142yty, a efekt tn\u0105cy tworzony przez obracaj\u0105cy si\u0119 ostrze tn\u0105ce i kraw\u0119d\u017a perforacji p\u0142yty s\u0142u\u017cy do rozdrabniania surowc\u00f3w, a pod wp\u0142ywem si\u0142y \u015bciskaj\u0105cej surowce s\u0105 ci\u0105gle wypychane z maszyny. Ta maszyna mo\u017ce by\u0107 wyposa\u017cona w odpowiednie no\u017ce i p\u0142yty perforowane w zale\u017cno\u015bci od r\u00f3\u017cnych w\u0142a\u015bciwo\u015bci materia\u0142\u00f3w i wymaga\u0144 przetwarzania, aby uzyska\u0107 cz\u0105stki o r\u00f3\u017cnych rozmiarach, spe\u0142niaj\u0105c wymagania kolejnego procesu.<\/p>    <figure class=\"wp-block-gallery has-nested-images columns-default is-cropped wp-block-gallery-2 is-layout-flex wp-block-gallery-is-layout-flex\"> <figure class=\"wp-block-image size-large\"><img loading=\"lazy\" decoding=\"async\" width=\"289\" height=\"174\" data-id=\"1879\" src=\"https:\/\/www.meatprocessingmachine.org\/wp-content\/uploads\/2021\/08\/Meat-Grider-2-3.jpg\" alt=\"\" class=\"wp-image-1879\" title=\"\"><figcaption class=\"wp-element-caption\">M\u0142ynek do mi\u0119sa<\/figcaption><\/figure>    <figure class=\"wp-block-image size-large\"><img loading=\"lazy\" decoding=\"async\" width=\"595\" height=\"599\" data-id=\"1880\" src=\"https:\/\/www.meatprocessingmachine.org\/wp-content\/uploads\/2021\/08\/Meat-Grider-1.jpg\" alt=\"\" class=\"wp-image-1880\" title=\"\" srcset=\"https:\/\/www.meatprocessingmachine.org\/wp-content\/uploads\/2021\/08\/Meat-Grider-1.jpg 595w, https:\/\/www.meatprocessingmachine.org\/wp-content\/uploads\/2021\/08\/Meat-Grider-1-298x300.jpg 298w, https:\/\/www.meatprocessingmachine.org\/wp-content\/uploads\/2021\/08\/Meat-Grider-1-150x150.jpg 150w\" sizes=\"auto, (max-width: 595px) 100vw, 595px\" \/><figcaption class=\"wp-element-caption\">M\u0142ynek do mi\u0119sa<\/figcaption><\/figure> <figcaption class=\"blocks-gallery-caption wp-element-caption\">Szczeg\u00f3\u0142y mielenia mi\u0119sa<\/figcaption><\/figure>    <h2 class=\"wp-block-heading\">Maszyny zaanga\u017cowane w g\u0142\u0119bokie przetwarzanie<\/h2>    <figure class=\"wp-block-gallery has-nested-images columns-default is-cropped wp-block-gallery-3 is-layout-flex wp-block-gallery-is-layout-flex\"> <figure class=\"wp-block-image size-large\"><img loading=\"lazy\" decoding=\"async\" width=\"300\" height=\"168\" data-id=\"1886\" src=\"https:\/\/www.meatprocessingmachine.org\/wp-content\/uploads\/2021\/08\/Application-of-meat-grinder-2.jpg\" alt=\"\" class=\"wp-image-1886\" title=\"\"><figcaption><\/figcaption><\/figure>    <figure class=\"wp-block-image size-large\"><img loading=\"lazy\" decoding=\"async\" width=\"275\" height=\"183\" data-id=\"1887\" src=\"https:\/\/www.meatprocessingmachine.org\/wp-content\/uploads\/2021\/08\/Application-of-meat-grinder.jpg\" alt=\"\" class=\"wp-image-1887\" title=\"\"><figcaption><\/figcaption><\/figure> <figcaption class=\"blocks-gallery-caption wp-element-caption\">Application Of Meat Grinder<\/figcaption><\/figure>    <h3 class=\"wp-block-heading\">Przetworzone klopsiki<\/h3>    <p>Wysoka wydajno\u015b\u0107, do 500 kg na godzin\u0119<\/p>    <h3 class=\"wp-block-heading\">Przetwarzanie ryb<\/h3>    <p class=\"translation-block\">Po usuni\u0119ciu przez <a href=\"https:\/\/www.meatprocessingmachine.org\/pl\/electric-fish-belly-splitting-cutting-machine.html\/\" data-type=\"URL\" data-id=\"https:\/\/www.meatprocessingmachine.org\/electric-fish-belly-splitting-cutting-machine.html\">skal\u0119 do ryb<\/a>, mo\u017cna go bezpo\u015brednio w\u0142o\u017cy\u0107 do tego m\u0142ynka do mielenia mi\u0119sa, kt\u00f3ry mo\u017ce w pe\u0142ni zmieli\u0107 mi\u0119so rybne i ko\u015bci rybne, uzyskuj\u0105c past\u0119 rybn\u0105, u\u017cywan\u0105 do produkcji wyrob\u00f3w rybnych.<\/p>    <h2 class=\"wp-block-heading\">Maszyna ma estetyczny wygl\u0105d i ma\u0142y rozmiar<\/h2>    <p>\u0141atwy w obs\u0142udze, nauczysz si\u0119 obs\u0142ugi, ogl\u0105daj\u0105c film<\/p>    <p>Silna mobilno\u015b\u0107, maszyna wyposa\u017cona w k\u00f3\u0142ka<\/p>    <p>M\u0142ynek do ko\u015bci<\/p>    <p>1. Przed u\u017cyciem nale\u017cy wyczy\u015bci\u0107<\/p>    <h2 class=\"wp-block-heading\">Obs\u0142uga posprzeda\u017cowa i czyszczenie m\u0142ynka do mielenia ko\u015bci<\/h2>    <figure class=\"wp-block-image size-full is-resized\"><img loading=\"lazy\" decoding=\"async\" src=\"https:\/\/www.meatprocessingmachine.org\/wp-content\/uploads\/2021\/08\/bone-grinder.png\" alt=\"\" class=\"wp-image-1885\" width=\"757\" height=\"568\" title=\"\"><figcaption class=\"wp-element-caption\"> M\u0142ynarz Ko\u015bci<\/figcaption><\/figure>    <p>3. Je\u015bli mi\u0119so nie jest g\u0142adkie lub papkowate, mog\u0105 wyst\u0119powa\u0107 nast\u0119puj\u0105ce przyczyny<\/p>    <p>(1) Zbyt lu\u017any nakr\u0119tka przednia wymaga ponownego wyregulowania<\/p>    <p>(2) P\u0142yta mi\u0119sa jest zablokowana i wymaga oczyszczenia<\/p>    <p>(3) M\u0142ynek do ko\u015bci jest zbyt t\u0119py i wymaga naostrzenia lub wymiany<\/p>    <p> 4. Surowo zabrania si\u0119 wk\u0142adania mi\u0119sa r\u0119kami bezpo\u015brednio do komory m\u0142ynka, aby zapewni\u0107 bezpiecze\u0144stwo<\/p>    <p>Rozpowszechniaj mi\u0142o\u015b\u0107<\/p>    <p>Shuliy<\/p>    <h2 class=\"wp-block-heading\">Wprowadzenie powi\u0105zanej maszyny do mielenia ko\u015bci<\/h2>    <p class=\"translation-block\">Nasza firma posiada r\u00f3wnie\u017c <a href=\"https:\/\/www.meatprocessingmachine.org\/pl\/frozen-meat-grinder.html\/\">mro\u017cone m\u0142ynki do mi\u0119sa <\/a>i kostkarki do mi\u0119sa, kt\u00f3re mo\u017cna wybra\u0107 w zale\u017cno\u015bci od ko\u0144cowych produkt\u00f3w i surowc\u00f3w, kt\u00f3re chcemy osi\u0105gn\u0105\u0107. Czekamy na mo\u017cliwo\u015b\u0107 \u015bwiadczenia klientom us\u0142ug najwy\u017cszej jako\u015bci<\/p>","protected":false},"excerpt":{"rendered":"<p>Poultry bone grinder is a machine that can grind meat with bones. We can directly put some chicken, fish, some poultry, etc. into the poultry bone grinder for processing, so as to give dogs or other supplements. For nutritious food production, this meat grinder is very powerful, not suitable for families with only one pet dog, but more suitable for meat processing plants, pet food processing plants, pet breeding institutions, etc.<\/p>","protected":false},"author":1,"featured_media":1914,"parent":0,"template":"","product-type":[590],"class_list":["post-1855","product","type-product","status-publish","has-post-thumbnail","hentry","product-type-meat-grinding-machine"],"_links":{"self":[{"href":"https:\/\/www.meatprocessingmachine.org\/pl\/wp-json\/wp\/v2\/product\/1855","targetHints":{"allow":["GET"]}}],"collection":[{"href":"https:\/\/www.meatprocessingmachine.org\/pl\/wp-json\/wp\/v2\/product"}],"about":[{"href":"https:\/\/www.meatprocessingmachine.org\/pl\/wp-json\/wp\/v2\/types\/product"}],"author":[{"embeddable":true,"href":"https:\/\/www.meatprocessingmachine.org\/pl\/wp-json\/wp\/v2\/users\/1"}],"wp:featuredmedia":[{"embeddable":true,"href":"https:\/\/www.meatprocessingmachine.org\/pl\/wp-json\/wp\/v2\/media\/1914"}],"wp:attachment":[{"href":"https:\/\/www.meatprocessingmachine.org\/pl\/wp-json\/wp\/v2\/media?parent=1855"}],"wp:term":[{"taxonomy":"product-type","embeddable":true,"href":"https:\/\/www.meatprocessingmachine.org\/pl\/wp-json\/wp\/v2\/product-type?post=1855"}],"curies":[{"name":"wp","href":"https:\/\/api.w.org\/{rel}","templated":true}]}}