{"id":1911,"date":"2021-09-02T18:02:08","date_gmt":"2021-09-02T10:02:08","guid":{"rendered":"https:\/\/www.meatprocessingmachine.org\/?p=1911"},"modified":"2022-07-26T09:37:20","modified_gmt":"2022-07-26T01:37:20","slug":"chicken-feather-removal-machine","status":"publish","type":"product","link":"https:\/\/www.meatprocessingmachine.org\/pl\/chicken-feather-removal-machine.html","title":{"rendered":"Maszyna do usuwania pi\u00f3r z kurczaka | maszyna do pluckowania pi\u00f3r drobiowych"},"content":{"rendered":"<div class=\"kk-star-ratings kksr-auto kksr-align-right kksr-valign-top\"     data-payload='{&quot;align&quot;:&quot;right&quot;,&quot;id&quot;:&quot;1911&quot;,&quot;slug&quot;:&quot;default&quot;,&quot;valign&quot;:&quot;top&quot;,&quot;ignore&quot;:&quot;&quot;,&quot;reference&quot;:&quot;auto&quot;,&quot;class&quot;:&quot;&quot;,&quot;count&quot;:&quot;0&quot;,&quot;legendonly&quot;:&quot;&quot;,&quot;readonly&quot;:&quot;&quot;,&quot;score&quot;:&quot;0&quot;,&quot;starsonly&quot;:&quot;&quot;,&quot;best&quot;:&quot;5&quot;,&quot;gap&quot;:&quot;5&quot;,&quot;greet&quot;:&quot;Rate this product&quot;,&quot;legend&quot;:&quot;0\\\/5 - (0 votes)&quot;,&quot;size&quot;:&quot;24&quot;,&quot;title&quot;:&quot;Chicken Feather Removal Machine | Poultry feather plucking machine&quot;,&quot;width&quot;:&quot;0&quot;,&quot;_legend&quot;:&quot;{score}\\\/{best} - ({count} {votes})&quot;,&quot;font_factor&quot;:&quot;1.25&quot;}'>              <div class=\"kksr-stars\">      <div class=\"kksr-stars-inactive\">             <div class=\"kksr-star\" data-star=\"1\" style=\"padding-right: 5px\">               <div class=\"kksr-icon\" style=\"width: 24px; height: 24px;\"><\/div>         <\/div>             <div class=\"kksr-star\" data-star=\"2\" style=\"padding-right: 5px\">               <div class=\"kksr-icon\" style=\"width: 24px; height: 24px;\"><\/div>         <\/div>             <div class=\"kksr-star\" data-star=\"3\" style=\"padding-right: 5px\">               <div class=\"kksr-icon\" style=\"width: 24px; height: 24px;\"><\/div>         <\/div>             <div class=\"kksr-star\" data-star=\"4\" style=\"padding-right: 5px\">               <div class=\"kksr-icon\" style=\"width: 24px; height: 24px;\"><\/div>         <\/div>             <div class=\"kksr-star\" data-star=\"5\" style=\"padding-right: 5px\">               <div class=\"kksr-icon\" style=\"width: 24px; height: 24px;\"><\/div>         <\/div>     <\/div>      <div class=\"kksr-stars-active\" style=\"width: 0px;\">             <div class=\"kksr-star\" style=\"padding-right: 5px\">               <div class=\"kksr-icon\" style=\"width: 24px; height: 24px;\"><\/div>         <\/div>             <div class=\"kksr-star\" style=\"padding-right: 5px\">               <div class=\"kksr-icon\" style=\"width: 24px; height: 24px;\"><\/div>         <\/div>             <div class=\"kksr-star\" style=\"padding-right: 5px\">               <div class=\"kksr-icon\" style=\"width: 24px; height: 24px;\"><\/div>         <\/div>             <div class=\"kksr-star\" style=\"padding-right: 5px\">               <div class=\"kksr-icon\" style=\"width: 24px; height: 24px;\"><\/div>         <\/div>             <div class=\"kksr-star\" style=\"padding-right: 5px\">               <div class=\"kksr-icon\" style=\"width: 24px; height: 24px;\"><\/div>         <\/div>     <\/div> <\/div>                   <div class=\"kksr-legend\" style=\"font-size: 19.2px;\">             <span class=\"kksr-muted\">Oce\u0144 ten produkt<\/span>     <\/div>     <\/div>  <p class=\"translation-block\">Maszyna do usuwania pi\u00f3r z kurczaka mo\u017ce automatycznie usuwa\u0107 pi\u00f3ra z drobiu, w tym kurczak\u00f3w, kaczek, g\u0119si, kr\u00f3lik\u00f3w i innych drobiu, niekt\u00f3re rze\u017anie i dostawcy kurczak\u00f3w zajmuj\u0105 si\u0119 kurczakami? Bardzo nierealistyczne jest u\u017cywanie operacji r\u0119cznych. Maszyna do usuwania pi\u00f3r mo\u017ce szybko usun\u0105\u0107 pi\u00f3ra. Jak to dzia\u0142a?<\/p>    <h2 class=\"wp-block-heading\">Zakres zastosowania pi\u00f3r kurczaka<\/h2>    <p>Maszyna do usuwania pi\u00f3r z kurczaka jest g\u0142\u00f3wnie u\u017cywana do usuwania pi\u00f3r ptak\u00f3w, takich jak kurczaki, kaczki, g\u0119si i go\u0142\u0119bie. Zar\u00f3wno wi\u0119ksze kurczaki, jak i ma\u0142e go\u0142\u0119bie mog\u0105 usuwa\u0107 pi\u00f3ra. Maszyna ma wysok\u0105 wydajno\u015b\u0107 i szybki czas pracy. Odpowiednia dla niekt\u00f3rych gospodarstw domowych i zak\u0142ad\u00f3w przetw\u00f3rstwa mi\u0119sa.<\/p>    <h2 class=\"wp-block-heading\">Cechy maszyny do usuwania pi\u00f3r z kurczaka<\/h2>    <p>Cechy tej maszyny do usuwania pi\u00f3r s\u0105 bardzo wyra\u017ane. Maszyna jest stosunkowo ma\u0142a jako ca\u0142o\u015b\u0107 i bardziej odpowiednia do potrzeb usuwania setek kurczak\u00f3w dziennie, a maszyna wymaga r\u0119cznej pomocy w usuwaniu pi\u00f3r. Maszyna jest stosunkowo elegancka, kompaktowa i mo\u017ce by\u0107 elastycznie przenoszona, a tak\u017ce mo\u017cna j\u0105 \u0142atwo czy\u015bci\u0107.<\/p>    <figure class=\"wp-block-gallery has-nested-images columns-default is-cropped wp-block-gallery-2 is-layout-flex wp-block-gallery-is-layout-flex\"> <figure class=\"wp-block-image size-large\"><img loading=\"lazy\" decoding=\"async\" width=\"640\" height=\"480\" data-id=\"1921\" src=\"https:\/\/www.meatprocessingmachine.org\/wp-content\/uploads\/2021\/09\/Chicken-Feather-Removal-Machine-details-4.jpg\" alt=\"\" class=\"wp-image-1921\" title=\"\" srcset=\"https:\/\/www.meatprocessingmachine.org\/wp-content\/uploads\/2021\/09\/Chicken-Feather-Removal-Machine-details-4.jpg 640w, https:\/\/www.meatprocessingmachine.org\/wp-content\/uploads\/2021\/09\/Chicken-Feather-Removal-Machine-details-4-300x225.jpg 300w\" sizes=\"auto, (max-width: 640px) 100vw, 640px\" \/><figcaption><\/figcaption><\/figure>    <figure class=\"wp-block-image size-large\"><img loading=\"lazy\" decoding=\"async\" width=\"1024\" height=\"768\" data-id=\"1922\" src=\"https:\/\/www.meatprocessingmachine.org\/wp-content\/uploads\/2021\/09\/Chicken-Feather-Removal-Machine-details-3-1024x768.jpg\" alt=\"\" class=\"wp-image-1922\" title=\"\" srcset=\"https:\/\/www.meatprocessingmachine.org\/wp-content\/uploads\/2021\/09\/Chicken-Feather-Removal-Machine-details-3-1024x768.jpg 1024w, https:\/\/www.meatprocessingmachine.org\/wp-content\/uploads\/2021\/09\/Chicken-Feather-Removal-Machine-details-3-300x225.jpg 300w, https:\/\/www.meatprocessingmachine.org\/wp-content\/uploads\/2021\/09\/Chicken-Feather-Removal-Machine-details-3-768x576.jpg 768w, https:\/\/www.meatprocessingmachine.org\/wp-content\/uploads\/2021\/09\/Chicken-Feather-Removal-Machine-details-3-1536x1152.jpg 1536w, https:\/\/www.meatprocessingmachine.org\/wp-content\/uploads\/2021\/09\/Chicken-Feather-Removal-Machine-details-3.jpg 1600w\" sizes=\"auto, (max-width: 1024px) 100vw, 1024px\" \/><figcaption><\/figcaption><\/figure> <figcaption class=\"blocks-gallery-caption\">Factory Inventory Of Feather Plucking Machine<\/figcaption><\/figure>    <p>Je\u015bli chcesz pracowa\u0107 w trybie ci\u0105g\u0142ym, potrzebujesz innej maszyny, kt\u00f3ra jest mocniejsza i mo\u017ce obs\u0142ugiwa\u0107 tysi\u0105ce kurczak\u00f3w dziennie. Oczywi\u015bcie, je\u015bli jest to og\u00f3lna produkcja i przetwarzanie, ta ma\u0142a maszyna do usuwania pi\u00f3r w pe\u0142ni sobie z tym poradzi.<\/p>    <h2 class=\"wp-block-heading\" id=\"h-blanching-machine\">Maszyna do blanszowania<\/h2>    <p>The chicken needs to be blanched before putting it into the feather plucking machine. This is more conducive to the machine&#8217;s hair removal. You can use 70\u2103 water for blanching during blanching. The blanching temperature should not be too high. The skin of the chicken is damaged in the process of plucking. If the blanching water temperature is too low, the chicken will not be so clean during plucking.<\/p>    <h2 class=\"wp-block-heading\">Zasada dzia\u0142ania maszyny do usuwania pi\u00f3r z kurczaka<\/h2>    <figure class=\"wp-block-gallery has-nested-images columns-default is-cropped wp-block-gallery-3 is-layout-flex wp-block-gallery-is-layout-flex\"> <figure class=\"wp-block-image size-large\"><img loading=\"lazy\" decoding=\"async\" width=\"800\" height=\"473\" data-id=\"1927\" src=\"https:\/\/www.meatprocessingmachine.org\/wp-content\/uploads\/2021\/09\/Chicken-Feather-Removal-Machine-details-5.jpg\" alt=\"\" class=\"wp-image-1927\" title=\"\" srcset=\"https:\/\/www.meatprocessingmachine.org\/wp-content\/uploads\/2021\/09\/Chicken-Feather-Removal-Machine-details-5.jpg 800w, https:\/\/www.meatprocessingmachine.org\/wp-content\/uploads\/2021\/09\/Chicken-Feather-Removal-Machine-details-5-300x177.jpg 300w, https:\/\/www.meatprocessingmachine.org\/wp-content\/uploads\/2021\/09\/Chicken-Feather-Removal-Machine-details-5-768x454.jpg 768w\" sizes=\"auto, (max-width: 800px) 100vw, 800px\" \/><figcaption><\/figcaption><\/figure>    <figure class=\"wp-block-image size-large\"><img loading=\"lazy\" decoding=\"async\" width=\"1024\" height=\"768\" data-id=\"1928\" src=\"https:\/\/www.meatprocessingmachine.org\/wp-content\/uploads\/2021\/09\/Chicken-Feather-Removal-Machine-details-2-2-1024x768.jpg\" alt=\"\" class=\"wp-image-1928\" title=\"\" srcset=\"https:\/\/www.meatprocessingmachine.org\/wp-content\/uploads\/2021\/09\/Chicken-Feather-Removal-Machine-details-2-2-1024x768.jpg 1024w, https:\/\/www.meatprocessingmachine.org\/wp-content\/uploads\/2021\/09\/Chicken-Feather-Removal-Machine-details-2-2-300x225.jpg 300w, https:\/\/www.meatprocessingmachine.org\/wp-content\/uploads\/2021\/09\/Chicken-Feather-Removal-Machine-details-2-2-768x576.jpg 768w, https:\/\/www.meatprocessingmachine.org\/wp-content\/uploads\/2021\/09\/Chicken-Feather-Removal-Machine-details-2-2-1536x1152.jpg 1536w, https:\/\/www.meatprocessingmachine.org\/wp-content\/uploads\/2021\/09\/Chicken-Feather-Removal-Machine-details-2-2-2048x1536.jpg 2048w\" sizes=\"auto, (max-width: 1024px) 100vw, 1024px\" \/><figcaption><\/figcaption><\/figure> <figcaption class=\"blocks-gallery-caption\"> Chicken Hair Removal Machine Details<\/figcaption><\/figure>    <p>W b\u0119bnie maszyny do usuwania pi\u00f3r z kurczaka znajduje si\u0119 wiele gumowych pr\u0119t\u00f3w. Maszyna nap\u0119dza b\u0119ben i gumowy pr\u0119t, aby ci\u0105gle obraca\u0107 si\u0119, w ten spos\u00f3b pociera\u0107 o kurczaka. Po blanszowaniu pi\u00f3ra \u0142atwo si\u0119 odrywaj\u0105. Po wysokiej pr\u0119dko\u015bci obrotowej i tarciu z gumowym pr\u0119tem mo\u017cna oczy\u015bci\u0107 pi\u00f3ra kurczaka.<\/p>    <h2 class=\"wp-block-heading\">Specyfikacje maszyny do usuwania pi\u00f3r z drobiu<\/h2>    <figure class=\"wp-block-image size-full is-resized\"><img loading=\"lazy\" decoding=\"async\" src=\"https:\/\/www.meatprocessingmachine.org\/wp-content\/uploads\/2021\/09\/Poultry-feather-removing-machine-4.png\" alt=\"Maszyna do usuwania pi\u00f3r kurzych\" class=\"wp-image-1935\" width=\"720\" height=\"540\" title=\"\"><figcaption> Maszyna do usuwania pi\u00f3r z drobiu <\/figcaption><\/figure>    <figure class=\"wp-block-table\"><table><tbody><tr><td>model<\/td><td>JQT500<\/td><td>JQT600<\/td><td>JQT800<\/td><\/tr><tr><td>rozmiar<\/td><td>700*620*850<\/td><td>800*720*900<\/td><td>&nbsp;\/<\/td><\/tr><tr><td>waga<\/td><td>80<\/td><td>95<\/td><td>&nbsp;\/<\/td><\/tr><tr><td>moc<\/td><td>0.75<\/td><td>0.75<\/td><td>7<\/td><\/tr><tr><td>Wydajno\u015b\u0107<\/td><td>1-2 szt.\/raz<\/td><td>2-3 szt.\/raz<\/td><td>101-2 szt.\/raz<\/td><\/tr><\/tbody><\/table><figcaption> Specyfikacje maszyny do usuwania pi\u00f3r z drobiu <\/figcaption><\/figure>    <h2 class=\"wp-block-heading\">Zastosowanie maszyny do usuwania pi\u00f3r z drobiu:<\/h2>    <figure class=\"wp-block-gallery has-nested-images columns-default is-cropped wp-block-gallery-4 is-layout-flex wp-block-gallery-is-layout-flex\"> <figure class=\"wp-block-image size-large\"><img loading=\"lazy\" decoding=\"async\" width=\"893\" height=\"525\" data-id=\"1929\" src=\"https:\/\/www.meatprocessingmachine.org\/wp-content\/uploads\/2021\/09\/Poultry-feather-removing-machine.png\" alt=\"\" class=\"wp-image-1929\" title=\"\" srcset=\"https:\/\/www.meatprocessingmachine.org\/wp-content\/uploads\/2021\/09\/Poultry-feather-removing-machine.png 893w, https:\/\/www.meatprocessingmachine.org\/wp-content\/uploads\/2021\/09\/Poultry-feather-removing-machine-300x176.png 300w, https:\/\/www.meatprocessingmachine.org\/wp-content\/uploads\/2021\/09\/Poultry-feather-removing-machine-768x452.png 768w\" sizes=\"auto, (max-width: 893px) 100vw, 893px\" \/><figcaption><\/figcaption><\/figure>    <figure class=\"wp-block-image size-large\"><img loading=\"lazy\" decoding=\"async\" width=\"922\" height=\"868\" data-id=\"1931\" src=\"https:\/\/www.meatprocessingmachine.org\/wp-content\/uploads\/2021\/09\/Poultry-feather-removing-machine-2.png\" alt=\"\" class=\"wp-image-1931\" title=\"\" srcset=\"https:\/\/www.meatprocessingmachine.org\/wp-content\/uploads\/2021\/09\/Poultry-feather-removing-machine-2.png 922w, https:\/\/www.meatprocessingmachine.org\/wp-content\/uploads\/2021\/09\/Poultry-feather-removing-machine-2-300x282.png 300w, https:\/\/www.meatprocessingmachine.org\/wp-content\/uploads\/2021\/09\/Poultry-feather-removing-machine-2-768x723.png 768w\" sizes=\"auto, (max-width: 922px) 100vw, 922px\" \/><figcaption><\/figcaption><\/figure>    <figure class=\"wp-block-image size-large\"><img loading=\"lazy\" decoding=\"async\" width=\"790\" height=\"510\" data-id=\"1932\" src=\"https:\/\/www.meatprocessingmachine.org\/wp-content\/uploads\/2021\/09\/Poultry-feather-removing-machine-3-1.png\" alt=\"\" class=\"wp-image-1932\" title=\"\" srcset=\"https:\/\/www.meatprocessingmachine.org\/wp-content\/uploads\/2021\/09\/Poultry-feather-removing-machine-3-1.png 790w, https:\/\/www.meatprocessingmachine.org\/wp-content\/uploads\/2021\/09\/Poultry-feather-removing-machine-3-1-300x194.png 300w, https:\/\/www.meatprocessingmachine.org\/wp-content\/uploads\/2021\/09\/Poultry-feather-removing-machine-3-1-768x496.png 768w\" sizes=\"auto, (max-width: 790px) 100vw, 790px\" \/><figcaption><\/figcaption><\/figure> <figcaption class=\"blocks-gallery-caption\"> Maszyna do usuwania pi\u00f3r z drobiu <\/figcaption><\/figure>    <p>4. Sparzy\u0107 namoczone kurczaki i kaczki w gor\u0105cej wodzie w temperaturze oko\u0142o 75 stopni i miesza\u0107 je drewnian\u0105 \u0142opatk\u0105, aby ca\u0142e cia\u0142o by\u0142o r\u00f3wnomiernie podgrzane.<\/p>    <p>5. W\u0142\u00f3\u017c sparzone kurczaki i kaczki do maszyny, mo\u017cesz w\u0142o\u017cy\u0107 1-5 na raz.<\/p>    <p>6. W\u0142\u0105cz prze\u0142\u0105cznik no\u017cowy, uruchom maszyn\u0119, a podczas pracy dodawaj wod\u0119 do drobiu, najlepiej gor\u0105c\u0105 wod\u0119. Pi\u00f3ra i brud b\u0119d\u0105 usuwane razem z wod\u0105. Woda mo\u017ce by\u0107 recyklingowana, a pi\u00f3ra zostan\u0105 usuni\u0119te w ci\u0105gu jednej minuty. Usuwa ca\u0142y brud ze sk\u00f3ry z ca\u0142ego cia\u0142a.<\/p>    <p>Rozprzestrzeniaj mi\u0142o\u015b\u0107<\/p>    <p>Shuliy<\/p>    <p>Zhengzhou Taizy Machinery Co., Ltd zajmuje si\u0119 g\u0142\u00f3wnie maszynami do przetwarzania mi\u0119sa.<\/p>    <h2 class=\"wp-block-heading\">Film maszyny do usuwania pi\u00f3r z kurczaka <\/h2>    <figure class=\"wp-block-embed is-type-video is-provider-youtube wp-block-embed-youtube\"><div class=\"wp-block-embed__wrapper\"> <iframe loading=\"lazy\" title=\"Maszyna do usuwania pi\u00f3r z drobiu 3 1\" width=\"500\" height=\"281\" src=\"https:\/\/www.youtube.com\/embed\/KusHLiJCVtc?feature=oembed\" frameborder=\"0\" allow=\"accelerometer; autoplay; clipboard-write; encrypted-media; gyroscope; picture-in-picture; web-share\" referrerpolicy=\"strict-origin-when-cross-origin\" allowfullscreen><\/iframe> <\/div><\/figure>","protected":false},"excerpt":{"rendered":"<p>hine can automatically remove hair from poultry, including chickens, ducks, geese, rabbits and other poultry, some slaughterhouses and chicken suppliers handle chicken? It is very unrealistic to use manual operations. The feather plucking machine can quickly remove the feathers. So how does it work?<\/p>","protected":false},"author":1,"featured_media":1985,"parent":0,"template":"","product-type":[583],"class_list":["post-1911","product","type-product","status-publish","has-post-thumbnail","hentry","product-type-chicken-turkey"],"_links":{"self":[{"href":"https:\/\/www.meatprocessingmachine.org\/pl\/wp-json\/wp\/v2\/product\/1911","targetHints":{"allow":["GET"]}}],"collection":[{"href":"https:\/\/www.meatprocessingmachine.org\/pl\/wp-json\/wp\/v2\/product"}],"about":[{"href":"https:\/\/www.meatprocessingmachine.org\/pl\/wp-json\/wp\/v2\/types\/product"}],"author":[{"embeddable":true,"href":"https:\/\/www.meatprocessingmachine.org\/pl\/wp-json\/wp\/v2\/users\/1"}],"wp:featuredmedia":[{"embeddable":true,"href":"https:\/\/www.meatprocessingmachine.org\/pl\/wp-json\/wp\/v2\/media\/1985"}],"wp:attachment":[{"href":"https:\/\/www.meatprocessingmachine.org\/pl\/wp-json\/wp\/v2\/media?parent=1911"}],"wp:term":[{"taxonomy":"product-type","embeddable":true,"href":"https:\/\/www.meatprocessingmachine.org\/pl\/wp-json\/wp\/v2\/product-type?post=1911"}],"curies":[{"name":"wp","href":"https:\/\/api.w.org\/{rel}","templated":true}]}}