{"id":2220,"date":"2021-10-20T17:09:40","date_gmt":"2021-10-20T09:09:40","guid":{"rendered":"https:\/\/www.meatprocessingmachine.org\/?p=2220"},"modified":"2026-02-12T15:59:36","modified_gmt":"2026-02-12T07:59:36","slug":"frozen-meat-block-crushing-and-grinder-line","status":"publish","type":"product","link":"https:\/\/www.meatprocessingmachine.org\/pl\/frozen-meat-block-crushing-and-grinder-line.html","title":{"rendered":"Kominercyjna linia do kruszenia i mielenia mro\u017conych blok\u00f3w mi\u0119sa na sprzeda\u017c"},"content":{"rendered":"<div class=\"kk-star-ratings kksr-auto kksr-align-right kksr-valign-top\"     data-payload='{&quot;align&quot;:&quot;right&quot;,&quot;id&quot;:&quot;2220&quot;,&quot;slug&quot;:&quot;default&quot;,&quot;valign&quot;:&quot;top&quot;,&quot;ignore&quot;:&quot;&quot;,&quot;reference&quot;:&quot;auto&quot;,&quot;class&quot;:&quot;&quot;,&quot;count&quot;:&quot;0&quot;,&quot;legendonly&quot;:&quot;&quot;,&quot;readonly&quot;:&quot;&quot;,&quot;score&quot;:&quot;0&quot;,&quot;starsonly&quot;:&quot;&quot;,&quot;best&quot;:&quot;5&quot;,&quot;gap&quot;:&quot;5&quot;,&quot;greet&quot;:&quot;Rate this product&quot;,&quot;legend&quot;:&quot;0\\\/5 - (0 votes)&quot;,&quot;size&quot;:&quot;24&quot;,&quot;title&quot;:&quot;Commercial frozen meat block crushing and grinder line for sale&quot;,&quot;width&quot;:&quot;0&quot;,&quot;_legend&quot;:&quot;{score}\\\/{best} - ({count} {votes})&quot;,&quot;font_factor&quot;:&quot;1.25&quot;}'>              <div class=\"kksr-stars\">      <div class=\"kksr-stars-inactive\">             <div class=\"kksr-star\" data-star=\"1\" style=\"padding-right: 5px\">               <div class=\"kksr-icon\" style=\"width: 24px; height: 24px;\"><\/div>         <\/div>             <div class=\"kksr-star\" data-star=\"2\" style=\"padding-right: 5px\">               <div class=\"kksr-icon\" style=\"width: 24px; height: 24px;\"><\/div>         <\/div>             <div class=\"kksr-star\" data-star=\"3\" style=\"padding-right: 5px\">               <div class=\"kksr-icon\" style=\"width: 24px; height: 24px;\"><\/div>         <\/div>             <div class=\"kksr-star\" data-star=\"4\" style=\"padding-right: 5px\">               <div class=\"kksr-icon\" style=\"width: 24px; height: 24px;\"><\/div>         <\/div>             <div class=\"kksr-star\" data-star=\"5\" style=\"padding-right: 5px\">               <div class=\"kksr-icon\" style=\"width: 24px; height: 24px;\"><\/div>         <\/div>     <\/div>      <div class=\"kksr-stars-active\" style=\"width: 0px;\">             <div class=\"kksr-star\" style=\"padding-right: 5px\">               <div class=\"kksr-icon\" style=\"width: 24px; height: 24px;\"><\/div>         <\/div>             <div class=\"kksr-star\" style=\"padding-right: 5px\">               <div class=\"kksr-icon\" style=\"width: 24px; height: 24px;\"><\/div>         <\/div>             <div class=\"kksr-star\" style=\"padding-right: 5px\">               <div class=\"kksr-icon\" style=\"width: 24px; height: 24px;\"><\/div>         <\/div>             <div class=\"kksr-star\" style=\"padding-right: 5px\">               <div class=\"kksr-icon\" style=\"width: 24px; height: 24px;\"><\/div>         <\/div>             <div class=\"kksr-star\" style=\"padding-right: 5px\">               <div class=\"kksr-icon\" style=\"width: 24px; height: 24px;\"><\/div>         <\/div>     <\/div> <\/div>                   <div class=\"kksr-legend\" style=\"font-size: 19.2px;\">             <span class=\"kksr-muted\">Oce\u0144 ten produkt<\/span>     <\/div>     <\/div>  <p class=\"translation-block\"><strong>Linia do kruszenia i mielenia blok\u00f3w mi\u0119sa zamro\u017conego<\/strong>\u00a0jest procesem, kt\u00f3ry najpierw mo\u017ce kruszy\u0107 du\u017ce kawa\u0142ki zamro\u017conego mi\u0119sa, a nast\u0119pnie mieli\u0107 je na mas\u0119. A <a href=\"https:\/\/www.meatprocessingmachine.org\/pl\/products\/meat-grinding-machine\/\" data-type=\"URL\" data-id=\"https:\/\/www.meatprocessingmachine.org\/products\/meat-grinding-machine\/\">m\u0142ynek do mi\u0119sa <\/a>jest niezb\u0119dn\u0105 maszyn\u0105 do produkcji przetw\u00f3rstwa \u017cywno\u015bci mi\u0119snej, a maszyna mo\u017ce by\u0107 przetwarzana po przetworzeniu. Produkcja klopsik\u00f3w, kotlet\u00f3w kie\u0142basianych i innych produkt\u00f3w.<\/p>    <h2 class=\"wp-block-heading\" id=\"h-the-composition-of-the-frozen-meat-block-crushing-and-grinder-line\">Sk\u0142ad linii do kruszenia i mielenia blok\u00f3w mi\u0119sa zamro\u017conego<\/h2>    <figure class=\"wp-block-image size-full\"><img loading=\"lazy\" decoding=\"async\" width=\"720\" height=\"540\" src=\"https:\/\/www.meatprocessingmachine.org\/wp-content\/uploads\/2021\/10\/frozen-meat-block-crushing-and-grinder-line.webp\" alt=\"frozen meat block crushing and grinder line\" class=\"wp-image-34125\" title=\"\" srcset=\"https:\/\/www.meatprocessingmachine.org\/wp-content\/uploads\/2021\/10\/frozen-meat-block-crushing-and-grinder-line.webp 720w, https:\/\/www.meatprocessingmachine.org\/wp-content\/uploads\/2021\/10\/frozen-meat-block-crushing-and-grinder-line-300x225.webp 300w\" sizes=\"auto, (max-width: 720px) 100vw, 720px\" \/><figcaption class=\"wp-element-caption\">Linia do kruszenia i mielenia blok\u00f3w mi\u0119sa zamro\u017conego<\/figcaption><\/figure>    <p class=\"translation-block\">Linia produkcji puree mi\u0119snego dzieli si\u0119 na trzy cz\u0119\u015bci. Pierwsza to <a href=\"https:\/\/www.meatprocessingmachine.org\/pl\/frozen-meat-cutting-machine.html\/\" data-type=\"URL\" data-id=\"https:\/\/www.meatprocessingmachine.org\/frozen-meat-cutting-machine.html\">kruszarka do mi\u0119sa zamro\u017conego<\/a>. Du\u017ce kawa\u0142ki zamro\u017conego mi\u0119sa s\u0105 najpierw kruszone, nast\u0119pnie \u0142\u0105czone przez wind\u0119, a na ko\u0144cu przetwarzane w m\u0142ynku do mi\u0119sa.<\/p>    <h2 class=\"wp-block-heading\">Zamra\u017carka do mi\u0119sa blokowego<\/h2>   <div class=\"wp-block-image\"> <figure class=\"aligncenter\"><img loading=\"lazy\" decoding=\"async\" width=\"720\" height=\"540\" src=\"https:\/\/www.meatprocessingmachine.org\/wp-content\/uploads\/2021\/10\/Frozen-meat-blocker-cutter.jpg\" alt=\"twitter\" class=\"wp-image-2231\" title=\"\" srcset=\"https:\/\/www.meatprocessingmachine.org\/wp-content\/uploads\/2021\/10\/Frozen-meat-blocker-cutter.jpg 720w, https:\/\/www.meatprocessingmachine.org\/wp-content\/uploads\/2021\/10\/Frozen-meat-blocker-cutter-300x225.jpg 300w\" sizes=\"auto, (max-width: 720px) 100vw, 720px\" \/><figcaption class=\"wp-element-caption\">Zamra\u017carka do mi\u0119sa blokowego<\/figcaption><\/figure> <\/div>   <p class=\"translation-block\">Kruszarka do mi\u0119sa zamro\u017conego to maszyna, kt\u00f3ra mo\u017ce kroi\u0107 mi\u0119so zamro\u017cone bez ko\u015bci na kawa\u0142ki lub plastry. Zakres temperatury mi\u0119sa przetwarzanego przez maszyn\u0119 wynosi -18\u2103\u2014-24\u2103. Maszyna ma bardzo ostre ostrza, a twardo\u015b\u0107 ostrzy jest bardzo wysoka, aby chroni\u0107 maszyn\u0119 przed uszkodzeniem podczas przetwarzania du\u017cych kawa\u0142k\u00f3w zamro\u017conego mi\u0119sa. Przy zakupie maszyny musimy potwierdzi\u0107 rozmiar bloku mi\u0119sa zamro\u017conego z klientem. Zazwyczaj rozmiar bloku mi\u0119sa, kt\u00f3ry maszyna mo\u017ce obs\u0142u\u017cy\u0107, wynosi 780mm<em>510mm<\/em>180mm, ale mo\u017ce by\u0107 r\u00f3wnie\u017c dostosowany zgodnie z rozmiarem zamro\u017conego mi\u0119sa wymaganym przez klienta. <\/p>   <div class=\"wp-block-image\"> <figure class=\"aligncenter size-full\"><img loading=\"lazy\" decoding=\"async\" width=\"720\" height=\"540\" src=\"https:\/\/www.meatprocessingmachine.org\/wp-content\/uploads\/2021\/10\/Meat-Shredder-Test.png\" alt=\"Test rozdrabniacza do mi\u0119sa\" class=\"wp-image-32725\" title=\"\" srcset=\"https:\/\/www.meatprocessingmachine.org\/wp-content\/uploads\/2021\/10\/Meat-Shredder-Test.png 720w, https:\/\/www.meatprocessingmachine.org\/wp-content\/uploads\/2021\/10\/Meat-Shredder-Test-300x225.png 300w\" sizes=\"auto, (max-width: 720px) 100vw, 720px\" \/><figcaption class=\"wp-element-caption\">Test rozdrabniacza do mi\u0119sa<\/figcaption><\/figure> <\/div>   <p>Zasada dzia\u0142ania maszyny polega na tym, \u017ce maszyna przesuwa zamro\u017cone mi\u0119so do przodu przez cylinder z ty\u0142u, a nast\u0119pnie przechodzi przez wiruj\u0105ce ostrze o wysokiej pr\u0119dko\u015bci, a ca\u0142y kawa\u0142ek zamro\u017conego mi\u0119sa mo\u017ce by\u0107 roz\u0142o\u017cony. Wydajno\u015b\u0107 pracy kruszarki do mi\u0119sa zamro\u017conego jest bardzo wysoka i mo\u017ce osi\u0105gn\u0105\u0107 3-5 ton na godzin\u0119. M\u0142ynek do mi\u0119sa zamro\u017conego wykonany jest ze stali nierdzewnej 304, co zapewnia d\u0142ugotrwa\u0142e u\u017cytkowanie i du\u017c\u0105 wytrzyma\u0142o\u015b\u0107.<br><\/p>    <h3 class=\"wp-block-heading\">Parametry kruszarki do mi\u0119sa zamro\u017conego<\/h3>    <p>Napi\u0119cie: 380V<br>Wydajno\u015b\u0107: 5.5kw<br>Wydajno\u015b\u0107: 3-5 ton\/godzina<br>Waga: 600kg<br>Rozmiar korpusu: 1750\u00d7945\u00d71220 mm<\/p>    <h2 class=\"wp-block-heading\">Winda do p\u0142atk\u00f3w zamro\u017conych<\/h2>   <div class=\"wp-block-image\"> <figure class=\"aligncenter\"><img loading=\"lazy\" decoding=\"async\" width=\"720\" height=\"540\" src=\"https:\/\/www.meatprocessingmachine.org\/wp-content\/uploads\/2021\/10\/hoist.jpg\" alt=\"\" class=\"wp-image-2232\" title=\"\" srcset=\"https:\/\/www.meatprocessingmachine.org\/wp-content\/uploads\/2021\/10\/hoist.jpg 720w, https:\/\/www.meatprocessingmachine.org\/wp-content\/uploads\/2021\/10\/hoist-300x225.jpg 300w\" sizes=\"auto, (max-width: 720px) 100vw, 720px\" \/><figcaption class=\"wp-element-caption\">winda<\/figcaption><\/figure> <\/div>   <p>Winda \u0142\u0105czy kruszark\u0119 do mi\u0119sa zamro\u017conego i m\u0142ynek do mi\u0119sa, co lepiej realizuje automatyzacj\u0119, oszcz\u0119dza prac\u0119 i umo\u017cliwia automatyczne podawanie do m\u0142ynka do mi\u0119sa. Wysoko\u015b\u0107 i nachylenie windy mog\u0105 by\u0107 dostosowane do charakterystyki miejsca produkcji, z celem u\u0142atwienia podawania.<\/p>    <h2 class=\"wp-block-heading\">Maszyna do mielenia mi\u0119sa zamro\u017conego<\/h2>   <div class=\"wp-block-image\"> <figure class=\"aligncenter size-full\"><img loading=\"lazy\" decoding=\"async\" width=\"720\" height=\"540\" src=\"https:\/\/www.meatprocessingmachine.org\/wp-content\/uploads\/2021\/10\/meat-grinder.png\" alt=\"m\u0142ynek do mi\u0119sa\" class=\"wp-image-32723\" title=\"\" srcset=\"https:\/\/www.meatprocessingmachine.org\/wp-content\/uploads\/2021\/10\/meat-grinder.png 720w, https:\/\/www.meatprocessingmachine.org\/wp-content\/uploads\/2021\/10\/meat-grinder-300x225.png 300w\" sizes=\"auto, (max-width: 720px) 100vw, 720px\" \/><figcaption class=\"wp-element-caption\">m\u0142ynek do mi\u0119sa<\/figcaption><\/figure> <\/div>   <p>Kruszarka do mi\u0119sa zamro\u017conego to maszyna po kruszarce do mi\u0119sa zamro\u017conego. Po przej\u015bciu przez m\u0142ynek do mi\u0119sa, plastry mi\u0119sa lub ma\u0142e kawa\u0142ki mi\u0119sa mog\u0105 by\u0107 formowane w past\u0119 mi\u0119sn\u0105, co jest odpowiednie do produkcji produkt\u00f3w mi\u0119snych, takich jak kie\u0142basy i klopsiki. Wyj\u015bcie m\u0142ynka do mi\u0119sa zamro\u017conego sk\u0142ada si\u0119 z wst\u0119pnego no\u017ca tn\u0105cego, p\u0142yty perforowanej i wiert\u0142a.<\/p>    <h3 class=\"wp-block-heading\">Parametry m\u0142ynka do mi\u0119sa zamro\u017conego<\/h3>    <figure class=\"wp-block-table\"><table><tbody><tr><td><strong>model<\/strong><strong><\/strong><\/td><td><strong>Rozmiar (mm)<\/strong><strong><\/strong><\/td><td><strong>moc<\/strong><strong><\/strong><\/td><td><strong>pojemno\u015b\u0107<\/strong><strong><\/strong><\/td><\/tr><tr><td>&nbsp;SL-300<\/td><td>&nbsp;900*600*960<\/td><td>&nbsp;5,5 kW<\/td><td>300-500kg<\/td><\/tr><tr><td>&nbsp;&nbsp;SL-120<\/td><td>&nbsp;1050*600*1100&nbsp;&nbsp;<\/td><td>&nbsp;7.5kw<\/td><td>500-800kg<\/td><\/tr><tr><td>&nbsp;SL-130&nbsp;&nbsp;<\/td><td>&nbsp;1280*700*1130<\/td><td>&nbsp;8KW<\/td><td>&nbsp;800-1300kg\/h<\/td><\/tr><\/tbody><\/table><\/figure>    <h2 class=\"wp-block-heading\">\u015arodki ostro\u017cno\u015bci dotycz\u0105ce linii do kruszenia i mielenia blok\u00f3w mi\u0119sa zamro\u017conego<\/h2>    <p>(1) Przed pierwszym u\u017cyciem nowej maszyny nale\u017cy oczy\u015bci\u0107 wewn\u0119trzny wa\u0142 \u015brubowy, n\u00f3\u017c tn\u0105cy i n\u00f3\u017c wy\u0142adowczy, aby zapobiec pozostawieniu oleju przemys\u0142owego.<\/p>    <p>(2) Przed w\u0142\u0105czeniem sprawd\u017a, czy napi\u0119cie zasilania odpowiada tabliczce znamionowej urz\u0105dzenia. Obudowa urz\u0105dzenia musi by\u0107 dobrze uziemiona. Zaleca si\u0119 u\u017cycie wy\u0142\u0105cznika r\u00f3\u017cnicowego dla prze\u0142\u0105cznika zasilania.<\/p>    <p>(3) Przed mieleniem mi\u0119sa prosz\u0119 pokroi\u0107 mi\u0119so na ma\u0142e kawa\u0142ki, aby unikn\u0105\u0107 uszkodzenia maszyny.<\/p>    <p>(4) W\u0142\u0105cz zasilanie i dodaj mi\u0119so po normalnej pracy. Surowo zabrania si\u0119 wk\u0142adania r\u0119ki do zasobnika podczas dodawania mi\u0119sa, w przeciwnym razie mo\u017ce to spowodowa\u0107 obra\u017cenia.<\/p>    <p>(5) Kawa\u0142ki mi\u0119sa musz\u0105 by\u0107 dodawane r\u00f3wnomiernie i nie w nadmiarze, aby nie uszkodzi\u0107 silnika. Je\u015bli zauwa\u017cysz, \u017ce silnik nie dzia\u0142a prawid\u0142owo, nale\u017cy natychmiast odci\u0105\u0107 zasilanie i sprawdzi\u0107 przyczyn\u0119 po zatrzymaniu. <\/p>    <p>(6) Po u\u017cyciu wy\u0142\u0105cz zasilanie, rozmontuj g\u0142owic\u0119 i umyj j\u0105 czyst\u0105 wod\u0105, osusz lub wysusz. Najlepiej poczeka\u0107, a\u017c woda wyschnie, a nast\u0119pnie ponownie z\u0142o\u017cy\u0107, aby osi\u0105gn\u0105\u0107 najlepszy efekt konserwacji. Prosz\u0119 u\u017cywa\u0107 czterech ostrzy po u\u017cyciu no\u017ca i naoliwi\u0107 je do konserwacji.<\/p>    <h2 class=\"wp-block-heading\">Zalety linii do kruszenia i mielenia blok\u00f3w mi\u0119sa zamro\u017conego<\/h2>    <p>Due to meat transportation and storage requirements, general meat will be frozen into a large piece of meat, which is very hard, and ordinary meat grinders cannot directly divide and mince. Therefore, the meat crusher needs to be advanced and crushed before it can be put into the meat grinder. Avoid multiple thawing, which will cause the loss of nutrients in the meat&#8217;s taste. The machine knife is very hard and can handle frozen meat at -18\u00b0C.<\/p>   <div class=\"wp-block-image\"> <figure class=\"aligncenter\"><img loading=\"lazy\" decoding=\"async\" width=\"720\" height=\"540\" src=\"https:\/\/www.meatprocessingmachine.org\/wp-content\/uploads\/2021\/10\/frozen-meat-block-crushing-and-grinder-line-application.jpg\" alt=\"zastosowanie linii do kruszenia i mielenia blok\u00f3w mi\u0119sa zamro\u017conego \" class=\"wp-image-2235\" title=\"\" srcset=\"https:\/\/www.meatprocessingmachine.org\/wp-content\/uploads\/2021\/10\/frozen-meat-block-crushing-and-grinder-line-application.jpg 720w, https:\/\/www.meatprocessingmachine.org\/wp-content\/uploads\/2021\/10\/frozen-meat-block-crushing-and-grinder-line-application-300x225.jpg 300w\" sizes=\"auto, (max-width: 720px) 100vw, 720px\" \/><figcaption class=\"wp-element-caption\">zastosowanie linii do kruszenia i mielenia blok\u00f3w mi\u0119sa zamro\u017conego<\/figcaption><\/figure> <\/div>   <p class=\"translation-block\"><strong>Linia do kruszenia i mielenia blok\u00f3w mi\u0119sa zamro\u017conego<\/strong> jest procesem, kt\u00f3ry najpierw mo\u017ce kruszy\u0107 du\u017ce kawa\u0142ki zamro\u017conego mi\u0119sa, a nast\u0119pnie mieli\u0107 je na mas\u0119. M\u0142ynek do mi\u0119sa jest niezb\u0119dn\u0105 maszyn\u0105 do produkcji przetw\u00f3rstwa \u017cywno\u015bci mi\u0119snej, a maszyna mo\u017ce by\u0107 przetwarzana po przetworzeniu. Produkcja klopsik\u00f3w, kotlet\u00f3w kie\u0142basianych i innych produkt\u00f3w.<\/p>    <h2 class=\"wp-block-heading\">Film o linii do kruszenia i mielenia blok\u00f3w mi\u0119sa zamro\u017conego<\/h2>    <figure class=\"wp-block-embed is-type-video is-provider-youtube wp-block-embed-youtube wp-embed-aspect-16-9 wp-has-aspect-ratio\"><div class=\"wp-block-embed__wrapper\"> <iframe loading=\"lazy\" title=\"Linia rozdrabniacza i m\u0142ynka do zamro\u017conych blok\u00f3w mi\u0119sa na sprzeda\u017c | mro\u017cone bloki mi\u0119sa, rozdrabniacz\" width=\"500\" height=\"281\" src=\"https:\/\/www.youtube.com\/embed\/ZRYqmhxR3_g?start=16&#038;feature=oembed\" frameborder=\"0\" allow=\"accelerometer; autoplay; clipboard-write; encrypted-media; gyroscope; picture-in-picture; web-share\" referrerpolicy=\"strict-origin-when-cross-origin\" allowfullscreen><\/iframe> <\/div><figcaption class=\"wp-element-caption\">Film o linii do kruszenia i mielenia blok\u00f3w mi\u0119sa zamro\u017conego<\/figcaption><\/figure>    <p><\/p>","protected":false},"excerpt":{"rendered":"<p>Frozen meat block crushing and grinder line&nbsp;is a process that can crush large pieces of frozen meat first, and then grind it into the mash. A meat grinder is a necessary machine for the production of meat food processing, and the machine can be processed after processing. Production of meatballs, sausage patties, and other products. [&hellip;]<\/p>\n","protected":false},"author":1,"featured_media":2230,"parent":0,"template":"","product-type":[597],"class_list":["post-2220","product","type-product","status-publish","has-post-thumbnail","hentry","product-type-production-line"],"_links":{"self":[{"href":"https:\/\/www.meatprocessingmachine.org\/pl\/wp-json\/wp\/v2\/product\/2220","targetHints":{"allow":["GET"]}}],"collection":[{"href":"https:\/\/www.meatprocessingmachine.org\/pl\/wp-json\/wp\/v2\/product"}],"about":[{"href":"https:\/\/www.meatprocessingmachine.org\/pl\/wp-json\/wp\/v2\/types\/product"}],"author":[{"embeddable":true,"href":"https:\/\/www.meatprocessingmachine.org\/pl\/wp-json\/wp\/v2\/users\/1"}],"wp:featuredmedia":[{"embeddable":true,"href":"https:\/\/www.meatprocessingmachine.org\/pl\/wp-json\/wp\/v2\/media\/2230"}],"wp:attachment":[{"href":"https:\/\/www.meatprocessingmachine.org\/pl\/wp-json\/wp\/v2\/media?parent=2220"}],"wp:term":[{"taxonomy":"product-type","embeddable":true,"href":"https:\/\/www.meatprocessingmachine.org\/pl\/wp-json\/wp\/v2\/product-type?post=2220"}],"curies":[{"name":"wp","href":"https:\/\/api.w.org\/{rel}","templated":true}]}}