{"id":32290,"date":"2021-11-04T11:48:54","date_gmt":"2021-11-04T03:48:54","guid":{"rendered":"https:\/\/www.meatprocessingmachine.org\/?p=32290"},"modified":"2024-06-14T15:33:32","modified_gmt":"2024-06-14T07:33:32","slug":"frozen-block-breaker-for-meat","status":"publish","type":"product","link":"https:\/\/www.meatprocessingmachine.org\/pl\/frozen-block-breaker-for-meat.html","title":{"rendered":"Rozbijak zamro\u017conych blok\u00f3w mi\u0119sa do rozdrabniacza i kruszarki mi\u0119sa"},"content":{"rendered":"<div class=\"kk-star-ratings kksr-auto kksr-align-right kksr-valign-top\"     data-payload='{&quot;align&quot;:&quot;right&quot;,&quot;id&quot;:&quot;32290&quot;,&quot;slug&quot;:&quot;default&quot;,&quot;valign&quot;:&quot;top&quot;,&quot;ignore&quot;:&quot;&quot;,&quot;reference&quot;:&quot;auto&quot;,&quot;class&quot;:&quot;&quot;,&quot;count&quot;:&quot;0&quot;,&quot;legendonly&quot;:&quot;&quot;,&quot;readonly&quot;:&quot;&quot;,&quot;score&quot;:&quot;0&quot;,&quot;starsonly&quot;:&quot;&quot;,&quot;best&quot;:&quot;5&quot;,&quot;gap&quot;:&quot;5&quot;,&quot;greet&quot;:&quot;Rate this product&quot;,&quot;legend&quot;:&quot;0\\\/5 - (0 votes)&quot;,&quot;size&quot;:&quot;24&quot;,&quot;title&quot;:&quot;Frozen meat block breaker for meat flaker and crusher&quot;,&quot;width&quot;:&quot;0&quot;,&quot;_legend&quot;:&quot;{score}\\\/{best} - ({count} {votes})&quot;,&quot;font_factor&quot;:&quot;1.25&quot;}'>              <div class=\"kksr-stars\">      <div class=\"kksr-stars-inactive\">             <div class=\"kksr-star\" data-star=\"1\" style=\"padding-right: 5px\">               <div class=\"kksr-icon\" style=\"width: 24px; height: 24px;\"><\/div>         <\/div>             <div class=\"kksr-star\" data-star=\"2\" style=\"padding-right: 5px\">               <div class=\"kksr-icon\" style=\"width: 24px; height: 24px;\"><\/div>         <\/div>             <div class=\"kksr-star\" data-star=\"3\" style=\"padding-right: 5px\">               <div class=\"kksr-icon\" style=\"width: 24px; height: 24px;\"><\/div>         <\/div>             <div class=\"kksr-star\" data-star=\"4\" style=\"padding-right: 5px\">               <div class=\"kksr-icon\" style=\"width: 24px; height: 24px;\"><\/div>         <\/div>             <div class=\"kksr-star\" data-star=\"5\" style=\"padding-right: 5px\">               <div class=\"kksr-icon\" style=\"width: 24px; height: 24px;\"><\/div>         <\/div>     <\/div>      <div class=\"kksr-stars-active\" style=\"width: 0px;\">             <div class=\"kksr-star\" style=\"padding-right: 5px\">               <div class=\"kksr-icon\" style=\"width: 24px; height: 24px;\"><\/div>         <\/div>             <div class=\"kksr-star\" style=\"padding-right: 5px\">               <div class=\"kksr-icon\" style=\"width: 24px; height: 24px;\"><\/div>         <\/div>             <div class=\"kksr-star\" style=\"padding-right: 5px\">               <div class=\"kksr-icon\" style=\"width: 24px; height: 24px;\"><\/div>         <\/div>             <div class=\"kksr-star\" style=\"padding-right: 5px\">               <div class=\"kksr-icon\" style=\"width: 24px; height: 24px;\"><\/div>         <\/div>             <div class=\"kksr-star\" style=\"padding-right: 5px\">               <div class=\"kksr-icon\" style=\"width: 24px; height: 24px;\"><\/div>         <\/div>     <\/div> <\/div>                   <div class=\"kksr-legend\" style=\"font-size: 19.2px;\">             <span class=\"kksr-muted\">Oce\u0144 ten produkt<\/span>     <\/div>     <\/div>  <p>Rozdrabniacz blok\u00f3w mi\u0119sa zamro\u017conego to maszyna s\u0142u\u017c\u0105ca do dzielenia ca\u0142ych zamro\u017conych kawa\u0142k\u00f3w mi\u0119sa i krojenia ich na mniejsze cz\u0119\u015bci. Maszyna przetwarza zamro\u017cone mi\u0119so bez ko\u015bci. Jest niezb\u0119dnym narz\u0119dziem w procesie przetwarzania mi\u0119sa. Mo\u017ce s\u0142u\u017cy\u0107 jako etap wst\u0119pny do m\u0142ynka mi\u0119sa. W procesie produkcji kie\u0142bas i klopsik\u00f3w, rozdrabniacze mi\u0119sa zamro\u017conego s\u0142u\u017c\u0105 do przetwarzania surowc\u00f3w.<\/p>    <h2 class=\"wp-block-heading\" id=\"h-why-use-frozen-meat-block-breaker\">Dlaczego warto u\u017cywa\u0107 rozdrabniacza blok\u00f3w mi\u0119sa zamro\u017conego?<\/h2>    <p>Mro\u017cony rozdrabniacz mi\u0119sa mo\u017ce zapewni\u0107 \u015bwie\u017co\u015b\u0107 mi\u0119sa, unikn\u0105\u0107 utraty sk\u0142adnik\u00f3w od\u017cywczych podczas powtarzalnego rozmra\u017cania, wyeliminowa\u0107 etap rozmra\u017cania oraz skr\u00f3ci\u0107 czas przetwarzania produkt\u00f3w mi\u0119snych. Ponadto, wielokrotne zamra\u017canie zwi\u0119ksza obci\u0105\u017cenie zamra\u017carki podczas przetwarzania mi\u0119sa. Mo\u017ce realizowa\u0107 bliskie powi\u0105zanie mi\u0119dzy procesami, tworz\u0105c pe\u0142ny \u0142a\u0144cuch przemys\u0142owy.<\/p>    <h2 class=\"wp-block-heading\">Opis dzia\u0142ania mro\u017conego rozdrabniacza mi\u0119sa<\/h2>    <p class=\"translation-block\">Rozdrabniacz blok\u00f3w mi\u0119sa zamro\u017conego mo\u017ce pokroi\u0107 zamro\u017cone mi\u0119so na plasterki w ci\u0105gu dziesi\u0119ciu sekund. Wydajno\u015b\u0107 maszyny jest bardzo du\u017ca, co czyni j\u0105 odpowiedni\u0105 dla niekt\u00f3rych zak\u0142ad\u00f3w przetw\u00f3rstwa spo\u017cywczego. Ponadto jest to niezb\u0119dny sprz\u0119t w procesie rafinacji oleju. Surowce przetwarzane przez rozdrabniacz mi\u0119sa zamro\u017conego powinny mie\u0107 temperatur\u0119 od -4\u00b0C do -18\u00b0C, co pozwala na bezpo\u015brednie rozdrobnienie na mi\u0119so mielone, b\u0119d\u0105ce wst\u0119pnym etapem przed m\u0142ynkiem mi\u0119snym i <a href=\"https:\/\/www.meatprocessingmachine.org\/pl\/frozen-meat-grinder.html\/\">m\u0142ynkiem do mi\u0119sa<\/a>.<\/p>   <div class=\"wp-block-image\"> <figure class=\"aligncenter size-full\"><img loading=\"lazy\" decoding=\"async\" width=\"720\" height=\"540\" src=\"https:\/\/www.meatprocessingmachine.org\/wp-content\/uploads\/2021\/11\/meat-flaker-machine.jpg\" alt=\" Rozdrabniacz blok\u00f3w mi\u0119sa zamro\u017conego\" class=\"wp-image-32297\" title=\"\" srcset=\"https:\/\/www.meatprocessingmachine.org\/wp-content\/uploads\/2021\/11\/meat-flaker-machine.jpg 720w, https:\/\/www.meatprocessingmachine.org\/wp-content\/uploads\/2021\/11\/meat-flaker-machine-300x225.jpg 300w\" sizes=\"auto, (max-width: 720px) 100vw, 720px\" \/><figcaption class=\"wp-element-caption\"> Rozdrabniacz blok\u00f3w mi\u0119sa zamro\u017conego<\/figcaption><\/figure> <\/div>   <h2 class=\"wp-block-heading\">Por\u00f3wnanie mi\u0119sa zamro\u017conego i \u015bwie\u017cego<\/h2>    <p>Wiele os\u00f3b uwa\u017ca, \u017ce \u015bwie\u017ce mi\u0119so jest bardziej od\u017cywcze ni\u017c mi\u0119so zamro\u017cone. W rzeczywisto\u015bci, po obserwacji i badaniach, okazuje si\u0119, \u017ce \u015bwie\u017ce mi\u0119so nie jest bardziej od\u017cywcze i smaczne ni\u017c mi\u0119so zamro\u017cone. Wr\u0119cz przeciwnie, je\u015bli \u015bwie\u017ce mi\u0119so nie zostanie ugotowane lub zamro\u017cone na czas, mno\u017cy si\u0119 w nim du\u017ca liczba bakterii. Zimne, \u015bwie\u017ce mi\u0119so przechowuje si\u0119 w czasie w temperaturze -18\u00b0C. Po rozmro\u017ceniu nie wp\u0142ywa to na smak, a jest zdrowsze.<\/p>    <h2 class=\"wp-block-heading\">Budowa i zasada dzia\u0142ania rozdrabniacza mi\u0119sa zamro\u017conego<\/h2>   <div class=\"wp-block-image\"> <figure class=\"aligncenter size-full\"><img loading=\"lazy\" decoding=\"async\" width=\"720\" height=\"540\" src=\"https:\/\/www.meatprocessingmachine.org\/wp-content\/uploads\/2021\/11\/frozen-meat-breaker.webp\" alt=\"rozdrabniacz mi\u0119sa zamro\u017conego\" class=\"wp-image-34149\" title=\"\" srcset=\"https:\/\/www.meatprocessingmachine.org\/wp-content\/uploads\/2021\/11\/frozen-meat-breaker.webp 720w, https:\/\/www.meatprocessingmachine.org\/wp-content\/uploads\/2021\/11\/frozen-meat-breaker-300x225.webp 300w\" sizes=\"auto, (max-width: 720px) 100vw, 720px\" \/><figcaption class=\"wp-element-caption\">rozdrabniacz mi\u0119sa zamro\u017conego<\/figcaption><\/figure> <\/div>   <p>Rozdrabniacz blok\u00f3w mi\u0119sa zamro\u017conego wykorzystuje ci\u015bnienie pary jako \u017ar\u00f3d\u0142o zasilania. Blok mi\u0119sa zamro\u017conego jest wypychany do przodu przez cylinder, a n\u00f3\u017c przechodzi przez rozdrabniacz z r\u00f3wnomiern\u0105 pr\u0119dko\u015bci\u0105. N\u00f3\u017c obraca si\u0119 z du\u017c\u0105 pr\u0119dko\u015bci\u0105, rozdrabniaj\u0105c mi\u0119so. Ca\u0142y rozdrabniacz mi\u0119sa zamro\u017conego jest spawany. Technika ta zapewnia efekt antywibracyjny, maszyna jest stabilna w dzia\u0142aniu, a awaryjno\u015b\u0107 niska.<\/p>    <h2 class=\"wp-block-heading\">Parametry rozdrabniacza blok\u00f3w mi\u0119sa zamro\u017conego<\/h2>    <p>Standardowy rozmiar mi\u0119sa: 78*510*180mm<\/p>    <p>Wydajno\u015b\u0107: 3-5 ton\/godzina<\/p>    <p>Materia\u0142: stal nierdzewna 304<\/p>   <div class=\"wp-block-image\"> <figure class=\"aligncenter size-full\"><img loading=\"lazy\" decoding=\"async\" width=\"720\" height=\"540\" src=\"https:\/\/www.meatprocessingmachine.org\/wp-content\/uploads\/2021\/11\/details-of-frozen-block-breaker.jpg\" alt=\"details of frozen meat block breaker \" class=\"wp-image-32298\" title=\"\" srcset=\"https:\/\/www.meatprocessingmachine.org\/wp-content\/uploads\/2021\/11\/details-of-frozen-block-breaker.jpg 720w, https:\/\/www.meatprocessingmachine.org\/wp-content\/uploads\/2021\/11\/details-of-frozen-block-breaker-300x225.jpg 300w\" sizes=\"auto, (max-width: 720px) 100vw, 720px\" \/><figcaption class=\"wp-element-caption\">szczeg\u00f3\u0142y rozdrabniacza mi\u0119sa zamro\u017conego<\/figcaption><\/figure> <\/div>   <p>Og\u00f3lna wydajno\u015b\u0107 rozdrabniacza mi\u0119sa zamro\u017conego jest bardzo wysoka. \u015arednia wydajno\u015b\u0107 na godzin\u0119 wynosi 4 tony. Jest szczeg\u00f3lnie odpowiedni dla du\u017cych zak\u0142ad\u00f3w przetw\u00f3rstwa spo\u017cywczego i mi\u0119snego. Maszyna wykonana ze stali nierdzewnej, co u\u0142atwia czyszczenie i zapewnia d\u0142ug\u0105 \u017cywotno\u015b\u0107.<\/p>    <h2 class=\"wp-block-heading\">Charakterystyka krajalnicy mi\u0119sa zamro\u017conego<\/h2>    <p>Maszyna szybko przetwarza mi\u0119so, temperatura mi\u0119sa jest niska, a \u015bwie\u017co\u015b\u0107 mi\u0119sa jest gwarantowana<\/p>    <p>Silna zdolno\u015b\u0107 rozdrabniania, pe\u0142ne rozdrabnianie mi\u0119sa zamro\u017conego w kilka sekund, 3-5 ton na godzin\u0119<\/p>    <p>Mro\u017cony rozdrabniacz mi\u0119sa charakteryzuje si\u0119 niskim poziomem ha\u0142asu i stabiln\u0105 prac\u0105<\/p>   <div class=\"wp-block-image\"> <figure class=\"aligncenter size-full\"><img loading=\"lazy\" decoding=\"async\" width=\"720\" height=\"540\" src=\"https:\/\/www.meatprocessingmachine.org\/wp-content\/uploads\/2021\/11\/frozen-meat-slicer.jpg\" alt=\" Tarka do mi\u0119sa mro\u017conego  \" class=\"wp-image-32299\" title=\"\" srcset=\"https:\/\/www.meatprocessingmachine.org\/wp-content\/uploads\/2021\/11\/frozen-meat-slicer.jpg 720w, https:\/\/www.meatprocessingmachine.org\/wp-content\/uploads\/2021\/11\/frozen-meat-slicer-300x225.jpg 300w\" sizes=\"auto, (max-width: 720px) 100vw, 720px\" \/><figcaption class=\"wp-element-caption\"> Tarka do mi\u0119sa mro\u017conego  <\/figcaption><\/figure> <\/div>   <h2 class=\"wp-block-heading\">\u015arodki ostro\u017cno\u015bci przy instalacji i uruchomieniu rozdrabniacza mi\u0119sa zamro\u017conego<\/h2>    <p>Rozdrabniacz mi\u0119sa zamro\u017conego powinien by\u0107 umieszczony na p\u0142askiej i stabilnej powierzchni.<\/p>    <p>Rozdrabniacz mi\u0119sa musi by\u0107 wyposa\u017cony w pojemnik na mi\u0119so<\/p>    <p>W\u0142\u0105czanie zasilania, gdy uchwyt no\u017ca porusza si\u0119 w g\u00f3r\u0119 i w d\u00f3\u0142, powoli wypychaj zamro\u017cone mi\u0119so z otworu podaj\u0105cego i obserwuj grubo\u015b\u0107 plasterk\u00f3w mi\u0119sa.<\/p>    <h2 class=\"wp-block-heading\">Wideo rozdrabniacza blok\u00f3w mi\u0119sa zamro\u017conego  <\/h2>    <figure class=\"wp-block-embed is-type-video is-provider-youtube wp-block-embed-youtube wp-embed-aspect-16-9 wp-has-aspect-ratio\"><div class=\"wp-block-embed__wrapper\"> <iframe loading=\"lazy\" title=\"Linia rozdrabniacza i m\u0142ynka do zamro\u017conych blok\u00f3w mi\u0119sa na sprzeda\u017c | mro\u017cone bloki mi\u0119sa, rozdrabniacz\" width=\"500\" height=\"281\" src=\"https:\/\/www.youtube.com\/embed\/ZRYqmhxR3_g?start=8&#038;feature=oembed\" frameborder=\"0\" allow=\"accelerometer; autoplay; clipboard-write; encrypted-media; gyroscope; picture-in-picture; web-share\" referrerpolicy=\"strict-origin-when-cross-origin\" allowfullscreen><\/iframe> <\/div><\/figure>","protected":false},"excerpt":{"rendered":"<p>Rozdrabniacz blok\u00f3w mi\u0119sa zamro\u017conego to maszyna s\u0142u\u017c\u0105ca do dzielenia ca\u0142ych zamro\u017conych kawa\u0142k\u00f3w mi\u0119sa i krojenia ich na mniejsze cz\u0119\u015bci. Maszyna przetwarza zamro\u017cone mi\u0119so bez ko\u015bci. Jest niezb\u0119dnym narz\u0119dziem w procesie przetwarzania mi\u0119sa. Mo\u017ce s\u0142u\u017cy\u0107 jako etap wst\u0119pny do m\u0142ynka mi\u0119sa. W procesie produkcji kie\u0142bas i klopsik\u00f3w, rozdrabniacze mi\u0119sa zamro\u017conego s\u0142u\u017c\u0105 do przetwarzania surowc\u00f3w.<\/p>","protected":false},"author":1,"featured_media":32296,"parent":0,"template":"","product-type":[589],"class_list":["post-32290","product","type-product","status-publish","has-post-thumbnail","hentry","product-type-meat-cutting-machine"],"_links":{"self":[{"href":"https:\/\/www.meatprocessingmachine.org\/pl\/wp-json\/wp\/v2\/product\/32290","targetHints":{"allow":["GET"]}}],"collection":[{"href":"https:\/\/www.meatprocessingmachine.org\/pl\/wp-json\/wp\/v2\/product"}],"about":[{"href":"https:\/\/www.meatprocessingmachine.org\/pl\/wp-json\/wp\/v2\/types\/product"}],"author":[{"embeddable":true,"href":"https:\/\/www.meatprocessingmachine.org\/pl\/wp-json\/wp\/v2\/users\/1"}],"wp:featuredmedia":[{"embeddable":true,"href":"https:\/\/www.meatprocessingmachine.org\/pl\/wp-json\/wp\/v2\/media\/32296"}],"wp:attachment":[{"href":"https:\/\/www.meatprocessingmachine.org\/pl\/wp-json\/wp\/v2\/media?parent=32290"}],"wp:term":[{"taxonomy":"product-type","embeddable":true,"href":"https:\/\/www.meatprocessingmachine.org\/pl\/wp-json\/wp\/v2\/product-type?post=32290"}],"curies":[{"name":"wp","href":"https:\/\/api.w.org\/{rel}","templated":true}]}}