{"id":32791,"date":"2022-02-08T17:11:53","date_gmt":"2022-02-08T09:11:53","guid":{"rendered":"https:\/\/www.meatprocessingmachine.org\/?p=32791"},"modified":"2024-06-17T10:15:44","modified_gmt":"2024-06-17T02:15:44","slug":"power-scrub-egg-washing-machine","status":"publish","type":"product","link":"https:\/\/www.meatprocessingmachine.org\/pl\/power-scrub-egg-washing-machine.html","title":{"rendered":"Automatyczna maszyna do mycia jaj | maszyna do czyszczenia jaj z mocnym szorowaniem"},"content":{"rendered":"<div class=\"kk-star-ratings kksr-auto kksr-align-right kksr-valign-top\"     data-payload='{&quot;align&quot;:&quot;right&quot;,&quot;id&quot;:&quot;32791&quot;,&quot;slug&quot;:&quot;default&quot;,&quot;valign&quot;:&quot;top&quot;,&quot;ignore&quot;:&quot;&quot;,&quot;reference&quot;:&quot;auto&quot;,&quot;class&quot;:&quot;&quot;,&quot;count&quot;:&quot;0&quot;,&quot;legendonly&quot;:&quot;&quot;,&quot;readonly&quot;:&quot;&quot;,&quot;score&quot;:&quot;0&quot;,&quot;starsonly&quot;:&quot;&quot;,&quot;best&quot;:&quot;5&quot;,&quot;gap&quot;:&quot;5&quot;,&quot;greet&quot;:&quot;Rate this product&quot;,&quot;legend&quot;:&quot;0\\\/5 - (0 votes)&quot;,&quot;size&quot;:&quot;24&quot;,&quot;title&quot;:&quot;Automatic egg washing machine | power scrub egg cleaning machine&quot;,&quot;width&quot;:&quot;0&quot;,&quot;_legend&quot;:&quot;{score}\\\/{best} - ({count} {votes})&quot;,&quot;font_factor&quot;:&quot;1.25&quot;}'>              <div class=\"kksr-stars\">      <div class=\"kksr-stars-inactive\">             <div class=\"kksr-star\" data-star=\"1\" style=\"padding-right: 5px\">               <div class=\"kksr-icon\" style=\"width: 24px; height: 24px;\"><\/div>         <\/div>             <div class=\"kksr-star\" data-star=\"2\" style=\"padding-right: 5px\">               <div class=\"kksr-icon\" style=\"width: 24px; height: 24px;\"><\/div>         <\/div>             <div class=\"kksr-star\" data-star=\"3\" style=\"padding-right: 5px\">               <div class=\"kksr-icon\" style=\"width: 24px; height: 24px;\"><\/div>         <\/div>             <div class=\"kksr-star\" data-star=\"4\" style=\"padding-right: 5px\">               <div class=\"kksr-icon\" style=\"width: 24px; height: 24px;\"><\/div>         <\/div>             <div class=\"kksr-star\" data-star=\"5\" style=\"padding-right: 5px\">               <div class=\"kksr-icon\" style=\"width: 24px; height: 24px;\"><\/div>         <\/div>     <\/div>      <div class=\"kksr-stars-active\" style=\"width: 0px;\">             <div class=\"kksr-star\" style=\"padding-right: 5px\">               <div class=\"kksr-icon\" style=\"width: 24px; height: 24px;\"><\/div>         <\/div>             <div class=\"kksr-star\" style=\"padding-right: 5px\">               <div class=\"kksr-icon\" style=\"width: 24px; height: 24px;\"><\/div>         <\/div>             <div class=\"kksr-star\" style=\"padding-right: 5px\">               <div class=\"kksr-icon\" style=\"width: 24px; height: 24px;\"><\/div>         <\/div>             <div class=\"kksr-star\" style=\"padding-right: 5px\">               <div class=\"kksr-icon\" style=\"width: 24px; height: 24px;\"><\/div>         <\/div>             <div class=\"kksr-star\" style=\"padding-right: 5px\">               <div class=\"kksr-icon\" style=\"width: 24px; height: 24px;\"><\/div>         <\/div>     <\/div> <\/div>                   <div class=\"kksr-legend\" style=\"font-size: 19.2px;\">             <span class=\"kksr-muted\">Oce\u0144 ten produkt<\/span>     <\/div>     <\/div>  <p>Przeno\u015bnik maszyny do mycia jaj <\/p>    <p class=\"translation-block\">Maszyna do czyszczenia jaj sk\u0142ada si\u0119 g\u0142\u00f3wnie z dw\u00f3ch cz\u0119\u015bci: mycia jaj i suszenia jaj, oraz lekkiej inspekcji. Mo\u017cemy r\u00f3wnie\u017c dostarczy\u0107 <a href=\"https:\/\/www.meatprocessingmachine.org\/pl\/egg-processing-line-for-washing-and-grading.html\/\">urz\u0105dzenia do sortowania i wa\u017cenia jaj<\/a> oraz maszyny do kodowania. Sprz\u0119t do czyszczenia jaj jest odpowiedni dla farm, hurtowni jaj i supermarket\u00f3w.<\/p>    <figure class=\"wp-block-image size-full\"><img loading=\"lazy\" decoding=\"async\" width=\"720\" height=\"540\" src=\"https:\/\/www.meatprocessingmachine.org\/wp-content\/uploads\/2022\/02\/egg-cleaning.png\" alt=\"maszyna do czyszczenia jaj\" class=\"wp-image-32797\" title=\"\" srcset=\"https:\/\/www.meatprocessingmachine.org\/wp-content\/uploads\/2022\/02\/egg-cleaning.png 720w, https:\/\/www.meatprocessingmachine.org\/wp-content\/uploads\/2022\/02\/egg-cleaning-300x225.png 300w\" sizes=\"auto, (max-width: 720px) 100vw, 720px\" \/><figcaption class=\"wp-element-caption\">Zawarto\u015b\u0107<\/figcaption><\/figure>    <h2 class=\"wp-block-heading\">Zalety urz\u0105dzenia do mycia jaj<\/h2>    <figure class=\"wp-block-embed is-type-video is-provider-youtube wp-block-embed-youtube wp-embed-aspect-16-9 wp-has-aspect-ratio\"><div class=\"wp-block-embed__wrapper\"> <iframe loading=\"lazy\" title=\"Power scrub egg washing machine | Linia produkcyjna do mycia jaj | Jak myjemy 5500 jaj na godzin\u0119?\" width=\"500\" height=\"281\" src=\"https:\/\/www.youtube.com\/embed\/v77eyAo-Vbk?feature=oembed\" frameborder=\"0\" allow=\"accelerometer; autoplay; clipboard-write; encrypted-media; gyroscope; picture-in-picture; web-share\" referrerpolicy=\"strict-origin-when-cross-origin\" allowfullscreen><\/iframe> <\/div><figcaption class=\"wp-element-caption\">Z automatycznym czyszczeniem, jedna osoba sk\u0142ada jajka, wysok\u0105 wydajno\u015bci\u0105.<\/figcaption><\/figure>    <h2 class=\"wp-block-heading\">R\u00f3\u017cne modele maszyny do mycia jaj<\/h2>    <ul class=\"wp-block-list\"> <li>Solidna konstrukcja, stabilne dzia\u0142anie, brak zator\u00f3w jaj, brak upuszcze\u0144 jaj, d\u0142ugi czas eksploatacji.<\/li>    <li>U\u017cywaj\u0105c stalowej szczotki ze stali nierdzewnej, maszyna do mycia jaj mo\u017ce automatycznie si\u0119 nap\u0119dza\u0107 i czy\u015bci\u0107.<\/li>    <li>Spryskiwanie i czyszczenie w pude\u0142ku, czysto i bez uszkodze\u0144.<\/li>    <li>Maszyna do mycia jaj w pojedynczym rz\u0119dzie to maszyna o ma\u0142ej wydajno\u015bci, \u015brednio 6000 sztuk na godzin\u0119. Maszyna do mycia jaj mo\u017ce automatycznie wykonywa\u0107 funkcj\u0119 sk\u0142adania jaj, oszcz\u0119dzaj\u0105c prac\u0119. Ko\u0142o gumowe do sk\u0142adania jaj jest wykonane z POM. Produkt z tego materia\u0142u jest higieniczny, bezpieczny i gwarantuje jako\u015b\u0107, jest bardzo odporne na zu\u017cycie.<\/li> <\/ul>    <h2 class=\"wp-block-heading\">Model 1: pojedynczy rz\u0105d do mycia jaj<\/h2>    <h3 class=\"wp-block-heading\">Parametry urz\u0105dzenia do mycia jaj w pojedynczym rz\u0119dzie<\/h3>    <p>Wizyta w fabryce maszyny do mycia jaj w pojedynczym rz\u0119dzie<\/p>    <figure class=\"wp-block-image size-full\"><img loading=\"lazy\" decoding=\"async\" width=\"720\" height=\"540\" src=\"https:\/\/www.meatprocessingmachine.org\/wp-content\/uploads\/2022\/02\/Single-row-egg-washing-machine-visit-factory.png\" alt=\"Podw\u00f3jna maszyna do mycia jaj w rz\u0119dach\" class=\"wp-image-32913\" title=\"\" srcset=\"https:\/\/www.meatprocessingmachine.org\/wp-content\/uploads\/2022\/02\/Single-row-egg-washing-machine-visit-factory.png 720w, https:\/\/www.meatprocessingmachine.org\/wp-content\/uploads\/2022\/02\/Single-row-egg-washing-machine-visit-factory-300x225.png 300w\" sizes=\"auto, (max-width: 720px) 100vw, 720px\" \/><figcaption class=\"wp-element-caption\">Wygl\u0105d: 6000*1200*1500 mm<\/figcaption><\/figure>    <h4 class=\"wp-block-heading\"><strong>Model 2: maszyna do mycia jaj w 2 rz\u0119dach<\/strong><\/h4>    <ul class=\"wp-block-list\"> <li>Wydajno\u015b\u0107: 5000-7000 sztuk\/godzin\u0119<\/li>    <li>Napi\u0119cie: 380V<\/li>    <li>Napi\u0119cie: 380V<\/li>    <li>W por\u00f3wnaniu z maszyn\u0105 do mycia jaj w pojedynczym rz\u0119dzie, wydajno\u015b\u0107 maszyny do mycia jaj w rz\u0119dach podw\u00f3jnych jest dwukrotnie wi\u0119ksza, ale zasada i struktura maszyny do czyszczenia jaj s\u0105 takie same, wi\u0119c mo\u017cna wybra\u0107 model maszyny w zale\u017cno\u015bci od dziennej ilo\u015bci do przetworzenia.<\/li> <\/ul>    <h3 class=\"wp-block-heading\">Parametry maszyny do mycia jaj w podw\u00f3jnym rz\u0119dzie<\/h3>    <p>Testowa maszyna do podw\u00f3jnej maszyny do mycia jaj<\/p>    <figure class=\"wp-block-image size-full\"><img loading=\"lazy\" decoding=\"async\" width=\"720\" height=\"540\" src=\"https:\/\/www.meatprocessingmachine.org\/wp-content\/uploads\/2022\/02\/Double-row-egg-washing-machine-factory-test-machine.png\" alt=\"Brudne jajka\" class=\"wp-image-32912\" title=\"\" srcset=\"https:\/\/www.meatprocessingmachine.org\/wp-content\/uploads\/2022\/02\/Double-row-egg-washing-machine-factory-test-machine.png 720w, https:\/\/www.meatprocessingmachine.org\/wp-content\/uploads\/2022\/02\/Double-row-egg-washing-machine-factory-test-machine-300x225.png 300w\" sizes=\"auto, (max-width: 720px) 100vw, 720px\" \/><figcaption class=\"wp-element-caption\">Wygl\u0105d: 6800*1600*1500 mm<\/figcaption><\/figure>    <h4 class=\"wp-block-heading\"><strong>Dlaczego warto u\u017cywa\u0107 maszyny do mycia jaj?<\/strong><\/h4>    <ul class=\"wp-block-list\"> <li>Wydajno\u015b\u0107: 10000-14000 sztuk\/godzin\u0119<\/li>    <li>Moc ca\u0142kowita: 12,5 kW<\/li>    <li>Napi\u0119cie: 380V<\/li>    <li>Ze wzgl\u0119du na du\u017c\u0105 liczb\u0119 aparat\u00f3w szparkowych na powierzchni jaj, mikroorganizmy i patogeny mog\u0105 wnika\u0107 do wn\u0119trza jaj przez aparaty szparkowe i mno\u017cy\u0107 si\u0119 w du\u017cych ilo\u015bciach. Jako\u015b\u0107 jaj jest nie tylko powa\u017cnie naruszona, ale tak\u017ce stanowi zagro\u017cenie dla zdrowia konsumenta.<\/li> <\/ul>    <h2 class=\"wp-block-heading\" id=\"h-why-use-an-egg-washing-machine\">Zagro\u017cenia zwi\u0105zane z bezpo\u015bredni\u0105 sprzeda\u017c\u0105 brudnych jaj<\/h2>    <p class=\"translation-block\">Because eggs are produced through the animal&#8217;s cloaca, many gut microbes are attached to the surface of the egg, and in a typical environment, they can be infected with a large number of disease-causing bacteria. The experiments showed that 10% of the eggs used in the experiment had <a href=\"https:\/\/en.wikipedia.org\/wiki\/Salmonella\" target=\"_blank\" rel=\"noopener\">Salmonella<\/a> on the surface, while 64% had Escherichia coli on the surface. <\/p>    <p>Brudne jajka<\/p>    <h2 class=\"wp-block-heading\">Jak korzysta\u0107 z maszyny do czyszczenia jaj?<\/h2>    <figure class=\"wp-block-image size-full\"><img loading=\"lazy\" decoding=\"async\" width=\"720\" height=\"540\" src=\"https:\/\/www.meatprocessingmachine.org\/wp-content\/uploads\/2022\/02\/dirty-eggs.png\" alt=\"dirty eggs\" class=\"wp-image-32794\" title=\"\" srcset=\"https:\/\/www.meatprocessingmachine.org\/wp-content\/uploads\/2022\/02\/dirty-eggs.png 720w, https:\/\/www.meatprocessingmachine.org\/wp-content\/uploads\/2022\/02\/dirty-eggs-300x225.png 300w\" sizes=\"auto, (max-width: 720px) 100vw, 720px\" \/><figcaption class=\"wp-element-caption\">Wp\u0142ywa na sprzeda\u017c. Wiele jaj nie jest czyszczonych i sprzedawanych bezpo\u015brednio, powierzchnia jest brudna, a wielu konsument\u00f3w nie chce takich jaj kupowa\u0107.<\/figcaption><\/figure>    <ul class=\"wp-block-list\"> <li>Kr\u00f3tki czas przechowywania. Brudne jajka nie s\u0105 czyszczone, na powierzchni jest wiele mikroorganizm\u00f3w. Podczas przechowywania, wn\u0119trze jaj jest ci\u0105gle nara\u017cone na dzia\u0142anie, co powoduje ci\u0105g\u0142y wzrost liczby z\u0142ych jajek. Jajka s\u0105 myte, aby wyd\u0142u\u017cy\u0107 ich trwa\u0142o\u015b\u0107.<\/li>    <li>Brudne jajka \u0142atwo rozprzestrzeniaj\u0105 choroby. Jajka s\u0105 bezpo\u015brednio wy\u0142\u0105czone z narz\u0105d\u00f3w rozrodczych kur. Powierzchnia jaj jest zazwyczaj podatna na fekalia, plamy krwi itp., co mo\u017ce \u0142atwo zanieczy\u015bci\u0107 \u015brodowisko i rozprzestrzenia\u0107 choroby.<\/li>    <li>U\u017cyj maszyny do mycia jaj<\/li> <\/ul>    <h2 class=\"wp-block-heading\">Sk\u0142adniki maszyny do czyszczenia jaj<\/h2>    <figure class=\"wp-block-image size-full\"><img loading=\"lazy\" decoding=\"async\" width=\"720\" height=\"540\" src=\"https:\/\/www.meatprocessingmachine.org\/wp-content\/uploads\/2022\/02\/egg-washing-machine-2.png\" alt=\"use egg washing machine\" class=\"wp-image-32795\" title=\"\" srcset=\"https:\/\/www.meatprocessingmachine.org\/wp-content\/uploads\/2022\/02\/egg-washing-machine-2.png 720w, https:\/\/www.meatprocessingmachine.org\/wp-content\/uploads\/2022\/02\/egg-washing-machine-2-300x225.png 300w\" sizes=\"auto, (max-width: 720px) 100vw, 720px\" \/><figcaption class=\"wp-element-caption\">Maszyna do mycia jajek jest w pe\u0142ni automatyczna. Na wej\u015bciu do jaj jest du\u017cy zbiornik wodny, do kt\u00f3rego mo\u017cna bezpo\u015brednio wla\u0107 jajka. Dzi\u0119ki wyporno\u015bci wody mo\u017cna unikn\u0105\u0107 zderze\u0144 jajek. Jajka spadaj\u0105 na ta\u015bm\u0119 i s\u0105 transportowane do jajek przez ta\u015bm\u0119. Cz\u0119\u015b\u0107 szczotkowa do czyszczenia, po czyszczeniu, suszenie powietrzem, a nast\u0119pnie inspekcja optyczna, co wymaga r\u0119cznej kontroli.<\/figcaption><\/figure>    <p>Maszyna do czyszczenia jaj<\/p>    <h2 class=\"wp-block-heading\">Czy mi\u0119kkosk\u00f3rne jajka mog\u0105 korzysta\u0107 z maszyny do jaj? <\/h2>    <figure class=\"wp-block-image size-full\"><img loading=\"lazy\" decoding=\"async\" width=\"720\" height=\"540\" src=\"https:\/\/www.meatprocessingmachine.org\/wp-content\/uploads\/2022\/02\/egg-cleaning-machine-.png\" alt=\"Szczotka do mycia jajek \" class=\"wp-image-32796\" title=\"\" srcset=\"https:\/\/www.meatprocessingmachine.org\/wp-content\/uploads\/2022\/02\/egg-cleaning-machine-.png 720w, https:\/\/www.meatprocessingmachine.org\/wp-content\/uploads\/2022\/02\/egg-cleaning-machine--300x225.png 300w\" sizes=\"auto, (max-width: 720px) 100vw, 720px\" \/><figcaption class=\"wp-element-caption\">Automatyczna maszyna do mycia jaj sk\u0142ada si\u0119 z zbiornika wodnego, wa\u0142ka do jaj, szczotki do czyszczenia i ta\u015bmy transportowej. Materia\u0142 zbiornika wodnego to stal nierdzewna 304, \u0142atwa do czyszczenia, odporna na korozj\u0119 i \u0142atwa w utrzymaniu. Szczotka maszyny jest wykonana z specjalnie zaprojektowanego, odpornego na zu\u017cycie, zakrzywionego drutu. Po wielu eksperymentach znale\u017ali\u015bmy materia\u0142, kt\u00f3ry ma odpowiedni\u0105 twardo\u015b\u0107 bez uszkadzania powierzchni jajka. Ta szczotka ma dobr\u0105 zdolno\u015b\u0107 czyszczenia. Ta\u015bma transportowa jest wykonana z \u017cywno\u015bciowego PVC. Maszyna do mycia jaj jest og\u00f3lnie bezpieczna i niezawodna. <\/figcaption><\/figure>    <p>Szczotka do mycia jajek<\/p>    <h2 class=\"wp-block-heading\">Wideo o maszynie do mycia jaj<\/h2>    <figure class=\"wp-block-image size-full\"><img loading=\"lazy\" decoding=\"async\" width=\"720\" height=\"540\" src=\"https:\/\/www.meatprocessingmachine.org\/wp-content\/uploads\/2022\/02\/egg-washing-machine-brush.png\" alt=\"maszyna do czyszczenia jaj\" class=\"wp-image-32798\" title=\"\" srcset=\"https:\/\/www.meatprocessingmachine.org\/wp-content\/uploads\/2022\/02\/egg-washing-machine-brush.png 720w, https:\/\/www.meatprocessingmachine.org\/wp-content\/uploads\/2022\/02\/egg-washing-machine-brush-300x225.png 300w\" sizes=\"auto, (max-width: 720px) 100vw, 720px\" \/><figcaption class=\"wp-element-caption\">Istnieje wiele czynnik\u00f3w powoduj\u0105cych powstawanie jaj z mi\u0119kk\u0105 skorup\u0105 kacz\u0105. Je\u015bli samica jest przestraszona, brak wapnia, D3 i innych sk\u0142adnik\u00f3w w karmie mog\u0105 r\u00f3wnie\u017c powodowa\u0107 powstawanie du\u017cych obszar\u00f3w jaj z mi\u0119kk\u0105 skorup\u0105. Czy mo\u017cna je my\u0107 maszyn\u0105 do jaj? Og\u00f3lnie rzecz bior\u0105c, jajka z mi\u0119kk\u0105 skorup\u0105 s\u0105 mi\u0119kkie, ale zawieraj\u0105 wap\u0144, i maj\u0105 pewn\u0105 twardo\u015b\u0107. Jednak podczas korzystania z maszyny do kaczych jaj, nadal konieczne jest zmniejszenie mocy, aby zapobiec p\u0119kni\u0119ciu jaj.<\/figcaption><\/figure>    <p>Jajka z mi\u0119kk\u0105 skorup\u0105, takie jak kaczki, najlepiej czy\u015bci\u0107 r\u0119cznie, je\u015bli skorupa jest bardzo cienka. Maszyna do czyszczenia kaczych jaj u\u017cywa twardo\u015bci samego jajka do czyszczenia za pomoc\u0105 wa\u0142ka szczotkowego, je\u015bli skorupa jest zbyt mi\u0119kka, mo\u017ce zosta\u0107 przebita przez twarde w\u0142osie na wa\u0142ku.<\/p>    <p>Jajka o mi\u0119kkiej sk\u00f3rze<\/p>    <figure class=\"wp-block-image size-full\"><img loading=\"lazy\" decoding=\"async\" width=\"720\" height=\"540\" src=\"https:\/\/www.meatprocessingmachine.org\/wp-content\/uploads\/2022\/02\/soft-skin-eggs.png\" alt=\"soft-skin eggs\" class=\"wp-image-32801\" title=\"\" srcset=\"https:\/\/www.meatprocessingmachine.org\/wp-content\/uploads\/2022\/02\/soft-skin-eggs.png 720w, https:\/\/www.meatprocessingmachine.org\/wp-content\/uploads\/2022\/02\/soft-skin-eggs-300x225.png 300w\" sizes=\"auto, (max-width: 720px) 100vw, 720px\" \/><figcaption class=\"wp-element-caption\">Rozprzestrzeniaj mi\u0142o\u015b\u0107<\/figcaption><\/figure>","protected":false},"excerpt":{"rendered":"<p>Egg washing machine is a machine used to remove dirt and mud on the surface of eggs. Machine cleaning can achieve the standard of cleaning eggs. Egg washing machines can not only clean remember that, but also clean duck eggs, goose eggs, and other poultry eggs. The machine is mainly divided into two parts, egg washing and egg drying, and light inspection. We can also provide egg grading weighing equipment and coding machines. Egg cleaning equipment is suitable for farms, egg wholesale markets, and large supermarkets.<\/p>","protected":false},"author":1,"featured_media":32793,"parent":0,"template":"","product-type":[583],"class_list":["post-32791","product","type-product","status-publish","has-post-thumbnail","hentry","product-type-chicken-turkey"],"_links":{"self":[{"href":"https:\/\/www.meatprocessingmachine.org\/pl\/wp-json\/wp\/v2\/product\/32791","targetHints":{"allow":["GET"]}}],"collection":[{"href":"https:\/\/www.meatprocessingmachine.org\/pl\/wp-json\/wp\/v2\/product"}],"about":[{"href":"https:\/\/www.meatprocessingmachine.org\/pl\/wp-json\/wp\/v2\/types\/product"}],"author":[{"embeddable":true,"href":"https:\/\/www.meatprocessingmachine.org\/pl\/wp-json\/wp\/v2\/users\/1"}],"wp:featuredmedia":[{"embeddable":true,"href":"https:\/\/www.meatprocessingmachine.org\/pl\/wp-json\/wp\/v2\/media\/32793"}],"wp:attachment":[{"href":"https:\/\/www.meatprocessingmachine.org\/pl\/wp-json\/wp\/v2\/media?parent=32791"}],"wp:term":[{"taxonomy":"product-type","embeddable":true,"href":"https:\/\/www.meatprocessingmachine.org\/pl\/wp-json\/wp\/v2\/product-type?post=32791"}],"curies":[{"name":"wp","href":"https:\/\/api.w.org\/{rel}","templated":true}]}}