{"id":33820,"date":"2022-07-05T09:26:10","date_gmt":"2022-07-05T01:26:10","guid":{"rendered":"https:\/\/www.meatprocessingmachine.org\/?p=33820"},"modified":"2026-02-12T16:48:50","modified_gmt":"2026-02-12T08:48:50","slug":"burger-meat-patty-making-machine-meatloaf-forming-machine","status":"publish","type":"product","link":"https:\/\/www.meatprocessingmachine.org\/pl\/burger-meat-patty-making-machine-meatloaf-forming-machine.html","title":{"rendered":"Maszyna do formowania burger\u00f3w | Maszyna do formowania kotlet\u00f3w"},"content":{"rendered":"<div class=\"kk-star-ratings kksr-auto kksr-align-right kksr-valign-top\"     data-payload='{&quot;align&quot;:&quot;right&quot;,&quot;id&quot;:&quot;33820&quot;,&quot;slug&quot;:&quot;default&quot;,&quot;valign&quot;:&quot;top&quot;,&quot;ignore&quot;:&quot;&quot;,&quot;reference&quot;:&quot;auto&quot;,&quot;class&quot;:&quot;&quot;,&quot;count&quot;:&quot;0&quot;,&quot;legendonly&quot;:&quot;&quot;,&quot;readonly&quot;:&quot;&quot;,&quot;score&quot;:&quot;0&quot;,&quot;starsonly&quot;:&quot;&quot;,&quot;best&quot;:&quot;5&quot;,&quot;gap&quot;:&quot;5&quot;,&quot;greet&quot;:&quot;Rate this product&quot;,&quot;legend&quot;:&quot;0\\\/5 - (0 votes)&quot;,&quot;size&quot;:&quot;24&quot;,&quot;title&quot;:&quot;Burger meat patty-making machine | meatloaf forming machine&quot;,&quot;width&quot;:&quot;0&quot;,&quot;_legend&quot;:&quot;{score}\\\/{best} - ({count} {votes})&quot;,&quot;font_factor&quot;:&quot;1.25&quot;}'>              <div class=\"kksr-stars\">      <div class=\"kksr-stars-inactive\">             <div class=\"kksr-star\" data-star=\"1\" style=\"padding-right: 5px\">               <div class=\"kksr-icon\" style=\"width: 24px; height: 24px;\"><\/div>         <\/div>             <div class=\"kksr-star\" data-star=\"2\" style=\"padding-right: 5px\">               <div class=\"kksr-icon\" style=\"width: 24px; height: 24px;\"><\/div>         <\/div>             <div class=\"kksr-star\" data-star=\"3\" style=\"padding-right: 5px\">               <div class=\"kksr-icon\" style=\"width: 24px; height: 24px;\"><\/div>         <\/div>             <div class=\"kksr-star\" data-star=\"4\" style=\"padding-right: 5px\">               <div class=\"kksr-icon\" style=\"width: 24px; height: 24px;\"><\/div>         <\/div>             <div class=\"kksr-star\" data-star=\"5\" style=\"padding-right: 5px\">               <div class=\"kksr-icon\" style=\"width: 24px; height: 24px;\"><\/div>         <\/div>     <\/div>      <div class=\"kksr-stars-active\" style=\"width: 0px;\">             <div class=\"kksr-star\" style=\"padding-right: 5px\">               <div class=\"kksr-icon\" style=\"width: 24px; height: 24px;\"><\/div>         <\/div>             <div class=\"kksr-star\" style=\"padding-right: 5px\">               <div class=\"kksr-icon\" style=\"width: 24px; height: 24px;\"><\/div>         <\/div>             <div class=\"kksr-star\" style=\"padding-right: 5px\">               <div class=\"kksr-icon\" style=\"width: 24px; height: 24px;\"><\/div>         <\/div>             <div class=\"kksr-star\" style=\"padding-right: 5px\">               <div class=\"kksr-icon\" style=\"width: 24px; height: 24px;\"><\/div>         <\/div>             <div class=\"kksr-star\" style=\"padding-right: 5px\">               <div class=\"kksr-icon\" style=\"width: 24px; height: 24px;\"><\/div>         <\/div>     <\/div> <\/div>                   <div class=\"kksr-legend\" style=\"font-size: 19.2px;\">             <span class=\"kksr-muted\">Oce\u0144 ten produkt<\/span>     <\/div>     <\/div>  <p>Automatyczna maszyna do formowania burger\u00f3w, kt\u00f3ra szybko formuje kotlety, a ich kszta\u0142t mo\u017cna dostosowa\u0107. Na przyk\u0142ad, mo\u017ce produkowa\u0107 kotlety w kszta\u0142cie gwiazdy i udo kurczaka. Mo\u017cna to osi\u0105gn\u0105\u0107 przez zmian\u0119 formy maszyny. Maszyna do formowania burger\u00f3w mo\u017ce przetwarza\u0107 kotlety wo\u0142owe, kurczaka, ryb, krewetek, ziemniak\u00f3w i dyni, odpowiednia dla przemys\u0142u mi\u0119snego, restauracji, sto\u0142\u00f3wek, sklep\u00f3w z burgerami i innych miejsc. <\/p>    <figure class=\"wp-block-gallery has-nested-images columns-default is-cropped wp-block-gallery-2 is-layout-flex wp-block-gallery-is-layout-flex\"> <figure class=\"wp-block-image size-large\"><img loading=\"lazy\" decoding=\"async\" width=\"720\" height=\"540\" data-id=\"33833\" src=\"https:\/\/www.meatprocessingmachine.org\/wp-content\/uploads\/2022\/07\/SPB51005-raw-stacked-burgers-1.png\" alt=\"\" class=\"wp-image-33833\" title=\"\"><figcaption><\/figcaption><\/figure>    <figure class=\"wp-block-image size-large\"><img loading=\"lazy\" decoding=\"async\" width=\"720\" height=\"540\" data-id=\"33834\" src=\"https:\/\/www.meatprocessingmachine.org\/wp-content\/uploads\/2022\/07\/\u56fe\u72478.png\" alt=\"\" class=\"wp-image-33834\" title=\"\"><figcaption><\/figcaption><\/figure>    <figure class=\"wp-block-image size-large\"><img loading=\"lazy\" decoding=\"async\" width=\"720\" height=\"540\" data-id=\"33835\" src=\"https:\/\/www.meatprocessingmachine.org\/wp-content\/uploads\/2022\/07\/OIP.png\" alt=\"\" class=\"wp-image-33835\" title=\"\"><figcaption><\/figcaption><\/figure>    <figure class=\"wp-block-image size-large\"><img loading=\"lazy\" decoding=\"async\" width=\"720\" height=\"540\" data-id=\"33836\" src=\"https:\/\/www.meatprocessingmachine.org\/wp-content\/uploads\/2022\/07\/O1CN01l84kae1SohFGTSCiS_845992294.jpg_400x400-\u526f\u672c.png\" alt=\"\" class=\"wp-image-33836\" title=\"\"><figcaption><\/figcaption><\/figure>    <figure class=\"wp-block-image size-large\"><img loading=\"lazy\" decoding=\"async\" width=\"720\" height=\"540\" data-id=\"33837\" src=\"https:\/\/www.meatprocessingmachine.org\/wp-content\/uploads\/2022\/07\/\u56fe\u72471.png\" alt=\"\" class=\"wp-image-33837\" title=\"\"><figcaption><\/figcaption><\/figure>    <figure class=\"wp-block-image size-large\"><img loading=\"lazy\" decoding=\"async\" width=\"720\" height=\"540\" data-id=\"33838\" src=\"https:\/\/www.meatprocessingmachine.org\/wp-content\/uploads\/2022\/07\/u2057661609210569391fm199app68fPNG.png\" alt=\"\" class=\"wp-image-33838\" title=\"\"><figcaption><\/figcaption><\/figure> <\/figure>    <h2 class=\"wp-block-heading\" id=\"h-ingredients-for-burger-meat-patty-making-machine\">Sk\u0142adniki do maszyny do formowania burger\u00f3w<\/h2>   <div class=\"wp-block-image\"> <figure class=\"aligncenter size-full is-resized\"><img decoding=\"async\" src=\"https:\/\/www.meatprocessingmachine.org\/wp-content\/uploads\/2022\/07\/058fc544f0069cfd5496d497c978d99.jpg\" alt=\"Maszyna do prasowania kotlet\u00f3w wo\u0142owych\" class=\"wp-image-33824\" width=\"720\" title=\"\"><figcaption class=\"wp-element-caption\">Burger Meat Patty-Making Machine<\/figcaption><\/figure> <\/div>   <p>Surowce odpowiednie do maszyny do formowania: r\u00f3\u017cne rodzaje mi\u0119sa, w tym kurczak, wo\u0142owina, jagni\u0119cina i wieprzowina; produkty z owoc\u00f3w morza, ryby, krewetki, kalmary i \u0142ososie; mog\u0105 r\u00f3wnie\u017c przetwarza\u0107 warzywne ciasta, takie jak ziemniaki, s\u0142odkie ziemniaki, dynie, marchewki, zielona fasola, czerwone fasolki, b\u00f3b, soja, dla zr\u00f3wnowa\u017conego od\u017cywiania, mo\u017cna je miesza\u0107 z mi\u0119sem, rybami i warzywami. Przetworzone kotlety mo\u017cna wk\u0142ada\u0107 do hamburger\u00f3w.<\/p>    <h2 class=\"wp-block-heading\">Jak korzysta\u0107 z maszyny do formowania burger\u00f3w?<\/h2>   <div class=\"wp-block-image\"> <figure class=\"aligncenter size-full\"><img loading=\"lazy\" decoding=\"async\" width=\"720\" height=\"540\" src=\"https:\/\/www.meatprocessingmachine.org\/wp-content\/uploads\/2022\/07\/u19631668031616309069fm199app68fPNG.png\" alt=\"Maszyna do prasowania kotlet\u00f3w wo\u0142owych\" class=\"wp-image-33825\" title=\"\"><figcaption class=\"wp-element-caption\">Maszyna do prasowania kotlet\u00f3w wo\u0142owych<\/figcaption><\/figure> <\/div>   <p>Przed uruchomieniem maszyny do formowania kotlet\u00f3w burgerowych najpierw zamontuj wymagan\u0105 form\u0119 do formowania b\u0119bna mi\u0119sa, nast\u0119pnie otw\u00f3rz pokryw\u0119 cylindra materia\u0142owego, zamontuj p\u0119dzel do prasowania mi\u0119sa w cylindrze materia\u0142owym i dodaj przygotowane nadzienie mi\u0119sne do cylindra, na ko\u0144cu uruchom maszyn\u0119 do formowania. Po uruchomieniu maszyny do formowania, ostrze do prasowania mi\u0119sa w cylindrze obraca si\u0119 razem z ni\u0105 i ci\u0105gle dociska mi\u0119so do formy. Forma jest nast\u0119pnie odcinana na ta\u015bmie przez stalowy drut, tworz\u0105c cykl pracy formowania i wyj\u015bcia kotleta.<\/p>    <h2 class=\"wp-block-heading\">Sprz\u0119t do formowania kotlet\u00f3w hamburgerowych<\/h2>   <div class=\"wp-block-image\"> <figure class=\"aligncenter size-full\"><img loading=\"lazy\" decoding=\"async\" width=\"720\" height=\"540\" src=\"https:\/\/www.meatprocessingmachine.org\/wp-content\/uploads\/2022\/07\/u15355109621088436437fm199app68fJPEG.png\" alt=\"Maszyna do formowania burger\u00f3w\" class=\"wp-image-33826\" title=\"\"><figcaption class=\"wp-element-caption\">Maszyna do formowania kotlet\u00f3w burgerowych <\/figcaption><\/figure> <\/div>   <p class=\"translation-block\">Automatyczna maszyna do formowania kotlet\u00f3w hamburgerowych przetwarza mielone mi\u0119so na zaprojektowany kszta\u0142t i wag\u0119, mo\u017cna je przetwarza\u0107 na tr\u00f3jk\u0105tne, prostok\u0105tne, okr\u0105g\u0142e, w kszta\u0142cie serca i specjalne produkty, automatycznie ko\u0144czy proces nape\u0142niania, formowania i wyj\u015bcia mi\u0119sa.  m\u0142ynek do mi\u0119sa  mo\u017cna umie\u015bci\u0107 przed maszyn\u0105 do formowania, aby zmieli\u0107 mi\u0119so, a nast\u0119pnie w\u0142o\u017cy\u0107 do  mieszarki do mi\u0119sa , doda\u0107 przyprawy i warzywa, a maszyna mo\u017ce automatycznie miesza\u0107. Mo\u017ce by\u0107 sma\u017cone lub szybko zamra\u017cane, a po zako\u0144czeniu procesu mo\u017cna je r\u00f3wnie\u017c zapakowa\u0107 pr\u00f3\u017cniowo, co wyd\u0142u\u017ca trwa\u0142o\u015b\u0107 \u017cywno\u015bci. W ten spos\u00f3b, zamiast pracy r\u0119cznej, mo\u017cna przyspieszy\u0107 produkcj\u0119.<\/p>    <h2 class=\"wp-block-heading\">Dlaczego maszyna do prasowania kotlet\u00f3w wo\u0142owych mo\u017ce produkowa\u0107 r\u00f3\u017cne kszta\u0142ty kotlet\u00f3w<\/h2>    <figure class=\"wp-block-gallery has-nested-images columns-2 is-cropped wp-block-gallery-3 is-layout-flex wp-block-gallery-is-layout-flex\"> <figure class=\"wp-block-image size-large\"><img loading=\"lazy\" decoding=\"async\" width=\"720\" height=\"540\" data-id=\"33827\" src=\"https:\/\/www.meatprocessingmachine.org\/wp-content\/uploads\/2022\/07\/422919056768911247.png\" alt=\"meatloaf forming machine mold\" class=\"wp-image-33827\" title=\"\"><figcaption class=\"wp-element-caption\">Forma do formowania pasztet\u00f3w<\/figcaption><\/figure>    <figure class=\"wp-block-image size-large\"><img loading=\"lazy\" decoding=\"async\" width=\"720\" height=\"540\" data-id=\"33828\" src=\"https:\/\/www.meatprocessingmachine.org\/wp-content\/uploads\/2022\/07\/542820201130200308.png\" alt=\"meatloaf forming machine mold\" class=\"wp-image-33828\" title=\"\"><figcaption class=\"wp-element-caption\">Forma do formowania pasztet\u00f3w<\/figcaption><\/figure>    <figure class=\"wp-block-image size-large\"><img loading=\"lazy\" decoding=\"async\" width=\"720\" height=\"540\" data-id=\"33829\" src=\"https:\/\/www.meatprocessingmachine.org\/wp-content\/uploads\/2022\/07\/\u5fae\u4fe1\u622a\u56fe_20220704102149.png\" alt=\"heart shape meat patty\" class=\"wp-image-33829\" title=\"\"><figcaption class=\"wp-element-caption\">Kszta\u0142t serca mi\u0119sa<\/figcaption><\/figure>    <figure class=\"wp-block-image size-large\"><img loading=\"lazy\" decoding=\"async\" width=\"720\" height=\"540\" data-id=\"33830\" src=\"https:\/\/www.meatprocessingmachine.org\/wp-content\/uploads\/2022\/07\/0.147.png\" alt=\"round meat patty\" class=\"wp-image-33830\" title=\"\"><figcaption class=\"wp-element-caption\">Okr\u0105g\u0142y kotlet mi\u0119sa<\/figcaption><\/figure> <\/figure>    <p>Maszyny do formowania kotlet\u00f3w burgerowych mog\u0105 produkowa\u0107 kotlety w kszta\u0142cie okr\u0105g\u0142ym, tr\u00f3jk\u0105tnym, kwadratowym, w kszta\u0142cie serca i gwiazdy. Dlaczego jedna maszyna mo\u017ce tworzy\u0107 tak wiele r\u00f3\u017cnych kszta\u0142t\u00f3w? Powodem jest to, \u017ce formy maszyny mo\u017cna wymienia\u0107, zmieniaj\u0105c r\u00f3\u017cne formy, a maszyna do formowania pasztet\u00f3w mo\u017ce robi\u0107 kotlety o r\u00f3\u017cnych kszta\u0142tach.<\/p>    <h2 class=\"wp-block-heading\">Parametry maszyny do formowania pasztet\u00f3w<\/h2>    <p>Rozmiar: 850*600*1400mm<\/p>    <p>Waga: 100kg<\/p>    <p>Napi\u0119cie: 380V 50Hz, trzyfazowe zasilanie, napi\u0119cie 220V mo\u017cna zmieni\u0107, wymaga si\u0119 tr\u00f3jfazowego zasilania<\/p>    <p>Moc: 0,55 kW<\/p>    <h2 class=\"wp-block-heading\">Zaleta maszyny do formowania pasztet\u00f3w<\/h2>   <div class=\"wp-block-image\"> <figure class=\"aligncenter size-full\"><img loading=\"lazy\" decoding=\"async\" width=\"720\" height=\"540\" src=\"https:\/\/www.meatprocessingmachine.org\/wp-content\/uploads\/2022\/07\/\u5fae\u4fe1\u622a\u56fe_20220704102242.png\" alt=\"Maszyna do przetwarzania kotlet\u00f3w mi\u0119sa burgerowego\" class=\"wp-image-33832\" title=\"\"><figcaption class=\"wp-element-caption\">Maszyna do przetwarzania kotlet\u00f3w mi\u0119sa burgerowego<\/figcaption><\/figure> <\/div>   <p>1. Maszyna do formowania kotlet\u00f3w mi\u0119sa burgerowego korzysta z kontrolera PLC, kt\u00f3ry mo\u017ce samodzielnie przypisa\u0107 odpowiednie funkcje<\/p>    <p>2. Obudowa ze stali nierdzewnej, odporna na rdz\u0119, mo\u017ce by\u0107 u\u017cywana przez d\u0142ugi czas<\/p>    <p>3. Maszyna do prasowania kotlet\u00f3w wo\u0142owych charakteryzuje si\u0119 wysok\u0105 wydajno\u015bci\u0105, stabiln\u0105 pr\u0119dko\u015bci\u0105 i jednolitym kszta\u0142tem oraz rozmiarem mi\u0119sa.<\/p>    <p>4. Spersonalizowana forma do kotlet\u00f3w, umo\u017cliwiaj\u0105ca produkcj\u0119 r\u00f3\u017cnych kszta\u0142t\u00f3w, pi\u0119knych i kreatywnych<\/p>   <div class=\"wp-block-image\"> <figure class=\"aligncenter size-full\"><img loading=\"lazy\" decoding=\"async\" width=\"720\" height=\"540\" src=\"https:\/\/www.meatprocessingmachine.org\/wp-content\/uploads\/2022\/07\/\u5fae\u4fe1\u622a\u56fe_20220704102020.png\" alt=\"Maszyna do przetwarzania kotlet\u00f3w mi\u0119sa burgerowego\" class=\"wp-image-33839\" title=\"\"><figcaption class=\"wp-element-caption\">Maszyna do przetwarzania kotlet\u00f3w mi\u0119sa burgerowego<\/figcaption><\/figure> <\/div>   <h2 class=\"wp-block-heading\">Wideo maszyny do formowania burger\u00f3w<\/h2>    <figure class=\"wp-block-embed aligncenter is-type-video is-provider-youtube wp-block-embed-youtube\"><div class=\"wp-block-embed__wrapper\"> <iframe loading=\"lazy\" title=\"Nowa maszyna do formowania burger\u00f3w z 2022 roku | Automatyczna maszyna do formowania burger\u00f3w | Przetw\u00f3rstwo mi\u0119sa\" width=\"500\" height=\"281\" src=\"https:\/\/www.youtube.com\/embed\/4TSWc6f6DOY?feature=oembed\" frameborder=\"0\" allow=\"accelerometer; autoplay; clipboard-write; encrypted-media; gyroscope; picture-in-picture; web-share\" referrerpolicy=\"strict-origin-when-cross-origin\" allowfullscreen><\/iframe> <\/div><\/figure>","protected":false},"excerpt":{"rendered":"<p>Automatyczna maszyna do formowania burger\u00f3w, kt\u00f3ra szybko formuje kotlety, a ich kszta\u0142t mo\u017cna dostosowa\u0107. Na przyk\u0142ad, mo\u017ce produkowa\u0107 kotlety w kszta\u0142cie gwiazdy i udo kurczaka. Mo\u017cna to osi\u0105gn\u0105\u0107 przez zmian\u0119 formy maszyny. Maszyna do formowania burger\u00f3w mo\u017ce przetwarza\u0107 kotlety wo\u0142owe, kurczaka, ryb, krewetek, ziemniak\u00f3w i dyni, odpowiednia dla przemys\u0142u mi\u0119snego, restauracji, sto\u0142\u00f3wek, sklep\u00f3w z burgerami i innych miejsc. <\/p>","protected":false},"author":1,"featured_media":34114,"parent":0,"template":"","product-type":[582,583,584],"class_list":["post-33820","product","type-product","status-publish","has-post-thumbnail","hentry","product-type-cattle-sheep","product-type-chicken-turkey","product-type-fish"],"_links":{"self":[{"href":"https:\/\/www.meatprocessingmachine.org\/pl\/wp-json\/wp\/v2\/product\/33820","targetHints":{"allow":["GET"]}}],"collection":[{"href":"https:\/\/www.meatprocessingmachine.org\/pl\/wp-json\/wp\/v2\/product"}],"about":[{"href":"https:\/\/www.meatprocessingmachine.org\/pl\/wp-json\/wp\/v2\/types\/product"}],"author":[{"embeddable":true,"href":"https:\/\/www.meatprocessingmachine.org\/pl\/wp-json\/wp\/v2\/users\/1"}],"wp:featuredmedia":[{"embeddable":true,"href":"https:\/\/www.meatprocessingmachine.org\/pl\/wp-json\/wp\/v2\/media\/34114"}],"wp:attachment":[{"href":"https:\/\/www.meatprocessingmachine.org\/pl\/wp-json\/wp\/v2\/media?parent=33820"}],"wp:term":[{"taxonomy":"product-type","embeddable":true,"href":"https:\/\/www.meatprocessingmachine.org\/pl\/wp-json\/wp\/v2\/product-type?post=33820"}],"curies":[{"name":"wp","href":"https:\/\/api.w.org\/{rel}","templated":true}]}}