{"id":34714,"date":"2026-02-24T16:23:05","date_gmt":"2026-02-24T08:23:05","guid":{"rendered":"https:\/\/www.meatprocessingmachine.org\/?post_type=product&#038;p=34714"},"modified":"2026-03-06T09:58:31","modified_gmt":"2026-03-06T01:58:31","slug":"fresh-meat-strip-cutting-machine","status":"publish","type":"product","link":"https:\/\/www.meatprocessingmachine.org\/pl\/fresh-meat-strip-cutting-machine.html","title":{"rendered":"Nowa maszyna do krojenia mi\u0119sa na paski"},"content":{"rendered":"<div class=\"kk-star-ratings kksr-auto kksr-align-right kksr-valign-top\"     data-payload='{&quot;align&quot;:&quot;right&quot;,&quot;id&quot;:&quot;34714&quot;,&quot;slug&quot;:&quot;default&quot;,&quot;valign&quot;:&quot;top&quot;,&quot;ignore&quot;:&quot;&quot;,&quot;reference&quot;:&quot;auto&quot;,&quot;class&quot;:&quot;&quot;,&quot;count&quot;:&quot;0&quot;,&quot;legendonly&quot;:&quot;&quot;,&quot;readonly&quot;:&quot;&quot;,&quot;score&quot;:&quot;0&quot;,&quot;starsonly&quot;:&quot;&quot;,&quot;best&quot;:&quot;5&quot;,&quot;gap&quot;:&quot;5&quot;,&quot;greet&quot;:&quot;Rate this product&quot;,&quot;legend&quot;:&quot;0\\\/5 - (0 votes)&quot;,&quot;size&quot;:&quot;24&quot;,&quot;title&quot;:&quot;Fresh Meat Strip Cutting Machine&quot;,&quot;width&quot;:&quot;0&quot;,&quot;_legend&quot;:&quot;{score}\\\/{best} - ({count} {votes})&quot;,&quot;font_factor&quot;:&quot;1.25&quot;}'>              <div class=\"kksr-stars\">      <div class=\"kksr-stars-inactive\">             <div class=\"kksr-star\" data-star=\"1\" style=\"padding-right: 5px\">               <div class=\"kksr-icon\" style=\"width: 24px; height: 24px;\"><\/div>         <\/div>             <div class=\"kksr-star\" data-star=\"2\" style=\"padding-right: 5px\">               <div class=\"kksr-icon\" style=\"width: 24px; height: 24px;\"><\/div>         <\/div>             <div class=\"kksr-star\" data-star=\"3\" style=\"padding-right: 5px\">               <div class=\"kksr-icon\" style=\"width: 24px; height: 24px;\"><\/div>         <\/div>             <div class=\"kksr-star\" data-star=\"4\" style=\"padding-right: 5px\">               <div class=\"kksr-icon\" style=\"width: 24px; height: 24px;\"><\/div>         <\/div>             <div class=\"kksr-star\" data-star=\"5\" style=\"padding-right: 5px\">               <div class=\"kksr-icon\" style=\"width: 24px; height: 24px;\"><\/div>         <\/div>     <\/div>      <div class=\"kksr-stars-active\" style=\"width: 0px;\">             <div class=\"kksr-star\" style=\"padding-right: 5px\">               <div class=\"kksr-icon\" style=\"width: 24px; height: 24px;\"><\/div>         <\/div>             <div class=\"kksr-star\" style=\"padding-right: 5px\">               <div class=\"kksr-icon\" style=\"width: 24px; height: 24px;\"><\/div>         <\/div>             <div class=\"kksr-star\" style=\"padding-right: 5px\">               <div class=\"kksr-icon\" style=\"width: 24px; height: 24px;\"><\/div>         <\/div>             <div class=\"kksr-star\" style=\"padding-right: 5px\">               <div class=\"kksr-icon\" style=\"width: 24px; height: 24px;\"><\/div>         <\/div>             <div class=\"kksr-star\" style=\"padding-right: 5px\">               <div class=\"kksr-icon\" style=\"width: 24px; height: 24px;\"><\/div>         <\/div>     <\/div> <\/div>                   <div class=\"kksr-legend\" style=\"font-size: 19.2px;\">             <span class=\"kksr-muted\">Oce\u0144 ten produkt<\/span>     <\/div>     <\/div>  <p class=\"translation-block\">Maszyna do krojenia \u015bwie\u017cego mi\u0119sa na paski to profesjonalne urz\u0105dzenie do przetw\u00f3rstwa mi\u0119sa, przeznaczone do krojenia mi\u0119sa na paski, plasterki, kostki lub kawa\u0142ki.<\/p>    <figure class=\"wp-block-gallery has-nested-images columns-default is-cropped wp-block-gallery-2 is-layout-flex wp-block-gallery-is-layout-flex\"> <figure class=\"wp-block-image size-large\"><img loading=\"lazy\" decoding=\"async\" width=\"720\" height=\"540\" data-id=\"34716\" src=\"https:\/\/www.meatprocessingmachine.org\/wp-content\/uploads\/2026\/02\/Strip-Cut-Fresh-Meat.webp\" alt=\"Krojenie na paski \u015bwie\u017cego mi\u0119sa\" class=\"wp-image-34716\" title=\"\" srcset=\"https:\/\/www.meatprocessingmachine.org\/wp-content\/uploads\/2026\/02\/Strip-Cut-Fresh-Meat.webp 720w, https:\/\/www.meatprocessingmachine.org\/wp-content\/uploads\/2026\/02\/Strip-Cut-Fresh-Meat-300x225.webp 300w, https:\/\/www.meatprocessingmachine.org\/wp-content\/uploads\/2026\/02\/Strip-Cut-Fresh-Meat-16x12.webp 16w\" sizes=\"auto, (max-width: 720px) 100vw, 720px\" \/><figcaption class=\"wp-element-caption\">Krojenie na paski \u015bwie\u017cego mi\u0119sa<\/figcaption><\/figure>    <figure class=\"wp-block-image size-large\"><img loading=\"lazy\" decoding=\"async\" width=\"720\" height=\"540\" data-id=\"34715\" src=\"https:\/\/www.meatprocessingmachine.org\/wp-content\/uploads\/2026\/02\/Chunk-Cut-Fresh-Meat.webp\" alt=\"Krojenie na kawa\u0142ki \u015bwie\u017cego mi\u0119sa\" class=\"wp-image-34715\" title=\"\" srcset=\"https:\/\/www.meatprocessingmachine.org\/wp-content\/uploads\/2026\/02\/Chunk-Cut-Fresh-Meat.webp 720w, https:\/\/www.meatprocessingmachine.org\/wp-content\/uploads\/2026\/02\/Chunk-Cut-Fresh-Meat-300x225.webp 300w, https:\/\/www.meatprocessingmachine.org\/wp-content\/uploads\/2026\/02\/Chunk-Cut-Fresh-Meat-16x12.webp 16w\" sizes=\"auto, (max-width: 720px) 100vw, 720px\" \/><figcaption class=\"wp-element-caption\">Krojenie na kawa\u0142ki \u015bwie\u017cego mi\u0119sa<\/figcaption><\/figure> <\/figure>    <p class=\"translation-block\">Taizy oferuje modele 340 i 500, z pojemno\u015bciami dostosowanymi do r\u00f3\u017cnych potrzeb przetw\u00f3rczych \u2014 model 340 osi\u0105ga <strong><mark class=\"has-inline-color has-luminous-vivid-amber-color\">0\u2013600\u202fkg\/h<\/mark><\/strong>, a model 500 mo\u017ce osi\u0105gn\u0105\u0107 <strong><mark class=\"has-inline-color has-luminous-vivid-amber-color\">0\u20131000\u202fkg\/h<\/mark><\/strong>.<\/p>   <div class=\"wp-block-image\"> <figure class=\"aligncenter size-full\"><img loading=\"lazy\" decoding=\"async\" width=\"720\" height=\"540\" src=\"https:\/\/www.meatprocessingmachine.org\/wp-content\/uploads\/2026\/02\/Fresh-Meat-Strip-Cutting-Machine.webp\" alt=\"Nowa maszyna do krojenia mi\u0119sa na paski\" class=\"wp-image-34721\" title=\"\" srcset=\"https:\/\/www.meatprocessingmachine.org\/wp-content\/uploads\/2026\/02\/Fresh-Meat-Strip-Cutting-Machine.webp 720w, https:\/\/www.meatprocessingmachine.org\/wp-content\/uploads\/2026\/02\/Fresh-Meat-Strip-Cutting-Machine-300x225.webp 300w, https:\/\/www.meatprocessingmachine.org\/wp-content\/uploads\/2026\/02\/Fresh-Meat-Strip-Cutting-Machine-16x12.webp 16w\" sizes=\"auto, (max-width: 720px) 100vw, 720px\" \/><figcaption class=\"wp-element-caption\">Nowa maszyna do krojenia mi\u0119sa na paski<\/figcaption><\/figure> <\/div>   <p class=\"translation-block\">Wykonana z wysokiej jako\u015bci stali nierdzewnej i wyposa\u017cona w <strong><mark class=\"has-inline-color has-luminous-vivid-amber-color\">440C<\/mark><\/strong> ostrza ze stali nierdzewnej o wysokiej twardo\u015bci, maszyna zapewnia ostre, wydajne ci\u0119cie. Zestaw ostrzy mo\u017cna szybko wymieni\u0107 w ci\u0105gu 1 minuty, umo\u017cliwiaj\u0105c wszechstronne przetwarzanie w jednym kroku na paski\/plasterki i w drugim kroku na kostki\/kawa\u0142ki.<\/p>    <figure class=\"wp-block-embed is-type-video is-provider-youtube wp-block-embed-youtube wp-embed-aspect-16-9 wp-has-aspect-ratio\"><div class=\"wp-block-embed__wrapper\"> <iframe loading=\"lazy\" title=\"Pot\u0119\u017cna maszyna do krojenia \u015bwie\u017cego mi\u0119sa na paski dla wydajnej obr\u00f3bki mi\u0119sa\" width=\"500\" height=\"281\" src=\"https:\/\/www.youtube.com\/embed\/HYhztLgd1_U?feature=oembed\" frameborder=\"0\" allow=\"accelerometer; autoplay; clipboard-write; encrypted-media; gyroscope; picture-in-picture; web-share\" referrerpolicy=\"strict-origin-when-cross-origin\" allowfullscreen><\/iframe> <\/div><\/figure>    <h2 class=\"wp-block-heading\">Funkcje maszyny do krojenia \u015bwie\u017cego mi\u0119sa na paski<\/h2>    <p class=\"translation-block\"><strong><mark class=\"has-inline-color has-luminous-vivid-amber-color\">Wielko\u015b\u0107 krojenia, jedno urz\u0105dzenie do wielu zastosowa\u0144<\/mark><\/strong><\/p>    <p>Maszyna mo\u017ce kroi\u0107 mi\u0119so na paski lub plasterki w jednym kroku o jednolitym rozmiarze i g\u0142adkiej powierzchni. Obs\u0142uguje r\u00f3wnie\u017c drugi krok krojenia na kostki lub kawa\u0142ki, spe\u0142niaj\u0105c r\u00f3\u017cne wymagania produkt\u00f3w i zwi\u0119kszaj\u0105c elastyczno\u015b\u0107 produkcji.<\/p>    <p class=\"translation-block\"><strong><mark class=\"has-inline-color has-luminous-vivid-amber-color\">Szybki system wymiany ostrzy<\/mark><\/strong><\/p>    <p>Modu\u0142owy zestaw ostrzy mo\u017cna zdj\u0105\u0107 i wymieni\u0107 w ci\u0105gu 1 minuty, co znacznie skraca czas przestoju i umo\u017cliwia szybkie prze\u0142\u0105czanie mi\u0119dzy r\u00f3\u017cnymi rozmiarami produkt\u00f3w.<\/p>    <p class=\"translation-block\"><strong><mark class=\"has-inline-color has-luminous-vivid-amber-color\">Opcje niestandardowego krojenia<\/mark><\/strong><\/p>    <p>Obs\u0142uguje niestandardowe ostrza do r\u00f3\u017cnych surowc\u00f3w, w tym mi\u0119sa z ko\u015bci\u0105, takiego jak kurczak, kaczka i ryba, umo\u017cliwiaj\u0105c precyzyjne ci\u0119cie.<\/p>   <div class=\"wp-block-image\"> <figure class=\"aligncenter size-full\"><img loading=\"lazy\" decoding=\"async\" width=\"720\" height=\"540\" src=\"https:\/\/www.meatprocessingmachine.org\/wp-content\/uploads\/2026\/02\/Meat-Slicing-Cutting-Machine.webp\" alt=\"Maszyna do krojenia na plasterki\" class=\"wp-image-34720\" title=\"\" srcset=\"https:\/\/www.meatprocessingmachine.org\/wp-content\/uploads\/2026\/02\/Meat-Slicing-Cutting-Machine.webp 720w, https:\/\/www.meatprocessingmachine.org\/wp-content\/uploads\/2026\/02\/Meat-Slicing-Cutting-Machine-300x225.webp 300w, https:\/\/www.meatprocessingmachine.org\/wp-content\/uploads\/2026\/02\/Meat-Slicing-Cutting-Machine-16x12.webp 16w\" sizes=\"auto, (max-width: 720px) 100vw, 720px\" \/><figcaption class=\"wp-element-caption\">Maszyna do krojenia na plasterki<\/figcaption><\/figure> <\/div>   <h2 class=\"wp-block-heading\">Seria DX \u2013 Trzydrzwiowa (cyrkulacja powietrza z ty\u0142u)<\/h2>    <p>Krajalnica do pask\u00f3w mi\u0119sa obs\u0142uguje cztery g\u0142\u00f3wne kategorie surowc\u00f3w, skutecznie przetwarzaj\u0105c zar\u00f3wno mi\u0119so bez ko\u015bci, jak i produkty z ko\u015bci\u0105 na zam\u00f3wienie:<\/p>    <ul class=\"wp-block-list\"> <li><strong>\u015awie\u017ce mi\u0119so:<\/strong> Mi\u0119so bez ko\u015bci wieprzowe, wo\u0142owe, jagni\u0119ce i inne \u015bwie\u017ce mi\u0119sa<\/li>    <li><strong>Ciasto \/ Ciasto:<\/strong> Paski, plasterki lub kostki r\u00f3\u017cnych produkt\u00f3w ciasta<\/li>    <li><strong>Warzywa:<\/strong> Korze\u0144 i li\u015bciaste warzywa, takie jak rzodkiew, ziemniak, korze\u0144 lotosu i warzywa li\u015bciaste<\/li>    <li><strong>Produkty specjalne:<\/strong> Gotowane potrawy, a tak\u017ce mi\u0119so z ko\u015bci\u0105, dr\u00f3b i ryby (kurczak, kaczka, ryba) z dostosowanymi ostrzami<\/li> <\/ul>    <figure class=\"wp-block-gallery has-nested-images columns-default is-cropped wp-block-gallery-3 is-layout-flex wp-block-gallery-is-layout-flex\"> <figure class=\"wp-block-image size-large\"><img loading=\"lazy\" decoding=\"async\" width=\"720\" height=\"540\" data-id=\"34724\" src=\"https:\/\/www.meatprocessingmachine.org\/wp-content\/uploads\/2026\/02\/Lamb.webp\" alt=\"Jagni\u0119cina\" class=\"wp-image-34724\" title=\"\" srcset=\"https:\/\/www.meatprocessingmachine.org\/wp-content\/uploads\/2026\/02\/Lamb.webp 720w, https:\/\/www.meatprocessingmachine.org\/wp-content\/uploads\/2026\/02\/Lamb-300x225.webp 300w, https:\/\/www.meatprocessingmachine.org\/wp-content\/uploads\/2026\/02\/Lamb-16x12.webp 16w\" sizes=\"auto, (max-width: 720px) 100vw, 720px\" \/><figcaption class=\"wp-element-caption\">Jagni\u0119cina<\/figcaption><\/figure>    <figure class=\"wp-block-image size-large\"><img loading=\"lazy\" decoding=\"async\" width=\"720\" height=\"540\" data-id=\"34723\" src=\"https:\/\/www.meatprocessingmachine.org\/wp-content\/uploads\/2026\/02\/Beef.webp\" alt=\"Wo\u0142owina\" class=\"wp-image-34723\" title=\"\" srcset=\"https:\/\/www.meatprocessingmachine.org\/wp-content\/uploads\/2026\/02\/Beef.webp 720w, https:\/\/www.meatprocessingmachine.org\/wp-content\/uploads\/2026\/02\/Beef-300x225.webp 300w, https:\/\/www.meatprocessingmachine.org\/wp-content\/uploads\/2026\/02\/Beef-16x12.webp 16w\" sizes=\"auto, (max-width: 720px) 100vw, 720px\" \/><figcaption class=\"wp-element-caption\">Wo\u0142owina<\/figcaption><\/figure>    <figure class=\"wp-block-image size-large\"><img loading=\"lazy\" decoding=\"async\" width=\"720\" height=\"540\" data-id=\"34725\" src=\"https:\/\/www.meatprocessingmachine.org\/wp-content\/uploads\/2026\/02\/Potato-Slices.webp\" alt=\"Plastry ziemniak\u00f3w\" class=\"wp-image-34725\" title=\"\" srcset=\"https:\/\/www.meatprocessingmachine.org\/wp-content\/uploads\/2026\/02\/Potato-Slices.webp 720w, https:\/\/www.meatprocessingmachine.org\/wp-content\/uploads\/2026\/02\/Potato-Slices-300x225.webp 300w, https:\/\/www.meatprocessingmachine.org\/wp-content\/uploads\/2026\/02\/Potato-Slices-16x12.webp 16w\" sizes=\"auto, (max-width: 720px) 100vw, 720px\" \/><figcaption class=\"wp-element-caption\">Plastry ziemniak\u00f3w<\/figcaption><\/figure> <\/figure>    <h2 class=\"wp-block-heading\">Jakie s\u0105 g\u0142\u00f3wne zalety maszyny do krojenia \u015bwie\u017cego mi\u0119sa na paski?<\/h2>    <div class=\"wp-block-columns is-layout-flex wp-container-core-columns-is-layout-9d6595d7 wp-block-columns-is-layout-flex\"> <div class=\"wp-block-column is-layout-flow wp-block-column-is-layout-flow\"> <p class=\"has-text-align-center translation-block\"><strong><mark class=\"has-inline-color has-luminous-vivid-amber-color\">Wysoka wydajno\u015b\u0107<\/mark><\/strong><\/p>    <p>Model 340 osi\u0105ga 0\u2013600\u202fkg\/h, a model 500 do 0\u20131000\u202fkg\/h, spe\u0142niaj\u0105c potrzeby ma\u0142ych i du\u017cych zak\u0142ad\u00f3w przetw\u00f3rczych, umo\u017cliwiaj\u0105c efektywn\u0105 partiow\u0105 produkcj\u0119.<\/p> <\/div>    <div class=\"wp-block-column is-layout-flow wp-block-column-is-layout-flow\"> <p class=\"has-text-align-center translation-block\"><strong><mark class=\"has-inline-color has-luminous-vivid-amber-color\">Pot\u0119\u017cny system silnikowy<\/mark><\/strong><\/p>    <p>Wyposa\u017cona w silnik 1,5\u202fkW, maszyna dzia\u0142a p\u0142ynnie z wystarczaj\u0105c\u0105 moc\u0105, obs\u0142uguj\u0105c d\u0142ug\u0105 ci\u0105g\u0142\u0105 prac\u0119 i stabiln\u0105 produkcj\u0119.<\/p> <\/div> <\/div>    <div class=\"wp-block-columns is-layout-flex wp-container-core-columns-is-layout-9d6595d7 wp-block-columns-is-layout-flex\"> <div class=\"wp-block-column is-layout-flow wp-block-column-is-layout-flow\"> <p class=\"has-text-align-center translation-block\"><strong><mark class=\"has-inline-color has-luminous-vivid-amber-color\">Du\u017ca pojemno\u015b\u0107 podawania<\/mark><\/strong><\/p>    <p>Mo\u017ce \u0142atwo obs\u0142ugiwa\u0107 du\u017ce kawa\u0142ki \u015bwie\u017cego mi\u0119sa lub ciasta, poprawiaj\u0105c wykorzystanie surowc\u00f3w.<\/p> <\/div>    <div class=\"wp-block-column is-layout-flow wp-block-column-is-layout-flow\"> <p class=\"has-text-align-center translation-block\"><strong><mark class=\"has-inline-color has-luminous-vivid-amber-color\">Trwa\u0142e, wysokiej jako\u015bci materia\u0142y<\/mark><\/strong><\/p>    <p>Wykonana z wysokiej jako\u015bci stali nierdzewnej, odporna na korozj\u0119 i \u0142atwa do czyszczenia, spe\u0142nia normy higieny \u017cywno\u015bci. Ostrza wykonane ze stali nierdzewnej 440C, ostre i wytrzyma\u0142e, zapewniaj\u0105 d\u0142ugotrwa\u0142e ci\u0119cie.<\/p> <\/div> <\/div>    <div class=\"wp-block-columns is-layout-flex wp-container-core-columns-is-layout-9d6595d7 wp-block-columns-is-layout-flex\"> <div class=\"wp-block-column is-layout-flow wp-block-column-is-layout-flow\"> <p class=\"has-text-align-center translation-block\"><strong><mark class=\"has-inline-color has-luminous-vivid-amber-color\">\u0141atwa obs\u0142uga<\/mark><\/strong><\/p>    <p>Zintegrowany design z szybk\u0105 wymian\u0105 ostrzy i wielofunkcyjnym ci\u0119ciem, redukuje r\u0119czne kroki i zwi\u0119ksza wydajno\u015b\u0107 przetwarzania.<\/p> <\/div>    <div class=\"wp-block-column is-layout-flow wp-block-column-is-layout-flow\"> <p class=\"has-text-align-center translation-block\"><strong><mark class=\"has-inline-color has-luminous-vivid-amber-color\">Wszechstronne funkcje krojenia<\/mark><\/strong><\/p>    <p>Obs\u0142uguje ci\u0119cie na paski, plasterki, kostki i kawa\u0142ki. Jedno- lub dwustopniowe ci\u0119cie na paski lub plasterki oraz krojenie w kostki zapewniaj\u0105 elastyczno\u015b\u0107 w przetwarzaniu r\u00f3\u017cnych produkt\u00f3w.<\/p> <\/div> <\/div>   <div class=\"wp-block-image\"> <figure class=\"aligncenter size-full\"><img loading=\"lazy\" decoding=\"async\" width=\"720\" height=\"540\" src=\"https:\/\/www.meatprocessingmachine.org\/wp-content\/uploads\/2026\/02\/Fresh-Meat-Strip-Cutting-Machine-For-Sale.webp\" alt=\"Maszyna do krojenia \u015bwie\u017cego mi\u0119sa na paski na sprzeda\u017c\" class=\"wp-image-34718\" title=\"\" srcset=\"https:\/\/www.meatprocessingmachine.org\/wp-content\/uploads\/2026\/02\/Fresh-Meat-Strip-Cutting-Machine-For-Sale.webp 720w, https:\/\/www.meatprocessingmachine.org\/wp-content\/uploads\/2026\/02\/Fresh-Meat-Strip-Cutting-Machine-For-Sale-300x225.webp 300w, https:\/\/www.meatprocessingmachine.org\/wp-content\/uploads\/2026\/02\/Fresh-Meat-Strip-Cutting-Machine-For-Sale-16x12.webp 16w\" sizes=\"auto, (max-width: 720px) 100vw, 720px\" \/><figcaption class=\"wp-element-caption\">Maszyna do krojenia \u015bwie\u017cego mi\u0119sa na paski na sprzeda\u017c<\/figcaption><\/figure> <\/div>   <h2 class=\"wp-block-heading\">Parametry techniczne<\/h2>    <figure class=\"wp-block-table\"><table class=\"has-fixed-layout\"><thead><tr><th>Parametr<\/th><th>Model 340, krojarka do \u015bwie\u017cego mi\u0119sa<\/th><th>Model 500, krojarka do \u015bwie\u017cego mi\u0119sa<\/th><\/tr><\/thead><tbody><tr><td>Moc silnika<\/td><td>1,5\u202fkW<\/td><td>1,5\u202fkW<\/td><\/tr><tr><td>Napi\u0119cie<\/td><td>380\u202fV<\/td><td>380\u202fV<\/td><\/tr><tr><td>Maksymalny rozmiar podawania<\/td><td>1000 \u00d7 330 \u00d7 70\u202fmm<\/td><td>1000 \u00d7 480 \u00d7 70\u202fmm<\/td><\/tr><tr><td>Wydajno\u015b\u0107 produkcji<\/td><td>0\u2013600\u202fkg\/h<\/td><td>0\u20131000\u202fkg\/h<\/td><\/tr><tr><td>Waga maszyny<\/td><td>180\u202fkg<\/td><td>200\u202fkg<\/td><\/tr><tr><td>Wymiary (D\u0142ugo\u015b\u0107 \u00d7 Szeroko\u015b\u0107 \u00d7 Wysoko\u015b\u0107)<\/td><td>1680 \u00d7 680 \u00d7 1160\u202fmm<\/td><td>1680 \u00d7 860 \u00d7 1160\u202fmm<\/td><\/tr><\/tbody><\/table><\/figure>   <div class=\"wp-block-image\"> <figure class=\"aligncenter size-full\"><img loading=\"lazy\" decoding=\"async\" width=\"720\" height=\"540\" src=\"https:\/\/www.meatprocessingmachine.org\/wp-content\/uploads\/2026\/02\/Fresh-Meat-Strip-Cutter.webp\" alt=\"Krojenie \u015bwie\u017cego mi\u0119sa na paski\" class=\"wp-image-34717\" title=\"\" srcset=\"https:\/\/www.meatprocessingmachine.org\/wp-content\/uploads\/2026\/02\/Fresh-Meat-Strip-Cutter.webp 720w, https:\/\/www.meatprocessingmachine.org\/wp-content\/uploads\/2026\/02\/Fresh-Meat-Strip-Cutter-300x225.webp 300w, https:\/\/www.meatprocessingmachine.org\/wp-content\/uploads\/2026\/02\/Fresh-Meat-Strip-Cutter-16x12.webp 16w\" sizes=\"auto, (max-width: 720px) 100vw, 720px\" \/><figcaption class=\"wp-element-caption\">Krojenie \u015bwie\u017cego mi\u0119sa na paski<\/figcaption><\/figure> <\/div>   <h2 class=\"wp-block-heading\">Dlaczego warto wybra\u0107 maszyn\u0119 do krojenia \u015bwie\u017cego mi\u0119sa Taizy?<\/h2>    <p class=\"translation-block\"><strong>Zaufana certyfikacja, gwarantowana jako\u015b\u0107<\/strong><\/p>    <p>Maszyny do krojenia \u015bwie\u017cego mi\u0119sa Taizy posiadaj\u0105 wiele mi\u0119dzynarodowych certyfikat\u00f3w, w tym ISO9001, CE oraz testy SGS i TUV. Ka\u017cdy etap od projektu i produkcji po dostaw\u0119 spe\u0142nia mi\u0119dzynarodowe normy jako\u015bci i bezpiecze\u0144stwa, zapewniaj\u0105c uznane na \u015bwiecie osi\u0105gi.<\/p>    <p class=\"translation-block\"><strong>Kompleksowa obs\u0142uga posprzeda\u017cowa<\/strong><\/p>    <ul class=\"wp-block-list\"> <li><strong>Przed\u0142u\u017cona gwarancja:<\/strong> Wszystkie maszyny obj\u0119te roczn\u0105 bezp\u0142atn\u0105 gwarancj\u0105. Naprawa lub wymiana uszkodze\u0144 nie wynikaj\u0105cych z winy cz\u0142owieka jest bezp\u0142atna.<\/li>    <li><strong>Pe\u0142ne instrukcje instalacji:<\/strong> Ustandaryzowane instrukcje i profesjonalne wsparcie zdalne pomagaj\u0105 firmom szybko uruchomi\u0107 maszyn\u0119.<\/li>    <li><strong>Wsparcie na miejscu:<\/strong> W przypadku skomplikowanych instalacji, in\u017cynierowie mog\u0105 zosta\u0107 wys\u0142ani do obs\u0142ugi instalacji, uruchomienia i szkolenia operator\u00f3w, zapewniaj\u0105c szybki start produkcji.<\/li> <\/ul>    <p>Od projektu rdzenia i certyfikowanej jako\u015bci po pe\u0142ne wsparcie posprzeda\u017cowe, maszyny do krojenia \u015bwie\u017cego mi\u0119sa Taizy wspieraj\u0105 przedsi\u0119biorstwa przetw\u00f3rstwa spo\u017cywczego i s\u0105 preferowanym wyborem w krojeniu i przetwarzaniu mi\u0119sa.<\/p>    <p class=\"translation-block\">Opr\u00f3cz maszyny do krojenia \u015bwie\u017cego mi\u0119sa na paski, oferujemy r\u00f3wnie\u017c <strong><a href=\"https:\/\/www.meatprocessingmachine.org\/pl\/products\/meat-cutting-machine\/\">maszyny do krojenia mi\u0119sa na plasterki<\/a><\/strong> i inne urz\u0105dzenia do przetw\u00f3rstwa mi\u0119sa, aby wspiera\u0107 Twoje potrzeby produkcyjne. Je\u015bli jeste\u015b zainteresowany, skontaktuj si\u0119 z nami po wi\u0119cej szczeg\u00f3\u0142\u00f3w.<\/p>   <div class=\"wp-block-image\"> <figure class=\"aligncenter size-full\"><img loading=\"lazy\" decoding=\"async\" width=\"720\" height=\"540\" src=\"https:\/\/www.meatprocessingmachine.org\/wp-content\/uploads\/2026\/02\/Industrial-Meat-Slicing-Machine.webp\" alt=\"Przemys\u0142owa maszyna do krojenia mi\u0119sa\" class=\"wp-image-34648\" title=\"\" srcset=\"https:\/\/www.meatprocessingmachine.org\/wp-content\/uploads\/2026\/02\/Industrial-Meat-Slicing-Machine.webp 720w, https:\/\/www.meatprocessingmachine.org\/wp-content\/uploads\/2026\/02\/Industrial-Meat-Slicing-Machine-300x225.webp 300w, https:\/\/www.meatprocessingmachine.org\/wp-content\/uploads\/2026\/02\/Industrial-Meat-Slicing-Machine-16x12.webp 16w\" sizes=\"auto, (max-width: 720px) 100vw, 720px\" \/><figcaption class=\"wp-element-caption\">Przemys\u0142owa maszyna do krojenia mi\u0119sa<\/figcaption><\/figure> <\/div>","protected":false},"excerpt":{"rendered":"<p>The fresh meat strip cutting machine is a professional meat processing machine designed for cutting fresh meat into strips, slices, cubes, or chunks. Taizy offers the 340 and 500 models, with production capacities tailored to different processing needs \u2014 the 340 model reaches 0\u2013600\u202fkg\/h, while the 500 model can go up to 0\u20131000\u202fkg\/h. Made of [&hellip;]<\/p>\n","protected":false},"author":1,"featured_media":34727,"parent":0,"template":"","product-type":[582,583,589],"class_list":["post-34714","product","type-product","status-publish","has-post-thumbnail","hentry","product-type-cattle-sheep","product-type-chicken-turkey","product-type-meat-cutting-machine"],"_links":{"self":[{"href":"https:\/\/www.meatprocessingmachine.org\/pl\/wp-json\/wp\/v2\/product\/34714","targetHints":{"allow":["GET"]}}],"collection":[{"href":"https:\/\/www.meatprocessingmachine.org\/pl\/wp-json\/wp\/v2\/product"}],"about":[{"href":"https:\/\/www.meatprocessingmachine.org\/pl\/wp-json\/wp\/v2\/types\/product"}],"author":[{"embeddable":true,"href":"https:\/\/www.meatprocessingmachine.org\/pl\/wp-json\/wp\/v2\/users\/1"}],"wp:featuredmedia":[{"embeddable":true,"href":"https:\/\/www.meatprocessingmachine.org\/pl\/wp-json\/wp\/v2\/media\/34727"}],"wp:attachment":[{"href":"https:\/\/www.meatprocessingmachine.org\/pl\/wp-json\/wp\/v2\/media?parent=34714"}],"wp:term":[{"taxonomy":"product-type","embeddable":true,"href":"https:\/\/www.meatprocessingmachine.org\/pl\/wp-json\/wp\/v2\/product-type?post=34714"}],"curies":[{"name":"wp","href":"https:\/\/api.w.org\/{rel}","templated":true}]}}