{"id":34827,"date":"2026-02-28T16:51:49","date_gmt":"2026-02-28T08:51:49","guid":{"rendered":"https:\/\/www.meatprocessingmachine.org\/?post_type=product&#038;p=34827"},"modified":"2026-02-28T16:51:50","modified_gmt":"2026-02-28T08:51:50","slug":"large-fresh-meat-slicer","status":"publish","type":"product","link":"https:\/\/www.meatprocessingmachine.org\/pl\/large-fresh-meat-slicer.html","title":{"rendered":"Du\u017cy \u015bwie\u017cy krajalnik mi\u0119sa"},"content":{"rendered":"<div class=\"kk-star-ratings kksr-auto kksr-align-right kksr-valign-top\"     data-payload='{&quot;align&quot;:&quot;right&quot;,&quot;id&quot;:&quot;34827&quot;,&quot;slug&quot;:&quot;default&quot;,&quot;valign&quot;:&quot;top&quot;,&quot;ignore&quot;:&quot;&quot;,&quot;reference&quot;:&quot;auto&quot;,&quot;class&quot;:&quot;&quot;,&quot;count&quot;:&quot;2&quot;,&quot;legendonly&quot;:&quot;&quot;,&quot;readonly&quot;:&quot;&quot;,&quot;score&quot;:&quot;5&quot;,&quot;starsonly&quot;:&quot;&quot;,&quot;best&quot;:&quot;5&quot;,&quot;gap&quot;:&quot;5&quot;,&quot;greet&quot;:&quot;Rate this product&quot;,&quot;legend&quot;:&quot;5\\\/5 - (2 votes)&quot;,&quot;size&quot;:&quot;24&quot;,&quot;title&quot;:&quot;Large Fresh Meat Slicer&quot;,&quot;width&quot;:&quot;142.5&quot;,&quot;_legend&quot;:&quot;{score}\\\/{best} - ({count} {votes})&quot;,&quot;font_factor&quot;:&quot;1.25&quot;}'>              <div class=\"kksr-stars\">      <div class=\"kksr-stars-inactive\">             <div class=\"kksr-star\" data-star=\"1\" style=\"padding-right: 5px\">               <div class=\"kksr-icon\" style=\"width: 24px; height: 24px;\"><\/div>         <\/div>             <div class=\"kksr-star\" data-star=\"2\" style=\"padding-right: 5px\">               <div class=\"kksr-icon\" style=\"width: 24px; height: 24px;\"><\/div>         <\/div>             <div class=\"kksr-star\" data-star=\"3\" style=\"padding-right: 5px\">               <div class=\"kksr-icon\" style=\"width: 24px; height: 24px;\"><\/div>         <\/div>             <div class=\"kksr-star\" data-star=\"4\" style=\"padding-right: 5px\">               <div class=\"kksr-icon\" style=\"width: 24px; height: 24px;\"><\/div>         <\/div>             <div class=\"kksr-star\" data-star=\"5\" style=\"padding-right: 5px\">               <div class=\"kksr-icon\" style=\"width: 24px; height: 24px;\"><\/div>         <\/div>     <\/div>      <div class=\"kksr-stars-active\" style=\"width: 142.5px;\">             <div class=\"kksr-star\" style=\"padding-right: 5px\">               <div class=\"kksr-icon\" style=\"width: 24px; height: 24px;\"><\/div>         <\/div>             <div class=\"kksr-star\" style=\"padding-right: 5px\">               <div class=\"kksr-icon\" style=\"width: 24px; height: 24px;\"><\/div>         <\/div>             <div class=\"kksr-star\" style=\"padding-right: 5px\">               <div class=\"kksr-icon\" style=\"width: 24px; height: 24px;\"><\/div>         <\/div>             <div class=\"kksr-star\" style=\"padding-right: 5px\">               <div class=\"kksr-icon\" style=\"width: 24px; height: 24px;\"><\/div>         <\/div>             <div class=\"kksr-star\" style=\"padding-right: 5px\">               <div class=\"kksr-icon\" style=\"width: 24px; height: 24px;\"><\/div>         <\/div>     <\/div> <\/div>                   <div class=\"kksr-legend\" style=\"font-size: 19.2px;\">             5\/5 - (2 g\u0142osy)    <\/div>     <\/div>  <p class=\"translation-block\"><strong><mark class=\"has-inline-color has-luminous-vivid-amber-color\">Du\u017ca krajalnica do \u015bwie\u017cego mi\u0119sa<\/mark><\/strong> to przemys\u0142owa maszyna do przetwarzania \u017cywno\u015bci, zaprojektowana do efektywnego krojenia \u015bwie\u017cego mi\u0119sa na jednolit\u0105 grubo\u015b\u0107.<\/p>   <div class=\"wp-block-image\"> <figure class=\"aligncenter size-full\"><img loading=\"lazy\" decoding=\"async\" width=\"720\" height=\"540\" src=\"https:\/\/www.meatprocessingmachine.org\/wp-content\/uploads\/2026\/02\/Large-Fresh-Meat-Slicer.webp\" alt=\"Du\u017cy \u015bwie\u017cy krajalnik mi\u0119sa\" class=\"wp-image-34832\" title=\"\" srcset=\"https:\/\/www.meatprocessingmachine.org\/wp-content\/uploads\/2026\/02\/Large-Fresh-Meat-Slicer.webp 720w, https:\/\/www.meatprocessingmachine.org\/wp-content\/uploads\/2026\/02\/Large-Fresh-Meat-Slicer-300x225.webp 300w, https:\/\/www.meatprocessingmachine.org\/wp-content\/uploads\/2026\/02\/Large-Fresh-Meat-Slicer-16x12.webp 16w\" sizes=\"auto, (max-width: 720px) 100vw, 720px\" \/><figcaption class=\"wp-element-caption\">Du\u017cy \u015bwie\u017cy krajalnik mi\u0119sa<\/figcaption><\/figure> <\/div>   <p class=\"translation-block\">Taizy oferuje dwa g\u0142\u00f3wne modele: CY-QP180 i CY-QP200, o wydajno\u015bci  500\u202fkg\/h  i  800\u20131000\u202fkg\/h , odpowiednio. Krajalnica obs\u0142uguje regulowan\u0105 grubo\u015b\u0107 od  2\u201330\u202fmm  i mo\u017ce wykonywa\u0107 wielofunkcyjne procesy, w tym krojenie i ci\u0119cie na paski.<\/p>    <p>Maszyna wykonana w ca\u0142o\u015bci ze stali nierdzewnej 304 i posiada modu\u0142owy design z wymiennym rozstawem ostrzy, spe\u0142niaj\u0105c potrzeby du\u017cej przemys\u0142owej produkcji mi\u0119sa i znacznie poprawiaj\u0105c wydajno\u015b\u0107 i standaryzacj\u0119 produkt\u00f3w.<\/p>    <h2 class=\"wp-block-heading\">Funkcje du\u017cej krajalnicy do \u015bwie\u017cego mi\u0119sa<\/h2>    <ul class=\"wp-block-list\"> <li><strong>Wysoka wydajno\u015b\u0107<\/strong>: Przetwarza do 1000\u202fkg mi\u0119sa na godzin\u0119, zwi\u0119kszaj\u0105c wydajno\u015b\u0107 8\u201310 razy w por\u00f3wnaniu do r\u0119cznego krojenia.<\/li>    <li><strong>Wielofunkcyjna<\/strong>: Nadaje si\u0119 do krojenia wieprzowiny, wo\u0142owiny, jagni\u0119ciny i innych \u015bwie\u017cych mi\u0119s.<\/li>    <li><strong>Wiele styl\u00f3w ci\u0119cia<\/strong>: Obs\u0142uguje podstawowe krojenie i ci\u0119cie na paski w jednym ci\u0105g\u0142ym procesie. Nie wymaga dodatkowego sprz\u0119tu.<\/li>    <li><strong>Regulowana grubo\u015b\u0107 krojenia<\/strong>: Rozstaw ostrzy jest wymienny. Grubo\u015b\u0107 krojenia mo\u017cna elastycznie regulowa\u0107 od 2 do 30\u202fmm.<\/li>    <li><strong>\u0141atwa obs\u0142uga<\/strong>: Przyjazny system sterowania zapewnia stabiln\u0105 i ci\u0105g\u0142\u0105 prac\u0119.<\/li> <\/ul>   <div class=\"wp-block-image\"> <figure class=\"aligncenter size-full\"><img loading=\"lazy\" decoding=\"async\" width=\"720\" height=\"540\" src=\"https:\/\/www.meatprocessingmachine.org\/wp-content\/uploads\/2026\/02\/Large-Fresh-Meat-Slicer-for-Beef-Pork-Lamb-and-Chicken.webp\" alt=\"Du\u017ca krajalnica do mi\u0119sa na wo\u0142owin\u0119, wieprzowin\u0119, jagni\u0119cin\u0119 i kurczaka\" class=\"wp-image-34831\" title=\"\" srcset=\"https:\/\/www.meatprocessingmachine.org\/wp-content\/uploads\/2026\/02\/Large-Fresh-Meat-Slicer-for-Beef-Pork-Lamb-and-Chicken.webp 720w, https:\/\/www.meatprocessingmachine.org\/wp-content\/uploads\/2026\/02\/Large-Fresh-Meat-Slicer-for-Beef-Pork-Lamb-and-Chicken-300x225.webp 300w, https:\/\/www.meatprocessingmachine.org\/wp-content\/uploads\/2026\/02\/Large-Fresh-Meat-Slicer-for-Beef-Pork-Lamb-and-Chicken-16x12.webp 16w\" sizes=\"auto, (max-width: 720px) 100vw, 720px\" \/><figcaption class=\"wp-element-caption\">Du\u017ca krajalnica do mi\u0119sa na wo\u0142owin\u0119, wieprzowin\u0119, jagni\u0119cin\u0119 i kurczaka<\/figcaption><\/figure> <\/div>   <h2 class=\"wp-block-heading\">Odpowiednie surowce<\/h2>    <p>Nadaje si\u0119 do krojenia r\u00f3\u017cnych rodzaj\u00f3w \u015bwie\u017cego mi\u0119sa, w tym:<\/p>    <ul class=\"wp-block-list\"> <li>Wo\u0142owina i jagni\u0119cina<\/li>    <li>Wieprzowina<\/li>    <li>Kurczak i inne dr\u00f3b<\/li>    <li>Zamro\u017cone lub sch\u0142odzone bloki mi\u0119sa<\/li>    <li>Inne przetworzone mi\u0119sa komercyjne lub przemys\u0142owe<\/li> <\/ul>    <figure class=\"wp-block-gallery has-nested-images columns-default is-cropped wp-block-gallery-2 is-layout-flex wp-block-gallery-is-layout-flex\"> <figure class=\"wp-block-image size-large\"><img loading=\"lazy\" decoding=\"async\" width=\"720\" height=\"540\" data-id=\"34723\" src=\"https:\/\/www.meatprocessingmachine.org\/wp-content\/uploads\/2026\/02\/Beef.webp\" alt=\"Wo\u0142owina\" class=\"wp-image-34723\" title=\"\" srcset=\"https:\/\/www.meatprocessingmachine.org\/wp-content\/uploads\/2026\/02\/Beef.webp 720w, https:\/\/www.meatprocessingmachine.org\/wp-content\/uploads\/2026\/02\/Beef-300x225.webp 300w, https:\/\/www.meatprocessingmachine.org\/wp-content\/uploads\/2026\/02\/Beef-16x12.webp 16w\" sizes=\"auto, (max-width: 720px) 100vw, 720px\" \/><figcaption class=\"wp-element-caption\">Wo\u0142owina<\/figcaption><\/figure>    <figure class=\"wp-block-image size-large\"><img loading=\"lazy\" decoding=\"async\" width=\"720\" height=\"540\" data-id=\"34724\" src=\"https:\/\/www.meatprocessingmachine.org\/wp-content\/uploads\/2026\/02\/Lamb.webp\" alt=\"Jagni\u0119cina\" class=\"wp-image-34724\" title=\"\" srcset=\"https:\/\/www.meatprocessingmachine.org\/wp-content\/uploads\/2026\/02\/Lamb.webp 720w, https:\/\/www.meatprocessingmachine.org\/wp-content\/uploads\/2026\/02\/Lamb-300x225.webp 300w, https:\/\/www.meatprocessingmachine.org\/wp-content\/uploads\/2026\/02\/Lamb-16x12.webp 16w\" sizes=\"auto, (max-width: 720px) 100vw, 720px\" \/><figcaption class=\"wp-element-caption\">Jagni\u0119cina<\/figcaption><\/figure>    <figure class=\"wp-block-image size-large\"><img loading=\"lazy\" decoding=\"async\" width=\"720\" height=\"540\" data-id=\"34772\" src=\"https:\/\/www.meatprocessingmachine.org\/wp-content\/uploads\/2026\/02\/Frozen-Meat.webp\" alt=\"Mi\u0119so mro\u017cone\" class=\"wp-image-34772\" title=\"\" srcset=\"https:\/\/www.meatprocessingmachine.org\/wp-content\/uploads\/2026\/02\/Frozen-Meat.webp 720w, https:\/\/www.meatprocessingmachine.org\/wp-content\/uploads\/2026\/02\/Frozen-Meat-300x225.webp 300w, https:\/\/www.meatprocessingmachine.org\/wp-content\/uploads\/2026\/02\/Frozen-Meat-16x12.webp 16w\" sizes=\"auto, (max-width: 720px) 100vw, 720px\" \/><figcaption class=\"wp-element-caption\">Mi\u0119so mro\u017cone<\/figcaption><\/figure> <\/figure>    <h2 class=\"wp-block-heading\">Zalety przemys\u0142owej du\u017cej krajalnicy do mi\u0119sa<\/h2>    <div class=\"wp-block-columns is-layout-flex wp-container-core-columns-is-layout-9d6595d7 wp-block-columns-is-layout-flex\"> <div class=\"wp-block-column is-layout-flow wp-block-column-is-layout-flow\"> <p class=\"has-text-align-center translation-block\"><strong><mark class=\"has-inline-color has-luminous-vivid-amber-color\">Bezpieczne i trwa\u0142e materia\u0142y<\/mark><\/strong><\/p>    <p>Wykonany w ca\u0142o\u015bci ze stali nierdzewnej klasy spo\u017cywczej 304. Spe\u0142nia normy higieny \u017cywno\u015bci, jest odporna na korozj\u0119, \u0142atwa do czyszczenia, redukuje resztki mi\u0119sa i rozw\u00f3j bakterii, a tak\u017ce wyd\u0142u\u017ca \u017cywotno\u015b\u0107. Idealny do przemys\u0142owej produkcji o wysokiej cz\u0119stotliwo\u015bci.<\/p> <\/div>    <div class=\"wp-block-column is-layout-flow wp-block-column-is-layout-flow\"> <p class=\"has-text-align-center translation-block\"><strong><mark class=\"has-inline-color has-luminous-vivid-amber-color\">Wysoka wydajno\u015b\u0107 i oszcz\u0119dno\u015b\u0107 energii<\/mark><\/strong><\/p>    <p>Dwa modele o pojemno\u015bci 500\u202fkg\/h i 800\u20131000\u202fkg\/h, zu\u017cywaj\u0105ce odpowiednio 750\u202fW i 1500\u202fW. Obs\u0142uguje ci\u0105g\u0142\u0105 prac\u0119 24 godziny, zapewniaj\u0105c wysok\u0105 wydajno\u015b\u0107 i oszcz\u0119dno\u015b\u0107 energii.<\/p> <\/div> <\/div>    <div class=\"wp-block-columns is-layout-flex wp-container-core-columns-is-layout-9d6595d7 wp-block-columns-is-layout-flex\"> <div class=\"wp-block-column is-layout-flow wp-block-column-is-layout-flow\"> <p class=\"has-text-align-center translation-block\"><strong><mark class=\"has-inline-color has-luminous-vivid-amber-color\">Elastyczna obs\u0142uga<\/mark><\/strong><\/p>    <p>Rozstaw ostrzy jest regulowany. Grubo\u015b\u0107 krojenia mo\u017ce by\u0107 precyzyjnie kontrolowana. \u0141atwy w obs\u0142udze i monta\u017cu bez konieczno\u015bci specjalistycznej obs\u0142ugi. Odpowiedni dla fabryk mi\u0119sa i du\u017cych zak\u0142ad\u00f3w gastronomicznych.<\/p> <\/div>    <div class=\"wp-block-column is-layout-flow wp-block-column-is-layout-flow\"> <p class=\"has-text-align-center translation-block\"><strong><mark class=\"has-inline-color has-luminous-vivid-amber-color\">Kompaktowa konstrukcja i \u0142atwa konserwacja<\/mark><\/strong><\/p>    <p>Kompaktowy design. Modu\u0142owe elementy umo\u017cliwiaj\u0105 \u0142atwe demonta\u017c i czyszczenie, co obni\u017ca koszty konserwacji i przestoje.<\/p> <\/div> <\/div>    <div class=\"wp-block-columns is-layout-flex wp-container-core-columns-is-layout-9d6595d7 wp-block-columns-is-layout-flex\"> <div class=\"wp-block-column is-layout-flow wp-block-column-is-layout-flow\"> <p class=\"has-text-align-center translation-block\"><strong><mark class=\"has-inline-color has-luminous-vivid-amber-color\">Stabilna i bezpieczna praca<\/mark><\/strong><\/p>    <p>Dojrza\u0142y mechaniczny uk\u0142ad przek\u0142adni zapewnia p\u0142ynn\u0105, cich\u0105 prac\u0119. Wielokrotne zabezpieczenia gwarantuj\u0105 bezpiecze\u0144stwo operatora.<\/p> <\/div>    <div class=\"wp-block-column is-layout-flow wp-block-column-is-layout-flow\"> <p class=\"has-text-align-center translation-block\"><strong><mark class=\"has-inline-color has-luminous-vivid-amber-color\">Wysoka wydajno\u015b\u0107 i oszcz\u0119dno\u015b\u0107 energii<\/mark><\/strong><\/p>    <p>Du\u017ca krajalnica do \u015bwie\u017cego mi\u0119sa zapewnia wysok\u0105 wydajno\u015b\u0107 przy niskim zu\u017cyciu energii, obs\u0142uguje ci\u0105g\u0142\u0105 prac\u0119 24 godziny na dob\u0119, maksymalizuj\u0105c produktywno\u015b\u0107 i obni\u017caj\u0105c koszty energii.<\/p> <\/div> <\/div>   <div class=\"wp-block-image\"> <figure class=\"aligncenter size-full\"><img loading=\"lazy\" decoding=\"async\" width=\"720\" height=\"540\" src=\"https:\/\/www.meatprocessingmachine.org\/wp-content\/uploads\/2026\/02\/Industrial-Fresh-Meat-Slicer.webp\" alt=\"Przemys\u0142owa krajalnica do \u015bwie\u017cego mi\u0119sa\" class=\"wp-image-34830\" title=\"\" srcset=\"https:\/\/www.meatprocessingmachine.org\/wp-content\/uploads\/2026\/02\/Industrial-Fresh-Meat-Slicer.webp 720w, https:\/\/www.meatprocessingmachine.org\/wp-content\/uploads\/2026\/02\/Industrial-Fresh-Meat-Slicer-300x225.webp 300w, https:\/\/www.meatprocessingmachine.org\/wp-content\/uploads\/2026\/02\/Industrial-Fresh-Meat-Slicer-16x12.webp 16w\" sizes=\"auto, (max-width: 720px) 100vw, 720px\" \/><figcaption class=\"wp-element-caption\">Przemys\u0142owa krajalnica do \u015bwie\u017cego mi\u0119sa<\/figcaption><\/figure> <\/div>   <h2 class=\"wp-block-heading\">Technical Specifications &#8211; Large Fresh Meat Slicer<\/h2>    <figure class=\"wp-block-table\"><table class=\"has-fixed-layout\"><thead><tr><th>Model<\/th><th>CY-QP180<\/th><th>CY-QP200<\/th><\/tr><\/thead><tbody><tr><td>Wymiary (D\u00d7S\u00d7W mm)<\/td><td>430 \u00d7 533 \u00d7 860<\/td><td>490 \u00d7 600 \u00d7 1025<\/td><\/tr><tr><td>Rozmiar pakowania (mm)<\/td><td>587 \u00d7 490 \u00d7 1028<\/td><td>565 \u00d7 685 \u00d7 1210<\/td><\/tr><tr><td>Napi\u0119cie \/ Cz\u0119stotliwo\u015b\u0107<\/td><td>220\/380\u202fV 50\u202fHz<\/td><td>220\/380\u202fV 50\u202fHz<\/td><\/tr><tr><td>Pojemno\u015b\u0107<\/td><td>500\u202fkg\/h<\/td><td>800\u20131000\u202fkg\/h<\/td><\/tr><tr><td>zasilanie (V\/Hz): 380\/50<\/td><td>750\u202fW<\/td><td>1500\u202fW<\/td><\/tr><tr><td>Waga netto<\/td><td>70\u202fkg<\/td><td>90\u202fkg<\/td><\/tr><tr><td>Waga brutto<\/td><td>91,5\u202fkg<\/td><td>115\u202fkg<\/td><\/tr><tr><td>Grubo\u015b\u0107 plastra<\/td><td>2\u201330\u202fmm<\/td><td>2\u201330\u202fmm<\/td><\/tr><\/tbody><\/table><\/figure>    <ul class=\"wp-block-list\"> <li><strong>CY-QP180<\/strong>: Pojemno\u015b\u0107 500\u202fkg\/h, moc 750\u202fW, kompaktowy rozmiar, odpowiedni do ma\u0142ych i \u015brednich zak\u0142ad\u00f3w przetw\u00f3rczych.<\/li>    <li><strong>CY-QP200<\/strong>: Pojemno\u015b\u0107 800\u20131000\u202fkg\/h, moc 1500\u202fW, wi\u0119ksza obudowa, odpowiednia do du\u017cych potrzeb przemys\u0142owych.<\/li>    <li><strong>Wsp\u00f3lne cechy<\/strong>: Regulowana grubo\u015b\u0107 krojenia 2\u201330\u202fmm, te same materia\u0142y i funkcje; g\u0142\u00f3wne r\u00f3\u017cnice to pojemno\u015b\u0107, moc i rozmiar.<\/li> <\/ul>    <figure class=\"wp-block-gallery has-nested-images columns-default is-cropped wp-block-gallery-3 is-layout-flex wp-block-gallery-is-layout-flex\"> <figure class=\"wp-block-image size-large\"><img loading=\"lazy\" decoding=\"async\" width=\"720\" height=\"540\" data-id=\"34829\" src=\"https:\/\/www.meatprocessingmachine.org\/wp-content\/uploads\/2026\/02\/Commercial-Meat-Sliceing-Machine.webp\" alt=\"Komercyjna krajalnica do mi\u0119sa\" class=\"wp-image-34829\" title=\"\" srcset=\"https:\/\/www.meatprocessingmachine.org\/wp-content\/uploads\/2026\/02\/Commercial-Meat-Sliceing-Machine.webp 720w, https:\/\/www.meatprocessingmachine.org\/wp-content\/uploads\/2026\/02\/Commercial-Meat-Sliceing-Machine-300x225.webp 300w, https:\/\/www.meatprocessingmachine.org\/wp-content\/uploads\/2026\/02\/Commercial-Meat-Sliceing-Machine-16x12.webp 16w\" sizes=\"auto, (max-width: 720px) 100vw, 720px\" \/><figcaption class=\"wp-element-caption\">Komercyjna krajalnica do mi\u0119sa<\/figcaption><\/figure>    <figure class=\"wp-block-image size-large\"><img loading=\"lazy\" decoding=\"async\" width=\"720\" height=\"540\" data-id=\"34828\" src=\"https:\/\/www.meatprocessingmachine.org\/wp-content\/uploads\/2026\/02\/Automatic-Large-Meat-Slicer-for-Fresh-or-Frozen-Meat.webp\" alt=\"Du\u017ca maszyna do marynowania kurczaka | Maszyna do przyprawiania mi\u0119sa | Tumbler pr\u00f3\u017cniowy\" class=\"wp-image-34828\" title=\"\" srcset=\"https:\/\/www.meatprocessingmachine.org\/wp-content\/uploads\/2026\/02\/Automatic-Large-Meat-Slicer-for-Fresh-or-Frozen-Meat.webp 720w, https:\/\/www.meatprocessingmachine.org\/wp-content\/uploads\/2026\/02\/Automatic-Large-Meat-Slicer-for-Fresh-or-Frozen-Meat-300x225.webp 300w, https:\/\/www.meatprocessingmachine.org\/wp-content\/uploads\/2026\/02\/Automatic-Large-Meat-Slicer-for-Fresh-or-Frozen-Meat-16x12.webp 16w\" sizes=\"auto, (max-width: 720px) 100vw, 720px\" \/><figcaption class=\"wp-element-caption\">Automatyczna du\u017ca krajalnica do mi\u0119sa na \u015bwie\u017ce lub zamro\u017cone mi\u0119so<\/figcaption><\/figure> <\/figure>    <h2 class=\"wp-block-heading\">Dlaczego warto wybra\u0107 Taizy?<\/h2>    <p>Taizy zobowi\u0105zuje si\u0119 do dostarczania wysokiej jako\u015bci i niezawodnego sprz\u0119tu do przetwarzania \u017cywno\u015bci. Zalety du\u017cej krajalnicy do \u015bwie\u017cego mi\u0119sa obejmuj\u0105:<\/p>    <p class=\"translation-block\"><strong>Certyfikaty mi\u0119dzynarodowe<\/strong><\/p>    <ul class=\"wp-block-list\"> <li>Certyfikaty z <strong>ISO9001, CE, SGS i TUV<\/strong>, spe\u0142niaj\u0105ce mi\u0119dzynarodowe standardy bezpiecze\u0144stwa urz\u0105dze\u0144 spo\u017cywczych.<\/li> <\/ul>    <p class=\"translation-block\"><strong>Rok gwarancji<\/strong><\/p>    <ul class=\"wp-block-list\"> <li>Zapewnia niezawodn\u0105 wydajno\u015b\u0107 i d\u0142ugoterminow\u0105 stabilno\u015b\u0107 sprz\u0119tu.<\/li> <\/ul>    <p class=\"translation-block\"><strong>Kompleksowa obs\u0142uga posprzeda\u017cowa<\/strong><\/p>    <ul class=\"wp-block-list\"> <li>Zawiera szczeg\u00f3\u0142owe instrukcje instalacji, zdalne wsparcie instalacji i wsparcie in\u017cyniera na miejscu, je\u015bli konieczne.<\/li> <\/ul>    <p class=\"translation-block\"><strong>Trwa\u0142e i bezpieczne<\/strong><\/p>    <ul class=\"wp-block-list\"> <li>Zaprojektowana zgodnie ze wszystkimi normami bezpiecze\u0144stwa i higieny \u017cywno\u015bci, zapewniaj\u0105c efektywne i bezpieczne przemys\u0142owe przetwarzanie mi\u0119sa.<\/li> <\/ul>   <div class=\"wp-block-image\"> <figure class=\"aligncenter size-full\"><img loading=\"lazy\" decoding=\"async\" width=\"720\" height=\"540\" src=\"https:\/\/www.meatprocessingmachine.org\/wp-content\/uploads\/2026\/02\/Meat-Slicing-Machine-2.webp\" alt=\"Maszyna do krojenia mi\u0119sa\" class=\"wp-image-34834\" title=\"\" srcset=\"https:\/\/www.meatprocessingmachine.org\/wp-content\/uploads\/2026\/02\/Meat-Slicing-Machine-2.webp 720w, https:\/\/www.meatprocessingmachine.org\/wp-content\/uploads\/2026\/02\/Meat-Slicing-Machine-2-300x225.webp 300w, https:\/\/www.meatprocessingmachine.org\/wp-content\/uploads\/2026\/02\/Meat-Slicing-Machine-2-16x12.webp 16w\" sizes=\"auto, (max-width: 720px) 100vw, 720px\" \/><figcaption class=\"wp-element-caption\">Maszyna do krojenia mi\u0119sa<\/figcaption><\/figure> <\/div>   <h2 class=\"wp-block-heading\">Rekomendacje powi\u0105zanych produkt\u00f3w<\/h2>    <p class=\"translation-block\">Je\u015bli potrzebujesz<strong><a href=\"https:\/\/www.meatprocessingmachine.org\/pl\/meat-slicing-machine.html\/\"> mniejszego uk\u0142adu do krojenia \u015bwie\u017cego mi\u0119sa<\/a><\/strong>, skontaktuj si\u0119 z nami, aby uzyska\u0107 wi\u0119cej opcji. Oferujemy r\u00f3\u017cne modele, aby sprosta\u0107 r\u00f3\u017cnym potrzebom produkcyjnym.<\/p>   <div class=\"wp-block-image\"> <figure class=\"aligncenter size-full\"><img loading=\"lazy\" decoding=\"async\" width=\"720\" height=\"540\" src=\"https:\/\/www.meatprocessingmachine.org\/wp-content\/uploads\/2026\/02\/Meat-Slicing-Machine.webp\" alt=\"Maszyna do krojenia mi\u0119sa\" class=\"wp-image-34650\" title=\"\" srcset=\"https:\/\/www.meatprocessingmachine.org\/wp-content\/uploads\/2026\/02\/Meat-Slicing-Machine.webp 720w, https:\/\/www.meatprocessingmachine.org\/wp-content\/uploads\/2026\/02\/Meat-Slicing-Machine-300x225.webp 300w, https:\/\/www.meatprocessingmachine.org\/wp-content\/uploads\/2026\/02\/Meat-Slicing-Machine-16x12.webp 16w\" sizes=\"auto, (max-width: 720px) 100vw, 720px\" \/><figcaption class=\"wp-element-caption\">Maszyna do krojenia mi\u0119sa<\/figcaption><\/figure> <\/div>   <p>Wszystkie nasze maszyny obs\u0142uguj\u0105 personalizacj\u0119, w tym napi\u0119cie, typ wtyczki, wymagania materia\u0142owe i inne specyfikacje. Zapraszamy do kontaktu w celu uzyskania profesjonalnych rekomendacji i indywidualnych rozwi\u0105za\u0144.<\/p>    <p><\/p>","protected":false},"excerpt":{"rendered":"<p>The large fresh meat slicer is an industrial-grade food processing machine designed for efficiently slicing fresh meat into uniform thickness.<\/p>","protected":false},"author":1,"featured_media":34835,"parent":0,"template":"","product-type":[582,583,589],"class_list":["post-34827","product","type-product","status-publish","has-post-thumbnail","hentry","product-type-cattle-sheep","product-type-chicken-turkey","product-type-meat-cutting-machine"],"_links":{"self":[{"href":"https:\/\/www.meatprocessingmachine.org\/pl\/wp-json\/wp\/v2\/product\/34827","targetHints":{"allow":["GET"]}}],"collection":[{"href":"https:\/\/www.meatprocessingmachine.org\/pl\/wp-json\/wp\/v2\/product"}],"about":[{"href":"https:\/\/www.meatprocessingmachine.org\/pl\/wp-json\/wp\/v2\/types\/product"}],"author":[{"embeddable":true,"href":"https:\/\/www.meatprocessingmachine.org\/pl\/wp-json\/wp\/v2\/users\/1"}],"wp:featuredmedia":[{"embeddable":true,"href":"https:\/\/www.meatprocessingmachine.org\/pl\/wp-json\/wp\/v2\/media\/34835"}],"wp:attachment":[{"href":"https:\/\/www.meatprocessingmachine.org\/pl\/wp-json\/wp\/v2\/media?parent=34827"}],"wp:term":[{"taxonomy":"product-type","embeddable":true,"href":"https:\/\/www.meatprocessingmachine.org\/pl\/wp-json\/wp\/v2\/product-type?post=34827"}],"curies":[{"name":"wp","href":"https:\/\/api.w.org\/{rel}","templated":true}]}}