{"id":764,"date":"2020-06-22T06:39:37","date_gmt":"2020-06-21T22:39:37","guid":{"rendered":"http:\/\/www.meatprocessingmachine.org\/?p=764"},"modified":"2026-02-12T16:40:44","modified_gmt":"2026-02-12T08:40:44","slug":"vacuum-stuffing-machine","status":"publish","type":"product","link":"https:\/\/www.meatprocessingmachine.org\/pl\/vacuum-stuffing-machine.html","title":{"rendered":"Maszyna do nadziewania pr\u00f3\u017cniowego"},"content":{"rendered":"<div class=\"kk-star-ratings kksr-auto kksr-align-right kksr-valign-top\"     data-payload='{&quot;align&quot;:&quot;right&quot;,&quot;id&quot;:&quot;764&quot;,&quot;slug&quot;:&quot;default&quot;,&quot;valign&quot;:&quot;top&quot;,&quot;ignore&quot;:&quot;&quot;,&quot;reference&quot;:&quot;auto&quot;,&quot;class&quot;:&quot;&quot;,&quot;count&quot;:&quot;0&quot;,&quot;legendonly&quot;:&quot;&quot;,&quot;readonly&quot;:&quot;&quot;,&quot;score&quot;:&quot;0&quot;,&quot;starsonly&quot;:&quot;&quot;,&quot;best&quot;:&quot;5&quot;,&quot;gap&quot;:&quot;5&quot;,&quot;greet&quot;:&quot;Rate this product&quot;,&quot;legend&quot;:&quot;0\\\/5 - (0 votes)&quot;,&quot;size&quot;:&quot;24&quot;,&quot;title&quot;:&quot;Vacuum Stuffing Machine&quot;,&quot;width&quot;:&quot;0&quot;,&quot;_legend&quot;:&quot;{score}\\\/{best} - ({count} {votes})&quot;,&quot;font_factor&quot;:&quot;1.25&quot;}'>              <div class=\"kksr-stars\">      <div class=\"kksr-stars-inactive\">             <div class=\"kksr-star\" data-star=\"1\" style=\"padding-right: 5px\">               <div class=\"kksr-icon\" style=\"width: 24px; height: 24px;\"><\/div>         <\/div>             <div class=\"kksr-star\" data-star=\"2\" style=\"padding-right: 5px\">               <div class=\"kksr-icon\" style=\"width: 24px; height: 24px;\"><\/div>         <\/div>             <div class=\"kksr-star\" data-star=\"3\" style=\"padding-right: 5px\">               <div class=\"kksr-icon\" style=\"width: 24px; height: 24px;\"><\/div>         <\/div>             <div class=\"kksr-star\" data-star=\"4\" style=\"padding-right: 5px\">               <div class=\"kksr-icon\" style=\"width: 24px; height: 24px;\"><\/div>         <\/div>             <div class=\"kksr-star\" data-star=\"5\" style=\"padding-right: 5px\">               <div class=\"kksr-icon\" style=\"width: 24px; height: 24px;\"><\/div>         <\/div>     <\/div>      <div class=\"kksr-stars-active\" style=\"width: 0px;\">             <div class=\"kksr-star\" style=\"padding-right: 5px\">               <div class=\"kksr-icon\" style=\"width: 24px; height: 24px;\"><\/div>         <\/div>             <div class=\"kksr-star\" style=\"padding-right: 5px\">               <div class=\"kksr-icon\" style=\"width: 24px; height: 24px;\"><\/div>         <\/div>             <div class=\"kksr-star\" style=\"padding-right: 5px\">               <div class=\"kksr-icon\" style=\"width: 24px; height: 24px;\"><\/div>         <\/div>             <div class=\"kksr-star\" style=\"padding-right: 5px\">               <div class=\"kksr-icon\" style=\"width: 24px; height: 24px;\"><\/div>         <\/div>             <div class=\"kksr-star\" style=\"padding-right: 5px\">               <div class=\"kksr-icon\" style=\"width: 24px; height: 24px;\"><\/div>         <\/div>     <\/div> <\/div>                   <div class=\"kksr-legend\" style=\"font-size: 19.2px;\">             <span class=\"kksr-muted\">Oce\u0144 ten produkt<\/span>     <\/div>     <\/div>  <p>Maszyna do t\u0142oczenia pr\u00f3\u017cniowego jest niezb\u0119dnym sprz\u0119tem do mieszania, wydajny i \u0142atwy w obs\u0142udze. To pierwszy wyb\u00f3r do wytwarzania surowych i granulowanych produkt\u00f3w jelitowych, proszkowych i pastowanych, a tak\u017ce opcjonalny sprz\u0119t do produkcji pierog\u00f3w i wonton\u00f3w.<\/p>    <figure class=\"wp-block-image size-large\"><img loading=\"lazy\" decoding=\"async\" width=\"750\" height=\"750\" src=\"http:\/\/www.meatprocessingmachine.org\/wp-content\/uploads\/2020\/06\/vacuum-stuffing-machine-1-1.jpg\" alt=\"\" class=\"wp-image-768\" title=\"\" srcset=\"https:\/\/www.meatprocessingmachine.org\/wp-content\/uploads\/2020\/06\/vacuum-stuffing-machine-1-1.jpg 750w, https:\/\/www.meatprocessingmachine.org\/wp-content\/uploads\/2020\/06\/vacuum-stuffing-machine-1-1-300x300.jpg 300w, https:\/\/www.meatprocessingmachine.org\/wp-content\/uploads\/2020\/06\/vacuum-stuffing-machine-1-1-150x150.jpg 150w\" sizes=\"auto, (max-width: 750px) 100vw, 750px\" \/><figcaption><\/figcaption><\/figure>    <h2 class=\"wp-block-heading\" id=\"h-features-of-vacuum-stuffing-machine\">Zalety maszyny do t\u0142oczenia pr\u00f3\u017cniowego<\/h2>    <p>1. Zastosowa\u0107 r\u00f3wnoleg\u0142\u0105 struktur\u0119 dwukierunkow\u0105, aby wszystkie rodzaje materia\u0142\u00f3w by\u0142y mieszane r\u00f3wnomiernie<\/p>    <figure class=\"wp-block-image size-large\"><img loading=\"lazy\" decoding=\"async\" width=\"550\" height=\"366\" src=\"http:\/\/www.meatprocessingmachine.org\/wp-content\/uploads\/2020\/06\/vacuum-stuffing-machine-2.jpg\" alt=\"\" class=\"wp-image-766\" title=\"\" srcset=\"https:\/\/www.meatprocessingmachine.org\/wp-content\/uploads\/2020\/06\/vacuum-stuffing-machine-2.jpg 550w, https:\/\/www.meatprocessingmachine.org\/wp-content\/uploads\/2020\/06\/vacuum-stuffing-machine-2-300x200.jpg 300w\" sizes=\"auto, (max-width: 550px) 100vw, 550px\" \/><figcaption><\/figcaption><\/figure>    <h2 class=\"wp-block-heading\" id=\"h-advantages-of-vacuum-stuffing-machine\">Parametry techniczne maszyny do t\u0142oczenia pr\u00f3\u017cniowego<\/h2>    <p>3. Wszystkie urz\u0105dzenia uszczelniaj\u0105ce pr\u00f3\u017cni stosuj\u0105 wysokiej jako\u015bci uszczelki zgodne ze standardami zdrowotnymi.<\/p>    <p>4. W stanie pr\u00f3\u017cni, nape\u0142nienie jest r\u00f3wnomiernie mieszane, w pe\u0142ni rozci\u0105gni\u0119te, z dobr\u0105 elastyczno\u015bci\u0105 i jasnym kolorem.<\/p>    <p>5. Uszczelnienie pokrywy g\u00f3rnej i drzwi wylotowych wykonane jest z wysokiej jako\u015bci ta\u015bmy silikowej, \u0142atwe w obs\u0142udze, niezawodne i trwa\u0142e.<\/p>    <p>6. Maszyna adoptuje wysokiej jako\u015bci stal nierdzewn\u0105, \u0142atwa w czyszczeniu i estetyczna. Zgodny z narodowymi standardami zdrowotnymi.<\/p>    <p>Nr.<\/p>    <p>Pojemno\u015b\u0107\/kg<\/p>    <figure class=\"wp-block-image size-large\"><img loading=\"lazy\" decoding=\"async\" width=\"550\" height=\"366\" src=\"http:\/\/www.meatprocessingmachine.org\/wp-content\/uploads\/2020\/06\/vacuum-stuffing-machine3.jpg\" alt=\"\" class=\"wp-image-765\" title=\"\" srcset=\"https:\/\/www.meatprocessingmachine.org\/wp-content\/uploads\/2020\/06\/vacuum-stuffing-machine3.jpg 550w, https:\/\/www.meatprocessingmachine.org\/wp-content\/uploads\/2020\/06\/vacuum-stuffing-machine3-300x200.jpg 300w\" sizes=\"auto, (max-width: 550px) 100vw, 550px\" \/><figcaption><\/figcaption><\/figure>    <h2 class=\"wp-block-heading\" id=\"h-technical-parameter-of-vacuum-stuffing-machine\">Instalacja i uruchomienie maszyny do t\u0142oczenia pr\u00f3\u017cniowego<\/h2>    <figure class=\"wp-block-table\"><table><tbody><tr><td>Rozmiar\/mm<\/td><td>Moc\/kw<\/td><td>SL-50<\/td><td>SL-100<\/td><td>SL-150<\/td><\/tr><tr><td>SL-200<\/td><td>50<\/td><td>100<\/td><td>820*380*760<\/td><td>1.1<\/td><\/tr><tr><td>SL-300<\/td><td>100<\/td><td>200<\/td><td>1300*510*910<\/td><td>1.5<\/td><\/tr><tr><td>1. Umie\u015b\u0107 maszyn\u0119 w pozycji roboczej p\u0142ynnie.<\/td><td>150<\/td><td>260<\/td><td>1470*520*910<\/td><td>1.75<\/td><\/tr><tr><td>2. Sprawd\u017a, czy \u017cadne obce cia\u0142o nie znajduje si\u0119 w lejku i oczy\u015b\u0107 je w razie potrzeby.<\/td><td>200<\/td><td>300<\/td><td>1550*690*1140<\/td><td>2.2<\/td><\/tr><tr><td>3. W\u0142\u0105cz zasilanie. Je\u015bli lampka zasilania \u015bwieci, instalacja jest poprawna.<\/td><td>300<\/td><td>350<\/td><td>1630*730*1250<\/td><td>3<\/td><\/tr><\/tbody><\/table><\/figure>    <h2 class=\"wp-block-heading\" id=\"h-installation-and-debugging-of-vacuum-stuffing-machine\">Materia\u0142 poddawany jest pr\u00f3\u017cni przez urz\u0105dzenie pr\u00f3\u017cniowe. Logistyka jest w pe\u0142ni rozci\u0105gni\u0119ta, bez p\u0119cherzyk\u00f3w, dobrej elastyczno\u015bci i jasnego koloru. Maksymalna ekstrakcja bia\u0142ka to idealne urz\u0105dzenie do poprawy jako\u015bci produktu.<\/h2>    <p>4. Naci\u015bnij przycisk mieszania, aby sprawdzi\u0107, czy kierunek obrotu mieszad\u0142a jest prawid\u0142owy.<\/p>    <p>5. Sprawd\u017a, czy mechanizm nap\u0119dowy mieszalnika wype\u0142niania dzia\u0142a prawid\u0142owo i czy nie ma wyra\u017anego wstrz\u0105su oraz nieprawid\u0142owych d\u017awi\u0119k\u00f3w<\/p>    <p>Rozprzestrzeniaj mi\u0142o\u015b\u0107<\/p>    <p>Shuliy<\/p>    <p>Zhengzhou Taizy Machinery Co., Ltd g\u0142\u00f3wnie zajmuje si\u0119 maszynami do przetwarzania mi\u0119sa.<\/p>","protected":false},"excerpt":{"rendered":"<p>A vacuum stuffing machine is necessary equipment for mixing, high efficient and easy to operate. It is the first choice for making air-dried intestinal products, granular and muddy mixed intestinal products, and pellet products, as well as the optional equipment for producing dumplings and wontons. Features of vacuum stuffing machine The material is placed under [&hellip;]<\/p>\n","protected":false},"author":1,"featured_media":763,"parent":0,"template":"","product-type":[598],"class_list":["post-764","product","type-product","status-publish","has-post-thumbnail","hentry","product-type-supporting-auxiliary-equipment"],"_links":{"self":[{"href":"https:\/\/www.meatprocessingmachine.org\/pl\/wp-json\/wp\/v2\/product\/764","targetHints":{"allow":["GET"]}}],"collection":[{"href":"https:\/\/www.meatprocessingmachine.org\/pl\/wp-json\/wp\/v2\/product"}],"about":[{"href":"https:\/\/www.meatprocessingmachine.org\/pl\/wp-json\/wp\/v2\/types\/product"}],"author":[{"embeddable":true,"href":"https:\/\/www.meatprocessingmachine.org\/pl\/wp-json\/wp\/v2\/users\/1"}],"wp:featuredmedia":[{"embeddable":true,"href":"https:\/\/www.meatprocessingmachine.org\/pl\/wp-json\/wp\/v2\/media\/763"}],"wp:attachment":[{"href":"https:\/\/www.meatprocessingmachine.org\/pl\/wp-json\/wp\/v2\/media?parent=764"}],"wp:term":[{"taxonomy":"product-type","embeddable":true,"href":"https:\/\/www.meatprocessingmachine.org\/pl\/wp-json\/wp\/v2\/product-type?post=764"}],"curies":[{"name":"wp","href":"https:\/\/api.w.org\/{rel}","templated":true}]}}